











{"id":114426,"date":"2026-02-05T13:52:10","date_gmt":"2026-02-05T13:52:10","guid":{"rendered":"https:\/\/ses-creative.com\/?post_type=product&#038;p=114426"},"modified":"2026-02-06T09:51:15","modified_gmt":"2026-02-06T09:51:15","slug":"strickpuppe-und-wolle","status":"publish","type":"product","link":"https:\/\/ses-creative.com\/de\/produkt\/strickpuppe-und-wolle\/","title":{"rendered":"Strickpuppe und Wolle"},"content":{"rendered":"<p>Mit dem Strickpuppe Set von SES Creative lernen Kinder ab 5 Jahren auf kreative Weise das Stricken. Enthalten sind eine robuste Holz-Strickpuppe, ein praktischer Strickhaken und verschiedene bunte Wollf\u00e4den. Dank der beiliegenden Schritt-f\u00fcr-Schritt-Anleitung gestalten Kinder eigene Strickarbeiten \u2013 von bunten Schl\u00e4uchen bis zu Dekoideen oder Figuren. Das Set f\u00f6rdert Geduld, Fingerfertigkeit und Konzentration, macht Spa\u00df und st\u00e4rkt das Selbstvertrauen beim Basteln. Alle Materialien sind hochwertig verarbeitet, kinderfreundlich und langlebig. Ein traditionelles DIY-Spielzeug f\u00fcr zuhause, das nachhaltige Kreativit\u00e4t f\u00f6rdert und motorische F\u00e4higkeiten schult. Eine sch\u00f6ne Geschenkidee f\u00fcr kreative Kinder ab 5 Jahren \u2013 f\u00fcr ruhige Bastelstunden und fantasievolle Ergebnisse<\/p>\n","protected":false},"excerpt":{"rendered":"<p>Mit dem Strickpuppe Set von SES Creative lernen Kinder ab 5 Jahren auf kreative Weise das Stricken. Enthalten sind eine robuste Holz-Strickpuppe, ein praktischer Strickhaken und verschiedene bunte Wollf\u00e4den. Dank der beiliegenden Schritt-f\u00fcr-Schritt-Anleitung gestalten Kinder eigene Strickarbeiten \u2013 von bunten Schl\u00e4uchen bis zu Dekoideen oder Figuren. Das Set f\u00f6rdert Geduld, Fingerfertigkeit und Konzentration, macht Spa\u00df [&hellip;]<\/p>\n","protected":false},"featured_media":98088,"comment_status":"closed","ping_status":"closed","template":"","meta":{"_acf_changed":false},"product_brand":[],"product_cat":[115],"product_tag":[],"class_list":{"0":"post-114426","1":"product","2":"type-product","3":"status-publish","4":"has-post-thumbnail","6":"product_cat-basteln","7":"pa_leeftijd-filter-4-6-jahre","8":"pa_meest-populair-bij-jungen-maedchen","10":"first","11":"instock","12":"shipping-taxable","13":"product-type-simple"},"acf":[],"yoast_head":"<!-- This site is optimized with the Yoast SEO plugin v27.2 - https:\/\/yoast.com\/product\/yoast-seo-wordpress\/ -->\n<title>Strickpuppe und Wolle - SES Creative<\/title>\n<meta name=\"robots\" content=\"index, follow, max-snippet:-1, max-image-preview:large, max-video-preview:-1\" \/>\n<link rel=\"canonical\" href=\"https:\/\/ses-creative.com\/de\/produkt\/strickpuppe-und-wolle\/\" \/>\n<meta property=\"og:locale\" content=\"de_DE\" \/>\n<meta property=\"og:type\" content=\"article\" \/>\n<meta property=\"og:title\" content=\"Strickpuppe und Wolle - SES Creative\" \/>\n<meta property=\"og:description\" content=\"Mit dem Strickpuppe Set von SES Creative lernen Kinder ab 5 Jahren auf kreative Weise das Stricken. Enthalten sind eine robuste Holz-Strickpuppe, ein praktischer Strickhaken und verschiedene bunte Wollf\u00e4den. Dank der beiliegenden Schritt-f\u00fcr-Schritt-Anleitung gestalten Kinder eigene Strickarbeiten \u2013 von bunten Schl\u00e4uchen bis zu Dekoideen oder Figuren. Das Set f\u00f6rdert Geduld, Fingerfertigkeit und Konzentration, macht Spa\u00df [&hellip;]\" \/>\n<meta property=\"og:url\" content=\"https:\/\/ses-creative.com\/de\/produkt\/strickpuppe-und-wolle\/\" \/>\n<meta property=\"og:site_name\" content=\"SES Creative\" \/>\n<meta property=\"article:modified_time\" content=\"2026-02-06T09:51:15+00:00\" \/>\n<meta name=\"twitter:card\" content=\"summary_large_image\" \/>\n<meta name=\"twitter:label1\" content=\"Gesch\u00e4tzte Lesezeit\" \/>\n\t<meta name=\"twitter:data1\" content=\"1\u00a0Minute\" \/>\n<script type=\"application\/ld+json\" class=\"yoast-schema-graph\">{\"@context\":\"https:\/\/schema.org\",\"@graph\":[{\"@type\":\"WebPage\",\"@id\":\"https:\/\/ses-creative.com\/de\/produkt\/strickpuppe-und-wolle\/\",\"url\":\"https:\/\/ses-creative.com\/de\/produkt\/strickpuppe-und-wolle\/\",\"name\":\"Strickpuppe und Wolle - SES Creative\",\"isPartOf\":{\"@id\":\"https:\/\/ses-creative.com\/#website\"},\"primaryImageOfPage\":{\"@id\":\"https:\/\/ses-creative.com\/de\/produkt\/strickpuppe-und-wolle\/#primaryimage\"},\"image\":{\"@id\":\"https:\/\/ses-creative.com\/de\/produkt\/strickpuppe-und-wolle\/#primaryimage\"},\"thumbnailUrl\":\"https:\/\/ses-creative.com\/wp-content\/uploads\/2026\/01\/008621.jpg\",\"datePublished\":\"2026-02-05T13:52:10+00:00\",\"dateModified\":\"2026-02-06T09:51:15+00:00\",\"breadcrumb\":{\"@id\":\"https:\/\/ses-creative.com\/de\/produkt\/strickpuppe-und-wolle\/#breadcrumb\"},\"inLanguage\":\"de\",\"potentialAction\":[{\"@type\":\"ReadAction\",\"target\":[\"https:\/\/ses-creative.com\/de\/produkt\/strickpuppe-und-wolle\/\"]}]},{\"@type\":\"ImageObject\",\"inLanguage\":\"de\",\"@id\":\"https:\/\/ses-creative.com\/de\/produkt\/strickpuppe-und-wolle\/#primaryimage\",\"url\":\"https:\/\/ses-creative.com\/wp-content\/uploads\/2026\/01\/008621.jpg\",\"contentUrl\":\"https:\/\/ses-creative.com\/wp-content\/uploads\/2026\/01\/008621.jpg\",\"width\":1000,\"height\":1000},{\"@type\":\"BreadcrumbList\",\"@id\":\"https:\/\/ses-creative.com\/de\/produkt\/strickpuppe-und-wolle\/#breadcrumb\",\"itemListElement\":[{\"@type\":\"ListItem\",\"position\":1,\"name\":\"Shop\",\"item\":\"https:\/\/ses-creative.com\/de\/shop\/\"},{\"@type\":\"ListItem\",\"position\":2,\"name\":\"Basteln\",\"item\":\"https:\/\/ses-creative.com\/de\/product-categorie\/basteln\/\"},{\"@type\":\"ListItem\",\"position\":3,\"name\":\"Strickpuppe und Wolle\"}]},{\"@type\":\"WebSite\",\"@id\":\"https:\/\/ses-creative.com\/#website\",\"url\":\"https:\/\/ses-creative.com\/\",\"name\":\"SES Creative\",\"description\":\"\",\"publisher\":{\"@id\":\"https:\/\/ses-creative.com\/#organization\"},\"potentialAction\":[{\"@type\":\"SearchAction\",\"target\":{\"@type\":\"EntryPoint\",\"urlTemplate\":\"https:\/\/ses-creative.com\/?s={search_term_string}\"},\"query-input\":{\"@type\":\"PropertyValueSpecification\",\"valueRequired\":true,\"valueName\":\"search_term_string\"}}],\"inLanguage\":\"de\"},{\"@type\":\"Organization\",\"@id\":\"https:\/\/ses-creative.com\/#organization\",\"name\":\"SES Creative\",\"url\":\"https:\/\/ses-creative.com\/\",\"logo\":{\"@type\":\"ImageObject\",\"inLanguage\":\"de\",\"@id\":\"https:\/\/ses-creative.com\/#\/schema\/logo\/image\/\",\"url\":\"https:\/\/ses-creative.com\/wp-content\/uploads\/2025\/10\/ses-creative-logo.jpg\",\"contentUrl\":\"https:\/\/ses-creative.com\/wp-content\/uploads\/2025\/10\/ses-creative-logo.jpg\",\"width\":2037,\"height\":2037,\"caption\":\"SES Creative\"},\"image\":{\"@id\":\"https:\/\/ses-creative.com\/#\/schema\/logo\/image\/\"}}]}<\/script>\n<!-- \/ Yoast SEO plugin. -->","yoast_head_json":{"title":"Strickpuppe und Wolle - SES Creative","robots":{"index":"index","follow":"follow","max-snippet":"max-snippet:-1","max-image-preview":"max-image-preview:large","max-video-preview":"max-video-preview:-1"},"canonical":"https:\/\/ses-creative.com\/de\/produkt\/strickpuppe-und-wolle\/","og_locale":"de_DE","og_type":"article","og_title":"Strickpuppe und Wolle - SES Creative","og_description":"Mit dem Strickpuppe Set von SES Creative lernen Kinder ab 5 Jahren auf kreative Weise das Stricken. Enthalten sind eine robuste Holz-Strickpuppe, ein praktischer Strickhaken und verschiedene bunte Wollf\u00e4den. Dank der beiliegenden Schritt-f\u00fcr-Schritt-Anleitung gestalten Kinder eigene Strickarbeiten \u2013 von bunten Schl\u00e4uchen bis zu Dekoideen oder Figuren. Das Set f\u00f6rdert Geduld, Fingerfertigkeit und Konzentration, macht Spa\u00df [&hellip;]","og_url":"https:\/\/ses-creative.com\/de\/produkt\/strickpuppe-und-wolle\/","og_site_name":"SES Creative","article_modified_time":"2026-02-06T09:51:15+00:00","twitter_card":"summary_large_image","twitter_misc":{"Gesch\u00e4tzte Lesezeit":"1\u00a0Minute"},"schema":{"@context":"https:\/\/schema.org","@graph":[{"@type":"WebPage","@id":"https:\/\/ses-creative.com\/de\/produkt\/strickpuppe-und-wolle\/","url":"https:\/\/ses-creative.com\/de\/produkt\/strickpuppe-und-wolle\/","name":"Strickpuppe und Wolle - SES Creative","isPartOf":{"@id":"https:\/\/ses-creative.com\/#website"},"primaryImageOfPage":{"@id":"https:\/\/ses-creative.com\/de\/produkt\/strickpuppe-und-wolle\/#primaryimage"},"image":{"@id":"https:\/\/ses-creative.com\/de\/produkt\/strickpuppe-und-wolle\/#primaryimage"},"thumbnailUrl":"https:\/\/ses-creative.com\/wp-content\/uploads\/2026\/01\/008621.jpg","datePublished":"2026-02-05T13:52:10+00:00","dateModified":"2026-02-06T09:51:15+00:00","breadcrumb":{"@id":"https:\/\/ses-creative.com\/de\/produkt\/strickpuppe-und-wolle\/#breadcrumb"},"inLanguage":"de","potentialAction":[{"@type":"ReadAction","target":["https:\/\/ses-creative.com\/de\/produkt\/strickpuppe-und-wolle\/"]}]},{"@type":"ImageObject","inLanguage":"de","@id":"https:\/\/ses-creative.com\/de\/produkt\/strickpuppe-und-wolle\/#primaryimage","url":"https:\/\/ses-creative.com\/wp-content\/uploads\/2026\/01\/008621.jpg","contentUrl":"https:\/\/ses-creative.com\/wp-content\/uploads\/2026\/01\/008621.jpg","width":1000,"height":1000},{"@type":"BreadcrumbList","@id":"https:\/\/ses-creative.com\/de\/produkt\/strickpuppe-und-wolle\/#breadcrumb","itemListElement":[{"@type":"ListItem","position":1,"name":"Shop","item":"https:\/\/ses-creative.com\/de\/shop\/"},{"@type":"ListItem","position":2,"name":"Basteln","item":"https:\/\/ses-creative.com\/de\/product-categorie\/basteln\/"},{"@type":"ListItem","position":3,"name":"Strickpuppe und Wolle"}]},{"@type":"WebSite","@id":"https:\/\/ses-creative.com\/#website","url":"https:\/\/ses-creative.com\/","name":"SES Creative","description":"","publisher":{"@id":"https:\/\/ses-creative.com\/#organization"},"potentialAction":[{"@type":"SearchAction","target":{"@type":"EntryPoint","urlTemplate":"https:\/\/ses-creative.com\/?s={search_term_string}"},"query-input":{"@type":"PropertyValueSpecification","valueRequired":true,"valueName":"search_term_string"}}],"inLanguage":"de"},{"@type":"Organization","@id":"https:\/\/ses-creative.com\/#organization","name":"SES Creative","url":"https:\/\/ses-creative.com\/","logo":{"@type":"ImageObject","inLanguage":"de","@id":"https:\/\/ses-creative.com\/#\/schema\/logo\/image\/","url":"https:\/\/ses-creative.com\/wp-content\/uploads\/2025\/10\/ses-creative-logo.jpg","contentUrl":"https:\/\/ses-creative.com\/wp-content\/uploads\/2025\/10\/ses-creative-logo.jpg","width":2037,"height":2037,"caption":"SES Creative"},"image":{"@id":"https:\/\/ses-creative.com\/#\/schema\/logo\/image\/"}}]}},"_links":{"self":[{"href":"https:\/\/ses-creative.com\/de\/wp-json\/wp\/v2\/product\/114426","targetHints":{"allow":["GET"]}}],"collection":[{"href":"https:\/\/ses-creative.com\/de\/wp-json\/wp\/v2\/product"}],"about":[{"href":"https:\/\/ses-creative.com\/de\/wp-json\/wp\/v2\/types\/product"}],"replies":[{"embeddable":true,"href":"https:\/\/ses-creative.com\/de\/wp-json\/wp\/v2\/comments?post=114426"}],"wp:featuredmedia":[{"embeddable":true,"href":"https:\/\/ses-creative.com\/de\/wp-json\/wp\/v2\/media\/98088"}],"wp:attachment":[{"href":"https:\/\/ses-creative.com\/de\/wp-json\/wp\/v2\/media?parent=114426"}],"wp:term":[{"taxonomy":"product_brand","embeddable":true,"href":"https:\/\/ses-creative.com\/de\/wp-json\/wp\/v2\/product_brand?post=114426"},{"taxonomy":"product_cat","embeddable":true,"href":"https:\/\/ses-creative.com\/de\/wp-json\/wp\/v2\/product_cat?post=114426"},{"taxonomy":"product_tag","embeddable":true,"href":"https:\/\/ses-creative.com\/de\/wp-json\/wp\/v2\/product_tag?post=114426"}],"curies":[{"name":"wp","href":"https:\/\/api.w.org\/{rel}","templated":true}]}}