











{"id":114424,"date":"2026-02-05T13:52:09","date_gmt":"2026-02-05T13:52:09","guid":{"rendered":"https:\/\/ses-creative.com\/?post_type=product&#038;p=114424"},"modified":"2026-02-06T09:51:15","modified_gmt":"2026-02-06T09:51:15","slug":"zickzack-schere","status":"publish","type":"product","link":"https:\/\/ses-creative.com\/de\/produkt\/zickzack-schere\/","title":{"rendered":"Zickzack-Schere"},"content":{"rendered":"<p>Das Set von SES Creative enth\u00e4lt f\u00fcnf Kinderscheren mit verschiedenen Schnittmustern. Die Zickzack-Scheren sind f\u00fcr Kinder ab 3 Jahren geeignet und f\u00f6rdern die Selbstst\u00e4ndigkeit bei kreativen Bastelarbeiten. Ideal f\u00fcr Scrapbooking, Kartengestaltung oder Collagen. Jede Schere ist aus rostfreiem Edelstahl gefertigt und auf kleine H\u00e4nde abgestimmt \u2013 ein kreatives Schneidewerkzeug f\u00fcr vielf\u00e4ltige Bastelideen.<\/p>\n","protected":false},"excerpt":{"rendered":"<p>Das Set von SES Creative enth\u00e4lt f\u00fcnf Kinderscheren mit verschiedenen Schnittmustern. Die Zickzack-Scheren sind f\u00fcr Kinder ab 3 Jahren geeignet und f\u00f6rdern die Selbstst\u00e4ndigkeit bei kreativen Bastelarbeiten. Ideal f\u00fcr Scrapbooking, Kartengestaltung oder Collagen. Jede Schere ist aus rostfreiem Edelstahl gefertigt und auf kleine H\u00e4nde abgestimmt \u2013 ein kreatives Schneidewerkzeug f\u00fcr vielf\u00e4ltige Bastelideen.<\/p>\n","protected":false},"featured_media":98048,"comment_status":"closed","ping_status":"closed","template":"","meta":{"_acf_changed":false},"product_brand":[],"product_cat":[115],"product_tag":[],"class_list":{"0":"post-114424","1":"product","2":"type-product","3":"status-publish","4":"has-post-thumbnail","6":"product_cat-basteln","7":"pa_leeftijd-filter-3-4-jahre","8":"pa_meest-populair-bij-jungen-maedchen","10":"first","11":"instock","12":"shipping-taxable","13":"product-type-simple"},"acf":[],"yoast_head":"<!-- This site is optimized with the Yoast SEO plugin v27.2 - https:\/\/yoast.com\/product\/yoast-seo-wordpress\/ -->\n<title>Zickzack-Schere - SES Creative<\/title>\n<meta name=\"robots\" content=\"index, follow, max-snippet:-1, max-image-preview:large, max-video-preview:-1\" \/>\n<link rel=\"canonical\" href=\"https:\/\/ses-creative.com\/de\/produkt\/zickzack-schere\/\" \/>\n<meta property=\"og:locale\" content=\"de_DE\" \/>\n<meta property=\"og:type\" content=\"article\" \/>\n<meta property=\"og:title\" content=\"Zickzack-Schere - SES Creative\" \/>\n<meta property=\"og:description\" content=\"Das Set von SES Creative enth\u00e4lt f\u00fcnf Kinderscheren mit verschiedenen Schnittmustern. Die Zickzack-Scheren sind f\u00fcr Kinder ab 3 Jahren geeignet und f\u00f6rdern die Selbstst\u00e4ndigkeit bei kreativen Bastelarbeiten. Ideal f\u00fcr Scrapbooking, Kartengestaltung oder Collagen. Jede Schere ist aus rostfreiem Edelstahl gefertigt und auf kleine H\u00e4nde abgestimmt \u2013 ein kreatives Schneidewerkzeug f\u00fcr vielf\u00e4ltige Bastelideen.\" \/>\n<meta property=\"og:url\" content=\"https:\/\/ses-creative.com\/de\/produkt\/zickzack-schere\/\" \/>\n<meta property=\"og:site_name\" content=\"SES Creative\" \/>\n<meta property=\"article:modified_time\" content=\"2026-02-06T09:51:15+00:00\" \/>\n<meta name=\"twitter:card\" content=\"summary_large_image\" \/>\n<script type=\"application\/ld+json\" class=\"yoast-schema-graph\">{\"@context\":\"https:\/\/schema.org\",\"@graph\":[{\"@type\":\"WebPage\",\"@id\":\"https:\/\/ses-creative.com\/de\/produkt\/zickzack-schere\/\",\"url\":\"https:\/\/ses-creative.com\/de\/produkt\/zickzack-schere\/\",\"name\":\"Zickzack-Schere - SES Creative\",\"isPartOf\":{\"@id\":\"https:\/\/ses-creative.com\/#website\"},\"primaryImageOfPage\":{\"@id\":\"https:\/\/ses-creative.com\/de\/produkt\/zickzack-schere\/#primaryimage\"},\"image\":{\"@id\":\"https:\/\/ses-creative.com\/de\/produkt\/zickzack-schere\/#primaryimage\"},\"thumbnailUrl\":\"https:\/\/ses-creative.com\/wp-content\/uploads\/2026\/01\/008391.jpg\",\"datePublished\":\"2026-02-05T13:52:09+00:00\",\"dateModified\":\"2026-02-06T09:51:15+00:00\",\"breadcrumb\":{\"@id\":\"https:\/\/ses-creative.com\/de\/produkt\/zickzack-schere\/#breadcrumb\"},\"inLanguage\":\"de\",\"potentialAction\":[{\"@type\":\"ReadAction\",\"target\":[\"https:\/\/ses-creative.com\/de\/produkt\/zickzack-schere\/\"]}]},{\"@type\":\"ImageObject\",\"inLanguage\":\"de\",\"@id\":\"https:\/\/ses-creative.com\/de\/produkt\/zickzack-schere\/#primaryimage\",\"url\":\"https:\/\/ses-creative.com\/wp-content\/uploads\/2026\/01\/008391.jpg\",\"contentUrl\":\"https:\/\/ses-creative.com\/wp-content\/uploads\/2026\/01\/008391.jpg\",\"width\":1000,\"height\":1000},{\"@type\":\"BreadcrumbList\",\"@id\":\"https:\/\/ses-creative.com\/de\/produkt\/zickzack-schere\/#breadcrumb\",\"itemListElement\":[{\"@type\":\"ListItem\",\"position\":1,\"name\":\"Shop\",\"item\":\"https:\/\/ses-creative.com\/de\/shop\/\"},{\"@type\":\"ListItem\",\"position\":2,\"name\":\"Basteln\",\"item\":\"https:\/\/ses-creative.com\/de\/product-categorie\/basteln\/\"},{\"@type\":\"ListItem\",\"position\":3,\"name\":\"Zickzack-Schere\"}]},{\"@type\":\"WebSite\",\"@id\":\"https:\/\/ses-creative.com\/#website\",\"url\":\"https:\/\/ses-creative.com\/\",\"name\":\"SES Creative\",\"description\":\"\",\"publisher\":{\"@id\":\"https:\/\/ses-creative.com\/#organization\"},\"potentialAction\":[{\"@type\":\"SearchAction\",\"target\":{\"@type\":\"EntryPoint\",\"urlTemplate\":\"https:\/\/ses-creative.com\/?s={search_term_string}\"},\"query-input\":{\"@type\":\"PropertyValueSpecification\",\"valueRequired\":true,\"valueName\":\"search_term_string\"}}],\"inLanguage\":\"de\"},{\"@type\":\"Organization\",\"@id\":\"https:\/\/ses-creative.com\/#organization\",\"name\":\"SES Creative\",\"url\":\"https:\/\/ses-creative.com\/\",\"logo\":{\"@type\":\"ImageObject\",\"inLanguage\":\"de\",\"@id\":\"https:\/\/ses-creative.com\/#\/schema\/logo\/image\/\",\"url\":\"https:\/\/ses-creative.com\/wp-content\/uploads\/2025\/10\/ses-creative-logo.jpg\",\"contentUrl\":\"https:\/\/ses-creative.com\/wp-content\/uploads\/2025\/10\/ses-creative-logo.jpg\",\"width\":2037,\"height\":2037,\"caption\":\"SES Creative\"},\"image\":{\"@id\":\"https:\/\/ses-creative.com\/#\/schema\/logo\/image\/\"}}]}<\/script>\n<!-- \/ Yoast SEO plugin. -->","yoast_head_json":{"title":"Zickzack-Schere - SES Creative","robots":{"index":"index","follow":"follow","max-snippet":"max-snippet:-1","max-image-preview":"max-image-preview:large","max-video-preview":"max-video-preview:-1"},"canonical":"https:\/\/ses-creative.com\/de\/produkt\/zickzack-schere\/","og_locale":"de_DE","og_type":"article","og_title":"Zickzack-Schere - SES Creative","og_description":"Das Set von SES Creative enth\u00e4lt f\u00fcnf Kinderscheren mit verschiedenen Schnittmustern. Die Zickzack-Scheren sind f\u00fcr Kinder ab 3 Jahren geeignet und f\u00f6rdern die Selbstst\u00e4ndigkeit bei kreativen Bastelarbeiten. Ideal f\u00fcr Scrapbooking, Kartengestaltung oder Collagen. Jede Schere ist aus rostfreiem Edelstahl gefertigt und auf kleine H\u00e4nde abgestimmt \u2013 ein kreatives Schneidewerkzeug f\u00fcr vielf\u00e4ltige Bastelideen.","og_url":"https:\/\/ses-creative.com\/de\/produkt\/zickzack-schere\/","og_site_name":"SES Creative","article_modified_time":"2026-02-06T09:51:15+00:00","twitter_card":"summary_large_image","schema":{"@context":"https:\/\/schema.org","@graph":[{"@type":"WebPage","@id":"https:\/\/ses-creative.com\/de\/produkt\/zickzack-schere\/","url":"https:\/\/ses-creative.com\/de\/produkt\/zickzack-schere\/","name":"Zickzack-Schere - SES Creative","isPartOf":{"@id":"https:\/\/ses-creative.com\/#website"},"primaryImageOfPage":{"@id":"https:\/\/ses-creative.com\/de\/produkt\/zickzack-schere\/#primaryimage"},"image":{"@id":"https:\/\/ses-creative.com\/de\/produkt\/zickzack-schere\/#primaryimage"},"thumbnailUrl":"https:\/\/ses-creative.com\/wp-content\/uploads\/2026\/01\/008391.jpg","datePublished":"2026-02-05T13:52:09+00:00","dateModified":"2026-02-06T09:51:15+00:00","breadcrumb":{"@id":"https:\/\/ses-creative.com\/de\/produkt\/zickzack-schere\/#breadcrumb"},"inLanguage":"de","potentialAction":[{"@type":"ReadAction","target":["https:\/\/ses-creative.com\/de\/produkt\/zickzack-schere\/"]}]},{"@type":"ImageObject","inLanguage":"de","@id":"https:\/\/ses-creative.com\/de\/produkt\/zickzack-schere\/#primaryimage","url":"https:\/\/ses-creative.com\/wp-content\/uploads\/2026\/01\/008391.jpg","contentUrl":"https:\/\/ses-creative.com\/wp-content\/uploads\/2026\/01\/008391.jpg","width":1000,"height":1000},{"@type":"BreadcrumbList","@id":"https:\/\/ses-creative.com\/de\/produkt\/zickzack-schere\/#breadcrumb","itemListElement":[{"@type":"ListItem","position":1,"name":"Shop","item":"https:\/\/ses-creative.com\/de\/shop\/"},{"@type":"ListItem","position":2,"name":"Basteln","item":"https:\/\/ses-creative.com\/de\/product-categorie\/basteln\/"},{"@type":"ListItem","position":3,"name":"Zickzack-Schere"}]},{"@type":"WebSite","@id":"https:\/\/ses-creative.com\/#website","url":"https:\/\/ses-creative.com\/","name":"SES Creative","description":"","publisher":{"@id":"https:\/\/ses-creative.com\/#organization"},"potentialAction":[{"@type":"SearchAction","target":{"@type":"EntryPoint","urlTemplate":"https:\/\/ses-creative.com\/?s={search_term_string}"},"query-input":{"@type":"PropertyValueSpecification","valueRequired":true,"valueName":"search_term_string"}}],"inLanguage":"de"},{"@type":"Organization","@id":"https:\/\/ses-creative.com\/#organization","name":"SES Creative","url":"https:\/\/ses-creative.com\/","logo":{"@type":"ImageObject","inLanguage":"de","@id":"https:\/\/ses-creative.com\/#\/schema\/logo\/image\/","url":"https:\/\/ses-creative.com\/wp-content\/uploads\/2025\/10\/ses-creative-logo.jpg","contentUrl":"https:\/\/ses-creative.com\/wp-content\/uploads\/2025\/10\/ses-creative-logo.jpg","width":2037,"height":2037,"caption":"SES Creative"},"image":{"@id":"https:\/\/ses-creative.com\/#\/schema\/logo\/image\/"}}]}},"_links":{"self":[{"href":"https:\/\/ses-creative.com\/de\/wp-json\/wp\/v2\/product\/114424","targetHints":{"allow":["GET"]}}],"collection":[{"href":"https:\/\/ses-creative.com\/de\/wp-json\/wp\/v2\/product"}],"about":[{"href":"https:\/\/ses-creative.com\/de\/wp-json\/wp\/v2\/types\/product"}],"replies":[{"embeddable":true,"href":"https:\/\/ses-creative.com\/de\/wp-json\/wp\/v2\/comments?post=114424"}],"wp:featuredmedia":[{"embeddable":true,"href":"https:\/\/ses-creative.com\/de\/wp-json\/wp\/v2\/media\/98048"}],"wp:attachment":[{"href":"https:\/\/ses-creative.com\/de\/wp-json\/wp\/v2\/media?parent=114424"}],"wp:term":[{"taxonomy":"product_brand","embeddable":true,"href":"https:\/\/ses-creative.com\/de\/wp-json\/wp\/v2\/product_brand?post=114424"},{"taxonomy":"product_cat","embeddable":true,"href":"https:\/\/ses-creative.com\/de\/wp-json\/wp\/v2\/product_cat?post=114424"},{"taxonomy":"product_tag","embeddable":true,"href":"https:\/\/ses-creative.com\/de\/wp-json\/wp\/v2\/product_tag?post=114424"}],"curies":[{"name":"wp","href":"https:\/\/api.w.org\/{rel}","templated":true}]}}