











{"id":114423,"date":"2026-02-05T13:52:09","date_gmt":"2026-02-05T13:52:09","guid":{"rendered":"https:\/\/ses-creative.com\/?post_type=product&#038;p=114423"},"modified":"2026-02-06T09:51:15","modified_gmt":"2026-02-06T09:51:15","slug":"bastelschere-rechtshaender","status":"publish","type":"product","link":"https:\/\/ses-creative.com\/de\/produkt\/bastelschere-rechtshaender\/","title":{"rendered":"Bastelschere &#8211; Rechtsh\u00e4nder"},"content":{"rendered":"<p>Perfekte Schere f\u00fcr rechtsh\u00e4ndige Kinder<br \/>\nDiese Kinderschere wurde speziell f\u00fcr rechtsh\u00e4ndige Kinder entwickelt. Mit dieser Schere k\u00f6nnen Kinder sicher und einfach schneiden, ohne Probleme. Dank des ergonomischen Designs liegt die Schere perfekt in der Hand und sorgt f\u00fcr ein angenehmes Schneideerlebnis. Ideal f\u00fcr alle Arten von Bastelprojekten und Schulaktivit\u00e4ten!<br \/>\nWas dieses Set so gro\u00dfartig macht<br \/>\n&#8211;    Kindergr\u00f6\u00dfe, perfekt f\u00fcr kleine H\u00e4nde<br \/>\n&#8211;    Keine scharfen Spitzen f\u00fcr zus\u00e4tzliche Sicherheit<br \/>\n&#8211;    Geeignet f\u00fcr Kinder ab 3 Jahren<br \/>\n&#8211;    Schere f\u00fcr Rechtsh\u00e4nder<br \/>\n&#8211;    Schneiden f\u00f6rdert die Feinmotorik<br \/>\nSicheres und lustiges Schneiden f\u00fcr Kinder<br \/>\nMit dieser Schere k\u00f6nnen Kinder ab 3 Jahren ihre Schneidef\u00e4higkeiten entwickeln. Das sichere Design ohne scharfe Spitzen macht das Basteln zu einem unbeschwerten Vergn\u00fcgen.<br \/>\nInhalt des Sets<br \/>\n&#8211; Schere f\u00fcr rechtsh\u00e4ndige Kinder<br \/>\nWarum SES Creative w\u00e4hlen?<br \/>\nBei SES Creative legen wir gro\u00dfen Wert auf Sicherheit. Deshalb werden die Produkte in der Fabrik in den Niederlanden nach den strengsten europ\u00e4ischen Sicherheitsnormen hergestellt und getestet. Spielzeug von SES Creative sorgt f\u00fcr Spa\u00df und soll Kinder stolz auf ihre Arbeit machen, was ihre Kreativit\u00e4t und Entwicklung f\u00f6rdert.<br \/>\nGeben Sie Ihrem Kind den besten Start mit Scheren<br \/>\nDiese Schere ist die ideale Wahl f\u00fcr rechtsh\u00e4ndige Kinder, die bereit sind, zu basteln und ihre Kreativit\u00e4t zu entfalten. Ein Muss f\u00fcr jede Bastelbox!<\/p>\n","protected":false},"excerpt":{"rendered":"<p>Perfekte Schere f\u00fcr rechtsh\u00e4ndige Kinder Diese Kinderschere wurde speziell f\u00fcr rechtsh\u00e4ndige Kinder entwickelt. Mit dieser Schere k\u00f6nnen Kinder sicher und einfach schneiden, ohne Probleme. Dank des ergonomischen Designs liegt die Schere perfekt in der Hand und sorgt f\u00fcr ein angenehmes Schneideerlebnis. Ideal f\u00fcr alle Arten von Bastelprojekten und Schulaktivit\u00e4ten! Was dieses Set so gro\u00dfartig macht [&hellip;]<\/p>\n","protected":false},"featured_media":98028,"comment_status":"closed","ping_status":"closed","template":"","meta":{"_acf_changed":false},"product_brand":[],"product_cat":[115],"product_tag":[],"class_list":{"0":"post-114423","1":"product","2":"type-product","3":"status-publish","4":"has-post-thumbnail","6":"product_cat-basteln","7":"pa_leeftijd-filter-3-4-jahre","8":"pa_meest-populair-bij-jungen-maedchen","10":"first","11":"instock","12":"shipping-taxable","13":"product-type-simple"},"acf":[],"yoast_head":"<!-- This site is optimized with the Yoast SEO plugin v27.2 - https:\/\/yoast.com\/product\/yoast-seo-wordpress\/ -->\n<title>Bastelschere - Rechtsh\u00e4nder - SES Creative<\/title>\n<meta name=\"robots\" content=\"index, follow, max-snippet:-1, max-image-preview:large, max-video-preview:-1\" \/>\n<link rel=\"canonical\" href=\"https:\/\/ses-creative.com\/de\/produkt\/bastelschere-rechtshaender\/\" \/>\n<meta property=\"og:locale\" content=\"de_DE\" \/>\n<meta property=\"og:type\" content=\"article\" \/>\n<meta property=\"og:title\" content=\"Bastelschere - Rechtsh\u00e4nder - SES Creative\" \/>\n<meta property=\"og:description\" content=\"Perfekte Schere f\u00fcr rechtsh\u00e4ndige Kinder Diese Kinderschere wurde speziell f\u00fcr rechtsh\u00e4ndige Kinder entwickelt. Mit dieser Schere k\u00f6nnen Kinder sicher und einfach schneiden, ohne Probleme. Dank des ergonomischen Designs liegt die Schere perfekt in der Hand und sorgt f\u00fcr ein angenehmes Schneideerlebnis. Ideal f\u00fcr alle Arten von Bastelprojekten und Schulaktivit\u00e4ten! Was dieses Set so gro\u00dfartig macht [&hellip;]\" \/>\n<meta property=\"og:url\" content=\"https:\/\/ses-creative.com\/de\/produkt\/bastelschere-rechtshaender\/\" \/>\n<meta property=\"og:site_name\" content=\"SES Creative\" \/>\n<meta property=\"article:modified_time\" content=\"2026-02-06T09:51:15+00:00\" \/>\n<meta name=\"twitter:card\" content=\"summary_large_image\" \/>\n<meta name=\"twitter:label1\" content=\"Gesch\u00e4tzte Lesezeit\" \/>\n\t<meta name=\"twitter:data1\" content=\"1\u00a0Minute\" \/>\n<script type=\"application\/ld+json\" class=\"yoast-schema-graph\">{\"@context\":\"https:\/\/schema.org\",\"@graph\":[{\"@type\":\"WebPage\",\"@id\":\"https:\/\/ses-creative.com\/de\/produkt\/bastelschere-rechtshaender\/\",\"url\":\"https:\/\/ses-creative.com\/de\/produkt\/bastelschere-rechtshaender\/\",\"name\":\"Bastelschere - Rechtsh\u00e4nder - SES Creative\",\"isPartOf\":{\"@id\":\"https:\/\/ses-creative.com\/#website\"},\"primaryImageOfPage\":{\"@id\":\"https:\/\/ses-creative.com\/de\/produkt\/bastelschere-rechtshaender\/#primaryimage\"},\"image\":{\"@id\":\"https:\/\/ses-creative.com\/de\/produkt\/bastelschere-rechtshaender\/#primaryimage\"},\"thumbnailUrl\":\"https:\/\/ses-creative.com\/wp-content\/uploads\/2026\/01\/008371.jpg\",\"datePublished\":\"2026-02-05T13:52:09+00:00\",\"dateModified\":\"2026-02-06T09:51:15+00:00\",\"breadcrumb\":{\"@id\":\"https:\/\/ses-creative.com\/de\/produkt\/bastelschere-rechtshaender\/#breadcrumb\"},\"inLanguage\":\"de\",\"potentialAction\":[{\"@type\":\"ReadAction\",\"target\":[\"https:\/\/ses-creative.com\/de\/produkt\/bastelschere-rechtshaender\/\"]}]},{\"@type\":\"ImageObject\",\"inLanguage\":\"de\",\"@id\":\"https:\/\/ses-creative.com\/de\/produkt\/bastelschere-rechtshaender\/#primaryimage\",\"url\":\"https:\/\/ses-creative.com\/wp-content\/uploads\/2026\/01\/008371.jpg\",\"contentUrl\":\"https:\/\/ses-creative.com\/wp-content\/uploads\/2026\/01\/008371.jpg\",\"width\":1000,\"height\":1000},{\"@type\":\"BreadcrumbList\",\"@id\":\"https:\/\/ses-creative.com\/de\/produkt\/bastelschere-rechtshaender\/#breadcrumb\",\"itemListElement\":[{\"@type\":\"ListItem\",\"position\":1,\"name\":\"Shop\",\"item\":\"https:\/\/ses-creative.com\/de\/shop\/\"},{\"@type\":\"ListItem\",\"position\":2,\"name\":\"Basteln\",\"item\":\"https:\/\/ses-creative.com\/de\/product-categorie\/basteln\/\"},{\"@type\":\"ListItem\",\"position\":3,\"name\":\"Bastelschere &#8211; Rechtsh\u00e4nder\"}]},{\"@type\":\"WebSite\",\"@id\":\"https:\/\/ses-creative.com\/#website\",\"url\":\"https:\/\/ses-creative.com\/\",\"name\":\"SES Creative\",\"description\":\"\",\"publisher\":{\"@id\":\"https:\/\/ses-creative.com\/#organization\"},\"potentialAction\":[{\"@type\":\"SearchAction\",\"target\":{\"@type\":\"EntryPoint\",\"urlTemplate\":\"https:\/\/ses-creative.com\/?s={search_term_string}\"},\"query-input\":{\"@type\":\"PropertyValueSpecification\",\"valueRequired\":true,\"valueName\":\"search_term_string\"}}],\"inLanguage\":\"de\"},{\"@type\":\"Organization\",\"@id\":\"https:\/\/ses-creative.com\/#organization\",\"name\":\"SES Creative\",\"url\":\"https:\/\/ses-creative.com\/\",\"logo\":{\"@type\":\"ImageObject\",\"inLanguage\":\"de\",\"@id\":\"https:\/\/ses-creative.com\/#\/schema\/logo\/image\/\",\"url\":\"https:\/\/ses-creative.com\/wp-content\/uploads\/2025\/10\/ses-creative-logo.jpg\",\"contentUrl\":\"https:\/\/ses-creative.com\/wp-content\/uploads\/2025\/10\/ses-creative-logo.jpg\",\"width\":2037,\"height\":2037,\"caption\":\"SES Creative\"},\"image\":{\"@id\":\"https:\/\/ses-creative.com\/#\/schema\/logo\/image\/\"}}]}<\/script>\n<!-- \/ Yoast SEO plugin. -->","yoast_head_json":{"title":"Bastelschere - Rechtsh\u00e4nder - SES Creative","robots":{"index":"index","follow":"follow","max-snippet":"max-snippet:-1","max-image-preview":"max-image-preview:large","max-video-preview":"max-video-preview:-1"},"canonical":"https:\/\/ses-creative.com\/de\/produkt\/bastelschere-rechtshaender\/","og_locale":"de_DE","og_type":"article","og_title":"Bastelschere - Rechtsh\u00e4nder - SES Creative","og_description":"Perfekte Schere f\u00fcr rechtsh\u00e4ndige Kinder Diese Kinderschere wurde speziell f\u00fcr rechtsh\u00e4ndige Kinder entwickelt. Mit dieser Schere k\u00f6nnen Kinder sicher und einfach schneiden, ohne Probleme. Dank des ergonomischen Designs liegt die Schere perfekt in der Hand und sorgt f\u00fcr ein angenehmes Schneideerlebnis. Ideal f\u00fcr alle Arten von Bastelprojekten und Schulaktivit\u00e4ten! Was dieses Set so gro\u00dfartig macht [&hellip;]","og_url":"https:\/\/ses-creative.com\/de\/produkt\/bastelschere-rechtshaender\/","og_site_name":"SES Creative","article_modified_time":"2026-02-06T09:51:15+00:00","twitter_card":"summary_large_image","twitter_misc":{"Gesch\u00e4tzte Lesezeit":"1\u00a0Minute"},"schema":{"@context":"https:\/\/schema.org","@graph":[{"@type":"WebPage","@id":"https:\/\/ses-creative.com\/de\/produkt\/bastelschere-rechtshaender\/","url":"https:\/\/ses-creative.com\/de\/produkt\/bastelschere-rechtshaender\/","name":"Bastelschere - Rechtsh\u00e4nder - SES Creative","isPartOf":{"@id":"https:\/\/ses-creative.com\/#website"},"primaryImageOfPage":{"@id":"https:\/\/ses-creative.com\/de\/produkt\/bastelschere-rechtshaender\/#primaryimage"},"image":{"@id":"https:\/\/ses-creative.com\/de\/produkt\/bastelschere-rechtshaender\/#primaryimage"},"thumbnailUrl":"https:\/\/ses-creative.com\/wp-content\/uploads\/2026\/01\/008371.jpg","datePublished":"2026-02-05T13:52:09+00:00","dateModified":"2026-02-06T09:51:15+00:00","breadcrumb":{"@id":"https:\/\/ses-creative.com\/de\/produkt\/bastelschere-rechtshaender\/#breadcrumb"},"inLanguage":"de","potentialAction":[{"@type":"ReadAction","target":["https:\/\/ses-creative.com\/de\/produkt\/bastelschere-rechtshaender\/"]}]},{"@type":"ImageObject","inLanguage":"de","@id":"https:\/\/ses-creative.com\/de\/produkt\/bastelschere-rechtshaender\/#primaryimage","url":"https:\/\/ses-creative.com\/wp-content\/uploads\/2026\/01\/008371.jpg","contentUrl":"https:\/\/ses-creative.com\/wp-content\/uploads\/2026\/01\/008371.jpg","width":1000,"height":1000},{"@type":"BreadcrumbList","@id":"https:\/\/ses-creative.com\/de\/produkt\/bastelschere-rechtshaender\/#breadcrumb","itemListElement":[{"@type":"ListItem","position":1,"name":"Shop","item":"https:\/\/ses-creative.com\/de\/shop\/"},{"@type":"ListItem","position":2,"name":"Basteln","item":"https:\/\/ses-creative.com\/de\/product-categorie\/basteln\/"},{"@type":"ListItem","position":3,"name":"Bastelschere &#8211; Rechtsh\u00e4nder"}]},{"@type":"WebSite","@id":"https:\/\/ses-creative.com\/#website","url":"https:\/\/ses-creative.com\/","name":"SES Creative","description":"","publisher":{"@id":"https:\/\/ses-creative.com\/#organization"},"potentialAction":[{"@type":"SearchAction","target":{"@type":"EntryPoint","urlTemplate":"https:\/\/ses-creative.com\/?s={search_term_string}"},"query-input":{"@type":"PropertyValueSpecification","valueRequired":true,"valueName":"search_term_string"}}],"inLanguage":"de"},{"@type":"Organization","@id":"https:\/\/ses-creative.com\/#organization","name":"SES Creative","url":"https:\/\/ses-creative.com\/","logo":{"@type":"ImageObject","inLanguage":"de","@id":"https:\/\/ses-creative.com\/#\/schema\/logo\/image\/","url":"https:\/\/ses-creative.com\/wp-content\/uploads\/2025\/10\/ses-creative-logo.jpg","contentUrl":"https:\/\/ses-creative.com\/wp-content\/uploads\/2025\/10\/ses-creative-logo.jpg","width":2037,"height":2037,"caption":"SES Creative"},"image":{"@id":"https:\/\/ses-creative.com\/#\/schema\/logo\/image\/"}}]}},"_links":{"self":[{"href":"https:\/\/ses-creative.com\/de\/wp-json\/wp\/v2\/product\/114423","targetHints":{"allow":["GET"]}}],"collection":[{"href":"https:\/\/ses-creative.com\/de\/wp-json\/wp\/v2\/product"}],"about":[{"href":"https:\/\/ses-creative.com\/de\/wp-json\/wp\/v2\/types\/product"}],"replies":[{"embeddable":true,"href":"https:\/\/ses-creative.com\/de\/wp-json\/wp\/v2\/comments?post=114423"}],"wp:featuredmedia":[{"embeddable":true,"href":"https:\/\/ses-creative.com\/de\/wp-json\/wp\/v2\/media\/98028"}],"wp:attachment":[{"href":"https:\/\/ses-creative.com\/de\/wp-json\/wp\/v2\/media?parent=114423"}],"wp:term":[{"taxonomy":"product_brand","embeddable":true,"href":"https:\/\/ses-creative.com\/de\/wp-json\/wp\/v2\/product_brand?post=114423"},{"taxonomy":"product_cat","embeddable":true,"href":"https:\/\/ses-creative.com\/de\/wp-json\/wp\/v2\/product_cat?post=114423"},{"taxonomy":"product_tag","embeddable":true,"href":"https:\/\/ses-creative.com\/de\/wp-json\/wp\/v2\/product_tag?post=114423"}],"curies":[{"name":"wp","href":"https:\/\/api.w.org\/{rel}","templated":true}]}}