











{"id":114421,"date":"2026-02-05T13:52:09","date_gmt":"2026-02-05T13:52:09","guid":{"rendered":"https:\/\/ses-creative.com\/?post_type=product&#038;p=114421"},"modified":"2026-02-06T09:51:15","modified_gmt":"2026-02-06T09:51:15","slug":"sichere-kinderschere","status":"publish","type":"product","link":"https:\/\/ses-creative.com\/de\/produkt\/sichere-kinderschere\/","title":{"rendered":"Sichere Kinderschere"},"content":{"rendered":"<p>Lernen Sie sicheres Schneiden mit den sicheren Kinderscheren von SES Creative! Diese speziell entwickelten Scheren sind ideal f\u00fcr Kinder ab 2 Jahren, die ihre ersten Schneidef\u00e4higkeiten \u00fcben m\u00f6chten. Sie schneiden nur Papier und sind daher f\u00fcr kleine Kinder v\u00f6llig sicher \u2013 keine Sorge um Haare, Kleidung oder Finger!<\/p>\n<p>Was dieses Set so toll macht:<br \/>\nSchneidet nur Papier \u2013 keine Haare, Textilien oder andere Materialien<\/p>\n<p> Sicher f\u00fcr Kinder ab 2 Jahren \u2013 speziell f\u00fcr die Kleinsten<\/p>\n<p> F\u00f6rdert die Feinmotorik und die Hand-Augen-Koordination<\/p>\n<p> Perfekt f\u00fcr erste Schneide\u00fcbungen \u2013 sowohl zu Hause als auch in der Schule<\/p>\n<p>Eltern k\u00f6nnen beruhigt zusehen \u2013 keine scharfen Kanten<\/p>\n<p>Die perfekte erste Schneideerfahrung<br \/>\nF\u00fcr kleine Kinder ist dies eine gro\u00dfartige M\u00f6glichkeit, auf sichere Weise das Basteln kennenzulernen. W\u00e4hrend sie mit Papier und Formen experimentieren, entwickeln sie spielerisch ihre Feinmotorik und Koordination. Es ist eine lehrreiche und unterhaltsame Aktivit\u00e4t, die sowohl Kindern als auch Eltern Freude bereitet.<\/p>\n<p>Inhalt des Sets:<br \/>\n1 kindersichere Schere<\/p>\n<p>Warum SES Creative w\u00e4hlen?<br \/>\nBei SES Creative entwickeln wir Spielzeug, das Kindern beim Wachsen hilft. Unsere Produkte f\u00f6rdern Kreativit\u00e4t, Selbstvertrauen und Entwicklung \u2013 immer sicher, verantwortungsbewusst und unterhaltsam. Seit mehr als 50 Jahren stellen wir nachhaltiges Spielzeug her, das mit Stolz in den Niederlanden entworfen und produziert wird.<\/p>\n<p>Bereit f\u00fcr dein erstes Schneideabenteuer?<br \/>\nMit den sicheren Kinderscheren von SES Creative k\u00f6nnen Kinder unbeschwert das Schneiden lernen. Bestellen Sie jetzt und entdecken Sie, wie viel Spa\u00df und Sicherheit Basteln schon in jungen Jahren machen kann!<\/p>\n","protected":false},"excerpt":{"rendered":"<p>Lernen Sie sicheres Schneiden mit den sicheren Kinderscheren von SES Creative! Diese speziell entwickelten Scheren sind ideal f\u00fcr Kinder ab 2 Jahren, die ihre ersten Schneidef\u00e4higkeiten \u00fcben m\u00f6chten. Sie schneiden nur Papier und sind daher f\u00fcr kleine Kinder v\u00f6llig sicher \u2013 keine Sorge um Haare, Kleidung oder Finger! Was dieses Set so toll macht: Schneidet [&hellip;]<\/p>\n","protected":false},"featured_media":97988,"comment_status":"closed","ping_status":"closed","template":"","meta":{"_acf_changed":false},"product_brand":[],"product_cat":[115],"product_tag":[],"class_list":{"0":"post-114421","1":"product","2":"type-product","3":"status-publish","4":"has-post-thumbnail","6":"product_cat-basteln","7":"pa_leeftijd-filter-3-4-jahre","8":"pa_meest-populair-bij-jungen-maedchen","10":"first","11":"instock","12":"shipping-taxable","13":"product-type-simple"},"acf":[],"yoast_head":"<!-- This site is optimized with the Yoast SEO plugin v27.2 - https:\/\/yoast.com\/product\/yoast-seo-wordpress\/ -->\n<title>Sichere Kinderschere - SES Creative<\/title>\n<meta name=\"robots\" content=\"index, follow, max-snippet:-1, max-image-preview:large, max-video-preview:-1\" \/>\n<link rel=\"canonical\" href=\"https:\/\/ses-creative.com\/de\/produkt\/sichere-kinderschere\/\" \/>\n<meta property=\"og:locale\" content=\"de_DE\" \/>\n<meta property=\"og:type\" content=\"article\" \/>\n<meta property=\"og:title\" content=\"Sichere Kinderschere - SES Creative\" \/>\n<meta property=\"og:description\" content=\"Lernen Sie sicheres Schneiden mit den sicheren Kinderscheren von SES Creative! Diese speziell entwickelten Scheren sind ideal f\u00fcr Kinder ab 2 Jahren, die ihre ersten Schneidef\u00e4higkeiten \u00fcben m\u00f6chten. Sie schneiden nur Papier und sind daher f\u00fcr kleine Kinder v\u00f6llig sicher \u2013 keine Sorge um Haare, Kleidung oder Finger! Was dieses Set so toll macht: Schneidet [&hellip;]\" \/>\n<meta property=\"og:url\" content=\"https:\/\/ses-creative.com\/de\/produkt\/sichere-kinderschere\/\" \/>\n<meta property=\"og:site_name\" content=\"SES Creative\" \/>\n<meta property=\"article:modified_time\" content=\"2026-02-06T09:51:15+00:00\" \/>\n<meta name=\"twitter:card\" content=\"summary_large_image\" \/>\n<meta name=\"twitter:label1\" content=\"Gesch\u00e4tzte Lesezeit\" \/>\n\t<meta name=\"twitter:data1\" content=\"1\u00a0Minute\" \/>\n<script type=\"application\/ld+json\" class=\"yoast-schema-graph\">{\"@context\":\"https:\/\/schema.org\",\"@graph\":[{\"@type\":\"WebPage\",\"@id\":\"https:\/\/ses-creative.com\/de\/produkt\/sichere-kinderschere\/\",\"url\":\"https:\/\/ses-creative.com\/de\/produkt\/sichere-kinderschere\/\",\"name\":\"Sichere Kinderschere - SES Creative\",\"isPartOf\":{\"@id\":\"https:\/\/ses-creative.com\/#website\"},\"primaryImageOfPage\":{\"@id\":\"https:\/\/ses-creative.com\/de\/produkt\/sichere-kinderschere\/#primaryimage\"},\"image\":{\"@id\":\"https:\/\/ses-creative.com\/de\/produkt\/sichere-kinderschere\/#primaryimage\"},\"thumbnailUrl\":\"https:\/\/ses-creative.com\/wp-content\/uploads\/2026\/01\/008331.jpg\",\"datePublished\":\"2026-02-05T13:52:09+00:00\",\"dateModified\":\"2026-02-06T09:51:15+00:00\",\"breadcrumb\":{\"@id\":\"https:\/\/ses-creative.com\/de\/produkt\/sichere-kinderschere\/#breadcrumb\"},\"inLanguage\":\"de\",\"potentialAction\":[{\"@type\":\"ReadAction\",\"target\":[\"https:\/\/ses-creative.com\/de\/produkt\/sichere-kinderschere\/\"]}]},{\"@type\":\"ImageObject\",\"inLanguage\":\"de\",\"@id\":\"https:\/\/ses-creative.com\/de\/produkt\/sichere-kinderschere\/#primaryimage\",\"url\":\"https:\/\/ses-creative.com\/wp-content\/uploads\/2026\/01\/008331.jpg\",\"contentUrl\":\"https:\/\/ses-creative.com\/wp-content\/uploads\/2026\/01\/008331.jpg\",\"width\":1000,\"height\":1000},{\"@type\":\"BreadcrumbList\",\"@id\":\"https:\/\/ses-creative.com\/de\/produkt\/sichere-kinderschere\/#breadcrumb\",\"itemListElement\":[{\"@type\":\"ListItem\",\"position\":1,\"name\":\"Shop\",\"item\":\"https:\/\/ses-creative.com\/de\/shop\/\"},{\"@type\":\"ListItem\",\"position\":2,\"name\":\"Basteln\",\"item\":\"https:\/\/ses-creative.com\/de\/product-categorie\/basteln\/\"},{\"@type\":\"ListItem\",\"position\":3,\"name\":\"Sichere Kinderschere\"}]},{\"@type\":\"WebSite\",\"@id\":\"https:\/\/ses-creative.com\/#website\",\"url\":\"https:\/\/ses-creative.com\/\",\"name\":\"SES Creative\",\"description\":\"\",\"publisher\":{\"@id\":\"https:\/\/ses-creative.com\/#organization\"},\"potentialAction\":[{\"@type\":\"SearchAction\",\"target\":{\"@type\":\"EntryPoint\",\"urlTemplate\":\"https:\/\/ses-creative.com\/?s={search_term_string}\"},\"query-input\":{\"@type\":\"PropertyValueSpecification\",\"valueRequired\":true,\"valueName\":\"search_term_string\"}}],\"inLanguage\":\"de\"},{\"@type\":\"Organization\",\"@id\":\"https:\/\/ses-creative.com\/#organization\",\"name\":\"SES Creative\",\"url\":\"https:\/\/ses-creative.com\/\",\"logo\":{\"@type\":\"ImageObject\",\"inLanguage\":\"de\",\"@id\":\"https:\/\/ses-creative.com\/#\/schema\/logo\/image\/\",\"url\":\"https:\/\/ses-creative.com\/wp-content\/uploads\/2025\/10\/ses-creative-logo.jpg\",\"contentUrl\":\"https:\/\/ses-creative.com\/wp-content\/uploads\/2025\/10\/ses-creative-logo.jpg\",\"width\":2037,\"height\":2037,\"caption\":\"SES Creative\"},\"image\":{\"@id\":\"https:\/\/ses-creative.com\/#\/schema\/logo\/image\/\"}}]}<\/script>\n<!-- \/ Yoast SEO plugin. -->","yoast_head_json":{"title":"Sichere Kinderschere - SES Creative","robots":{"index":"index","follow":"follow","max-snippet":"max-snippet:-1","max-image-preview":"max-image-preview:large","max-video-preview":"max-video-preview:-1"},"canonical":"https:\/\/ses-creative.com\/de\/produkt\/sichere-kinderschere\/","og_locale":"de_DE","og_type":"article","og_title":"Sichere Kinderschere - SES Creative","og_description":"Lernen Sie sicheres Schneiden mit den sicheren Kinderscheren von SES Creative! Diese speziell entwickelten Scheren sind ideal f\u00fcr Kinder ab 2 Jahren, die ihre ersten Schneidef\u00e4higkeiten \u00fcben m\u00f6chten. Sie schneiden nur Papier und sind daher f\u00fcr kleine Kinder v\u00f6llig sicher \u2013 keine Sorge um Haare, Kleidung oder Finger! Was dieses Set so toll macht: Schneidet [&hellip;]","og_url":"https:\/\/ses-creative.com\/de\/produkt\/sichere-kinderschere\/","og_site_name":"SES Creative","article_modified_time":"2026-02-06T09:51:15+00:00","twitter_card":"summary_large_image","twitter_misc":{"Gesch\u00e4tzte Lesezeit":"1\u00a0Minute"},"schema":{"@context":"https:\/\/schema.org","@graph":[{"@type":"WebPage","@id":"https:\/\/ses-creative.com\/de\/produkt\/sichere-kinderschere\/","url":"https:\/\/ses-creative.com\/de\/produkt\/sichere-kinderschere\/","name":"Sichere Kinderschere - SES Creative","isPartOf":{"@id":"https:\/\/ses-creative.com\/#website"},"primaryImageOfPage":{"@id":"https:\/\/ses-creative.com\/de\/produkt\/sichere-kinderschere\/#primaryimage"},"image":{"@id":"https:\/\/ses-creative.com\/de\/produkt\/sichere-kinderschere\/#primaryimage"},"thumbnailUrl":"https:\/\/ses-creative.com\/wp-content\/uploads\/2026\/01\/008331.jpg","datePublished":"2026-02-05T13:52:09+00:00","dateModified":"2026-02-06T09:51:15+00:00","breadcrumb":{"@id":"https:\/\/ses-creative.com\/de\/produkt\/sichere-kinderschere\/#breadcrumb"},"inLanguage":"de","potentialAction":[{"@type":"ReadAction","target":["https:\/\/ses-creative.com\/de\/produkt\/sichere-kinderschere\/"]}]},{"@type":"ImageObject","inLanguage":"de","@id":"https:\/\/ses-creative.com\/de\/produkt\/sichere-kinderschere\/#primaryimage","url":"https:\/\/ses-creative.com\/wp-content\/uploads\/2026\/01\/008331.jpg","contentUrl":"https:\/\/ses-creative.com\/wp-content\/uploads\/2026\/01\/008331.jpg","width":1000,"height":1000},{"@type":"BreadcrumbList","@id":"https:\/\/ses-creative.com\/de\/produkt\/sichere-kinderschere\/#breadcrumb","itemListElement":[{"@type":"ListItem","position":1,"name":"Shop","item":"https:\/\/ses-creative.com\/de\/shop\/"},{"@type":"ListItem","position":2,"name":"Basteln","item":"https:\/\/ses-creative.com\/de\/product-categorie\/basteln\/"},{"@type":"ListItem","position":3,"name":"Sichere Kinderschere"}]},{"@type":"WebSite","@id":"https:\/\/ses-creative.com\/#website","url":"https:\/\/ses-creative.com\/","name":"SES Creative","description":"","publisher":{"@id":"https:\/\/ses-creative.com\/#organization"},"potentialAction":[{"@type":"SearchAction","target":{"@type":"EntryPoint","urlTemplate":"https:\/\/ses-creative.com\/?s={search_term_string}"},"query-input":{"@type":"PropertyValueSpecification","valueRequired":true,"valueName":"search_term_string"}}],"inLanguage":"de"},{"@type":"Organization","@id":"https:\/\/ses-creative.com\/#organization","name":"SES Creative","url":"https:\/\/ses-creative.com\/","logo":{"@type":"ImageObject","inLanguage":"de","@id":"https:\/\/ses-creative.com\/#\/schema\/logo\/image\/","url":"https:\/\/ses-creative.com\/wp-content\/uploads\/2025\/10\/ses-creative-logo.jpg","contentUrl":"https:\/\/ses-creative.com\/wp-content\/uploads\/2025\/10\/ses-creative-logo.jpg","width":2037,"height":2037,"caption":"SES Creative"},"image":{"@id":"https:\/\/ses-creative.com\/#\/schema\/logo\/image\/"}}]}},"_links":{"self":[{"href":"https:\/\/ses-creative.com\/de\/wp-json\/wp\/v2\/product\/114421","targetHints":{"allow":["GET"]}}],"collection":[{"href":"https:\/\/ses-creative.com\/de\/wp-json\/wp\/v2\/product"}],"about":[{"href":"https:\/\/ses-creative.com\/de\/wp-json\/wp\/v2\/types\/product"}],"replies":[{"embeddable":true,"href":"https:\/\/ses-creative.com\/de\/wp-json\/wp\/v2\/comments?post=114421"}],"wp:featuredmedia":[{"embeddable":true,"href":"https:\/\/ses-creative.com\/de\/wp-json\/wp\/v2\/media\/97988"}],"wp:attachment":[{"href":"https:\/\/ses-creative.com\/de\/wp-json\/wp\/v2\/media?parent=114421"}],"wp:term":[{"taxonomy":"product_brand","embeddable":true,"href":"https:\/\/ses-creative.com\/de\/wp-json\/wp\/v2\/product_brand?post=114421"},{"taxonomy":"product_cat","embeddable":true,"href":"https:\/\/ses-creative.com\/de\/wp-json\/wp\/v2\/product_cat?post=114421"},{"taxonomy":"product_tag","embeddable":true,"href":"https:\/\/ses-creative.com\/de\/wp-json\/wp\/v2\/product_tag?post=114421"}],"curies":[{"name":"wp","href":"https:\/\/api.w.org\/{rel}","templated":true}]}}