











{"id":114420,"date":"2026-02-05T13:52:09","date_gmt":"2026-02-05T13:52:09","guid":{"rendered":"https:\/\/ses-creative.com\/?post_type=product&#038;p=114420"},"modified":"2026-02-06T09:51:15","modified_gmt":"2026-02-06T09:51:15","slug":"fundo-knete-wilde-tiere-3x90gr-1x40gr","status":"publish","type":"product","link":"https:\/\/ses-creative.com\/de\/produkt\/fundo-knete-wilde-tiere-3x90gr-1x40gr\/","title":{"rendered":"FunDo Knete &#8211; Wilde Tiere (3x90gr-1x40gr)"},"content":{"rendered":"<p>FunDo Knete \u2013 Erschaffe deinen eigenen Dschungel voller wilder Tiere!<\/p>\n<p>Lass deiner Kreativit\u00e4t mit FunDo Knete \u2013 Wilde Tiere freien Lauf! Dieses farbenfrohe Knet-Set erweckt den Dschungel zum Leben. Mit weicher, leicht formbarer Knetmasse und inspirierenden Videoanleitungen kannst du ganz einfach deinen eigenen L\u00f6wen, Elefanten, Giraffen und vieles mehr basteln. Perfekt f\u00fcr kleine Abenteurer mit gro\u00dfer Fantasie!<\/p>\n<p>Was dieses Set so gro\u00dfartig macht<\/p>\n<p>Enth\u00e4lt Videoanleitungen f\u00fcr zus\u00e4tzlichen Spielspa\u00df und Ideen<br \/>\nFarben, die perfekt zu lebensechten Wildtieren passen<br \/>\nSuperweiche Knete, die sich leicht formen l\u00e4sst und nicht austrocknet<br \/>\nF\u00f6rdert die Feinmotorik und Fantasie von Kindern<br \/>\nIdeal f\u00fcr Kinder ab 3 Jahren<\/p>\n<p>Erwecke deinen eigenen Dschungel zum Leben<\/p>\n<p>Mit diesem Set begeben sich Kinder auf eine kreative Safari! Ob sie nun einen m\u00e4chtigen L\u00f6wen oder eine anmutige Giraffe basteln m\u00f6chten \u2013 mit dieser Knete ist alles m\u00f6glich. Die weiche Textur und die leuchtenden Farben sorgen f\u00fcr ein spielerisches Erlebnis, auf das sie stolz sein k\u00f6nnen. Spielen, lernen und entdecken in einem.<\/p>\n<p>Inhalt des Sets<\/p>\n<p>Knete orange (90 g)<br \/>\nKnete hellblau (90 g)<br \/>\nLehm hellgr\u00fcn (90 g)<br \/>\nSchwarzer Ton (40 g)<\/p>\n<p>Warum SES Creative w\u00e4hlen?<\/p>\n<p>Bei SES Creative legen wir gro\u00dfen Wert auf Sicherheit. Deshalb werden die Produkte in unserem Werk in den Niederlanden nach den strengsten europ\u00e4ischen Sicherheitsnormen hergestellt und getestet. Spielzeug von SES Creative macht Spa\u00df und soll Kindern ein Gef\u00fchl der Stolz auf ihre Arbeit vermitteln, was ihre Kreativit\u00e4t und Entwicklung f\u00f6rdert.<\/p>\n<p>Beginnen Sie noch heute mit der Herstellung von Wildtieren<\/p>\n<p>Entdecken Sie den Spa\u00df am Modellieren und erschaffen Sie mit FunDo von SES Creative einen farbenfrohen Dschungel voller selbstgemachter Tiere. Stundenlanger kreativer Spielspa\u00df garantiert!<\/p>\n","protected":false},"excerpt":{"rendered":"<p>FunDo Knete \u2013 Erschaffe deinen eigenen Dschungel voller wilder Tiere! Lass deiner Kreativit\u00e4t mit FunDo Knete \u2013 Wilde Tiere freien Lauf! Dieses farbenfrohe Knet-Set erweckt den Dschungel zum Leben. Mit weicher, leicht formbarer Knetmasse und inspirierenden Videoanleitungen kannst du ganz einfach deinen eigenen L\u00f6wen, Elefanten, Giraffen und vieles mehr basteln. Perfekt f\u00fcr kleine Abenteurer mit [&hellip;]<\/p>\n","protected":false},"featured_media":97968,"comment_status":"closed","ping_status":"closed","template":"","meta":{"_acf_changed":false},"product_brand":[],"product_cat":[117],"product_tag":[],"class_list":{"0":"post-114420","1":"product","2":"type-product","3":"status-publish","4":"has-post-thumbnail","6":"product_cat-knete","7":"pa_leeftijd-filter-3-4-jahre","8":"pa_meest-populair-bij-jungen-maedchen","10":"first","11":"instock","12":"shipping-taxable","13":"product-type-simple"},"acf":[],"yoast_head":"<!-- This site is optimized with the Yoast SEO plugin v27.4 - https:\/\/yoast.com\/product\/yoast-seo-wordpress\/ -->\n<title>FunDo Knete - Wilde Tiere (3x90gr-1x40gr) - SES Creative<\/title>\n<meta name=\"robots\" content=\"index, follow, max-snippet:-1, max-image-preview:large, max-video-preview:-1\" \/>\n<link rel=\"canonical\" href=\"https:\/\/ses-creative.com\/de\/produkt\/fundo-knete-wilde-tiere-3x90gr-1x40gr\/\" \/>\n<meta property=\"og:locale\" content=\"de_DE\" \/>\n<meta property=\"og:type\" content=\"article\" \/>\n<meta property=\"og:title\" content=\"FunDo Knete - Wilde Tiere (3x90gr-1x40gr) - SES Creative\" \/>\n<meta property=\"og:description\" content=\"FunDo Knete \u2013 Erschaffe deinen eigenen Dschungel voller wilder Tiere! Lass deiner Kreativit\u00e4t mit FunDo Knete \u2013 Wilde Tiere freien Lauf! Dieses farbenfrohe Knet-Set erweckt den Dschungel zum Leben. Mit weicher, leicht formbarer Knetmasse und inspirierenden Videoanleitungen kannst du ganz einfach deinen eigenen L\u00f6wen, Elefanten, Giraffen und vieles mehr basteln. Perfekt f\u00fcr kleine Abenteurer mit [&hellip;]\" \/>\n<meta property=\"og:url\" content=\"https:\/\/ses-creative.com\/de\/produkt\/fundo-knete-wilde-tiere-3x90gr-1x40gr\/\" \/>\n<meta property=\"og:site_name\" content=\"SES Creative\" \/>\n<meta property=\"article:modified_time\" content=\"2026-02-06T09:51:15+00:00\" \/>\n<meta name=\"twitter:card\" content=\"summary_large_image\" \/>\n<meta name=\"twitter:label1\" content=\"Gesch\u00e4tzte Lesezeit\" \/>\n\t<meta name=\"twitter:data1\" content=\"1\u00a0Minute\" \/>\n<script type=\"application\/ld+json\" class=\"yoast-schema-graph\">{\"@context\":\"https:\\\/\\\/schema.org\",\"@graph\":[{\"@type\":\"WebPage\",\"@id\":\"https:\\\/\\\/ses-creative.com\\\/de\\\/produkt\\\/fundo-knete-wilde-tiere-3x90gr-1x40gr\\\/\",\"url\":\"https:\\\/\\\/ses-creative.com\\\/de\\\/produkt\\\/fundo-knete-wilde-tiere-3x90gr-1x40gr\\\/\",\"name\":\"FunDo Knete - Wilde Tiere (3x90gr-1x40gr) - SES Creative\",\"isPartOf\":{\"@id\":\"https:\\\/\\\/ses-creative.com\\\/#website\"},\"primaryImageOfPage\":{\"@id\":\"https:\\\/\\\/ses-creative.com\\\/de\\\/produkt\\\/fundo-knete-wilde-tiere-3x90gr-1x40gr\\\/#primaryimage\"},\"image\":{\"@id\":\"https:\\\/\\\/ses-creative.com\\\/de\\\/produkt\\\/fundo-knete-wilde-tiere-3x90gr-1x40gr\\\/#primaryimage\"},\"thumbnailUrl\":\"https:\\\/\\\/ses-creative.com\\\/wp-content\\\/uploads\\\/2026\\\/01\\\/008131.jpg\",\"datePublished\":\"2026-02-05T13:52:09+00:00\",\"dateModified\":\"2026-02-06T09:51:15+00:00\",\"breadcrumb\":{\"@id\":\"https:\\\/\\\/ses-creative.com\\\/de\\\/produkt\\\/fundo-knete-wilde-tiere-3x90gr-1x40gr\\\/#breadcrumb\"},\"inLanguage\":\"de\",\"potentialAction\":[{\"@type\":\"ReadAction\",\"target\":[\"https:\\\/\\\/ses-creative.com\\\/de\\\/produkt\\\/fundo-knete-wilde-tiere-3x90gr-1x40gr\\\/\"]}]},{\"@type\":\"ImageObject\",\"inLanguage\":\"de\",\"@id\":\"https:\\\/\\\/ses-creative.com\\\/de\\\/produkt\\\/fundo-knete-wilde-tiere-3x90gr-1x40gr\\\/#primaryimage\",\"url\":\"https:\\\/\\\/ses-creative.com\\\/wp-content\\\/uploads\\\/2026\\\/01\\\/008131.jpg\",\"contentUrl\":\"https:\\\/\\\/ses-creative.com\\\/wp-content\\\/uploads\\\/2026\\\/01\\\/008131.jpg\",\"width\":1000,\"height\":1000},{\"@type\":\"BreadcrumbList\",\"@id\":\"https:\\\/\\\/ses-creative.com\\\/de\\\/produkt\\\/fundo-knete-wilde-tiere-3x90gr-1x40gr\\\/#breadcrumb\",\"itemListElement\":[{\"@type\":\"ListItem\",\"position\":1,\"name\":\"Shop\",\"item\":\"https:\\\/\\\/ses-creative.com\\\/de\\\/shop\\\/\"},{\"@type\":\"ListItem\",\"position\":2,\"name\":\"Knete\",\"item\":\"https:\\\/\\\/ses-creative.com\\\/de\\\/product-categorie\\\/knete\\\/\"},{\"@type\":\"ListItem\",\"position\":3,\"name\":\"FunDo Knete &#8211; Wilde Tiere (3x90gr-1x40gr)\"}]},{\"@type\":\"WebSite\",\"@id\":\"https:\\\/\\\/ses-creative.com\\\/#website\",\"url\":\"https:\\\/\\\/ses-creative.com\\\/\",\"name\":\"SES Creative\",\"description\":\"\",\"publisher\":{\"@id\":\"https:\\\/\\\/ses-creative.com\\\/#organization\"},\"potentialAction\":[{\"@type\":\"SearchAction\",\"target\":{\"@type\":\"EntryPoint\",\"urlTemplate\":\"https:\\\/\\\/ses-creative.com\\\/?s={search_term_string}\"},\"query-input\":{\"@type\":\"PropertyValueSpecification\",\"valueRequired\":true,\"valueName\":\"search_term_string\"}}],\"inLanguage\":\"de\"},{\"@type\":\"Organization\",\"@id\":\"https:\\\/\\\/ses-creative.com\\\/#organization\",\"name\":\"SES Creative\",\"url\":\"https:\\\/\\\/ses-creative.com\\\/\",\"logo\":{\"@type\":\"ImageObject\",\"inLanguage\":\"de\",\"@id\":\"https:\\\/\\\/ses-creative.com\\\/#\\\/schema\\\/logo\\\/image\\\/\",\"url\":\"https:\\\/\\\/ses-creative.com\\\/wp-content\\\/uploads\\\/2025\\\/10\\\/ses-creative-logo.jpg\",\"contentUrl\":\"https:\\\/\\\/ses-creative.com\\\/wp-content\\\/uploads\\\/2025\\\/10\\\/ses-creative-logo.jpg\",\"width\":2037,\"height\":2037,\"caption\":\"SES Creative\"},\"image\":{\"@id\":\"https:\\\/\\\/ses-creative.com\\\/#\\\/schema\\\/logo\\\/image\\\/\"}}]}<\/script>\n<!-- \/ Yoast SEO plugin. -->","yoast_head_json":{"title":"FunDo Knete - Wilde Tiere (3x90gr-1x40gr) - SES Creative","robots":{"index":"index","follow":"follow","max-snippet":"max-snippet:-1","max-image-preview":"max-image-preview:large","max-video-preview":"max-video-preview:-1"},"canonical":"https:\/\/ses-creative.com\/de\/produkt\/fundo-knete-wilde-tiere-3x90gr-1x40gr\/","og_locale":"de_DE","og_type":"article","og_title":"FunDo Knete - Wilde Tiere (3x90gr-1x40gr) - SES Creative","og_description":"FunDo Knete \u2013 Erschaffe deinen eigenen Dschungel voller wilder Tiere! Lass deiner Kreativit\u00e4t mit FunDo Knete \u2013 Wilde Tiere freien Lauf! Dieses farbenfrohe Knet-Set erweckt den Dschungel zum Leben. Mit weicher, leicht formbarer Knetmasse und inspirierenden Videoanleitungen kannst du ganz einfach deinen eigenen L\u00f6wen, Elefanten, Giraffen und vieles mehr basteln. Perfekt f\u00fcr kleine Abenteurer mit [&hellip;]","og_url":"https:\/\/ses-creative.com\/de\/produkt\/fundo-knete-wilde-tiere-3x90gr-1x40gr\/","og_site_name":"SES Creative","article_modified_time":"2026-02-06T09:51:15+00:00","twitter_card":"summary_large_image","twitter_misc":{"Gesch\u00e4tzte Lesezeit":"1\u00a0Minute"},"schema":{"@context":"https:\/\/schema.org","@graph":[{"@type":"WebPage","@id":"https:\/\/ses-creative.com\/de\/produkt\/fundo-knete-wilde-tiere-3x90gr-1x40gr\/","url":"https:\/\/ses-creative.com\/de\/produkt\/fundo-knete-wilde-tiere-3x90gr-1x40gr\/","name":"FunDo Knete - Wilde Tiere (3x90gr-1x40gr) - SES Creative","isPartOf":{"@id":"https:\/\/ses-creative.com\/#website"},"primaryImageOfPage":{"@id":"https:\/\/ses-creative.com\/de\/produkt\/fundo-knete-wilde-tiere-3x90gr-1x40gr\/#primaryimage"},"image":{"@id":"https:\/\/ses-creative.com\/de\/produkt\/fundo-knete-wilde-tiere-3x90gr-1x40gr\/#primaryimage"},"thumbnailUrl":"https:\/\/ses-creative.com\/wp-content\/uploads\/2026\/01\/008131.jpg","datePublished":"2026-02-05T13:52:09+00:00","dateModified":"2026-02-06T09:51:15+00:00","breadcrumb":{"@id":"https:\/\/ses-creative.com\/de\/produkt\/fundo-knete-wilde-tiere-3x90gr-1x40gr\/#breadcrumb"},"inLanguage":"de","potentialAction":[{"@type":"ReadAction","target":["https:\/\/ses-creative.com\/de\/produkt\/fundo-knete-wilde-tiere-3x90gr-1x40gr\/"]}]},{"@type":"ImageObject","inLanguage":"de","@id":"https:\/\/ses-creative.com\/de\/produkt\/fundo-knete-wilde-tiere-3x90gr-1x40gr\/#primaryimage","url":"https:\/\/ses-creative.com\/wp-content\/uploads\/2026\/01\/008131.jpg","contentUrl":"https:\/\/ses-creative.com\/wp-content\/uploads\/2026\/01\/008131.jpg","width":1000,"height":1000},{"@type":"BreadcrumbList","@id":"https:\/\/ses-creative.com\/de\/produkt\/fundo-knete-wilde-tiere-3x90gr-1x40gr\/#breadcrumb","itemListElement":[{"@type":"ListItem","position":1,"name":"Shop","item":"https:\/\/ses-creative.com\/de\/shop\/"},{"@type":"ListItem","position":2,"name":"Knete","item":"https:\/\/ses-creative.com\/de\/product-categorie\/knete\/"},{"@type":"ListItem","position":3,"name":"FunDo Knete &#8211; Wilde Tiere (3x90gr-1x40gr)"}]},{"@type":"WebSite","@id":"https:\/\/ses-creative.com\/#website","url":"https:\/\/ses-creative.com\/","name":"SES Creative","description":"","publisher":{"@id":"https:\/\/ses-creative.com\/#organization"},"potentialAction":[{"@type":"SearchAction","target":{"@type":"EntryPoint","urlTemplate":"https:\/\/ses-creative.com\/?s={search_term_string}"},"query-input":{"@type":"PropertyValueSpecification","valueRequired":true,"valueName":"search_term_string"}}],"inLanguage":"de"},{"@type":"Organization","@id":"https:\/\/ses-creative.com\/#organization","name":"SES Creative","url":"https:\/\/ses-creative.com\/","logo":{"@type":"ImageObject","inLanguage":"de","@id":"https:\/\/ses-creative.com\/#\/schema\/logo\/image\/","url":"https:\/\/ses-creative.com\/wp-content\/uploads\/2025\/10\/ses-creative-logo.jpg","contentUrl":"https:\/\/ses-creative.com\/wp-content\/uploads\/2025\/10\/ses-creative-logo.jpg","width":2037,"height":2037,"caption":"SES Creative"},"image":{"@id":"https:\/\/ses-creative.com\/#\/schema\/logo\/image\/"}}]}},"_links":{"self":[{"href":"https:\/\/ses-creative.com\/de\/wp-json\/wp\/v2\/product\/114420","targetHints":{"allow":["GET"]}}],"collection":[{"href":"https:\/\/ses-creative.com\/de\/wp-json\/wp\/v2\/product"}],"about":[{"href":"https:\/\/ses-creative.com\/de\/wp-json\/wp\/v2\/types\/product"}],"replies":[{"embeddable":true,"href":"https:\/\/ses-creative.com\/de\/wp-json\/wp\/v2\/comments?post=114420"}],"wp:featuredmedia":[{"embeddable":true,"href":"https:\/\/ses-creative.com\/de\/wp-json\/wp\/v2\/media\/97968"}],"wp:attachment":[{"href":"https:\/\/ses-creative.com\/de\/wp-json\/wp\/v2\/media?parent=114420"}],"wp:term":[{"taxonomy":"product_brand","embeddable":true,"href":"https:\/\/ses-creative.com\/de\/wp-json\/wp\/v2\/product_brand?post=114420"},{"taxonomy":"product_cat","embeddable":true,"href":"https:\/\/ses-creative.com\/de\/wp-json\/wp\/v2\/product_cat?post=114420"},{"taxonomy":"product_tag","embeddable":true,"href":"https:\/\/ses-creative.com\/de\/wp-json\/wp\/v2\/product_tag?post=114420"}],"curies":[{"name":"wp","href":"https:\/\/api.w.org\/{rel}","templated":true}]}}