











{"id":114419,"date":"2026-02-05T13:52:09","date_gmt":"2026-02-05T13:52:09","guid":{"rendered":"https:\/\/ses-creative.com\/?post_type=product&#038;p=114419"},"modified":"2026-02-06T09:51:15","modified_gmt":"2026-02-06T09:51:15","slug":"fundo-knete-dinos-3x90gr-1x40gr","status":"publish","type":"product","link":"https:\/\/ses-creative.com\/de\/produkt\/fundo-knete-dinos-3x90gr-1x40gr\/","title":{"rendered":"FunDo Knete &#8211; Dinos (3x90gr-1x40gr)"},"content":{"rendered":"<p>FunDo-Knete \u2013 Bau deine eigene Dino-Welt voller Abenteuer!<\/p>\n<p>Reise zur\u00fcck in die Vergangenheit und erwecke die Urzeit mit FunDo Knete \u2013 Dinos zum Leben! Mit diesem interaktiven Knet-Set k\u00f6nnen Kinder ihre eigenen farbenfrohen Dino-Figuren basteln. Dank der weichen, leicht formbaren Knetmasse und den inspirierenden Videoanleitungen bauen junge Kreative im Handumdrehen eine beeindruckende Dino-Landschaft. Bereit f\u00fcr ein kreatives Abenteuer?<\/p>\n<p>Was dieses Set so gro\u00dfartig macht<\/p>\n<p>Inklusive Videoanleitungen f\u00fcr zus\u00e4tzliche Inspiration und Spielspa\u00df<br \/>\nLeuchtende und pastellfarbene Farben f\u00fcr unendliche Kombinationsm\u00f6glichkeiten<br \/>\nSuperweiche Knetmasse, die sich leicht formen l\u00e4sst und nicht so schnell austrocknet<br \/>\nF\u00f6rdert Fantasie, Kreativit\u00e4t und Feinmotorik<br \/>\nPerfekt f\u00fcr kleine Dino-Fans ab 3 Jahren<\/p>\n<p>Erlebe dein eigenes pr\u00e4historisches Abenteuer<\/p>\n<p>Mit diesem FunDo-Knet-Set k\u00f6nnen Kinder ihre Lieblingsdinosaurier formen und verzieren. Die verschiedenen Knetfarben bieten unendliche M\u00f6glichkeiten, und dank der Videos bleiben sie voller Begeisterung dabei. Spielerisch lernen und gestalten \u2013 das ist die St\u00e4rke von FunDo!<\/p>\n<p>Inhalt des Sets<\/p>\n<p>Knete orange (90 g)<br \/>\nPastellgr\u00fcner Ton (90 g)<br \/>\nPastellblaue Knete (90 g)<br \/>\nTon gelb (40 g)<\/p>\n<p>Warum SES Creative w\u00e4hlen?<\/p>\n<p>Bei SES Creative legen wir gro\u00dfen Wert auf Sicherheit. Deshalb werden die Produkte in unserem Werk in den Niederlanden nach den strengsten europ\u00e4ischen Sicherheitsnormen hergestellt und getestet. Spielzeug von SES Creative sorgt f\u00fcr Spa\u00df und soll Kindern ein Gef\u00fchl des Stolzes auf ihre Arbeit vermitteln, was ihre Kreativit\u00e4t und Entwicklung f\u00f6rdert.<\/p>\n<p>Beginnen Sie noch heute mit dem Basteln von Dinosauriern aus Knete<\/p>\n<p>Entdecken Sie die Magie des Modellierens und bauen Sie Ihre eigene farbenfrohe Dino-Welt mit FunDo von SES Creative \u2013 f\u00fcr stundenlangen kreativen Spielspa\u00df!<\/p>\n","protected":false},"excerpt":{"rendered":"<p>FunDo-Knete \u2013 Bau deine eigene Dino-Welt voller Abenteuer! Reise zur\u00fcck in die Vergangenheit und erwecke die Urzeit mit FunDo Knete \u2013 Dinos zum Leben! Mit diesem interaktiven Knet-Set k\u00f6nnen Kinder ihre eigenen farbenfrohen Dino-Figuren basteln. Dank der weichen, leicht formbaren Knetmasse und den inspirierenden Videoanleitungen bauen junge Kreative im Handumdrehen eine beeindruckende Dino-Landschaft. Bereit f\u00fcr [&hellip;]<\/p>\n","protected":false},"featured_media":97948,"comment_status":"closed","ping_status":"closed","template":"","meta":{"_acf_changed":false},"product_brand":[],"product_cat":[117],"product_tag":[],"class_list":{"0":"post-114419","1":"product","2":"type-product","3":"status-publish","4":"has-post-thumbnail","6":"product_cat-knete","7":"pa_leeftijd-filter-3-4-jahre","8":"pa_meest-populair-bij-jungen-maedchen","10":"first","11":"instock","12":"shipping-taxable","13":"product-type-simple"},"acf":[],"yoast_head":"<!-- This site is optimized with the Yoast SEO plugin v27.4 - https:\/\/yoast.com\/product\/yoast-seo-wordpress\/ -->\n<title>FunDo Knete - Dinos (3x90gr-1x40gr) - SES Creative<\/title>\n<meta name=\"robots\" content=\"index, follow, max-snippet:-1, max-image-preview:large, max-video-preview:-1\" \/>\n<link rel=\"canonical\" href=\"https:\/\/ses-creative.com\/de\/produkt\/fundo-knete-dinos-3x90gr-1x40gr\/\" \/>\n<meta property=\"og:locale\" content=\"de_DE\" \/>\n<meta property=\"og:type\" content=\"article\" \/>\n<meta property=\"og:title\" content=\"FunDo Knete - Dinos (3x90gr-1x40gr) - SES Creative\" \/>\n<meta property=\"og:description\" content=\"FunDo-Knete \u2013 Bau deine eigene Dino-Welt voller Abenteuer! Reise zur\u00fcck in die Vergangenheit und erwecke die Urzeit mit FunDo Knete \u2013 Dinos zum Leben! Mit diesem interaktiven Knet-Set k\u00f6nnen Kinder ihre eigenen farbenfrohen Dino-Figuren basteln. Dank der weichen, leicht formbaren Knetmasse und den inspirierenden Videoanleitungen bauen junge Kreative im Handumdrehen eine beeindruckende Dino-Landschaft. Bereit f\u00fcr [&hellip;]\" \/>\n<meta property=\"og:url\" content=\"https:\/\/ses-creative.com\/de\/produkt\/fundo-knete-dinos-3x90gr-1x40gr\/\" \/>\n<meta property=\"og:site_name\" content=\"SES Creative\" \/>\n<meta property=\"article:modified_time\" content=\"2026-02-06T09:51:15+00:00\" \/>\n<meta name=\"twitter:card\" content=\"summary_large_image\" \/>\n<meta name=\"twitter:label1\" content=\"Gesch\u00e4tzte Lesezeit\" \/>\n\t<meta name=\"twitter:data1\" content=\"1\u00a0Minute\" \/>\n<script type=\"application\/ld+json\" class=\"yoast-schema-graph\">{\"@context\":\"https:\\\/\\\/schema.org\",\"@graph\":[{\"@type\":\"WebPage\",\"@id\":\"https:\\\/\\\/ses-creative.com\\\/de\\\/produkt\\\/fundo-knete-dinos-3x90gr-1x40gr\\\/\",\"url\":\"https:\\\/\\\/ses-creative.com\\\/de\\\/produkt\\\/fundo-knete-dinos-3x90gr-1x40gr\\\/\",\"name\":\"FunDo Knete - Dinos (3x90gr-1x40gr) - SES Creative\",\"isPartOf\":{\"@id\":\"https:\\\/\\\/ses-creative.com\\\/#website\"},\"primaryImageOfPage\":{\"@id\":\"https:\\\/\\\/ses-creative.com\\\/de\\\/produkt\\\/fundo-knete-dinos-3x90gr-1x40gr\\\/#primaryimage\"},\"image\":{\"@id\":\"https:\\\/\\\/ses-creative.com\\\/de\\\/produkt\\\/fundo-knete-dinos-3x90gr-1x40gr\\\/#primaryimage\"},\"thumbnailUrl\":\"https:\\\/\\\/ses-creative.com\\\/wp-content\\\/uploads\\\/2026\\\/01\\\/008121.jpg\",\"datePublished\":\"2026-02-05T13:52:09+00:00\",\"dateModified\":\"2026-02-06T09:51:15+00:00\",\"breadcrumb\":{\"@id\":\"https:\\\/\\\/ses-creative.com\\\/de\\\/produkt\\\/fundo-knete-dinos-3x90gr-1x40gr\\\/#breadcrumb\"},\"inLanguage\":\"de\",\"potentialAction\":[{\"@type\":\"ReadAction\",\"target\":[\"https:\\\/\\\/ses-creative.com\\\/de\\\/produkt\\\/fundo-knete-dinos-3x90gr-1x40gr\\\/\"]}]},{\"@type\":\"ImageObject\",\"inLanguage\":\"de\",\"@id\":\"https:\\\/\\\/ses-creative.com\\\/de\\\/produkt\\\/fundo-knete-dinos-3x90gr-1x40gr\\\/#primaryimage\",\"url\":\"https:\\\/\\\/ses-creative.com\\\/wp-content\\\/uploads\\\/2026\\\/01\\\/008121.jpg\",\"contentUrl\":\"https:\\\/\\\/ses-creative.com\\\/wp-content\\\/uploads\\\/2026\\\/01\\\/008121.jpg\",\"width\":1000,\"height\":1000},{\"@type\":\"BreadcrumbList\",\"@id\":\"https:\\\/\\\/ses-creative.com\\\/de\\\/produkt\\\/fundo-knete-dinos-3x90gr-1x40gr\\\/#breadcrumb\",\"itemListElement\":[{\"@type\":\"ListItem\",\"position\":1,\"name\":\"Shop\",\"item\":\"https:\\\/\\\/ses-creative.com\\\/de\\\/shop\\\/\"},{\"@type\":\"ListItem\",\"position\":2,\"name\":\"Knete\",\"item\":\"https:\\\/\\\/ses-creative.com\\\/de\\\/product-categorie\\\/knete\\\/\"},{\"@type\":\"ListItem\",\"position\":3,\"name\":\"FunDo Knete &#8211; Dinos (3x90gr-1x40gr)\"}]},{\"@type\":\"WebSite\",\"@id\":\"https:\\\/\\\/ses-creative.com\\\/#website\",\"url\":\"https:\\\/\\\/ses-creative.com\\\/\",\"name\":\"SES Creative\",\"description\":\"\",\"publisher\":{\"@id\":\"https:\\\/\\\/ses-creative.com\\\/#organization\"},\"potentialAction\":[{\"@type\":\"SearchAction\",\"target\":{\"@type\":\"EntryPoint\",\"urlTemplate\":\"https:\\\/\\\/ses-creative.com\\\/?s={search_term_string}\"},\"query-input\":{\"@type\":\"PropertyValueSpecification\",\"valueRequired\":true,\"valueName\":\"search_term_string\"}}],\"inLanguage\":\"de\"},{\"@type\":\"Organization\",\"@id\":\"https:\\\/\\\/ses-creative.com\\\/#organization\",\"name\":\"SES Creative\",\"url\":\"https:\\\/\\\/ses-creative.com\\\/\",\"logo\":{\"@type\":\"ImageObject\",\"inLanguage\":\"de\",\"@id\":\"https:\\\/\\\/ses-creative.com\\\/#\\\/schema\\\/logo\\\/image\\\/\",\"url\":\"https:\\\/\\\/ses-creative.com\\\/wp-content\\\/uploads\\\/2025\\\/10\\\/ses-creative-logo.jpg\",\"contentUrl\":\"https:\\\/\\\/ses-creative.com\\\/wp-content\\\/uploads\\\/2025\\\/10\\\/ses-creative-logo.jpg\",\"width\":2037,\"height\":2037,\"caption\":\"SES Creative\"},\"image\":{\"@id\":\"https:\\\/\\\/ses-creative.com\\\/#\\\/schema\\\/logo\\\/image\\\/\"}}]}<\/script>\n<!-- \/ Yoast SEO plugin. -->","yoast_head_json":{"title":"FunDo Knete - Dinos (3x90gr-1x40gr) - SES Creative","robots":{"index":"index","follow":"follow","max-snippet":"max-snippet:-1","max-image-preview":"max-image-preview:large","max-video-preview":"max-video-preview:-1"},"canonical":"https:\/\/ses-creative.com\/de\/produkt\/fundo-knete-dinos-3x90gr-1x40gr\/","og_locale":"de_DE","og_type":"article","og_title":"FunDo Knete - Dinos (3x90gr-1x40gr) - SES Creative","og_description":"FunDo-Knete \u2013 Bau deine eigene Dino-Welt voller Abenteuer! Reise zur\u00fcck in die Vergangenheit und erwecke die Urzeit mit FunDo Knete \u2013 Dinos zum Leben! Mit diesem interaktiven Knet-Set k\u00f6nnen Kinder ihre eigenen farbenfrohen Dino-Figuren basteln. Dank der weichen, leicht formbaren Knetmasse und den inspirierenden Videoanleitungen bauen junge Kreative im Handumdrehen eine beeindruckende Dino-Landschaft. Bereit f\u00fcr [&hellip;]","og_url":"https:\/\/ses-creative.com\/de\/produkt\/fundo-knete-dinos-3x90gr-1x40gr\/","og_site_name":"SES Creative","article_modified_time":"2026-02-06T09:51:15+00:00","twitter_card":"summary_large_image","twitter_misc":{"Gesch\u00e4tzte Lesezeit":"1\u00a0Minute"},"schema":{"@context":"https:\/\/schema.org","@graph":[{"@type":"WebPage","@id":"https:\/\/ses-creative.com\/de\/produkt\/fundo-knete-dinos-3x90gr-1x40gr\/","url":"https:\/\/ses-creative.com\/de\/produkt\/fundo-knete-dinos-3x90gr-1x40gr\/","name":"FunDo Knete - Dinos (3x90gr-1x40gr) - SES Creative","isPartOf":{"@id":"https:\/\/ses-creative.com\/#website"},"primaryImageOfPage":{"@id":"https:\/\/ses-creative.com\/de\/produkt\/fundo-knete-dinos-3x90gr-1x40gr\/#primaryimage"},"image":{"@id":"https:\/\/ses-creative.com\/de\/produkt\/fundo-knete-dinos-3x90gr-1x40gr\/#primaryimage"},"thumbnailUrl":"https:\/\/ses-creative.com\/wp-content\/uploads\/2026\/01\/008121.jpg","datePublished":"2026-02-05T13:52:09+00:00","dateModified":"2026-02-06T09:51:15+00:00","breadcrumb":{"@id":"https:\/\/ses-creative.com\/de\/produkt\/fundo-knete-dinos-3x90gr-1x40gr\/#breadcrumb"},"inLanguage":"de","potentialAction":[{"@type":"ReadAction","target":["https:\/\/ses-creative.com\/de\/produkt\/fundo-knete-dinos-3x90gr-1x40gr\/"]}]},{"@type":"ImageObject","inLanguage":"de","@id":"https:\/\/ses-creative.com\/de\/produkt\/fundo-knete-dinos-3x90gr-1x40gr\/#primaryimage","url":"https:\/\/ses-creative.com\/wp-content\/uploads\/2026\/01\/008121.jpg","contentUrl":"https:\/\/ses-creative.com\/wp-content\/uploads\/2026\/01\/008121.jpg","width":1000,"height":1000},{"@type":"BreadcrumbList","@id":"https:\/\/ses-creative.com\/de\/produkt\/fundo-knete-dinos-3x90gr-1x40gr\/#breadcrumb","itemListElement":[{"@type":"ListItem","position":1,"name":"Shop","item":"https:\/\/ses-creative.com\/de\/shop\/"},{"@type":"ListItem","position":2,"name":"Knete","item":"https:\/\/ses-creative.com\/de\/product-categorie\/knete\/"},{"@type":"ListItem","position":3,"name":"FunDo Knete &#8211; Dinos (3x90gr-1x40gr)"}]},{"@type":"WebSite","@id":"https:\/\/ses-creative.com\/#website","url":"https:\/\/ses-creative.com\/","name":"SES Creative","description":"","publisher":{"@id":"https:\/\/ses-creative.com\/#organization"},"potentialAction":[{"@type":"SearchAction","target":{"@type":"EntryPoint","urlTemplate":"https:\/\/ses-creative.com\/?s={search_term_string}"},"query-input":{"@type":"PropertyValueSpecification","valueRequired":true,"valueName":"search_term_string"}}],"inLanguage":"de"},{"@type":"Organization","@id":"https:\/\/ses-creative.com\/#organization","name":"SES Creative","url":"https:\/\/ses-creative.com\/","logo":{"@type":"ImageObject","inLanguage":"de","@id":"https:\/\/ses-creative.com\/#\/schema\/logo\/image\/","url":"https:\/\/ses-creative.com\/wp-content\/uploads\/2025\/10\/ses-creative-logo.jpg","contentUrl":"https:\/\/ses-creative.com\/wp-content\/uploads\/2025\/10\/ses-creative-logo.jpg","width":2037,"height":2037,"caption":"SES Creative"},"image":{"@id":"https:\/\/ses-creative.com\/#\/schema\/logo\/image\/"}}]}},"_links":{"self":[{"href":"https:\/\/ses-creative.com\/de\/wp-json\/wp\/v2\/product\/114419","targetHints":{"allow":["GET"]}}],"collection":[{"href":"https:\/\/ses-creative.com\/de\/wp-json\/wp\/v2\/product"}],"about":[{"href":"https:\/\/ses-creative.com\/de\/wp-json\/wp\/v2\/types\/product"}],"replies":[{"embeddable":true,"href":"https:\/\/ses-creative.com\/de\/wp-json\/wp\/v2\/comments?post=114419"}],"wp:featuredmedia":[{"embeddable":true,"href":"https:\/\/ses-creative.com\/de\/wp-json\/wp\/v2\/media\/97948"}],"wp:attachment":[{"href":"https:\/\/ses-creative.com\/de\/wp-json\/wp\/v2\/media?parent=114419"}],"wp:term":[{"taxonomy":"product_brand","embeddable":true,"href":"https:\/\/ses-creative.com\/de\/wp-json\/wp\/v2\/product_brand?post=114419"},{"taxonomy":"product_cat","embeddable":true,"href":"https:\/\/ses-creative.com\/de\/wp-json\/wp\/v2\/product_cat?post=114419"},{"taxonomy":"product_tag","embeddable":true,"href":"https:\/\/ses-creative.com\/de\/wp-json\/wp\/v2\/product_tag?post=114419"}],"curies":[{"name":"wp","href":"https:\/\/api.w.org\/{rel}","templated":true}]}}