











{"id":114418,"date":"2026-02-05T13:52:09","date_gmt":"2026-02-05T13:52:09","guid":{"rendered":"https:\/\/ses-creative.com\/?post_type=product&#038;p=114418"},"modified":"2026-02-06T09:51:14","modified_gmt":"2026-02-06T09:51:14","slug":"fundo-knete-bauernhof-tiere-3x90gr-1x40gr","status":"publish","type":"product","link":"https:\/\/ses-creative.com\/de\/produkt\/fundo-knete-bauernhof-tiere-3x90gr-1x40gr\/","title":{"rendered":"FunDo Knete &#8211; Bauernhof Tiere (3x90gr-1x40gr)"},"content":{"rendered":"<p>FunDo-Knete \u2013 Bauernhoftiere f\u00fcr kleine K\u00fcnstler!<\/p>\n<p>Lassen Sie Ihrer Fantasie freien Lauf und gestalten Sie mit dem FunDo-Knet-Set von SES Creative die sch\u00f6nsten Bauernhoftiere! Mit mehreren Farben weicher Knetmasse und praktischen Videoanleitungen k\u00f6nnen Sie im Handumdrehen eine fr\u00f6hliche Kuh, ein s\u00fc\u00dfes Schweinchen oder ein stolzes Pferd gestalten. Ideal f\u00fcr Kinder, die Tiere und Basteln lieben!<\/p>\n<p>Was dieses Set so toll macht<\/p>\n<p>Inklusive Videoanleitungen f\u00fcr zus\u00e4tzliche Inspiration und Komfort<br \/>\nVerschiedene Farben Ton f\u00fcr realistische und kreative Tiere<br \/>\nSuperweiche Modelliermasse, die beim Spielen nicht austrocknet<br \/>\nF\u00f6rdert die Kreativit\u00e4t und die Entwicklung der Feinmotorik<br \/>\nGeeignet f\u00fcr Kinder ab 3 Jahren<\/p>\n<p>Erwecke deine eigene Farm zum Leben<\/p>\n<p>Kinder haben endlosen Spielspa\u00df, w\u00e4hrend sie ihre eigenen Bauernhoftiere gestalten. Der weiche Ton l\u00e4sst sich leicht formen, trocknet nicht so schnell aus und macht es einfach, stolz auf die eigenen Kreationen zu sein. Mit diesem Set macht Basteln nicht nur Spa\u00df, sondern ist auch lehrreich und sicher.<\/p>\n<p>Inhalt des Sets<\/p>\n<p>Ton rosa (90 g)<br \/>\nKnete wei\u00df (90 g)<br \/>\nBraune Tonerde (90 g)<br \/>\nSchwarzer Ton (40 g)<\/p>\n<p>Warum SES Creative w\u00e4hlen?<\/p>\n<p>Bei SES Creative legen wir gro\u00dfen Wert auf Sicherheit. Deshalb werden die Produkte in unserem Werk in den Niederlanden nach den strengsten europ\u00e4ischen Sicherheitsnormen hergestellt und getestet. Spielzeug von SES Creative macht Spa\u00df und soll Kindern ein Gef\u00fchl des Stolzes auf ihre Arbeit vermitteln, was ihre Kreativit\u00e4t und Entwicklung f\u00f6rdert.<\/p>\n<p>Beginnen Sie noch heute mit der Herstellung von Bauernhoftieren<\/p>\n<p>Lassen Sie Ihrer Kreativit\u00e4t mit FunDo Farmtiere-Knete von SES Creative freien Lauf. Perfekt f\u00fcr junge Tierfreunde mit gro\u00dfer Fantasie!<\/p>\n","protected":false},"excerpt":{"rendered":"<p>FunDo-Knete \u2013 Bauernhoftiere f\u00fcr kleine K\u00fcnstler! Lassen Sie Ihrer Fantasie freien Lauf und gestalten Sie mit dem FunDo-Knet-Set von SES Creative die sch\u00f6nsten Bauernhoftiere! Mit mehreren Farben weicher Knetmasse und praktischen Videoanleitungen k\u00f6nnen Sie im Handumdrehen eine fr\u00f6hliche Kuh, ein s\u00fc\u00dfes Schweinchen oder ein stolzes Pferd gestalten. Ideal f\u00fcr Kinder, die Tiere und Basteln lieben! [&hellip;]<\/p>\n","protected":false},"featured_media":97928,"comment_status":"closed","ping_status":"closed","template":"","meta":{"_acf_changed":false},"product_brand":[],"product_cat":[117],"product_tag":[],"class_list":{"0":"post-114418","1":"product","2":"type-product","3":"status-publish","4":"has-post-thumbnail","6":"product_cat-knete","7":"pa_leeftijd-filter-3-4-jahre","8":"pa_meest-populair-bij-jungen-maedchen","10":"first","11":"instock","12":"shipping-taxable","13":"product-type-simple"},"acf":[],"yoast_head":"<!-- This site is optimized with the Yoast SEO plugin v27.4 - https:\/\/yoast.com\/product\/yoast-seo-wordpress\/ -->\n<title>FunDo Knete - Bauernhof Tiere (3x90gr-1x40gr) - SES Creative<\/title>\n<meta name=\"robots\" content=\"index, follow, max-snippet:-1, max-image-preview:large, max-video-preview:-1\" \/>\n<link rel=\"canonical\" href=\"https:\/\/ses-creative.com\/de\/produkt\/fundo-knete-bauernhof-tiere-3x90gr-1x40gr\/\" \/>\n<meta property=\"og:locale\" content=\"de_DE\" \/>\n<meta property=\"og:type\" content=\"article\" \/>\n<meta property=\"og:title\" content=\"FunDo Knete - Bauernhof Tiere (3x90gr-1x40gr) - SES Creative\" \/>\n<meta property=\"og:description\" content=\"FunDo-Knete \u2013 Bauernhoftiere f\u00fcr kleine K\u00fcnstler! Lassen Sie Ihrer Fantasie freien Lauf und gestalten Sie mit dem FunDo-Knet-Set von SES Creative die sch\u00f6nsten Bauernhoftiere! Mit mehreren Farben weicher Knetmasse und praktischen Videoanleitungen k\u00f6nnen Sie im Handumdrehen eine fr\u00f6hliche Kuh, ein s\u00fc\u00dfes Schweinchen oder ein stolzes Pferd gestalten. Ideal f\u00fcr Kinder, die Tiere und Basteln lieben! [&hellip;]\" \/>\n<meta property=\"og:url\" content=\"https:\/\/ses-creative.com\/de\/produkt\/fundo-knete-bauernhof-tiere-3x90gr-1x40gr\/\" \/>\n<meta property=\"og:site_name\" content=\"SES Creative\" \/>\n<meta property=\"article:modified_time\" content=\"2026-02-06T09:51:14+00:00\" \/>\n<meta name=\"twitter:card\" content=\"summary_large_image\" \/>\n<meta name=\"twitter:label1\" content=\"Gesch\u00e4tzte Lesezeit\" \/>\n\t<meta name=\"twitter:data1\" content=\"1\u00a0Minute\" \/>\n<script type=\"application\/ld+json\" class=\"yoast-schema-graph\">{\"@context\":\"https:\\\/\\\/schema.org\",\"@graph\":[{\"@type\":\"WebPage\",\"@id\":\"https:\\\/\\\/ses-creative.com\\\/de\\\/produkt\\\/fundo-knete-bauernhof-tiere-3x90gr-1x40gr\\\/\",\"url\":\"https:\\\/\\\/ses-creative.com\\\/de\\\/produkt\\\/fundo-knete-bauernhof-tiere-3x90gr-1x40gr\\\/\",\"name\":\"FunDo Knete - Bauernhof Tiere (3x90gr-1x40gr) - SES Creative\",\"isPartOf\":{\"@id\":\"https:\\\/\\\/ses-creative.com\\\/#website\"},\"primaryImageOfPage\":{\"@id\":\"https:\\\/\\\/ses-creative.com\\\/de\\\/produkt\\\/fundo-knete-bauernhof-tiere-3x90gr-1x40gr\\\/#primaryimage\"},\"image\":{\"@id\":\"https:\\\/\\\/ses-creative.com\\\/de\\\/produkt\\\/fundo-knete-bauernhof-tiere-3x90gr-1x40gr\\\/#primaryimage\"},\"thumbnailUrl\":\"https:\\\/\\\/ses-creative.com\\\/wp-content\\\/uploads\\\/2026\\\/01\\\/008111.jpg\",\"datePublished\":\"2026-02-05T13:52:09+00:00\",\"dateModified\":\"2026-02-06T09:51:14+00:00\",\"breadcrumb\":{\"@id\":\"https:\\\/\\\/ses-creative.com\\\/de\\\/produkt\\\/fundo-knete-bauernhof-tiere-3x90gr-1x40gr\\\/#breadcrumb\"},\"inLanguage\":\"de\",\"potentialAction\":[{\"@type\":\"ReadAction\",\"target\":[\"https:\\\/\\\/ses-creative.com\\\/de\\\/produkt\\\/fundo-knete-bauernhof-tiere-3x90gr-1x40gr\\\/\"]}]},{\"@type\":\"ImageObject\",\"inLanguage\":\"de\",\"@id\":\"https:\\\/\\\/ses-creative.com\\\/de\\\/produkt\\\/fundo-knete-bauernhof-tiere-3x90gr-1x40gr\\\/#primaryimage\",\"url\":\"https:\\\/\\\/ses-creative.com\\\/wp-content\\\/uploads\\\/2026\\\/01\\\/008111.jpg\",\"contentUrl\":\"https:\\\/\\\/ses-creative.com\\\/wp-content\\\/uploads\\\/2026\\\/01\\\/008111.jpg\",\"width\":1000,\"height\":1000},{\"@type\":\"BreadcrumbList\",\"@id\":\"https:\\\/\\\/ses-creative.com\\\/de\\\/produkt\\\/fundo-knete-bauernhof-tiere-3x90gr-1x40gr\\\/#breadcrumb\",\"itemListElement\":[{\"@type\":\"ListItem\",\"position\":1,\"name\":\"Shop\",\"item\":\"https:\\\/\\\/ses-creative.com\\\/de\\\/shop\\\/\"},{\"@type\":\"ListItem\",\"position\":2,\"name\":\"Knete\",\"item\":\"https:\\\/\\\/ses-creative.com\\\/de\\\/product-categorie\\\/knete\\\/\"},{\"@type\":\"ListItem\",\"position\":3,\"name\":\"FunDo Knete &#8211; Bauernhof Tiere (3x90gr-1x40gr)\"}]},{\"@type\":\"WebSite\",\"@id\":\"https:\\\/\\\/ses-creative.com\\\/#website\",\"url\":\"https:\\\/\\\/ses-creative.com\\\/\",\"name\":\"SES Creative\",\"description\":\"\",\"publisher\":{\"@id\":\"https:\\\/\\\/ses-creative.com\\\/#organization\"},\"potentialAction\":[{\"@type\":\"SearchAction\",\"target\":{\"@type\":\"EntryPoint\",\"urlTemplate\":\"https:\\\/\\\/ses-creative.com\\\/?s={search_term_string}\"},\"query-input\":{\"@type\":\"PropertyValueSpecification\",\"valueRequired\":true,\"valueName\":\"search_term_string\"}}],\"inLanguage\":\"de\"},{\"@type\":\"Organization\",\"@id\":\"https:\\\/\\\/ses-creative.com\\\/#organization\",\"name\":\"SES Creative\",\"url\":\"https:\\\/\\\/ses-creative.com\\\/\",\"logo\":{\"@type\":\"ImageObject\",\"inLanguage\":\"de\",\"@id\":\"https:\\\/\\\/ses-creative.com\\\/#\\\/schema\\\/logo\\\/image\\\/\",\"url\":\"https:\\\/\\\/ses-creative.com\\\/wp-content\\\/uploads\\\/2025\\\/10\\\/ses-creative-logo.jpg\",\"contentUrl\":\"https:\\\/\\\/ses-creative.com\\\/wp-content\\\/uploads\\\/2025\\\/10\\\/ses-creative-logo.jpg\",\"width\":2037,\"height\":2037,\"caption\":\"SES Creative\"},\"image\":{\"@id\":\"https:\\\/\\\/ses-creative.com\\\/#\\\/schema\\\/logo\\\/image\\\/\"}}]}<\/script>\n<!-- \/ Yoast SEO plugin. -->","yoast_head_json":{"title":"FunDo Knete - Bauernhof Tiere (3x90gr-1x40gr) - SES Creative","robots":{"index":"index","follow":"follow","max-snippet":"max-snippet:-1","max-image-preview":"max-image-preview:large","max-video-preview":"max-video-preview:-1"},"canonical":"https:\/\/ses-creative.com\/de\/produkt\/fundo-knete-bauernhof-tiere-3x90gr-1x40gr\/","og_locale":"de_DE","og_type":"article","og_title":"FunDo Knete - Bauernhof Tiere (3x90gr-1x40gr) - SES Creative","og_description":"FunDo-Knete \u2013 Bauernhoftiere f\u00fcr kleine K\u00fcnstler! Lassen Sie Ihrer Fantasie freien Lauf und gestalten Sie mit dem FunDo-Knet-Set von SES Creative die sch\u00f6nsten Bauernhoftiere! Mit mehreren Farben weicher Knetmasse und praktischen Videoanleitungen k\u00f6nnen Sie im Handumdrehen eine fr\u00f6hliche Kuh, ein s\u00fc\u00dfes Schweinchen oder ein stolzes Pferd gestalten. Ideal f\u00fcr Kinder, die Tiere und Basteln lieben! [&hellip;]","og_url":"https:\/\/ses-creative.com\/de\/produkt\/fundo-knete-bauernhof-tiere-3x90gr-1x40gr\/","og_site_name":"SES Creative","article_modified_time":"2026-02-06T09:51:14+00:00","twitter_card":"summary_large_image","twitter_misc":{"Gesch\u00e4tzte Lesezeit":"1\u00a0Minute"},"schema":{"@context":"https:\/\/schema.org","@graph":[{"@type":"WebPage","@id":"https:\/\/ses-creative.com\/de\/produkt\/fundo-knete-bauernhof-tiere-3x90gr-1x40gr\/","url":"https:\/\/ses-creative.com\/de\/produkt\/fundo-knete-bauernhof-tiere-3x90gr-1x40gr\/","name":"FunDo Knete - Bauernhof Tiere (3x90gr-1x40gr) - SES Creative","isPartOf":{"@id":"https:\/\/ses-creative.com\/#website"},"primaryImageOfPage":{"@id":"https:\/\/ses-creative.com\/de\/produkt\/fundo-knete-bauernhof-tiere-3x90gr-1x40gr\/#primaryimage"},"image":{"@id":"https:\/\/ses-creative.com\/de\/produkt\/fundo-knete-bauernhof-tiere-3x90gr-1x40gr\/#primaryimage"},"thumbnailUrl":"https:\/\/ses-creative.com\/wp-content\/uploads\/2026\/01\/008111.jpg","datePublished":"2026-02-05T13:52:09+00:00","dateModified":"2026-02-06T09:51:14+00:00","breadcrumb":{"@id":"https:\/\/ses-creative.com\/de\/produkt\/fundo-knete-bauernhof-tiere-3x90gr-1x40gr\/#breadcrumb"},"inLanguage":"de","potentialAction":[{"@type":"ReadAction","target":["https:\/\/ses-creative.com\/de\/produkt\/fundo-knete-bauernhof-tiere-3x90gr-1x40gr\/"]}]},{"@type":"ImageObject","inLanguage":"de","@id":"https:\/\/ses-creative.com\/de\/produkt\/fundo-knete-bauernhof-tiere-3x90gr-1x40gr\/#primaryimage","url":"https:\/\/ses-creative.com\/wp-content\/uploads\/2026\/01\/008111.jpg","contentUrl":"https:\/\/ses-creative.com\/wp-content\/uploads\/2026\/01\/008111.jpg","width":1000,"height":1000},{"@type":"BreadcrumbList","@id":"https:\/\/ses-creative.com\/de\/produkt\/fundo-knete-bauernhof-tiere-3x90gr-1x40gr\/#breadcrumb","itemListElement":[{"@type":"ListItem","position":1,"name":"Shop","item":"https:\/\/ses-creative.com\/de\/shop\/"},{"@type":"ListItem","position":2,"name":"Knete","item":"https:\/\/ses-creative.com\/de\/product-categorie\/knete\/"},{"@type":"ListItem","position":3,"name":"FunDo Knete &#8211; Bauernhof Tiere (3x90gr-1x40gr)"}]},{"@type":"WebSite","@id":"https:\/\/ses-creative.com\/#website","url":"https:\/\/ses-creative.com\/","name":"SES Creative","description":"","publisher":{"@id":"https:\/\/ses-creative.com\/#organization"},"potentialAction":[{"@type":"SearchAction","target":{"@type":"EntryPoint","urlTemplate":"https:\/\/ses-creative.com\/?s={search_term_string}"},"query-input":{"@type":"PropertyValueSpecification","valueRequired":true,"valueName":"search_term_string"}}],"inLanguage":"de"},{"@type":"Organization","@id":"https:\/\/ses-creative.com\/#organization","name":"SES Creative","url":"https:\/\/ses-creative.com\/","logo":{"@type":"ImageObject","inLanguage":"de","@id":"https:\/\/ses-creative.com\/#\/schema\/logo\/image\/","url":"https:\/\/ses-creative.com\/wp-content\/uploads\/2025\/10\/ses-creative-logo.jpg","contentUrl":"https:\/\/ses-creative.com\/wp-content\/uploads\/2025\/10\/ses-creative-logo.jpg","width":2037,"height":2037,"caption":"SES Creative"},"image":{"@id":"https:\/\/ses-creative.com\/#\/schema\/logo\/image\/"}}]}},"_links":{"self":[{"href":"https:\/\/ses-creative.com\/de\/wp-json\/wp\/v2\/product\/114418","targetHints":{"allow":["GET"]}}],"collection":[{"href":"https:\/\/ses-creative.com\/de\/wp-json\/wp\/v2\/product"}],"about":[{"href":"https:\/\/ses-creative.com\/de\/wp-json\/wp\/v2\/types\/product"}],"replies":[{"embeddable":true,"href":"https:\/\/ses-creative.com\/de\/wp-json\/wp\/v2\/comments?post=114418"}],"wp:featuredmedia":[{"embeddable":true,"href":"https:\/\/ses-creative.com\/de\/wp-json\/wp\/v2\/media\/97928"}],"wp:attachment":[{"href":"https:\/\/ses-creative.com\/de\/wp-json\/wp\/v2\/media?parent=114418"}],"wp:term":[{"taxonomy":"product_brand","embeddable":true,"href":"https:\/\/ses-creative.com\/de\/wp-json\/wp\/v2\/product_brand?post=114418"},{"taxonomy":"product_cat","embeddable":true,"href":"https:\/\/ses-creative.com\/de\/wp-json\/wp\/v2\/product_cat?post=114418"},{"taxonomy":"product_tag","embeddable":true,"href":"https:\/\/ses-creative.com\/de\/wp-json\/wp\/v2\/product_tag?post=114418"}],"curies":[{"name":"wp","href":"https:\/\/api.w.org\/{rel}","templated":true}]}}