











{"id":114417,"date":"2026-02-05T13:52:09","date_gmt":"2026-02-05T13:52:09","guid":{"rendered":"https:\/\/ses-creative.com\/?post_type=product&#038;p=114417"},"modified":"2026-02-06T09:51:14","modified_gmt":"2026-02-06T09:51:14","slug":"tafelwischer","status":"publish","type":"product","link":"https:\/\/ses-creative.com\/de\/produkt\/tafelwischer\/","title":{"rendered":"Tafelwischer"},"content":{"rendered":"<p>Reinigen Sie Ihre Tafel mit diesem Tafelwischer aus Holz!<br \/>\nDieser Holz-Tafelwischer von SES Creative ist das perfekte Hilfsmittel, um deine Kreidetafel wieder komplett sauber zu machen. Wische deine Kreationen einfach weg und beginne mit einem neuen Meisterwerk. Der Tafelwischer ist robust und langlebig, ideal f\u00fcr zu Hause und im Klassenzimmer. Perfekt f\u00fcr junge K\u00fcnstler, die gerne zeichnen und schreiben!<br \/>\nWas dieses Set so gro\u00dfartig macht<br \/>\n&#8211;    Aus echtem Holz gefertigt<br \/>\n&#8211;    Einfaches Reinigen von Kreidetafeln<br \/>\n&#8211;    Langlebig und robust<br \/>\n&#8211;    Regt zu wiederholter kreativer Besch\u00e4ftigung an<br \/>\n&#8211;    Geeignet f\u00fcr Kinder ab 3 Jahren<br \/>\nEntwerfen Sie immer wieder neue Kreationen<br \/>\nMit diesem Tafelwischer k\u00f6nnen Kinder immer wieder von vorne beginnen und ihre Kreidetafel f\u00fcr neue Zeichnungen und Geschichten reinigen. Eine gro\u00dfartige M\u00f6glichkeit, ohne Einschr\u00e4nkungen kreativ zu bleiben.<br \/>\nDieser Tafelwischer ist ideal f\u00fcr Eltern und Lehrer, die Kinder zu wiederholter kreativer Bet\u00e4tigung anregen m\u00f6chten. Er bietet eine langlebige und praktische M\u00f6glichkeit zum Spielen und Lernen.<br \/>\nPackungsinhalt:<br \/>\n&#8211;    1 Holz-Tafelwischer<br \/>\nWarum SES Creative w\u00e4hlen?<br \/>\nBei SES Creative legen wir gro\u00dfen Wert auf Sicherheit. Deshalb werden die Produkte in der Fabrik in den Niederlanden nach den strengsten europ\u00e4ischen Sicherheitsstandards hergestellt und getestet. Spielzeug von SES Creative sorgt f\u00fcr Spa\u00df und zielt darauf ab, dass Kinder stolz auf ihre Arbeit sein k\u00f6nnen, was ihre Kreativit\u00e4t und Entwicklung f\u00f6rdert.<br \/>\nBeginnen Sie noch heute mit neuen Kreationen<br \/>\nEntdecken Sie den Spa\u00df am Zeichnen auf einer Kreidetafel und beginnen Sie mit diesem praktischen Holz-Tafelwischer immer wieder von vorne. Perfekt f\u00fcr stundenlangen Spielspa\u00df!<\/p>\n","protected":false},"excerpt":{"rendered":"<p>Reinigen Sie Ihre Tafel mit diesem Tafelwischer aus Holz! Dieser Holz-Tafelwischer von SES Creative ist das perfekte Hilfsmittel, um deine Kreidetafel wieder komplett sauber zu machen. Wische deine Kreationen einfach weg und beginne mit einem neuen Meisterwerk. Der Tafelwischer ist robust und langlebig, ideal f\u00fcr zu Hause und im Klassenzimmer. Perfekt f\u00fcr junge K\u00fcnstler, die [&hellip;]<\/p>\n","protected":false},"featured_media":97908,"comment_status":"closed","ping_status":"closed","template":"","meta":{"_acf_changed":false},"product_brand":[],"product_cat":[115],"product_tag":[],"class_list":{"0":"post-114417","1":"product","2":"type-product","3":"status-publish","4":"has-post-thumbnail","6":"product_cat-basteln","7":"pa_leeftijd-filter-3-4-jahre","8":"pa_meest-populair-bij-jungen-maedchen","10":"first","11":"instock","12":"shipping-taxable","13":"product-type-simple"},"acf":[],"yoast_head":"<!-- This site is optimized with the Yoast SEO plugin v27.2 - https:\/\/yoast.com\/product\/yoast-seo-wordpress\/ -->\n<title>Tafelwischer - SES Creative<\/title>\n<meta name=\"robots\" content=\"index, follow, max-snippet:-1, max-image-preview:large, max-video-preview:-1\" \/>\n<link rel=\"canonical\" href=\"https:\/\/ses-creative.com\/de\/produkt\/tafelwischer\/\" \/>\n<meta property=\"og:locale\" content=\"de_DE\" \/>\n<meta property=\"og:type\" content=\"article\" \/>\n<meta property=\"og:title\" content=\"Tafelwischer - SES Creative\" \/>\n<meta property=\"og:description\" content=\"Reinigen Sie Ihre Tafel mit diesem Tafelwischer aus Holz! Dieser Holz-Tafelwischer von SES Creative ist das perfekte Hilfsmittel, um deine Kreidetafel wieder komplett sauber zu machen. Wische deine Kreationen einfach weg und beginne mit einem neuen Meisterwerk. Der Tafelwischer ist robust und langlebig, ideal f\u00fcr zu Hause und im Klassenzimmer. Perfekt f\u00fcr junge K\u00fcnstler, die [&hellip;]\" \/>\n<meta property=\"og:url\" content=\"https:\/\/ses-creative.com\/de\/produkt\/tafelwischer\/\" \/>\n<meta property=\"og:site_name\" content=\"SES Creative\" \/>\n<meta property=\"article:modified_time\" content=\"2026-02-06T09:51:14+00:00\" \/>\n<meta name=\"twitter:card\" content=\"summary_large_image\" \/>\n<meta name=\"twitter:label1\" content=\"Gesch\u00e4tzte Lesezeit\" \/>\n\t<meta name=\"twitter:data1\" content=\"1\u00a0Minute\" \/>\n<script type=\"application\/ld+json\" class=\"yoast-schema-graph\">{\"@context\":\"https:\/\/schema.org\",\"@graph\":[{\"@type\":\"WebPage\",\"@id\":\"https:\/\/ses-creative.com\/de\/produkt\/tafelwischer\/\",\"url\":\"https:\/\/ses-creative.com\/de\/produkt\/tafelwischer\/\",\"name\":\"Tafelwischer - SES Creative\",\"isPartOf\":{\"@id\":\"https:\/\/ses-creative.com\/#website\"},\"primaryImageOfPage\":{\"@id\":\"https:\/\/ses-creative.com\/de\/produkt\/tafelwischer\/#primaryimage\"},\"image\":{\"@id\":\"https:\/\/ses-creative.com\/de\/produkt\/tafelwischer\/#primaryimage\"},\"thumbnailUrl\":\"https:\/\/ses-creative.com\/wp-content\/uploads\/2026\/01\/008101.jpg\",\"datePublished\":\"2026-02-05T13:52:09+00:00\",\"dateModified\":\"2026-02-06T09:51:14+00:00\",\"breadcrumb\":{\"@id\":\"https:\/\/ses-creative.com\/de\/produkt\/tafelwischer\/#breadcrumb\"},\"inLanguage\":\"de\",\"potentialAction\":[{\"@type\":\"ReadAction\",\"target\":[\"https:\/\/ses-creative.com\/de\/produkt\/tafelwischer\/\"]}]},{\"@type\":\"ImageObject\",\"inLanguage\":\"de\",\"@id\":\"https:\/\/ses-creative.com\/de\/produkt\/tafelwischer\/#primaryimage\",\"url\":\"https:\/\/ses-creative.com\/wp-content\/uploads\/2026\/01\/008101.jpg\",\"contentUrl\":\"https:\/\/ses-creative.com\/wp-content\/uploads\/2026\/01\/008101.jpg\",\"width\":1000,\"height\":1000},{\"@type\":\"BreadcrumbList\",\"@id\":\"https:\/\/ses-creative.com\/de\/produkt\/tafelwischer\/#breadcrumb\",\"itemListElement\":[{\"@type\":\"ListItem\",\"position\":1,\"name\":\"Shop\",\"item\":\"https:\/\/ses-creative.com\/de\/shop\/\"},{\"@type\":\"ListItem\",\"position\":2,\"name\":\"Basteln\",\"item\":\"https:\/\/ses-creative.com\/de\/product-categorie\/basteln\/\"},{\"@type\":\"ListItem\",\"position\":3,\"name\":\"Tafelwischer\"}]},{\"@type\":\"WebSite\",\"@id\":\"https:\/\/ses-creative.com\/#website\",\"url\":\"https:\/\/ses-creative.com\/\",\"name\":\"SES Creative\",\"description\":\"\",\"publisher\":{\"@id\":\"https:\/\/ses-creative.com\/#organization\"},\"potentialAction\":[{\"@type\":\"SearchAction\",\"target\":{\"@type\":\"EntryPoint\",\"urlTemplate\":\"https:\/\/ses-creative.com\/?s={search_term_string}\"},\"query-input\":{\"@type\":\"PropertyValueSpecification\",\"valueRequired\":true,\"valueName\":\"search_term_string\"}}],\"inLanguage\":\"de\"},{\"@type\":\"Organization\",\"@id\":\"https:\/\/ses-creative.com\/#organization\",\"name\":\"SES Creative\",\"url\":\"https:\/\/ses-creative.com\/\",\"logo\":{\"@type\":\"ImageObject\",\"inLanguage\":\"de\",\"@id\":\"https:\/\/ses-creative.com\/#\/schema\/logo\/image\/\",\"url\":\"https:\/\/ses-creative.com\/wp-content\/uploads\/2025\/10\/ses-creative-logo.jpg\",\"contentUrl\":\"https:\/\/ses-creative.com\/wp-content\/uploads\/2025\/10\/ses-creative-logo.jpg\",\"width\":2037,\"height\":2037,\"caption\":\"SES Creative\"},\"image\":{\"@id\":\"https:\/\/ses-creative.com\/#\/schema\/logo\/image\/\"}}]}<\/script>\n<!-- \/ Yoast SEO plugin. -->","yoast_head_json":{"title":"Tafelwischer - SES Creative","robots":{"index":"index","follow":"follow","max-snippet":"max-snippet:-1","max-image-preview":"max-image-preview:large","max-video-preview":"max-video-preview:-1"},"canonical":"https:\/\/ses-creative.com\/de\/produkt\/tafelwischer\/","og_locale":"de_DE","og_type":"article","og_title":"Tafelwischer - SES Creative","og_description":"Reinigen Sie Ihre Tafel mit diesem Tafelwischer aus Holz! Dieser Holz-Tafelwischer von SES Creative ist das perfekte Hilfsmittel, um deine Kreidetafel wieder komplett sauber zu machen. Wische deine Kreationen einfach weg und beginne mit einem neuen Meisterwerk. Der Tafelwischer ist robust und langlebig, ideal f\u00fcr zu Hause und im Klassenzimmer. Perfekt f\u00fcr junge K\u00fcnstler, die [&hellip;]","og_url":"https:\/\/ses-creative.com\/de\/produkt\/tafelwischer\/","og_site_name":"SES Creative","article_modified_time":"2026-02-06T09:51:14+00:00","twitter_card":"summary_large_image","twitter_misc":{"Gesch\u00e4tzte Lesezeit":"1\u00a0Minute"},"schema":{"@context":"https:\/\/schema.org","@graph":[{"@type":"WebPage","@id":"https:\/\/ses-creative.com\/de\/produkt\/tafelwischer\/","url":"https:\/\/ses-creative.com\/de\/produkt\/tafelwischer\/","name":"Tafelwischer - SES Creative","isPartOf":{"@id":"https:\/\/ses-creative.com\/#website"},"primaryImageOfPage":{"@id":"https:\/\/ses-creative.com\/de\/produkt\/tafelwischer\/#primaryimage"},"image":{"@id":"https:\/\/ses-creative.com\/de\/produkt\/tafelwischer\/#primaryimage"},"thumbnailUrl":"https:\/\/ses-creative.com\/wp-content\/uploads\/2026\/01\/008101.jpg","datePublished":"2026-02-05T13:52:09+00:00","dateModified":"2026-02-06T09:51:14+00:00","breadcrumb":{"@id":"https:\/\/ses-creative.com\/de\/produkt\/tafelwischer\/#breadcrumb"},"inLanguage":"de","potentialAction":[{"@type":"ReadAction","target":["https:\/\/ses-creative.com\/de\/produkt\/tafelwischer\/"]}]},{"@type":"ImageObject","inLanguage":"de","@id":"https:\/\/ses-creative.com\/de\/produkt\/tafelwischer\/#primaryimage","url":"https:\/\/ses-creative.com\/wp-content\/uploads\/2026\/01\/008101.jpg","contentUrl":"https:\/\/ses-creative.com\/wp-content\/uploads\/2026\/01\/008101.jpg","width":1000,"height":1000},{"@type":"BreadcrumbList","@id":"https:\/\/ses-creative.com\/de\/produkt\/tafelwischer\/#breadcrumb","itemListElement":[{"@type":"ListItem","position":1,"name":"Shop","item":"https:\/\/ses-creative.com\/de\/shop\/"},{"@type":"ListItem","position":2,"name":"Basteln","item":"https:\/\/ses-creative.com\/de\/product-categorie\/basteln\/"},{"@type":"ListItem","position":3,"name":"Tafelwischer"}]},{"@type":"WebSite","@id":"https:\/\/ses-creative.com\/#website","url":"https:\/\/ses-creative.com\/","name":"SES Creative","description":"","publisher":{"@id":"https:\/\/ses-creative.com\/#organization"},"potentialAction":[{"@type":"SearchAction","target":{"@type":"EntryPoint","urlTemplate":"https:\/\/ses-creative.com\/?s={search_term_string}"},"query-input":{"@type":"PropertyValueSpecification","valueRequired":true,"valueName":"search_term_string"}}],"inLanguage":"de"},{"@type":"Organization","@id":"https:\/\/ses-creative.com\/#organization","name":"SES Creative","url":"https:\/\/ses-creative.com\/","logo":{"@type":"ImageObject","inLanguage":"de","@id":"https:\/\/ses-creative.com\/#\/schema\/logo\/image\/","url":"https:\/\/ses-creative.com\/wp-content\/uploads\/2025\/10\/ses-creative-logo.jpg","contentUrl":"https:\/\/ses-creative.com\/wp-content\/uploads\/2025\/10\/ses-creative-logo.jpg","width":2037,"height":2037,"caption":"SES Creative"},"image":{"@id":"https:\/\/ses-creative.com\/#\/schema\/logo\/image\/"}}]}},"_links":{"self":[{"href":"https:\/\/ses-creative.com\/de\/wp-json\/wp\/v2\/product\/114417","targetHints":{"allow":["GET"]}}],"collection":[{"href":"https:\/\/ses-creative.com\/de\/wp-json\/wp\/v2\/product"}],"about":[{"href":"https:\/\/ses-creative.com\/de\/wp-json\/wp\/v2\/types\/product"}],"replies":[{"embeddable":true,"href":"https:\/\/ses-creative.com\/de\/wp-json\/wp\/v2\/comments?post=114417"}],"wp:featuredmedia":[{"embeddable":true,"href":"https:\/\/ses-creative.com\/de\/wp-json\/wp\/v2\/media\/97908"}],"wp:attachment":[{"href":"https:\/\/ses-creative.com\/de\/wp-json\/wp\/v2\/media?parent=114417"}],"wp:term":[{"taxonomy":"product_brand","embeddable":true,"href":"https:\/\/ses-creative.com\/de\/wp-json\/wp\/v2\/product_brand?post=114417"},{"taxonomy":"product_cat","embeddable":true,"href":"https:\/\/ses-creative.com\/de\/wp-json\/wp\/v2\/product_cat?post=114417"},{"taxonomy":"product_tag","embeddable":true,"href":"https:\/\/ses-creative.com\/de\/wp-json\/wp\/v2\/product_tag?post=114417"}],"curies":[{"name":"wp","href":"https:\/\/api.w.org\/{rel}","templated":true}]}}