











{"id":114409,"date":"2026-02-05T13:52:08","date_gmt":"2026-02-05T13:52:08","guid":{"rendered":"https:\/\/ses-creative.com\/?post_type=product&#038;p=114409"},"modified":"2026-02-06T09:51:14","modified_gmt":"2026-02-06T09:51:14","slug":"buegelperlen-stiftplatten-2x","status":"publish","type":"product","link":"https:\/\/ses-creative.com\/de\/produkt\/buegelperlen-stiftplatten-2x\/","title":{"rendered":"B\u00fcgelperlen Stiftplatten 2x"},"content":{"rendered":"<p>Beedz \u2013 B\u00fcgelperlen-Grundplatten rund und quadratisch: Doppelt so viel kreativer Spa\u00df<\/p>\n<p>Mit diesem Set aus zwei B\u00fcgelperlen-Grundplatten von SES Creative lassen sich die sch\u00f6nsten und vielf\u00e4ltigsten Designs gestalten. Das Set enth\u00e4lt eine runde und eine quadratische Grundplatte, sodass Kinder endlos kombinieren und variieren k\u00f6nnen. Perfekt f\u00fcr kleine K\u00fcnstler, die Abwechslung lieben und immer wieder neue Kreationen gestalten m\u00f6chten.<\/p>\n<p>Was dieses Set so toll macht<\/p>\n<p>2 B\u00fcgelperlen-Grundplatten: rund und quadratisch<br \/>\nKompatibel mit allen SES-B\u00fcgelperlen<br \/>\nGeeignet f\u00fcr Kinder ab 5 Jahren<br \/>\nF\u00f6rdert Kreativit\u00e4t und Feinmotorik<br \/>\nBietet durch verschiedene Formen mehr kreative M\u00f6glichkeiten<\/p>\n<p>Lassen Sie Ihrer Fantasie freien Lauf<br \/>\nMit diesen praktischen Grundplatten k\u00f6nnen Kinder ihre eigenen Muster und Figuren entwerfen. Die runde und quadratische Form sorgen zusammen f\u00fcr unendliche Variationsm\u00f6glichkeiten: von abstrakten Kunstwerken bis hin zu erkennbaren Figuren. Es ist die perfekte Grundlage f\u00fcr kreative Freiheit und die spielerische Entwicklung von F\u00e4higkeiten.<\/p>\n<p>Inhalt des Sets<\/p>\n<p>1 runde Grundplatte f\u00fcr B\u00fcgelperlen<br \/>\n1 quadratische Grundplatte f\u00fcr B\u00fcgelperlen<\/p>\n<p>Warum SES Creative w\u00e4hlen<br \/>\nBei SES Creative legen wir gro\u00dfen Wert auf Sicherheit. Deshalb werden die Produkte in unserem Werk in den Niederlanden nach den strengsten europ\u00e4ischen Sicherheitsnormen hergestellt und getestet. Spielzeug von SES Creative macht Spa\u00df und soll Kindern ein Gef\u00fchl des Stolzes auf ihre Arbeit vermitteln, was ihre Kreativit\u00e4t und Entwicklung f\u00f6rdert.<\/p>\n<p>Beginnen Sie noch heute Ihr Beedz-Abenteuer<br \/>\nEntdecken Sie den Spa\u00df an B\u00fcgelperlen und kreieren Sie mit diesem vielseitigen Set aus Grundplatten die sch\u00f6nsten Kunstwerke. Perfekt f\u00fcr endlosen kreativen Spielspa\u00df!<\/p>\n","protected":false},"excerpt":{"rendered":"<p>Beedz \u2013 B\u00fcgelperlen-Grundplatten rund und quadratisch: Doppelt so viel kreativer Spa\u00df Mit diesem Set aus zwei B\u00fcgelperlen-Grundplatten von SES Creative lassen sich die sch\u00f6nsten und vielf\u00e4ltigsten Designs gestalten. Das Set enth\u00e4lt eine runde und eine quadratische Grundplatte, sodass Kinder endlos kombinieren und variieren k\u00f6nnen. Perfekt f\u00fcr kleine K\u00fcnstler, die Abwechslung lieben und immer wieder neue [&hellip;]<\/p>\n","protected":false},"featured_media":97748,"comment_status":"closed","ping_status":"closed","template":"","meta":{"_acf_changed":false},"product_brand":[],"product_cat":[118],"product_tag":[],"class_list":{"0":"post-114409","1":"product","2":"type-product","3":"status-publish","4":"has-post-thumbnail","6":"product_cat-buegelperlen","7":"pa_leeftijd-filter-4-6-jahre","8":"pa_meest-populair-bij-jungen-maedchen","10":"first","11":"instock","12":"shipping-taxable","13":"product-type-simple"},"acf":[],"yoast_head":"<!-- This site is optimized with the Yoast SEO plugin v27.2 - https:\/\/yoast.com\/product\/yoast-seo-wordpress\/ -->\n<title>B\u00fcgelperlen Stiftplatten 2x - SES Creative<\/title>\n<meta name=\"robots\" content=\"index, follow, max-snippet:-1, max-image-preview:large, max-video-preview:-1\" \/>\n<link rel=\"canonical\" href=\"https:\/\/ses-creative.com\/de\/produkt\/buegelperlen-stiftplatten-2x\/\" \/>\n<meta property=\"og:locale\" content=\"de_DE\" \/>\n<meta property=\"og:type\" content=\"article\" \/>\n<meta property=\"og:title\" content=\"B\u00fcgelperlen Stiftplatten 2x - SES Creative\" \/>\n<meta property=\"og:description\" content=\"Beedz \u2013 B\u00fcgelperlen-Grundplatten rund und quadratisch: Doppelt so viel kreativer Spa\u00df Mit diesem Set aus zwei B\u00fcgelperlen-Grundplatten von SES Creative lassen sich die sch\u00f6nsten und vielf\u00e4ltigsten Designs gestalten. Das Set enth\u00e4lt eine runde und eine quadratische Grundplatte, sodass Kinder endlos kombinieren und variieren k\u00f6nnen. Perfekt f\u00fcr kleine K\u00fcnstler, die Abwechslung lieben und immer wieder neue [&hellip;]\" \/>\n<meta property=\"og:url\" content=\"https:\/\/ses-creative.com\/de\/produkt\/buegelperlen-stiftplatten-2x\/\" \/>\n<meta property=\"og:site_name\" content=\"SES Creative\" \/>\n<meta property=\"article:modified_time\" content=\"2026-02-06T09:51:14+00:00\" \/>\n<meta name=\"twitter:card\" content=\"summary_large_image\" \/>\n<meta name=\"twitter:label1\" content=\"Gesch\u00e4tzte Lesezeit\" \/>\n\t<meta name=\"twitter:data1\" content=\"1\u00a0Minute\" \/>\n<script type=\"application\/ld+json\" class=\"yoast-schema-graph\">{\"@context\":\"https:\/\/schema.org\",\"@graph\":[{\"@type\":\"WebPage\",\"@id\":\"https:\/\/ses-creative.com\/de\/produkt\/buegelperlen-stiftplatten-2x\/\",\"url\":\"https:\/\/ses-creative.com\/de\/produkt\/buegelperlen-stiftplatten-2x\/\",\"name\":\"B\u00fcgelperlen Stiftplatten 2x - SES Creative\",\"isPartOf\":{\"@id\":\"https:\/\/ses-creative.com\/#website\"},\"primaryImageOfPage\":{\"@id\":\"https:\/\/ses-creative.com\/de\/produkt\/buegelperlen-stiftplatten-2x\/#primaryimage\"},\"image\":{\"@id\":\"https:\/\/ses-creative.com\/de\/produkt\/buegelperlen-stiftplatten-2x\/#primaryimage\"},\"thumbnailUrl\":\"https:\/\/ses-creative.com\/wp-content\/uploads\/2026\/01\/007811.jpg\",\"datePublished\":\"2026-02-05T13:52:08+00:00\",\"dateModified\":\"2026-02-06T09:51:14+00:00\",\"breadcrumb\":{\"@id\":\"https:\/\/ses-creative.com\/de\/produkt\/buegelperlen-stiftplatten-2x\/#breadcrumb\"},\"inLanguage\":\"de\",\"potentialAction\":[{\"@type\":\"ReadAction\",\"target\":[\"https:\/\/ses-creative.com\/de\/produkt\/buegelperlen-stiftplatten-2x\/\"]}]},{\"@type\":\"ImageObject\",\"inLanguage\":\"de\",\"@id\":\"https:\/\/ses-creative.com\/de\/produkt\/buegelperlen-stiftplatten-2x\/#primaryimage\",\"url\":\"https:\/\/ses-creative.com\/wp-content\/uploads\/2026\/01\/007811.jpg\",\"contentUrl\":\"https:\/\/ses-creative.com\/wp-content\/uploads\/2026\/01\/007811.jpg\",\"width\":1000,\"height\":1000},{\"@type\":\"BreadcrumbList\",\"@id\":\"https:\/\/ses-creative.com\/de\/produkt\/buegelperlen-stiftplatten-2x\/#breadcrumb\",\"itemListElement\":[{\"@type\":\"ListItem\",\"position\":1,\"name\":\"Shop\",\"item\":\"https:\/\/ses-creative.com\/de\/shop\/\"},{\"@type\":\"ListItem\",\"position\":2,\"name\":\"B\u00fcgelperlen\",\"item\":\"https:\/\/ses-creative.com\/de\/product-categorie\/buegelperlen\/\"},{\"@type\":\"ListItem\",\"position\":3,\"name\":\"B\u00fcgelperlen Stiftplatten 2x\"}]},{\"@type\":\"WebSite\",\"@id\":\"https:\/\/ses-creative.com\/#website\",\"url\":\"https:\/\/ses-creative.com\/\",\"name\":\"SES Creative\",\"description\":\"\",\"publisher\":{\"@id\":\"https:\/\/ses-creative.com\/#organization\"},\"potentialAction\":[{\"@type\":\"SearchAction\",\"target\":{\"@type\":\"EntryPoint\",\"urlTemplate\":\"https:\/\/ses-creative.com\/?s={search_term_string}\"},\"query-input\":{\"@type\":\"PropertyValueSpecification\",\"valueRequired\":true,\"valueName\":\"search_term_string\"}}],\"inLanguage\":\"de\"},{\"@type\":\"Organization\",\"@id\":\"https:\/\/ses-creative.com\/#organization\",\"name\":\"SES Creative\",\"url\":\"https:\/\/ses-creative.com\/\",\"logo\":{\"@type\":\"ImageObject\",\"inLanguage\":\"de\",\"@id\":\"https:\/\/ses-creative.com\/#\/schema\/logo\/image\/\",\"url\":\"https:\/\/ses-creative.com\/wp-content\/uploads\/2025\/10\/ses-creative-logo.jpg\",\"contentUrl\":\"https:\/\/ses-creative.com\/wp-content\/uploads\/2025\/10\/ses-creative-logo.jpg\",\"width\":2037,\"height\":2037,\"caption\":\"SES Creative\"},\"image\":{\"@id\":\"https:\/\/ses-creative.com\/#\/schema\/logo\/image\/\"}}]}<\/script>\n<!-- \/ Yoast SEO plugin. -->","yoast_head_json":{"title":"B\u00fcgelperlen Stiftplatten 2x - SES Creative","robots":{"index":"index","follow":"follow","max-snippet":"max-snippet:-1","max-image-preview":"max-image-preview:large","max-video-preview":"max-video-preview:-1"},"canonical":"https:\/\/ses-creative.com\/de\/produkt\/buegelperlen-stiftplatten-2x\/","og_locale":"de_DE","og_type":"article","og_title":"B\u00fcgelperlen Stiftplatten 2x - SES Creative","og_description":"Beedz \u2013 B\u00fcgelperlen-Grundplatten rund und quadratisch: Doppelt so viel kreativer Spa\u00df Mit diesem Set aus zwei B\u00fcgelperlen-Grundplatten von SES Creative lassen sich die sch\u00f6nsten und vielf\u00e4ltigsten Designs gestalten. Das Set enth\u00e4lt eine runde und eine quadratische Grundplatte, sodass Kinder endlos kombinieren und variieren k\u00f6nnen. Perfekt f\u00fcr kleine K\u00fcnstler, die Abwechslung lieben und immer wieder neue [&hellip;]","og_url":"https:\/\/ses-creative.com\/de\/produkt\/buegelperlen-stiftplatten-2x\/","og_site_name":"SES Creative","article_modified_time":"2026-02-06T09:51:14+00:00","twitter_card":"summary_large_image","twitter_misc":{"Gesch\u00e4tzte Lesezeit":"1\u00a0Minute"},"schema":{"@context":"https:\/\/schema.org","@graph":[{"@type":"WebPage","@id":"https:\/\/ses-creative.com\/de\/produkt\/buegelperlen-stiftplatten-2x\/","url":"https:\/\/ses-creative.com\/de\/produkt\/buegelperlen-stiftplatten-2x\/","name":"B\u00fcgelperlen Stiftplatten 2x - SES Creative","isPartOf":{"@id":"https:\/\/ses-creative.com\/#website"},"primaryImageOfPage":{"@id":"https:\/\/ses-creative.com\/de\/produkt\/buegelperlen-stiftplatten-2x\/#primaryimage"},"image":{"@id":"https:\/\/ses-creative.com\/de\/produkt\/buegelperlen-stiftplatten-2x\/#primaryimage"},"thumbnailUrl":"https:\/\/ses-creative.com\/wp-content\/uploads\/2026\/01\/007811.jpg","datePublished":"2026-02-05T13:52:08+00:00","dateModified":"2026-02-06T09:51:14+00:00","breadcrumb":{"@id":"https:\/\/ses-creative.com\/de\/produkt\/buegelperlen-stiftplatten-2x\/#breadcrumb"},"inLanguage":"de","potentialAction":[{"@type":"ReadAction","target":["https:\/\/ses-creative.com\/de\/produkt\/buegelperlen-stiftplatten-2x\/"]}]},{"@type":"ImageObject","inLanguage":"de","@id":"https:\/\/ses-creative.com\/de\/produkt\/buegelperlen-stiftplatten-2x\/#primaryimage","url":"https:\/\/ses-creative.com\/wp-content\/uploads\/2026\/01\/007811.jpg","contentUrl":"https:\/\/ses-creative.com\/wp-content\/uploads\/2026\/01\/007811.jpg","width":1000,"height":1000},{"@type":"BreadcrumbList","@id":"https:\/\/ses-creative.com\/de\/produkt\/buegelperlen-stiftplatten-2x\/#breadcrumb","itemListElement":[{"@type":"ListItem","position":1,"name":"Shop","item":"https:\/\/ses-creative.com\/de\/shop\/"},{"@type":"ListItem","position":2,"name":"B\u00fcgelperlen","item":"https:\/\/ses-creative.com\/de\/product-categorie\/buegelperlen\/"},{"@type":"ListItem","position":3,"name":"B\u00fcgelperlen Stiftplatten 2x"}]},{"@type":"WebSite","@id":"https:\/\/ses-creative.com\/#website","url":"https:\/\/ses-creative.com\/","name":"SES Creative","description":"","publisher":{"@id":"https:\/\/ses-creative.com\/#organization"},"potentialAction":[{"@type":"SearchAction","target":{"@type":"EntryPoint","urlTemplate":"https:\/\/ses-creative.com\/?s={search_term_string}"},"query-input":{"@type":"PropertyValueSpecification","valueRequired":true,"valueName":"search_term_string"}}],"inLanguage":"de"},{"@type":"Organization","@id":"https:\/\/ses-creative.com\/#organization","name":"SES Creative","url":"https:\/\/ses-creative.com\/","logo":{"@type":"ImageObject","inLanguage":"de","@id":"https:\/\/ses-creative.com\/#\/schema\/logo\/image\/","url":"https:\/\/ses-creative.com\/wp-content\/uploads\/2025\/10\/ses-creative-logo.jpg","contentUrl":"https:\/\/ses-creative.com\/wp-content\/uploads\/2025\/10\/ses-creative-logo.jpg","width":2037,"height":2037,"caption":"SES Creative"},"image":{"@id":"https:\/\/ses-creative.com\/#\/schema\/logo\/image\/"}}]}},"_links":{"self":[{"href":"https:\/\/ses-creative.com\/de\/wp-json\/wp\/v2\/product\/114409","targetHints":{"allow":["GET"]}}],"collection":[{"href":"https:\/\/ses-creative.com\/de\/wp-json\/wp\/v2\/product"}],"about":[{"href":"https:\/\/ses-creative.com\/de\/wp-json\/wp\/v2\/types\/product"}],"replies":[{"embeddable":true,"href":"https:\/\/ses-creative.com\/de\/wp-json\/wp\/v2\/comments?post=114409"}],"wp:featuredmedia":[{"embeddable":true,"href":"https:\/\/ses-creative.com\/de\/wp-json\/wp\/v2\/media\/97748"}],"wp:attachment":[{"href":"https:\/\/ses-creative.com\/de\/wp-json\/wp\/v2\/media?parent=114409"}],"wp:term":[{"taxonomy":"product_brand","embeddable":true,"href":"https:\/\/ses-creative.com\/de\/wp-json\/wp\/v2\/product_brand?post=114409"},{"taxonomy":"product_cat","embeddable":true,"href":"https:\/\/ses-creative.com\/de\/wp-json\/wp\/v2\/product_cat?post=114409"},{"taxonomy":"product_tag","embeddable":true,"href":"https:\/\/ses-creative.com\/de\/wp-json\/wp\/v2\/product_tag?post=114409"}],"curies":[{"name":"wp","href":"https:\/\/api.w.org\/{rel}","templated":true}]}}