











{"id":114388,"date":"2026-02-05T13:52:06","date_gmt":"2026-02-05T13:52:06","guid":{"rendered":"https:\/\/ses-creative.com\/?post_type=product&#038;p=114388"},"modified":"2026-02-06T09:51:13","modified_gmt":"2026-02-06T09:51:13","slug":"buegelperlen-1000-rot","status":"publish","type":"product","link":"https:\/\/ses-creative.com\/de\/produkt\/buegelperlen-1000-rot\/","title":{"rendered":"B\u00fcgelperlen 1000 rot"},"content":{"rendered":"<p>Beedz \u2013 Rote B\u00fcgelperlen 1000 St\u00fcck: Endloser kreativer Spa\u00df<\/p>\n<p>Mit dieser Nachf\u00fcllpackung mit 1000 roten B\u00fcgelperlen von SES Creative kannst du deiner Kreativit\u00e4t freien Lauf lassen. Verwende sie, um bestehende Kunstwerke zu erg\u00e4nzen oder ein neues Projekt voller Fantasie zu starten. Dank ihrer hohen Qualit\u00e4t und sicheren Zusammensetzung sind diese Perlen eine ideale Grundlage f\u00fcr stundenlangen Bastelspa\u00df.<\/p>\n<p>Was dieses Set so gro\u00dfartig macht<\/p>\n<p>1000 B\u00fcgelperlen f\u00fcr endlose Kreationen<br \/>\nPVC-frei f\u00fcr ein sicheres Spielerlebnis<br \/>\nGeeignet f\u00fcr Kinder ab 5 Jahren<br \/>\nF\u00f6rdert Kreativit\u00e4t und Feinmotorik<br \/>\nPerfekt kombinierbar mit anderen SES-B\u00fcgelperlen<\/p>\n<p>Lassen Sie Ihrer Fantasie freien Lauf<br \/>\nMit den kr\u00e4ftigen roten B\u00fcgelperlen verleihen Sie Ihren Kunstwerken lebendige Akzente und auff\u00e4llige Details. Ob Sie sich f\u00fcr klare Muster, coole Designs oder warme Farbt\u00f6ne entscheiden, diese Perlen sorgen immer f\u00fcr ein auff\u00e4lliges Ergebnis. F\u00fcr Kinder ist dies eine gro\u00dfartige M\u00f6glichkeit, sich auszudr\u00fccken, stolz auf ihre Kreationen zu sein und spielerisch neue F\u00e4higkeiten zu entwickeln.<\/p>\n<p>Inhalt des Sets<\/p>\n<p>Nachf\u00fcllpackung mit 1000 roten B\u00fcgelperlen<\/p>\n<p>Warum SES Creative w\u00e4hlen<br \/>\nBei SES Creative legen wir gro\u00dfen Wert auf Sicherheit. Deshalb werden die Produkte in unserem Werk in den Niederlanden nach den strengsten europ\u00e4ischen Sicherheitsnormen hergestellt und getestet. Spielzeug von SES Creative macht Spa\u00df und soll Kindern ein Gef\u00fchl der Stolz auf ihre Arbeit vermitteln, was ihre Kreativit\u00e4t und Entwicklung f\u00f6rdert.<\/p>\n<p>Beginnen Sie noch heute Ihr Beedz-Abenteuer<br \/>\nEntdecken Sie den Spa\u00df an B\u00fcgelperlen und kreieren Sie mit dieser Nachf\u00fcllpackung die sch\u00f6nsten Kunstwerke. Perfekt f\u00fcr endlosen kreativen Spielspa\u00df!<\/p>\n","protected":false},"excerpt":{"rendered":"<p>Beedz \u2013 Rote B\u00fcgelperlen 1000 St\u00fcck: Endloser kreativer Spa\u00df Mit dieser Nachf\u00fcllpackung mit 1000 roten B\u00fcgelperlen von SES Creative kannst du deiner Kreativit\u00e4t freien Lauf lassen. Verwende sie, um bestehende Kunstwerke zu erg\u00e4nzen oder ein neues Projekt voller Fantasie zu starten. Dank ihrer hohen Qualit\u00e4t und sicheren Zusammensetzung sind diese Perlen eine ideale Grundlage f\u00fcr [&hellip;]<\/p>\n","protected":false},"featured_media":97328,"comment_status":"closed","ping_status":"closed","template":"","meta":{"_acf_changed":false},"product_brand":[],"product_cat":[118],"product_tag":[],"class_list":{"0":"post-114388","1":"product","2":"type-product","3":"status-publish","4":"has-post-thumbnail","6":"product_cat-buegelperlen","7":"pa_leeftijd-filter-4-6-jahre","8":"pa_meest-populair-bij-jungen-maedchen","10":"first","11":"instock","12":"shipping-taxable","13":"product-type-simple"},"acf":[],"yoast_head":"<!-- This site is optimized with the Yoast SEO plugin v27.2 - https:\/\/yoast.com\/product\/yoast-seo-wordpress\/ -->\n<title>B\u00fcgelperlen 1000 rot - SES Creative<\/title>\n<meta name=\"robots\" content=\"index, follow, max-snippet:-1, max-image-preview:large, max-video-preview:-1\" \/>\n<link rel=\"canonical\" href=\"https:\/\/ses-creative.com\/de\/produkt\/buegelperlen-1000-rot\/\" \/>\n<meta property=\"og:locale\" content=\"de_DE\" \/>\n<meta property=\"og:type\" content=\"article\" \/>\n<meta property=\"og:title\" content=\"B\u00fcgelperlen 1000 rot - SES Creative\" \/>\n<meta property=\"og:description\" content=\"Beedz \u2013 Rote B\u00fcgelperlen 1000 St\u00fcck: Endloser kreativer Spa\u00df Mit dieser Nachf\u00fcllpackung mit 1000 roten B\u00fcgelperlen von SES Creative kannst du deiner Kreativit\u00e4t freien Lauf lassen. Verwende sie, um bestehende Kunstwerke zu erg\u00e4nzen oder ein neues Projekt voller Fantasie zu starten. Dank ihrer hohen Qualit\u00e4t und sicheren Zusammensetzung sind diese Perlen eine ideale Grundlage f\u00fcr [&hellip;]\" \/>\n<meta property=\"og:url\" content=\"https:\/\/ses-creative.com\/de\/produkt\/buegelperlen-1000-rot\/\" \/>\n<meta property=\"og:site_name\" content=\"SES Creative\" \/>\n<meta property=\"article:modified_time\" content=\"2026-02-06T09:51:13+00:00\" \/>\n<meta name=\"twitter:card\" content=\"summary_large_image\" \/>\n<meta name=\"twitter:label1\" content=\"Gesch\u00e4tzte Lesezeit\" \/>\n\t<meta name=\"twitter:data1\" content=\"1\u00a0Minute\" \/>\n<script type=\"application\/ld+json\" class=\"yoast-schema-graph\">{\"@context\":\"https:\/\/schema.org\",\"@graph\":[{\"@type\":\"WebPage\",\"@id\":\"https:\/\/ses-creative.com\/de\/produkt\/buegelperlen-1000-rot\/\",\"url\":\"https:\/\/ses-creative.com\/de\/produkt\/buegelperlen-1000-rot\/\",\"name\":\"B\u00fcgelperlen 1000 rot - SES Creative\",\"isPartOf\":{\"@id\":\"https:\/\/ses-creative.com\/#website\"},\"primaryImageOfPage\":{\"@id\":\"https:\/\/ses-creative.com\/de\/produkt\/buegelperlen-1000-rot\/#primaryimage\"},\"image\":{\"@id\":\"https:\/\/ses-creative.com\/de\/produkt\/buegelperlen-1000-rot\/#primaryimage\"},\"thumbnailUrl\":\"https:\/\/ses-creative.com\/wp-content\/uploads\/2026\/01\/007021.jpg\",\"datePublished\":\"2026-02-05T13:52:06+00:00\",\"dateModified\":\"2026-02-06T09:51:13+00:00\",\"breadcrumb\":{\"@id\":\"https:\/\/ses-creative.com\/de\/produkt\/buegelperlen-1000-rot\/#breadcrumb\"},\"inLanguage\":\"de\",\"potentialAction\":[{\"@type\":\"ReadAction\",\"target\":[\"https:\/\/ses-creative.com\/de\/produkt\/buegelperlen-1000-rot\/\"]}]},{\"@type\":\"ImageObject\",\"inLanguage\":\"de\",\"@id\":\"https:\/\/ses-creative.com\/de\/produkt\/buegelperlen-1000-rot\/#primaryimage\",\"url\":\"https:\/\/ses-creative.com\/wp-content\/uploads\/2026\/01\/007021.jpg\",\"contentUrl\":\"https:\/\/ses-creative.com\/wp-content\/uploads\/2026\/01\/007021.jpg\",\"width\":1000,\"height\":1000},{\"@type\":\"BreadcrumbList\",\"@id\":\"https:\/\/ses-creative.com\/de\/produkt\/buegelperlen-1000-rot\/#breadcrumb\",\"itemListElement\":[{\"@type\":\"ListItem\",\"position\":1,\"name\":\"Shop\",\"item\":\"https:\/\/ses-creative.com\/de\/shop\/\"},{\"@type\":\"ListItem\",\"position\":2,\"name\":\"B\u00fcgelperlen\",\"item\":\"https:\/\/ses-creative.com\/de\/product-categorie\/buegelperlen\/\"},{\"@type\":\"ListItem\",\"position\":3,\"name\":\"B\u00fcgelperlen 1000 rot\"}]},{\"@type\":\"WebSite\",\"@id\":\"https:\/\/ses-creative.com\/#website\",\"url\":\"https:\/\/ses-creative.com\/\",\"name\":\"SES Creative\",\"description\":\"\",\"publisher\":{\"@id\":\"https:\/\/ses-creative.com\/#organization\"},\"potentialAction\":[{\"@type\":\"SearchAction\",\"target\":{\"@type\":\"EntryPoint\",\"urlTemplate\":\"https:\/\/ses-creative.com\/?s={search_term_string}\"},\"query-input\":{\"@type\":\"PropertyValueSpecification\",\"valueRequired\":true,\"valueName\":\"search_term_string\"}}],\"inLanguage\":\"de\"},{\"@type\":\"Organization\",\"@id\":\"https:\/\/ses-creative.com\/#organization\",\"name\":\"SES Creative\",\"url\":\"https:\/\/ses-creative.com\/\",\"logo\":{\"@type\":\"ImageObject\",\"inLanguage\":\"de\",\"@id\":\"https:\/\/ses-creative.com\/#\/schema\/logo\/image\/\",\"url\":\"https:\/\/ses-creative.com\/wp-content\/uploads\/2025\/10\/ses-creative-logo.jpg\",\"contentUrl\":\"https:\/\/ses-creative.com\/wp-content\/uploads\/2025\/10\/ses-creative-logo.jpg\",\"width\":2037,\"height\":2037,\"caption\":\"SES Creative\"},\"image\":{\"@id\":\"https:\/\/ses-creative.com\/#\/schema\/logo\/image\/\"}}]}<\/script>\n<!-- \/ Yoast SEO plugin. -->","yoast_head_json":{"title":"B\u00fcgelperlen 1000 rot - SES Creative","robots":{"index":"index","follow":"follow","max-snippet":"max-snippet:-1","max-image-preview":"max-image-preview:large","max-video-preview":"max-video-preview:-1"},"canonical":"https:\/\/ses-creative.com\/de\/produkt\/buegelperlen-1000-rot\/","og_locale":"de_DE","og_type":"article","og_title":"B\u00fcgelperlen 1000 rot - SES Creative","og_description":"Beedz \u2013 Rote B\u00fcgelperlen 1000 St\u00fcck: Endloser kreativer Spa\u00df Mit dieser Nachf\u00fcllpackung mit 1000 roten B\u00fcgelperlen von SES Creative kannst du deiner Kreativit\u00e4t freien Lauf lassen. Verwende sie, um bestehende Kunstwerke zu erg\u00e4nzen oder ein neues Projekt voller Fantasie zu starten. Dank ihrer hohen Qualit\u00e4t und sicheren Zusammensetzung sind diese Perlen eine ideale Grundlage f\u00fcr [&hellip;]","og_url":"https:\/\/ses-creative.com\/de\/produkt\/buegelperlen-1000-rot\/","og_site_name":"SES Creative","article_modified_time":"2026-02-06T09:51:13+00:00","twitter_card":"summary_large_image","twitter_misc":{"Gesch\u00e4tzte Lesezeit":"1\u00a0Minute"},"schema":{"@context":"https:\/\/schema.org","@graph":[{"@type":"WebPage","@id":"https:\/\/ses-creative.com\/de\/produkt\/buegelperlen-1000-rot\/","url":"https:\/\/ses-creative.com\/de\/produkt\/buegelperlen-1000-rot\/","name":"B\u00fcgelperlen 1000 rot - SES Creative","isPartOf":{"@id":"https:\/\/ses-creative.com\/#website"},"primaryImageOfPage":{"@id":"https:\/\/ses-creative.com\/de\/produkt\/buegelperlen-1000-rot\/#primaryimage"},"image":{"@id":"https:\/\/ses-creative.com\/de\/produkt\/buegelperlen-1000-rot\/#primaryimage"},"thumbnailUrl":"https:\/\/ses-creative.com\/wp-content\/uploads\/2026\/01\/007021.jpg","datePublished":"2026-02-05T13:52:06+00:00","dateModified":"2026-02-06T09:51:13+00:00","breadcrumb":{"@id":"https:\/\/ses-creative.com\/de\/produkt\/buegelperlen-1000-rot\/#breadcrumb"},"inLanguage":"de","potentialAction":[{"@type":"ReadAction","target":["https:\/\/ses-creative.com\/de\/produkt\/buegelperlen-1000-rot\/"]}]},{"@type":"ImageObject","inLanguage":"de","@id":"https:\/\/ses-creative.com\/de\/produkt\/buegelperlen-1000-rot\/#primaryimage","url":"https:\/\/ses-creative.com\/wp-content\/uploads\/2026\/01\/007021.jpg","contentUrl":"https:\/\/ses-creative.com\/wp-content\/uploads\/2026\/01\/007021.jpg","width":1000,"height":1000},{"@type":"BreadcrumbList","@id":"https:\/\/ses-creative.com\/de\/produkt\/buegelperlen-1000-rot\/#breadcrumb","itemListElement":[{"@type":"ListItem","position":1,"name":"Shop","item":"https:\/\/ses-creative.com\/de\/shop\/"},{"@type":"ListItem","position":2,"name":"B\u00fcgelperlen","item":"https:\/\/ses-creative.com\/de\/product-categorie\/buegelperlen\/"},{"@type":"ListItem","position":3,"name":"B\u00fcgelperlen 1000 rot"}]},{"@type":"WebSite","@id":"https:\/\/ses-creative.com\/#website","url":"https:\/\/ses-creative.com\/","name":"SES Creative","description":"","publisher":{"@id":"https:\/\/ses-creative.com\/#organization"},"potentialAction":[{"@type":"SearchAction","target":{"@type":"EntryPoint","urlTemplate":"https:\/\/ses-creative.com\/?s={search_term_string}"},"query-input":{"@type":"PropertyValueSpecification","valueRequired":true,"valueName":"search_term_string"}}],"inLanguage":"de"},{"@type":"Organization","@id":"https:\/\/ses-creative.com\/#organization","name":"SES Creative","url":"https:\/\/ses-creative.com\/","logo":{"@type":"ImageObject","inLanguage":"de","@id":"https:\/\/ses-creative.com\/#\/schema\/logo\/image\/","url":"https:\/\/ses-creative.com\/wp-content\/uploads\/2025\/10\/ses-creative-logo.jpg","contentUrl":"https:\/\/ses-creative.com\/wp-content\/uploads\/2025\/10\/ses-creative-logo.jpg","width":2037,"height":2037,"caption":"SES Creative"},"image":{"@id":"https:\/\/ses-creative.com\/#\/schema\/logo\/image\/"}}]}},"_links":{"self":[{"href":"https:\/\/ses-creative.com\/de\/wp-json\/wp\/v2\/product\/114388","targetHints":{"allow":["GET"]}}],"collection":[{"href":"https:\/\/ses-creative.com\/de\/wp-json\/wp\/v2\/product"}],"about":[{"href":"https:\/\/ses-creative.com\/de\/wp-json\/wp\/v2\/types\/product"}],"replies":[{"embeddable":true,"href":"https:\/\/ses-creative.com\/de\/wp-json\/wp\/v2\/comments?post=114388"}],"wp:featuredmedia":[{"embeddable":true,"href":"https:\/\/ses-creative.com\/de\/wp-json\/wp\/v2\/media\/97328"}],"wp:attachment":[{"href":"https:\/\/ses-creative.com\/de\/wp-json\/wp\/v2\/media?parent=114388"}],"wp:term":[{"taxonomy":"product_brand","embeddable":true,"href":"https:\/\/ses-creative.com\/de\/wp-json\/wp\/v2\/product_brand?post=114388"},{"taxonomy":"product_cat","embeddable":true,"href":"https:\/\/ses-creative.com\/de\/wp-json\/wp\/v2\/product_cat?post=114388"},{"taxonomy":"product_tag","embeddable":true,"href":"https:\/\/ses-creative.com\/de\/wp-json\/wp\/v2\/product_tag?post=114388"}],"curies":[{"name":"wp","href":"https:\/\/api.w.org\/{rel}","templated":true}]}}