











{"id":114378,"date":"2026-02-05T13:52:04","date_gmt":"2026-02-05T13:52:04","guid":{"rendered":"https:\/\/ses-creative.com\/?post_type=product&#038;p=114378"},"modified":"2026-02-06T09:51:11","modified_gmt":"2026-02-06T09:51:11","slug":"feel-good-knete-sparkle-4x90gr","status":"publish","type":"product","link":"https:\/\/ses-creative.com\/de\/produkt\/feel-good-knete-sparkle-4x90gr\/","title":{"rendered":"Feel good Knete &#8211; Sparkle (4x90gr)"},"content":{"rendered":"<p>Dieses SES Creative Set enth\u00e4lt vier Dosen glitzernde Knete in leuchtenden Farben: Rosa, Flieder, Neon-Gelb und Hellblau. Speziell f\u00fcr Kinder ab 1 Jahr entwickelt, ist die Knete vegan, super abwaschbar und hypoallergen. Ihre weiche und homogene Textur macht das Formen leicht und unterst\u00fctzt die Entwicklung der Feinmotorik, der Hand-Auge-Koordination und der sensorischen F\u00e4higkeiten. Die wiederverschlie\u00dfbaren Dosen sorgen f\u00fcr optimale Haltbarkeit und k\u00f6nnen dank der QR-Codes mit Lerninhalten f\u00fcr weitere Bastelaktivit\u00e4ten wiederverwendet werden. Hergestellt in der Fabrik in Enschede (Niederlande), ist jede Knete CO\u2082-neutral und erf\u00fcllt h\u00f6chste Sicherheitsstandards. Dieses spielerische und verantwortungsvolle Set regt die Fantasie der Kinder an und garantiert ein gesundes, nachhaltiges und lehrreiches Spielerlebnis.<\/p>\n","protected":false},"excerpt":{"rendered":"<p>Dieses SES Creative Set enth\u00e4lt vier Dosen glitzernde Knete in leuchtenden Farben: Rosa, Flieder, Neon-Gelb und Hellblau. Speziell f\u00fcr Kinder ab 1 Jahr entwickelt, ist die Knete vegan, super abwaschbar und hypoallergen. Ihre weiche und homogene Textur macht das Formen leicht und unterst\u00fctzt die Entwicklung der Feinmotorik, der Hand-Auge-Koordination und der sensorischen F\u00e4higkeiten. Die wiederverschlie\u00dfbaren [&hellip;]<\/p>\n","protected":false},"featured_media":97128,"comment_status":"closed","ping_status":"closed","template":"","meta":{"_acf_changed":false},"product_brand":[],"product_cat":[117],"product_tag":[],"class_list":{"0":"post-114378","1":"product","2":"type-product","3":"status-publish","4":"has-post-thumbnail","6":"product_cat-knete","7":"pa_collecties-feel-good-dough","8":"pa_leeftijd-filter-0-2-jahre","9":"pa_meest-populair-bij-jungen-maedchen","11":"first","12":"instock","13":"shipping-taxable","14":"product-type-simple"},"acf":[],"yoast_head":"<!-- This site is optimized with the Yoast SEO plugin v27.4 - https:\/\/yoast.com\/product\/yoast-seo-wordpress\/ -->\n<title>Feel good Knete - Sparkle (4x90gr) - SES Creative<\/title>\n<meta name=\"robots\" content=\"index, follow, max-snippet:-1, max-image-preview:large, max-video-preview:-1\" \/>\n<link rel=\"canonical\" href=\"https:\/\/ses-creative.com\/de\/produkt\/feel-good-knete-sparkle-4x90gr\/\" \/>\n<meta property=\"og:locale\" content=\"de_DE\" \/>\n<meta property=\"og:type\" content=\"article\" \/>\n<meta property=\"og:title\" content=\"Feel good Knete - Sparkle (4x90gr) - SES Creative\" \/>\n<meta property=\"og:description\" content=\"Dieses SES Creative Set enth\u00e4lt vier Dosen glitzernde Knete in leuchtenden Farben: Rosa, Flieder, Neon-Gelb und Hellblau. Speziell f\u00fcr Kinder ab 1 Jahr entwickelt, ist die Knete vegan, super abwaschbar und hypoallergen. Ihre weiche und homogene Textur macht das Formen leicht und unterst\u00fctzt die Entwicklung der Feinmotorik, der Hand-Auge-Koordination und der sensorischen F\u00e4higkeiten. Die wiederverschlie\u00dfbaren [&hellip;]\" \/>\n<meta property=\"og:url\" content=\"https:\/\/ses-creative.com\/de\/produkt\/feel-good-knete-sparkle-4x90gr\/\" \/>\n<meta property=\"og:site_name\" content=\"SES Creative\" \/>\n<meta property=\"article:modified_time\" content=\"2026-02-06T09:51:11+00:00\" \/>\n<meta name=\"twitter:card\" content=\"summary_large_image\" \/>\n<meta name=\"twitter:label1\" content=\"Gesch\u00e4tzte Lesezeit\" \/>\n\t<meta name=\"twitter:data1\" content=\"1\u00a0Minute\" \/>\n<script type=\"application\/ld+json\" class=\"yoast-schema-graph\">{\"@context\":\"https:\\\/\\\/schema.org\",\"@graph\":[{\"@type\":\"WebPage\",\"@id\":\"https:\\\/\\\/ses-creative.com\\\/de\\\/produkt\\\/feel-good-knete-sparkle-4x90gr\\\/\",\"url\":\"https:\\\/\\\/ses-creative.com\\\/de\\\/produkt\\\/feel-good-knete-sparkle-4x90gr\\\/\",\"name\":\"Feel good Knete - Sparkle (4x90gr) - SES Creative\",\"isPartOf\":{\"@id\":\"https:\\\/\\\/ses-creative.com\\\/#website\"},\"primaryImageOfPage\":{\"@id\":\"https:\\\/\\\/ses-creative.com\\\/de\\\/produkt\\\/feel-good-knete-sparkle-4x90gr\\\/#primaryimage\"},\"image\":{\"@id\":\"https:\\\/\\\/ses-creative.com\\\/de\\\/produkt\\\/feel-good-knete-sparkle-4x90gr\\\/#primaryimage\"},\"thumbnailUrl\":\"https:\\\/\\\/ses-creative.com\\\/wp-content\\\/uploads\\\/2026\\\/01\\\/005151.jpg\",\"datePublished\":\"2026-02-05T13:52:04+00:00\",\"dateModified\":\"2026-02-06T09:51:11+00:00\",\"breadcrumb\":{\"@id\":\"https:\\\/\\\/ses-creative.com\\\/de\\\/produkt\\\/feel-good-knete-sparkle-4x90gr\\\/#breadcrumb\"},\"inLanguage\":\"de\",\"potentialAction\":[{\"@type\":\"ReadAction\",\"target\":[\"https:\\\/\\\/ses-creative.com\\\/de\\\/produkt\\\/feel-good-knete-sparkle-4x90gr\\\/\"]}]},{\"@type\":\"ImageObject\",\"inLanguage\":\"de\",\"@id\":\"https:\\\/\\\/ses-creative.com\\\/de\\\/produkt\\\/feel-good-knete-sparkle-4x90gr\\\/#primaryimage\",\"url\":\"https:\\\/\\\/ses-creative.com\\\/wp-content\\\/uploads\\\/2026\\\/01\\\/005151.jpg\",\"contentUrl\":\"https:\\\/\\\/ses-creative.com\\\/wp-content\\\/uploads\\\/2026\\\/01\\\/005151.jpg\",\"width\":1000,\"height\":1000},{\"@type\":\"BreadcrumbList\",\"@id\":\"https:\\\/\\\/ses-creative.com\\\/de\\\/produkt\\\/feel-good-knete-sparkle-4x90gr\\\/#breadcrumb\",\"itemListElement\":[{\"@type\":\"ListItem\",\"position\":1,\"name\":\"Shop\",\"item\":\"https:\\\/\\\/ses-creative.com\\\/de\\\/shop\\\/\"},{\"@type\":\"ListItem\",\"position\":2,\"name\":\"Knete\",\"item\":\"https:\\\/\\\/ses-creative.com\\\/de\\\/product-categorie\\\/knete\\\/\"},{\"@type\":\"ListItem\",\"position\":3,\"name\":\"Feel good Knete &#8211; Sparkle (4x90gr)\"}]},{\"@type\":\"WebSite\",\"@id\":\"https:\\\/\\\/ses-creative.com\\\/#website\",\"url\":\"https:\\\/\\\/ses-creative.com\\\/\",\"name\":\"SES Creative\",\"description\":\"\",\"publisher\":{\"@id\":\"https:\\\/\\\/ses-creative.com\\\/#organization\"},\"potentialAction\":[{\"@type\":\"SearchAction\",\"target\":{\"@type\":\"EntryPoint\",\"urlTemplate\":\"https:\\\/\\\/ses-creative.com\\\/?s={search_term_string}\"},\"query-input\":{\"@type\":\"PropertyValueSpecification\",\"valueRequired\":true,\"valueName\":\"search_term_string\"}}],\"inLanguage\":\"de\"},{\"@type\":\"Organization\",\"@id\":\"https:\\\/\\\/ses-creative.com\\\/#organization\",\"name\":\"SES Creative\",\"url\":\"https:\\\/\\\/ses-creative.com\\\/\",\"logo\":{\"@type\":\"ImageObject\",\"inLanguage\":\"de\",\"@id\":\"https:\\\/\\\/ses-creative.com\\\/#\\\/schema\\\/logo\\\/image\\\/\",\"url\":\"https:\\\/\\\/ses-creative.com\\\/wp-content\\\/uploads\\\/2025\\\/10\\\/ses-creative-logo.jpg\",\"contentUrl\":\"https:\\\/\\\/ses-creative.com\\\/wp-content\\\/uploads\\\/2025\\\/10\\\/ses-creative-logo.jpg\",\"width\":2037,\"height\":2037,\"caption\":\"SES Creative\"},\"image\":{\"@id\":\"https:\\\/\\\/ses-creative.com\\\/#\\\/schema\\\/logo\\\/image\\\/\"}}]}<\/script>\n<!-- \/ Yoast SEO plugin. -->","yoast_head_json":{"title":"Feel good Knete - Sparkle (4x90gr) - SES Creative","robots":{"index":"index","follow":"follow","max-snippet":"max-snippet:-1","max-image-preview":"max-image-preview:large","max-video-preview":"max-video-preview:-1"},"canonical":"https:\/\/ses-creative.com\/de\/produkt\/feel-good-knete-sparkle-4x90gr\/","og_locale":"de_DE","og_type":"article","og_title":"Feel good Knete - Sparkle (4x90gr) - SES Creative","og_description":"Dieses SES Creative Set enth\u00e4lt vier Dosen glitzernde Knete in leuchtenden Farben: Rosa, Flieder, Neon-Gelb und Hellblau. Speziell f\u00fcr Kinder ab 1 Jahr entwickelt, ist die Knete vegan, super abwaschbar und hypoallergen. Ihre weiche und homogene Textur macht das Formen leicht und unterst\u00fctzt die Entwicklung der Feinmotorik, der Hand-Auge-Koordination und der sensorischen F\u00e4higkeiten. Die wiederverschlie\u00dfbaren [&hellip;]","og_url":"https:\/\/ses-creative.com\/de\/produkt\/feel-good-knete-sparkle-4x90gr\/","og_site_name":"SES Creative","article_modified_time":"2026-02-06T09:51:11+00:00","twitter_card":"summary_large_image","twitter_misc":{"Gesch\u00e4tzte Lesezeit":"1\u00a0Minute"},"schema":{"@context":"https:\/\/schema.org","@graph":[{"@type":"WebPage","@id":"https:\/\/ses-creative.com\/de\/produkt\/feel-good-knete-sparkle-4x90gr\/","url":"https:\/\/ses-creative.com\/de\/produkt\/feel-good-knete-sparkle-4x90gr\/","name":"Feel good Knete - Sparkle (4x90gr) - SES Creative","isPartOf":{"@id":"https:\/\/ses-creative.com\/#website"},"primaryImageOfPage":{"@id":"https:\/\/ses-creative.com\/de\/produkt\/feel-good-knete-sparkle-4x90gr\/#primaryimage"},"image":{"@id":"https:\/\/ses-creative.com\/de\/produkt\/feel-good-knete-sparkle-4x90gr\/#primaryimage"},"thumbnailUrl":"https:\/\/ses-creative.com\/wp-content\/uploads\/2026\/01\/005151.jpg","datePublished":"2026-02-05T13:52:04+00:00","dateModified":"2026-02-06T09:51:11+00:00","breadcrumb":{"@id":"https:\/\/ses-creative.com\/de\/produkt\/feel-good-knete-sparkle-4x90gr\/#breadcrumb"},"inLanguage":"de","potentialAction":[{"@type":"ReadAction","target":["https:\/\/ses-creative.com\/de\/produkt\/feel-good-knete-sparkle-4x90gr\/"]}]},{"@type":"ImageObject","inLanguage":"de","@id":"https:\/\/ses-creative.com\/de\/produkt\/feel-good-knete-sparkle-4x90gr\/#primaryimage","url":"https:\/\/ses-creative.com\/wp-content\/uploads\/2026\/01\/005151.jpg","contentUrl":"https:\/\/ses-creative.com\/wp-content\/uploads\/2026\/01\/005151.jpg","width":1000,"height":1000},{"@type":"BreadcrumbList","@id":"https:\/\/ses-creative.com\/de\/produkt\/feel-good-knete-sparkle-4x90gr\/#breadcrumb","itemListElement":[{"@type":"ListItem","position":1,"name":"Shop","item":"https:\/\/ses-creative.com\/de\/shop\/"},{"@type":"ListItem","position":2,"name":"Knete","item":"https:\/\/ses-creative.com\/de\/product-categorie\/knete\/"},{"@type":"ListItem","position":3,"name":"Feel good Knete &#8211; Sparkle (4x90gr)"}]},{"@type":"WebSite","@id":"https:\/\/ses-creative.com\/#website","url":"https:\/\/ses-creative.com\/","name":"SES Creative","description":"","publisher":{"@id":"https:\/\/ses-creative.com\/#organization"},"potentialAction":[{"@type":"SearchAction","target":{"@type":"EntryPoint","urlTemplate":"https:\/\/ses-creative.com\/?s={search_term_string}"},"query-input":{"@type":"PropertyValueSpecification","valueRequired":true,"valueName":"search_term_string"}}],"inLanguage":"de"},{"@type":"Organization","@id":"https:\/\/ses-creative.com\/#organization","name":"SES Creative","url":"https:\/\/ses-creative.com\/","logo":{"@type":"ImageObject","inLanguage":"de","@id":"https:\/\/ses-creative.com\/#\/schema\/logo\/image\/","url":"https:\/\/ses-creative.com\/wp-content\/uploads\/2025\/10\/ses-creative-logo.jpg","contentUrl":"https:\/\/ses-creative.com\/wp-content\/uploads\/2025\/10\/ses-creative-logo.jpg","width":2037,"height":2037,"caption":"SES Creative"},"image":{"@id":"https:\/\/ses-creative.com\/#\/schema\/logo\/image\/"}}]}},"_links":{"self":[{"href":"https:\/\/ses-creative.com\/de\/wp-json\/wp\/v2\/product\/114378","targetHints":{"allow":["GET"]}}],"collection":[{"href":"https:\/\/ses-creative.com\/de\/wp-json\/wp\/v2\/product"}],"about":[{"href":"https:\/\/ses-creative.com\/de\/wp-json\/wp\/v2\/types\/product"}],"replies":[{"embeddable":true,"href":"https:\/\/ses-creative.com\/de\/wp-json\/wp\/v2\/comments?post=114378"}],"wp:featuredmedia":[{"embeddable":true,"href":"https:\/\/ses-creative.com\/de\/wp-json\/wp\/v2\/media\/97128"}],"wp:attachment":[{"href":"https:\/\/ses-creative.com\/de\/wp-json\/wp\/v2\/media?parent=114378"}],"wp:term":[{"taxonomy":"product_brand","embeddable":true,"href":"https:\/\/ses-creative.com\/de\/wp-json\/wp\/v2\/product_brand?post=114378"},{"taxonomy":"product_cat","embeddable":true,"href":"https:\/\/ses-creative.com\/de\/wp-json\/wp\/v2\/product_cat?post=114378"},{"taxonomy":"product_tag","embeddable":true,"href":"https:\/\/ses-creative.com\/de\/wp-json\/wp\/v2\/product_tag?post=114378"}],"curies":[{"name":"wp","href":"https:\/\/api.w.org\/{rel}","templated":true}]}}