











{"id":114377,"date":"2026-02-05T13:52:03","date_gmt":"2026-02-05T13:52:03","guid":{"rendered":"https:\/\/ses-creative.com\/?post_type=product&#038;p=114377"},"modified":"2026-02-06T09:51:11","modified_gmt":"2026-02-06T09:51:11","slug":"feel-good-knete-relax-4x90gr","status":"publish","type":"product","link":"https:\/\/ses-creative.com\/de\/produkt\/feel-good-knete-relax-4x90gr\/","title":{"rendered":"Feel good Knete &#8211; Relax (4x90gr)"},"content":{"rendered":"<p>Feel Good Knete \u2013 Relax: Fr\u00f6hlicher und kreativer Spielspa\u00df!<br \/>\nFeel Good Knete! Die SES-Knete in vier entspannten Farben. Knete, die ein gutes Gef\u00fchl vermittelt! Die Knete ist vollst\u00e4ndig vegan, glutenfrei und super auswaschbar. Sie ist klar und weich. Und dank der wiederverschlie\u00dfbaren Verpackung bleibt Ihre Knete l\u00e4nger haltbar. Sind Sie mit der Knete fertig? Scannen Sie den QR-Code auf der Verpackung und entdecken Sie, was Sie noch alles mit der Verpackung machen k\u00f6nnen! Die Feel Good Relax-Knete besteht aus den entspannten Farben Rosa, Wei\u00df, Hellgr\u00fcn und Lila.<\/p>\n<p>Was dieses Set so toll macht<\/p>\n<p>Sch\u00f6ne helle und fr\u00f6hliche Farben<br \/>\nSuperweiche Knetmasse<br \/>\nTrocknet beim Spielen nicht aus<br \/>\nF\u00f6rdert Kreativit\u00e4t und Feinmotorik<br \/>\nDer Ton ist leicht auswaschbar und glutenfrei. Au\u00dferdem ist er sicher in der Anwendung: Der Ton ist extrem salzig, sodass Kinder ihn nicht so schnell essen werden.<\/p>\n<p>Basteln mit einem guten Gef\u00fchl<br \/>\nDer Feel-Good-Knete \u2013 Nature macht nicht nur Spa\u00df, sondern ist auch sicher und umweltfreundlich. Er f\u00f6rdert die Kreativit\u00e4t und Motorik von Kindern und bietet endlosen Spielspa\u00df ohne Sorgen. Perfekt f\u00fcr Eltern, die Wert auf nachhaltige und sichere Produkte f\u00fcr ihre Kinder legen.<\/p>\n<p>Inhalt des Sets<\/p>\n<p>Knete rosa (90 g)<br \/>\nKnete wei\u00df (90 g)<br \/>\nHellgr\u00fcne Knetmasse (90 g)<br \/>\nLila Ton (90 g)<\/p>\n<p>Warum SES Creative w\u00e4hlen?<br \/>\nBei SES Creative legen wir gro\u00dfen Wert auf Sicherheit. Deshalb werden die Produkte in unserem Werk in den Niederlanden nach den strengsten europ\u00e4ischen Sicherheitsnormen hergestellt und getestet. Spielzeug von SES Creative macht Spa\u00df und soll Kindern ein Gef\u00fchl der Stolz auf ihre Arbeit vermitteln, was ihre Kreativit\u00e4t und Entwicklung f\u00f6rdert.<\/p>\n<p>Beginnen Sie noch heute mit Feel Good Knete<br \/>\nEntdecken Sie den Spa\u00df am Modellieren mit Feel Good Knete \u2013 Relax von SES Creative. Perfekt f\u00fcr stundenlangen Bastelspa\u00df!<\/p>\n","protected":false},"excerpt":{"rendered":"<p>Feel Good Knete \u2013 Relax: Fr\u00f6hlicher und kreativer Spielspa\u00df! Feel Good Knete! Die SES-Knete in vier entspannten Farben. Knete, die ein gutes Gef\u00fchl vermittelt! Die Knete ist vollst\u00e4ndig vegan, glutenfrei und super auswaschbar. Sie ist klar und weich. Und dank der wiederverschlie\u00dfbaren Verpackung bleibt Ihre Knete l\u00e4nger haltbar. Sind Sie mit der Knete fertig? Scannen [&hellip;]<\/p>\n","protected":false},"featured_media":94388,"comment_status":"closed","ping_status":"closed","template":"","meta":{"_acf_changed":false},"product_brand":[],"product_cat":[117],"product_tag":[],"class_list":{"0":"post-114377","1":"product","2":"type-product","3":"status-publish","4":"has-post-thumbnail","6":"product_cat-knete","7":"pa_collecties-feel-good-dough","8":"pa_leeftijd-filter-0-2-jahre","9":"pa_meest-populair-bij-jungen-maedchen","11":"first","12":"instock","13":"shipping-taxable","14":"product-type-simple"},"acf":[],"yoast_head":"<!-- This site is optimized with the Yoast SEO plugin v27.4 - https:\/\/yoast.com\/product\/yoast-seo-wordpress\/ -->\n<title>Feel good Knete - Relax (4x90gr) - SES Creative<\/title>\n<meta name=\"robots\" content=\"index, follow, max-snippet:-1, max-image-preview:large, max-video-preview:-1\" \/>\n<link rel=\"canonical\" href=\"https:\/\/ses-creative.com\/de\/produkt\/feel-good-knete-relax-4x90gr\/\" \/>\n<meta property=\"og:locale\" content=\"de_DE\" \/>\n<meta property=\"og:type\" content=\"article\" \/>\n<meta property=\"og:title\" content=\"Feel good Knete - Relax (4x90gr) - SES Creative\" \/>\n<meta property=\"og:description\" content=\"Feel Good Knete \u2013 Relax: Fr\u00f6hlicher und kreativer Spielspa\u00df! Feel Good Knete! Die SES-Knete in vier entspannten Farben. Knete, die ein gutes Gef\u00fchl vermittelt! Die Knete ist vollst\u00e4ndig vegan, glutenfrei und super auswaschbar. Sie ist klar und weich. Und dank der wiederverschlie\u00dfbaren Verpackung bleibt Ihre Knete l\u00e4nger haltbar. Sind Sie mit der Knete fertig? Scannen [&hellip;]\" \/>\n<meta property=\"og:url\" content=\"https:\/\/ses-creative.com\/de\/produkt\/feel-good-knete-relax-4x90gr\/\" \/>\n<meta property=\"og:site_name\" content=\"SES Creative\" \/>\n<meta property=\"article:modified_time\" content=\"2026-02-06T09:51:11+00:00\" \/>\n<meta name=\"twitter:card\" content=\"summary_large_image\" \/>\n<meta name=\"twitter:label1\" content=\"Gesch\u00e4tzte Lesezeit\" \/>\n\t<meta name=\"twitter:data1\" content=\"2\u00a0Minuten\" \/>\n<script type=\"application\/ld+json\" class=\"yoast-schema-graph\">{\"@context\":\"https:\\\/\\\/schema.org\",\"@graph\":[{\"@type\":\"WebPage\",\"@id\":\"https:\\\/\\\/ses-creative.com\\\/de\\\/produkt\\\/feel-good-knete-relax-4x90gr\\\/\",\"url\":\"https:\\\/\\\/ses-creative.com\\\/de\\\/produkt\\\/feel-good-knete-relax-4x90gr\\\/\",\"name\":\"Feel good Knete - Relax (4x90gr) - SES Creative\",\"isPartOf\":{\"@id\":\"https:\\\/\\\/ses-creative.com\\\/#website\"},\"primaryImageOfPage\":{\"@id\":\"https:\\\/\\\/ses-creative.com\\\/de\\\/produkt\\\/feel-good-knete-relax-4x90gr\\\/#primaryimage\"},\"image\":{\"@id\":\"https:\\\/\\\/ses-creative.com\\\/de\\\/produkt\\\/feel-good-knete-relax-4x90gr\\\/#primaryimage\"},\"thumbnailUrl\":\"https:\\\/\\\/ses-creative.com\\\/wp-content\\\/uploads\\\/2026\\\/01\\\/005141-1.jpg\",\"datePublished\":\"2026-02-05T13:52:03+00:00\",\"dateModified\":\"2026-02-06T09:51:11+00:00\",\"breadcrumb\":{\"@id\":\"https:\\\/\\\/ses-creative.com\\\/de\\\/produkt\\\/feel-good-knete-relax-4x90gr\\\/#breadcrumb\"},\"inLanguage\":\"de\",\"potentialAction\":[{\"@type\":\"ReadAction\",\"target\":[\"https:\\\/\\\/ses-creative.com\\\/de\\\/produkt\\\/feel-good-knete-relax-4x90gr\\\/\"]}]},{\"@type\":\"ImageObject\",\"inLanguage\":\"de\",\"@id\":\"https:\\\/\\\/ses-creative.com\\\/de\\\/produkt\\\/feel-good-knete-relax-4x90gr\\\/#primaryimage\",\"url\":\"https:\\\/\\\/ses-creative.com\\\/wp-content\\\/uploads\\\/2026\\\/01\\\/005141-1.jpg\",\"contentUrl\":\"https:\\\/\\\/ses-creative.com\\\/wp-content\\\/uploads\\\/2026\\\/01\\\/005141-1.jpg\",\"width\":1000,\"height\":1000},{\"@type\":\"BreadcrumbList\",\"@id\":\"https:\\\/\\\/ses-creative.com\\\/de\\\/produkt\\\/feel-good-knete-relax-4x90gr\\\/#breadcrumb\",\"itemListElement\":[{\"@type\":\"ListItem\",\"position\":1,\"name\":\"Shop\",\"item\":\"https:\\\/\\\/ses-creative.com\\\/de\\\/shop\\\/\"},{\"@type\":\"ListItem\",\"position\":2,\"name\":\"Knete\",\"item\":\"https:\\\/\\\/ses-creative.com\\\/de\\\/product-categorie\\\/knete\\\/\"},{\"@type\":\"ListItem\",\"position\":3,\"name\":\"Feel good Knete &#8211; Relax (4x90gr)\"}]},{\"@type\":\"WebSite\",\"@id\":\"https:\\\/\\\/ses-creative.com\\\/#website\",\"url\":\"https:\\\/\\\/ses-creative.com\\\/\",\"name\":\"SES Creative\",\"description\":\"\",\"publisher\":{\"@id\":\"https:\\\/\\\/ses-creative.com\\\/#organization\"},\"potentialAction\":[{\"@type\":\"SearchAction\",\"target\":{\"@type\":\"EntryPoint\",\"urlTemplate\":\"https:\\\/\\\/ses-creative.com\\\/?s={search_term_string}\"},\"query-input\":{\"@type\":\"PropertyValueSpecification\",\"valueRequired\":true,\"valueName\":\"search_term_string\"}}],\"inLanguage\":\"de\"},{\"@type\":\"Organization\",\"@id\":\"https:\\\/\\\/ses-creative.com\\\/#organization\",\"name\":\"SES Creative\",\"url\":\"https:\\\/\\\/ses-creative.com\\\/\",\"logo\":{\"@type\":\"ImageObject\",\"inLanguage\":\"de\",\"@id\":\"https:\\\/\\\/ses-creative.com\\\/#\\\/schema\\\/logo\\\/image\\\/\",\"url\":\"https:\\\/\\\/ses-creative.com\\\/wp-content\\\/uploads\\\/2025\\\/10\\\/ses-creative-logo.jpg\",\"contentUrl\":\"https:\\\/\\\/ses-creative.com\\\/wp-content\\\/uploads\\\/2025\\\/10\\\/ses-creative-logo.jpg\",\"width\":2037,\"height\":2037,\"caption\":\"SES Creative\"},\"image\":{\"@id\":\"https:\\\/\\\/ses-creative.com\\\/#\\\/schema\\\/logo\\\/image\\\/\"}}]}<\/script>\n<!-- \/ Yoast SEO plugin. -->","yoast_head_json":{"title":"Feel good Knete - Relax (4x90gr) - SES Creative","robots":{"index":"index","follow":"follow","max-snippet":"max-snippet:-1","max-image-preview":"max-image-preview:large","max-video-preview":"max-video-preview:-1"},"canonical":"https:\/\/ses-creative.com\/de\/produkt\/feel-good-knete-relax-4x90gr\/","og_locale":"de_DE","og_type":"article","og_title":"Feel good Knete - Relax (4x90gr) - SES Creative","og_description":"Feel Good Knete \u2013 Relax: Fr\u00f6hlicher und kreativer Spielspa\u00df! Feel Good Knete! Die SES-Knete in vier entspannten Farben. Knete, die ein gutes Gef\u00fchl vermittelt! Die Knete ist vollst\u00e4ndig vegan, glutenfrei und super auswaschbar. Sie ist klar und weich. Und dank der wiederverschlie\u00dfbaren Verpackung bleibt Ihre Knete l\u00e4nger haltbar. Sind Sie mit der Knete fertig? Scannen [&hellip;]","og_url":"https:\/\/ses-creative.com\/de\/produkt\/feel-good-knete-relax-4x90gr\/","og_site_name":"SES Creative","article_modified_time":"2026-02-06T09:51:11+00:00","twitter_card":"summary_large_image","twitter_misc":{"Gesch\u00e4tzte Lesezeit":"2\u00a0Minuten"},"schema":{"@context":"https:\/\/schema.org","@graph":[{"@type":"WebPage","@id":"https:\/\/ses-creative.com\/de\/produkt\/feel-good-knete-relax-4x90gr\/","url":"https:\/\/ses-creative.com\/de\/produkt\/feel-good-knete-relax-4x90gr\/","name":"Feel good Knete - Relax (4x90gr) - SES Creative","isPartOf":{"@id":"https:\/\/ses-creative.com\/#website"},"primaryImageOfPage":{"@id":"https:\/\/ses-creative.com\/de\/produkt\/feel-good-knete-relax-4x90gr\/#primaryimage"},"image":{"@id":"https:\/\/ses-creative.com\/de\/produkt\/feel-good-knete-relax-4x90gr\/#primaryimage"},"thumbnailUrl":"https:\/\/ses-creative.com\/wp-content\/uploads\/2026\/01\/005141-1.jpg","datePublished":"2026-02-05T13:52:03+00:00","dateModified":"2026-02-06T09:51:11+00:00","breadcrumb":{"@id":"https:\/\/ses-creative.com\/de\/produkt\/feel-good-knete-relax-4x90gr\/#breadcrumb"},"inLanguage":"de","potentialAction":[{"@type":"ReadAction","target":["https:\/\/ses-creative.com\/de\/produkt\/feel-good-knete-relax-4x90gr\/"]}]},{"@type":"ImageObject","inLanguage":"de","@id":"https:\/\/ses-creative.com\/de\/produkt\/feel-good-knete-relax-4x90gr\/#primaryimage","url":"https:\/\/ses-creative.com\/wp-content\/uploads\/2026\/01\/005141-1.jpg","contentUrl":"https:\/\/ses-creative.com\/wp-content\/uploads\/2026\/01\/005141-1.jpg","width":1000,"height":1000},{"@type":"BreadcrumbList","@id":"https:\/\/ses-creative.com\/de\/produkt\/feel-good-knete-relax-4x90gr\/#breadcrumb","itemListElement":[{"@type":"ListItem","position":1,"name":"Shop","item":"https:\/\/ses-creative.com\/de\/shop\/"},{"@type":"ListItem","position":2,"name":"Knete","item":"https:\/\/ses-creative.com\/de\/product-categorie\/knete\/"},{"@type":"ListItem","position":3,"name":"Feel good Knete &#8211; Relax (4x90gr)"}]},{"@type":"WebSite","@id":"https:\/\/ses-creative.com\/#website","url":"https:\/\/ses-creative.com\/","name":"SES Creative","description":"","publisher":{"@id":"https:\/\/ses-creative.com\/#organization"},"potentialAction":[{"@type":"SearchAction","target":{"@type":"EntryPoint","urlTemplate":"https:\/\/ses-creative.com\/?s={search_term_string}"},"query-input":{"@type":"PropertyValueSpecification","valueRequired":true,"valueName":"search_term_string"}}],"inLanguage":"de"},{"@type":"Organization","@id":"https:\/\/ses-creative.com\/#organization","name":"SES Creative","url":"https:\/\/ses-creative.com\/","logo":{"@type":"ImageObject","inLanguage":"de","@id":"https:\/\/ses-creative.com\/#\/schema\/logo\/image\/","url":"https:\/\/ses-creative.com\/wp-content\/uploads\/2025\/10\/ses-creative-logo.jpg","contentUrl":"https:\/\/ses-creative.com\/wp-content\/uploads\/2025\/10\/ses-creative-logo.jpg","width":2037,"height":2037,"caption":"SES Creative"},"image":{"@id":"https:\/\/ses-creative.com\/#\/schema\/logo\/image\/"}}]}},"_links":{"self":[{"href":"https:\/\/ses-creative.com\/de\/wp-json\/wp\/v2\/product\/114377","targetHints":{"allow":["GET"]}}],"collection":[{"href":"https:\/\/ses-creative.com\/de\/wp-json\/wp\/v2\/product"}],"about":[{"href":"https:\/\/ses-creative.com\/de\/wp-json\/wp\/v2\/types\/product"}],"replies":[{"embeddable":true,"href":"https:\/\/ses-creative.com\/de\/wp-json\/wp\/v2\/comments?post=114377"}],"wp:featuredmedia":[{"embeddable":true,"href":"https:\/\/ses-creative.com\/de\/wp-json\/wp\/v2\/media\/94388"}],"wp:attachment":[{"href":"https:\/\/ses-creative.com\/de\/wp-json\/wp\/v2\/media?parent=114377"}],"wp:term":[{"taxonomy":"product_brand","embeddable":true,"href":"https:\/\/ses-creative.com\/de\/wp-json\/wp\/v2\/product_brand?post=114377"},{"taxonomy":"product_cat","embeddable":true,"href":"https:\/\/ses-creative.com\/de\/wp-json\/wp\/v2\/product_cat?post=114377"},{"taxonomy":"product_tag","embeddable":true,"href":"https:\/\/ses-creative.com\/de\/wp-json\/wp\/v2\/product_tag?post=114377"}],"curies":[{"name":"wp","href":"https:\/\/api.w.org\/{rel}","templated":true}]}}