











{"id":114373,"date":"2026-02-05T13:52:03","date_gmt":"2026-02-05T13:52:03","guid":{"rendered":"https:\/\/ses-creative.com\/?post_type=product&#038;p=114373"},"modified":"2026-02-06T09:51:11","modified_gmt":"2026-02-06T09:51:11","slug":"knete-kaetzchen","status":"publish","type":"product","link":"https:\/\/ses-creative.com\/de\/produkt\/knete-kaetzchen\/","title":{"rendered":"Knete &#8211; K\u00e4tzchen"},"content":{"rendered":"<p>Formen Sie die s\u00fc\u00dfesten K\u00e4tzchen!<br \/>\nLassen Sie die Fantasie Ihres Kindes mit dem Ton-K\u00e4tzchen-Set freien Lauf! Dieses niedliche Tonset l\u00e4dt junge Katzenliebhaber dazu ein, ihre eigenen verspielten K\u00e4tzchen zu gestalten und ihnen ein gem\u00fctliches Zuhause im mitgelieferten Katzenhaus zu geben. Mit weichem, farbenfrohem Ton in Blau, Rosa und Wei\u00df k\u00f6nnen Kinder ihre Katzenfreunde modellieren, formen und dekorieren und so unendliche M\u00f6glichkeiten f\u00fcr Kreativit\u00e4t und Spa\u00df entdecken.<br \/>\nWas dieses Set so toll macht<br \/>\n&#8211;    Niedliche K\u00e4tzchen-Knete in fr\u00f6hlichen Farben mit Anleitung zum Nachformen der K\u00e4tzchen<br \/>\n&#8211;    Mit lustigen Spielaccessoires, darunter ein Katzenhaus<br \/>\n&#8211;    Knete in den Farben Blau, Rosa und Wei\u00df<br \/>\n&#8211;    Die Knete trocknet w\u00e4hrend des Spielens nicht aus<br \/>\n&#8211;    Die Knete ist leicht auswaschbar und glutenfrei<br \/>\nSpielen und Kneten, ein Abenteuer voller Fantasie<br \/>\nDas Set \u201eKnete \u2013 K\u00e4tzchen\u201d f\u00f6rdert nicht nur die Kreativit\u00e4t, sondern hilft auch bei der Entwicklung der Feinmotorik und der Hand-Augen-Koordination. Kinder k\u00f6nnen Formen, Texturen und Farben entdecken, w\u00e4hrend sie ihre Katzenfreunde basteln \u2013 alles in einer bildschirmfreien, praktischen Aktivit\u00e4t, die perfekt f\u00fcr junge Entdecker ist.<br \/>\nInhalt des Sets<br \/>\n&#8211;    Knete in den Farben Blau, Rosa und Wei\u00df<br \/>\n&#8211;    Katzenhaus und K\u00e4tzchen-Zubeh\u00f6r<br \/>\n&#8211;    Modellierwerkzeug<br \/>\n&#8211;    Anleitung zum Nachbilden der Kittens aus Knetmasse<br \/>\nWarum SES Creative w\u00e4hlen?<br \/>\nBei SES Creative legen wir gro\u00dfen Wert auf Sicherheit. Deshalb werden die Produkte in unserer Fabrik in den Niederlanden nach den strengsten europ\u00e4ischen Sicherheitsnormen hergestellt und getestet. Spielzeug von SES Creative sorgt f\u00fcr Spa\u00df und soll Kindern ein Gef\u00fchl des Stolzes auf ihre Arbeit vermitteln, was ihre Kreativit\u00e4t und Entwicklung f\u00f6rdert.<br \/>\nBeginnen Sie noch heute Ihr Ton-Abenteuer!<br \/>\nHolen Sie sich das Set \u201eKnete \u2013 K\u00e4tzchen\u201d nach Hause und sehen Sie, wie die Kreativit\u00e4t Ihres Kindes aufbl\u00fcht. Mit lebhafter Knete, Zubeh\u00f6r und unendlichen M\u00f6glichkeiten zum Basteln und Spielen ist dieses Set garantiert ein Hit bei angehenden K\u00fcnstlern und Tierfreunden. Das Bastelabenteuer mit K\u00e4tzchen kann beginnen!<\/p>\n","protected":false},"excerpt":{"rendered":"<p>Formen Sie die s\u00fc\u00dfesten K\u00e4tzchen! Lassen Sie die Fantasie Ihres Kindes mit dem Ton-K\u00e4tzchen-Set freien Lauf! Dieses niedliche Tonset l\u00e4dt junge Katzenliebhaber dazu ein, ihre eigenen verspielten K\u00e4tzchen zu gestalten und ihnen ein gem\u00fctliches Zuhause im mitgelieferten Katzenhaus zu geben. Mit weichem, farbenfrohem Ton in Blau, Rosa und Wei\u00df k\u00f6nnen Kinder ihre Katzenfreunde modellieren, formen [&hellip;]<\/p>\n","protected":false},"featured_media":97048,"comment_status":"closed","ping_status":"closed","template":"","meta":{"_acf_changed":false},"product_brand":[],"product_cat":[117],"product_tag":[],"class_list":{"0":"post-114373","1":"product","2":"type-product","3":"status-publish","4":"has-post-thumbnail","6":"product_cat-knete","7":"pa_leeftijd-filter-3-4-jahre","8":"pa_meest-populair-bij-jungen-maedchen","10":"first","11":"instock","12":"shipping-taxable","13":"product-type-simple"},"acf":[],"yoast_head":"<!-- This site is optimized with the Yoast SEO plugin v27.4 - https:\/\/yoast.com\/product\/yoast-seo-wordpress\/ -->\n<title>Knete - K\u00e4tzchen - SES Creative<\/title>\n<meta name=\"robots\" content=\"index, follow, max-snippet:-1, max-image-preview:large, max-video-preview:-1\" \/>\n<link rel=\"canonical\" href=\"https:\/\/ses-creative.com\/de\/produkt\/knete-kaetzchen\/\" \/>\n<meta property=\"og:locale\" content=\"de_DE\" \/>\n<meta property=\"og:type\" content=\"article\" \/>\n<meta property=\"og:title\" content=\"Knete - K\u00e4tzchen - SES Creative\" \/>\n<meta property=\"og:description\" content=\"Formen Sie die s\u00fc\u00dfesten K\u00e4tzchen! Lassen Sie die Fantasie Ihres Kindes mit dem Ton-K\u00e4tzchen-Set freien Lauf! Dieses niedliche Tonset l\u00e4dt junge Katzenliebhaber dazu ein, ihre eigenen verspielten K\u00e4tzchen zu gestalten und ihnen ein gem\u00fctliches Zuhause im mitgelieferten Katzenhaus zu geben. Mit weichem, farbenfrohem Ton in Blau, Rosa und Wei\u00df k\u00f6nnen Kinder ihre Katzenfreunde modellieren, formen [&hellip;]\" \/>\n<meta property=\"og:url\" content=\"https:\/\/ses-creative.com\/de\/produkt\/knete-kaetzchen\/\" \/>\n<meta property=\"og:site_name\" content=\"SES Creative\" \/>\n<meta property=\"article:modified_time\" content=\"2026-02-06T09:51:11+00:00\" \/>\n<meta name=\"twitter:card\" content=\"summary_large_image\" \/>\n<meta name=\"twitter:label1\" content=\"Gesch\u00e4tzte Lesezeit\" \/>\n\t<meta name=\"twitter:data1\" content=\"2\u00a0Minuten\" \/>\n<script type=\"application\/ld+json\" class=\"yoast-schema-graph\">{\"@context\":\"https:\\\/\\\/schema.org\",\"@graph\":[{\"@type\":\"WebPage\",\"@id\":\"https:\\\/\\\/ses-creative.com\\\/de\\\/produkt\\\/knete-kaetzchen\\\/\",\"url\":\"https:\\\/\\\/ses-creative.com\\\/de\\\/produkt\\\/knete-kaetzchen\\\/\",\"name\":\"Knete - K\u00e4tzchen - SES Creative\",\"isPartOf\":{\"@id\":\"https:\\\/\\\/ses-creative.com\\\/#website\"},\"primaryImageOfPage\":{\"@id\":\"https:\\\/\\\/ses-creative.com\\\/de\\\/produkt\\\/knete-kaetzchen\\\/#primaryimage\"},\"image\":{\"@id\":\"https:\\\/\\\/ses-creative.com\\\/de\\\/produkt\\\/knete-kaetzchen\\\/#primaryimage\"},\"thumbnailUrl\":\"https:\\\/\\\/ses-creative.com\\\/wp-content\\\/uploads\\\/2026\\\/01\\\/005061.jpg\",\"datePublished\":\"2026-02-05T13:52:03+00:00\",\"dateModified\":\"2026-02-06T09:51:11+00:00\",\"breadcrumb\":{\"@id\":\"https:\\\/\\\/ses-creative.com\\\/de\\\/produkt\\\/knete-kaetzchen\\\/#breadcrumb\"},\"inLanguage\":\"de\",\"potentialAction\":[{\"@type\":\"ReadAction\",\"target\":[\"https:\\\/\\\/ses-creative.com\\\/de\\\/produkt\\\/knete-kaetzchen\\\/\"]}]},{\"@type\":\"ImageObject\",\"inLanguage\":\"de\",\"@id\":\"https:\\\/\\\/ses-creative.com\\\/de\\\/produkt\\\/knete-kaetzchen\\\/#primaryimage\",\"url\":\"https:\\\/\\\/ses-creative.com\\\/wp-content\\\/uploads\\\/2026\\\/01\\\/005061.jpg\",\"contentUrl\":\"https:\\\/\\\/ses-creative.com\\\/wp-content\\\/uploads\\\/2026\\\/01\\\/005061.jpg\",\"width\":1000,\"height\":1000},{\"@type\":\"BreadcrumbList\",\"@id\":\"https:\\\/\\\/ses-creative.com\\\/de\\\/produkt\\\/knete-kaetzchen\\\/#breadcrumb\",\"itemListElement\":[{\"@type\":\"ListItem\",\"position\":1,\"name\":\"Shop\",\"item\":\"https:\\\/\\\/ses-creative.com\\\/de\\\/shop\\\/\"},{\"@type\":\"ListItem\",\"position\":2,\"name\":\"Knete\",\"item\":\"https:\\\/\\\/ses-creative.com\\\/de\\\/product-categorie\\\/knete\\\/\"},{\"@type\":\"ListItem\",\"position\":3,\"name\":\"Knete &#8211; K\u00e4tzchen\"}]},{\"@type\":\"WebSite\",\"@id\":\"https:\\\/\\\/ses-creative.com\\\/#website\",\"url\":\"https:\\\/\\\/ses-creative.com\\\/\",\"name\":\"SES Creative\",\"description\":\"\",\"publisher\":{\"@id\":\"https:\\\/\\\/ses-creative.com\\\/#organization\"},\"potentialAction\":[{\"@type\":\"SearchAction\",\"target\":{\"@type\":\"EntryPoint\",\"urlTemplate\":\"https:\\\/\\\/ses-creative.com\\\/?s={search_term_string}\"},\"query-input\":{\"@type\":\"PropertyValueSpecification\",\"valueRequired\":true,\"valueName\":\"search_term_string\"}}],\"inLanguage\":\"de\"},{\"@type\":\"Organization\",\"@id\":\"https:\\\/\\\/ses-creative.com\\\/#organization\",\"name\":\"SES Creative\",\"url\":\"https:\\\/\\\/ses-creative.com\\\/\",\"logo\":{\"@type\":\"ImageObject\",\"inLanguage\":\"de\",\"@id\":\"https:\\\/\\\/ses-creative.com\\\/#\\\/schema\\\/logo\\\/image\\\/\",\"url\":\"https:\\\/\\\/ses-creative.com\\\/wp-content\\\/uploads\\\/2025\\\/10\\\/ses-creative-logo.jpg\",\"contentUrl\":\"https:\\\/\\\/ses-creative.com\\\/wp-content\\\/uploads\\\/2025\\\/10\\\/ses-creative-logo.jpg\",\"width\":2037,\"height\":2037,\"caption\":\"SES Creative\"},\"image\":{\"@id\":\"https:\\\/\\\/ses-creative.com\\\/#\\\/schema\\\/logo\\\/image\\\/\"}}]}<\/script>\n<!-- \/ Yoast SEO plugin. -->","yoast_head_json":{"title":"Knete - K\u00e4tzchen - SES Creative","robots":{"index":"index","follow":"follow","max-snippet":"max-snippet:-1","max-image-preview":"max-image-preview:large","max-video-preview":"max-video-preview:-1"},"canonical":"https:\/\/ses-creative.com\/de\/produkt\/knete-kaetzchen\/","og_locale":"de_DE","og_type":"article","og_title":"Knete - K\u00e4tzchen - SES Creative","og_description":"Formen Sie die s\u00fc\u00dfesten K\u00e4tzchen! Lassen Sie die Fantasie Ihres Kindes mit dem Ton-K\u00e4tzchen-Set freien Lauf! Dieses niedliche Tonset l\u00e4dt junge Katzenliebhaber dazu ein, ihre eigenen verspielten K\u00e4tzchen zu gestalten und ihnen ein gem\u00fctliches Zuhause im mitgelieferten Katzenhaus zu geben. Mit weichem, farbenfrohem Ton in Blau, Rosa und Wei\u00df k\u00f6nnen Kinder ihre Katzenfreunde modellieren, formen [&hellip;]","og_url":"https:\/\/ses-creative.com\/de\/produkt\/knete-kaetzchen\/","og_site_name":"SES Creative","article_modified_time":"2026-02-06T09:51:11+00:00","twitter_card":"summary_large_image","twitter_misc":{"Gesch\u00e4tzte Lesezeit":"2\u00a0Minuten"},"schema":{"@context":"https:\/\/schema.org","@graph":[{"@type":"WebPage","@id":"https:\/\/ses-creative.com\/de\/produkt\/knete-kaetzchen\/","url":"https:\/\/ses-creative.com\/de\/produkt\/knete-kaetzchen\/","name":"Knete - K\u00e4tzchen - SES Creative","isPartOf":{"@id":"https:\/\/ses-creative.com\/#website"},"primaryImageOfPage":{"@id":"https:\/\/ses-creative.com\/de\/produkt\/knete-kaetzchen\/#primaryimage"},"image":{"@id":"https:\/\/ses-creative.com\/de\/produkt\/knete-kaetzchen\/#primaryimage"},"thumbnailUrl":"https:\/\/ses-creative.com\/wp-content\/uploads\/2026\/01\/005061.jpg","datePublished":"2026-02-05T13:52:03+00:00","dateModified":"2026-02-06T09:51:11+00:00","breadcrumb":{"@id":"https:\/\/ses-creative.com\/de\/produkt\/knete-kaetzchen\/#breadcrumb"},"inLanguage":"de","potentialAction":[{"@type":"ReadAction","target":["https:\/\/ses-creative.com\/de\/produkt\/knete-kaetzchen\/"]}]},{"@type":"ImageObject","inLanguage":"de","@id":"https:\/\/ses-creative.com\/de\/produkt\/knete-kaetzchen\/#primaryimage","url":"https:\/\/ses-creative.com\/wp-content\/uploads\/2026\/01\/005061.jpg","contentUrl":"https:\/\/ses-creative.com\/wp-content\/uploads\/2026\/01\/005061.jpg","width":1000,"height":1000},{"@type":"BreadcrumbList","@id":"https:\/\/ses-creative.com\/de\/produkt\/knete-kaetzchen\/#breadcrumb","itemListElement":[{"@type":"ListItem","position":1,"name":"Shop","item":"https:\/\/ses-creative.com\/de\/shop\/"},{"@type":"ListItem","position":2,"name":"Knete","item":"https:\/\/ses-creative.com\/de\/product-categorie\/knete\/"},{"@type":"ListItem","position":3,"name":"Knete &#8211; K\u00e4tzchen"}]},{"@type":"WebSite","@id":"https:\/\/ses-creative.com\/#website","url":"https:\/\/ses-creative.com\/","name":"SES Creative","description":"","publisher":{"@id":"https:\/\/ses-creative.com\/#organization"},"potentialAction":[{"@type":"SearchAction","target":{"@type":"EntryPoint","urlTemplate":"https:\/\/ses-creative.com\/?s={search_term_string}"},"query-input":{"@type":"PropertyValueSpecification","valueRequired":true,"valueName":"search_term_string"}}],"inLanguage":"de"},{"@type":"Organization","@id":"https:\/\/ses-creative.com\/#organization","name":"SES Creative","url":"https:\/\/ses-creative.com\/","logo":{"@type":"ImageObject","inLanguage":"de","@id":"https:\/\/ses-creative.com\/#\/schema\/logo\/image\/","url":"https:\/\/ses-creative.com\/wp-content\/uploads\/2025\/10\/ses-creative-logo.jpg","contentUrl":"https:\/\/ses-creative.com\/wp-content\/uploads\/2025\/10\/ses-creative-logo.jpg","width":2037,"height":2037,"caption":"SES Creative"},"image":{"@id":"https:\/\/ses-creative.com\/#\/schema\/logo\/image\/"}}]}},"_links":{"self":[{"href":"https:\/\/ses-creative.com\/de\/wp-json\/wp\/v2\/product\/114373","targetHints":{"allow":["GET"]}}],"collection":[{"href":"https:\/\/ses-creative.com\/de\/wp-json\/wp\/v2\/product"}],"about":[{"href":"https:\/\/ses-creative.com\/de\/wp-json\/wp\/v2\/types\/product"}],"replies":[{"embeddable":true,"href":"https:\/\/ses-creative.com\/de\/wp-json\/wp\/v2\/comments?post=114373"}],"wp:featuredmedia":[{"embeddable":true,"href":"https:\/\/ses-creative.com\/de\/wp-json\/wp\/v2\/media\/97048"}],"wp:attachment":[{"href":"https:\/\/ses-creative.com\/de\/wp-json\/wp\/v2\/media?parent=114373"}],"wp:term":[{"taxonomy":"product_brand","embeddable":true,"href":"https:\/\/ses-creative.com\/de\/wp-json\/wp\/v2\/product_brand?post=114373"},{"taxonomy":"product_cat","embeddable":true,"href":"https:\/\/ses-creative.com\/de\/wp-json\/wp\/v2\/product_cat?post=114373"},{"taxonomy":"product_tag","embeddable":true,"href":"https:\/\/ses-creative.com\/de\/wp-json\/wp\/v2\/product_tag?post=114373"}],"curies":[{"name":"wp","href":"https:\/\/api.w.org\/{rel}","templated":true}]}}