











{"id":114372,"date":"2026-02-05T13:52:03","date_gmt":"2026-02-05T13:52:03","guid":{"rendered":"https:\/\/ses-creative.com\/?post_type=product&#038;p=114372"},"modified":"2026-02-06T09:51:11","modified_gmt":"2026-02-06T09:51:11","slug":"knete-welpen","status":"publish","type":"product","link":"https:\/\/ses-creative.com\/de\/produkt\/knete-welpen\/","title":{"rendered":"Knete &#8211; Welpen"},"content":{"rendered":"<p>Formen Sie Ihre eigenen Welpen!<br \/>\nErwecken Sie mit dem Set \u201eKlei \u2013 Welpen\u201c eine Welt voller niedlicher Tiere zum Leben! Dieses kreative Spielset ist perfekt f\u00fcr junge Hundeliebhaber und erm\u00f6glicht es Kindern, ihre eigenen verspielten Welpen zu formen und ihnen in der mitgelieferten Hundeh\u00fctte ein gem\u00fctliches Zuhause zu geben. Mit weicher Knete in Lila, Orange und Wei\u00df k\u00f6nnen Kinder ihre pelzigen Freunde formen.<br \/>\nWas dieses Set so toll macht<br \/>\n&#8211;    Niedliche Welpen aus Knete in fr\u00f6hlichen Farben mit Anleitung zum Nachformen der Welpen<br \/>\n&#8211; Mit lustigen Spielaccessoires, darunter eine Hundeh\u00fctte<br \/>\n&#8211;    Knete in den Farben Lila, Orange und Wei\u00df<br \/>\n&#8211;    Die Modelliermasse trocknet beim Spielen nicht aus<br \/>\n&#8211;    Die Knete ist leicht abwaschbar und glutenfrei<br \/>\nSpielen und Kneten<br \/>\nDas Set \u201eKnete \u2013 Welpen\u201d ist nicht nur eine fantastische M\u00f6glichkeit, die Kreativit\u00e4t anzuregen, sondern hilft auch bei der Entwicklung der Feinmotorik und der Hand-Augen-Koordination. Kinder lernen Formen, Texturen und Farben entdecken, w\u00e4hrend sie ihre tierischen Freunde basteln \u2013 und das alles bei einer praktischen, bildschirmfreien Aktivit\u00e4t. Mit den einfachen Anleitungen erweckst du die Hunde zum Leben oder nutzt deine Fantasie und gestaltest sie ganz nach deinen Vorstellungen. Das zus\u00e4tzliche Modellierwerkzeug ist praktisch, um lustige Details hinzuzuf\u00fcgen. St\u00fcrze dich ins Spielabenteuer!<br \/>\nInhalt des Sets<br \/>\n&#8211;    Knete in den Farben Lila, Orange und Wei\u00df<br \/>\n&#8211;    Hundeh\u00fctte und Welpenzubeh\u00f6r<br \/>\n&#8211;    Modellierwerkzeug<br \/>\n&#8211;    Anleitung zum Nachbilden der Knetpuppen<br \/>\nWarum SES Creative w\u00e4hlen?<br \/>\nBei SES Creative legen wir gro\u00dfen Wert auf Sicherheit. Deshalb werden die Produkte in unserem Werk in den Niederlanden nach den strengsten europ\u00e4ischen Sicherheitsstandards hergestellt und getestet. Spielzeug von SES Creative macht Spa\u00df und soll Kindern ein Gef\u00fchl der Stolz auf ihre Arbeit vermitteln, was ihre Kreativit\u00e4t und Entwicklung f\u00f6rdert.<br \/>\nHolen Sie sich das Set \u201eKnete \u2013 Welpen\u201d nach Hause und beginnen Sie noch heute mit dem Kneten<br \/>\nMit farbenfrohem Ton, lustigen Accessoires und unendlichen Bastelm\u00f6glichkeiten bietet dieses Set stundenlangen Spielspa\u00df f\u00fcr angehende Hundefans. Lasst den Welpenspa\u00df beginnen!<\/p>\n","protected":false},"excerpt":{"rendered":"<p>Formen Sie Ihre eigenen Welpen! Erwecken Sie mit dem Set \u201eKlei \u2013 Welpen\u201c eine Welt voller niedlicher Tiere zum Leben! Dieses kreative Spielset ist perfekt f\u00fcr junge Hundeliebhaber und erm\u00f6glicht es Kindern, ihre eigenen verspielten Welpen zu formen und ihnen in der mitgelieferten Hundeh\u00fctte ein gem\u00fctliches Zuhause zu geben. Mit weicher Knete in Lila, Orange [&hellip;]<\/p>\n","protected":false},"featured_media":97028,"comment_status":"closed","ping_status":"closed","template":"","meta":{"_acf_changed":false},"product_brand":[],"product_cat":[117],"product_tag":[],"class_list":{"0":"post-114372","1":"product","2":"type-product","3":"status-publish","4":"has-post-thumbnail","6":"product_cat-knete","7":"pa_leeftijd-filter-3-4-jahre","8":"pa_meest-populair-bij-jungen-maedchen","10":"first","11":"instock","12":"shipping-taxable","13":"product-type-simple"},"acf":[],"yoast_head":"<!-- This site is optimized with the Yoast SEO plugin v27.4 - https:\/\/yoast.com\/product\/yoast-seo-wordpress\/ -->\n<title>Knete - Welpen - SES Creative<\/title>\n<meta name=\"robots\" content=\"index, follow, max-snippet:-1, max-image-preview:large, max-video-preview:-1\" \/>\n<link rel=\"canonical\" href=\"https:\/\/ses-creative.com\/de\/produkt\/knete-welpen\/\" \/>\n<meta property=\"og:locale\" content=\"de_DE\" \/>\n<meta property=\"og:type\" content=\"article\" \/>\n<meta property=\"og:title\" content=\"Knete - Welpen - SES Creative\" \/>\n<meta property=\"og:description\" content=\"Formen Sie Ihre eigenen Welpen! Erwecken Sie mit dem Set \u201eKlei \u2013 Welpen\u201c eine Welt voller niedlicher Tiere zum Leben! Dieses kreative Spielset ist perfekt f\u00fcr junge Hundeliebhaber und erm\u00f6glicht es Kindern, ihre eigenen verspielten Welpen zu formen und ihnen in der mitgelieferten Hundeh\u00fctte ein gem\u00fctliches Zuhause zu geben. Mit weicher Knete in Lila, Orange [&hellip;]\" \/>\n<meta property=\"og:url\" content=\"https:\/\/ses-creative.com\/de\/produkt\/knete-welpen\/\" \/>\n<meta property=\"og:site_name\" content=\"SES Creative\" \/>\n<meta property=\"article:modified_time\" content=\"2026-02-06T09:51:11+00:00\" \/>\n<meta name=\"twitter:card\" content=\"summary_large_image\" \/>\n<meta name=\"twitter:label1\" content=\"Gesch\u00e4tzte Lesezeit\" \/>\n\t<meta name=\"twitter:data1\" content=\"2\u00a0Minuten\" \/>\n<script type=\"application\/ld+json\" class=\"yoast-schema-graph\">{\"@context\":\"https:\\\/\\\/schema.org\",\"@graph\":[{\"@type\":\"WebPage\",\"@id\":\"https:\\\/\\\/ses-creative.com\\\/de\\\/produkt\\\/knete-welpen\\\/\",\"url\":\"https:\\\/\\\/ses-creative.com\\\/de\\\/produkt\\\/knete-welpen\\\/\",\"name\":\"Knete - Welpen - SES Creative\",\"isPartOf\":{\"@id\":\"https:\\\/\\\/ses-creative.com\\\/#website\"},\"primaryImageOfPage\":{\"@id\":\"https:\\\/\\\/ses-creative.com\\\/de\\\/produkt\\\/knete-welpen\\\/#primaryimage\"},\"image\":{\"@id\":\"https:\\\/\\\/ses-creative.com\\\/de\\\/produkt\\\/knete-welpen\\\/#primaryimage\"},\"thumbnailUrl\":\"https:\\\/\\\/ses-creative.com\\\/wp-content\\\/uploads\\\/2026\\\/01\\\/005051.jpg\",\"datePublished\":\"2026-02-05T13:52:03+00:00\",\"dateModified\":\"2026-02-06T09:51:11+00:00\",\"breadcrumb\":{\"@id\":\"https:\\\/\\\/ses-creative.com\\\/de\\\/produkt\\\/knete-welpen\\\/#breadcrumb\"},\"inLanguage\":\"de\",\"potentialAction\":[{\"@type\":\"ReadAction\",\"target\":[\"https:\\\/\\\/ses-creative.com\\\/de\\\/produkt\\\/knete-welpen\\\/\"]}]},{\"@type\":\"ImageObject\",\"inLanguage\":\"de\",\"@id\":\"https:\\\/\\\/ses-creative.com\\\/de\\\/produkt\\\/knete-welpen\\\/#primaryimage\",\"url\":\"https:\\\/\\\/ses-creative.com\\\/wp-content\\\/uploads\\\/2026\\\/01\\\/005051.jpg\",\"contentUrl\":\"https:\\\/\\\/ses-creative.com\\\/wp-content\\\/uploads\\\/2026\\\/01\\\/005051.jpg\",\"width\":1000,\"height\":1000},{\"@type\":\"BreadcrumbList\",\"@id\":\"https:\\\/\\\/ses-creative.com\\\/de\\\/produkt\\\/knete-welpen\\\/#breadcrumb\",\"itemListElement\":[{\"@type\":\"ListItem\",\"position\":1,\"name\":\"Shop\",\"item\":\"https:\\\/\\\/ses-creative.com\\\/de\\\/shop\\\/\"},{\"@type\":\"ListItem\",\"position\":2,\"name\":\"Knete\",\"item\":\"https:\\\/\\\/ses-creative.com\\\/de\\\/product-categorie\\\/knete\\\/\"},{\"@type\":\"ListItem\",\"position\":3,\"name\":\"Knete &#8211; Welpen\"}]},{\"@type\":\"WebSite\",\"@id\":\"https:\\\/\\\/ses-creative.com\\\/#website\",\"url\":\"https:\\\/\\\/ses-creative.com\\\/\",\"name\":\"SES Creative\",\"description\":\"\",\"publisher\":{\"@id\":\"https:\\\/\\\/ses-creative.com\\\/#organization\"},\"potentialAction\":[{\"@type\":\"SearchAction\",\"target\":{\"@type\":\"EntryPoint\",\"urlTemplate\":\"https:\\\/\\\/ses-creative.com\\\/?s={search_term_string}\"},\"query-input\":{\"@type\":\"PropertyValueSpecification\",\"valueRequired\":true,\"valueName\":\"search_term_string\"}}],\"inLanguage\":\"de\"},{\"@type\":\"Organization\",\"@id\":\"https:\\\/\\\/ses-creative.com\\\/#organization\",\"name\":\"SES Creative\",\"url\":\"https:\\\/\\\/ses-creative.com\\\/\",\"logo\":{\"@type\":\"ImageObject\",\"inLanguage\":\"de\",\"@id\":\"https:\\\/\\\/ses-creative.com\\\/#\\\/schema\\\/logo\\\/image\\\/\",\"url\":\"https:\\\/\\\/ses-creative.com\\\/wp-content\\\/uploads\\\/2025\\\/10\\\/ses-creative-logo.jpg\",\"contentUrl\":\"https:\\\/\\\/ses-creative.com\\\/wp-content\\\/uploads\\\/2025\\\/10\\\/ses-creative-logo.jpg\",\"width\":2037,\"height\":2037,\"caption\":\"SES Creative\"},\"image\":{\"@id\":\"https:\\\/\\\/ses-creative.com\\\/#\\\/schema\\\/logo\\\/image\\\/\"}}]}<\/script>\n<!-- \/ Yoast SEO plugin. -->","yoast_head_json":{"title":"Knete - Welpen - SES Creative","robots":{"index":"index","follow":"follow","max-snippet":"max-snippet:-1","max-image-preview":"max-image-preview:large","max-video-preview":"max-video-preview:-1"},"canonical":"https:\/\/ses-creative.com\/de\/produkt\/knete-welpen\/","og_locale":"de_DE","og_type":"article","og_title":"Knete - Welpen - SES Creative","og_description":"Formen Sie Ihre eigenen Welpen! Erwecken Sie mit dem Set \u201eKlei \u2013 Welpen\u201c eine Welt voller niedlicher Tiere zum Leben! Dieses kreative Spielset ist perfekt f\u00fcr junge Hundeliebhaber und erm\u00f6glicht es Kindern, ihre eigenen verspielten Welpen zu formen und ihnen in der mitgelieferten Hundeh\u00fctte ein gem\u00fctliches Zuhause zu geben. Mit weicher Knete in Lila, Orange [&hellip;]","og_url":"https:\/\/ses-creative.com\/de\/produkt\/knete-welpen\/","og_site_name":"SES Creative","article_modified_time":"2026-02-06T09:51:11+00:00","twitter_card":"summary_large_image","twitter_misc":{"Gesch\u00e4tzte Lesezeit":"2\u00a0Minuten"},"schema":{"@context":"https:\/\/schema.org","@graph":[{"@type":"WebPage","@id":"https:\/\/ses-creative.com\/de\/produkt\/knete-welpen\/","url":"https:\/\/ses-creative.com\/de\/produkt\/knete-welpen\/","name":"Knete - Welpen - SES Creative","isPartOf":{"@id":"https:\/\/ses-creative.com\/#website"},"primaryImageOfPage":{"@id":"https:\/\/ses-creative.com\/de\/produkt\/knete-welpen\/#primaryimage"},"image":{"@id":"https:\/\/ses-creative.com\/de\/produkt\/knete-welpen\/#primaryimage"},"thumbnailUrl":"https:\/\/ses-creative.com\/wp-content\/uploads\/2026\/01\/005051.jpg","datePublished":"2026-02-05T13:52:03+00:00","dateModified":"2026-02-06T09:51:11+00:00","breadcrumb":{"@id":"https:\/\/ses-creative.com\/de\/produkt\/knete-welpen\/#breadcrumb"},"inLanguage":"de","potentialAction":[{"@type":"ReadAction","target":["https:\/\/ses-creative.com\/de\/produkt\/knete-welpen\/"]}]},{"@type":"ImageObject","inLanguage":"de","@id":"https:\/\/ses-creative.com\/de\/produkt\/knete-welpen\/#primaryimage","url":"https:\/\/ses-creative.com\/wp-content\/uploads\/2026\/01\/005051.jpg","contentUrl":"https:\/\/ses-creative.com\/wp-content\/uploads\/2026\/01\/005051.jpg","width":1000,"height":1000},{"@type":"BreadcrumbList","@id":"https:\/\/ses-creative.com\/de\/produkt\/knete-welpen\/#breadcrumb","itemListElement":[{"@type":"ListItem","position":1,"name":"Shop","item":"https:\/\/ses-creative.com\/de\/shop\/"},{"@type":"ListItem","position":2,"name":"Knete","item":"https:\/\/ses-creative.com\/de\/product-categorie\/knete\/"},{"@type":"ListItem","position":3,"name":"Knete &#8211; Welpen"}]},{"@type":"WebSite","@id":"https:\/\/ses-creative.com\/#website","url":"https:\/\/ses-creative.com\/","name":"SES Creative","description":"","publisher":{"@id":"https:\/\/ses-creative.com\/#organization"},"potentialAction":[{"@type":"SearchAction","target":{"@type":"EntryPoint","urlTemplate":"https:\/\/ses-creative.com\/?s={search_term_string}"},"query-input":{"@type":"PropertyValueSpecification","valueRequired":true,"valueName":"search_term_string"}}],"inLanguage":"de"},{"@type":"Organization","@id":"https:\/\/ses-creative.com\/#organization","name":"SES Creative","url":"https:\/\/ses-creative.com\/","logo":{"@type":"ImageObject","inLanguage":"de","@id":"https:\/\/ses-creative.com\/#\/schema\/logo\/image\/","url":"https:\/\/ses-creative.com\/wp-content\/uploads\/2025\/10\/ses-creative-logo.jpg","contentUrl":"https:\/\/ses-creative.com\/wp-content\/uploads\/2025\/10\/ses-creative-logo.jpg","width":2037,"height":2037,"caption":"SES Creative"},"image":{"@id":"https:\/\/ses-creative.com\/#\/schema\/logo\/image\/"}}]}},"_links":{"self":[{"href":"https:\/\/ses-creative.com\/de\/wp-json\/wp\/v2\/product\/114372","targetHints":{"allow":["GET"]}}],"collection":[{"href":"https:\/\/ses-creative.com\/de\/wp-json\/wp\/v2\/product"}],"about":[{"href":"https:\/\/ses-creative.com\/de\/wp-json\/wp\/v2\/types\/product"}],"replies":[{"embeddable":true,"href":"https:\/\/ses-creative.com\/de\/wp-json\/wp\/v2\/comments?post=114372"}],"wp:featuredmedia":[{"embeddable":true,"href":"https:\/\/ses-creative.com\/de\/wp-json\/wp\/v2\/media\/97028"}],"wp:attachment":[{"href":"https:\/\/ses-creative.com\/de\/wp-json\/wp\/v2\/media?parent=114372"}],"wp:term":[{"taxonomy":"product_brand","embeddable":true,"href":"https:\/\/ses-creative.com\/de\/wp-json\/wp\/v2\/product_brand?post=114372"},{"taxonomy":"product_cat","embeddable":true,"href":"https:\/\/ses-creative.com\/de\/wp-json\/wp\/v2\/product_cat?post=114372"},{"taxonomy":"product_tag","embeddable":true,"href":"https:\/\/ses-creative.com\/de\/wp-json\/wp\/v2\/product_tag?post=114372"}],"curies":[{"name":"wp","href":"https:\/\/api.w.org\/{rel}","templated":true}]}}