











{"id":114371,"date":"2026-02-05T13:52:03","date_gmt":"2026-02-05T13:52:03","guid":{"rendered":"https:\/\/ses-creative.com\/?post_type=product&#038;p=114371"},"modified":"2026-02-06T09:51:11","modified_gmt":"2026-02-06T09:51:11","slug":"knete-tool-mania","status":"publish","type":"product","link":"https:\/\/ses-creative.com\/de\/produkt\/knete-tool-mania\/","title":{"rendered":"Knete &#8211; Tool Mania"},"content":{"rendered":"<p>Unendlicher Knet-Spa\u00df mit Tool Mania!<br \/>\nEntdecken Sie die Welt der Kreativit\u00e4t mit Klei Tool Mania von SES Creative. Ein Knet-Set mit vielen verschiedenen Knetwerkzeugen zum Entdecken und Gestalten: vom Schneiden und Rollen bis zum Formen und Dekorieren.<br \/>\nWas dieses Set so toll macht<br \/>\n&#8211;    Nicht weniger als 7 verschiedene Tonwerkzeuge, mit denen sich die sch\u00f6nsten Muster und Kreationen gestalten lassen<br \/>\n&#8211;    Mit zwei verschiedenen T\u00f6pfen Ton<br \/>\n&#8211;    Der Ton trocknet w\u00e4hrend des Spielens nicht aus<br \/>\n&#8211;    Der Ton ist leicht auswaschbar und glutenfrei<br \/>\n&#8211;<br \/>\nFormen und Muster gestalten<br \/>\nDas umfangreiche Set enth\u00e4lt Ton-Extruder, mit denen sich die sch\u00f6nsten Tonstr\u00e4nge herstellen lassen. Die Walze kann selbst zusammengesetzt werden, sodass immer wieder einzigartige Muster entstehen. Der weiche, leicht formbare Ton ist perfekt f\u00fcr kleine H\u00e4nde und f\u00f6rdert die Entwicklung der Feinmotorik, der Hand-Augen-Koordination und der Kreativit\u00e4t. Das Knete Tool Set bietet endlosen Spielspa\u00df und lehrreiche M\u00f6glichkeiten. Dieses Set eignet sich perfekt f\u00fcr das selbstst\u00e4ndige Spielen oder f\u00fcr Gruppenaktivit\u00e4ten, weckt die Neugier und f\u00f6rdert die k\u00fcnstlerische Ausdrucksf\u00e4higkeit von Kindern ab 3 Jahren.<br \/>\nInhalt des Sets<br \/>\n&#8211;    5 Ton-Extruder mit jeweils eigener Form\u00f6ffnung f\u00fcr verschiedene Muster<br \/>\n&#8211;    Anpassbarer Tonroller f\u00fcr einzigartige Muster<br \/>\n&#8211;    Modelliermesser<br \/>\n&#8211;    Rote Knetmasse<br \/>\n&#8211;    Blauer Ton<br \/>\nWarum SES Creative w\u00e4hlen?<br \/>\nBei SES Creative legen wir gro\u00dfen Wert auf Sicherheit. Deshalb werden die Produkte in unserem Werk in den Niederlanden nach den strengsten europ\u00e4ischen Sicherheitsnormen hergestellt und getestet. Spielzeug von SES Creative sorgt f\u00fcr Spa\u00df und soll Kindern ein Gef\u00fchl des Stolzes auf ihre Arbeit vermitteln, was ihre Kreativit\u00e4t und Entwicklung f\u00f6rdert.<br \/>\nBeginnen Sie noch heute mit dem Modellieren!<br \/>\nHolen Sie sich das Knete Tool Set nach Hause und sehen Sie, wie Ihr Kind die unbegrenzten M\u00f6glichkeiten des kreativen Spielens entdeckt. Mit lebhaftem Ton, lustigen Werkzeugen und endlosen Bastelm\u00f6glichkeiten wird dieses Set kleine H\u00e4nde besch\u00e4ftigen und die Fantasie befl\u00fcgeln!<\/p>\n","protected":false},"excerpt":{"rendered":"<p>Unendlicher Knet-Spa\u00df mit Tool Mania! Entdecken Sie die Welt der Kreativit\u00e4t mit Klei Tool Mania von SES Creative. Ein Knet-Set mit vielen verschiedenen Knetwerkzeugen zum Entdecken und Gestalten: vom Schneiden und Rollen bis zum Formen und Dekorieren. Was dieses Set so toll macht &#8211; Nicht weniger als 7 verschiedene Tonwerkzeuge, mit denen sich die sch\u00f6nsten [&hellip;]<\/p>\n","protected":false},"featured_media":94368,"comment_status":"closed","ping_status":"closed","template":"","meta":{"_acf_changed":false},"product_brand":[],"product_cat":[117],"product_tag":[],"class_list":{"0":"post-114371","1":"product","2":"type-product","3":"status-publish","4":"has-post-thumbnail","6":"product_cat-knete","7":"pa_leeftijd-filter-0-2-jahre","8":"pa_meest-populair-bij-jungen-maedchen","10":"first","11":"instock","12":"shipping-taxable","13":"product-type-simple"},"acf":[],"yoast_head":"<!-- This site is optimized with the Yoast SEO plugin v27.4 - https:\/\/yoast.com\/product\/yoast-seo-wordpress\/ -->\n<title>Knete - Tool Mania - SES Creative<\/title>\n<meta name=\"robots\" content=\"index, follow, max-snippet:-1, max-image-preview:large, max-video-preview:-1\" \/>\n<link rel=\"canonical\" href=\"https:\/\/ses-creative.com\/de\/produkt\/knete-tool-mania\/\" \/>\n<meta property=\"og:locale\" content=\"de_DE\" \/>\n<meta property=\"og:type\" content=\"article\" \/>\n<meta property=\"og:title\" content=\"Knete - Tool Mania - SES Creative\" \/>\n<meta property=\"og:description\" content=\"Unendlicher Knet-Spa\u00df mit Tool Mania! Entdecken Sie die Welt der Kreativit\u00e4t mit Klei Tool Mania von SES Creative. Ein Knet-Set mit vielen verschiedenen Knetwerkzeugen zum Entdecken und Gestalten: vom Schneiden und Rollen bis zum Formen und Dekorieren. Was dieses Set so toll macht &#8211; Nicht weniger als 7 verschiedene Tonwerkzeuge, mit denen sich die sch\u00f6nsten [&hellip;]\" \/>\n<meta property=\"og:url\" content=\"https:\/\/ses-creative.com\/de\/produkt\/knete-tool-mania\/\" \/>\n<meta property=\"og:site_name\" content=\"SES Creative\" \/>\n<meta property=\"article:modified_time\" content=\"2026-02-06T09:51:11+00:00\" \/>\n<meta name=\"twitter:card\" content=\"summary_large_image\" \/>\n<meta name=\"twitter:label1\" content=\"Gesch\u00e4tzte Lesezeit\" \/>\n\t<meta name=\"twitter:data1\" content=\"2\u00a0Minuten\" \/>\n<script type=\"application\/ld+json\" class=\"yoast-schema-graph\">{\"@context\":\"https:\\\/\\\/schema.org\",\"@graph\":[{\"@type\":\"WebPage\",\"@id\":\"https:\\\/\\\/ses-creative.com\\\/de\\\/produkt\\\/knete-tool-mania\\\/\",\"url\":\"https:\\\/\\\/ses-creative.com\\\/de\\\/produkt\\\/knete-tool-mania\\\/\",\"name\":\"Knete - Tool Mania - SES Creative\",\"isPartOf\":{\"@id\":\"https:\\\/\\\/ses-creative.com\\\/#website\"},\"primaryImageOfPage\":{\"@id\":\"https:\\\/\\\/ses-creative.com\\\/de\\\/produkt\\\/knete-tool-mania\\\/#primaryimage\"},\"image\":{\"@id\":\"https:\\\/\\\/ses-creative.com\\\/de\\\/produkt\\\/knete-tool-mania\\\/#primaryimage\"},\"thumbnailUrl\":\"https:\\\/\\\/ses-creative.com\\\/wp-content\\\/uploads\\\/2026\\\/01\\\/005041-1.jpg\",\"datePublished\":\"2026-02-05T13:52:03+00:00\",\"dateModified\":\"2026-02-06T09:51:11+00:00\",\"breadcrumb\":{\"@id\":\"https:\\\/\\\/ses-creative.com\\\/de\\\/produkt\\\/knete-tool-mania\\\/#breadcrumb\"},\"inLanguage\":\"de\",\"potentialAction\":[{\"@type\":\"ReadAction\",\"target\":[\"https:\\\/\\\/ses-creative.com\\\/de\\\/produkt\\\/knete-tool-mania\\\/\"]}]},{\"@type\":\"ImageObject\",\"inLanguage\":\"de\",\"@id\":\"https:\\\/\\\/ses-creative.com\\\/de\\\/produkt\\\/knete-tool-mania\\\/#primaryimage\",\"url\":\"https:\\\/\\\/ses-creative.com\\\/wp-content\\\/uploads\\\/2026\\\/01\\\/005041-1.jpg\",\"contentUrl\":\"https:\\\/\\\/ses-creative.com\\\/wp-content\\\/uploads\\\/2026\\\/01\\\/005041-1.jpg\",\"width\":1000,\"height\":1000},{\"@type\":\"BreadcrumbList\",\"@id\":\"https:\\\/\\\/ses-creative.com\\\/de\\\/produkt\\\/knete-tool-mania\\\/#breadcrumb\",\"itemListElement\":[{\"@type\":\"ListItem\",\"position\":1,\"name\":\"Shop\",\"item\":\"https:\\\/\\\/ses-creative.com\\\/de\\\/shop\\\/\"},{\"@type\":\"ListItem\",\"position\":2,\"name\":\"Knete\",\"item\":\"https:\\\/\\\/ses-creative.com\\\/de\\\/product-categorie\\\/knete\\\/\"},{\"@type\":\"ListItem\",\"position\":3,\"name\":\"Knete &#8211; Tool Mania\"}]},{\"@type\":\"WebSite\",\"@id\":\"https:\\\/\\\/ses-creative.com\\\/#website\",\"url\":\"https:\\\/\\\/ses-creative.com\\\/\",\"name\":\"SES Creative\",\"description\":\"\",\"publisher\":{\"@id\":\"https:\\\/\\\/ses-creative.com\\\/#organization\"},\"potentialAction\":[{\"@type\":\"SearchAction\",\"target\":{\"@type\":\"EntryPoint\",\"urlTemplate\":\"https:\\\/\\\/ses-creative.com\\\/?s={search_term_string}\"},\"query-input\":{\"@type\":\"PropertyValueSpecification\",\"valueRequired\":true,\"valueName\":\"search_term_string\"}}],\"inLanguage\":\"de\"},{\"@type\":\"Organization\",\"@id\":\"https:\\\/\\\/ses-creative.com\\\/#organization\",\"name\":\"SES Creative\",\"url\":\"https:\\\/\\\/ses-creative.com\\\/\",\"logo\":{\"@type\":\"ImageObject\",\"inLanguage\":\"de\",\"@id\":\"https:\\\/\\\/ses-creative.com\\\/#\\\/schema\\\/logo\\\/image\\\/\",\"url\":\"https:\\\/\\\/ses-creative.com\\\/wp-content\\\/uploads\\\/2025\\\/10\\\/ses-creative-logo.jpg\",\"contentUrl\":\"https:\\\/\\\/ses-creative.com\\\/wp-content\\\/uploads\\\/2025\\\/10\\\/ses-creative-logo.jpg\",\"width\":2037,\"height\":2037,\"caption\":\"SES Creative\"},\"image\":{\"@id\":\"https:\\\/\\\/ses-creative.com\\\/#\\\/schema\\\/logo\\\/image\\\/\"}}]}<\/script>\n<!-- \/ Yoast SEO plugin. -->","yoast_head_json":{"title":"Knete - Tool Mania - SES Creative","robots":{"index":"index","follow":"follow","max-snippet":"max-snippet:-1","max-image-preview":"max-image-preview:large","max-video-preview":"max-video-preview:-1"},"canonical":"https:\/\/ses-creative.com\/de\/produkt\/knete-tool-mania\/","og_locale":"de_DE","og_type":"article","og_title":"Knete - Tool Mania - SES Creative","og_description":"Unendlicher Knet-Spa\u00df mit Tool Mania! Entdecken Sie die Welt der Kreativit\u00e4t mit Klei Tool Mania von SES Creative. Ein Knet-Set mit vielen verschiedenen Knetwerkzeugen zum Entdecken und Gestalten: vom Schneiden und Rollen bis zum Formen und Dekorieren. Was dieses Set so toll macht &#8211; Nicht weniger als 7 verschiedene Tonwerkzeuge, mit denen sich die sch\u00f6nsten [&hellip;]","og_url":"https:\/\/ses-creative.com\/de\/produkt\/knete-tool-mania\/","og_site_name":"SES Creative","article_modified_time":"2026-02-06T09:51:11+00:00","twitter_card":"summary_large_image","twitter_misc":{"Gesch\u00e4tzte Lesezeit":"2\u00a0Minuten"},"schema":{"@context":"https:\/\/schema.org","@graph":[{"@type":"WebPage","@id":"https:\/\/ses-creative.com\/de\/produkt\/knete-tool-mania\/","url":"https:\/\/ses-creative.com\/de\/produkt\/knete-tool-mania\/","name":"Knete - Tool Mania - SES Creative","isPartOf":{"@id":"https:\/\/ses-creative.com\/#website"},"primaryImageOfPage":{"@id":"https:\/\/ses-creative.com\/de\/produkt\/knete-tool-mania\/#primaryimage"},"image":{"@id":"https:\/\/ses-creative.com\/de\/produkt\/knete-tool-mania\/#primaryimage"},"thumbnailUrl":"https:\/\/ses-creative.com\/wp-content\/uploads\/2026\/01\/005041-1.jpg","datePublished":"2026-02-05T13:52:03+00:00","dateModified":"2026-02-06T09:51:11+00:00","breadcrumb":{"@id":"https:\/\/ses-creative.com\/de\/produkt\/knete-tool-mania\/#breadcrumb"},"inLanguage":"de","potentialAction":[{"@type":"ReadAction","target":["https:\/\/ses-creative.com\/de\/produkt\/knete-tool-mania\/"]}]},{"@type":"ImageObject","inLanguage":"de","@id":"https:\/\/ses-creative.com\/de\/produkt\/knete-tool-mania\/#primaryimage","url":"https:\/\/ses-creative.com\/wp-content\/uploads\/2026\/01\/005041-1.jpg","contentUrl":"https:\/\/ses-creative.com\/wp-content\/uploads\/2026\/01\/005041-1.jpg","width":1000,"height":1000},{"@type":"BreadcrumbList","@id":"https:\/\/ses-creative.com\/de\/produkt\/knete-tool-mania\/#breadcrumb","itemListElement":[{"@type":"ListItem","position":1,"name":"Shop","item":"https:\/\/ses-creative.com\/de\/shop\/"},{"@type":"ListItem","position":2,"name":"Knete","item":"https:\/\/ses-creative.com\/de\/product-categorie\/knete\/"},{"@type":"ListItem","position":3,"name":"Knete &#8211; Tool Mania"}]},{"@type":"WebSite","@id":"https:\/\/ses-creative.com\/#website","url":"https:\/\/ses-creative.com\/","name":"SES Creative","description":"","publisher":{"@id":"https:\/\/ses-creative.com\/#organization"},"potentialAction":[{"@type":"SearchAction","target":{"@type":"EntryPoint","urlTemplate":"https:\/\/ses-creative.com\/?s={search_term_string}"},"query-input":{"@type":"PropertyValueSpecification","valueRequired":true,"valueName":"search_term_string"}}],"inLanguage":"de"},{"@type":"Organization","@id":"https:\/\/ses-creative.com\/#organization","name":"SES Creative","url":"https:\/\/ses-creative.com\/","logo":{"@type":"ImageObject","inLanguage":"de","@id":"https:\/\/ses-creative.com\/#\/schema\/logo\/image\/","url":"https:\/\/ses-creative.com\/wp-content\/uploads\/2025\/10\/ses-creative-logo.jpg","contentUrl":"https:\/\/ses-creative.com\/wp-content\/uploads\/2025\/10\/ses-creative-logo.jpg","width":2037,"height":2037,"caption":"SES Creative"},"image":{"@id":"https:\/\/ses-creative.com\/#\/schema\/logo\/image\/"}}]}},"_links":{"self":[{"href":"https:\/\/ses-creative.com\/de\/wp-json\/wp\/v2\/product\/114371","targetHints":{"allow":["GET"]}}],"collection":[{"href":"https:\/\/ses-creative.com\/de\/wp-json\/wp\/v2\/product"}],"about":[{"href":"https:\/\/ses-creative.com\/de\/wp-json\/wp\/v2\/types\/product"}],"replies":[{"embeddable":true,"href":"https:\/\/ses-creative.com\/de\/wp-json\/wp\/v2\/comments?post=114371"}],"wp:featuredmedia":[{"embeddable":true,"href":"https:\/\/ses-creative.com\/de\/wp-json\/wp\/v2\/media\/94368"}],"wp:attachment":[{"href":"https:\/\/ses-creative.com\/de\/wp-json\/wp\/v2\/media?parent=114371"}],"wp:term":[{"taxonomy":"product_brand","embeddable":true,"href":"https:\/\/ses-creative.com\/de\/wp-json\/wp\/v2\/product_brand?post=114371"},{"taxonomy":"product_cat","embeddable":true,"href":"https:\/\/ses-creative.com\/de\/wp-json\/wp\/v2\/product_cat?post=114371"},{"taxonomy":"product_tag","embeddable":true,"href":"https:\/\/ses-creative.com\/de\/wp-json\/wp\/v2\/product_tag?post=114371"}],"curies":[{"name":"wp","href":"https:\/\/api.w.org\/{rel}","templated":true}]}}