











{"id":114370,"date":"2026-02-05T13:52:03","date_gmt":"2026-02-05T13:52:03","guid":{"rendered":"https:\/\/ses-creative.com\/?post_type=product&#038;p=114370"},"modified":"2026-02-06T09:51:11","modified_gmt":"2026-02-06T09:51:11","slug":"knete-dinosaurier-megaset-mit-ausstechformen","status":"publish","type":"product","link":"https:\/\/ses-creative.com\/de\/produkt\/knete-dinosaurier-megaset-mit-ausstechformen\/","title":{"rendered":"Knete &#8211; Dinosaurier-Megaset mit Ausstechformen"},"content":{"rendered":"<p>Tauchen Sie mit Ton in eine Welt voller Dinosaurier ein!<br \/>\nDie Urzeit wird mit dem SES Creative Dino Mega Set zum Leben erweckt! Gestalte die coolsten Dinos aus Knete mit Hilfe der verschiedenen Dino-Ausstechformen. Mit nicht weniger als 7 Knetefarben sind die M\u00f6glichkeiten unbegrenzt, Dinosaurier in deiner eigenen Fantasiewelt zu erschaffen. Perfekt f\u00fcr Kinder, die neugierig auf die Urzeit sind und Dinosaurier lieben.<br \/>\nWas dieses Set so toll macht<br \/>\n&#8211;    Nicht weniger als 7 verschiedene Tonfarben<br \/>\n&#8211;    Mit coolen Dino-Ausstechformen, wie einem T-Rex, Triceratops und vielen mehr<br \/>\n&#8211;    Die Knetmasse ist leicht auswaschbar und glutenfrei<br \/>\n&#8211;    Die Knete trocknet beim Spielen nicht aus<br \/>\n&#8211;    Geeignet f\u00fcr Kinder ab 3 Jahren<br \/>\nGestalte die coolsten Dinosaurier<br \/>\nMit den vielen verschiedenen Farben Ton lassen sich die tollsten Dinosaurier formen. Verwenden Sie die Tonformen und lassen Sie Ihrer Kreativit\u00e4t freien Lauf, um die fr\u00f6hlichsten Kreationen zu gestalten. Durch das Spielen mit den H\u00e4nden wird die Feinmotorik entwickelt und die Kreativit\u00e4t angeregt.<br \/>\nInhalt des Sets<br \/>\n&#8211;    7 verschiedene Farben Knetmasse: gr\u00fcn, orange, lila, rot, blau, gelb und braun<br \/>\n&#8211;    7 Dino-Ausstechformen<br \/>\nWarum SES Creative w\u00e4hlen?<br \/>\nBei SES Creative legen wir gro\u00dfen Wert auf Sicherheit. Deshalb werden die Produkte in der Fabrik in den Niederlanden nach den strengsten europ\u00e4ischen Sicherheitsnormen hergestellt und getestet. Spielzeug von SES Creative sorgt f\u00fcr Spa\u00df und ist darauf ausgerichtet, dass Kinder stolz auf ihre Arbeit sein k\u00f6nnen, was ihre Kreativit\u00e4t und Entwicklung f\u00f6rdert.<br \/>\nBeginnen Sie noch heute mit dem Basteln von Dinosauriern!<br \/>\nLassen Sie Ihre Fantasie mit dem Dino-Knete-Mega-Set von SES Creative zum Leben erwecken. Die Knete bietet stundenlangen Spielspa\u00df und unendliche M\u00f6glichkeiten, Dinosaurier zu erschaffen.<\/p>\n","protected":false},"excerpt":{"rendered":"<p>Tauchen Sie mit Ton in eine Welt voller Dinosaurier ein! Die Urzeit wird mit dem SES Creative Dino Mega Set zum Leben erweckt! Gestalte die coolsten Dinos aus Knete mit Hilfe der verschiedenen Dino-Ausstechformen. Mit nicht weniger als 7 Knetefarben sind die M\u00f6glichkeiten unbegrenzt, Dinosaurier in deiner eigenen Fantasiewelt zu erschaffen. Perfekt f\u00fcr Kinder, die [&hellip;]<\/p>\n","protected":false},"featured_media":97008,"comment_status":"closed","ping_status":"closed","template":"","meta":{"_acf_changed":false},"product_brand":[],"product_cat":[117],"product_tag":[],"class_list":{"0":"post-114370","1":"product","2":"type-product","3":"status-publish","4":"has-post-thumbnail","6":"product_cat-knete","7":"pa_leeftijd-filter-0-2-jahre","8":"pa_meest-populair-bij-jungen-maedchen","10":"first","11":"instock","12":"shipping-taxable","13":"product-type-simple"},"acf":[],"yoast_head":"<!-- This site is optimized with the Yoast SEO plugin v27.4 - https:\/\/yoast.com\/product\/yoast-seo-wordpress\/ -->\n<title>Knete - Dinosaurier-Megaset mit Ausstechformen - SES Creative<\/title>\n<meta name=\"robots\" content=\"index, follow, max-snippet:-1, max-image-preview:large, max-video-preview:-1\" \/>\n<link rel=\"canonical\" href=\"https:\/\/ses-creative.com\/de\/produkt\/knete-dinosaurier-megaset-mit-ausstechformen\/\" \/>\n<meta property=\"og:locale\" content=\"de_DE\" \/>\n<meta property=\"og:type\" content=\"article\" \/>\n<meta property=\"og:title\" content=\"Knete - Dinosaurier-Megaset mit Ausstechformen - SES Creative\" \/>\n<meta property=\"og:description\" content=\"Tauchen Sie mit Ton in eine Welt voller Dinosaurier ein! Die Urzeit wird mit dem SES Creative Dino Mega Set zum Leben erweckt! Gestalte die coolsten Dinos aus Knete mit Hilfe der verschiedenen Dino-Ausstechformen. Mit nicht weniger als 7 Knetefarben sind die M\u00f6glichkeiten unbegrenzt, Dinosaurier in deiner eigenen Fantasiewelt zu erschaffen. Perfekt f\u00fcr Kinder, die [&hellip;]\" \/>\n<meta property=\"og:url\" content=\"https:\/\/ses-creative.com\/de\/produkt\/knete-dinosaurier-megaset-mit-ausstechformen\/\" \/>\n<meta property=\"og:site_name\" content=\"SES Creative\" \/>\n<meta property=\"article:modified_time\" content=\"2026-02-06T09:51:11+00:00\" \/>\n<meta name=\"twitter:card\" content=\"summary_large_image\" \/>\n<meta name=\"twitter:label1\" content=\"Gesch\u00e4tzte Lesezeit\" \/>\n\t<meta name=\"twitter:data1\" content=\"1\u00a0Minute\" \/>\n<script type=\"application\/ld+json\" class=\"yoast-schema-graph\">{\"@context\":\"https:\\\/\\\/schema.org\",\"@graph\":[{\"@type\":\"WebPage\",\"@id\":\"https:\\\/\\\/ses-creative.com\\\/de\\\/produkt\\\/knete-dinosaurier-megaset-mit-ausstechformen\\\/\",\"url\":\"https:\\\/\\\/ses-creative.com\\\/de\\\/produkt\\\/knete-dinosaurier-megaset-mit-ausstechformen\\\/\",\"name\":\"Knete - Dinosaurier-Megaset mit Ausstechformen - SES Creative\",\"isPartOf\":{\"@id\":\"https:\\\/\\\/ses-creative.com\\\/#website\"},\"primaryImageOfPage\":{\"@id\":\"https:\\\/\\\/ses-creative.com\\\/de\\\/produkt\\\/knete-dinosaurier-megaset-mit-ausstechformen\\\/#primaryimage\"},\"image\":{\"@id\":\"https:\\\/\\\/ses-creative.com\\\/de\\\/produkt\\\/knete-dinosaurier-megaset-mit-ausstechformen\\\/#primaryimage\"},\"thumbnailUrl\":\"https:\\\/\\\/ses-creative.com\\\/wp-content\\\/uploads\\\/2026\\\/01\\\/005031.jpg\",\"datePublished\":\"2026-02-05T13:52:03+00:00\",\"dateModified\":\"2026-02-06T09:51:11+00:00\",\"breadcrumb\":{\"@id\":\"https:\\\/\\\/ses-creative.com\\\/de\\\/produkt\\\/knete-dinosaurier-megaset-mit-ausstechformen\\\/#breadcrumb\"},\"inLanguage\":\"de\",\"potentialAction\":[{\"@type\":\"ReadAction\",\"target\":[\"https:\\\/\\\/ses-creative.com\\\/de\\\/produkt\\\/knete-dinosaurier-megaset-mit-ausstechformen\\\/\"]}]},{\"@type\":\"ImageObject\",\"inLanguage\":\"de\",\"@id\":\"https:\\\/\\\/ses-creative.com\\\/de\\\/produkt\\\/knete-dinosaurier-megaset-mit-ausstechformen\\\/#primaryimage\",\"url\":\"https:\\\/\\\/ses-creative.com\\\/wp-content\\\/uploads\\\/2026\\\/01\\\/005031.jpg\",\"contentUrl\":\"https:\\\/\\\/ses-creative.com\\\/wp-content\\\/uploads\\\/2026\\\/01\\\/005031.jpg\",\"width\":1000,\"height\":1000},{\"@type\":\"BreadcrumbList\",\"@id\":\"https:\\\/\\\/ses-creative.com\\\/de\\\/produkt\\\/knete-dinosaurier-megaset-mit-ausstechformen\\\/#breadcrumb\",\"itemListElement\":[{\"@type\":\"ListItem\",\"position\":1,\"name\":\"Shop\",\"item\":\"https:\\\/\\\/ses-creative.com\\\/de\\\/shop\\\/\"},{\"@type\":\"ListItem\",\"position\":2,\"name\":\"Knete\",\"item\":\"https:\\\/\\\/ses-creative.com\\\/de\\\/product-categorie\\\/knete\\\/\"},{\"@type\":\"ListItem\",\"position\":3,\"name\":\"Knete &#8211; Dinosaurier-Megaset mit Ausstechformen\"}]},{\"@type\":\"WebSite\",\"@id\":\"https:\\\/\\\/ses-creative.com\\\/#website\",\"url\":\"https:\\\/\\\/ses-creative.com\\\/\",\"name\":\"SES Creative\",\"description\":\"\",\"publisher\":{\"@id\":\"https:\\\/\\\/ses-creative.com\\\/#organization\"},\"potentialAction\":[{\"@type\":\"SearchAction\",\"target\":{\"@type\":\"EntryPoint\",\"urlTemplate\":\"https:\\\/\\\/ses-creative.com\\\/?s={search_term_string}\"},\"query-input\":{\"@type\":\"PropertyValueSpecification\",\"valueRequired\":true,\"valueName\":\"search_term_string\"}}],\"inLanguage\":\"de\"},{\"@type\":\"Organization\",\"@id\":\"https:\\\/\\\/ses-creative.com\\\/#organization\",\"name\":\"SES Creative\",\"url\":\"https:\\\/\\\/ses-creative.com\\\/\",\"logo\":{\"@type\":\"ImageObject\",\"inLanguage\":\"de\",\"@id\":\"https:\\\/\\\/ses-creative.com\\\/#\\\/schema\\\/logo\\\/image\\\/\",\"url\":\"https:\\\/\\\/ses-creative.com\\\/wp-content\\\/uploads\\\/2025\\\/10\\\/ses-creative-logo.jpg\",\"contentUrl\":\"https:\\\/\\\/ses-creative.com\\\/wp-content\\\/uploads\\\/2025\\\/10\\\/ses-creative-logo.jpg\",\"width\":2037,\"height\":2037,\"caption\":\"SES Creative\"},\"image\":{\"@id\":\"https:\\\/\\\/ses-creative.com\\\/#\\\/schema\\\/logo\\\/image\\\/\"}}]}<\/script>\n<!-- \/ Yoast SEO plugin. -->","yoast_head_json":{"title":"Knete - Dinosaurier-Megaset mit Ausstechformen - SES Creative","robots":{"index":"index","follow":"follow","max-snippet":"max-snippet:-1","max-image-preview":"max-image-preview:large","max-video-preview":"max-video-preview:-1"},"canonical":"https:\/\/ses-creative.com\/de\/produkt\/knete-dinosaurier-megaset-mit-ausstechformen\/","og_locale":"de_DE","og_type":"article","og_title":"Knete - Dinosaurier-Megaset mit Ausstechformen - SES Creative","og_description":"Tauchen Sie mit Ton in eine Welt voller Dinosaurier ein! Die Urzeit wird mit dem SES Creative Dino Mega Set zum Leben erweckt! Gestalte die coolsten Dinos aus Knete mit Hilfe der verschiedenen Dino-Ausstechformen. Mit nicht weniger als 7 Knetefarben sind die M\u00f6glichkeiten unbegrenzt, Dinosaurier in deiner eigenen Fantasiewelt zu erschaffen. Perfekt f\u00fcr Kinder, die [&hellip;]","og_url":"https:\/\/ses-creative.com\/de\/produkt\/knete-dinosaurier-megaset-mit-ausstechformen\/","og_site_name":"SES Creative","article_modified_time":"2026-02-06T09:51:11+00:00","twitter_card":"summary_large_image","twitter_misc":{"Gesch\u00e4tzte Lesezeit":"1\u00a0Minute"},"schema":{"@context":"https:\/\/schema.org","@graph":[{"@type":"WebPage","@id":"https:\/\/ses-creative.com\/de\/produkt\/knete-dinosaurier-megaset-mit-ausstechformen\/","url":"https:\/\/ses-creative.com\/de\/produkt\/knete-dinosaurier-megaset-mit-ausstechformen\/","name":"Knete - Dinosaurier-Megaset mit Ausstechformen - SES Creative","isPartOf":{"@id":"https:\/\/ses-creative.com\/#website"},"primaryImageOfPage":{"@id":"https:\/\/ses-creative.com\/de\/produkt\/knete-dinosaurier-megaset-mit-ausstechformen\/#primaryimage"},"image":{"@id":"https:\/\/ses-creative.com\/de\/produkt\/knete-dinosaurier-megaset-mit-ausstechformen\/#primaryimage"},"thumbnailUrl":"https:\/\/ses-creative.com\/wp-content\/uploads\/2026\/01\/005031.jpg","datePublished":"2026-02-05T13:52:03+00:00","dateModified":"2026-02-06T09:51:11+00:00","breadcrumb":{"@id":"https:\/\/ses-creative.com\/de\/produkt\/knete-dinosaurier-megaset-mit-ausstechformen\/#breadcrumb"},"inLanguage":"de","potentialAction":[{"@type":"ReadAction","target":["https:\/\/ses-creative.com\/de\/produkt\/knete-dinosaurier-megaset-mit-ausstechformen\/"]}]},{"@type":"ImageObject","inLanguage":"de","@id":"https:\/\/ses-creative.com\/de\/produkt\/knete-dinosaurier-megaset-mit-ausstechformen\/#primaryimage","url":"https:\/\/ses-creative.com\/wp-content\/uploads\/2026\/01\/005031.jpg","contentUrl":"https:\/\/ses-creative.com\/wp-content\/uploads\/2026\/01\/005031.jpg","width":1000,"height":1000},{"@type":"BreadcrumbList","@id":"https:\/\/ses-creative.com\/de\/produkt\/knete-dinosaurier-megaset-mit-ausstechformen\/#breadcrumb","itemListElement":[{"@type":"ListItem","position":1,"name":"Shop","item":"https:\/\/ses-creative.com\/de\/shop\/"},{"@type":"ListItem","position":2,"name":"Knete","item":"https:\/\/ses-creative.com\/de\/product-categorie\/knete\/"},{"@type":"ListItem","position":3,"name":"Knete &#8211; Dinosaurier-Megaset mit Ausstechformen"}]},{"@type":"WebSite","@id":"https:\/\/ses-creative.com\/#website","url":"https:\/\/ses-creative.com\/","name":"SES Creative","description":"","publisher":{"@id":"https:\/\/ses-creative.com\/#organization"},"potentialAction":[{"@type":"SearchAction","target":{"@type":"EntryPoint","urlTemplate":"https:\/\/ses-creative.com\/?s={search_term_string}"},"query-input":{"@type":"PropertyValueSpecification","valueRequired":true,"valueName":"search_term_string"}}],"inLanguage":"de"},{"@type":"Organization","@id":"https:\/\/ses-creative.com\/#organization","name":"SES Creative","url":"https:\/\/ses-creative.com\/","logo":{"@type":"ImageObject","inLanguage":"de","@id":"https:\/\/ses-creative.com\/#\/schema\/logo\/image\/","url":"https:\/\/ses-creative.com\/wp-content\/uploads\/2025\/10\/ses-creative-logo.jpg","contentUrl":"https:\/\/ses-creative.com\/wp-content\/uploads\/2025\/10\/ses-creative-logo.jpg","width":2037,"height":2037,"caption":"SES Creative"},"image":{"@id":"https:\/\/ses-creative.com\/#\/schema\/logo\/image\/"}}]}},"_links":{"self":[{"href":"https:\/\/ses-creative.com\/de\/wp-json\/wp\/v2\/product\/114370","targetHints":{"allow":["GET"]}}],"collection":[{"href":"https:\/\/ses-creative.com\/de\/wp-json\/wp\/v2\/product"}],"about":[{"href":"https:\/\/ses-creative.com\/de\/wp-json\/wp\/v2\/types\/product"}],"replies":[{"embeddable":true,"href":"https:\/\/ses-creative.com\/de\/wp-json\/wp\/v2\/comments?post=114370"}],"wp:featuredmedia":[{"embeddable":true,"href":"https:\/\/ses-creative.com\/de\/wp-json\/wp\/v2\/media\/97008"}],"wp:attachment":[{"href":"https:\/\/ses-creative.com\/de\/wp-json\/wp\/v2\/media?parent=114370"}],"wp:term":[{"taxonomy":"product_brand","embeddable":true,"href":"https:\/\/ses-creative.com\/de\/wp-json\/wp\/v2\/product_brand?post=114370"},{"taxonomy":"product_cat","embeddable":true,"href":"https:\/\/ses-creative.com\/de\/wp-json\/wp\/v2\/product_cat?post=114370"},{"taxonomy":"product_tag","embeddable":true,"href":"https:\/\/ses-creative.com\/de\/wp-json\/wp\/v2\/product_tag?post=114370"}],"curies":[{"name":"wp","href":"https:\/\/api.w.org\/{rel}","templated":true}]}}