











{"id":114363,"date":"2026-02-05T13:52:02","date_gmt":"2026-02-05T13:52:02","guid":{"rendered":"https:\/\/ses-creative.com\/?post_type=product&#038;p=114363"},"modified":"2026-02-06T09:51:10","modified_gmt":"2026-02-06T09:51:10","slug":"knete-einhorn-neonglitzer","status":"publish","type":"product","link":"https:\/\/ses-creative.com\/de\/produkt\/knete-einhorn-neonglitzer\/","title":{"rendered":"Knete &#8211; Einhorn Neonglitzer"},"content":{"rendered":"<p>Erstellen Sie magische Einh\u00f6rner mit Neon Glitter Knete!<br \/>\nErstellen Sie die bezauberndsten Einh\u00f6rner mit diesem speziellen Neon-Glitzer-Ton! Mit diesem Set k\u00f6nnen Kinder ihre Fantasie zum Leben erwecken, indem sie wundersch\u00f6ne Einh\u00f6rner in leuchtenden Neonfarben formen. Der Glitzer im Ton verleiht Ihren Kreationen einen zus\u00e4tzlichen magischen Effekt. Perfekt f\u00fcr junge K\u00fcnstler, die Einh\u00f6rner lieben und gerne kreativ sind!<br \/>\nWas dieses Set so toll macht<br \/>\n&#8211;    Weiche Knetmasse, die beim Spielen nicht austrocknet<br \/>\n&#8211;    Die Knete hat einen salzigen Geschmack, sodass Kinder sie nicht gerne in den Mund nehmen<br \/>\n&#8211;    Besonders viel Spa\u00df macht die Glitzerknete in Neonfarben im Einhorn-Design mit Knete-Werkzeugen<br \/>\n&#8211;    Sicher und kinderfreundlich. Glutenfrei<br \/>\n&#8211;    F\u00f6rdert Kreativit\u00e4t und Feinmotorik<br \/>\nEntwerfen und erschaffe deine eigene Einhornwelt<br \/>\nMit diesem Set k\u00f6nnen Kinder ihre eigenen Einh\u00f6rner aus buntem und glitzerndem Ton formen. Der weiche und leicht zu bearbeitende Ton macht es einfach, die sch\u00f6nsten Kreationen zu gestalten, die beim Spielen nicht austrocknen. Eine gro\u00dfartige M\u00f6glichkeit, kreativ zu sein und der Fantasie freien Lauf zu lassen.<br \/>\nDieses Set ist ideal f\u00fcr Eltern, die ihren Kindern eine kreative und spielerische Besch\u00e4ftigung bieten m\u00f6chten. Es bietet eine unterhaltsame M\u00f6glichkeit zum Spielen und Lernen und f\u00f6rdert gleichzeitig die Feinmotorik und Fantasie Ihres Kindes.<br \/>\nInhalt des Sets<br \/>\n&#8211;    Knete in 3 verschiedenen Neonfarben: Glitzer-Lila, Glitzer-Blau und Rosa<br \/>\n&#8211;    Holzfiguren in Einhornform<br \/>\n&#8211;    Knetmasse-Spritzger\u00e4t<br \/>\nWarum SES Creative w\u00e4hlen?<br \/>\nBei SES Creative legen wir gro\u00dfen Wert auf Sicherheit. Deshalb werden die Produkte in unserer Fabrik in den Niederlanden nach den strengsten europ\u00e4ischen Sicherheitsstandards hergestellt und getestet. Spielzeug von SES Creative sorgt f\u00fcr Spa\u00df und soll Kindern ein Gef\u00fchl des Stolzes auf ihre Arbeit vermitteln, was ihre Kreativit\u00e4t und Entwicklung f\u00f6rdert.<br \/>\nBeginnen Sie noch heute mit der Herstellung magischer Einh\u00f6rner<br \/>\nEntdecken Sie den Spa\u00df am Modellieren und kreieren Sie mit diesem Glitzer-Knetmasse-Set Ihre eigenen magischen Einh\u00f6rner. Perfekt f\u00fcr stundenlangen kreativen Spielspa\u00df!<\/p>\n","protected":false},"excerpt":{"rendered":"<p>Erstellen Sie magische Einh\u00f6rner mit Neon Glitter Knete! Erstellen Sie die bezauberndsten Einh\u00f6rner mit diesem speziellen Neon-Glitzer-Ton! Mit diesem Set k\u00f6nnen Kinder ihre Fantasie zum Leben erwecken, indem sie wundersch\u00f6ne Einh\u00f6rner in leuchtenden Neonfarben formen. Der Glitzer im Ton verleiht Ihren Kreationen einen zus\u00e4tzlichen magischen Effekt. Perfekt f\u00fcr junge K\u00fcnstler, die Einh\u00f6rner lieben und gerne [&hellip;]<\/p>\n","protected":false},"featured_media":96888,"comment_status":"closed","ping_status":"closed","template":"","meta":{"_acf_changed":false},"product_brand":[],"product_cat":[117],"product_tag":[],"class_list":{"0":"post-114363","1":"product","2":"type-product","3":"status-publish","4":"has-post-thumbnail","6":"product_cat-knete","7":"pa_leeftijd-filter-3-4-jahre","8":"pa_meest-populair-bij-jungen-maedchen","10":"first","11":"instock","12":"shipping-taxable","13":"product-type-simple"},"acf":[],"yoast_head":"<!-- This site is optimized with the Yoast SEO plugin v27.4 - https:\/\/yoast.com\/product\/yoast-seo-wordpress\/ -->\n<title>Knete - Einhorn Neonglitzer - SES Creative<\/title>\n<meta name=\"robots\" content=\"index, follow, max-snippet:-1, max-image-preview:large, max-video-preview:-1\" \/>\n<link rel=\"canonical\" href=\"https:\/\/ses-creative.com\/de\/produkt\/knete-einhorn-neonglitzer\/\" \/>\n<meta property=\"og:locale\" content=\"de_DE\" \/>\n<meta property=\"og:type\" content=\"article\" \/>\n<meta property=\"og:title\" content=\"Knete - Einhorn Neonglitzer - SES Creative\" \/>\n<meta property=\"og:description\" content=\"Erstellen Sie magische Einh\u00f6rner mit Neon Glitter Knete! Erstellen Sie die bezauberndsten Einh\u00f6rner mit diesem speziellen Neon-Glitzer-Ton! Mit diesem Set k\u00f6nnen Kinder ihre Fantasie zum Leben erwecken, indem sie wundersch\u00f6ne Einh\u00f6rner in leuchtenden Neonfarben formen. Der Glitzer im Ton verleiht Ihren Kreationen einen zus\u00e4tzlichen magischen Effekt. Perfekt f\u00fcr junge K\u00fcnstler, die Einh\u00f6rner lieben und gerne [&hellip;]\" \/>\n<meta property=\"og:url\" content=\"https:\/\/ses-creative.com\/de\/produkt\/knete-einhorn-neonglitzer\/\" \/>\n<meta property=\"og:site_name\" content=\"SES Creative\" \/>\n<meta property=\"article:modified_time\" content=\"2026-02-06T09:51:10+00:00\" \/>\n<meta name=\"twitter:card\" content=\"summary_large_image\" \/>\n<meta name=\"twitter:label1\" content=\"Gesch\u00e4tzte Lesezeit\" \/>\n\t<meta name=\"twitter:data1\" content=\"2\u00a0Minuten\" \/>\n<script type=\"application\/ld+json\" class=\"yoast-schema-graph\">{\"@context\":\"https:\\\/\\\/schema.org\",\"@graph\":[{\"@type\":\"WebPage\",\"@id\":\"https:\\\/\\\/ses-creative.com\\\/de\\\/produkt\\\/knete-einhorn-neonglitzer\\\/\",\"url\":\"https:\\\/\\\/ses-creative.com\\\/de\\\/produkt\\\/knete-einhorn-neonglitzer\\\/\",\"name\":\"Knete - Einhorn Neonglitzer - SES Creative\",\"isPartOf\":{\"@id\":\"https:\\\/\\\/ses-creative.com\\\/#website\"},\"primaryImageOfPage\":{\"@id\":\"https:\\\/\\\/ses-creative.com\\\/de\\\/produkt\\\/knete-einhorn-neonglitzer\\\/#primaryimage\"},\"image\":{\"@id\":\"https:\\\/\\\/ses-creative.com\\\/de\\\/produkt\\\/knete-einhorn-neonglitzer\\\/#primaryimage\"},\"thumbnailUrl\":\"https:\\\/\\\/ses-creative.com\\\/wp-content\\\/uploads\\\/2026\\\/01\\\/004101.jpg\",\"datePublished\":\"2026-02-05T13:52:02+00:00\",\"dateModified\":\"2026-02-06T09:51:10+00:00\",\"breadcrumb\":{\"@id\":\"https:\\\/\\\/ses-creative.com\\\/de\\\/produkt\\\/knete-einhorn-neonglitzer\\\/#breadcrumb\"},\"inLanguage\":\"de\",\"potentialAction\":[{\"@type\":\"ReadAction\",\"target\":[\"https:\\\/\\\/ses-creative.com\\\/de\\\/produkt\\\/knete-einhorn-neonglitzer\\\/\"]}]},{\"@type\":\"ImageObject\",\"inLanguage\":\"de\",\"@id\":\"https:\\\/\\\/ses-creative.com\\\/de\\\/produkt\\\/knete-einhorn-neonglitzer\\\/#primaryimage\",\"url\":\"https:\\\/\\\/ses-creative.com\\\/wp-content\\\/uploads\\\/2026\\\/01\\\/004101.jpg\",\"contentUrl\":\"https:\\\/\\\/ses-creative.com\\\/wp-content\\\/uploads\\\/2026\\\/01\\\/004101.jpg\",\"width\":1000,\"height\":1000},{\"@type\":\"BreadcrumbList\",\"@id\":\"https:\\\/\\\/ses-creative.com\\\/de\\\/produkt\\\/knete-einhorn-neonglitzer\\\/#breadcrumb\",\"itemListElement\":[{\"@type\":\"ListItem\",\"position\":1,\"name\":\"Shop\",\"item\":\"https:\\\/\\\/ses-creative.com\\\/de\\\/shop\\\/\"},{\"@type\":\"ListItem\",\"position\":2,\"name\":\"Knete\",\"item\":\"https:\\\/\\\/ses-creative.com\\\/de\\\/product-categorie\\\/knete\\\/\"},{\"@type\":\"ListItem\",\"position\":3,\"name\":\"Knete &#8211; Einhorn Neonglitzer\"}]},{\"@type\":\"WebSite\",\"@id\":\"https:\\\/\\\/ses-creative.com\\\/#website\",\"url\":\"https:\\\/\\\/ses-creative.com\\\/\",\"name\":\"SES Creative\",\"description\":\"\",\"publisher\":{\"@id\":\"https:\\\/\\\/ses-creative.com\\\/#organization\"},\"potentialAction\":[{\"@type\":\"SearchAction\",\"target\":{\"@type\":\"EntryPoint\",\"urlTemplate\":\"https:\\\/\\\/ses-creative.com\\\/?s={search_term_string}\"},\"query-input\":{\"@type\":\"PropertyValueSpecification\",\"valueRequired\":true,\"valueName\":\"search_term_string\"}}],\"inLanguage\":\"de\"},{\"@type\":\"Organization\",\"@id\":\"https:\\\/\\\/ses-creative.com\\\/#organization\",\"name\":\"SES Creative\",\"url\":\"https:\\\/\\\/ses-creative.com\\\/\",\"logo\":{\"@type\":\"ImageObject\",\"inLanguage\":\"de\",\"@id\":\"https:\\\/\\\/ses-creative.com\\\/#\\\/schema\\\/logo\\\/image\\\/\",\"url\":\"https:\\\/\\\/ses-creative.com\\\/wp-content\\\/uploads\\\/2025\\\/10\\\/ses-creative-logo.jpg\",\"contentUrl\":\"https:\\\/\\\/ses-creative.com\\\/wp-content\\\/uploads\\\/2025\\\/10\\\/ses-creative-logo.jpg\",\"width\":2037,\"height\":2037,\"caption\":\"SES Creative\"},\"image\":{\"@id\":\"https:\\\/\\\/ses-creative.com\\\/#\\\/schema\\\/logo\\\/image\\\/\"}}]}<\/script>\n<!-- \/ Yoast SEO plugin. -->","yoast_head_json":{"title":"Knete - Einhorn Neonglitzer - SES Creative","robots":{"index":"index","follow":"follow","max-snippet":"max-snippet:-1","max-image-preview":"max-image-preview:large","max-video-preview":"max-video-preview:-1"},"canonical":"https:\/\/ses-creative.com\/de\/produkt\/knete-einhorn-neonglitzer\/","og_locale":"de_DE","og_type":"article","og_title":"Knete - Einhorn Neonglitzer - SES Creative","og_description":"Erstellen Sie magische Einh\u00f6rner mit Neon Glitter Knete! Erstellen Sie die bezauberndsten Einh\u00f6rner mit diesem speziellen Neon-Glitzer-Ton! Mit diesem Set k\u00f6nnen Kinder ihre Fantasie zum Leben erwecken, indem sie wundersch\u00f6ne Einh\u00f6rner in leuchtenden Neonfarben formen. Der Glitzer im Ton verleiht Ihren Kreationen einen zus\u00e4tzlichen magischen Effekt. Perfekt f\u00fcr junge K\u00fcnstler, die Einh\u00f6rner lieben und gerne [&hellip;]","og_url":"https:\/\/ses-creative.com\/de\/produkt\/knete-einhorn-neonglitzer\/","og_site_name":"SES Creative","article_modified_time":"2026-02-06T09:51:10+00:00","twitter_card":"summary_large_image","twitter_misc":{"Gesch\u00e4tzte Lesezeit":"2\u00a0Minuten"},"schema":{"@context":"https:\/\/schema.org","@graph":[{"@type":"WebPage","@id":"https:\/\/ses-creative.com\/de\/produkt\/knete-einhorn-neonglitzer\/","url":"https:\/\/ses-creative.com\/de\/produkt\/knete-einhorn-neonglitzer\/","name":"Knete - Einhorn Neonglitzer - SES Creative","isPartOf":{"@id":"https:\/\/ses-creative.com\/#website"},"primaryImageOfPage":{"@id":"https:\/\/ses-creative.com\/de\/produkt\/knete-einhorn-neonglitzer\/#primaryimage"},"image":{"@id":"https:\/\/ses-creative.com\/de\/produkt\/knete-einhorn-neonglitzer\/#primaryimage"},"thumbnailUrl":"https:\/\/ses-creative.com\/wp-content\/uploads\/2026\/01\/004101.jpg","datePublished":"2026-02-05T13:52:02+00:00","dateModified":"2026-02-06T09:51:10+00:00","breadcrumb":{"@id":"https:\/\/ses-creative.com\/de\/produkt\/knete-einhorn-neonglitzer\/#breadcrumb"},"inLanguage":"de","potentialAction":[{"@type":"ReadAction","target":["https:\/\/ses-creative.com\/de\/produkt\/knete-einhorn-neonglitzer\/"]}]},{"@type":"ImageObject","inLanguage":"de","@id":"https:\/\/ses-creative.com\/de\/produkt\/knete-einhorn-neonglitzer\/#primaryimage","url":"https:\/\/ses-creative.com\/wp-content\/uploads\/2026\/01\/004101.jpg","contentUrl":"https:\/\/ses-creative.com\/wp-content\/uploads\/2026\/01\/004101.jpg","width":1000,"height":1000},{"@type":"BreadcrumbList","@id":"https:\/\/ses-creative.com\/de\/produkt\/knete-einhorn-neonglitzer\/#breadcrumb","itemListElement":[{"@type":"ListItem","position":1,"name":"Shop","item":"https:\/\/ses-creative.com\/de\/shop\/"},{"@type":"ListItem","position":2,"name":"Knete","item":"https:\/\/ses-creative.com\/de\/product-categorie\/knete\/"},{"@type":"ListItem","position":3,"name":"Knete &#8211; Einhorn Neonglitzer"}]},{"@type":"WebSite","@id":"https:\/\/ses-creative.com\/#website","url":"https:\/\/ses-creative.com\/","name":"SES Creative","description":"","publisher":{"@id":"https:\/\/ses-creative.com\/#organization"},"potentialAction":[{"@type":"SearchAction","target":{"@type":"EntryPoint","urlTemplate":"https:\/\/ses-creative.com\/?s={search_term_string}"},"query-input":{"@type":"PropertyValueSpecification","valueRequired":true,"valueName":"search_term_string"}}],"inLanguage":"de"},{"@type":"Organization","@id":"https:\/\/ses-creative.com\/#organization","name":"SES Creative","url":"https:\/\/ses-creative.com\/","logo":{"@type":"ImageObject","inLanguage":"de","@id":"https:\/\/ses-creative.com\/#\/schema\/logo\/image\/","url":"https:\/\/ses-creative.com\/wp-content\/uploads\/2025\/10\/ses-creative-logo.jpg","contentUrl":"https:\/\/ses-creative.com\/wp-content\/uploads\/2025\/10\/ses-creative-logo.jpg","width":2037,"height":2037,"caption":"SES Creative"},"image":{"@id":"https:\/\/ses-creative.com\/#\/schema\/logo\/image\/"}}]}},"_links":{"self":[{"href":"https:\/\/ses-creative.com\/de\/wp-json\/wp\/v2\/product\/114363","targetHints":{"allow":["GET"]}}],"collection":[{"href":"https:\/\/ses-creative.com\/de\/wp-json\/wp\/v2\/product"}],"about":[{"href":"https:\/\/ses-creative.com\/de\/wp-json\/wp\/v2\/types\/product"}],"replies":[{"embeddable":true,"href":"https:\/\/ses-creative.com\/de\/wp-json\/wp\/v2\/comments?post=114363"}],"wp:featuredmedia":[{"embeddable":true,"href":"https:\/\/ses-creative.com\/de\/wp-json\/wp\/v2\/media\/96888"}],"wp:attachment":[{"href":"https:\/\/ses-creative.com\/de\/wp-json\/wp\/v2\/media?parent=114363"}],"wp:term":[{"taxonomy":"product_brand","embeddable":true,"href":"https:\/\/ses-creative.com\/de\/wp-json\/wp\/v2\/product_brand?post=114363"},{"taxonomy":"product_cat","embeddable":true,"href":"https:\/\/ses-creative.com\/de\/wp-json\/wp\/v2\/product_cat?post=114363"},{"taxonomy":"product_tag","embeddable":true,"href":"https:\/\/ses-creative.com\/de\/wp-json\/wp\/v2\/product_tag?post=114363"}],"curies":[{"name":"wp","href":"https:\/\/api.w.org\/{rel}","templated":true}]}}