











{"id":114362,"date":"2026-02-05T13:52:02","date_gmt":"2026-02-05T13:52:02","guid":{"rendered":"https:\/\/ses-creative.com\/?post_type=product&#038;p=114362"},"modified":"2026-02-06T09:51:10","modified_gmt":"2026-02-06T09:51:10","slug":"infinity-modellierknete-12er-packung-180-gr","status":"publish","type":"product","link":"https:\/\/ses-creative.com\/de\/produkt\/infinity-modellierknete-12er-packung-180-gr\/","title":{"rendered":"Infinity Modellierknete &#8211; 12er Packung (180 gr)"},"content":{"rendered":"<p>Mit Infinity-Modelliermasse sind der Kreativit\u00e4t keine Grenzen gesetzt!<br \/>\nMit dem Infinity-Knetmasse-Set k\u00f6nnen Sie die sch\u00f6nsten Kreationen gestalten, die niemals austrocknen. Dieses Set enth\u00e4lt 12 Farben Wachsknete, die Sie immer wieder verwenden k\u00f6nnen. Kneten Sie die Knetmasse weich und beginnen Sie mit dem Formen. Ideal f\u00fcr junge K\u00fcnstler, die ihrer Kreativit\u00e4t freien Lauf lassen m\u00f6chten!<br \/>\nWas dieses Set so gro\u00dfartig macht<br \/>\n&#8211;    Trocknet nicht aus, sodass du immer wieder modellieren kannst<br \/>\n&#8211;    Perfekt f\u00fcr kleine, detailreiche Kreationen<br \/>\n&#8211;    F\u00f6rdert die Kreativit\u00e4t und die Feinmotorik<br \/>\n&#8211;    Geeignet f\u00fcr Kinder ab 3 Jahren<br \/>\n&#8211;    Verschiedene Farben f\u00fcr endlose Kreativit\u00e4t<br \/>\nModellieren ohne Grenzen<br \/>\nDie Infinity-Modelliermasse wurde speziell f\u00fcr den wiederholten Gebrauch entwickelt. Die Masse trocknet nicht aus, sodass Sie Ihre Kreationen immer wieder neu formen k\u00f6nnen. Die 12 verschiedenen Farben bieten unendliche M\u00f6glichkeiten zum Experimentieren und zum Verwirklichen neuer Ideen.<br \/>\nOb du alleine oder mit Freunden spielst, dieses Set bietet alles, was du f\u00fcr ein kreatives Abenteuer brauchst. Es ist die perfekte M\u00f6glichkeit, Kinder an das Modellieren heranzuf\u00fchren und gleichzeitig ihre Fantasie und motorischen F\u00e4higkeiten zu entwickeln.<br \/>\nInhalt des Sets<br \/>\n&#8211;    12 Farben Wachsmodelliermasse (12 x 15 g = 180 g)<br \/>\nWarum SES Creative w\u00e4hlen?<br \/>\nBei SES Creative legen wir gro\u00dfen Wert auf Sicherheit. Deshalb werden die Produkte in der Fabrik in den Niederlanden nach den strengsten europ\u00e4ischen Sicherheitsstandards hergestellt und getestet. Spielzeug von SES Creative sorgt f\u00fcr Spa\u00df und soll Kindern erm\u00f6glichen, stolz auf ihre Arbeit zu sein, was ihre Kreativit\u00e4t und Entwicklung f\u00f6rdert.<br \/>\nFangen Sie noch heute mit dem Modellieren an!<br \/>\nMit dem Infinity-Modellierklay \u2013 12er-Pack kannst du endlos kreativ sein und spielen. Schnapp dir deinen Klay und fang an, die sch\u00f6nsten Kunstwerke zu schaffen!<\/p>\n","protected":false},"excerpt":{"rendered":"<p>Mit Infinity-Modelliermasse sind der Kreativit\u00e4t keine Grenzen gesetzt! Mit dem Infinity-Knetmasse-Set k\u00f6nnen Sie die sch\u00f6nsten Kreationen gestalten, die niemals austrocknen. Dieses Set enth\u00e4lt 12 Farben Wachsknete, die Sie immer wieder verwenden k\u00f6nnen. Kneten Sie die Knetmasse weich und beginnen Sie mit dem Formen. Ideal f\u00fcr junge K\u00fcnstler, die ihrer Kreativit\u00e4t freien Lauf lassen m\u00f6chten! Was [&hellip;]<\/p>\n","protected":false},"featured_media":96868,"comment_status":"closed","ping_status":"closed","template":"","meta":{"_acf_changed":false},"product_brand":[],"product_cat":[117],"product_tag":[],"class_list":{"0":"post-114362","1":"product","2":"type-product","3":"status-publish","4":"has-post-thumbnail","6":"product_cat-knete","7":"pa_leeftijd-filter-3-4-jahre","8":"pa_meest-populair-bij-jungen-maedchen","10":"first","11":"instock","12":"shipping-taxable","13":"product-type-simple"},"acf":[],"yoast_head":"<!-- This site is optimized with the Yoast SEO plugin v27.4 - https:\/\/yoast.com\/product\/yoast-seo-wordpress\/ -->\n<title>Infinity Modellierknete - 12er Packung (180 gr) - SES Creative<\/title>\n<meta name=\"robots\" content=\"index, follow, max-snippet:-1, max-image-preview:large, max-video-preview:-1\" \/>\n<link rel=\"canonical\" href=\"https:\/\/ses-creative.com\/de\/produkt\/infinity-modellierknete-12er-packung-180-gr\/\" \/>\n<meta property=\"og:locale\" content=\"de_DE\" \/>\n<meta property=\"og:type\" content=\"article\" \/>\n<meta property=\"og:title\" content=\"Infinity Modellierknete - 12er Packung (180 gr) - SES Creative\" \/>\n<meta property=\"og:description\" content=\"Mit Infinity-Modelliermasse sind der Kreativit\u00e4t keine Grenzen gesetzt! Mit dem Infinity-Knetmasse-Set k\u00f6nnen Sie die sch\u00f6nsten Kreationen gestalten, die niemals austrocknen. Dieses Set enth\u00e4lt 12 Farben Wachsknete, die Sie immer wieder verwenden k\u00f6nnen. Kneten Sie die Knetmasse weich und beginnen Sie mit dem Formen. Ideal f\u00fcr junge K\u00fcnstler, die ihrer Kreativit\u00e4t freien Lauf lassen m\u00f6chten! Was [&hellip;]\" \/>\n<meta property=\"og:url\" content=\"https:\/\/ses-creative.com\/de\/produkt\/infinity-modellierknete-12er-packung-180-gr\/\" \/>\n<meta property=\"og:site_name\" content=\"SES Creative\" \/>\n<meta property=\"article:modified_time\" content=\"2026-02-06T09:51:10+00:00\" \/>\n<meta name=\"twitter:card\" content=\"summary_large_image\" \/>\n<meta name=\"twitter:label1\" content=\"Gesch\u00e4tzte Lesezeit\" \/>\n\t<meta name=\"twitter:data1\" content=\"1\u00a0Minute\" \/>\n<script type=\"application\/ld+json\" class=\"yoast-schema-graph\">{\"@context\":\"https:\\\/\\\/schema.org\",\"@graph\":[{\"@type\":\"WebPage\",\"@id\":\"https:\\\/\\\/ses-creative.com\\\/de\\\/produkt\\\/infinity-modellierknete-12er-packung-180-gr\\\/\",\"url\":\"https:\\\/\\\/ses-creative.com\\\/de\\\/produkt\\\/infinity-modellierknete-12er-packung-180-gr\\\/\",\"name\":\"Infinity Modellierknete - 12er Packung (180 gr) - SES Creative\",\"isPartOf\":{\"@id\":\"https:\\\/\\\/ses-creative.com\\\/#website\"},\"primaryImageOfPage\":{\"@id\":\"https:\\\/\\\/ses-creative.com\\\/de\\\/produkt\\\/infinity-modellierknete-12er-packung-180-gr\\\/#primaryimage\"},\"image\":{\"@id\":\"https:\\\/\\\/ses-creative.com\\\/de\\\/produkt\\\/infinity-modellierknete-12er-packung-180-gr\\\/#primaryimage\"},\"thumbnailUrl\":\"https:\\\/\\\/ses-creative.com\\\/wp-content\\\/uploads\\\/2026\\\/01\\\/004061.jpg\",\"datePublished\":\"2026-02-05T13:52:02+00:00\",\"dateModified\":\"2026-02-06T09:51:10+00:00\",\"breadcrumb\":{\"@id\":\"https:\\\/\\\/ses-creative.com\\\/de\\\/produkt\\\/infinity-modellierknete-12er-packung-180-gr\\\/#breadcrumb\"},\"inLanguage\":\"de\",\"potentialAction\":[{\"@type\":\"ReadAction\",\"target\":[\"https:\\\/\\\/ses-creative.com\\\/de\\\/produkt\\\/infinity-modellierknete-12er-packung-180-gr\\\/\"]}]},{\"@type\":\"ImageObject\",\"inLanguage\":\"de\",\"@id\":\"https:\\\/\\\/ses-creative.com\\\/de\\\/produkt\\\/infinity-modellierknete-12er-packung-180-gr\\\/#primaryimage\",\"url\":\"https:\\\/\\\/ses-creative.com\\\/wp-content\\\/uploads\\\/2026\\\/01\\\/004061.jpg\",\"contentUrl\":\"https:\\\/\\\/ses-creative.com\\\/wp-content\\\/uploads\\\/2026\\\/01\\\/004061.jpg\",\"width\":1000,\"height\":1000},{\"@type\":\"BreadcrumbList\",\"@id\":\"https:\\\/\\\/ses-creative.com\\\/de\\\/produkt\\\/infinity-modellierknete-12er-packung-180-gr\\\/#breadcrumb\",\"itemListElement\":[{\"@type\":\"ListItem\",\"position\":1,\"name\":\"Shop\",\"item\":\"https:\\\/\\\/ses-creative.com\\\/de\\\/shop\\\/\"},{\"@type\":\"ListItem\",\"position\":2,\"name\":\"Knete\",\"item\":\"https:\\\/\\\/ses-creative.com\\\/de\\\/product-categorie\\\/knete\\\/\"},{\"@type\":\"ListItem\",\"position\":3,\"name\":\"Infinity Modellierknete &#8211; 12er Packung (180 gr)\"}]},{\"@type\":\"WebSite\",\"@id\":\"https:\\\/\\\/ses-creative.com\\\/#website\",\"url\":\"https:\\\/\\\/ses-creative.com\\\/\",\"name\":\"SES Creative\",\"description\":\"\",\"publisher\":{\"@id\":\"https:\\\/\\\/ses-creative.com\\\/#organization\"},\"potentialAction\":[{\"@type\":\"SearchAction\",\"target\":{\"@type\":\"EntryPoint\",\"urlTemplate\":\"https:\\\/\\\/ses-creative.com\\\/?s={search_term_string}\"},\"query-input\":{\"@type\":\"PropertyValueSpecification\",\"valueRequired\":true,\"valueName\":\"search_term_string\"}}],\"inLanguage\":\"de\"},{\"@type\":\"Organization\",\"@id\":\"https:\\\/\\\/ses-creative.com\\\/#organization\",\"name\":\"SES Creative\",\"url\":\"https:\\\/\\\/ses-creative.com\\\/\",\"logo\":{\"@type\":\"ImageObject\",\"inLanguage\":\"de\",\"@id\":\"https:\\\/\\\/ses-creative.com\\\/#\\\/schema\\\/logo\\\/image\\\/\",\"url\":\"https:\\\/\\\/ses-creative.com\\\/wp-content\\\/uploads\\\/2025\\\/10\\\/ses-creative-logo.jpg\",\"contentUrl\":\"https:\\\/\\\/ses-creative.com\\\/wp-content\\\/uploads\\\/2025\\\/10\\\/ses-creative-logo.jpg\",\"width\":2037,\"height\":2037,\"caption\":\"SES Creative\"},\"image\":{\"@id\":\"https:\\\/\\\/ses-creative.com\\\/#\\\/schema\\\/logo\\\/image\\\/\"}}]}<\/script>\n<!-- \/ Yoast SEO plugin. -->","yoast_head_json":{"title":"Infinity Modellierknete - 12er Packung (180 gr) - SES Creative","robots":{"index":"index","follow":"follow","max-snippet":"max-snippet:-1","max-image-preview":"max-image-preview:large","max-video-preview":"max-video-preview:-1"},"canonical":"https:\/\/ses-creative.com\/de\/produkt\/infinity-modellierknete-12er-packung-180-gr\/","og_locale":"de_DE","og_type":"article","og_title":"Infinity Modellierknete - 12er Packung (180 gr) - SES Creative","og_description":"Mit Infinity-Modelliermasse sind der Kreativit\u00e4t keine Grenzen gesetzt! Mit dem Infinity-Knetmasse-Set k\u00f6nnen Sie die sch\u00f6nsten Kreationen gestalten, die niemals austrocknen. Dieses Set enth\u00e4lt 12 Farben Wachsknete, die Sie immer wieder verwenden k\u00f6nnen. Kneten Sie die Knetmasse weich und beginnen Sie mit dem Formen. Ideal f\u00fcr junge K\u00fcnstler, die ihrer Kreativit\u00e4t freien Lauf lassen m\u00f6chten! Was [&hellip;]","og_url":"https:\/\/ses-creative.com\/de\/produkt\/infinity-modellierknete-12er-packung-180-gr\/","og_site_name":"SES Creative","article_modified_time":"2026-02-06T09:51:10+00:00","twitter_card":"summary_large_image","twitter_misc":{"Gesch\u00e4tzte Lesezeit":"1\u00a0Minute"},"schema":{"@context":"https:\/\/schema.org","@graph":[{"@type":"WebPage","@id":"https:\/\/ses-creative.com\/de\/produkt\/infinity-modellierknete-12er-packung-180-gr\/","url":"https:\/\/ses-creative.com\/de\/produkt\/infinity-modellierknete-12er-packung-180-gr\/","name":"Infinity Modellierknete - 12er Packung (180 gr) - SES Creative","isPartOf":{"@id":"https:\/\/ses-creative.com\/#website"},"primaryImageOfPage":{"@id":"https:\/\/ses-creative.com\/de\/produkt\/infinity-modellierknete-12er-packung-180-gr\/#primaryimage"},"image":{"@id":"https:\/\/ses-creative.com\/de\/produkt\/infinity-modellierknete-12er-packung-180-gr\/#primaryimage"},"thumbnailUrl":"https:\/\/ses-creative.com\/wp-content\/uploads\/2026\/01\/004061.jpg","datePublished":"2026-02-05T13:52:02+00:00","dateModified":"2026-02-06T09:51:10+00:00","breadcrumb":{"@id":"https:\/\/ses-creative.com\/de\/produkt\/infinity-modellierknete-12er-packung-180-gr\/#breadcrumb"},"inLanguage":"de","potentialAction":[{"@type":"ReadAction","target":["https:\/\/ses-creative.com\/de\/produkt\/infinity-modellierknete-12er-packung-180-gr\/"]}]},{"@type":"ImageObject","inLanguage":"de","@id":"https:\/\/ses-creative.com\/de\/produkt\/infinity-modellierknete-12er-packung-180-gr\/#primaryimage","url":"https:\/\/ses-creative.com\/wp-content\/uploads\/2026\/01\/004061.jpg","contentUrl":"https:\/\/ses-creative.com\/wp-content\/uploads\/2026\/01\/004061.jpg","width":1000,"height":1000},{"@type":"BreadcrumbList","@id":"https:\/\/ses-creative.com\/de\/produkt\/infinity-modellierknete-12er-packung-180-gr\/#breadcrumb","itemListElement":[{"@type":"ListItem","position":1,"name":"Shop","item":"https:\/\/ses-creative.com\/de\/shop\/"},{"@type":"ListItem","position":2,"name":"Knete","item":"https:\/\/ses-creative.com\/de\/product-categorie\/knete\/"},{"@type":"ListItem","position":3,"name":"Infinity Modellierknete &#8211; 12er Packung (180 gr)"}]},{"@type":"WebSite","@id":"https:\/\/ses-creative.com\/#website","url":"https:\/\/ses-creative.com\/","name":"SES Creative","description":"","publisher":{"@id":"https:\/\/ses-creative.com\/#organization"},"potentialAction":[{"@type":"SearchAction","target":{"@type":"EntryPoint","urlTemplate":"https:\/\/ses-creative.com\/?s={search_term_string}"},"query-input":{"@type":"PropertyValueSpecification","valueRequired":true,"valueName":"search_term_string"}}],"inLanguage":"de"},{"@type":"Organization","@id":"https:\/\/ses-creative.com\/#organization","name":"SES Creative","url":"https:\/\/ses-creative.com\/","logo":{"@type":"ImageObject","inLanguage":"de","@id":"https:\/\/ses-creative.com\/#\/schema\/logo\/image\/","url":"https:\/\/ses-creative.com\/wp-content\/uploads\/2025\/10\/ses-creative-logo.jpg","contentUrl":"https:\/\/ses-creative.com\/wp-content\/uploads\/2025\/10\/ses-creative-logo.jpg","width":2037,"height":2037,"caption":"SES Creative"},"image":{"@id":"https:\/\/ses-creative.com\/#\/schema\/logo\/image\/"}}]}},"_links":{"self":[{"href":"https:\/\/ses-creative.com\/de\/wp-json\/wp\/v2\/product\/114362","targetHints":{"allow":["GET"]}}],"collection":[{"href":"https:\/\/ses-creative.com\/de\/wp-json\/wp\/v2\/product"}],"about":[{"href":"https:\/\/ses-creative.com\/de\/wp-json\/wp\/v2\/types\/product"}],"replies":[{"embeddable":true,"href":"https:\/\/ses-creative.com\/de\/wp-json\/wp\/v2\/comments?post=114362"}],"wp:featuredmedia":[{"embeddable":true,"href":"https:\/\/ses-creative.com\/de\/wp-json\/wp\/v2\/media\/96868"}],"wp:attachment":[{"href":"https:\/\/ses-creative.com\/de\/wp-json\/wp\/v2\/media?parent=114362"}],"wp:term":[{"taxonomy":"product_brand","embeddable":true,"href":"https:\/\/ses-creative.com\/de\/wp-json\/wp\/v2\/product_brand?post=114362"},{"taxonomy":"product_cat","embeddable":true,"href":"https:\/\/ses-creative.com\/de\/wp-json\/wp\/v2\/product_cat?post=114362"},{"taxonomy":"product_tag","embeddable":true,"href":"https:\/\/ses-creative.com\/de\/wp-json\/wp\/v2\/product_tag?post=114362"}],"curies":[{"name":"wp","href":"https:\/\/api.w.org\/{rel}","templated":true}]}}