











{"id":114361,"date":"2026-02-05T13:52:02","date_gmt":"2026-02-05T13:52:02","guid":{"rendered":"https:\/\/ses-creative.com\/?post_type=product&#038;p=114361"},"modified":"2026-02-06T09:51:10","modified_gmt":"2026-02-06T09:51:10","slug":"kinderpinsel-2-stueck","status":"publish","type":"product","link":"https:\/\/ses-creative.com\/de\/produkt\/kinderpinsel-2-stueck\/","title":{"rendered":"Kinderpinsel 2 St\u00fcck"},"content":{"rendered":"<p>Schaffen Sie die sch\u00f6nsten Kunstwerke mit diesen gro\u00dfen Pinseln!<br \/>\nDieses Pinselset von SES Creative enth\u00e4lt zwei gro\u00dfe Pinsel, die perfekt f\u00fcr junge K\u00fcnstler geeignet sind. Durch ihren festen Griff sind die Pinsel ideal f\u00fcr kleine H\u00e4nde, sodass Kinder leicht malen und kreativ sein k\u00f6nnen. Perfekt f\u00fcr Kinder, die ihre ersten Schritte in der Welt der Malerei machen!<br \/>\nWas dieses Set so gro\u00dfartig macht<br \/>\n&#8211;    Geeignet f\u00fcr kleine Kinder<br \/>\n&#8211;    Fester Griff, ideal f\u00fcr kleine H\u00e4nde<br \/>\n&#8211;    Perfekt f\u00fcr gro\u00dfe, farbenfrohe Kunstwerke<br \/>\n&#8211;    F\u00f6rdert Kreativit\u00e4t und Feinmotorik<br \/>\n&#8211;    Geeignet f\u00fcr Kinder ab 2 Jahren<br \/>\nEntwerfen Sie Ihre eigenen farbenfrohen Kunstwerke<br \/>\nMit diesem Set k\u00f6nnen kleine Kinder ihrer Kreativit\u00e4t freien Lauf lassen und die sch\u00f6nsten Bilder malen. Die gro\u00dfen Pinsel sind einfach zu benutzen und ideal f\u00fcr gro\u00dfe und detaillierte Motive. Eine tolle M\u00f6glichkeit, kreativ zu sein und stolz auf die eigenen Kunstwerke zu sein.<br \/>\nDieses Set ist ideal f\u00fcr Eltern, die ihren Kindern eine kreative und spielerische Besch\u00e4ftigung bieten m\u00f6chten. Es bietet eine unterhaltsame M\u00f6glichkeit zum Spielen und Lernen und f\u00f6rdert gleichzeitig die Feinmotorik und Fantasie Ihres Kindes.<br \/>\nInhalt des Sets<br \/>\n&#8211;    2 gro\u00dfe Pinsel<br \/>\nWarum SES Creative w\u00e4hlen?<br \/>\nBei SES Creative legen wir gro\u00dfen Wert auf Sicherheit. Deshalb werden die Produkte in der Fabrik in den Niederlanden nach den strengsten europ\u00e4ischen Sicherheitsstandards hergestellt und getestet. Spielzeug von SES Creative sorgt f\u00fcr Spa\u00df und zielt darauf ab, dass Kinder stolz auf ihre Arbeit sein k\u00f6nnen, was ihre Kreativit\u00e4t und Entwicklung f\u00f6rdert.<br \/>\nBeginnen Sie noch heute mit dem Malen sch\u00f6ner Bilder<br \/>\nEntdecken Sie die Freude am Malen und schaffen Sie mit diesem Set aus gro\u00dfen Pinseln die sch\u00f6nsten Kunstwerke. Perfekt f\u00fcr stundenlangen kreativen Spielspa\u00df!<\/p>\n","protected":false},"excerpt":{"rendered":"<p>Schaffen Sie die sch\u00f6nsten Kunstwerke mit diesen gro\u00dfen Pinseln! Dieses Pinselset von SES Creative enth\u00e4lt zwei gro\u00dfe Pinsel, die perfekt f\u00fcr junge K\u00fcnstler geeignet sind. Durch ihren festen Griff sind die Pinsel ideal f\u00fcr kleine H\u00e4nde, sodass Kinder leicht malen und kreativ sein k\u00f6nnen. Perfekt f\u00fcr Kinder, die ihre ersten Schritte in der Welt der [&hellip;]<\/p>\n","protected":false},"featured_media":96848,"comment_status":"closed","ping_status":"closed","template":"","meta":{"_acf_changed":false},"product_brand":[],"product_cat":[115],"product_tag":[],"class_list":{"0":"post-114361","1":"product","2":"type-product","3":"status-publish","4":"has-post-thumbnail","6":"product_cat-basteln","7":"pa_leeftijd-filter-0-2-jahre","8":"pa_meest-populair-bij-jungen-maedchen","10":"first","11":"instock","12":"shipping-taxable","13":"product-type-simple"},"acf":[],"yoast_head":"<!-- This site is optimized with the Yoast SEO plugin v27.2 - https:\/\/yoast.com\/product\/yoast-seo-wordpress\/ -->\n<title>Kinderpinsel 2 St\u00fcck - SES Creative<\/title>\n<meta name=\"robots\" content=\"index, follow, max-snippet:-1, max-image-preview:large, max-video-preview:-1\" \/>\n<link rel=\"canonical\" href=\"https:\/\/ses-creative.com\/de\/produkt\/kinderpinsel-2-stueck\/\" \/>\n<meta property=\"og:locale\" content=\"de_DE\" \/>\n<meta property=\"og:type\" content=\"article\" \/>\n<meta property=\"og:title\" content=\"Kinderpinsel 2 St\u00fcck - SES Creative\" \/>\n<meta property=\"og:description\" content=\"Schaffen Sie die sch\u00f6nsten Kunstwerke mit diesen gro\u00dfen Pinseln! Dieses Pinselset von SES Creative enth\u00e4lt zwei gro\u00dfe Pinsel, die perfekt f\u00fcr junge K\u00fcnstler geeignet sind. Durch ihren festen Griff sind die Pinsel ideal f\u00fcr kleine H\u00e4nde, sodass Kinder leicht malen und kreativ sein k\u00f6nnen. Perfekt f\u00fcr Kinder, die ihre ersten Schritte in der Welt der [&hellip;]\" \/>\n<meta property=\"og:url\" content=\"https:\/\/ses-creative.com\/de\/produkt\/kinderpinsel-2-stueck\/\" \/>\n<meta property=\"og:site_name\" content=\"SES Creative\" \/>\n<meta property=\"article:modified_time\" content=\"2026-02-06T09:51:10+00:00\" \/>\n<meta name=\"twitter:card\" content=\"summary_large_image\" \/>\n<meta name=\"twitter:label1\" content=\"Gesch\u00e4tzte Lesezeit\" \/>\n\t<meta name=\"twitter:data1\" content=\"2\u00a0Minuten\" \/>\n<script type=\"application\/ld+json\" class=\"yoast-schema-graph\">{\"@context\":\"https:\/\/schema.org\",\"@graph\":[{\"@type\":\"WebPage\",\"@id\":\"https:\/\/ses-creative.com\/de\/produkt\/kinderpinsel-2-stueck\/\",\"url\":\"https:\/\/ses-creative.com\/de\/produkt\/kinderpinsel-2-stueck\/\",\"name\":\"Kinderpinsel 2 St\u00fcck - SES Creative\",\"isPartOf\":{\"@id\":\"https:\/\/ses-creative.com\/#website\"},\"primaryImageOfPage\":{\"@id\":\"https:\/\/ses-creative.com\/de\/produkt\/kinderpinsel-2-stueck\/#primaryimage\"},\"image\":{\"@id\":\"https:\/\/ses-creative.com\/de\/produkt\/kinderpinsel-2-stueck\/#primaryimage\"},\"thumbnailUrl\":\"https:\/\/ses-creative.com\/wp-content\/uploads\/2026\/01\/003991.jpg\",\"datePublished\":\"2026-02-05T13:52:02+00:00\",\"dateModified\":\"2026-02-06T09:51:10+00:00\",\"breadcrumb\":{\"@id\":\"https:\/\/ses-creative.com\/de\/produkt\/kinderpinsel-2-stueck\/#breadcrumb\"},\"inLanguage\":\"de\",\"potentialAction\":[{\"@type\":\"ReadAction\",\"target\":[\"https:\/\/ses-creative.com\/de\/produkt\/kinderpinsel-2-stueck\/\"]}]},{\"@type\":\"ImageObject\",\"inLanguage\":\"de\",\"@id\":\"https:\/\/ses-creative.com\/de\/produkt\/kinderpinsel-2-stueck\/#primaryimage\",\"url\":\"https:\/\/ses-creative.com\/wp-content\/uploads\/2026\/01\/003991.jpg\",\"contentUrl\":\"https:\/\/ses-creative.com\/wp-content\/uploads\/2026\/01\/003991.jpg\",\"width\":1000,\"height\":1000},{\"@type\":\"BreadcrumbList\",\"@id\":\"https:\/\/ses-creative.com\/de\/produkt\/kinderpinsel-2-stueck\/#breadcrumb\",\"itemListElement\":[{\"@type\":\"ListItem\",\"position\":1,\"name\":\"Shop\",\"item\":\"https:\/\/ses-creative.com\/de\/shop\/\"},{\"@type\":\"ListItem\",\"position\":2,\"name\":\"Basteln\",\"item\":\"https:\/\/ses-creative.com\/de\/product-categorie\/basteln\/\"},{\"@type\":\"ListItem\",\"position\":3,\"name\":\"Kinderpinsel 2 St\u00fcck\"}]},{\"@type\":\"WebSite\",\"@id\":\"https:\/\/ses-creative.com\/#website\",\"url\":\"https:\/\/ses-creative.com\/\",\"name\":\"SES Creative\",\"description\":\"\",\"publisher\":{\"@id\":\"https:\/\/ses-creative.com\/#organization\"},\"potentialAction\":[{\"@type\":\"SearchAction\",\"target\":{\"@type\":\"EntryPoint\",\"urlTemplate\":\"https:\/\/ses-creative.com\/?s={search_term_string}\"},\"query-input\":{\"@type\":\"PropertyValueSpecification\",\"valueRequired\":true,\"valueName\":\"search_term_string\"}}],\"inLanguage\":\"de\"},{\"@type\":\"Organization\",\"@id\":\"https:\/\/ses-creative.com\/#organization\",\"name\":\"SES Creative\",\"url\":\"https:\/\/ses-creative.com\/\",\"logo\":{\"@type\":\"ImageObject\",\"inLanguage\":\"de\",\"@id\":\"https:\/\/ses-creative.com\/#\/schema\/logo\/image\/\",\"url\":\"https:\/\/ses-creative.com\/wp-content\/uploads\/2025\/10\/ses-creative-logo.jpg\",\"contentUrl\":\"https:\/\/ses-creative.com\/wp-content\/uploads\/2025\/10\/ses-creative-logo.jpg\",\"width\":2037,\"height\":2037,\"caption\":\"SES Creative\"},\"image\":{\"@id\":\"https:\/\/ses-creative.com\/#\/schema\/logo\/image\/\"}}]}<\/script>\n<!-- \/ Yoast SEO plugin. -->","yoast_head_json":{"title":"Kinderpinsel 2 St\u00fcck - SES Creative","robots":{"index":"index","follow":"follow","max-snippet":"max-snippet:-1","max-image-preview":"max-image-preview:large","max-video-preview":"max-video-preview:-1"},"canonical":"https:\/\/ses-creative.com\/de\/produkt\/kinderpinsel-2-stueck\/","og_locale":"de_DE","og_type":"article","og_title":"Kinderpinsel 2 St\u00fcck - SES Creative","og_description":"Schaffen Sie die sch\u00f6nsten Kunstwerke mit diesen gro\u00dfen Pinseln! Dieses Pinselset von SES Creative enth\u00e4lt zwei gro\u00dfe Pinsel, die perfekt f\u00fcr junge K\u00fcnstler geeignet sind. Durch ihren festen Griff sind die Pinsel ideal f\u00fcr kleine H\u00e4nde, sodass Kinder leicht malen und kreativ sein k\u00f6nnen. Perfekt f\u00fcr Kinder, die ihre ersten Schritte in der Welt der [&hellip;]","og_url":"https:\/\/ses-creative.com\/de\/produkt\/kinderpinsel-2-stueck\/","og_site_name":"SES Creative","article_modified_time":"2026-02-06T09:51:10+00:00","twitter_card":"summary_large_image","twitter_misc":{"Gesch\u00e4tzte Lesezeit":"2\u00a0Minuten"},"schema":{"@context":"https:\/\/schema.org","@graph":[{"@type":"WebPage","@id":"https:\/\/ses-creative.com\/de\/produkt\/kinderpinsel-2-stueck\/","url":"https:\/\/ses-creative.com\/de\/produkt\/kinderpinsel-2-stueck\/","name":"Kinderpinsel 2 St\u00fcck - SES Creative","isPartOf":{"@id":"https:\/\/ses-creative.com\/#website"},"primaryImageOfPage":{"@id":"https:\/\/ses-creative.com\/de\/produkt\/kinderpinsel-2-stueck\/#primaryimage"},"image":{"@id":"https:\/\/ses-creative.com\/de\/produkt\/kinderpinsel-2-stueck\/#primaryimage"},"thumbnailUrl":"https:\/\/ses-creative.com\/wp-content\/uploads\/2026\/01\/003991.jpg","datePublished":"2026-02-05T13:52:02+00:00","dateModified":"2026-02-06T09:51:10+00:00","breadcrumb":{"@id":"https:\/\/ses-creative.com\/de\/produkt\/kinderpinsel-2-stueck\/#breadcrumb"},"inLanguage":"de","potentialAction":[{"@type":"ReadAction","target":["https:\/\/ses-creative.com\/de\/produkt\/kinderpinsel-2-stueck\/"]}]},{"@type":"ImageObject","inLanguage":"de","@id":"https:\/\/ses-creative.com\/de\/produkt\/kinderpinsel-2-stueck\/#primaryimage","url":"https:\/\/ses-creative.com\/wp-content\/uploads\/2026\/01\/003991.jpg","contentUrl":"https:\/\/ses-creative.com\/wp-content\/uploads\/2026\/01\/003991.jpg","width":1000,"height":1000},{"@type":"BreadcrumbList","@id":"https:\/\/ses-creative.com\/de\/produkt\/kinderpinsel-2-stueck\/#breadcrumb","itemListElement":[{"@type":"ListItem","position":1,"name":"Shop","item":"https:\/\/ses-creative.com\/de\/shop\/"},{"@type":"ListItem","position":2,"name":"Basteln","item":"https:\/\/ses-creative.com\/de\/product-categorie\/basteln\/"},{"@type":"ListItem","position":3,"name":"Kinderpinsel 2 St\u00fcck"}]},{"@type":"WebSite","@id":"https:\/\/ses-creative.com\/#website","url":"https:\/\/ses-creative.com\/","name":"SES Creative","description":"","publisher":{"@id":"https:\/\/ses-creative.com\/#organization"},"potentialAction":[{"@type":"SearchAction","target":{"@type":"EntryPoint","urlTemplate":"https:\/\/ses-creative.com\/?s={search_term_string}"},"query-input":{"@type":"PropertyValueSpecification","valueRequired":true,"valueName":"search_term_string"}}],"inLanguage":"de"},{"@type":"Organization","@id":"https:\/\/ses-creative.com\/#organization","name":"SES Creative","url":"https:\/\/ses-creative.com\/","logo":{"@type":"ImageObject","inLanguage":"de","@id":"https:\/\/ses-creative.com\/#\/schema\/logo\/image\/","url":"https:\/\/ses-creative.com\/wp-content\/uploads\/2025\/10\/ses-creative-logo.jpg","contentUrl":"https:\/\/ses-creative.com\/wp-content\/uploads\/2025\/10\/ses-creative-logo.jpg","width":2037,"height":2037,"caption":"SES Creative"},"image":{"@id":"https:\/\/ses-creative.com\/#\/schema\/logo\/image\/"}}]}},"_links":{"self":[{"href":"https:\/\/ses-creative.com\/de\/wp-json\/wp\/v2\/product\/114361","targetHints":{"allow":["GET"]}}],"collection":[{"href":"https:\/\/ses-creative.com\/de\/wp-json\/wp\/v2\/product"}],"about":[{"href":"https:\/\/ses-creative.com\/de\/wp-json\/wp\/v2\/types\/product"}],"replies":[{"embeddable":true,"href":"https:\/\/ses-creative.com\/de\/wp-json\/wp\/v2\/comments?post=114361"}],"wp:featuredmedia":[{"embeddable":true,"href":"https:\/\/ses-creative.com\/de\/wp-json\/wp\/v2\/media\/96848"}],"wp:attachment":[{"href":"https:\/\/ses-creative.com\/de\/wp-json\/wp\/v2\/media?parent=114361"}],"wp:term":[{"taxonomy":"product_brand","embeddable":true,"href":"https:\/\/ses-creative.com\/de\/wp-json\/wp\/v2\/product_brand?post=114361"},{"taxonomy":"product_cat","embeddable":true,"href":"https:\/\/ses-creative.com\/de\/wp-json\/wp\/v2\/product_cat?post=114361"},{"taxonomy":"product_tag","embeddable":true,"href":"https:\/\/ses-creative.com\/de\/wp-json\/wp\/v2\/product_tag?post=114361"}],"curies":[{"name":"wp","href":"https:\/\/api.w.org\/{rel}","templated":true}]}}