











{"id":114360,"date":"2026-02-05T13:52:02","date_gmt":"2026-02-05T13:52:02","guid":{"rendered":"https:\/\/ses-creative.com\/?post_type=product&#038;p=114360"},"modified":"2026-02-06T09:51:10","modified_gmt":"2026-02-06T09:51:10","slug":"fingerfarbe-6-farben-x-45-ml","status":"publish","type":"product","link":"https:\/\/ses-creative.com\/de\/produkt\/fingerfarbe-6-farben-x-45-ml\/","title":{"rendered":"Fingerfarbe 6 Farben x 45 ml"},"content":{"rendered":"<p>Bieten Sie Ihrem Kind mit dem SES Creative Fingermalset ein spielerisches und sinnliches Kunsterlebnis! Dieses speziell f\u00fcr Kleinkinder entwickelte Set bietet sechs leuchtende Farben in leicht zu handhabenden T\u00f6pfchen, die sich perfekt eignen, um die Kreativit\u00e4t von klein auf zu wecken. Die cremige Textur erm\u00f6glicht ein fl\u00fcssiges und angenehmes Auftragen und hilft den Kindern, frei zu experimentieren, w\u00e4hrend sie ihre Feinmotorik und Hand-Augen-Koordination entwickeln. Die Farbe ist leicht mit Wasser abwaschbar, hypoallergen und glutenfrei und garantiert so eine saubere und sichere Aktivit\u00e4t f\u00fcr die Kleinsten. SES Creative hat sich einem umweltbewussten Ansatz verschrieben und stellt dieses Produkt in Europa aus 100 % CO\u2082-neutralen Materialien her, wodurch ein umweltfreundliches Spielzeug gew\u00e4hrleistet wird, das den strengsten Sicherheitsstandards entspricht. Ob zum Geburtstag, zu Weihnachten oder einfach nur, um einen Moment der Entdeckung und des Spa\u00dfes zu verschenken &#8211; dieses Set ist der perfekte Verb\u00fcndete f\u00fcr junge, angehende K\u00fcnstler! Seit \u00fcber 50 Jahren entwickelt SES Creative hochwertiges Lernspielzeug, das die Fantasie anregt, das Lernen f\u00f6rdert und gleichzeitig den Planeten schont.<\/p>\n","protected":false},"excerpt":{"rendered":"<p>Bieten Sie Ihrem Kind mit dem SES Creative Fingermalset ein spielerisches und sinnliches Kunsterlebnis! Dieses speziell f\u00fcr Kleinkinder entwickelte Set bietet sechs leuchtende Farben in leicht zu handhabenden T\u00f6pfchen, die sich perfekt eignen, um die Kreativit\u00e4t von klein auf zu wecken. Die cremige Textur erm\u00f6glicht ein fl\u00fcssiges und angenehmes Auftragen und hilft den Kindern, frei [&hellip;]<\/p>\n","protected":false},"featured_media":96828,"comment_status":"closed","ping_status":"closed","template":"","meta":{"_acf_changed":false},"product_brand":[],"product_cat":[115],"product_tag":[],"class_list":{"0":"post-114360","1":"product","2":"type-product","3":"status-publish","4":"has-post-thumbnail","6":"product_cat-basteln","7":"pa_leeftijd-filter-0-2-jahre","8":"pa_meest-populair-bij-jungen-maedchen","10":"first","11":"instock","12":"shipping-taxable","13":"product-type-simple"},"acf":[],"yoast_head":"<!-- This site is optimized with the Yoast SEO plugin v27.2 - https:\/\/yoast.com\/product\/yoast-seo-wordpress\/ -->\n<title>Fingerfarbe 6 Farben x 45 ml - SES Creative<\/title>\n<meta name=\"robots\" content=\"index, follow, max-snippet:-1, max-image-preview:large, max-video-preview:-1\" \/>\n<link rel=\"canonical\" href=\"https:\/\/ses-creative.com\/de\/produkt\/fingerfarbe-6-farben-x-45-ml\/\" \/>\n<meta property=\"og:locale\" content=\"de_DE\" \/>\n<meta property=\"og:type\" content=\"article\" \/>\n<meta property=\"og:title\" content=\"Fingerfarbe 6 Farben x 45 ml - SES Creative\" \/>\n<meta property=\"og:description\" content=\"Bieten Sie Ihrem Kind mit dem SES Creative Fingermalset ein spielerisches und sinnliches Kunsterlebnis! Dieses speziell f\u00fcr Kleinkinder entwickelte Set bietet sechs leuchtende Farben in leicht zu handhabenden T\u00f6pfchen, die sich perfekt eignen, um die Kreativit\u00e4t von klein auf zu wecken. Die cremige Textur erm\u00f6glicht ein fl\u00fcssiges und angenehmes Auftragen und hilft den Kindern, frei [&hellip;]\" \/>\n<meta property=\"og:url\" content=\"https:\/\/ses-creative.com\/de\/produkt\/fingerfarbe-6-farben-x-45-ml\/\" \/>\n<meta property=\"og:site_name\" content=\"SES Creative\" \/>\n<meta property=\"article:modified_time\" content=\"2026-02-06T09:51:10+00:00\" \/>\n<meta name=\"twitter:card\" content=\"summary_large_image\" \/>\n<meta name=\"twitter:label1\" content=\"Gesch\u00e4tzte Lesezeit\" \/>\n\t<meta name=\"twitter:data1\" content=\"1\u00a0Minute\" \/>\n<script type=\"application\/ld+json\" class=\"yoast-schema-graph\">{\"@context\":\"https:\/\/schema.org\",\"@graph\":[{\"@type\":\"WebPage\",\"@id\":\"https:\/\/ses-creative.com\/de\/produkt\/fingerfarbe-6-farben-x-45-ml\/\",\"url\":\"https:\/\/ses-creative.com\/de\/produkt\/fingerfarbe-6-farben-x-45-ml\/\",\"name\":\"Fingerfarbe 6 Farben x 45 ml - SES Creative\",\"isPartOf\":{\"@id\":\"https:\/\/ses-creative.com\/#website\"},\"primaryImageOfPage\":{\"@id\":\"https:\/\/ses-creative.com\/de\/produkt\/fingerfarbe-6-farben-x-45-ml\/#primaryimage\"},\"image\":{\"@id\":\"https:\/\/ses-creative.com\/de\/produkt\/fingerfarbe-6-farben-x-45-ml\/#primaryimage\"},\"thumbnailUrl\":\"https:\/\/ses-creative.com\/wp-content\/uploads\/2026\/01\/003981.jpg\",\"datePublished\":\"2026-02-05T13:52:02+00:00\",\"dateModified\":\"2026-02-06T09:51:10+00:00\",\"breadcrumb\":{\"@id\":\"https:\/\/ses-creative.com\/de\/produkt\/fingerfarbe-6-farben-x-45-ml\/#breadcrumb\"},\"inLanguage\":\"de\",\"potentialAction\":[{\"@type\":\"ReadAction\",\"target\":[\"https:\/\/ses-creative.com\/de\/produkt\/fingerfarbe-6-farben-x-45-ml\/\"]}]},{\"@type\":\"ImageObject\",\"inLanguage\":\"de\",\"@id\":\"https:\/\/ses-creative.com\/de\/produkt\/fingerfarbe-6-farben-x-45-ml\/#primaryimage\",\"url\":\"https:\/\/ses-creative.com\/wp-content\/uploads\/2026\/01\/003981.jpg\",\"contentUrl\":\"https:\/\/ses-creative.com\/wp-content\/uploads\/2026\/01\/003981.jpg\",\"width\":1000,\"height\":1000},{\"@type\":\"BreadcrumbList\",\"@id\":\"https:\/\/ses-creative.com\/de\/produkt\/fingerfarbe-6-farben-x-45-ml\/#breadcrumb\",\"itemListElement\":[{\"@type\":\"ListItem\",\"position\":1,\"name\":\"Shop\",\"item\":\"https:\/\/ses-creative.com\/de\/shop\/\"},{\"@type\":\"ListItem\",\"position\":2,\"name\":\"Basteln\",\"item\":\"https:\/\/ses-creative.com\/de\/product-categorie\/basteln\/\"},{\"@type\":\"ListItem\",\"position\":3,\"name\":\"Fingerfarbe 6 Farben x 45 ml\"}]},{\"@type\":\"WebSite\",\"@id\":\"https:\/\/ses-creative.com\/#website\",\"url\":\"https:\/\/ses-creative.com\/\",\"name\":\"SES Creative\",\"description\":\"\",\"publisher\":{\"@id\":\"https:\/\/ses-creative.com\/#organization\"},\"potentialAction\":[{\"@type\":\"SearchAction\",\"target\":{\"@type\":\"EntryPoint\",\"urlTemplate\":\"https:\/\/ses-creative.com\/?s={search_term_string}\"},\"query-input\":{\"@type\":\"PropertyValueSpecification\",\"valueRequired\":true,\"valueName\":\"search_term_string\"}}],\"inLanguage\":\"de\"},{\"@type\":\"Organization\",\"@id\":\"https:\/\/ses-creative.com\/#organization\",\"name\":\"SES Creative\",\"url\":\"https:\/\/ses-creative.com\/\",\"logo\":{\"@type\":\"ImageObject\",\"inLanguage\":\"de\",\"@id\":\"https:\/\/ses-creative.com\/#\/schema\/logo\/image\/\",\"url\":\"https:\/\/ses-creative.com\/wp-content\/uploads\/2025\/10\/ses-creative-logo.jpg\",\"contentUrl\":\"https:\/\/ses-creative.com\/wp-content\/uploads\/2025\/10\/ses-creative-logo.jpg\",\"width\":2037,\"height\":2037,\"caption\":\"SES Creative\"},\"image\":{\"@id\":\"https:\/\/ses-creative.com\/#\/schema\/logo\/image\/\"}}]}<\/script>\n<!-- \/ Yoast SEO plugin. -->","yoast_head_json":{"title":"Fingerfarbe 6 Farben x 45 ml - SES Creative","robots":{"index":"index","follow":"follow","max-snippet":"max-snippet:-1","max-image-preview":"max-image-preview:large","max-video-preview":"max-video-preview:-1"},"canonical":"https:\/\/ses-creative.com\/de\/produkt\/fingerfarbe-6-farben-x-45-ml\/","og_locale":"de_DE","og_type":"article","og_title":"Fingerfarbe 6 Farben x 45 ml - SES Creative","og_description":"Bieten Sie Ihrem Kind mit dem SES Creative Fingermalset ein spielerisches und sinnliches Kunsterlebnis! Dieses speziell f\u00fcr Kleinkinder entwickelte Set bietet sechs leuchtende Farben in leicht zu handhabenden T\u00f6pfchen, die sich perfekt eignen, um die Kreativit\u00e4t von klein auf zu wecken. Die cremige Textur erm\u00f6glicht ein fl\u00fcssiges und angenehmes Auftragen und hilft den Kindern, frei [&hellip;]","og_url":"https:\/\/ses-creative.com\/de\/produkt\/fingerfarbe-6-farben-x-45-ml\/","og_site_name":"SES Creative","article_modified_time":"2026-02-06T09:51:10+00:00","twitter_card":"summary_large_image","twitter_misc":{"Gesch\u00e4tzte Lesezeit":"1\u00a0Minute"},"schema":{"@context":"https:\/\/schema.org","@graph":[{"@type":"WebPage","@id":"https:\/\/ses-creative.com\/de\/produkt\/fingerfarbe-6-farben-x-45-ml\/","url":"https:\/\/ses-creative.com\/de\/produkt\/fingerfarbe-6-farben-x-45-ml\/","name":"Fingerfarbe 6 Farben x 45 ml - SES Creative","isPartOf":{"@id":"https:\/\/ses-creative.com\/#website"},"primaryImageOfPage":{"@id":"https:\/\/ses-creative.com\/de\/produkt\/fingerfarbe-6-farben-x-45-ml\/#primaryimage"},"image":{"@id":"https:\/\/ses-creative.com\/de\/produkt\/fingerfarbe-6-farben-x-45-ml\/#primaryimage"},"thumbnailUrl":"https:\/\/ses-creative.com\/wp-content\/uploads\/2026\/01\/003981.jpg","datePublished":"2026-02-05T13:52:02+00:00","dateModified":"2026-02-06T09:51:10+00:00","breadcrumb":{"@id":"https:\/\/ses-creative.com\/de\/produkt\/fingerfarbe-6-farben-x-45-ml\/#breadcrumb"},"inLanguage":"de","potentialAction":[{"@type":"ReadAction","target":["https:\/\/ses-creative.com\/de\/produkt\/fingerfarbe-6-farben-x-45-ml\/"]}]},{"@type":"ImageObject","inLanguage":"de","@id":"https:\/\/ses-creative.com\/de\/produkt\/fingerfarbe-6-farben-x-45-ml\/#primaryimage","url":"https:\/\/ses-creative.com\/wp-content\/uploads\/2026\/01\/003981.jpg","contentUrl":"https:\/\/ses-creative.com\/wp-content\/uploads\/2026\/01\/003981.jpg","width":1000,"height":1000},{"@type":"BreadcrumbList","@id":"https:\/\/ses-creative.com\/de\/produkt\/fingerfarbe-6-farben-x-45-ml\/#breadcrumb","itemListElement":[{"@type":"ListItem","position":1,"name":"Shop","item":"https:\/\/ses-creative.com\/de\/shop\/"},{"@type":"ListItem","position":2,"name":"Basteln","item":"https:\/\/ses-creative.com\/de\/product-categorie\/basteln\/"},{"@type":"ListItem","position":3,"name":"Fingerfarbe 6 Farben x 45 ml"}]},{"@type":"WebSite","@id":"https:\/\/ses-creative.com\/#website","url":"https:\/\/ses-creative.com\/","name":"SES Creative","description":"","publisher":{"@id":"https:\/\/ses-creative.com\/#organization"},"potentialAction":[{"@type":"SearchAction","target":{"@type":"EntryPoint","urlTemplate":"https:\/\/ses-creative.com\/?s={search_term_string}"},"query-input":{"@type":"PropertyValueSpecification","valueRequired":true,"valueName":"search_term_string"}}],"inLanguage":"de"},{"@type":"Organization","@id":"https:\/\/ses-creative.com\/#organization","name":"SES Creative","url":"https:\/\/ses-creative.com\/","logo":{"@type":"ImageObject","inLanguage":"de","@id":"https:\/\/ses-creative.com\/#\/schema\/logo\/image\/","url":"https:\/\/ses-creative.com\/wp-content\/uploads\/2025\/10\/ses-creative-logo.jpg","contentUrl":"https:\/\/ses-creative.com\/wp-content\/uploads\/2025\/10\/ses-creative-logo.jpg","width":2037,"height":2037,"caption":"SES Creative"},"image":{"@id":"https:\/\/ses-creative.com\/#\/schema\/logo\/image\/"}}]}},"_links":{"self":[{"href":"https:\/\/ses-creative.com\/de\/wp-json\/wp\/v2\/product\/114360","targetHints":{"allow":["GET"]}}],"collection":[{"href":"https:\/\/ses-creative.com\/de\/wp-json\/wp\/v2\/product"}],"about":[{"href":"https:\/\/ses-creative.com\/de\/wp-json\/wp\/v2\/types\/product"}],"replies":[{"embeddable":true,"href":"https:\/\/ses-creative.com\/de\/wp-json\/wp\/v2\/comments?post=114360"}],"wp:featuredmedia":[{"embeddable":true,"href":"https:\/\/ses-creative.com\/de\/wp-json\/wp\/v2\/media\/96828"}],"wp:attachment":[{"href":"https:\/\/ses-creative.com\/de\/wp-json\/wp\/v2\/media?parent=114360"}],"wp:term":[{"taxonomy":"product_brand","embeddable":true,"href":"https:\/\/ses-creative.com\/de\/wp-json\/wp\/v2\/product_brand?post=114360"},{"taxonomy":"product_cat","embeddable":true,"href":"https:\/\/ses-creative.com\/de\/wp-json\/wp\/v2\/product_cat?post=114360"},{"taxonomy":"product_tag","embeddable":true,"href":"https:\/\/ses-creative.com\/de\/wp-json\/wp\/v2\/product_tag?post=114360"}],"curies":[{"name":"wp","href":"https:\/\/api.w.org\/{rel}","templated":true}]}}