











{"id":114359,"date":"2026-02-05T13:52:02","date_gmt":"2026-02-05T13:52:02","guid":{"rendered":"https:\/\/ses-creative.com\/?post_type=product&#038;p=114359"},"modified":"2026-02-06T09:51:10","modified_gmt":"2026-02-06T09:51:10","slug":"fingerfarbe-pastell-6-farben-x-45-ml","status":"publish","type":"product","link":"https:\/\/ses-creative.com\/de\/produkt\/fingerfarbe-pastell-6-farben-x-45-ml\/","title":{"rendered":"Fingerfarbe Pastell 6 Farben x 45 mL"},"content":{"rendered":"<p>Dieses Pastell-Fingerfarben-Set eignet sich ideal f\u00fcr Kinder ab 2 Jahren, um erste kreative Erfahrungen mit Farben zu machen \u2013 ganz ohne Pinsel. Es enth\u00e4lt 6 sanfte Farbt\u00f6ne in praktischen 45-ml-T\u00f6pfchen. Die spezielle Formulierung ist hautfreundlich, klebt und tropft nicht, und l\u00e4sst sich leicht aus Kleidung und von der Haut abwaschen. Kinder k\u00f6nnen frei mit den Fingern malen, was ihre Feinmotorik, Koordination und kreative Ausdruckskraft st\u00e4rkt. Die wiederverschlie\u00dfbaren T\u00f6pfchen halten die Farben frisch und k\u00f6nnen au\u00dferhalb der Malsession vielseitig verwendet werden, z.\u202fB. zur Aufbewahrung kleiner Bastelmaterialien. Hergestellt in den Niederlanden von SES Creative \u2013 bekannt f\u00fcr sichere und nachhaltige Spielideen. Dieses Set f\u00f6rdert spielerisch Selbstst\u00e4ndigkeit und sinnliches Erleben im kreativen Alltag, zu Hause oder in Gruppen. Ideal als Geschenk f\u00fcr kleine K\u00fcnstlerinnen und K\u00fcnstler \u2013 sauber, sicher und voller Farbspa\u00df.<\/p>\n","protected":false},"excerpt":{"rendered":"<p>Dieses Pastell-Fingerfarben-Set eignet sich ideal f\u00fcr Kinder ab 2 Jahren, um erste kreative Erfahrungen mit Farben zu machen \u2013 ganz ohne Pinsel. Es enth\u00e4lt 6 sanfte Farbt\u00f6ne in praktischen 45-ml-T\u00f6pfchen. Die spezielle Formulierung ist hautfreundlich, klebt und tropft nicht, und l\u00e4sst sich leicht aus Kleidung und von der Haut abwaschen. Kinder k\u00f6nnen frei mit den [&hellip;]<\/p>\n","protected":false},"featured_media":96808,"comment_status":"closed","ping_status":"closed","template":"","meta":{"_acf_changed":false},"product_brand":[],"product_cat":[115],"product_tag":[],"class_list":{"0":"post-114359","1":"product","2":"type-product","3":"status-publish","4":"has-post-thumbnail","6":"product_cat-basteln","7":"pa_leeftijd-filter-0-2-jahre","8":"pa_meest-populair-bij-jungen-maedchen","10":"first","11":"instock","12":"shipping-taxable","13":"product-type-simple"},"acf":[],"yoast_head":"<!-- This site is optimized with the Yoast SEO plugin v27.2 - https:\/\/yoast.com\/product\/yoast-seo-wordpress\/ -->\n<title>Fingerfarbe Pastell 6 Farben x 45 mL - SES Creative<\/title>\n<meta name=\"robots\" content=\"index, follow, max-snippet:-1, max-image-preview:large, max-video-preview:-1\" \/>\n<link rel=\"canonical\" href=\"https:\/\/ses-creative.com\/de\/produkt\/fingerfarbe-pastell-6-farben-x-45-ml\/\" \/>\n<meta property=\"og:locale\" content=\"de_DE\" \/>\n<meta property=\"og:type\" content=\"article\" \/>\n<meta property=\"og:title\" content=\"Fingerfarbe Pastell 6 Farben x 45 mL - SES Creative\" \/>\n<meta property=\"og:description\" content=\"Dieses Pastell-Fingerfarben-Set eignet sich ideal f\u00fcr Kinder ab 2 Jahren, um erste kreative Erfahrungen mit Farben zu machen \u2013 ganz ohne Pinsel. Es enth\u00e4lt 6 sanfte Farbt\u00f6ne in praktischen 45-ml-T\u00f6pfchen. Die spezielle Formulierung ist hautfreundlich, klebt und tropft nicht, und l\u00e4sst sich leicht aus Kleidung und von der Haut abwaschen. Kinder k\u00f6nnen frei mit den [&hellip;]\" \/>\n<meta property=\"og:url\" content=\"https:\/\/ses-creative.com\/de\/produkt\/fingerfarbe-pastell-6-farben-x-45-ml\/\" \/>\n<meta property=\"og:site_name\" content=\"SES Creative\" \/>\n<meta property=\"article:modified_time\" content=\"2026-02-06T09:51:10+00:00\" \/>\n<meta name=\"twitter:card\" content=\"summary_large_image\" \/>\n<meta name=\"twitter:label1\" content=\"Gesch\u00e4tzte Lesezeit\" \/>\n\t<meta name=\"twitter:data1\" content=\"1\u00a0Minute\" \/>\n<script type=\"application\/ld+json\" class=\"yoast-schema-graph\">{\"@context\":\"https:\/\/schema.org\",\"@graph\":[{\"@type\":\"WebPage\",\"@id\":\"https:\/\/ses-creative.com\/de\/produkt\/fingerfarbe-pastell-6-farben-x-45-ml\/\",\"url\":\"https:\/\/ses-creative.com\/de\/produkt\/fingerfarbe-pastell-6-farben-x-45-ml\/\",\"name\":\"Fingerfarbe Pastell 6 Farben x 45 mL - SES Creative\",\"isPartOf\":{\"@id\":\"https:\/\/ses-creative.com\/#website\"},\"primaryImageOfPage\":{\"@id\":\"https:\/\/ses-creative.com\/de\/produkt\/fingerfarbe-pastell-6-farben-x-45-ml\/#primaryimage\"},\"image\":{\"@id\":\"https:\/\/ses-creative.com\/de\/produkt\/fingerfarbe-pastell-6-farben-x-45-ml\/#primaryimage\"},\"thumbnailUrl\":\"https:\/\/ses-creative.com\/wp-content\/uploads\/2026\/01\/003971.jpg\",\"datePublished\":\"2026-02-05T13:52:02+00:00\",\"dateModified\":\"2026-02-06T09:51:10+00:00\",\"breadcrumb\":{\"@id\":\"https:\/\/ses-creative.com\/de\/produkt\/fingerfarbe-pastell-6-farben-x-45-ml\/#breadcrumb\"},\"inLanguage\":\"de\",\"potentialAction\":[{\"@type\":\"ReadAction\",\"target\":[\"https:\/\/ses-creative.com\/de\/produkt\/fingerfarbe-pastell-6-farben-x-45-ml\/\"]}]},{\"@type\":\"ImageObject\",\"inLanguage\":\"de\",\"@id\":\"https:\/\/ses-creative.com\/de\/produkt\/fingerfarbe-pastell-6-farben-x-45-ml\/#primaryimage\",\"url\":\"https:\/\/ses-creative.com\/wp-content\/uploads\/2026\/01\/003971.jpg\",\"contentUrl\":\"https:\/\/ses-creative.com\/wp-content\/uploads\/2026\/01\/003971.jpg\",\"width\":1000,\"height\":1000},{\"@type\":\"BreadcrumbList\",\"@id\":\"https:\/\/ses-creative.com\/de\/produkt\/fingerfarbe-pastell-6-farben-x-45-ml\/#breadcrumb\",\"itemListElement\":[{\"@type\":\"ListItem\",\"position\":1,\"name\":\"Shop\",\"item\":\"https:\/\/ses-creative.com\/de\/shop\/\"},{\"@type\":\"ListItem\",\"position\":2,\"name\":\"Basteln\",\"item\":\"https:\/\/ses-creative.com\/de\/product-categorie\/basteln\/\"},{\"@type\":\"ListItem\",\"position\":3,\"name\":\"Fingerfarbe Pastell 6 Farben x 45 mL\"}]},{\"@type\":\"WebSite\",\"@id\":\"https:\/\/ses-creative.com\/#website\",\"url\":\"https:\/\/ses-creative.com\/\",\"name\":\"SES Creative\",\"description\":\"\",\"publisher\":{\"@id\":\"https:\/\/ses-creative.com\/#organization\"},\"potentialAction\":[{\"@type\":\"SearchAction\",\"target\":{\"@type\":\"EntryPoint\",\"urlTemplate\":\"https:\/\/ses-creative.com\/?s={search_term_string}\"},\"query-input\":{\"@type\":\"PropertyValueSpecification\",\"valueRequired\":true,\"valueName\":\"search_term_string\"}}],\"inLanguage\":\"de\"},{\"@type\":\"Organization\",\"@id\":\"https:\/\/ses-creative.com\/#organization\",\"name\":\"SES Creative\",\"url\":\"https:\/\/ses-creative.com\/\",\"logo\":{\"@type\":\"ImageObject\",\"inLanguage\":\"de\",\"@id\":\"https:\/\/ses-creative.com\/#\/schema\/logo\/image\/\",\"url\":\"https:\/\/ses-creative.com\/wp-content\/uploads\/2025\/10\/ses-creative-logo.jpg\",\"contentUrl\":\"https:\/\/ses-creative.com\/wp-content\/uploads\/2025\/10\/ses-creative-logo.jpg\",\"width\":2037,\"height\":2037,\"caption\":\"SES Creative\"},\"image\":{\"@id\":\"https:\/\/ses-creative.com\/#\/schema\/logo\/image\/\"}}]}<\/script>\n<!-- \/ Yoast SEO plugin. -->","yoast_head_json":{"title":"Fingerfarbe Pastell 6 Farben x 45 mL - SES Creative","robots":{"index":"index","follow":"follow","max-snippet":"max-snippet:-1","max-image-preview":"max-image-preview:large","max-video-preview":"max-video-preview:-1"},"canonical":"https:\/\/ses-creative.com\/de\/produkt\/fingerfarbe-pastell-6-farben-x-45-ml\/","og_locale":"de_DE","og_type":"article","og_title":"Fingerfarbe Pastell 6 Farben x 45 mL - SES Creative","og_description":"Dieses Pastell-Fingerfarben-Set eignet sich ideal f\u00fcr Kinder ab 2 Jahren, um erste kreative Erfahrungen mit Farben zu machen \u2013 ganz ohne Pinsel. Es enth\u00e4lt 6 sanfte Farbt\u00f6ne in praktischen 45-ml-T\u00f6pfchen. Die spezielle Formulierung ist hautfreundlich, klebt und tropft nicht, und l\u00e4sst sich leicht aus Kleidung und von der Haut abwaschen. Kinder k\u00f6nnen frei mit den [&hellip;]","og_url":"https:\/\/ses-creative.com\/de\/produkt\/fingerfarbe-pastell-6-farben-x-45-ml\/","og_site_name":"SES Creative","article_modified_time":"2026-02-06T09:51:10+00:00","twitter_card":"summary_large_image","twitter_misc":{"Gesch\u00e4tzte Lesezeit":"1\u00a0Minute"},"schema":{"@context":"https:\/\/schema.org","@graph":[{"@type":"WebPage","@id":"https:\/\/ses-creative.com\/de\/produkt\/fingerfarbe-pastell-6-farben-x-45-ml\/","url":"https:\/\/ses-creative.com\/de\/produkt\/fingerfarbe-pastell-6-farben-x-45-ml\/","name":"Fingerfarbe Pastell 6 Farben x 45 mL - SES Creative","isPartOf":{"@id":"https:\/\/ses-creative.com\/#website"},"primaryImageOfPage":{"@id":"https:\/\/ses-creative.com\/de\/produkt\/fingerfarbe-pastell-6-farben-x-45-ml\/#primaryimage"},"image":{"@id":"https:\/\/ses-creative.com\/de\/produkt\/fingerfarbe-pastell-6-farben-x-45-ml\/#primaryimage"},"thumbnailUrl":"https:\/\/ses-creative.com\/wp-content\/uploads\/2026\/01\/003971.jpg","datePublished":"2026-02-05T13:52:02+00:00","dateModified":"2026-02-06T09:51:10+00:00","breadcrumb":{"@id":"https:\/\/ses-creative.com\/de\/produkt\/fingerfarbe-pastell-6-farben-x-45-ml\/#breadcrumb"},"inLanguage":"de","potentialAction":[{"@type":"ReadAction","target":["https:\/\/ses-creative.com\/de\/produkt\/fingerfarbe-pastell-6-farben-x-45-ml\/"]}]},{"@type":"ImageObject","inLanguage":"de","@id":"https:\/\/ses-creative.com\/de\/produkt\/fingerfarbe-pastell-6-farben-x-45-ml\/#primaryimage","url":"https:\/\/ses-creative.com\/wp-content\/uploads\/2026\/01\/003971.jpg","contentUrl":"https:\/\/ses-creative.com\/wp-content\/uploads\/2026\/01\/003971.jpg","width":1000,"height":1000},{"@type":"BreadcrumbList","@id":"https:\/\/ses-creative.com\/de\/produkt\/fingerfarbe-pastell-6-farben-x-45-ml\/#breadcrumb","itemListElement":[{"@type":"ListItem","position":1,"name":"Shop","item":"https:\/\/ses-creative.com\/de\/shop\/"},{"@type":"ListItem","position":2,"name":"Basteln","item":"https:\/\/ses-creative.com\/de\/product-categorie\/basteln\/"},{"@type":"ListItem","position":3,"name":"Fingerfarbe Pastell 6 Farben x 45 mL"}]},{"@type":"WebSite","@id":"https:\/\/ses-creative.com\/#website","url":"https:\/\/ses-creative.com\/","name":"SES Creative","description":"","publisher":{"@id":"https:\/\/ses-creative.com\/#organization"},"potentialAction":[{"@type":"SearchAction","target":{"@type":"EntryPoint","urlTemplate":"https:\/\/ses-creative.com\/?s={search_term_string}"},"query-input":{"@type":"PropertyValueSpecification","valueRequired":true,"valueName":"search_term_string"}}],"inLanguage":"de"},{"@type":"Organization","@id":"https:\/\/ses-creative.com\/#organization","name":"SES Creative","url":"https:\/\/ses-creative.com\/","logo":{"@type":"ImageObject","inLanguage":"de","@id":"https:\/\/ses-creative.com\/#\/schema\/logo\/image\/","url":"https:\/\/ses-creative.com\/wp-content\/uploads\/2025\/10\/ses-creative-logo.jpg","contentUrl":"https:\/\/ses-creative.com\/wp-content\/uploads\/2025\/10\/ses-creative-logo.jpg","width":2037,"height":2037,"caption":"SES Creative"},"image":{"@id":"https:\/\/ses-creative.com\/#\/schema\/logo\/image\/"}}]}},"_links":{"self":[{"href":"https:\/\/ses-creative.com\/de\/wp-json\/wp\/v2\/product\/114359","targetHints":{"allow":["GET"]}}],"collection":[{"href":"https:\/\/ses-creative.com\/de\/wp-json\/wp\/v2\/product"}],"about":[{"href":"https:\/\/ses-creative.com\/de\/wp-json\/wp\/v2\/types\/product"}],"replies":[{"embeddable":true,"href":"https:\/\/ses-creative.com\/de\/wp-json\/wp\/v2\/comments?post=114359"}],"wp:featuredmedia":[{"embeddable":true,"href":"https:\/\/ses-creative.com\/de\/wp-json\/wp\/v2\/media\/96808"}],"wp:attachment":[{"href":"https:\/\/ses-creative.com\/de\/wp-json\/wp\/v2\/media?parent=114359"}],"wp:term":[{"taxonomy":"product_brand","embeddable":true,"href":"https:\/\/ses-creative.com\/de\/wp-json\/wp\/v2\/product_brand?post=114359"},{"taxonomy":"product_cat","embeddable":true,"href":"https:\/\/ses-creative.com\/de\/wp-json\/wp\/v2\/product_cat?post=114359"},{"taxonomy":"product_tag","embeddable":true,"href":"https:\/\/ses-creative.com\/de\/wp-json\/wp\/v2\/product_tag?post=114359"}],"curies":[{"name":"wp","href":"https:\/\/api.w.org\/{rel}","templated":true}]}}