











{"id":114358,"date":"2026-02-05T13:52:02","date_gmt":"2026-02-05T13:52:02","guid":{"rendered":"https:\/\/ses-creative.com\/?post_type=product&#038;p=114358"},"modified":"2026-02-06T09:51:10","modified_gmt":"2026-02-06T09:51:10","slug":"fingerfarbe-mega-set-6-farben-x-110-ml","status":"publish","type":"product","link":"https:\/\/ses-creative.com\/de\/produkt\/fingerfarbe-mega-set-6-farben-x-110-ml\/","title":{"rendered":"Fingerfarbe Mega-Set 6 Farben x 110 mL"},"content":{"rendered":"<p>Mega viel Spa\u00df mit Fingerfarben!<br \/>\nEntfesseln Sie die Kreativit\u00e4t Ihres Kindes mit dem Fingerfarben-Mega-Set \u2013 6 Farben x 110 ml! Dieses lebendige und vielseitige Set ist perfekt f\u00fcr junge K\u00fcnstler, die gerne malen, entdecken und gestalten. Mit sechs leuchtenden und farbenfrohen Fingerfarben und einer riesigen Papierrolle von 2 Metern L\u00e4nge k\u00f6nnen Kinder endlosen Spa\u00df an k\u00fcnstlerischem Ausdruck haben.<br \/>\nWas dieses Set so gro\u00dfartig macht<br \/>\n&#8211;    Die Fingerfarben lassen sich gut auswaschen, sowohl aus Kleidung als auch von der Haut<br \/>\n&#8211;    Sichere und glutenfreie Fingerfarben<br \/>\n&#8211; Mit einer Papierrolle von 2 Metern L\u00e4nge. Komplettes Set<br \/>\n&#8211;    Geeignet ab 2 Jahren<br \/>\n&#8211;    F\u00f6rdert Kreativit\u00e4t und Feinmotorik<br \/>\nPerfekt f\u00fcr gro\u00dfformatige Kreationen<br \/>\nMit nicht weniger als 2 Metern Zeichenpapier ist Platz f\u00fcr stundenlangen Spielspa\u00df. Ob Ihr Kind nun die verr\u00fccktesten Kreationen bastelt, fr\u00f6hliche Handabdr\u00fccke hinterl\u00e4sst oder das Malen entdeckt, es kann seiner Fantasie und Kreativit\u00e4t freien Lauf lassen. Fingerfarben f\u00f6rdern die Feinmotorik und die Hand-Augen-Koordination.<br \/>\nFingerfarben machen allein Spa\u00df, bieten aber auch Spielspa\u00df zusammen mit den Eltern.<br \/>\nInhalt des Sets<br \/>\n&#8211;    6 verschiedene Farben Fingerfarben in 110-ml-T\u00f6pfen<br \/>\n&#8211;    In den Farben Orange, Hellgr\u00fcn, Rosa, Blau, Violett und Gelb<br \/>\n&#8211;    2 Meter Zeichenpapierrolle<br \/>\nWarum SES Creative w\u00e4hlen?<br \/>\nBei SES Creative legen wir gro\u00dfen Wert auf Sicherheit. Deshalb werden die Produkte in unserem Werk in den Niederlanden nach den strengsten europ\u00e4ischen Sicherheitsnormen hergestellt und getestet. Spielzeug von SES Creative sorgt f\u00fcr Spa\u00df und soll Kindern erm\u00f6glichen, stolz auf ihre Arbeit zu sein, was ihre Kreativit\u00e4t und Entwicklung f\u00f6rdert.<br \/>\nBeginnen Sie noch heute mit dem Malen<br \/>\nHolen Sie sich das Fingerfarben-Mega-Set \u2013 6 Farben x 110 ml \u2013 nach Hause und lassen Sie Ihr Kind in eine Welt voller lebhafter Farben und kreativer M\u00f6glichkeiten eintauchen. Sehen Sie, wie ihre Fantasie beim Malen, Gestalten und Entdecken mit jedem farbenfrohen Meisterwerk zum Leben erwacht!<\/p>\n","protected":false},"excerpt":{"rendered":"<p>Mega viel Spa\u00df mit Fingerfarben! Entfesseln Sie die Kreativit\u00e4t Ihres Kindes mit dem Fingerfarben-Mega-Set \u2013 6 Farben x 110 ml! Dieses lebendige und vielseitige Set ist perfekt f\u00fcr junge K\u00fcnstler, die gerne malen, entdecken und gestalten. Mit sechs leuchtenden und farbenfrohen Fingerfarben und einer riesigen Papierrolle von 2 Metern L\u00e4nge k\u00f6nnen Kinder endlosen Spa\u00df an [&hellip;]<\/p>\n","protected":false},"featured_media":96788,"comment_status":"closed","ping_status":"closed","template":"","meta":{"_acf_changed":false},"product_brand":[],"product_cat":[115],"product_tag":[],"class_list":{"0":"post-114358","1":"product","2":"type-product","3":"status-publish","4":"has-post-thumbnail","6":"product_cat-basteln","7":"pa_leeftijd-filter-0-2-jahre","8":"pa_meest-populair-bij-jungen-maedchen","10":"first","11":"instock","12":"shipping-taxable","13":"product-type-simple"},"acf":[],"yoast_head":"<!-- This site is optimized with the Yoast SEO plugin v27.2 - https:\/\/yoast.com\/product\/yoast-seo-wordpress\/ -->\n<title>Fingerfarbe Mega-Set 6 Farben x 110 mL - SES Creative<\/title>\n<meta name=\"robots\" content=\"index, follow, max-snippet:-1, max-image-preview:large, max-video-preview:-1\" \/>\n<link rel=\"canonical\" href=\"https:\/\/ses-creative.com\/de\/produkt\/fingerfarbe-mega-set-6-farben-x-110-ml\/\" \/>\n<meta property=\"og:locale\" content=\"de_DE\" \/>\n<meta property=\"og:type\" content=\"article\" \/>\n<meta property=\"og:title\" content=\"Fingerfarbe Mega-Set 6 Farben x 110 mL - SES Creative\" \/>\n<meta property=\"og:description\" content=\"Mega viel Spa\u00df mit Fingerfarben! Entfesseln Sie die Kreativit\u00e4t Ihres Kindes mit dem Fingerfarben-Mega-Set \u2013 6 Farben x 110 ml! Dieses lebendige und vielseitige Set ist perfekt f\u00fcr junge K\u00fcnstler, die gerne malen, entdecken und gestalten. Mit sechs leuchtenden und farbenfrohen Fingerfarben und einer riesigen Papierrolle von 2 Metern L\u00e4nge k\u00f6nnen Kinder endlosen Spa\u00df an [&hellip;]\" \/>\n<meta property=\"og:url\" content=\"https:\/\/ses-creative.com\/de\/produkt\/fingerfarbe-mega-set-6-farben-x-110-ml\/\" \/>\n<meta property=\"og:site_name\" content=\"SES Creative\" \/>\n<meta property=\"article:modified_time\" content=\"2026-02-06T09:51:10+00:00\" \/>\n<meta name=\"twitter:card\" content=\"summary_large_image\" \/>\n<meta name=\"twitter:label1\" content=\"Gesch\u00e4tzte Lesezeit\" \/>\n\t<meta name=\"twitter:data1\" content=\"2\u00a0Minuten\" \/>\n<script type=\"application\/ld+json\" class=\"yoast-schema-graph\">{\"@context\":\"https:\/\/schema.org\",\"@graph\":[{\"@type\":\"WebPage\",\"@id\":\"https:\/\/ses-creative.com\/de\/produkt\/fingerfarbe-mega-set-6-farben-x-110-ml\/\",\"url\":\"https:\/\/ses-creative.com\/de\/produkt\/fingerfarbe-mega-set-6-farben-x-110-ml\/\",\"name\":\"Fingerfarbe Mega-Set 6 Farben x 110 mL - SES Creative\",\"isPartOf\":{\"@id\":\"https:\/\/ses-creative.com\/#website\"},\"primaryImageOfPage\":{\"@id\":\"https:\/\/ses-creative.com\/de\/produkt\/fingerfarbe-mega-set-6-farben-x-110-ml\/#primaryimage\"},\"image\":{\"@id\":\"https:\/\/ses-creative.com\/de\/produkt\/fingerfarbe-mega-set-6-farben-x-110-ml\/#primaryimage\"},\"thumbnailUrl\":\"https:\/\/ses-creative.com\/wp-content\/uploads\/2026\/01\/003931.jpg\",\"datePublished\":\"2026-02-05T13:52:02+00:00\",\"dateModified\":\"2026-02-06T09:51:10+00:00\",\"breadcrumb\":{\"@id\":\"https:\/\/ses-creative.com\/de\/produkt\/fingerfarbe-mega-set-6-farben-x-110-ml\/#breadcrumb\"},\"inLanguage\":\"de\",\"potentialAction\":[{\"@type\":\"ReadAction\",\"target\":[\"https:\/\/ses-creative.com\/de\/produkt\/fingerfarbe-mega-set-6-farben-x-110-ml\/\"]}]},{\"@type\":\"ImageObject\",\"inLanguage\":\"de\",\"@id\":\"https:\/\/ses-creative.com\/de\/produkt\/fingerfarbe-mega-set-6-farben-x-110-ml\/#primaryimage\",\"url\":\"https:\/\/ses-creative.com\/wp-content\/uploads\/2026\/01\/003931.jpg\",\"contentUrl\":\"https:\/\/ses-creative.com\/wp-content\/uploads\/2026\/01\/003931.jpg\",\"width\":1000,\"height\":1000},{\"@type\":\"BreadcrumbList\",\"@id\":\"https:\/\/ses-creative.com\/de\/produkt\/fingerfarbe-mega-set-6-farben-x-110-ml\/#breadcrumb\",\"itemListElement\":[{\"@type\":\"ListItem\",\"position\":1,\"name\":\"Shop\",\"item\":\"https:\/\/ses-creative.com\/de\/shop\/\"},{\"@type\":\"ListItem\",\"position\":2,\"name\":\"Basteln\",\"item\":\"https:\/\/ses-creative.com\/de\/product-categorie\/basteln\/\"},{\"@type\":\"ListItem\",\"position\":3,\"name\":\"Fingerfarbe Mega-Set 6 Farben x 110 mL\"}]},{\"@type\":\"WebSite\",\"@id\":\"https:\/\/ses-creative.com\/#website\",\"url\":\"https:\/\/ses-creative.com\/\",\"name\":\"SES Creative\",\"description\":\"\",\"publisher\":{\"@id\":\"https:\/\/ses-creative.com\/#organization\"},\"potentialAction\":[{\"@type\":\"SearchAction\",\"target\":{\"@type\":\"EntryPoint\",\"urlTemplate\":\"https:\/\/ses-creative.com\/?s={search_term_string}\"},\"query-input\":{\"@type\":\"PropertyValueSpecification\",\"valueRequired\":true,\"valueName\":\"search_term_string\"}}],\"inLanguage\":\"de\"},{\"@type\":\"Organization\",\"@id\":\"https:\/\/ses-creative.com\/#organization\",\"name\":\"SES Creative\",\"url\":\"https:\/\/ses-creative.com\/\",\"logo\":{\"@type\":\"ImageObject\",\"inLanguage\":\"de\",\"@id\":\"https:\/\/ses-creative.com\/#\/schema\/logo\/image\/\",\"url\":\"https:\/\/ses-creative.com\/wp-content\/uploads\/2025\/10\/ses-creative-logo.jpg\",\"contentUrl\":\"https:\/\/ses-creative.com\/wp-content\/uploads\/2025\/10\/ses-creative-logo.jpg\",\"width\":2037,\"height\":2037,\"caption\":\"SES Creative\"},\"image\":{\"@id\":\"https:\/\/ses-creative.com\/#\/schema\/logo\/image\/\"}}]}<\/script>\n<!-- \/ Yoast SEO plugin. -->","yoast_head_json":{"title":"Fingerfarbe Mega-Set 6 Farben x 110 mL - SES Creative","robots":{"index":"index","follow":"follow","max-snippet":"max-snippet:-1","max-image-preview":"max-image-preview:large","max-video-preview":"max-video-preview:-1"},"canonical":"https:\/\/ses-creative.com\/de\/produkt\/fingerfarbe-mega-set-6-farben-x-110-ml\/","og_locale":"de_DE","og_type":"article","og_title":"Fingerfarbe Mega-Set 6 Farben x 110 mL - SES Creative","og_description":"Mega viel Spa\u00df mit Fingerfarben! Entfesseln Sie die Kreativit\u00e4t Ihres Kindes mit dem Fingerfarben-Mega-Set \u2013 6 Farben x 110 ml! Dieses lebendige und vielseitige Set ist perfekt f\u00fcr junge K\u00fcnstler, die gerne malen, entdecken und gestalten. Mit sechs leuchtenden und farbenfrohen Fingerfarben und einer riesigen Papierrolle von 2 Metern L\u00e4nge k\u00f6nnen Kinder endlosen Spa\u00df an [&hellip;]","og_url":"https:\/\/ses-creative.com\/de\/produkt\/fingerfarbe-mega-set-6-farben-x-110-ml\/","og_site_name":"SES Creative","article_modified_time":"2026-02-06T09:51:10+00:00","twitter_card":"summary_large_image","twitter_misc":{"Gesch\u00e4tzte Lesezeit":"2\u00a0Minuten"},"schema":{"@context":"https:\/\/schema.org","@graph":[{"@type":"WebPage","@id":"https:\/\/ses-creative.com\/de\/produkt\/fingerfarbe-mega-set-6-farben-x-110-ml\/","url":"https:\/\/ses-creative.com\/de\/produkt\/fingerfarbe-mega-set-6-farben-x-110-ml\/","name":"Fingerfarbe Mega-Set 6 Farben x 110 mL - SES Creative","isPartOf":{"@id":"https:\/\/ses-creative.com\/#website"},"primaryImageOfPage":{"@id":"https:\/\/ses-creative.com\/de\/produkt\/fingerfarbe-mega-set-6-farben-x-110-ml\/#primaryimage"},"image":{"@id":"https:\/\/ses-creative.com\/de\/produkt\/fingerfarbe-mega-set-6-farben-x-110-ml\/#primaryimage"},"thumbnailUrl":"https:\/\/ses-creative.com\/wp-content\/uploads\/2026\/01\/003931.jpg","datePublished":"2026-02-05T13:52:02+00:00","dateModified":"2026-02-06T09:51:10+00:00","breadcrumb":{"@id":"https:\/\/ses-creative.com\/de\/produkt\/fingerfarbe-mega-set-6-farben-x-110-ml\/#breadcrumb"},"inLanguage":"de","potentialAction":[{"@type":"ReadAction","target":["https:\/\/ses-creative.com\/de\/produkt\/fingerfarbe-mega-set-6-farben-x-110-ml\/"]}]},{"@type":"ImageObject","inLanguage":"de","@id":"https:\/\/ses-creative.com\/de\/produkt\/fingerfarbe-mega-set-6-farben-x-110-ml\/#primaryimage","url":"https:\/\/ses-creative.com\/wp-content\/uploads\/2026\/01\/003931.jpg","contentUrl":"https:\/\/ses-creative.com\/wp-content\/uploads\/2026\/01\/003931.jpg","width":1000,"height":1000},{"@type":"BreadcrumbList","@id":"https:\/\/ses-creative.com\/de\/produkt\/fingerfarbe-mega-set-6-farben-x-110-ml\/#breadcrumb","itemListElement":[{"@type":"ListItem","position":1,"name":"Shop","item":"https:\/\/ses-creative.com\/de\/shop\/"},{"@type":"ListItem","position":2,"name":"Basteln","item":"https:\/\/ses-creative.com\/de\/product-categorie\/basteln\/"},{"@type":"ListItem","position":3,"name":"Fingerfarbe Mega-Set 6 Farben x 110 mL"}]},{"@type":"WebSite","@id":"https:\/\/ses-creative.com\/#website","url":"https:\/\/ses-creative.com\/","name":"SES Creative","description":"","publisher":{"@id":"https:\/\/ses-creative.com\/#organization"},"potentialAction":[{"@type":"SearchAction","target":{"@type":"EntryPoint","urlTemplate":"https:\/\/ses-creative.com\/?s={search_term_string}"},"query-input":{"@type":"PropertyValueSpecification","valueRequired":true,"valueName":"search_term_string"}}],"inLanguage":"de"},{"@type":"Organization","@id":"https:\/\/ses-creative.com\/#organization","name":"SES Creative","url":"https:\/\/ses-creative.com\/","logo":{"@type":"ImageObject","inLanguage":"de","@id":"https:\/\/ses-creative.com\/#\/schema\/logo\/image\/","url":"https:\/\/ses-creative.com\/wp-content\/uploads\/2025\/10\/ses-creative-logo.jpg","contentUrl":"https:\/\/ses-creative.com\/wp-content\/uploads\/2025\/10\/ses-creative-logo.jpg","width":2037,"height":2037,"caption":"SES Creative"},"image":{"@id":"https:\/\/ses-creative.com\/#\/schema\/logo\/image\/"}}]}},"_links":{"self":[{"href":"https:\/\/ses-creative.com\/de\/wp-json\/wp\/v2\/product\/114358","targetHints":{"allow":["GET"]}}],"collection":[{"href":"https:\/\/ses-creative.com\/de\/wp-json\/wp\/v2\/product"}],"about":[{"href":"https:\/\/ses-creative.com\/de\/wp-json\/wp\/v2\/types\/product"}],"replies":[{"embeddable":true,"href":"https:\/\/ses-creative.com\/de\/wp-json\/wp\/v2\/comments?post=114358"}],"wp:featuredmedia":[{"embeddable":true,"href":"https:\/\/ses-creative.com\/de\/wp-json\/wp\/v2\/media\/96788"}],"wp:attachment":[{"href":"https:\/\/ses-creative.com\/de\/wp-json\/wp\/v2\/media?parent=114358"}],"wp:term":[{"taxonomy":"product_brand","embeddable":true,"href":"https:\/\/ses-creative.com\/de\/wp-json\/wp\/v2\/product_brand?post=114358"},{"taxonomy":"product_cat","embeddable":true,"href":"https:\/\/ses-creative.com\/de\/wp-json\/wp\/v2\/product_cat?post=114358"},{"taxonomy":"product_tag","embeddable":true,"href":"https:\/\/ses-creative.com\/de\/wp-json\/wp\/v2\/product_tag?post=114358"}],"curies":[{"name":"wp","href":"https:\/\/api.w.org\/{rel}","templated":true}]}}