











{"id":114356,"date":"2026-02-05T13:52:01","date_gmt":"2026-02-05T13:52:01","guid":{"rendered":"https:\/\/ses-creative.com\/?post_type=product&#038;p=114356"},"modified":"2026-02-06T09:51:10","modified_gmt":"2026-02-06T09:51:10","slug":"fingerfarbe-4-grundfarben-x-110-ml","status":"publish","type":"product","link":"https:\/\/ses-creative.com\/de\/produkt\/fingerfarbe-4-grundfarben-x-110-ml\/","title":{"rendered":"Fingerfarbe 4 Grundfarben x 110 ml"},"content":{"rendered":"<p>Entdecken Sie die Welt der Farben mit Fingerfarben in 4 Grundfarben!<br \/>\nMit diesem Fingerfarben-Set von SES Creative k\u00f6nnen kleine Kinder ihrer Kreativit\u00e4t freien Lauf lassen. Das Set enth\u00e4lt vier T\u00f6pfe Fingerfarben in den Grundfarben Gelb, Blau, Rot und Gr\u00fcn. Diese leuchtenden Farben sind perfekt, um die ersten Schritte in die Welt der Farben und Kreativit\u00e4t zu machen. Die Fingerfarben f\u00fcr Kinder sind leicht abwaschbar und sicher in der Anwendung.<br \/>\nWas dieses Set so toll macht<br \/>\n&#8211;    Geeignet f\u00fcr kleine Kinder<br \/>\n&#8211;    Die Fingerfarben lassen sich gut auswaschen, sowohl von Kleidung als auch von der Haut<br \/>\n&#8211;    Leuchtende Grundfarben f\u00fcr auff\u00e4llige Kreationen<br \/>\n&#8211;    F\u00f6rdert Kreativit\u00e4t und Feinmotorik<br \/>\n&#8211;    Geeignet f\u00fcr Kinder ab 2 Jahren<br \/>\nEntdecke dein erstes Farbabenteuer<br \/>\nDieses Set ist ideal f\u00fcr Eltern, die ihren kleinen Kindern eine kreative und lehrreiche Aktivit\u00e4t bieten m\u00f6chten. Es bietet eine sichere und unterhaltsame M\u00f6glichkeit zum Spielen und Lernen und f\u00f6rdert gleichzeitig die Fantasie und Feinmotorik Ihres Kindes. Die Fingerfarben sind einfach zu verwenden und eignen sich daher ideal f\u00fcr erste kreative Experimente. Eine gro\u00dfartige M\u00f6glichkeit, Farben und Malen kennenzulernen, kreativ zu sein und die Feinmotorik zu entwickeln.<br \/>\nInhalt des Sets<br \/>\n&#8211;    4 verschiedene Farben Fingerfarben in 110-ml-T\u00f6pfen<br \/>\n&#8211;    In den Farben Gelb, Blau, Rot und Gr\u00fcn<br \/>\nWarum SES Creative w\u00e4hlen?<br \/>\nBei SES Creative legen wir gro\u00dfen Wert auf Sicherheit. Deshalb werden die Produkte in der Fabrik in den Niederlanden nach den strengsten europ\u00e4ischen Sicherheitsnormen hergestellt und getestet. Spielzeug von SES Creative sorgt f\u00fcr Spa\u00df und ist darauf ausgerichtet, dass Kinder stolz auf ihre Arbeit sein k\u00f6nnen, was ihre Kreativit\u00e4t und Entwicklung f\u00f6rdert.<br \/>\nBeginnen Sie noch heute mit der Erkundung von Farben<br \/>\nEntdecken Sie den Spa\u00df am Fingermalen und schaffen Sie mit diesem Set in Grundfarben die sch\u00f6nsten Kunstwerke. Perfekt f\u00fcr stundenlangen kreativen Spielspa\u00df!<\/p>\n","protected":false},"excerpt":{"rendered":"<p>Entdecken Sie die Welt der Farben mit Fingerfarben in 4 Grundfarben! Mit diesem Fingerfarben-Set von SES Creative k\u00f6nnen kleine Kinder ihrer Kreativit\u00e4t freien Lauf lassen. Das Set enth\u00e4lt vier T\u00f6pfe Fingerfarben in den Grundfarben Gelb, Blau, Rot und Gr\u00fcn. Diese leuchtenden Farben sind perfekt, um die ersten Schritte in die Welt der Farben und Kreativit\u00e4t [&hellip;]<\/p>\n","protected":false},"featured_media":96748,"comment_status":"closed","ping_status":"closed","template":"","meta":{"_acf_changed":false},"product_brand":[],"product_cat":[115],"product_tag":[],"class_list":{"0":"post-114356","1":"product","2":"type-product","3":"status-publish","4":"has-post-thumbnail","6":"product_cat-basteln","7":"pa_leeftijd-filter-0-2-jahre","8":"pa_meest-populair-bij-jungen-maedchen","10":"first","11":"instock","12":"shipping-taxable","13":"product-type-simple"},"acf":[],"yoast_head":"<!-- This site is optimized with the Yoast SEO plugin v27.2 - https:\/\/yoast.com\/product\/yoast-seo-wordpress\/ -->\n<title>Fingerfarbe 4 Grundfarben x 110 ml - SES Creative<\/title>\n<meta name=\"robots\" content=\"index, follow, max-snippet:-1, max-image-preview:large, max-video-preview:-1\" \/>\n<link rel=\"canonical\" href=\"https:\/\/ses-creative.com\/de\/produkt\/fingerfarbe-4-grundfarben-x-110-ml\/\" \/>\n<meta property=\"og:locale\" content=\"de_DE\" \/>\n<meta property=\"og:type\" content=\"article\" \/>\n<meta property=\"og:title\" content=\"Fingerfarbe 4 Grundfarben x 110 ml - SES Creative\" \/>\n<meta property=\"og:description\" content=\"Entdecken Sie die Welt der Farben mit Fingerfarben in 4 Grundfarben! Mit diesem Fingerfarben-Set von SES Creative k\u00f6nnen kleine Kinder ihrer Kreativit\u00e4t freien Lauf lassen. Das Set enth\u00e4lt vier T\u00f6pfe Fingerfarben in den Grundfarben Gelb, Blau, Rot und Gr\u00fcn. Diese leuchtenden Farben sind perfekt, um die ersten Schritte in die Welt der Farben und Kreativit\u00e4t [&hellip;]\" \/>\n<meta property=\"og:url\" content=\"https:\/\/ses-creative.com\/de\/produkt\/fingerfarbe-4-grundfarben-x-110-ml\/\" \/>\n<meta property=\"og:site_name\" content=\"SES Creative\" \/>\n<meta property=\"article:modified_time\" content=\"2026-02-06T09:51:10+00:00\" \/>\n<meta name=\"twitter:card\" content=\"summary_large_image\" \/>\n<meta name=\"twitter:label1\" content=\"Gesch\u00e4tzte Lesezeit\" \/>\n\t<meta name=\"twitter:data1\" content=\"2\u00a0Minuten\" \/>\n<script type=\"application\/ld+json\" class=\"yoast-schema-graph\">{\"@context\":\"https:\/\/schema.org\",\"@graph\":[{\"@type\":\"WebPage\",\"@id\":\"https:\/\/ses-creative.com\/de\/produkt\/fingerfarbe-4-grundfarben-x-110-ml\/\",\"url\":\"https:\/\/ses-creative.com\/de\/produkt\/fingerfarbe-4-grundfarben-x-110-ml\/\",\"name\":\"Fingerfarbe 4 Grundfarben x 110 ml - SES Creative\",\"isPartOf\":{\"@id\":\"https:\/\/ses-creative.com\/#website\"},\"primaryImageOfPage\":{\"@id\":\"https:\/\/ses-creative.com\/de\/produkt\/fingerfarbe-4-grundfarben-x-110-ml\/#primaryimage\"},\"image\":{\"@id\":\"https:\/\/ses-creative.com\/de\/produkt\/fingerfarbe-4-grundfarben-x-110-ml\/#primaryimage\"},\"thumbnailUrl\":\"https:\/\/ses-creative.com\/wp-content\/uploads\/2026\/01\/003911.jpg\",\"datePublished\":\"2026-02-05T13:52:01+00:00\",\"dateModified\":\"2026-02-06T09:51:10+00:00\",\"breadcrumb\":{\"@id\":\"https:\/\/ses-creative.com\/de\/produkt\/fingerfarbe-4-grundfarben-x-110-ml\/#breadcrumb\"},\"inLanguage\":\"de\",\"potentialAction\":[{\"@type\":\"ReadAction\",\"target\":[\"https:\/\/ses-creative.com\/de\/produkt\/fingerfarbe-4-grundfarben-x-110-ml\/\"]}]},{\"@type\":\"ImageObject\",\"inLanguage\":\"de\",\"@id\":\"https:\/\/ses-creative.com\/de\/produkt\/fingerfarbe-4-grundfarben-x-110-ml\/#primaryimage\",\"url\":\"https:\/\/ses-creative.com\/wp-content\/uploads\/2026\/01\/003911.jpg\",\"contentUrl\":\"https:\/\/ses-creative.com\/wp-content\/uploads\/2026\/01\/003911.jpg\",\"width\":1000,\"height\":1000},{\"@type\":\"BreadcrumbList\",\"@id\":\"https:\/\/ses-creative.com\/de\/produkt\/fingerfarbe-4-grundfarben-x-110-ml\/#breadcrumb\",\"itemListElement\":[{\"@type\":\"ListItem\",\"position\":1,\"name\":\"Shop\",\"item\":\"https:\/\/ses-creative.com\/de\/shop\/\"},{\"@type\":\"ListItem\",\"position\":2,\"name\":\"Basteln\",\"item\":\"https:\/\/ses-creative.com\/de\/product-categorie\/basteln\/\"},{\"@type\":\"ListItem\",\"position\":3,\"name\":\"Fingerfarbe 4 Grundfarben x 110 ml\"}]},{\"@type\":\"WebSite\",\"@id\":\"https:\/\/ses-creative.com\/#website\",\"url\":\"https:\/\/ses-creative.com\/\",\"name\":\"SES Creative\",\"description\":\"\",\"publisher\":{\"@id\":\"https:\/\/ses-creative.com\/#organization\"},\"potentialAction\":[{\"@type\":\"SearchAction\",\"target\":{\"@type\":\"EntryPoint\",\"urlTemplate\":\"https:\/\/ses-creative.com\/?s={search_term_string}\"},\"query-input\":{\"@type\":\"PropertyValueSpecification\",\"valueRequired\":true,\"valueName\":\"search_term_string\"}}],\"inLanguage\":\"de\"},{\"@type\":\"Organization\",\"@id\":\"https:\/\/ses-creative.com\/#organization\",\"name\":\"SES Creative\",\"url\":\"https:\/\/ses-creative.com\/\",\"logo\":{\"@type\":\"ImageObject\",\"inLanguage\":\"de\",\"@id\":\"https:\/\/ses-creative.com\/#\/schema\/logo\/image\/\",\"url\":\"https:\/\/ses-creative.com\/wp-content\/uploads\/2025\/10\/ses-creative-logo.jpg\",\"contentUrl\":\"https:\/\/ses-creative.com\/wp-content\/uploads\/2025\/10\/ses-creative-logo.jpg\",\"width\":2037,\"height\":2037,\"caption\":\"SES Creative\"},\"image\":{\"@id\":\"https:\/\/ses-creative.com\/#\/schema\/logo\/image\/\"}}]}<\/script>\n<!-- \/ Yoast SEO plugin. -->","yoast_head_json":{"title":"Fingerfarbe 4 Grundfarben x 110 ml - SES Creative","robots":{"index":"index","follow":"follow","max-snippet":"max-snippet:-1","max-image-preview":"max-image-preview:large","max-video-preview":"max-video-preview:-1"},"canonical":"https:\/\/ses-creative.com\/de\/produkt\/fingerfarbe-4-grundfarben-x-110-ml\/","og_locale":"de_DE","og_type":"article","og_title":"Fingerfarbe 4 Grundfarben x 110 ml - SES Creative","og_description":"Entdecken Sie die Welt der Farben mit Fingerfarben in 4 Grundfarben! Mit diesem Fingerfarben-Set von SES Creative k\u00f6nnen kleine Kinder ihrer Kreativit\u00e4t freien Lauf lassen. Das Set enth\u00e4lt vier T\u00f6pfe Fingerfarben in den Grundfarben Gelb, Blau, Rot und Gr\u00fcn. Diese leuchtenden Farben sind perfekt, um die ersten Schritte in die Welt der Farben und Kreativit\u00e4t [&hellip;]","og_url":"https:\/\/ses-creative.com\/de\/produkt\/fingerfarbe-4-grundfarben-x-110-ml\/","og_site_name":"SES Creative","article_modified_time":"2026-02-06T09:51:10+00:00","twitter_card":"summary_large_image","twitter_misc":{"Gesch\u00e4tzte Lesezeit":"2\u00a0Minuten"},"schema":{"@context":"https:\/\/schema.org","@graph":[{"@type":"WebPage","@id":"https:\/\/ses-creative.com\/de\/produkt\/fingerfarbe-4-grundfarben-x-110-ml\/","url":"https:\/\/ses-creative.com\/de\/produkt\/fingerfarbe-4-grundfarben-x-110-ml\/","name":"Fingerfarbe 4 Grundfarben x 110 ml - SES Creative","isPartOf":{"@id":"https:\/\/ses-creative.com\/#website"},"primaryImageOfPage":{"@id":"https:\/\/ses-creative.com\/de\/produkt\/fingerfarbe-4-grundfarben-x-110-ml\/#primaryimage"},"image":{"@id":"https:\/\/ses-creative.com\/de\/produkt\/fingerfarbe-4-grundfarben-x-110-ml\/#primaryimage"},"thumbnailUrl":"https:\/\/ses-creative.com\/wp-content\/uploads\/2026\/01\/003911.jpg","datePublished":"2026-02-05T13:52:01+00:00","dateModified":"2026-02-06T09:51:10+00:00","breadcrumb":{"@id":"https:\/\/ses-creative.com\/de\/produkt\/fingerfarbe-4-grundfarben-x-110-ml\/#breadcrumb"},"inLanguage":"de","potentialAction":[{"@type":"ReadAction","target":["https:\/\/ses-creative.com\/de\/produkt\/fingerfarbe-4-grundfarben-x-110-ml\/"]}]},{"@type":"ImageObject","inLanguage":"de","@id":"https:\/\/ses-creative.com\/de\/produkt\/fingerfarbe-4-grundfarben-x-110-ml\/#primaryimage","url":"https:\/\/ses-creative.com\/wp-content\/uploads\/2026\/01\/003911.jpg","contentUrl":"https:\/\/ses-creative.com\/wp-content\/uploads\/2026\/01\/003911.jpg","width":1000,"height":1000},{"@type":"BreadcrumbList","@id":"https:\/\/ses-creative.com\/de\/produkt\/fingerfarbe-4-grundfarben-x-110-ml\/#breadcrumb","itemListElement":[{"@type":"ListItem","position":1,"name":"Shop","item":"https:\/\/ses-creative.com\/de\/shop\/"},{"@type":"ListItem","position":2,"name":"Basteln","item":"https:\/\/ses-creative.com\/de\/product-categorie\/basteln\/"},{"@type":"ListItem","position":3,"name":"Fingerfarbe 4 Grundfarben x 110 ml"}]},{"@type":"WebSite","@id":"https:\/\/ses-creative.com\/#website","url":"https:\/\/ses-creative.com\/","name":"SES Creative","description":"","publisher":{"@id":"https:\/\/ses-creative.com\/#organization"},"potentialAction":[{"@type":"SearchAction","target":{"@type":"EntryPoint","urlTemplate":"https:\/\/ses-creative.com\/?s={search_term_string}"},"query-input":{"@type":"PropertyValueSpecification","valueRequired":true,"valueName":"search_term_string"}}],"inLanguage":"de"},{"@type":"Organization","@id":"https:\/\/ses-creative.com\/#organization","name":"SES Creative","url":"https:\/\/ses-creative.com\/","logo":{"@type":"ImageObject","inLanguage":"de","@id":"https:\/\/ses-creative.com\/#\/schema\/logo\/image\/","url":"https:\/\/ses-creative.com\/wp-content\/uploads\/2025\/10\/ses-creative-logo.jpg","contentUrl":"https:\/\/ses-creative.com\/wp-content\/uploads\/2025\/10\/ses-creative-logo.jpg","width":2037,"height":2037,"caption":"SES Creative"},"image":{"@id":"https:\/\/ses-creative.com\/#\/schema\/logo\/image\/"}}]}},"_links":{"self":[{"href":"https:\/\/ses-creative.com\/de\/wp-json\/wp\/v2\/product\/114356","targetHints":{"allow":["GET"]}}],"collection":[{"href":"https:\/\/ses-creative.com\/de\/wp-json\/wp\/v2\/product"}],"about":[{"href":"https:\/\/ses-creative.com\/de\/wp-json\/wp\/v2\/types\/product"}],"replies":[{"embeddable":true,"href":"https:\/\/ses-creative.com\/de\/wp-json\/wp\/v2\/comments?post=114356"}],"wp:featuredmedia":[{"embeddable":true,"href":"https:\/\/ses-creative.com\/de\/wp-json\/wp\/v2\/media\/96748"}],"wp:attachment":[{"href":"https:\/\/ses-creative.com\/de\/wp-json\/wp\/v2\/media?parent=114356"}],"wp:term":[{"taxonomy":"product_brand","embeddable":true,"href":"https:\/\/ses-creative.com\/de\/wp-json\/wp\/v2\/product_brand?post=114356"},{"taxonomy":"product_cat","embeddable":true,"href":"https:\/\/ses-creative.com\/de\/wp-json\/wp\/v2\/product_cat?post=114356"},{"taxonomy":"product_tag","embeddable":true,"href":"https:\/\/ses-creative.com\/de\/wp-json\/wp\/v2\/product_tag?post=114356"}],"curies":[{"name":"wp","href":"https:\/\/api.w.org\/{rel}","templated":true}]}}