











{"id":114355,"date":"2026-02-05T13:52:01","date_gmt":"2026-02-05T13:52:01","guid":{"rendered":"https:\/\/ses-creative.com\/?post_type=product&#038;p=114355"},"modified":"2026-02-06T09:51:10","modified_gmt":"2026-02-06T09:51:10","slug":"pinselset-3-stueck","status":"publish","type":"product","link":"https:\/\/ses-creative.com\/de\/produkt\/pinselset-3-stueck\/","title":{"rendered":"Pinselset 3 St\u00fcck"},"content":{"rendered":"<p>Schaffen Sie wundersch\u00f6ne Kunstwerke mit diesem Pinselset<br \/>\nMit den Pinseln von SES Creative wird Malen zum wahren Vergn\u00fcgen. Ob Sie nun ein gro\u00dfes Kunstwerk schaffen oder kleine Details hinzuf\u00fcgen m\u00f6chten, mit diesem Set aus drei verschiedenen Pinseln haben Sie immer das richtige Werkzeug zur Hand. Lassen Sie Ihrer Kreativit\u00e4t freien Lauf und schaffen Sie die sch\u00f6nsten Gem\u00e4lde!<br \/>\nWas dieses Set so gro\u00dfartig macht<br \/>\n&#8211;    Drei Pinsel mit unterschiedlichen St\u00e4rken<br \/>\n&#8211;    Geeignet f\u00fcr alle Arten von Farben<br \/>\n&#8211;    Ideal f\u00fcr gro\u00dfe Fl\u00e4chen und feine Details<br \/>\n&#8211;    Leicht zu reinigen<br \/>\n&#8211;    Perfekt f\u00fcr junge K\u00fcnstler ab 3 Jahren<br \/>\nDas perfekte Set f\u00fcr jeden jungen K\u00fcnstler<br \/>\nMit diesem Pinselset k\u00f6nnen Kinder ihre Malf\u00e4higkeiten entwickeln und mit verschiedenen Techniken experimentieren. Ob sie nun gro\u00dfe Pinselstriche machen oder sich auf feine Details konzentrieren m\u00f6chten, dieses Set bietet alles, was sie brauchen, um ihre Kreationen zum Leben zu erwecken.<br \/>\nInhalt des Sets<br \/>\n3 Pinsel in verschiedenen St\u00e4rken<br \/>\nWarum SES Creative w\u00e4hlen?<br \/>\nBei SES Creative legen wir gro\u00dfen Wert auf Sicherheit. Deshalb werden die Produkte in der Fabrik in den Niederlanden nach den strengsten europ\u00e4ischen Sicherheitsstandards hergestellt und getestet. Spielzeug von SES Creative sorgt f\u00fcr Spa\u00df und soll Kindern erm\u00f6glichen, stolz auf ihre Arbeit zu sein, was ihre Kreativit\u00e4t und Entwicklung f\u00f6rdert.<br \/>\nLegen Sie los und malen Sie Ihr eigenes Meisterwerk<br \/>\nNimm deine Farben, w\u00e4hle den richtigen Pinsel und beginne mit deinem n\u00e4chsten Kunstprojekt. Mit diesem Pinselset von SES Creative sind dir stundenlanger Malspa\u00df garantiert!<\/p>\n","protected":false},"excerpt":{"rendered":"<p>Schaffen Sie wundersch\u00f6ne Kunstwerke mit diesem Pinselset Mit den Pinseln von SES Creative wird Malen zum wahren Vergn\u00fcgen. Ob Sie nun ein gro\u00dfes Kunstwerk schaffen oder kleine Details hinzuf\u00fcgen m\u00f6chten, mit diesem Set aus drei verschiedenen Pinseln haben Sie immer das richtige Werkzeug zur Hand. Lassen Sie Ihrer Kreativit\u00e4t freien Lauf und schaffen Sie die [&hellip;]<\/p>\n","protected":false},"featured_media":96728,"comment_status":"closed","ping_status":"closed","template":"","meta":{"_acf_changed":false},"product_brand":[],"product_cat":[115],"product_tag":[],"class_list":{"0":"post-114355","1":"product","2":"type-product","3":"status-publish","4":"has-post-thumbnail","6":"product_cat-basteln","7":"pa_leeftijd-filter-3-4-jahre","8":"pa_meest-populair-bij-jungen-maedchen","10":"first","11":"instock","12":"shipping-taxable","13":"product-type-simple"},"acf":[],"yoast_head":"<!-- This site is optimized with the Yoast SEO plugin v27.2 - https:\/\/yoast.com\/product\/yoast-seo-wordpress\/ -->\n<title>Pinselset 3 St\u00fcck - SES Creative<\/title>\n<meta name=\"robots\" content=\"index, follow, max-snippet:-1, max-image-preview:large, max-video-preview:-1\" \/>\n<link rel=\"canonical\" href=\"https:\/\/ses-creative.com\/de\/produkt\/pinselset-3-stueck\/\" \/>\n<meta property=\"og:locale\" content=\"de_DE\" \/>\n<meta property=\"og:type\" content=\"article\" \/>\n<meta property=\"og:title\" content=\"Pinselset 3 St\u00fcck - SES Creative\" \/>\n<meta property=\"og:description\" content=\"Schaffen Sie wundersch\u00f6ne Kunstwerke mit diesem Pinselset Mit den Pinseln von SES Creative wird Malen zum wahren Vergn\u00fcgen. Ob Sie nun ein gro\u00dfes Kunstwerk schaffen oder kleine Details hinzuf\u00fcgen m\u00f6chten, mit diesem Set aus drei verschiedenen Pinseln haben Sie immer das richtige Werkzeug zur Hand. Lassen Sie Ihrer Kreativit\u00e4t freien Lauf und schaffen Sie die [&hellip;]\" \/>\n<meta property=\"og:url\" content=\"https:\/\/ses-creative.com\/de\/produkt\/pinselset-3-stueck\/\" \/>\n<meta property=\"og:site_name\" content=\"SES Creative\" \/>\n<meta property=\"article:modified_time\" content=\"2026-02-06T09:51:10+00:00\" \/>\n<meta name=\"twitter:card\" content=\"summary_large_image\" \/>\n<meta name=\"twitter:label1\" content=\"Gesch\u00e4tzte Lesezeit\" \/>\n\t<meta name=\"twitter:data1\" content=\"1\u00a0Minute\" \/>\n<script type=\"application\/ld+json\" class=\"yoast-schema-graph\">{\"@context\":\"https:\/\/schema.org\",\"@graph\":[{\"@type\":\"WebPage\",\"@id\":\"https:\/\/ses-creative.com\/de\/produkt\/pinselset-3-stueck\/\",\"url\":\"https:\/\/ses-creative.com\/de\/produkt\/pinselset-3-stueck\/\",\"name\":\"Pinselset 3 St\u00fcck - SES Creative\",\"isPartOf\":{\"@id\":\"https:\/\/ses-creative.com\/#website\"},\"primaryImageOfPage\":{\"@id\":\"https:\/\/ses-creative.com\/de\/produkt\/pinselset-3-stueck\/#primaryimage\"},\"image\":{\"@id\":\"https:\/\/ses-creative.com\/de\/produkt\/pinselset-3-stueck\/#primaryimage\"},\"thumbnailUrl\":\"https:\/\/ses-creative.com\/wp-content\/uploads\/2026\/01\/003901.jpg\",\"datePublished\":\"2026-02-05T13:52:01+00:00\",\"dateModified\":\"2026-02-06T09:51:10+00:00\",\"breadcrumb\":{\"@id\":\"https:\/\/ses-creative.com\/de\/produkt\/pinselset-3-stueck\/#breadcrumb\"},\"inLanguage\":\"de\",\"potentialAction\":[{\"@type\":\"ReadAction\",\"target\":[\"https:\/\/ses-creative.com\/de\/produkt\/pinselset-3-stueck\/\"]}]},{\"@type\":\"ImageObject\",\"inLanguage\":\"de\",\"@id\":\"https:\/\/ses-creative.com\/de\/produkt\/pinselset-3-stueck\/#primaryimage\",\"url\":\"https:\/\/ses-creative.com\/wp-content\/uploads\/2026\/01\/003901.jpg\",\"contentUrl\":\"https:\/\/ses-creative.com\/wp-content\/uploads\/2026\/01\/003901.jpg\",\"width\":1000,\"height\":1000},{\"@type\":\"BreadcrumbList\",\"@id\":\"https:\/\/ses-creative.com\/de\/produkt\/pinselset-3-stueck\/#breadcrumb\",\"itemListElement\":[{\"@type\":\"ListItem\",\"position\":1,\"name\":\"Shop\",\"item\":\"https:\/\/ses-creative.com\/de\/shop\/\"},{\"@type\":\"ListItem\",\"position\":2,\"name\":\"Basteln\",\"item\":\"https:\/\/ses-creative.com\/de\/product-categorie\/basteln\/\"},{\"@type\":\"ListItem\",\"position\":3,\"name\":\"Pinselset 3 St\u00fcck\"}]},{\"@type\":\"WebSite\",\"@id\":\"https:\/\/ses-creative.com\/#website\",\"url\":\"https:\/\/ses-creative.com\/\",\"name\":\"SES Creative\",\"description\":\"\",\"publisher\":{\"@id\":\"https:\/\/ses-creative.com\/#organization\"},\"potentialAction\":[{\"@type\":\"SearchAction\",\"target\":{\"@type\":\"EntryPoint\",\"urlTemplate\":\"https:\/\/ses-creative.com\/?s={search_term_string}\"},\"query-input\":{\"@type\":\"PropertyValueSpecification\",\"valueRequired\":true,\"valueName\":\"search_term_string\"}}],\"inLanguage\":\"de\"},{\"@type\":\"Organization\",\"@id\":\"https:\/\/ses-creative.com\/#organization\",\"name\":\"SES Creative\",\"url\":\"https:\/\/ses-creative.com\/\",\"logo\":{\"@type\":\"ImageObject\",\"inLanguage\":\"de\",\"@id\":\"https:\/\/ses-creative.com\/#\/schema\/logo\/image\/\",\"url\":\"https:\/\/ses-creative.com\/wp-content\/uploads\/2025\/10\/ses-creative-logo.jpg\",\"contentUrl\":\"https:\/\/ses-creative.com\/wp-content\/uploads\/2025\/10\/ses-creative-logo.jpg\",\"width\":2037,\"height\":2037,\"caption\":\"SES Creative\"},\"image\":{\"@id\":\"https:\/\/ses-creative.com\/#\/schema\/logo\/image\/\"}}]}<\/script>\n<!-- \/ Yoast SEO plugin. -->","yoast_head_json":{"title":"Pinselset 3 St\u00fcck - SES Creative","robots":{"index":"index","follow":"follow","max-snippet":"max-snippet:-1","max-image-preview":"max-image-preview:large","max-video-preview":"max-video-preview:-1"},"canonical":"https:\/\/ses-creative.com\/de\/produkt\/pinselset-3-stueck\/","og_locale":"de_DE","og_type":"article","og_title":"Pinselset 3 St\u00fcck - SES Creative","og_description":"Schaffen Sie wundersch\u00f6ne Kunstwerke mit diesem Pinselset Mit den Pinseln von SES Creative wird Malen zum wahren Vergn\u00fcgen. Ob Sie nun ein gro\u00dfes Kunstwerk schaffen oder kleine Details hinzuf\u00fcgen m\u00f6chten, mit diesem Set aus drei verschiedenen Pinseln haben Sie immer das richtige Werkzeug zur Hand. Lassen Sie Ihrer Kreativit\u00e4t freien Lauf und schaffen Sie die [&hellip;]","og_url":"https:\/\/ses-creative.com\/de\/produkt\/pinselset-3-stueck\/","og_site_name":"SES Creative","article_modified_time":"2026-02-06T09:51:10+00:00","twitter_card":"summary_large_image","twitter_misc":{"Gesch\u00e4tzte Lesezeit":"1\u00a0Minute"},"schema":{"@context":"https:\/\/schema.org","@graph":[{"@type":"WebPage","@id":"https:\/\/ses-creative.com\/de\/produkt\/pinselset-3-stueck\/","url":"https:\/\/ses-creative.com\/de\/produkt\/pinselset-3-stueck\/","name":"Pinselset 3 St\u00fcck - SES Creative","isPartOf":{"@id":"https:\/\/ses-creative.com\/#website"},"primaryImageOfPage":{"@id":"https:\/\/ses-creative.com\/de\/produkt\/pinselset-3-stueck\/#primaryimage"},"image":{"@id":"https:\/\/ses-creative.com\/de\/produkt\/pinselset-3-stueck\/#primaryimage"},"thumbnailUrl":"https:\/\/ses-creative.com\/wp-content\/uploads\/2026\/01\/003901.jpg","datePublished":"2026-02-05T13:52:01+00:00","dateModified":"2026-02-06T09:51:10+00:00","breadcrumb":{"@id":"https:\/\/ses-creative.com\/de\/produkt\/pinselset-3-stueck\/#breadcrumb"},"inLanguage":"de","potentialAction":[{"@type":"ReadAction","target":["https:\/\/ses-creative.com\/de\/produkt\/pinselset-3-stueck\/"]}]},{"@type":"ImageObject","inLanguage":"de","@id":"https:\/\/ses-creative.com\/de\/produkt\/pinselset-3-stueck\/#primaryimage","url":"https:\/\/ses-creative.com\/wp-content\/uploads\/2026\/01\/003901.jpg","contentUrl":"https:\/\/ses-creative.com\/wp-content\/uploads\/2026\/01\/003901.jpg","width":1000,"height":1000},{"@type":"BreadcrumbList","@id":"https:\/\/ses-creative.com\/de\/produkt\/pinselset-3-stueck\/#breadcrumb","itemListElement":[{"@type":"ListItem","position":1,"name":"Shop","item":"https:\/\/ses-creative.com\/de\/shop\/"},{"@type":"ListItem","position":2,"name":"Basteln","item":"https:\/\/ses-creative.com\/de\/product-categorie\/basteln\/"},{"@type":"ListItem","position":3,"name":"Pinselset 3 St\u00fcck"}]},{"@type":"WebSite","@id":"https:\/\/ses-creative.com\/#website","url":"https:\/\/ses-creative.com\/","name":"SES Creative","description":"","publisher":{"@id":"https:\/\/ses-creative.com\/#organization"},"potentialAction":[{"@type":"SearchAction","target":{"@type":"EntryPoint","urlTemplate":"https:\/\/ses-creative.com\/?s={search_term_string}"},"query-input":{"@type":"PropertyValueSpecification","valueRequired":true,"valueName":"search_term_string"}}],"inLanguage":"de"},{"@type":"Organization","@id":"https:\/\/ses-creative.com\/#organization","name":"SES Creative","url":"https:\/\/ses-creative.com\/","logo":{"@type":"ImageObject","inLanguage":"de","@id":"https:\/\/ses-creative.com\/#\/schema\/logo\/image\/","url":"https:\/\/ses-creative.com\/wp-content\/uploads\/2025\/10\/ses-creative-logo.jpg","contentUrl":"https:\/\/ses-creative.com\/wp-content\/uploads\/2025\/10\/ses-creative-logo.jpg","width":2037,"height":2037,"caption":"SES Creative"},"image":{"@id":"https:\/\/ses-creative.com\/#\/schema\/logo\/image\/"}}]}},"_links":{"self":[{"href":"https:\/\/ses-creative.com\/de\/wp-json\/wp\/v2\/product\/114355","targetHints":{"allow":["GET"]}}],"collection":[{"href":"https:\/\/ses-creative.com\/de\/wp-json\/wp\/v2\/product"}],"about":[{"href":"https:\/\/ses-creative.com\/de\/wp-json\/wp\/v2\/types\/product"}],"replies":[{"embeddable":true,"href":"https:\/\/ses-creative.com\/de\/wp-json\/wp\/v2\/comments?post=114355"}],"wp:featuredmedia":[{"embeddable":true,"href":"https:\/\/ses-creative.com\/de\/wp-json\/wp\/v2\/media\/96728"}],"wp:attachment":[{"href":"https:\/\/ses-creative.com\/de\/wp-json\/wp\/v2\/media?parent=114355"}],"wp:term":[{"taxonomy":"product_brand","embeddable":true,"href":"https:\/\/ses-creative.com\/de\/wp-json\/wp\/v2\/product_brand?post=114355"},{"taxonomy":"product_cat","embeddable":true,"href":"https:\/\/ses-creative.com\/de\/wp-json\/wp\/v2\/product_cat?post=114355"},{"taxonomy":"product_tag","embeddable":true,"href":"https:\/\/ses-creative.com\/de\/wp-json\/wp\/v2\/product_tag?post=114355"}],"curies":[{"name":"wp","href":"https:\/\/api.w.org\/{rel}","templated":true}]}}