











{"id":114354,"date":"2026-02-05T13:52:01","date_gmt":"2026-02-05T13:52:01","guid":{"rendered":"https:\/\/ses-creative.com\/?post_type=product&#038;p=114354"},"modified":"2026-02-06T09:51:10","modified_gmt":"2026-02-06T09:51:10","slug":"plakatfarbe-glitzer-6x45ml","status":"publish","type":"product","link":"https:\/\/ses-creative.com\/de\/produkt\/plakatfarbe-glitzer-6x45ml\/","title":{"rendered":"Plakatfarbe Glitzer (6x45ml)"},"content":{"rendered":"<p>Bringen Sie die Fantasie Ihres Kindes zum Leuchten mit dem SES Creative Glitzermalset. Das Set wurde f\u00fcr angehende K\u00fcnstler ab 3 Jahren entwickelt und enth\u00e4lt 6 Dosen \u00e0 45 ml, die mit leuchtenden Farben gef\u00fcllt sind: Pink, Lila, Gelb, Rot, Gr\u00fcn und Blau. Diese Farben sind ideal f\u00fcr glitzernde Kreationen auf Postern, Dekorationen oder Bastelprojekten. Die gl\u00e4nzende Textur f\u00e4ngt das Licht ein und verleiht den Kunstwerken der Kinder einen magischen Touch. Diese abwaschbare Kindermalfarbe ist einfach zu verwenden und zu reinigen, textilfreundlich und f\u00fcr kleine H\u00e4nde geeignet. Sie f\u00f6rdert die Kreativit\u00e4t und die Motorik und macht Spa\u00df. Kinder k\u00f6nnen frei mit Mischungen experimentieren, ihren k\u00fcnstlerischen Ausdruck entwickeln und den Umgang mit Farbe spielerisch und sinnlich erlernen. Dieses kreative Malset ist eine tolle k\u00fcnstlerische Geschenkidee f\u00fcr Kinder, die gerne malen, dekorieren und mit lustigen Texturen und buntem Glitzer kreativ sind. Ein umfassendes kreatives Hobby, das jede Malstunde in einen spielerischen, magischen und erf\u00fcllenden Moment verwandelt &#8211; allein oder in Begleitung eines Elternteils.<\/p>\n","protected":false},"excerpt":{"rendered":"<p>Bringen Sie die Fantasie Ihres Kindes zum Leuchten mit dem SES Creative Glitzermalset. Das Set wurde f\u00fcr angehende K\u00fcnstler ab 3 Jahren entwickelt und enth\u00e4lt 6 Dosen \u00e0 45 ml, die mit leuchtenden Farben gef\u00fcllt sind: Pink, Lila, Gelb, Rot, Gr\u00fcn und Blau. Diese Farben sind ideal f\u00fcr glitzernde Kreationen auf Postern, Dekorationen oder Bastelprojekten. [&hellip;]<\/p>\n","protected":false},"featured_media":96708,"comment_status":"closed","ping_status":"closed","template":"","meta":{"_acf_changed":false},"product_brand":[],"product_cat":[115],"product_tag":[],"class_list":{"0":"post-114354","1":"product","2":"type-product","3":"status-publish","4":"has-post-thumbnail","6":"product_cat-basteln","7":"pa_leeftijd-filter-3-4-jahre","8":"pa_meest-populair-bij-jungen-maedchen","10":"first","11":"instock","12":"shipping-taxable","13":"product-type-simple"},"acf":[],"yoast_head":"<!-- This site is optimized with the Yoast SEO plugin v27.2 - https:\/\/yoast.com\/product\/yoast-seo-wordpress\/ -->\n<title>Plakatfarbe Glitzer (6x45ml) - SES Creative<\/title>\n<meta name=\"robots\" content=\"index, follow, max-snippet:-1, max-image-preview:large, max-video-preview:-1\" \/>\n<link rel=\"canonical\" href=\"https:\/\/ses-creative.com\/de\/produkt\/plakatfarbe-glitzer-6x45ml\/\" \/>\n<meta property=\"og:locale\" content=\"de_DE\" \/>\n<meta property=\"og:type\" content=\"article\" \/>\n<meta property=\"og:title\" content=\"Plakatfarbe Glitzer (6x45ml) - SES Creative\" \/>\n<meta property=\"og:description\" content=\"Bringen Sie die Fantasie Ihres Kindes zum Leuchten mit dem SES Creative Glitzermalset. Das Set wurde f\u00fcr angehende K\u00fcnstler ab 3 Jahren entwickelt und enth\u00e4lt 6 Dosen \u00e0 45 ml, die mit leuchtenden Farben gef\u00fcllt sind: Pink, Lila, Gelb, Rot, Gr\u00fcn und Blau. Diese Farben sind ideal f\u00fcr glitzernde Kreationen auf Postern, Dekorationen oder Bastelprojekten. [&hellip;]\" \/>\n<meta property=\"og:url\" content=\"https:\/\/ses-creative.com\/de\/produkt\/plakatfarbe-glitzer-6x45ml\/\" \/>\n<meta property=\"og:site_name\" content=\"SES Creative\" \/>\n<meta property=\"article:modified_time\" content=\"2026-02-06T09:51:10+00:00\" \/>\n<meta name=\"twitter:card\" content=\"summary_large_image\" \/>\n<meta name=\"twitter:label1\" content=\"Gesch\u00e4tzte Lesezeit\" \/>\n\t<meta name=\"twitter:data1\" content=\"1\u00a0Minute\" \/>\n<script type=\"application\/ld+json\" class=\"yoast-schema-graph\">{\"@context\":\"https:\/\/schema.org\",\"@graph\":[{\"@type\":\"WebPage\",\"@id\":\"https:\/\/ses-creative.com\/de\/produkt\/plakatfarbe-glitzer-6x45ml\/\",\"url\":\"https:\/\/ses-creative.com\/de\/produkt\/plakatfarbe-glitzer-6x45ml\/\",\"name\":\"Plakatfarbe Glitzer (6x45ml) - SES Creative\",\"isPartOf\":{\"@id\":\"https:\/\/ses-creative.com\/#website\"},\"primaryImageOfPage\":{\"@id\":\"https:\/\/ses-creative.com\/de\/produkt\/plakatfarbe-glitzer-6x45ml\/#primaryimage\"},\"image\":{\"@id\":\"https:\/\/ses-creative.com\/de\/produkt\/plakatfarbe-glitzer-6x45ml\/#primaryimage\"},\"thumbnailUrl\":\"https:\/\/ses-creative.com\/wp-content\/uploads\/2026\/01\/003841.jpg\",\"datePublished\":\"2026-02-05T13:52:01+00:00\",\"dateModified\":\"2026-02-06T09:51:10+00:00\",\"breadcrumb\":{\"@id\":\"https:\/\/ses-creative.com\/de\/produkt\/plakatfarbe-glitzer-6x45ml\/#breadcrumb\"},\"inLanguage\":\"de\",\"potentialAction\":[{\"@type\":\"ReadAction\",\"target\":[\"https:\/\/ses-creative.com\/de\/produkt\/plakatfarbe-glitzer-6x45ml\/\"]}]},{\"@type\":\"ImageObject\",\"inLanguage\":\"de\",\"@id\":\"https:\/\/ses-creative.com\/de\/produkt\/plakatfarbe-glitzer-6x45ml\/#primaryimage\",\"url\":\"https:\/\/ses-creative.com\/wp-content\/uploads\/2026\/01\/003841.jpg\",\"contentUrl\":\"https:\/\/ses-creative.com\/wp-content\/uploads\/2026\/01\/003841.jpg\",\"width\":1000,\"height\":1000},{\"@type\":\"BreadcrumbList\",\"@id\":\"https:\/\/ses-creative.com\/de\/produkt\/plakatfarbe-glitzer-6x45ml\/#breadcrumb\",\"itemListElement\":[{\"@type\":\"ListItem\",\"position\":1,\"name\":\"Shop\",\"item\":\"https:\/\/ses-creative.com\/de\/shop\/\"},{\"@type\":\"ListItem\",\"position\":2,\"name\":\"Basteln\",\"item\":\"https:\/\/ses-creative.com\/de\/product-categorie\/basteln\/\"},{\"@type\":\"ListItem\",\"position\":3,\"name\":\"Plakatfarbe Glitzer (6x45ml)\"}]},{\"@type\":\"WebSite\",\"@id\":\"https:\/\/ses-creative.com\/#website\",\"url\":\"https:\/\/ses-creative.com\/\",\"name\":\"SES Creative\",\"description\":\"\",\"publisher\":{\"@id\":\"https:\/\/ses-creative.com\/#organization\"},\"potentialAction\":[{\"@type\":\"SearchAction\",\"target\":{\"@type\":\"EntryPoint\",\"urlTemplate\":\"https:\/\/ses-creative.com\/?s={search_term_string}\"},\"query-input\":{\"@type\":\"PropertyValueSpecification\",\"valueRequired\":true,\"valueName\":\"search_term_string\"}}],\"inLanguage\":\"de\"},{\"@type\":\"Organization\",\"@id\":\"https:\/\/ses-creative.com\/#organization\",\"name\":\"SES Creative\",\"url\":\"https:\/\/ses-creative.com\/\",\"logo\":{\"@type\":\"ImageObject\",\"inLanguage\":\"de\",\"@id\":\"https:\/\/ses-creative.com\/#\/schema\/logo\/image\/\",\"url\":\"https:\/\/ses-creative.com\/wp-content\/uploads\/2025\/10\/ses-creative-logo.jpg\",\"contentUrl\":\"https:\/\/ses-creative.com\/wp-content\/uploads\/2025\/10\/ses-creative-logo.jpg\",\"width\":2037,\"height\":2037,\"caption\":\"SES Creative\"},\"image\":{\"@id\":\"https:\/\/ses-creative.com\/#\/schema\/logo\/image\/\"}}]}<\/script>\n<!-- \/ Yoast SEO plugin. -->","yoast_head_json":{"title":"Plakatfarbe Glitzer (6x45ml) - SES Creative","robots":{"index":"index","follow":"follow","max-snippet":"max-snippet:-1","max-image-preview":"max-image-preview:large","max-video-preview":"max-video-preview:-1"},"canonical":"https:\/\/ses-creative.com\/de\/produkt\/plakatfarbe-glitzer-6x45ml\/","og_locale":"de_DE","og_type":"article","og_title":"Plakatfarbe Glitzer (6x45ml) - SES Creative","og_description":"Bringen Sie die Fantasie Ihres Kindes zum Leuchten mit dem SES Creative Glitzermalset. Das Set wurde f\u00fcr angehende K\u00fcnstler ab 3 Jahren entwickelt und enth\u00e4lt 6 Dosen \u00e0 45 ml, die mit leuchtenden Farben gef\u00fcllt sind: Pink, Lila, Gelb, Rot, Gr\u00fcn und Blau. Diese Farben sind ideal f\u00fcr glitzernde Kreationen auf Postern, Dekorationen oder Bastelprojekten. [&hellip;]","og_url":"https:\/\/ses-creative.com\/de\/produkt\/plakatfarbe-glitzer-6x45ml\/","og_site_name":"SES Creative","article_modified_time":"2026-02-06T09:51:10+00:00","twitter_card":"summary_large_image","twitter_misc":{"Gesch\u00e4tzte Lesezeit":"1\u00a0Minute"},"schema":{"@context":"https:\/\/schema.org","@graph":[{"@type":"WebPage","@id":"https:\/\/ses-creative.com\/de\/produkt\/plakatfarbe-glitzer-6x45ml\/","url":"https:\/\/ses-creative.com\/de\/produkt\/plakatfarbe-glitzer-6x45ml\/","name":"Plakatfarbe Glitzer (6x45ml) - SES Creative","isPartOf":{"@id":"https:\/\/ses-creative.com\/#website"},"primaryImageOfPage":{"@id":"https:\/\/ses-creative.com\/de\/produkt\/plakatfarbe-glitzer-6x45ml\/#primaryimage"},"image":{"@id":"https:\/\/ses-creative.com\/de\/produkt\/plakatfarbe-glitzer-6x45ml\/#primaryimage"},"thumbnailUrl":"https:\/\/ses-creative.com\/wp-content\/uploads\/2026\/01\/003841.jpg","datePublished":"2026-02-05T13:52:01+00:00","dateModified":"2026-02-06T09:51:10+00:00","breadcrumb":{"@id":"https:\/\/ses-creative.com\/de\/produkt\/plakatfarbe-glitzer-6x45ml\/#breadcrumb"},"inLanguage":"de","potentialAction":[{"@type":"ReadAction","target":["https:\/\/ses-creative.com\/de\/produkt\/plakatfarbe-glitzer-6x45ml\/"]}]},{"@type":"ImageObject","inLanguage":"de","@id":"https:\/\/ses-creative.com\/de\/produkt\/plakatfarbe-glitzer-6x45ml\/#primaryimage","url":"https:\/\/ses-creative.com\/wp-content\/uploads\/2026\/01\/003841.jpg","contentUrl":"https:\/\/ses-creative.com\/wp-content\/uploads\/2026\/01\/003841.jpg","width":1000,"height":1000},{"@type":"BreadcrumbList","@id":"https:\/\/ses-creative.com\/de\/produkt\/plakatfarbe-glitzer-6x45ml\/#breadcrumb","itemListElement":[{"@type":"ListItem","position":1,"name":"Shop","item":"https:\/\/ses-creative.com\/de\/shop\/"},{"@type":"ListItem","position":2,"name":"Basteln","item":"https:\/\/ses-creative.com\/de\/product-categorie\/basteln\/"},{"@type":"ListItem","position":3,"name":"Plakatfarbe Glitzer (6x45ml)"}]},{"@type":"WebSite","@id":"https:\/\/ses-creative.com\/#website","url":"https:\/\/ses-creative.com\/","name":"SES Creative","description":"","publisher":{"@id":"https:\/\/ses-creative.com\/#organization"},"potentialAction":[{"@type":"SearchAction","target":{"@type":"EntryPoint","urlTemplate":"https:\/\/ses-creative.com\/?s={search_term_string}"},"query-input":{"@type":"PropertyValueSpecification","valueRequired":true,"valueName":"search_term_string"}}],"inLanguage":"de"},{"@type":"Organization","@id":"https:\/\/ses-creative.com\/#organization","name":"SES Creative","url":"https:\/\/ses-creative.com\/","logo":{"@type":"ImageObject","inLanguage":"de","@id":"https:\/\/ses-creative.com\/#\/schema\/logo\/image\/","url":"https:\/\/ses-creative.com\/wp-content\/uploads\/2025\/10\/ses-creative-logo.jpg","contentUrl":"https:\/\/ses-creative.com\/wp-content\/uploads\/2025\/10\/ses-creative-logo.jpg","width":2037,"height":2037,"caption":"SES Creative"},"image":{"@id":"https:\/\/ses-creative.com\/#\/schema\/logo\/image\/"}}]}},"_links":{"self":[{"href":"https:\/\/ses-creative.com\/de\/wp-json\/wp\/v2\/product\/114354","targetHints":{"allow":["GET"]}}],"collection":[{"href":"https:\/\/ses-creative.com\/de\/wp-json\/wp\/v2\/product"}],"about":[{"href":"https:\/\/ses-creative.com\/de\/wp-json\/wp\/v2\/types\/product"}],"replies":[{"embeddable":true,"href":"https:\/\/ses-creative.com\/de\/wp-json\/wp\/v2\/comments?post=114354"}],"wp:featuredmedia":[{"embeddable":true,"href":"https:\/\/ses-creative.com\/de\/wp-json\/wp\/v2\/media\/96708"}],"wp:attachment":[{"href":"https:\/\/ses-creative.com\/de\/wp-json\/wp\/v2\/media?parent=114354"}],"wp:term":[{"taxonomy":"product_brand","embeddable":true,"href":"https:\/\/ses-creative.com\/de\/wp-json\/wp\/v2\/product_brand?post=114354"},{"taxonomy":"product_cat","embeddable":true,"href":"https:\/\/ses-creative.com\/de\/wp-json\/wp\/v2\/product_cat?post=114354"},{"taxonomy":"product_tag","embeddable":true,"href":"https:\/\/ses-creative.com\/de\/wp-json\/wp\/v2\/product_tag?post=114354"}],"curies":[{"name":"wp","href":"https:\/\/api.w.org\/{rel}","templated":true}]}}