











{"id":114353,"date":"2026-02-05T13:52:01","date_gmt":"2026-02-05T13:52:01","guid":{"rendered":"https:\/\/ses-creative.com\/?post_type=product&#038;p=114353"},"modified":"2026-02-06T09:51:10","modified_gmt":"2026-02-06T09:51:10","slug":"plakatfarbe-trendy-6x45ml","status":"publish","type":"product","link":"https:\/\/ses-creative.com\/de\/produkt\/plakatfarbe-trendy-6x45ml\/","title":{"rendered":"Plakatfarbe Trendy (6x45ml)"},"content":{"rendered":"<p>Erwecke deine Kunstwerke mit trendiger Plakatfarbe zum Leben!<br \/>\nMit diesem Set trendiger Bastelfarben von SES Creative kannst du deiner Kreativit\u00e4t freien Lauf lassen. Die Hobbyfarben sind bekannt f\u00fcr ihre leuchtenden Farben und ihre hervorragende Deckkraft, die f\u00fcr wundersch\u00f6ne Kunstwerke mit professionellem Aussehen sorgen. Ideal f\u00fcr Kinder, die gerne malen und ihre Kreationen mit den sch\u00f6nsten Farben zum Leben erwecken m\u00f6chten!<br \/>\nEinzigartige Eigenschaften:<br \/>\n&#8211;    Leuchtende Farben f\u00fcr lebendige Kunstwerke<br \/>\n&#8211;    Gutes Finish mit zus\u00e4tzlicher Deckkraft<br \/>\n&#8211;    Perfekt f\u00fcr verschiedene Maltechniken<br \/>\n&#8211;    Leicht zu mischen f\u00fcr noch mehr Farben<br \/>\n&#8211;    Geeignet f\u00fcr Kinder ab 3 Jahren<br \/>\nEntdecken Sie die Freude am Malen mit trendigen Farben<br \/>\nMit diesen Plakatfarben k\u00f6nnen Kinder ihre Kunstwerke mit den trendigsten Farben zum Leben erwecken. Die Farben lassen sich leicht auftragen und bieten eine hervorragende Deckkraft, was f\u00fcr ein professionell aussehendes Ergebnis sorgt. Dieses Set ist ideal f\u00fcr Eltern, die ihren Kindern eine kreative und spielerische Aktivit\u00e4t erm\u00f6glichen m\u00f6chten. Es bietet eine gro\u00dfartige M\u00f6glichkeit, mit Farben und Techniken zu experimentieren und gleichzeitig die k\u00fcnstlerische Entwicklung Ihres Kindes zu f\u00f6rdern.<br \/>\nPackungsinhalt:<br \/>\n&#8211;    6 verschiedene trendige Farben Plakatfarben in 45-ml-Beh\u00e4ltern<br \/>\n&#8211;    In den Farben Lila, Hellgr\u00fcn, Gelb, Hellblau, Rosa und Orange<br \/>\nWarum SES Creative w\u00e4hlen?<br \/>\nBei SES Creative legen wir gro\u00dfen Wert auf Sicherheit. Deshalb werden die Produkte in unserem Werk in den Niederlanden nach den strengsten europ\u00e4ischen Sicherheitsstandards hergestellt und getestet. Spielzeug von SES Creative sorgt f\u00fcr Spa\u00df und soll Kindern ein Gef\u00fchl des Stolzes auf ihre Arbeit vermitteln, was ihre Kreativit\u00e4t und Entwicklung f\u00f6rdert.<br \/>\nBeginnen Sie noch heute mit dem Malen<br \/>\nEntdecken Sie mit diesem trendigen Plakatfarben-Set den Spa\u00df am Malen und schaffen Sie die sch\u00f6nsten Kunstwerke. Perfekt f\u00fcr stundenlangen kreativen Spielspa\u00df!<\/p>\n","protected":false},"excerpt":{"rendered":"<p>Erwecke deine Kunstwerke mit trendiger Plakatfarbe zum Leben! Mit diesem Set trendiger Bastelfarben von SES Creative kannst du deiner Kreativit\u00e4t freien Lauf lassen. Die Hobbyfarben sind bekannt f\u00fcr ihre leuchtenden Farben und ihre hervorragende Deckkraft, die f\u00fcr wundersch\u00f6ne Kunstwerke mit professionellem Aussehen sorgen. Ideal f\u00fcr Kinder, die gerne malen und ihre Kreationen mit den sch\u00f6nsten [&hellip;]<\/p>\n","protected":false},"featured_media":96672,"comment_status":"closed","ping_status":"closed","template":"","meta":{"_acf_changed":false},"product_brand":[],"product_cat":[115],"product_tag":[],"class_list":{"0":"post-114353","1":"product","2":"type-product","3":"status-publish","4":"has-post-thumbnail","6":"product_cat-basteln","7":"pa_leeftijd-filter-3-4-jahre","8":"pa_meest-populair-bij-jungen-maedchen","10":"first","11":"instock","12":"shipping-taxable","13":"product-type-simple"},"acf":[],"yoast_head":"<!-- This site is optimized with the Yoast SEO plugin v27.2 - https:\/\/yoast.com\/product\/yoast-seo-wordpress\/ -->\n<title>Plakatfarbe Trendy (6x45ml) - SES Creative<\/title>\n<meta name=\"robots\" content=\"index, follow, max-snippet:-1, max-image-preview:large, max-video-preview:-1\" \/>\n<link rel=\"canonical\" href=\"https:\/\/ses-creative.com\/de\/produkt\/plakatfarbe-trendy-6x45ml\/\" \/>\n<meta property=\"og:locale\" content=\"de_DE\" \/>\n<meta property=\"og:type\" content=\"article\" \/>\n<meta property=\"og:title\" content=\"Plakatfarbe Trendy (6x45ml) - SES Creative\" \/>\n<meta property=\"og:description\" content=\"Erwecke deine Kunstwerke mit trendiger Plakatfarbe zum Leben! Mit diesem Set trendiger Bastelfarben von SES Creative kannst du deiner Kreativit\u00e4t freien Lauf lassen. Die Hobbyfarben sind bekannt f\u00fcr ihre leuchtenden Farben und ihre hervorragende Deckkraft, die f\u00fcr wundersch\u00f6ne Kunstwerke mit professionellem Aussehen sorgen. Ideal f\u00fcr Kinder, die gerne malen und ihre Kreationen mit den sch\u00f6nsten [&hellip;]\" \/>\n<meta property=\"og:url\" content=\"https:\/\/ses-creative.com\/de\/produkt\/plakatfarbe-trendy-6x45ml\/\" \/>\n<meta property=\"og:site_name\" content=\"SES Creative\" \/>\n<meta property=\"article:modified_time\" content=\"2026-02-06T09:51:10+00:00\" \/>\n<meta name=\"twitter:card\" content=\"summary_large_image\" \/>\n<meta name=\"twitter:label1\" content=\"Gesch\u00e4tzte Lesezeit\" \/>\n\t<meta name=\"twitter:data1\" content=\"2\u00a0Minuten\" \/>\n<script type=\"application\/ld+json\" class=\"yoast-schema-graph\">{\"@context\":\"https:\/\/schema.org\",\"@graph\":[{\"@type\":\"WebPage\",\"@id\":\"https:\/\/ses-creative.com\/de\/produkt\/plakatfarbe-trendy-6x45ml\/\",\"url\":\"https:\/\/ses-creative.com\/de\/produkt\/plakatfarbe-trendy-6x45ml\/\",\"name\":\"Plakatfarbe Trendy (6x45ml) - SES Creative\",\"isPartOf\":{\"@id\":\"https:\/\/ses-creative.com\/#website\"},\"primaryImageOfPage\":{\"@id\":\"https:\/\/ses-creative.com\/de\/produkt\/plakatfarbe-trendy-6x45ml\/#primaryimage\"},\"image\":{\"@id\":\"https:\/\/ses-creative.com\/de\/produkt\/plakatfarbe-trendy-6x45ml\/#primaryimage\"},\"thumbnailUrl\":\"https:\/\/ses-creative.com\/wp-content\/uploads\/2026\/01\/003821.jpg\",\"datePublished\":\"2026-02-05T13:52:01+00:00\",\"dateModified\":\"2026-02-06T09:51:10+00:00\",\"breadcrumb\":{\"@id\":\"https:\/\/ses-creative.com\/de\/produkt\/plakatfarbe-trendy-6x45ml\/#breadcrumb\"},\"inLanguage\":\"de\",\"potentialAction\":[{\"@type\":\"ReadAction\",\"target\":[\"https:\/\/ses-creative.com\/de\/produkt\/plakatfarbe-trendy-6x45ml\/\"]}]},{\"@type\":\"ImageObject\",\"inLanguage\":\"de\",\"@id\":\"https:\/\/ses-creative.com\/de\/produkt\/plakatfarbe-trendy-6x45ml\/#primaryimage\",\"url\":\"https:\/\/ses-creative.com\/wp-content\/uploads\/2026\/01\/003821.jpg\",\"contentUrl\":\"https:\/\/ses-creative.com\/wp-content\/uploads\/2026\/01\/003821.jpg\",\"width\":1000,\"height\":1000},{\"@type\":\"BreadcrumbList\",\"@id\":\"https:\/\/ses-creative.com\/de\/produkt\/plakatfarbe-trendy-6x45ml\/#breadcrumb\",\"itemListElement\":[{\"@type\":\"ListItem\",\"position\":1,\"name\":\"Shop\",\"item\":\"https:\/\/ses-creative.com\/de\/shop\/\"},{\"@type\":\"ListItem\",\"position\":2,\"name\":\"Basteln\",\"item\":\"https:\/\/ses-creative.com\/de\/product-categorie\/basteln\/\"},{\"@type\":\"ListItem\",\"position\":3,\"name\":\"Plakatfarbe Trendy (6x45ml)\"}]},{\"@type\":\"WebSite\",\"@id\":\"https:\/\/ses-creative.com\/#website\",\"url\":\"https:\/\/ses-creative.com\/\",\"name\":\"SES Creative\",\"description\":\"\",\"publisher\":{\"@id\":\"https:\/\/ses-creative.com\/#organization\"},\"potentialAction\":[{\"@type\":\"SearchAction\",\"target\":{\"@type\":\"EntryPoint\",\"urlTemplate\":\"https:\/\/ses-creative.com\/?s={search_term_string}\"},\"query-input\":{\"@type\":\"PropertyValueSpecification\",\"valueRequired\":true,\"valueName\":\"search_term_string\"}}],\"inLanguage\":\"de\"},{\"@type\":\"Organization\",\"@id\":\"https:\/\/ses-creative.com\/#organization\",\"name\":\"SES Creative\",\"url\":\"https:\/\/ses-creative.com\/\",\"logo\":{\"@type\":\"ImageObject\",\"inLanguage\":\"de\",\"@id\":\"https:\/\/ses-creative.com\/#\/schema\/logo\/image\/\",\"url\":\"https:\/\/ses-creative.com\/wp-content\/uploads\/2025\/10\/ses-creative-logo.jpg\",\"contentUrl\":\"https:\/\/ses-creative.com\/wp-content\/uploads\/2025\/10\/ses-creative-logo.jpg\",\"width\":2037,\"height\":2037,\"caption\":\"SES Creative\"},\"image\":{\"@id\":\"https:\/\/ses-creative.com\/#\/schema\/logo\/image\/\"}}]}<\/script>\n<!-- \/ Yoast SEO plugin. -->","yoast_head_json":{"title":"Plakatfarbe Trendy (6x45ml) - SES Creative","robots":{"index":"index","follow":"follow","max-snippet":"max-snippet:-1","max-image-preview":"max-image-preview:large","max-video-preview":"max-video-preview:-1"},"canonical":"https:\/\/ses-creative.com\/de\/produkt\/plakatfarbe-trendy-6x45ml\/","og_locale":"de_DE","og_type":"article","og_title":"Plakatfarbe Trendy (6x45ml) - SES Creative","og_description":"Erwecke deine Kunstwerke mit trendiger Plakatfarbe zum Leben! Mit diesem Set trendiger Bastelfarben von SES Creative kannst du deiner Kreativit\u00e4t freien Lauf lassen. Die Hobbyfarben sind bekannt f\u00fcr ihre leuchtenden Farben und ihre hervorragende Deckkraft, die f\u00fcr wundersch\u00f6ne Kunstwerke mit professionellem Aussehen sorgen. Ideal f\u00fcr Kinder, die gerne malen und ihre Kreationen mit den sch\u00f6nsten [&hellip;]","og_url":"https:\/\/ses-creative.com\/de\/produkt\/plakatfarbe-trendy-6x45ml\/","og_site_name":"SES Creative","article_modified_time":"2026-02-06T09:51:10+00:00","twitter_card":"summary_large_image","twitter_misc":{"Gesch\u00e4tzte Lesezeit":"2\u00a0Minuten"},"schema":{"@context":"https:\/\/schema.org","@graph":[{"@type":"WebPage","@id":"https:\/\/ses-creative.com\/de\/produkt\/plakatfarbe-trendy-6x45ml\/","url":"https:\/\/ses-creative.com\/de\/produkt\/plakatfarbe-trendy-6x45ml\/","name":"Plakatfarbe Trendy (6x45ml) - SES Creative","isPartOf":{"@id":"https:\/\/ses-creative.com\/#website"},"primaryImageOfPage":{"@id":"https:\/\/ses-creative.com\/de\/produkt\/plakatfarbe-trendy-6x45ml\/#primaryimage"},"image":{"@id":"https:\/\/ses-creative.com\/de\/produkt\/plakatfarbe-trendy-6x45ml\/#primaryimage"},"thumbnailUrl":"https:\/\/ses-creative.com\/wp-content\/uploads\/2026\/01\/003821.jpg","datePublished":"2026-02-05T13:52:01+00:00","dateModified":"2026-02-06T09:51:10+00:00","breadcrumb":{"@id":"https:\/\/ses-creative.com\/de\/produkt\/plakatfarbe-trendy-6x45ml\/#breadcrumb"},"inLanguage":"de","potentialAction":[{"@type":"ReadAction","target":["https:\/\/ses-creative.com\/de\/produkt\/plakatfarbe-trendy-6x45ml\/"]}]},{"@type":"ImageObject","inLanguage":"de","@id":"https:\/\/ses-creative.com\/de\/produkt\/plakatfarbe-trendy-6x45ml\/#primaryimage","url":"https:\/\/ses-creative.com\/wp-content\/uploads\/2026\/01\/003821.jpg","contentUrl":"https:\/\/ses-creative.com\/wp-content\/uploads\/2026\/01\/003821.jpg","width":1000,"height":1000},{"@type":"BreadcrumbList","@id":"https:\/\/ses-creative.com\/de\/produkt\/plakatfarbe-trendy-6x45ml\/#breadcrumb","itemListElement":[{"@type":"ListItem","position":1,"name":"Shop","item":"https:\/\/ses-creative.com\/de\/shop\/"},{"@type":"ListItem","position":2,"name":"Basteln","item":"https:\/\/ses-creative.com\/de\/product-categorie\/basteln\/"},{"@type":"ListItem","position":3,"name":"Plakatfarbe Trendy (6x45ml)"}]},{"@type":"WebSite","@id":"https:\/\/ses-creative.com\/#website","url":"https:\/\/ses-creative.com\/","name":"SES Creative","description":"","publisher":{"@id":"https:\/\/ses-creative.com\/#organization"},"potentialAction":[{"@type":"SearchAction","target":{"@type":"EntryPoint","urlTemplate":"https:\/\/ses-creative.com\/?s={search_term_string}"},"query-input":{"@type":"PropertyValueSpecification","valueRequired":true,"valueName":"search_term_string"}}],"inLanguage":"de"},{"@type":"Organization","@id":"https:\/\/ses-creative.com\/#organization","name":"SES Creative","url":"https:\/\/ses-creative.com\/","logo":{"@type":"ImageObject","inLanguage":"de","@id":"https:\/\/ses-creative.com\/#\/schema\/logo\/image\/","url":"https:\/\/ses-creative.com\/wp-content\/uploads\/2025\/10\/ses-creative-logo.jpg","contentUrl":"https:\/\/ses-creative.com\/wp-content\/uploads\/2025\/10\/ses-creative-logo.jpg","width":2037,"height":2037,"caption":"SES Creative"},"image":{"@id":"https:\/\/ses-creative.com\/#\/schema\/logo\/image\/"}}]}},"_links":{"self":[{"href":"https:\/\/ses-creative.com\/de\/wp-json\/wp\/v2\/product\/114353","targetHints":{"allow":["GET"]}}],"collection":[{"href":"https:\/\/ses-creative.com\/de\/wp-json\/wp\/v2\/product"}],"about":[{"href":"https:\/\/ses-creative.com\/de\/wp-json\/wp\/v2\/types\/product"}],"replies":[{"embeddable":true,"href":"https:\/\/ses-creative.com\/de\/wp-json\/wp\/v2\/comments?post=114353"}],"wp:featuredmedia":[{"embeddable":true,"href":"https:\/\/ses-creative.com\/de\/wp-json\/wp\/v2\/media\/96672"}],"wp:attachment":[{"href":"https:\/\/ses-creative.com\/de\/wp-json\/wp\/v2\/media?parent=114353"}],"wp:term":[{"taxonomy":"product_brand","embeddable":true,"href":"https:\/\/ses-creative.com\/de\/wp-json\/wp\/v2\/product_brand?post=114353"},{"taxonomy":"product_cat","embeddable":true,"href":"https:\/\/ses-creative.com\/de\/wp-json\/wp\/v2\/product_cat?post=114353"},{"taxonomy":"product_tag","embeddable":true,"href":"https:\/\/ses-creative.com\/de\/wp-json\/wp\/v2\/product_tag?post=114353"}],"curies":[{"name":"wp","href":"https:\/\/api.w.org\/{rel}","templated":true}]}}