











{"id":114352,"date":"2026-02-05T13:52:01","date_gmt":"2026-02-05T13:52:01","guid":{"rendered":"https:\/\/ses-creative.com\/?post_type=product&#038;p=114352"},"modified":"2026-02-06T09:51:10","modified_gmt":"2026-02-06T09:51:10","slug":"plakatfarbe-6x45ml","status":"publish","type":"product","link":"https:\/\/ses-creative.com\/de\/produkt\/plakatfarbe-6x45ml\/","title":{"rendered":"Plakatfarbe (6x45ml)"},"content":{"rendered":"<p>Schaffen Sie die sch\u00f6nsten Kunstwerke mit Plakatfarben!<br \/>\nDie Plakatfarben von SES Creative sind bekannt f\u00fcr ihre leuchtenden Farben und ihre hervorragende Deckkraft. Dieses Set enth\u00e4lt sechs T\u00f6pfe mit Hobbyfarben in verschiedenen Farben, mit denen Sie endlos malen k\u00f6nnen. Ob Sie nun ein Meisterwerk auf Papier schaffen oder ein Holzobjekt bemalen m\u00f6chten, mit diesen Bastelfarben gelingen Ihnen wundersch\u00f6ne Kreationen. Mit den 6 Grundfarben bist du f\u00fcr alle F\u00e4lle ger\u00fcstet. Perfekt f\u00fcr junge K\u00fcnstler, die gerne malen!<br \/>\nEinzigartige Eigenschaften:<br \/>\n&#8211;    Leuchtende Farben<br \/>\n&#8211;    Gute Verarbeitung und besonders deckende Farbe<br \/>\n&#8211;    F\u00f6rdert Kreativit\u00e4t und Feinmotorik<br \/>\n&#8211;    Geeignet f\u00fcr Kinder ab 3 Jahren<br \/>\n&#8211;    Die Plakatfarbe l\u00e4sst sich gut auswaschen, sowohl aus Kleidung als auch von der Haut<br \/>\nEntwerfen Sie Ihre eigenen farbenfrohen Kunstwerke<br \/>\nMit diesem Set k\u00f6nnen Kinder ihrer Kreativit\u00e4t freien Lauf lassen und die sch\u00f6nsten Bilder malen. Die Plakatfarbe l\u00e4sst sich leicht auftragen und sorgt f\u00fcr ein glattes und deckendes Finish. Eine gro\u00dfartige M\u00f6glichkeit, kreativ zu sein und stolz auf die eigenen Kunstwerke zu sein.<br \/>\nDieses Set ist ideal f\u00fcr Eltern, die ihren Kindern eine kreative und spielerische Besch\u00e4ftigung bieten m\u00f6chten. Es bietet eine unterhaltsame M\u00f6glichkeit zum Spielen und Lernen und f\u00f6rdert gleichzeitig die Fantasie und Feinmotorik Ihres Kindes.<br \/>\nInhalt der Verpackung:<br \/>\n&#8211;    6 verschiedene Farben Plakatfarbe in 45-ml-T\u00f6pfen<br \/>\n&#8211;    In den Farben Blau, Rot, Gr\u00fcn, Gelb, Wei\u00df und Schwarz<br \/>\nWarum SES Creative w\u00e4hlen?<br \/>\nBei SES Creative legen wir gro\u00dfen Wert auf Sicherheit. Deshalb werden die Produkte in unserem Werk in den Niederlanden nach den strengsten europ\u00e4ischen Sicherheitsnormen hergestellt und getestet. Spielzeug von SES Creative macht Spa\u00df und soll Kindern ein Gef\u00fchl des Stolzes auf ihre Arbeit vermitteln, was ihre Kreativit\u00e4t und Entwicklung f\u00f6rdert.<br \/>\nBeginnen Sie noch heute mit dem Malen sch\u00f6ner Bilder<br \/>\nEntdecken Sie die Freude am Malen und schaffen Sie mit diesem Plakatfarben-Set die sch\u00f6nsten Kunstwerke. Perfekt f\u00fcr stundenlangen kreativen Spielspa\u00df!<\/p>\n","protected":false},"excerpt":{"rendered":"<p>Schaffen Sie die sch\u00f6nsten Kunstwerke mit Plakatfarben! Die Plakatfarben von SES Creative sind bekannt f\u00fcr ihre leuchtenden Farben und ihre hervorragende Deckkraft. Dieses Set enth\u00e4lt sechs T\u00f6pfe mit Hobbyfarben in verschiedenen Farben, mit denen Sie endlos malen k\u00f6nnen. Ob Sie nun ein Meisterwerk auf Papier schaffen oder ein Holzobjekt bemalen m\u00f6chten, mit diesen Bastelfarben gelingen [&hellip;]<\/p>\n","protected":false},"featured_media":96632,"comment_status":"closed","ping_status":"closed","template":"","meta":{"_acf_changed":false},"product_brand":[],"product_cat":[115],"product_tag":[],"class_list":{"0":"post-114352","1":"product","2":"type-product","3":"status-publish","4":"has-post-thumbnail","6":"product_cat-basteln","7":"pa_leeftijd-filter-3-4-jahre","8":"pa_meest-populair-bij-jungen-maedchen","10":"first","11":"instock","12":"shipping-taxable","13":"product-type-simple"},"acf":[],"yoast_head":"<!-- This site is optimized with the Yoast SEO plugin v27.2 - https:\/\/yoast.com\/product\/yoast-seo-wordpress\/ -->\n<title>Plakatfarbe (6x45ml) - SES Creative<\/title>\n<meta name=\"robots\" content=\"index, follow, max-snippet:-1, max-image-preview:large, max-video-preview:-1\" \/>\n<link rel=\"canonical\" href=\"https:\/\/ses-creative.com\/de\/produkt\/plakatfarbe-6x45ml\/\" \/>\n<meta property=\"og:locale\" content=\"de_DE\" \/>\n<meta property=\"og:type\" content=\"article\" \/>\n<meta property=\"og:title\" content=\"Plakatfarbe (6x45ml) - SES Creative\" \/>\n<meta property=\"og:description\" content=\"Schaffen Sie die sch\u00f6nsten Kunstwerke mit Plakatfarben! Die Plakatfarben von SES Creative sind bekannt f\u00fcr ihre leuchtenden Farben und ihre hervorragende Deckkraft. Dieses Set enth\u00e4lt sechs T\u00f6pfe mit Hobbyfarben in verschiedenen Farben, mit denen Sie endlos malen k\u00f6nnen. Ob Sie nun ein Meisterwerk auf Papier schaffen oder ein Holzobjekt bemalen m\u00f6chten, mit diesen Bastelfarben gelingen [&hellip;]\" \/>\n<meta property=\"og:url\" content=\"https:\/\/ses-creative.com\/de\/produkt\/plakatfarbe-6x45ml\/\" \/>\n<meta property=\"og:site_name\" content=\"SES Creative\" \/>\n<meta property=\"article:modified_time\" content=\"2026-02-06T09:51:10+00:00\" \/>\n<meta name=\"twitter:card\" content=\"summary_large_image\" \/>\n<meta name=\"twitter:label1\" content=\"Gesch\u00e4tzte Lesezeit\" \/>\n\t<meta name=\"twitter:data1\" content=\"2\u00a0Minuten\" \/>\n<script type=\"application\/ld+json\" class=\"yoast-schema-graph\">{\"@context\":\"https:\/\/schema.org\",\"@graph\":[{\"@type\":\"WebPage\",\"@id\":\"https:\/\/ses-creative.com\/de\/produkt\/plakatfarbe-6x45ml\/\",\"url\":\"https:\/\/ses-creative.com\/de\/produkt\/plakatfarbe-6x45ml\/\",\"name\":\"Plakatfarbe (6x45ml) - SES Creative\",\"isPartOf\":{\"@id\":\"https:\/\/ses-creative.com\/#website\"},\"primaryImageOfPage\":{\"@id\":\"https:\/\/ses-creative.com\/de\/produkt\/plakatfarbe-6x45ml\/#primaryimage\"},\"image\":{\"@id\":\"https:\/\/ses-creative.com\/de\/produkt\/plakatfarbe-6x45ml\/#primaryimage\"},\"thumbnailUrl\":\"https:\/\/ses-creative.com\/wp-content\/uploads\/2026\/01\/003811.jpg\",\"datePublished\":\"2026-02-05T13:52:01+00:00\",\"dateModified\":\"2026-02-06T09:51:10+00:00\",\"breadcrumb\":{\"@id\":\"https:\/\/ses-creative.com\/de\/produkt\/plakatfarbe-6x45ml\/#breadcrumb\"},\"inLanguage\":\"de\",\"potentialAction\":[{\"@type\":\"ReadAction\",\"target\":[\"https:\/\/ses-creative.com\/de\/produkt\/plakatfarbe-6x45ml\/\"]}]},{\"@type\":\"ImageObject\",\"inLanguage\":\"de\",\"@id\":\"https:\/\/ses-creative.com\/de\/produkt\/plakatfarbe-6x45ml\/#primaryimage\",\"url\":\"https:\/\/ses-creative.com\/wp-content\/uploads\/2026\/01\/003811.jpg\",\"contentUrl\":\"https:\/\/ses-creative.com\/wp-content\/uploads\/2026\/01\/003811.jpg\",\"width\":1000,\"height\":1000},{\"@type\":\"BreadcrumbList\",\"@id\":\"https:\/\/ses-creative.com\/de\/produkt\/plakatfarbe-6x45ml\/#breadcrumb\",\"itemListElement\":[{\"@type\":\"ListItem\",\"position\":1,\"name\":\"Shop\",\"item\":\"https:\/\/ses-creative.com\/de\/shop\/\"},{\"@type\":\"ListItem\",\"position\":2,\"name\":\"Basteln\",\"item\":\"https:\/\/ses-creative.com\/de\/product-categorie\/basteln\/\"},{\"@type\":\"ListItem\",\"position\":3,\"name\":\"Plakatfarbe (6x45ml)\"}]},{\"@type\":\"WebSite\",\"@id\":\"https:\/\/ses-creative.com\/#website\",\"url\":\"https:\/\/ses-creative.com\/\",\"name\":\"SES Creative\",\"description\":\"\",\"publisher\":{\"@id\":\"https:\/\/ses-creative.com\/#organization\"},\"potentialAction\":[{\"@type\":\"SearchAction\",\"target\":{\"@type\":\"EntryPoint\",\"urlTemplate\":\"https:\/\/ses-creative.com\/?s={search_term_string}\"},\"query-input\":{\"@type\":\"PropertyValueSpecification\",\"valueRequired\":true,\"valueName\":\"search_term_string\"}}],\"inLanguage\":\"de\"},{\"@type\":\"Organization\",\"@id\":\"https:\/\/ses-creative.com\/#organization\",\"name\":\"SES Creative\",\"url\":\"https:\/\/ses-creative.com\/\",\"logo\":{\"@type\":\"ImageObject\",\"inLanguage\":\"de\",\"@id\":\"https:\/\/ses-creative.com\/#\/schema\/logo\/image\/\",\"url\":\"https:\/\/ses-creative.com\/wp-content\/uploads\/2025\/10\/ses-creative-logo.jpg\",\"contentUrl\":\"https:\/\/ses-creative.com\/wp-content\/uploads\/2025\/10\/ses-creative-logo.jpg\",\"width\":2037,\"height\":2037,\"caption\":\"SES Creative\"},\"image\":{\"@id\":\"https:\/\/ses-creative.com\/#\/schema\/logo\/image\/\"}}]}<\/script>\n<!-- \/ Yoast SEO plugin. -->","yoast_head_json":{"title":"Plakatfarbe (6x45ml) - SES Creative","robots":{"index":"index","follow":"follow","max-snippet":"max-snippet:-1","max-image-preview":"max-image-preview:large","max-video-preview":"max-video-preview:-1"},"canonical":"https:\/\/ses-creative.com\/de\/produkt\/plakatfarbe-6x45ml\/","og_locale":"de_DE","og_type":"article","og_title":"Plakatfarbe (6x45ml) - SES Creative","og_description":"Schaffen Sie die sch\u00f6nsten Kunstwerke mit Plakatfarben! Die Plakatfarben von SES Creative sind bekannt f\u00fcr ihre leuchtenden Farben und ihre hervorragende Deckkraft. Dieses Set enth\u00e4lt sechs T\u00f6pfe mit Hobbyfarben in verschiedenen Farben, mit denen Sie endlos malen k\u00f6nnen. Ob Sie nun ein Meisterwerk auf Papier schaffen oder ein Holzobjekt bemalen m\u00f6chten, mit diesen Bastelfarben gelingen [&hellip;]","og_url":"https:\/\/ses-creative.com\/de\/produkt\/plakatfarbe-6x45ml\/","og_site_name":"SES Creative","article_modified_time":"2026-02-06T09:51:10+00:00","twitter_card":"summary_large_image","twitter_misc":{"Gesch\u00e4tzte Lesezeit":"2\u00a0Minuten"},"schema":{"@context":"https:\/\/schema.org","@graph":[{"@type":"WebPage","@id":"https:\/\/ses-creative.com\/de\/produkt\/plakatfarbe-6x45ml\/","url":"https:\/\/ses-creative.com\/de\/produkt\/plakatfarbe-6x45ml\/","name":"Plakatfarbe (6x45ml) - SES Creative","isPartOf":{"@id":"https:\/\/ses-creative.com\/#website"},"primaryImageOfPage":{"@id":"https:\/\/ses-creative.com\/de\/produkt\/plakatfarbe-6x45ml\/#primaryimage"},"image":{"@id":"https:\/\/ses-creative.com\/de\/produkt\/plakatfarbe-6x45ml\/#primaryimage"},"thumbnailUrl":"https:\/\/ses-creative.com\/wp-content\/uploads\/2026\/01\/003811.jpg","datePublished":"2026-02-05T13:52:01+00:00","dateModified":"2026-02-06T09:51:10+00:00","breadcrumb":{"@id":"https:\/\/ses-creative.com\/de\/produkt\/plakatfarbe-6x45ml\/#breadcrumb"},"inLanguage":"de","potentialAction":[{"@type":"ReadAction","target":["https:\/\/ses-creative.com\/de\/produkt\/plakatfarbe-6x45ml\/"]}]},{"@type":"ImageObject","inLanguage":"de","@id":"https:\/\/ses-creative.com\/de\/produkt\/plakatfarbe-6x45ml\/#primaryimage","url":"https:\/\/ses-creative.com\/wp-content\/uploads\/2026\/01\/003811.jpg","contentUrl":"https:\/\/ses-creative.com\/wp-content\/uploads\/2026\/01\/003811.jpg","width":1000,"height":1000},{"@type":"BreadcrumbList","@id":"https:\/\/ses-creative.com\/de\/produkt\/plakatfarbe-6x45ml\/#breadcrumb","itemListElement":[{"@type":"ListItem","position":1,"name":"Shop","item":"https:\/\/ses-creative.com\/de\/shop\/"},{"@type":"ListItem","position":2,"name":"Basteln","item":"https:\/\/ses-creative.com\/de\/product-categorie\/basteln\/"},{"@type":"ListItem","position":3,"name":"Plakatfarbe (6x45ml)"}]},{"@type":"WebSite","@id":"https:\/\/ses-creative.com\/#website","url":"https:\/\/ses-creative.com\/","name":"SES Creative","description":"","publisher":{"@id":"https:\/\/ses-creative.com\/#organization"},"potentialAction":[{"@type":"SearchAction","target":{"@type":"EntryPoint","urlTemplate":"https:\/\/ses-creative.com\/?s={search_term_string}"},"query-input":{"@type":"PropertyValueSpecification","valueRequired":true,"valueName":"search_term_string"}}],"inLanguage":"de"},{"@type":"Organization","@id":"https:\/\/ses-creative.com\/#organization","name":"SES Creative","url":"https:\/\/ses-creative.com\/","logo":{"@type":"ImageObject","inLanguage":"de","@id":"https:\/\/ses-creative.com\/#\/schema\/logo\/image\/","url":"https:\/\/ses-creative.com\/wp-content\/uploads\/2025\/10\/ses-creative-logo.jpg","contentUrl":"https:\/\/ses-creative.com\/wp-content\/uploads\/2025\/10\/ses-creative-logo.jpg","width":2037,"height":2037,"caption":"SES Creative"},"image":{"@id":"https:\/\/ses-creative.com\/#\/schema\/logo\/image\/"}}]}},"_links":{"self":[{"href":"https:\/\/ses-creative.com\/de\/wp-json\/wp\/v2\/product\/114352","targetHints":{"allow":["GET"]}}],"collection":[{"href":"https:\/\/ses-creative.com\/de\/wp-json\/wp\/v2\/product"}],"about":[{"href":"https:\/\/ses-creative.com\/de\/wp-json\/wp\/v2\/types\/product"}],"replies":[{"embeddable":true,"href":"https:\/\/ses-creative.com\/de\/wp-json\/wp\/v2\/comments?post=114352"}],"wp:featuredmedia":[{"embeddable":true,"href":"https:\/\/ses-creative.com\/de\/wp-json\/wp\/v2\/media\/96632"}],"wp:attachment":[{"href":"https:\/\/ses-creative.com\/de\/wp-json\/wp\/v2\/media?parent=114352"}],"wp:term":[{"taxonomy":"product_brand","embeddable":true,"href":"https:\/\/ses-creative.com\/de\/wp-json\/wp\/v2\/product_brand?post=114352"},{"taxonomy":"product_cat","embeddable":true,"href":"https:\/\/ses-creative.com\/de\/wp-json\/wp\/v2\/product_cat?post=114352"},{"taxonomy":"product_tag","embeddable":true,"href":"https:\/\/ses-creative.com\/de\/wp-json\/wp\/v2\/product_tag?post=114352"}],"curies":[{"name":"wp","href":"https:\/\/api.w.org\/{rel}","templated":true}]}}