











{"id":114351,"date":"2026-02-05T13:52:01","date_gmt":"2026-02-05T13:52:01","guid":{"rendered":"https:\/\/ses-creative.com\/?post_type=product&#038;p=114351"},"modified":"2026-02-06T09:51:10","modified_gmt":"2026-02-06T09:51:10","slug":"fingerfarben-6-farben-x-110ml","status":"publish","type":"product","link":"https:\/\/ses-creative.com\/de\/produkt\/fingerfarben-6-farben-x-110ml\/","title":{"rendered":"Fingerfarben 6 Farben x 110ml"},"content":{"rendered":"<p>Lassen Sie Ihrer Kreativit\u00e4t mit Fingerfarben freien Lauf!<br \/>\nMit Fingerfarben k\u00f6nnen Kinder ihrer Fantasie freien Lauf lassen. Das Set enth\u00e4lt nicht weniger als 6 fr\u00f6hliche Fingerfarben, mit denen junge K\u00fcnstler die sch\u00f6nsten Kunstwerke schaffen k\u00f6nnen. Die Farben sind sicher, glutenfrei und leicht auswaschbar, sodass Kinder unbeschwert spielen und mit Farben experimentieren k\u00f6nnen.<br \/>\nWarum dieses Set w\u00e4hlen?<br \/>\n&#8211;    Sichere Fingerfarben, speziell f\u00fcr kleine Kinder<br \/>\n&#8211;    Die Fingerfarben lassen sich gut auswaschen, sowohl aus Kleidung als auch von der Haut<br \/>\n&#8211;    Die Farbe hat einen bitteren Geschmack, sodass Kinder sie nicht gerne essen<br \/>\n&#8211;    Perfekt f\u00fcr Kinder ab 2 Jahren<br \/>\n&#8211;    Ideal f\u00fcr Fingerfarben, die Farbe l\u00e4sst sich gut mischen und auftragen<br \/>\nMalen und entdecken mit Fingerfarben<br \/>\nMit diesem Set k\u00f6nnen Kinder auf spielerische Weise das Malen kennenlernen. Die leuchtenden und fr\u00f6hlichen Farben bieten unendlich viele M\u00f6glichkeiten, kreativ zu sein. Ob Handabdr\u00fccke machen, ein farbenfrohes Kunstwerk malen oder einfach nur neue Farben entdecken \u2013 mit diesem Set ist alles m\u00f6glich.<br \/>\nDie Fingerfarben machen nicht nur Spa\u00df, sondern sind auch sicher in der Anwendung. Dank der hypoallergenen und glutenfreien Formel k\u00f6nnen sogar die j\u00fcngsten Kinder ohne Bedenken damit spielen. Au\u00dferdem ist die Farbe gut auswaschbar, sodass Eltern sich keine Sorgen um Flecken machen m\u00fcssen.<br \/>\nWas ist in der Box enthalten?<br \/>\n&#8211;    6 verschiedene Farben Fingerfarben in 110-ml-Beh\u00e4ltern<br \/>\n&#8211;    In den Farben Gelb, Blau, Violett, Gr\u00fcn, Rosa und Rot<br \/>\nWarum SES Creative w\u00e4hlen?<br \/>\nBei SES Creative legen wir gro\u00dfen Wert auf Sicherheit. Deshalb werden die Produkte in der Fabrik in den Niederlanden nach den strengsten europ\u00e4ischen Sicherheitsstandards hergestellt und getestet. Spielzeug von SES Creative sorgt f\u00fcr Spa\u00df und soll Kindern erm\u00f6glichen, stolz auf ihre Arbeit zu sein, was ihre Kreativit\u00e4t und Entwicklung f\u00f6rdert.<br \/>\nProbieren Sie noch heute Fingerfarben aus!<br \/>\nMit dem 6-Farben-Set Fingerfarben k\u00f6nnen Kinder ihre Kreativit\u00e4t entdecken und stundenlangen Spielspa\u00df erleben. Schnappen Sie sich die Farben und beginnen Sie zu malen und zu entdecken!<\/p>\n","protected":false},"excerpt":{"rendered":"<p>Lassen Sie Ihrer Kreativit\u00e4t mit Fingerfarben freien Lauf! Mit Fingerfarben k\u00f6nnen Kinder ihrer Fantasie freien Lauf lassen. Das Set enth\u00e4lt nicht weniger als 6 fr\u00f6hliche Fingerfarben, mit denen junge K\u00fcnstler die sch\u00f6nsten Kunstwerke schaffen k\u00f6nnen. Die Farben sind sicher, glutenfrei und leicht auswaschbar, sodass Kinder unbeschwert spielen und mit Farben experimentieren k\u00f6nnen. Warum dieses Set [&hellip;]<\/p>\n","protected":false},"featured_media":96592,"comment_status":"closed","ping_status":"closed","template":"","meta":{"_acf_changed":false},"product_brand":[],"product_cat":[115],"product_tag":[],"class_list":{"0":"post-114351","1":"product","2":"type-product","3":"status-publish","4":"has-post-thumbnail","6":"product_cat-basteln","7":"pa_leeftijd-filter-0-2-jahre","8":"pa_meest-populair-bij-jungen-maedchen","10":"first","11":"instock","12":"shipping-taxable","13":"product-type-simple"},"acf":[],"yoast_head":"<!-- This site is optimized with the Yoast SEO plugin v27.2 - https:\/\/yoast.com\/product\/yoast-seo-wordpress\/ -->\n<title>Fingerfarben 6 Farben x 110ml - SES Creative<\/title>\n<meta name=\"robots\" content=\"index, follow, max-snippet:-1, max-image-preview:large, max-video-preview:-1\" \/>\n<link rel=\"canonical\" href=\"https:\/\/ses-creative.com\/de\/produkt\/fingerfarben-6-farben-x-110ml\/\" \/>\n<meta property=\"og:locale\" content=\"de_DE\" \/>\n<meta property=\"og:type\" content=\"article\" \/>\n<meta property=\"og:title\" content=\"Fingerfarben 6 Farben x 110ml - SES Creative\" \/>\n<meta property=\"og:description\" content=\"Lassen Sie Ihrer Kreativit\u00e4t mit Fingerfarben freien Lauf! Mit Fingerfarben k\u00f6nnen Kinder ihrer Fantasie freien Lauf lassen. Das Set enth\u00e4lt nicht weniger als 6 fr\u00f6hliche Fingerfarben, mit denen junge K\u00fcnstler die sch\u00f6nsten Kunstwerke schaffen k\u00f6nnen. Die Farben sind sicher, glutenfrei und leicht auswaschbar, sodass Kinder unbeschwert spielen und mit Farben experimentieren k\u00f6nnen. Warum dieses Set [&hellip;]\" \/>\n<meta property=\"og:url\" content=\"https:\/\/ses-creative.com\/de\/produkt\/fingerfarben-6-farben-x-110ml\/\" \/>\n<meta property=\"og:site_name\" content=\"SES Creative\" \/>\n<meta property=\"article:modified_time\" content=\"2026-02-06T09:51:10+00:00\" \/>\n<meta name=\"twitter:card\" content=\"summary_large_image\" \/>\n<meta name=\"twitter:label1\" content=\"Gesch\u00e4tzte Lesezeit\" \/>\n\t<meta name=\"twitter:data1\" content=\"2\u00a0Minuten\" \/>\n<script type=\"application\/ld+json\" class=\"yoast-schema-graph\">{\"@context\":\"https:\/\/schema.org\",\"@graph\":[{\"@type\":\"WebPage\",\"@id\":\"https:\/\/ses-creative.com\/de\/produkt\/fingerfarben-6-farben-x-110ml\/\",\"url\":\"https:\/\/ses-creative.com\/de\/produkt\/fingerfarben-6-farben-x-110ml\/\",\"name\":\"Fingerfarben 6 Farben x 110ml - SES Creative\",\"isPartOf\":{\"@id\":\"https:\/\/ses-creative.com\/#website\"},\"primaryImageOfPage\":{\"@id\":\"https:\/\/ses-creative.com\/de\/produkt\/fingerfarben-6-farben-x-110ml\/#primaryimage\"},\"image\":{\"@id\":\"https:\/\/ses-creative.com\/de\/produkt\/fingerfarben-6-farben-x-110ml\/#primaryimage\"},\"thumbnailUrl\":\"https:\/\/ses-creative.com\/wp-content\/uploads\/2026\/01\/003151.jpg\",\"datePublished\":\"2026-02-05T13:52:01+00:00\",\"dateModified\":\"2026-02-06T09:51:10+00:00\",\"breadcrumb\":{\"@id\":\"https:\/\/ses-creative.com\/de\/produkt\/fingerfarben-6-farben-x-110ml\/#breadcrumb\"},\"inLanguage\":\"de\",\"potentialAction\":[{\"@type\":\"ReadAction\",\"target\":[\"https:\/\/ses-creative.com\/de\/produkt\/fingerfarben-6-farben-x-110ml\/\"]}]},{\"@type\":\"ImageObject\",\"inLanguage\":\"de\",\"@id\":\"https:\/\/ses-creative.com\/de\/produkt\/fingerfarben-6-farben-x-110ml\/#primaryimage\",\"url\":\"https:\/\/ses-creative.com\/wp-content\/uploads\/2026\/01\/003151.jpg\",\"contentUrl\":\"https:\/\/ses-creative.com\/wp-content\/uploads\/2026\/01\/003151.jpg\",\"width\":1000,\"height\":1000},{\"@type\":\"BreadcrumbList\",\"@id\":\"https:\/\/ses-creative.com\/de\/produkt\/fingerfarben-6-farben-x-110ml\/#breadcrumb\",\"itemListElement\":[{\"@type\":\"ListItem\",\"position\":1,\"name\":\"Shop\",\"item\":\"https:\/\/ses-creative.com\/de\/shop\/\"},{\"@type\":\"ListItem\",\"position\":2,\"name\":\"Basteln\",\"item\":\"https:\/\/ses-creative.com\/de\/product-categorie\/basteln\/\"},{\"@type\":\"ListItem\",\"position\":3,\"name\":\"Fingerfarben 6 Farben x 110ml\"}]},{\"@type\":\"WebSite\",\"@id\":\"https:\/\/ses-creative.com\/#website\",\"url\":\"https:\/\/ses-creative.com\/\",\"name\":\"SES Creative\",\"description\":\"\",\"publisher\":{\"@id\":\"https:\/\/ses-creative.com\/#organization\"},\"potentialAction\":[{\"@type\":\"SearchAction\",\"target\":{\"@type\":\"EntryPoint\",\"urlTemplate\":\"https:\/\/ses-creative.com\/?s={search_term_string}\"},\"query-input\":{\"@type\":\"PropertyValueSpecification\",\"valueRequired\":true,\"valueName\":\"search_term_string\"}}],\"inLanguage\":\"de\"},{\"@type\":\"Organization\",\"@id\":\"https:\/\/ses-creative.com\/#organization\",\"name\":\"SES Creative\",\"url\":\"https:\/\/ses-creative.com\/\",\"logo\":{\"@type\":\"ImageObject\",\"inLanguage\":\"de\",\"@id\":\"https:\/\/ses-creative.com\/#\/schema\/logo\/image\/\",\"url\":\"https:\/\/ses-creative.com\/wp-content\/uploads\/2025\/10\/ses-creative-logo.jpg\",\"contentUrl\":\"https:\/\/ses-creative.com\/wp-content\/uploads\/2025\/10\/ses-creative-logo.jpg\",\"width\":2037,\"height\":2037,\"caption\":\"SES Creative\"},\"image\":{\"@id\":\"https:\/\/ses-creative.com\/#\/schema\/logo\/image\/\"}}]}<\/script>\n<!-- \/ Yoast SEO plugin. -->","yoast_head_json":{"title":"Fingerfarben 6 Farben x 110ml - SES Creative","robots":{"index":"index","follow":"follow","max-snippet":"max-snippet:-1","max-image-preview":"max-image-preview:large","max-video-preview":"max-video-preview:-1"},"canonical":"https:\/\/ses-creative.com\/de\/produkt\/fingerfarben-6-farben-x-110ml\/","og_locale":"de_DE","og_type":"article","og_title":"Fingerfarben 6 Farben x 110ml - SES Creative","og_description":"Lassen Sie Ihrer Kreativit\u00e4t mit Fingerfarben freien Lauf! Mit Fingerfarben k\u00f6nnen Kinder ihrer Fantasie freien Lauf lassen. Das Set enth\u00e4lt nicht weniger als 6 fr\u00f6hliche Fingerfarben, mit denen junge K\u00fcnstler die sch\u00f6nsten Kunstwerke schaffen k\u00f6nnen. Die Farben sind sicher, glutenfrei und leicht auswaschbar, sodass Kinder unbeschwert spielen und mit Farben experimentieren k\u00f6nnen. Warum dieses Set [&hellip;]","og_url":"https:\/\/ses-creative.com\/de\/produkt\/fingerfarben-6-farben-x-110ml\/","og_site_name":"SES Creative","article_modified_time":"2026-02-06T09:51:10+00:00","twitter_card":"summary_large_image","twitter_misc":{"Gesch\u00e4tzte Lesezeit":"2\u00a0Minuten"},"schema":{"@context":"https:\/\/schema.org","@graph":[{"@type":"WebPage","@id":"https:\/\/ses-creative.com\/de\/produkt\/fingerfarben-6-farben-x-110ml\/","url":"https:\/\/ses-creative.com\/de\/produkt\/fingerfarben-6-farben-x-110ml\/","name":"Fingerfarben 6 Farben x 110ml - SES Creative","isPartOf":{"@id":"https:\/\/ses-creative.com\/#website"},"primaryImageOfPage":{"@id":"https:\/\/ses-creative.com\/de\/produkt\/fingerfarben-6-farben-x-110ml\/#primaryimage"},"image":{"@id":"https:\/\/ses-creative.com\/de\/produkt\/fingerfarben-6-farben-x-110ml\/#primaryimage"},"thumbnailUrl":"https:\/\/ses-creative.com\/wp-content\/uploads\/2026\/01\/003151.jpg","datePublished":"2026-02-05T13:52:01+00:00","dateModified":"2026-02-06T09:51:10+00:00","breadcrumb":{"@id":"https:\/\/ses-creative.com\/de\/produkt\/fingerfarben-6-farben-x-110ml\/#breadcrumb"},"inLanguage":"de","potentialAction":[{"@type":"ReadAction","target":["https:\/\/ses-creative.com\/de\/produkt\/fingerfarben-6-farben-x-110ml\/"]}]},{"@type":"ImageObject","inLanguage":"de","@id":"https:\/\/ses-creative.com\/de\/produkt\/fingerfarben-6-farben-x-110ml\/#primaryimage","url":"https:\/\/ses-creative.com\/wp-content\/uploads\/2026\/01\/003151.jpg","contentUrl":"https:\/\/ses-creative.com\/wp-content\/uploads\/2026\/01\/003151.jpg","width":1000,"height":1000},{"@type":"BreadcrumbList","@id":"https:\/\/ses-creative.com\/de\/produkt\/fingerfarben-6-farben-x-110ml\/#breadcrumb","itemListElement":[{"@type":"ListItem","position":1,"name":"Shop","item":"https:\/\/ses-creative.com\/de\/shop\/"},{"@type":"ListItem","position":2,"name":"Basteln","item":"https:\/\/ses-creative.com\/de\/product-categorie\/basteln\/"},{"@type":"ListItem","position":3,"name":"Fingerfarben 6 Farben x 110ml"}]},{"@type":"WebSite","@id":"https:\/\/ses-creative.com\/#website","url":"https:\/\/ses-creative.com\/","name":"SES Creative","description":"","publisher":{"@id":"https:\/\/ses-creative.com\/#organization"},"potentialAction":[{"@type":"SearchAction","target":{"@type":"EntryPoint","urlTemplate":"https:\/\/ses-creative.com\/?s={search_term_string}"},"query-input":{"@type":"PropertyValueSpecification","valueRequired":true,"valueName":"search_term_string"}}],"inLanguage":"de"},{"@type":"Organization","@id":"https:\/\/ses-creative.com\/#organization","name":"SES Creative","url":"https:\/\/ses-creative.com\/","logo":{"@type":"ImageObject","inLanguage":"de","@id":"https:\/\/ses-creative.com\/#\/schema\/logo\/image\/","url":"https:\/\/ses-creative.com\/wp-content\/uploads\/2025\/10\/ses-creative-logo.jpg","contentUrl":"https:\/\/ses-creative.com\/wp-content\/uploads\/2025\/10\/ses-creative-logo.jpg","width":2037,"height":2037,"caption":"SES Creative"},"image":{"@id":"https:\/\/ses-creative.com\/#\/schema\/logo\/image\/"}}]}},"_links":{"self":[{"href":"https:\/\/ses-creative.com\/de\/wp-json\/wp\/v2\/product\/114351","targetHints":{"allow":["GET"]}}],"collection":[{"href":"https:\/\/ses-creative.com\/de\/wp-json\/wp\/v2\/product"}],"about":[{"href":"https:\/\/ses-creative.com\/de\/wp-json\/wp\/v2\/types\/product"}],"replies":[{"embeddable":true,"href":"https:\/\/ses-creative.com\/de\/wp-json\/wp\/v2\/comments?post=114351"}],"wp:featuredmedia":[{"embeddable":true,"href":"https:\/\/ses-creative.com\/de\/wp-json\/wp\/v2\/media\/96592"}],"wp:attachment":[{"href":"https:\/\/ses-creative.com\/de\/wp-json\/wp\/v2\/media?parent=114351"}],"wp:term":[{"taxonomy":"product_brand","embeddable":true,"href":"https:\/\/ses-creative.com\/de\/wp-json\/wp\/v2\/product_brand?post=114351"},{"taxonomy":"product_cat","embeddable":true,"href":"https:\/\/ses-creative.com\/de\/wp-json\/wp\/v2\/product_cat?post=114351"},{"taxonomy":"product_tag","embeddable":true,"href":"https:\/\/ses-creative.com\/de\/wp-json\/wp\/v2\/product_tag?post=114351"}],"curies":[{"name":"wp","href":"https:\/\/api.w.org\/{rel}","templated":true}]}}