











{"id":114350,"date":"2026-02-05T13:52:00","date_gmt":"2026-02-05T13:52:00","guid":{"rendered":"https:\/\/ses-creative.com\/?post_type=product&#038;p=114350"},"modified":"2026-02-06T09:51:10","modified_gmt":"2026-02-06T09:51:10","slug":"fingerfarbe-4-farben-x145ml","status":"publish","type":"product","link":"https:\/\/ses-creative.com\/de\/produkt\/fingerfarbe-4-farben-x145ml\/","title":{"rendered":"Fingerfarbe 4 Farben x145ml"},"content":{"rendered":"<p>Kreativer Spa\u00df f\u00fcr die Kleinsten mit 4 Farben Fingerfarben!<br \/>\nFingerfarben sind eine der bekanntesten Produktlinien von SES Creative. Die Qualit\u00e4t, Farbintensit\u00e4t und Auswaschbarkeit der SES Creative Fingerfarben machen sie unschlagbar. Dieses Set enth\u00e4lt die Grundfarben Gelb, Blau, Rot und Gr\u00fcn, mit denen Sie stundenlangen Spa\u00df haben k\u00f6nnen. Perfekt, um mit den Fingerfarben f\u00fcr Kinder und alle, die gerne basteln, kreativ zu sein.<br \/>\nWas dieses Set so gro\u00dfartig macht<br \/>\n&#8211;    Sichere Fingerfarben, speziell f\u00fcr kleine Kinder<br \/>\n&#8211;    Die Fingerfarben lassen sich gut auswaschen, sowohl aus Kleidung als auch von der Haut<br \/>\n&#8211;    Die Farbe hat einen bitteren Geschmack, sodass Kinder sie nicht gerne essen<br \/>\n&#8211;    Glutenfrei, ideal f\u00fcr Kinder mit Allergien<br \/>\n&#8211;    Perfekt f\u00fcr Kinder ab 2 Jahren<br \/>\n&#8211; Ideal f\u00fcr Fingerfarben, die Farbe l\u00e4sst sich gut mischen und auftragen<br \/>\nKreatives und sicheres Spielen<br \/>\nMit diesem Fingerfarben-Set k\u00f6nnen Kinder ihrer Kreativit\u00e4t freien Lauf lassen, w\u00e4hrend Eltern sich auf die Sicherheit und Qualit\u00e4t des Produkts verlassen k\u00f6nnen. Die Fingerfarben sind sicher in der Anwendung und glutenfrei. Die leuchtenden Farben und die weiche Textur sind perfekt f\u00fcr kleine H\u00e4nde und f\u00f6rdern die Entwicklung der Feinmotorik und der Vorstellungskraft.<br \/>\nInhalt des Sets<br \/>\n&#8211;    4 Farben Fingerfarben \u00e0 145 ml: Gelb, Blau, Rot und Gr\u00fcn<br \/>\nWarum SES Creative w\u00e4hlen?<br \/>\nBei SES Creative legen wir gro\u00dfen Wert auf Sicherheit. Deshalb werden die Produkte in der Fabrik in den Niederlanden nach den strengsten europ\u00e4ischen Sicherheitsstandards hergestellt und getestet. Spielzeug von SES Creative sorgt f\u00fcr Spa\u00df und soll Kinder stolz auf ihre Arbeit machen, was ihre Kreativit\u00e4t und Entwicklung f\u00f6rdert.<br \/>\nBeginnen Sie noch heute mit dem Fingermalen<br \/>\nEntdecken Sie den Spa\u00df am Fingerfarbenmalen mit dem SES Creative Fingerfarben-Set. Perfekt f\u00fcr stundenlangen Bastelspa\u00df!<\/p>\n","protected":false},"excerpt":{"rendered":"<p>Kreativer Spa\u00df f\u00fcr die Kleinsten mit 4 Farben Fingerfarben! Fingerfarben sind eine der bekanntesten Produktlinien von SES Creative. Die Qualit\u00e4t, Farbintensit\u00e4t und Auswaschbarkeit der SES Creative Fingerfarben machen sie unschlagbar. Dieses Set enth\u00e4lt die Grundfarben Gelb, Blau, Rot und Gr\u00fcn, mit denen Sie stundenlangen Spa\u00df haben k\u00f6nnen. Perfekt, um mit den Fingerfarben f\u00fcr Kinder und [&hellip;]<\/p>\n","protected":false},"featured_media":96552,"comment_status":"closed","ping_status":"closed","template":"","meta":{"_acf_changed":false},"product_brand":[],"product_cat":[115],"product_tag":[],"class_list":{"0":"post-114350","1":"product","2":"type-product","3":"status-publish","4":"has-post-thumbnail","6":"product_cat-basteln","7":"pa_leeftijd-filter-0-2-jahre","8":"pa_meest-populair-bij-jungen-maedchen","10":"first","11":"instock","12":"shipping-taxable","13":"product-type-simple"},"acf":[],"yoast_head":"<!-- This site is optimized with the Yoast SEO plugin v27.2 - https:\/\/yoast.com\/product\/yoast-seo-wordpress\/ -->\n<title>Fingerfarbe 4 Farben x145ml - SES Creative<\/title>\n<meta name=\"robots\" content=\"index, follow, max-snippet:-1, max-image-preview:large, max-video-preview:-1\" \/>\n<link rel=\"canonical\" href=\"https:\/\/ses-creative.com\/de\/produkt\/fingerfarbe-4-farben-x145ml\/\" \/>\n<meta property=\"og:locale\" content=\"de_DE\" \/>\n<meta property=\"og:type\" content=\"article\" \/>\n<meta property=\"og:title\" content=\"Fingerfarbe 4 Farben x145ml - SES Creative\" \/>\n<meta property=\"og:description\" content=\"Kreativer Spa\u00df f\u00fcr die Kleinsten mit 4 Farben Fingerfarben! Fingerfarben sind eine der bekanntesten Produktlinien von SES Creative. Die Qualit\u00e4t, Farbintensit\u00e4t und Auswaschbarkeit der SES Creative Fingerfarben machen sie unschlagbar. Dieses Set enth\u00e4lt die Grundfarben Gelb, Blau, Rot und Gr\u00fcn, mit denen Sie stundenlangen Spa\u00df haben k\u00f6nnen. Perfekt, um mit den Fingerfarben f\u00fcr Kinder und [&hellip;]\" \/>\n<meta property=\"og:url\" content=\"https:\/\/ses-creative.com\/de\/produkt\/fingerfarbe-4-farben-x145ml\/\" \/>\n<meta property=\"og:site_name\" content=\"SES Creative\" \/>\n<meta property=\"article:modified_time\" content=\"2026-02-06T09:51:10+00:00\" \/>\n<meta name=\"twitter:card\" content=\"summary_large_image\" \/>\n<meta name=\"twitter:label1\" content=\"Gesch\u00e4tzte Lesezeit\" \/>\n\t<meta name=\"twitter:data1\" content=\"1\u00a0Minute\" \/>\n<script type=\"application\/ld+json\" class=\"yoast-schema-graph\">{\"@context\":\"https:\/\/schema.org\",\"@graph\":[{\"@type\":\"WebPage\",\"@id\":\"https:\/\/ses-creative.com\/de\/produkt\/fingerfarbe-4-farben-x145ml\/\",\"url\":\"https:\/\/ses-creative.com\/de\/produkt\/fingerfarbe-4-farben-x145ml\/\",\"name\":\"Fingerfarbe 4 Farben x145ml - SES Creative\",\"isPartOf\":{\"@id\":\"https:\/\/ses-creative.com\/#website\"},\"primaryImageOfPage\":{\"@id\":\"https:\/\/ses-creative.com\/de\/produkt\/fingerfarbe-4-farben-x145ml\/#primaryimage\"},\"image\":{\"@id\":\"https:\/\/ses-creative.com\/de\/produkt\/fingerfarbe-4-farben-x145ml\/#primaryimage\"},\"thumbnailUrl\":\"https:\/\/ses-creative.com\/wp-content\/uploads\/2026\/01\/003051.jpg\",\"datePublished\":\"2026-02-05T13:52:00+00:00\",\"dateModified\":\"2026-02-06T09:51:10+00:00\",\"breadcrumb\":{\"@id\":\"https:\/\/ses-creative.com\/de\/produkt\/fingerfarbe-4-farben-x145ml\/#breadcrumb\"},\"inLanguage\":\"de\",\"potentialAction\":[{\"@type\":\"ReadAction\",\"target\":[\"https:\/\/ses-creative.com\/de\/produkt\/fingerfarbe-4-farben-x145ml\/\"]}]},{\"@type\":\"ImageObject\",\"inLanguage\":\"de\",\"@id\":\"https:\/\/ses-creative.com\/de\/produkt\/fingerfarbe-4-farben-x145ml\/#primaryimage\",\"url\":\"https:\/\/ses-creative.com\/wp-content\/uploads\/2026\/01\/003051.jpg\",\"contentUrl\":\"https:\/\/ses-creative.com\/wp-content\/uploads\/2026\/01\/003051.jpg\",\"width\":1000,\"height\":1000},{\"@type\":\"BreadcrumbList\",\"@id\":\"https:\/\/ses-creative.com\/de\/produkt\/fingerfarbe-4-farben-x145ml\/#breadcrumb\",\"itemListElement\":[{\"@type\":\"ListItem\",\"position\":1,\"name\":\"Shop\",\"item\":\"https:\/\/ses-creative.com\/de\/shop\/\"},{\"@type\":\"ListItem\",\"position\":2,\"name\":\"Basteln\",\"item\":\"https:\/\/ses-creative.com\/de\/product-categorie\/basteln\/\"},{\"@type\":\"ListItem\",\"position\":3,\"name\":\"Fingerfarbe 4 Farben x145ml\"}]},{\"@type\":\"WebSite\",\"@id\":\"https:\/\/ses-creative.com\/#website\",\"url\":\"https:\/\/ses-creative.com\/\",\"name\":\"SES Creative\",\"description\":\"\",\"publisher\":{\"@id\":\"https:\/\/ses-creative.com\/#organization\"},\"potentialAction\":[{\"@type\":\"SearchAction\",\"target\":{\"@type\":\"EntryPoint\",\"urlTemplate\":\"https:\/\/ses-creative.com\/?s={search_term_string}\"},\"query-input\":{\"@type\":\"PropertyValueSpecification\",\"valueRequired\":true,\"valueName\":\"search_term_string\"}}],\"inLanguage\":\"de\"},{\"@type\":\"Organization\",\"@id\":\"https:\/\/ses-creative.com\/#organization\",\"name\":\"SES Creative\",\"url\":\"https:\/\/ses-creative.com\/\",\"logo\":{\"@type\":\"ImageObject\",\"inLanguage\":\"de\",\"@id\":\"https:\/\/ses-creative.com\/#\/schema\/logo\/image\/\",\"url\":\"https:\/\/ses-creative.com\/wp-content\/uploads\/2025\/10\/ses-creative-logo.jpg\",\"contentUrl\":\"https:\/\/ses-creative.com\/wp-content\/uploads\/2025\/10\/ses-creative-logo.jpg\",\"width\":2037,\"height\":2037,\"caption\":\"SES Creative\"},\"image\":{\"@id\":\"https:\/\/ses-creative.com\/#\/schema\/logo\/image\/\"}}]}<\/script>\n<!-- \/ Yoast SEO plugin. -->","yoast_head_json":{"title":"Fingerfarbe 4 Farben x145ml - SES Creative","robots":{"index":"index","follow":"follow","max-snippet":"max-snippet:-1","max-image-preview":"max-image-preview:large","max-video-preview":"max-video-preview:-1"},"canonical":"https:\/\/ses-creative.com\/de\/produkt\/fingerfarbe-4-farben-x145ml\/","og_locale":"de_DE","og_type":"article","og_title":"Fingerfarbe 4 Farben x145ml - SES Creative","og_description":"Kreativer Spa\u00df f\u00fcr die Kleinsten mit 4 Farben Fingerfarben! Fingerfarben sind eine der bekanntesten Produktlinien von SES Creative. Die Qualit\u00e4t, Farbintensit\u00e4t und Auswaschbarkeit der SES Creative Fingerfarben machen sie unschlagbar. Dieses Set enth\u00e4lt die Grundfarben Gelb, Blau, Rot und Gr\u00fcn, mit denen Sie stundenlangen Spa\u00df haben k\u00f6nnen. Perfekt, um mit den Fingerfarben f\u00fcr Kinder und [&hellip;]","og_url":"https:\/\/ses-creative.com\/de\/produkt\/fingerfarbe-4-farben-x145ml\/","og_site_name":"SES Creative","article_modified_time":"2026-02-06T09:51:10+00:00","twitter_card":"summary_large_image","twitter_misc":{"Gesch\u00e4tzte Lesezeit":"1\u00a0Minute"},"schema":{"@context":"https:\/\/schema.org","@graph":[{"@type":"WebPage","@id":"https:\/\/ses-creative.com\/de\/produkt\/fingerfarbe-4-farben-x145ml\/","url":"https:\/\/ses-creative.com\/de\/produkt\/fingerfarbe-4-farben-x145ml\/","name":"Fingerfarbe 4 Farben x145ml - SES Creative","isPartOf":{"@id":"https:\/\/ses-creative.com\/#website"},"primaryImageOfPage":{"@id":"https:\/\/ses-creative.com\/de\/produkt\/fingerfarbe-4-farben-x145ml\/#primaryimage"},"image":{"@id":"https:\/\/ses-creative.com\/de\/produkt\/fingerfarbe-4-farben-x145ml\/#primaryimage"},"thumbnailUrl":"https:\/\/ses-creative.com\/wp-content\/uploads\/2026\/01\/003051.jpg","datePublished":"2026-02-05T13:52:00+00:00","dateModified":"2026-02-06T09:51:10+00:00","breadcrumb":{"@id":"https:\/\/ses-creative.com\/de\/produkt\/fingerfarbe-4-farben-x145ml\/#breadcrumb"},"inLanguage":"de","potentialAction":[{"@type":"ReadAction","target":["https:\/\/ses-creative.com\/de\/produkt\/fingerfarbe-4-farben-x145ml\/"]}]},{"@type":"ImageObject","inLanguage":"de","@id":"https:\/\/ses-creative.com\/de\/produkt\/fingerfarbe-4-farben-x145ml\/#primaryimage","url":"https:\/\/ses-creative.com\/wp-content\/uploads\/2026\/01\/003051.jpg","contentUrl":"https:\/\/ses-creative.com\/wp-content\/uploads\/2026\/01\/003051.jpg","width":1000,"height":1000},{"@type":"BreadcrumbList","@id":"https:\/\/ses-creative.com\/de\/produkt\/fingerfarbe-4-farben-x145ml\/#breadcrumb","itemListElement":[{"@type":"ListItem","position":1,"name":"Shop","item":"https:\/\/ses-creative.com\/de\/shop\/"},{"@type":"ListItem","position":2,"name":"Basteln","item":"https:\/\/ses-creative.com\/de\/product-categorie\/basteln\/"},{"@type":"ListItem","position":3,"name":"Fingerfarbe 4 Farben x145ml"}]},{"@type":"WebSite","@id":"https:\/\/ses-creative.com\/#website","url":"https:\/\/ses-creative.com\/","name":"SES Creative","description":"","publisher":{"@id":"https:\/\/ses-creative.com\/#organization"},"potentialAction":[{"@type":"SearchAction","target":{"@type":"EntryPoint","urlTemplate":"https:\/\/ses-creative.com\/?s={search_term_string}"},"query-input":{"@type":"PropertyValueSpecification","valueRequired":true,"valueName":"search_term_string"}}],"inLanguage":"de"},{"@type":"Organization","@id":"https:\/\/ses-creative.com\/#organization","name":"SES Creative","url":"https:\/\/ses-creative.com\/","logo":{"@type":"ImageObject","inLanguage":"de","@id":"https:\/\/ses-creative.com\/#\/schema\/logo\/image\/","url":"https:\/\/ses-creative.com\/wp-content\/uploads\/2025\/10\/ses-creative-logo.jpg","contentUrl":"https:\/\/ses-creative.com\/wp-content\/uploads\/2025\/10\/ses-creative-logo.jpg","width":2037,"height":2037,"caption":"SES Creative"},"image":{"@id":"https:\/\/ses-creative.com\/#\/schema\/logo\/image\/"}}]}},"_links":{"self":[{"href":"https:\/\/ses-creative.com\/de\/wp-json\/wp\/v2\/product\/114350","targetHints":{"allow":["GET"]}}],"collection":[{"href":"https:\/\/ses-creative.com\/de\/wp-json\/wp\/v2\/product"}],"about":[{"href":"https:\/\/ses-creative.com\/de\/wp-json\/wp\/v2\/types\/product"}],"replies":[{"embeddable":true,"href":"https:\/\/ses-creative.com\/de\/wp-json\/wp\/v2\/comments?post=114350"}],"wp:featuredmedia":[{"embeddable":true,"href":"https:\/\/ses-creative.com\/de\/wp-json\/wp\/v2\/media\/96552"}],"wp:attachment":[{"href":"https:\/\/ses-creative.com\/de\/wp-json\/wp\/v2\/media?parent=114350"}],"wp:term":[{"taxonomy":"product_brand","embeddable":true,"href":"https:\/\/ses-creative.com\/de\/wp-json\/wp\/v2\/product_brand?post=114350"},{"taxonomy":"product_cat","embeddable":true,"href":"https:\/\/ses-creative.com\/de\/wp-json\/wp\/v2\/product_cat?post=114350"},{"taxonomy":"product_tag","embeddable":true,"href":"https:\/\/ses-creative.com\/de\/wp-json\/wp\/v2\/product_tag?post=114350"}],"curies":[{"name":"wp","href":"https:\/\/api.w.org\/{rel}","templated":true}]}}