











{"id":114348,"date":"2026-02-05T13:52:00","date_gmt":"2026-02-05T13:52:00","guid":{"rendered":"https:\/\/ses-creative.com\/?post_type=product&#038;p=114348"},"modified":"2026-02-06T09:51:10","modified_gmt":"2026-02-06T09:51:10","slug":"blow-airbrush-pens-magic-farbwechsel","status":"publish","type":"product","link":"https:\/\/ses-creative.com\/de\/produkt\/blow-airbrush-pens-magic-farbwechsel\/","title":{"rendered":"Blow Airbrush Pens &#8211; Magic Farbwechsel"},"content":{"rendered":"<p>Mit den magischen Blow Pens von SES Creative entdecken Kinder ab 5 Jahren eine v\u00f6llig neue Art zu malen. Das Set enth\u00e4lt 6 doppelfarbige Airbrush Stifte sowie einen wei\u00dfen Zauberstift, der Farben verbl\u00fcffend ver\u00e4ndert. Beim Hineinpusten in die Stifte entstehen Farbspr\u00fch-Effekte mit tollen \u00dcberg\u00e4ngen. Die Stifte sind ergonomisch, sicher und leicht zu handhaben \u2013 besonders geeignet f\u00fcr kleine H\u00e4nde. Die Tinte ist auswaschbar und kinderfreundlich. Ein kreatives Malset, das Konzentration, Farbsinn und motorische F\u00e4higkeiten spielerisch st\u00e4rkt. Besonders geeignet als Geschenk f\u00fcr kreative Kinder, die Farbwechsel lieben.<\/p>\n","protected":false},"excerpt":{"rendered":"<p>Mit den magischen Blow Pens von SES Creative entdecken Kinder ab 5 Jahren eine v\u00f6llig neue Art zu malen. Das Set enth\u00e4lt 6 doppelfarbige Airbrush Stifte sowie einen wei\u00dfen Zauberstift, der Farben verbl\u00fcffend ver\u00e4ndert. Beim Hineinpusten in die Stifte entstehen Farbspr\u00fch-Effekte mit tollen \u00dcberg\u00e4ngen. Die Stifte sind ergonomisch, sicher und leicht zu handhaben \u2013 besonders [&hellip;]<\/p>\n","protected":false},"featured_media":96472,"comment_status":"closed","ping_status":"closed","template":"","meta":{"_acf_changed":false},"product_brand":[],"product_cat":[115],"product_tag":[],"class_list":{"0":"post-114348","1":"product","2":"type-product","3":"status-publish","4":"has-post-thumbnail","6":"product_cat-basteln","7":"pa_collecties-blow-airbrush-pens","8":"pa_leeftijd-filter-4-6-jahre","9":"pa_meest-populair-bij-jungen-maedchen","11":"first","12":"instock","13":"shipping-taxable","14":"product-type-simple"},"acf":[],"yoast_head":"<!-- This site is optimized with the Yoast SEO plugin v27.2 - https:\/\/yoast.com\/product\/yoast-seo-wordpress\/ -->\n<title>Blow Airbrush Pens - Magic Farbwechsel - SES Creative<\/title>\n<meta name=\"robots\" content=\"index, follow, max-snippet:-1, max-image-preview:large, max-video-preview:-1\" \/>\n<link rel=\"canonical\" href=\"https:\/\/ses-creative.com\/de\/produkt\/blow-airbrush-pens-magic-farbwechsel\/\" \/>\n<meta property=\"og:locale\" content=\"de_DE\" \/>\n<meta property=\"og:type\" content=\"article\" \/>\n<meta property=\"og:title\" content=\"Blow Airbrush Pens - Magic Farbwechsel - SES Creative\" \/>\n<meta property=\"og:description\" content=\"Mit den magischen Blow Pens von SES Creative entdecken Kinder ab 5 Jahren eine v\u00f6llig neue Art zu malen. Das Set enth\u00e4lt 6 doppelfarbige Airbrush Stifte sowie einen wei\u00dfen Zauberstift, der Farben verbl\u00fcffend ver\u00e4ndert. Beim Hineinpusten in die Stifte entstehen Farbspr\u00fch-Effekte mit tollen \u00dcberg\u00e4ngen. Die Stifte sind ergonomisch, sicher und leicht zu handhaben \u2013 besonders [&hellip;]\" \/>\n<meta property=\"og:url\" content=\"https:\/\/ses-creative.com\/de\/produkt\/blow-airbrush-pens-magic-farbwechsel\/\" \/>\n<meta property=\"og:site_name\" content=\"SES Creative\" \/>\n<meta property=\"article:modified_time\" content=\"2026-02-06T09:51:10+00:00\" \/>\n<meta name=\"twitter:card\" content=\"summary_large_image\" \/>\n<script type=\"application\/ld+json\" class=\"yoast-schema-graph\">{\"@context\":\"https:\/\/schema.org\",\"@graph\":[{\"@type\":\"WebPage\",\"@id\":\"https:\/\/ses-creative.com\/de\/produkt\/blow-airbrush-pens-magic-farbwechsel\/\",\"url\":\"https:\/\/ses-creative.com\/de\/produkt\/blow-airbrush-pens-magic-farbwechsel\/\",\"name\":\"Blow Airbrush Pens - Magic Farbwechsel - SES Creative\",\"isPartOf\":{\"@id\":\"https:\/\/ses-creative.com\/#website\"},\"primaryImageOfPage\":{\"@id\":\"https:\/\/ses-creative.com\/de\/produkt\/blow-airbrush-pens-magic-farbwechsel\/#primaryimage\"},\"image\":{\"@id\":\"https:\/\/ses-creative.com\/de\/produkt\/blow-airbrush-pens-magic-farbwechsel\/#primaryimage\"},\"thumbnailUrl\":\"https:\/\/ses-creative.com\/wp-content\/uploads\/2026\/01\/002831.jpg\",\"datePublished\":\"2026-02-05T13:52:00+00:00\",\"dateModified\":\"2026-02-06T09:51:10+00:00\",\"breadcrumb\":{\"@id\":\"https:\/\/ses-creative.com\/de\/produkt\/blow-airbrush-pens-magic-farbwechsel\/#breadcrumb\"},\"inLanguage\":\"de\",\"potentialAction\":[{\"@type\":\"ReadAction\",\"target\":[\"https:\/\/ses-creative.com\/de\/produkt\/blow-airbrush-pens-magic-farbwechsel\/\"]}]},{\"@type\":\"ImageObject\",\"inLanguage\":\"de\",\"@id\":\"https:\/\/ses-creative.com\/de\/produkt\/blow-airbrush-pens-magic-farbwechsel\/#primaryimage\",\"url\":\"https:\/\/ses-creative.com\/wp-content\/uploads\/2026\/01\/002831.jpg\",\"contentUrl\":\"https:\/\/ses-creative.com\/wp-content\/uploads\/2026\/01\/002831.jpg\",\"width\":1000,\"height\":1000},{\"@type\":\"BreadcrumbList\",\"@id\":\"https:\/\/ses-creative.com\/de\/produkt\/blow-airbrush-pens-magic-farbwechsel\/#breadcrumb\",\"itemListElement\":[{\"@type\":\"ListItem\",\"position\":1,\"name\":\"Shop\",\"item\":\"https:\/\/ses-creative.com\/de\/shop\/\"},{\"@type\":\"ListItem\",\"position\":2,\"name\":\"Basteln\",\"item\":\"https:\/\/ses-creative.com\/de\/product-categorie\/basteln\/\"},{\"@type\":\"ListItem\",\"position\":3,\"name\":\"Blow Airbrush Pens &#8211; Magic Farbwechsel\"}]},{\"@type\":\"WebSite\",\"@id\":\"https:\/\/ses-creative.com\/#website\",\"url\":\"https:\/\/ses-creative.com\/\",\"name\":\"SES Creative\",\"description\":\"\",\"publisher\":{\"@id\":\"https:\/\/ses-creative.com\/#organization\"},\"potentialAction\":[{\"@type\":\"SearchAction\",\"target\":{\"@type\":\"EntryPoint\",\"urlTemplate\":\"https:\/\/ses-creative.com\/?s={search_term_string}\"},\"query-input\":{\"@type\":\"PropertyValueSpecification\",\"valueRequired\":true,\"valueName\":\"search_term_string\"}}],\"inLanguage\":\"de\"},{\"@type\":\"Organization\",\"@id\":\"https:\/\/ses-creative.com\/#organization\",\"name\":\"SES Creative\",\"url\":\"https:\/\/ses-creative.com\/\",\"logo\":{\"@type\":\"ImageObject\",\"inLanguage\":\"de\",\"@id\":\"https:\/\/ses-creative.com\/#\/schema\/logo\/image\/\",\"url\":\"https:\/\/ses-creative.com\/wp-content\/uploads\/2025\/10\/ses-creative-logo.jpg\",\"contentUrl\":\"https:\/\/ses-creative.com\/wp-content\/uploads\/2025\/10\/ses-creative-logo.jpg\",\"width\":2037,\"height\":2037,\"caption\":\"SES Creative\"},\"image\":{\"@id\":\"https:\/\/ses-creative.com\/#\/schema\/logo\/image\/\"}}]}<\/script>\n<!-- \/ Yoast SEO plugin. -->","yoast_head_json":{"title":"Blow Airbrush Pens - Magic Farbwechsel - SES Creative","robots":{"index":"index","follow":"follow","max-snippet":"max-snippet:-1","max-image-preview":"max-image-preview:large","max-video-preview":"max-video-preview:-1"},"canonical":"https:\/\/ses-creative.com\/de\/produkt\/blow-airbrush-pens-magic-farbwechsel\/","og_locale":"de_DE","og_type":"article","og_title":"Blow Airbrush Pens - Magic Farbwechsel - SES Creative","og_description":"Mit den magischen Blow Pens von SES Creative entdecken Kinder ab 5 Jahren eine v\u00f6llig neue Art zu malen. Das Set enth\u00e4lt 6 doppelfarbige Airbrush Stifte sowie einen wei\u00dfen Zauberstift, der Farben verbl\u00fcffend ver\u00e4ndert. Beim Hineinpusten in die Stifte entstehen Farbspr\u00fch-Effekte mit tollen \u00dcberg\u00e4ngen. Die Stifte sind ergonomisch, sicher und leicht zu handhaben \u2013 besonders [&hellip;]","og_url":"https:\/\/ses-creative.com\/de\/produkt\/blow-airbrush-pens-magic-farbwechsel\/","og_site_name":"SES Creative","article_modified_time":"2026-02-06T09:51:10+00:00","twitter_card":"summary_large_image","schema":{"@context":"https:\/\/schema.org","@graph":[{"@type":"WebPage","@id":"https:\/\/ses-creative.com\/de\/produkt\/blow-airbrush-pens-magic-farbwechsel\/","url":"https:\/\/ses-creative.com\/de\/produkt\/blow-airbrush-pens-magic-farbwechsel\/","name":"Blow Airbrush Pens - Magic Farbwechsel - SES Creative","isPartOf":{"@id":"https:\/\/ses-creative.com\/#website"},"primaryImageOfPage":{"@id":"https:\/\/ses-creative.com\/de\/produkt\/blow-airbrush-pens-magic-farbwechsel\/#primaryimage"},"image":{"@id":"https:\/\/ses-creative.com\/de\/produkt\/blow-airbrush-pens-magic-farbwechsel\/#primaryimage"},"thumbnailUrl":"https:\/\/ses-creative.com\/wp-content\/uploads\/2026\/01\/002831.jpg","datePublished":"2026-02-05T13:52:00+00:00","dateModified":"2026-02-06T09:51:10+00:00","breadcrumb":{"@id":"https:\/\/ses-creative.com\/de\/produkt\/blow-airbrush-pens-magic-farbwechsel\/#breadcrumb"},"inLanguage":"de","potentialAction":[{"@type":"ReadAction","target":["https:\/\/ses-creative.com\/de\/produkt\/blow-airbrush-pens-magic-farbwechsel\/"]}]},{"@type":"ImageObject","inLanguage":"de","@id":"https:\/\/ses-creative.com\/de\/produkt\/blow-airbrush-pens-magic-farbwechsel\/#primaryimage","url":"https:\/\/ses-creative.com\/wp-content\/uploads\/2026\/01\/002831.jpg","contentUrl":"https:\/\/ses-creative.com\/wp-content\/uploads\/2026\/01\/002831.jpg","width":1000,"height":1000},{"@type":"BreadcrumbList","@id":"https:\/\/ses-creative.com\/de\/produkt\/blow-airbrush-pens-magic-farbwechsel\/#breadcrumb","itemListElement":[{"@type":"ListItem","position":1,"name":"Shop","item":"https:\/\/ses-creative.com\/de\/shop\/"},{"@type":"ListItem","position":2,"name":"Basteln","item":"https:\/\/ses-creative.com\/de\/product-categorie\/basteln\/"},{"@type":"ListItem","position":3,"name":"Blow Airbrush Pens &#8211; Magic Farbwechsel"}]},{"@type":"WebSite","@id":"https:\/\/ses-creative.com\/#website","url":"https:\/\/ses-creative.com\/","name":"SES Creative","description":"","publisher":{"@id":"https:\/\/ses-creative.com\/#organization"},"potentialAction":[{"@type":"SearchAction","target":{"@type":"EntryPoint","urlTemplate":"https:\/\/ses-creative.com\/?s={search_term_string}"},"query-input":{"@type":"PropertyValueSpecification","valueRequired":true,"valueName":"search_term_string"}}],"inLanguage":"de"},{"@type":"Organization","@id":"https:\/\/ses-creative.com\/#organization","name":"SES Creative","url":"https:\/\/ses-creative.com\/","logo":{"@type":"ImageObject","inLanguage":"de","@id":"https:\/\/ses-creative.com\/#\/schema\/logo\/image\/","url":"https:\/\/ses-creative.com\/wp-content\/uploads\/2025\/10\/ses-creative-logo.jpg","contentUrl":"https:\/\/ses-creative.com\/wp-content\/uploads\/2025\/10\/ses-creative-logo.jpg","width":2037,"height":2037,"caption":"SES Creative"},"image":{"@id":"https:\/\/ses-creative.com\/#\/schema\/logo\/image\/"}}]}},"_links":{"self":[{"href":"https:\/\/ses-creative.com\/de\/wp-json\/wp\/v2\/product\/114348","targetHints":{"allow":["GET"]}}],"collection":[{"href":"https:\/\/ses-creative.com\/de\/wp-json\/wp\/v2\/product"}],"about":[{"href":"https:\/\/ses-creative.com\/de\/wp-json\/wp\/v2\/types\/product"}],"replies":[{"embeddable":true,"href":"https:\/\/ses-creative.com\/de\/wp-json\/wp\/v2\/comments?post=114348"}],"wp:featuredmedia":[{"embeddable":true,"href":"https:\/\/ses-creative.com\/de\/wp-json\/wp\/v2\/media\/96472"}],"wp:attachment":[{"href":"https:\/\/ses-creative.com\/de\/wp-json\/wp\/v2\/media?parent=114348"}],"wp:term":[{"taxonomy":"product_brand","embeddable":true,"href":"https:\/\/ses-creative.com\/de\/wp-json\/wp\/v2\/product_brand?post=114348"},{"taxonomy":"product_cat","embeddable":true,"href":"https:\/\/ses-creative.com\/de\/wp-json\/wp\/v2\/product_cat?post=114348"},{"taxonomy":"product_tag","embeddable":true,"href":"https:\/\/ses-creative.com\/de\/wp-json\/wp\/v2\/product_tag?post=114348"}],"curies":[{"name":"wp","href":"https:\/\/api.w.org\/{rel}","templated":true}]}}