











{"id":114343,"date":"2026-02-05T13:52:00","date_gmt":"2026-02-05T13:52:00","guid":{"rendered":"https:\/\/ses-creative.com\/?post_type=product&#038;p=114343"},"modified":"2026-02-06T09:51:09","modified_gmt":"2026-02-06T09:51:09","slug":"my-first-wachsmalperlen","status":"publish","type":"product","link":"https:\/\/ses-creative.com\/de\/produkt\/my-first-wachsmalperlen\/","title":{"rendered":"My first &#8211; Wachsmalperlen"},"content":{"rendered":"<p>Erstellen Sie die sch\u00f6nsten Zeichnungen mit My First Kreideperlen!<br \/>\nNimm die Perlenkette zur Hand und fang an zu zeichnen! Diese speziellen Kreideperlen von SES Creative sind dank ihrer einfachen Handhabung perfekt f\u00fcr die Kleinsten geeignet. Durch ihre runde Form k\u00f6nnen Kleinkinder sie leicht greifen und das Malen mit Kreide lernen. Die Perlen sind aneinandergereiht, sodass du sie nicht so schnell verlieren kannst. Ideal f\u00fcr Kinder, die ihre ersten Schritte in der Welt des Zeichnens machen m\u00f6chten!<br \/>\nWas dieses Set so toll macht<br \/>\n&#8211;    Leicht zu greifen f\u00fcr kleine H\u00e4nde und die Form bietet guten Halt<br \/>\n&#8211;    Die Kreiden sind aneinander gereiht, sodass sie nicht so leicht verloren gehen und keine Unordnung verursachen<br \/>\n&#8211;    F\u00f6rdert die Kreativit\u00e4t und die Feinmotorik, perfekt zum Zeichnenlernen<br \/>\n&#8211;    Fr\u00f6hliche Farben<br \/>\n&#8211;    Geeignet f\u00fcr Kinder ab 1 Jahr<br \/>\nWarum dieses Produkt perfekt f\u00fcr Sie ist<br \/>\nDieses Set ist ideal f\u00fcr Eltern, die ihren Kleinsten eine kreative und lehrreiche Aktivit\u00e4t bieten m\u00f6chten. Es bietet eine sichere und unterhaltsame M\u00f6glichkeit zum Spielen und Malen lernen. Die Kreideperlen sind einfach zu verwenden und sorgen f\u00fcr viel Spielspa\u00df ohne Unordnung. Die Kreide ist au\u00dferdem gut auswaschbar. Eine gro\u00dfartige M\u00f6glichkeit, kreativ zu sein und die Feinmotorik zu entwickeln.<br \/>\nInhalt des Sets<br \/>\n&#8211;    6 farbige Kreideb\u00e4lle aneinandergereiht<br \/>\n&#8211;    Farben: Blau, Violett, Gelb, Gr\u00fcn, Orange, Rot<br \/>\nWarum SES Creative w\u00e4hlen?<br \/>\nBei SES Creative legen wir gro\u00dfen Wert auf Sicherheit. Deshalb werden die Produkte in der Fabrik in den Niederlanden nach den strengsten europ\u00e4ischen Sicherheitsnormen hergestellt und getestet. Spielzeug von SES Creative sorgt f\u00fcr Spa\u00df und zielt darauf ab, dass Kinder stolz auf ihre Arbeit sein k\u00f6nnen, was ihre Kreativit\u00e4t und Entwicklung f\u00f6rdert.<br \/>\nBeginnen Sie noch heute mit dem Erstellen sch\u00f6ner Zeichnungen<br \/>\nEntdecken Sie die Freude am Zeichnen und Malen mit diesen bunten Kreideperlen. Perfekt f\u00fcr stundenlangen kreativen Spielspa\u00df!<\/p>\n","protected":false},"excerpt":{"rendered":"<p>Erstellen Sie die sch\u00f6nsten Zeichnungen mit My First Kreideperlen! Nimm die Perlenkette zur Hand und fang an zu zeichnen! Diese speziellen Kreideperlen von SES Creative sind dank ihrer einfachen Handhabung perfekt f\u00fcr die Kleinsten geeignet. Durch ihre runde Form k\u00f6nnen Kleinkinder sie leicht greifen und das Malen mit Kreide lernen. Die Perlen sind aneinandergereiht, sodass [&hellip;]<\/p>\n","protected":false},"featured_media":96188,"comment_status":"closed","ping_status":"closed","template":"","meta":{"_acf_changed":false},"product_brand":[],"product_cat":[116],"product_tag":[],"class_list":{"0":"post-114343","1":"product","2":"type-product","3":"status-publish","4":"has-post-thumbnail","6":"product_cat-baby-kleinkind","7":"pa_leeftijd-filter-0-2-jahre","8":"pa_meest-populair-bij-jungen-maedchen","10":"first","11":"instock","12":"shipping-taxable","13":"product-type-simple"},"acf":[],"yoast_head":"<!-- This site is optimized with the Yoast SEO plugin v27.2 - https:\/\/yoast.com\/product\/yoast-seo-wordpress\/ -->\n<title>My first - Wachsmalperlen - SES Creative<\/title>\n<meta name=\"robots\" content=\"index, follow, max-snippet:-1, max-image-preview:large, max-video-preview:-1\" \/>\n<link rel=\"canonical\" href=\"https:\/\/ses-creative.com\/de\/produkt\/my-first-wachsmalperlen\/\" \/>\n<meta property=\"og:locale\" content=\"de_DE\" \/>\n<meta property=\"og:type\" content=\"article\" \/>\n<meta property=\"og:title\" content=\"My first - Wachsmalperlen - SES Creative\" \/>\n<meta property=\"og:description\" content=\"Erstellen Sie die sch\u00f6nsten Zeichnungen mit My First Kreideperlen! Nimm die Perlenkette zur Hand und fang an zu zeichnen! Diese speziellen Kreideperlen von SES Creative sind dank ihrer einfachen Handhabung perfekt f\u00fcr die Kleinsten geeignet. Durch ihre runde Form k\u00f6nnen Kleinkinder sie leicht greifen und das Malen mit Kreide lernen. Die Perlen sind aneinandergereiht, sodass [&hellip;]\" \/>\n<meta property=\"og:url\" content=\"https:\/\/ses-creative.com\/de\/produkt\/my-first-wachsmalperlen\/\" \/>\n<meta property=\"og:site_name\" content=\"SES Creative\" \/>\n<meta property=\"article:modified_time\" content=\"2026-02-06T09:51:09+00:00\" \/>\n<meta name=\"twitter:card\" content=\"summary_large_image\" \/>\n<meta name=\"twitter:label1\" content=\"Gesch\u00e4tzte Lesezeit\" \/>\n\t<meta name=\"twitter:data1\" content=\"2\u00a0Minuten\" \/>\n<script type=\"application\/ld+json\" class=\"yoast-schema-graph\">{\"@context\":\"https:\/\/schema.org\",\"@graph\":[{\"@type\":\"WebPage\",\"@id\":\"https:\/\/ses-creative.com\/de\/produkt\/my-first-wachsmalperlen\/\",\"url\":\"https:\/\/ses-creative.com\/de\/produkt\/my-first-wachsmalperlen\/\",\"name\":\"My first - Wachsmalperlen - SES Creative\",\"isPartOf\":{\"@id\":\"https:\/\/ses-creative.com\/#website\"},\"primaryImageOfPage\":{\"@id\":\"https:\/\/ses-creative.com\/de\/produkt\/my-first-wachsmalperlen\/#primaryimage\"},\"image\":{\"@id\":\"https:\/\/ses-creative.com\/de\/produkt\/my-first-wachsmalperlen\/#primaryimage\"},\"thumbnailUrl\":\"https:\/\/ses-creative.com\/wp-content\/uploads\/2026\/01\/002441.jpg\",\"datePublished\":\"2026-02-05T13:52:00+00:00\",\"dateModified\":\"2026-02-06T09:51:09+00:00\",\"breadcrumb\":{\"@id\":\"https:\/\/ses-creative.com\/de\/produkt\/my-first-wachsmalperlen\/#breadcrumb\"},\"inLanguage\":\"de\",\"potentialAction\":[{\"@type\":\"ReadAction\",\"target\":[\"https:\/\/ses-creative.com\/de\/produkt\/my-first-wachsmalperlen\/\"]}]},{\"@type\":\"ImageObject\",\"inLanguage\":\"de\",\"@id\":\"https:\/\/ses-creative.com\/de\/produkt\/my-first-wachsmalperlen\/#primaryimage\",\"url\":\"https:\/\/ses-creative.com\/wp-content\/uploads\/2026\/01\/002441.jpg\",\"contentUrl\":\"https:\/\/ses-creative.com\/wp-content\/uploads\/2026\/01\/002441.jpg\",\"width\":1000,\"height\":1000},{\"@type\":\"BreadcrumbList\",\"@id\":\"https:\/\/ses-creative.com\/de\/produkt\/my-first-wachsmalperlen\/#breadcrumb\",\"itemListElement\":[{\"@type\":\"ListItem\",\"position\":1,\"name\":\"Shop\",\"item\":\"https:\/\/ses-creative.com\/de\/shop\/\"},{\"@type\":\"ListItem\",\"position\":2,\"name\":\"Baby &amp; Kleinkind\",\"item\":\"https:\/\/ses-creative.com\/de\/product-categorie\/baby-kleinkind\/\"},{\"@type\":\"ListItem\",\"position\":3,\"name\":\"My first &#8211; Wachsmalperlen\"}]},{\"@type\":\"WebSite\",\"@id\":\"https:\/\/ses-creative.com\/#website\",\"url\":\"https:\/\/ses-creative.com\/\",\"name\":\"SES Creative\",\"description\":\"\",\"publisher\":{\"@id\":\"https:\/\/ses-creative.com\/#organization\"},\"potentialAction\":[{\"@type\":\"SearchAction\",\"target\":{\"@type\":\"EntryPoint\",\"urlTemplate\":\"https:\/\/ses-creative.com\/?s={search_term_string}\"},\"query-input\":{\"@type\":\"PropertyValueSpecification\",\"valueRequired\":true,\"valueName\":\"search_term_string\"}}],\"inLanguage\":\"de\"},{\"@type\":\"Organization\",\"@id\":\"https:\/\/ses-creative.com\/#organization\",\"name\":\"SES Creative\",\"url\":\"https:\/\/ses-creative.com\/\",\"logo\":{\"@type\":\"ImageObject\",\"inLanguage\":\"de\",\"@id\":\"https:\/\/ses-creative.com\/#\/schema\/logo\/image\/\",\"url\":\"https:\/\/ses-creative.com\/wp-content\/uploads\/2025\/10\/ses-creative-logo.jpg\",\"contentUrl\":\"https:\/\/ses-creative.com\/wp-content\/uploads\/2025\/10\/ses-creative-logo.jpg\",\"width\":2037,\"height\":2037,\"caption\":\"SES Creative\"},\"image\":{\"@id\":\"https:\/\/ses-creative.com\/#\/schema\/logo\/image\/\"}}]}<\/script>\n<!-- \/ Yoast SEO plugin. -->","yoast_head_json":{"title":"My first - Wachsmalperlen - SES Creative","robots":{"index":"index","follow":"follow","max-snippet":"max-snippet:-1","max-image-preview":"max-image-preview:large","max-video-preview":"max-video-preview:-1"},"canonical":"https:\/\/ses-creative.com\/de\/produkt\/my-first-wachsmalperlen\/","og_locale":"de_DE","og_type":"article","og_title":"My first - Wachsmalperlen - SES Creative","og_description":"Erstellen Sie die sch\u00f6nsten Zeichnungen mit My First Kreideperlen! Nimm die Perlenkette zur Hand und fang an zu zeichnen! Diese speziellen Kreideperlen von SES Creative sind dank ihrer einfachen Handhabung perfekt f\u00fcr die Kleinsten geeignet. Durch ihre runde Form k\u00f6nnen Kleinkinder sie leicht greifen und das Malen mit Kreide lernen. Die Perlen sind aneinandergereiht, sodass [&hellip;]","og_url":"https:\/\/ses-creative.com\/de\/produkt\/my-first-wachsmalperlen\/","og_site_name":"SES Creative","article_modified_time":"2026-02-06T09:51:09+00:00","twitter_card":"summary_large_image","twitter_misc":{"Gesch\u00e4tzte Lesezeit":"2\u00a0Minuten"},"schema":{"@context":"https:\/\/schema.org","@graph":[{"@type":"WebPage","@id":"https:\/\/ses-creative.com\/de\/produkt\/my-first-wachsmalperlen\/","url":"https:\/\/ses-creative.com\/de\/produkt\/my-first-wachsmalperlen\/","name":"My first - Wachsmalperlen - SES Creative","isPartOf":{"@id":"https:\/\/ses-creative.com\/#website"},"primaryImageOfPage":{"@id":"https:\/\/ses-creative.com\/de\/produkt\/my-first-wachsmalperlen\/#primaryimage"},"image":{"@id":"https:\/\/ses-creative.com\/de\/produkt\/my-first-wachsmalperlen\/#primaryimage"},"thumbnailUrl":"https:\/\/ses-creative.com\/wp-content\/uploads\/2026\/01\/002441.jpg","datePublished":"2026-02-05T13:52:00+00:00","dateModified":"2026-02-06T09:51:09+00:00","breadcrumb":{"@id":"https:\/\/ses-creative.com\/de\/produkt\/my-first-wachsmalperlen\/#breadcrumb"},"inLanguage":"de","potentialAction":[{"@type":"ReadAction","target":["https:\/\/ses-creative.com\/de\/produkt\/my-first-wachsmalperlen\/"]}]},{"@type":"ImageObject","inLanguage":"de","@id":"https:\/\/ses-creative.com\/de\/produkt\/my-first-wachsmalperlen\/#primaryimage","url":"https:\/\/ses-creative.com\/wp-content\/uploads\/2026\/01\/002441.jpg","contentUrl":"https:\/\/ses-creative.com\/wp-content\/uploads\/2026\/01\/002441.jpg","width":1000,"height":1000},{"@type":"BreadcrumbList","@id":"https:\/\/ses-creative.com\/de\/produkt\/my-first-wachsmalperlen\/#breadcrumb","itemListElement":[{"@type":"ListItem","position":1,"name":"Shop","item":"https:\/\/ses-creative.com\/de\/shop\/"},{"@type":"ListItem","position":2,"name":"Baby &amp; Kleinkind","item":"https:\/\/ses-creative.com\/de\/product-categorie\/baby-kleinkind\/"},{"@type":"ListItem","position":3,"name":"My first &#8211; Wachsmalperlen"}]},{"@type":"WebSite","@id":"https:\/\/ses-creative.com\/#website","url":"https:\/\/ses-creative.com\/","name":"SES Creative","description":"","publisher":{"@id":"https:\/\/ses-creative.com\/#organization"},"potentialAction":[{"@type":"SearchAction","target":{"@type":"EntryPoint","urlTemplate":"https:\/\/ses-creative.com\/?s={search_term_string}"},"query-input":{"@type":"PropertyValueSpecification","valueRequired":true,"valueName":"search_term_string"}}],"inLanguage":"de"},{"@type":"Organization","@id":"https:\/\/ses-creative.com\/#organization","name":"SES Creative","url":"https:\/\/ses-creative.com\/","logo":{"@type":"ImageObject","inLanguage":"de","@id":"https:\/\/ses-creative.com\/#\/schema\/logo\/image\/","url":"https:\/\/ses-creative.com\/wp-content\/uploads\/2025\/10\/ses-creative-logo.jpg","contentUrl":"https:\/\/ses-creative.com\/wp-content\/uploads\/2025\/10\/ses-creative-logo.jpg","width":2037,"height":2037,"caption":"SES Creative"},"image":{"@id":"https:\/\/ses-creative.com\/#\/schema\/logo\/image\/"}}]}},"_links":{"self":[{"href":"https:\/\/ses-creative.com\/de\/wp-json\/wp\/v2\/product\/114343","targetHints":{"allow":["GET"]}}],"collection":[{"href":"https:\/\/ses-creative.com\/de\/wp-json\/wp\/v2\/product"}],"about":[{"href":"https:\/\/ses-creative.com\/de\/wp-json\/wp\/v2\/types\/product"}],"replies":[{"embeddable":true,"href":"https:\/\/ses-creative.com\/de\/wp-json\/wp\/v2\/comments?post=114343"}],"wp:featuredmedia":[{"embeddable":true,"href":"https:\/\/ses-creative.com\/de\/wp-json\/wp\/v2\/media\/96188"}],"wp:attachment":[{"href":"https:\/\/ses-creative.com\/de\/wp-json\/wp\/v2\/media?parent=114343"}],"wp:term":[{"taxonomy":"product_brand","embeddable":true,"href":"https:\/\/ses-creative.com\/de\/wp-json\/wp\/v2\/product_brand?post=114343"},{"taxonomy":"product_cat","embeddable":true,"href":"https:\/\/ses-creative.com\/de\/wp-json\/wp\/v2\/product_cat?post=114343"},{"taxonomy":"product_tag","embeddable":true,"href":"https:\/\/ses-creative.com\/de\/wp-json\/wp\/v2\/product_tag?post=114343"}],"curies":[{"name":"wp","href":"https:\/\/api.w.org\/{rel}","templated":true}]}}