











{"id":114342,"date":"2026-02-05T13:52:00","date_gmt":"2026-02-05T13:52:00","guid":{"rendered":"https:\/\/ses-creative.com\/?post_type=product&#038;p=114342"},"modified":"2026-02-06T09:51:09","modified_gmt":"2026-02-06T09:51:09","slug":"my-first-colourball","status":"publish","type":"product","link":"https:\/\/ses-creative.com\/de\/produkt\/my-first-colourball\/","title":{"rendered":"My first &#8211; Colourball"},"content":{"rendered":"<p>Entdecke Farben und Kreativit\u00e4t mit dem My First Farbball!<br \/>\nMit dem Farbball von SES Creative k\u00f6nnen sogar die Kleinsten lustige Kunstwerke schaffen! Entdecken Sie die Welt der Farben und des kreativen Schaffens mit diesem fr\u00f6hlichen Farbball. Der Kreideball ist f\u00fcr kleine H\u00e4nde leicht zu greifen und die Form bietet zus\u00e4tzlichen Halt. Kleinkinder k\u00f6nnen auf spielerische und sichere Weise Farben kennenlernen. Dieser farbenfrohe Ball ist ideal, um die ersten Schritte in die Welt des Malens und Zeichnens zu machen.<br \/>\nWas dieses Set so toll macht<br \/>\n&#8211;    Leicht zu greifen, perfekt f\u00fcr kleine H\u00e4nde<br \/>\n&#8211;    F\u00f6rdert die Feinmotorik<br \/>\n&#8211;    Kennenlernen von Farben und Zeichnen mit den fr\u00f6hlichen Farben der Kreide<br \/>\n&#8211;    Geeignet f\u00fcr Kinder ab 1 Jahr<br \/>\n&#8211;    Die Kreide l\u00e4sst sich gut auswaschen, sowohl aus Kleidung als auch von der Haut<br \/>\nWarum dies perfekt f\u00fcr Sie ist<br \/>\nDieser Farbball ist ideal f\u00fcr Eltern, die ihren Kleinsten eine kreative und lehrreiche Aktivit\u00e4t bieten m\u00f6chten. Er bietet eine sichere und unterhaltsame M\u00f6glichkeit zum Spielen und Lernen und f\u00f6rdert gleichzeitig die Feinmotorik Ihres Kindes. Die Kreide ist gut auswaschbar und l\u00e4sst sich leicht von den H\u00e4nden abwaschen.<br \/>\nInhalt des Sets<br \/>\n&#8211;    Kreideball mit 6 verschiedenen Kreidefarben (rot, gelb, blau, gr\u00fcn, schwarz und braun)<br \/>\nWarum SES Creative w\u00e4hlen?<br \/>\nBei SES Creative legen wir gro\u00dfen Wert auf Sicherheit. Deshalb werden die Produkte in der Fabrik in den Niederlanden nach den strengsten europ\u00e4ischen Sicherheitsnormen hergestellt und getestet. Spielzeug von SES Creative sorgt f\u00fcr Spa\u00df und soll Kindern erm\u00f6glichen, stolz auf ihre Arbeit zu sein, was ihre Kreativit\u00e4t und Entwicklung f\u00f6rdert.<br \/>\nBeginnen Sie noch heute mit der Entdeckung der Farben<br \/>\nEntdecken Sie den Spa\u00df an Farben und Kreativit\u00e4t mit dem My First Farbball. Perfekt f\u00fcr stundenlangen Spielspa\u00df!<\/p>\n","protected":false},"excerpt":{"rendered":"<p>Entdecke Farben und Kreativit\u00e4t mit dem My First Farbball! Mit dem Farbball von SES Creative k\u00f6nnen sogar die Kleinsten lustige Kunstwerke schaffen! Entdecken Sie die Welt der Farben und des kreativen Schaffens mit diesem fr\u00f6hlichen Farbball. Der Kreideball ist f\u00fcr kleine H\u00e4nde leicht zu greifen und die Form bietet zus\u00e4tzlichen Halt. Kleinkinder k\u00f6nnen auf spielerische [&hellip;]<\/p>\n","protected":false},"featured_media":96128,"comment_status":"closed","ping_status":"closed","template":"","meta":{"_acf_changed":false},"product_brand":[],"product_cat":[116],"product_tag":[],"class_list":{"0":"post-114342","1":"product","2":"type-product","3":"status-publish","4":"has-post-thumbnail","6":"product_cat-baby-kleinkind","7":"pa_leeftijd-filter-0-2-jahre","8":"pa_meest-populair-bij-jungen-maedchen","10":"first","11":"instock","12":"shipping-taxable","13":"product-type-simple"},"acf":[],"yoast_head":"<!-- This site is optimized with the Yoast SEO plugin v27.2 - https:\/\/yoast.com\/product\/yoast-seo-wordpress\/ -->\n<title>My first - Colourball - SES Creative<\/title>\n<meta name=\"robots\" content=\"index, follow, max-snippet:-1, max-image-preview:large, max-video-preview:-1\" \/>\n<link rel=\"canonical\" href=\"https:\/\/ses-creative.com\/de\/produkt\/my-first-colourball\/\" \/>\n<meta property=\"og:locale\" content=\"de_DE\" \/>\n<meta property=\"og:type\" content=\"article\" \/>\n<meta property=\"og:title\" content=\"My first - Colourball - SES Creative\" \/>\n<meta property=\"og:description\" content=\"Entdecke Farben und Kreativit\u00e4t mit dem My First Farbball! Mit dem Farbball von SES Creative k\u00f6nnen sogar die Kleinsten lustige Kunstwerke schaffen! Entdecken Sie die Welt der Farben und des kreativen Schaffens mit diesem fr\u00f6hlichen Farbball. Der Kreideball ist f\u00fcr kleine H\u00e4nde leicht zu greifen und die Form bietet zus\u00e4tzlichen Halt. Kleinkinder k\u00f6nnen auf spielerische [&hellip;]\" \/>\n<meta property=\"og:url\" content=\"https:\/\/ses-creative.com\/de\/produkt\/my-first-colourball\/\" \/>\n<meta property=\"og:site_name\" content=\"SES Creative\" \/>\n<meta property=\"article:modified_time\" content=\"2026-02-06T09:51:09+00:00\" \/>\n<meta name=\"twitter:card\" content=\"summary_large_image\" \/>\n<meta name=\"twitter:label1\" content=\"Gesch\u00e4tzte Lesezeit\" \/>\n\t<meta name=\"twitter:data1\" content=\"2\u00a0Minuten\" \/>\n<script type=\"application\/ld+json\" class=\"yoast-schema-graph\">{\"@context\":\"https:\/\/schema.org\",\"@graph\":[{\"@type\":\"WebPage\",\"@id\":\"https:\/\/ses-creative.com\/de\/produkt\/my-first-colourball\/\",\"url\":\"https:\/\/ses-creative.com\/de\/produkt\/my-first-colourball\/\",\"name\":\"My first - Colourball - SES Creative\",\"isPartOf\":{\"@id\":\"https:\/\/ses-creative.com\/#website\"},\"primaryImageOfPage\":{\"@id\":\"https:\/\/ses-creative.com\/de\/produkt\/my-first-colourball\/#primaryimage\"},\"image\":{\"@id\":\"https:\/\/ses-creative.com\/de\/produkt\/my-first-colourball\/#primaryimage\"},\"thumbnailUrl\":\"https:\/\/ses-creative.com\/wp-content\/uploads\/2026\/01\/002421.jpg\",\"datePublished\":\"2026-02-05T13:52:00+00:00\",\"dateModified\":\"2026-02-06T09:51:09+00:00\",\"breadcrumb\":{\"@id\":\"https:\/\/ses-creative.com\/de\/produkt\/my-first-colourball\/#breadcrumb\"},\"inLanguage\":\"de\",\"potentialAction\":[{\"@type\":\"ReadAction\",\"target\":[\"https:\/\/ses-creative.com\/de\/produkt\/my-first-colourball\/\"]}]},{\"@type\":\"ImageObject\",\"inLanguage\":\"de\",\"@id\":\"https:\/\/ses-creative.com\/de\/produkt\/my-first-colourball\/#primaryimage\",\"url\":\"https:\/\/ses-creative.com\/wp-content\/uploads\/2026\/01\/002421.jpg\",\"contentUrl\":\"https:\/\/ses-creative.com\/wp-content\/uploads\/2026\/01\/002421.jpg\",\"width\":1000,\"height\":1000},{\"@type\":\"BreadcrumbList\",\"@id\":\"https:\/\/ses-creative.com\/de\/produkt\/my-first-colourball\/#breadcrumb\",\"itemListElement\":[{\"@type\":\"ListItem\",\"position\":1,\"name\":\"Shop\",\"item\":\"https:\/\/ses-creative.com\/de\/shop\/\"},{\"@type\":\"ListItem\",\"position\":2,\"name\":\"Baby &amp; Kleinkind\",\"item\":\"https:\/\/ses-creative.com\/de\/product-categorie\/baby-kleinkind\/\"},{\"@type\":\"ListItem\",\"position\":3,\"name\":\"My first &#8211; Colourball\"}]},{\"@type\":\"WebSite\",\"@id\":\"https:\/\/ses-creative.com\/#website\",\"url\":\"https:\/\/ses-creative.com\/\",\"name\":\"SES Creative\",\"description\":\"\",\"publisher\":{\"@id\":\"https:\/\/ses-creative.com\/#organization\"},\"potentialAction\":[{\"@type\":\"SearchAction\",\"target\":{\"@type\":\"EntryPoint\",\"urlTemplate\":\"https:\/\/ses-creative.com\/?s={search_term_string}\"},\"query-input\":{\"@type\":\"PropertyValueSpecification\",\"valueRequired\":true,\"valueName\":\"search_term_string\"}}],\"inLanguage\":\"de\"},{\"@type\":\"Organization\",\"@id\":\"https:\/\/ses-creative.com\/#organization\",\"name\":\"SES Creative\",\"url\":\"https:\/\/ses-creative.com\/\",\"logo\":{\"@type\":\"ImageObject\",\"inLanguage\":\"de\",\"@id\":\"https:\/\/ses-creative.com\/#\/schema\/logo\/image\/\",\"url\":\"https:\/\/ses-creative.com\/wp-content\/uploads\/2025\/10\/ses-creative-logo.jpg\",\"contentUrl\":\"https:\/\/ses-creative.com\/wp-content\/uploads\/2025\/10\/ses-creative-logo.jpg\",\"width\":2037,\"height\":2037,\"caption\":\"SES Creative\"},\"image\":{\"@id\":\"https:\/\/ses-creative.com\/#\/schema\/logo\/image\/\"}}]}<\/script>\n<!-- \/ Yoast SEO plugin. -->","yoast_head_json":{"title":"My first - Colourball - SES Creative","robots":{"index":"index","follow":"follow","max-snippet":"max-snippet:-1","max-image-preview":"max-image-preview:large","max-video-preview":"max-video-preview:-1"},"canonical":"https:\/\/ses-creative.com\/de\/produkt\/my-first-colourball\/","og_locale":"de_DE","og_type":"article","og_title":"My first - Colourball - SES Creative","og_description":"Entdecke Farben und Kreativit\u00e4t mit dem My First Farbball! Mit dem Farbball von SES Creative k\u00f6nnen sogar die Kleinsten lustige Kunstwerke schaffen! Entdecken Sie die Welt der Farben und des kreativen Schaffens mit diesem fr\u00f6hlichen Farbball. Der Kreideball ist f\u00fcr kleine H\u00e4nde leicht zu greifen und die Form bietet zus\u00e4tzlichen Halt. Kleinkinder k\u00f6nnen auf spielerische [&hellip;]","og_url":"https:\/\/ses-creative.com\/de\/produkt\/my-first-colourball\/","og_site_name":"SES Creative","article_modified_time":"2026-02-06T09:51:09+00:00","twitter_card":"summary_large_image","twitter_misc":{"Gesch\u00e4tzte Lesezeit":"2\u00a0Minuten"},"schema":{"@context":"https:\/\/schema.org","@graph":[{"@type":"WebPage","@id":"https:\/\/ses-creative.com\/de\/produkt\/my-first-colourball\/","url":"https:\/\/ses-creative.com\/de\/produkt\/my-first-colourball\/","name":"My first - Colourball - SES Creative","isPartOf":{"@id":"https:\/\/ses-creative.com\/#website"},"primaryImageOfPage":{"@id":"https:\/\/ses-creative.com\/de\/produkt\/my-first-colourball\/#primaryimage"},"image":{"@id":"https:\/\/ses-creative.com\/de\/produkt\/my-first-colourball\/#primaryimage"},"thumbnailUrl":"https:\/\/ses-creative.com\/wp-content\/uploads\/2026\/01\/002421.jpg","datePublished":"2026-02-05T13:52:00+00:00","dateModified":"2026-02-06T09:51:09+00:00","breadcrumb":{"@id":"https:\/\/ses-creative.com\/de\/produkt\/my-first-colourball\/#breadcrumb"},"inLanguage":"de","potentialAction":[{"@type":"ReadAction","target":["https:\/\/ses-creative.com\/de\/produkt\/my-first-colourball\/"]}]},{"@type":"ImageObject","inLanguage":"de","@id":"https:\/\/ses-creative.com\/de\/produkt\/my-first-colourball\/#primaryimage","url":"https:\/\/ses-creative.com\/wp-content\/uploads\/2026\/01\/002421.jpg","contentUrl":"https:\/\/ses-creative.com\/wp-content\/uploads\/2026\/01\/002421.jpg","width":1000,"height":1000},{"@type":"BreadcrumbList","@id":"https:\/\/ses-creative.com\/de\/produkt\/my-first-colourball\/#breadcrumb","itemListElement":[{"@type":"ListItem","position":1,"name":"Shop","item":"https:\/\/ses-creative.com\/de\/shop\/"},{"@type":"ListItem","position":2,"name":"Baby &amp; Kleinkind","item":"https:\/\/ses-creative.com\/de\/product-categorie\/baby-kleinkind\/"},{"@type":"ListItem","position":3,"name":"My first &#8211; Colourball"}]},{"@type":"WebSite","@id":"https:\/\/ses-creative.com\/#website","url":"https:\/\/ses-creative.com\/","name":"SES Creative","description":"","publisher":{"@id":"https:\/\/ses-creative.com\/#organization"},"potentialAction":[{"@type":"SearchAction","target":{"@type":"EntryPoint","urlTemplate":"https:\/\/ses-creative.com\/?s={search_term_string}"},"query-input":{"@type":"PropertyValueSpecification","valueRequired":true,"valueName":"search_term_string"}}],"inLanguage":"de"},{"@type":"Organization","@id":"https:\/\/ses-creative.com\/#organization","name":"SES Creative","url":"https:\/\/ses-creative.com\/","logo":{"@type":"ImageObject","inLanguage":"de","@id":"https:\/\/ses-creative.com\/#\/schema\/logo\/image\/","url":"https:\/\/ses-creative.com\/wp-content\/uploads\/2025\/10\/ses-creative-logo.jpg","contentUrl":"https:\/\/ses-creative.com\/wp-content\/uploads\/2025\/10\/ses-creative-logo.jpg","width":2037,"height":2037,"caption":"SES Creative"},"image":{"@id":"https:\/\/ses-creative.com\/#\/schema\/logo\/image\/"}}]}},"_links":{"self":[{"href":"https:\/\/ses-creative.com\/de\/wp-json\/wp\/v2\/product\/114342","targetHints":{"allow":["GET"]}}],"collection":[{"href":"https:\/\/ses-creative.com\/de\/wp-json\/wp\/v2\/product"}],"about":[{"href":"https:\/\/ses-creative.com\/de\/wp-json\/wp\/v2\/types\/product"}],"replies":[{"embeddable":true,"href":"https:\/\/ses-creative.com\/de\/wp-json\/wp\/v2\/comments?post=114342"}],"wp:featuredmedia":[{"embeddable":true,"href":"https:\/\/ses-creative.com\/de\/wp-json\/wp\/v2\/media\/96128"}],"wp:attachment":[{"href":"https:\/\/ses-creative.com\/de\/wp-json\/wp\/v2\/media?parent=114342"}],"wp:term":[{"taxonomy":"product_brand","embeddable":true,"href":"https:\/\/ses-creative.com\/de\/wp-json\/wp\/v2\/product_brand?post=114342"},{"taxonomy":"product_cat","embeddable":true,"href":"https:\/\/ses-creative.com\/de\/wp-json\/wp\/v2\/product_cat?post=114342"},{"taxonomy":"product_tag","embeddable":true,"href":"https:\/\/ses-creative.com\/de\/wp-json\/wp\/v2\/product_tag?post=114342"}],"curies":[{"name":"wp","href":"https:\/\/api.w.org\/{rel}","templated":true}]}}