











{"id":114341,"date":"2026-02-05T13:52:00","date_gmt":"2026-02-05T13:52:00","guid":{"rendered":"https:\/\/ses-creative.com\/?post_type=product&#038;p=114341"},"modified":"2026-02-06T09:51:09","modified_gmt":"2026-02-06T09:51:09","slug":"bunte-kreide-mit-schwamm","status":"publish","type":"product","link":"https:\/\/ses-creative.com\/de\/produkt\/bunte-kreide-mit-schwamm\/","title":{"rendered":"Bunte Kreide mit Schwamm"},"content":{"rendered":"<p>Entdecken Sie das 12er-Set Bunte Kreide mit Radiergummi von SES Creative, das ideale Kunstspielzeug, um die Kreativit\u00e4t und Fantasie von Kindern ab 2 Jahren anzuregen. Dieses Komplettset enth\u00e4lt 12 Kreiden in leuchtenden Farben und einen Radierer, mit denen kleine K\u00fcnstler kreieren, l\u00f6schen und neu beginnen k\u00f6nnen &#8211; f\u00fcr stundenlangen interaktiven und spielerischen Spielspa\u00df. Die Kreiden wurden aus robusten Materialien und hochwertigen Pigmenten hergestellt, sind weniger br\u00fcchig und bieten auch bei intensivem Gebrauch eine au\u00dfergew\u00f6hnliche Haltbarkeit. Ihre staubfreie Formulierung sorgt f\u00fcr eine saubere und sichere Umgebung zum kreativen Arbeiten, ob zu Hause, in der Schule oder im Kindergarten. Das Set f\u00f6rdert au\u00dferdem die Entwicklung der Feinmotorik, der Hand-Augen-Koordination und des k\u00fcnstlerischen Ausdrucks, indem es zur Erkundung verschiedener Zeichentechniken anregt. Dieses Set wird in den Niederlanden von SES Creative hergestellt, einem Unternehmen, das seit 1972 f\u00fcr die Qualit\u00e4t und Sicherheit seiner Spielzeuge bekannt ist. Es ist das perfekte Geschenk, um die k\u00fcnstlerischen Talente der Kleinen zu wecken und ihre ersten Entdeckungen zu begleiten.<\/p>\n","protected":false},"excerpt":{"rendered":"<p>Entdecken Sie das 12er-Set Bunte Kreide mit Radiergummi von SES Creative, das ideale Kunstspielzeug, um die Kreativit\u00e4t und Fantasie von Kindern ab 2 Jahren anzuregen. Dieses Komplettset enth\u00e4lt 12 Kreiden in leuchtenden Farben und einen Radierer, mit denen kleine K\u00fcnstler kreieren, l\u00f6schen und neu beginnen k\u00f6nnen &#8211; f\u00fcr stundenlangen interaktiven und spielerischen Spielspa\u00df. Die Kreiden [&hellip;]<\/p>\n","protected":false},"featured_media":96068,"comment_status":"closed","ping_status":"closed","template":"","meta":{"_acf_changed":false},"product_brand":[],"product_cat":[115],"product_tag":[],"class_list":{"0":"post-114341","1":"product","2":"type-product","3":"status-publish","4":"has-post-thumbnail","6":"product_cat-basteln","7":"pa_leeftijd-filter-0-2-jahre","8":"pa_meest-populair-bij-jungen-maedchen","10":"first","11":"instock","12":"shipping-taxable","13":"product-type-simple"},"acf":[],"yoast_head":"<!-- This site is optimized with the Yoast SEO plugin v27.2 - https:\/\/yoast.com\/product\/yoast-seo-wordpress\/ -->\n<title>Bunte Kreide mit Schwamm - SES Creative<\/title>\n<meta name=\"robots\" content=\"index, follow, max-snippet:-1, max-image-preview:large, max-video-preview:-1\" \/>\n<link rel=\"canonical\" href=\"https:\/\/ses-creative.com\/de\/produkt\/bunte-kreide-mit-schwamm\/\" \/>\n<meta property=\"og:locale\" content=\"de_DE\" \/>\n<meta property=\"og:type\" content=\"article\" \/>\n<meta property=\"og:title\" content=\"Bunte Kreide mit Schwamm - SES Creative\" \/>\n<meta property=\"og:description\" content=\"Entdecken Sie das 12er-Set Bunte Kreide mit Radiergummi von SES Creative, das ideale Kunstspielzeug, um die Kreativit\u00e4t und Fantasie von Kindern ab 2 Jahren anzuregen. Dieses Komplettset enth\u00e4lt 12 Kreiden in leuchtenden Farben und einen Radierer, mit denen kleine K\u00fcnstler kreieren, l\u00f6schen und neu beginnen k\u00f6nnen &#8211; f\u00fcr stundenlangen interaktiven und spielerischen Spielspa\u00df. Die Kreiden [&hellip;]\" \/>\n<meta property=\"og:url\" content=\"https:\/\/ses-creative.com\/de\/produkt\/bunte-kreide-mit-schwamm\/\" \/>\n<meta property=\"og:site_name\" content=\"SES Creative\" \/>\n<meta property=\"article:modified_time\" content=\"2026-02-06T09:51:09+00:00\" \/>\n<meta name=\"twitter:card\" content=\"summary_large_image\" \/>\n<meta name=\"twitter:label1\" content=\"Gesch\u00e4tzte Lesezeit\" \/>\n\t<meta name=\"twitter:data1\" content=\"1\u00a0Minute\" \/>\n<script type=\"application\/ld+json\" class=\"yoast-schema-graph\">{\"@context\":\"https:\/\/schema.org\",\"@graph\":[{\"@type\":\"WebPage\",\"@id\":\"https:\/\/ses-creative.com\/de\/produkt\/bunte-kreide-mit-schwamm\/\",\"url\":\"https:\/\/ses-creative.com\/de\/produkt\/bunte-kreide-mit-schwamm\/\",\"name\":\"Bunte Kreide mit Schwamm - SES Creative\",\"isPartOf\":{\"@id\":\"https:\/\/ses-creative.com\/#website\"},\"primaryImageOfPage\":{\"@id\":\"https:\/\/ses-creative.com\/de\/produkt\/bunte-kreide-mit-schwamm\/#primaryimage\"},\"image\":{\"@id\":\"https:\/\/ses-creative.com\/de\/produkt\/bunte-kreide-mit-schwamm\/#primaryimage\"},\"thumbnailUrl\":\"https:\/\/ses-creative.com\/wp-content\/uploads\/2026\/01\/002081.jpg\",\"datePublished\":\"2026-02-05T13:52:00+00:00\",\"dateModified\":\"2026-02-06T09:51:09+00:00\",\"breadcrumb\":{\"@id\":\"https:\/\/ses-creative.com\/de\/produkt\/bunte-kreide-mit-schwamm\/#breadcrumb\"},\"inLanguage\":\"de\",\"potentialAction\":[{\"@type\":\"ReadAction\",\"target\":[\"https:\/\/ses-creative.com\/de\/produkt\/bunte-kreide-mit-schwamm\/\"]}]},{\"@type\":\"ImageObject\",\"inLanguage\":\"de\",\"@id\":\"https:\/\/ses-creative.com\/de\/produkt\/bunte-kreide-mit-schwamm\/#primaryimage\",\"url\":\"https:\/\/ses-creative.com\/wp-content\/uploads\/2026\/01\/002081.jpg\",\"contentUrl\":\"https:\/\/ses-creative.com\/wp-content\/uploads\/2026\/01\/002081.jpg\",\"width\":1000,\"height\":1000},{\"@type\":\"BreadcrumbList\",\"@id\":\"https:\/\/ses-creative.com\/de\/produkt\/bunte-kreide-mit-schwamm\/#breadcrumb\",\"itemListElement\":[{\"@type\":\"ListItem\",\"position\":1,\"name\":\"Shop\",\"item\":\"https:\/\/ses-creative.com\/de\/shop\/\"},{\"@type\":\"ListItem\",\"position\":2,\"name\":\"Basteln\",\"item\":\"https:\/\/ses-creative.com\/de\/product-categorie\/basteln\/\"},{\"@type\":\"ListItem\",\"position\":3,\"name\":\"Bunte Kreide mit Schwamm\"}]},{\"@type\":\"WebSite\",\"@id\":\"https:\/\/ses-creative.com\/#website\",\"url\":\"https:\/\/ses-creative.com\/\",\"name\":\"SES Creative\",\"description\":\"\",\"publisher\":{\"@id\":\"https:\/\/ses-creative.com\/#organization\"},\"potentialAction\":[{\"@type\":\"SearchAction\",\"target\":{\"@type\":\"EntryPoint\",\"urlTemplate\":\"https:\/\/ses-creative.com\/?s={search_term_string}\"},\"query-input\":{\"@type\":\"PropertyValueSpecification\",\"valueRequired\":true,\"valueName\":\"search_term_string\"}}],\"inLanguage\":\"de\"},{\"@type\":\"Organization\",\"@id\":\"https:\/\/ses-creative.com\/#organization\",\"name\":\"SES Creative\",\"url\":\"https:\/\/ses-creative.com\/\",\"logo\":{\"@type\":\"ImageObject\",\"inLanguage\":\"de\",\"@id\":\"https:\/\/ses-creative.com\/#\/schema\/logo\/image\/\",\"url\":\"https:\/\/ses-creative.com\/wp-content\/uploads\/2025\/10\/ses-creative-logo.jpg\",\"contentUrl\":\"https:\/\/ses-creative.com\/wp-content\/uploads\/2025\/10\/ses-creative-logo.jpg\",\"width\":2037,\"height\":2037,\"caption\":\"SES Creative\"},\"image\":{\"@id\":\"https:\/\/ses-creative.com\/#\/schema\/logo\/image\/\"}}]}<\/script>\n<!-- \/ Yoast SEO plugin. -->","yoast_head_json":{"title":"Bunte Kreide mit Schwamm - SES Creative","robots":{"index":"index","follow":"follow","max-snippet":"max-snippet:-1","max-image-preview":"max-image-preview:large","max-video-preview":"max-video-preview:-1"},"canonical":"https:\/\/ses-creative.com\/de\/produkt\/bunte-kreide-mit-schwamm\/","og_locale":"de_DE","og_type":"article","og_title":"Bunte Kreide mit Schwamm - SES Creative","og_description":"Entdecken Sie das 12er-Set Bunte Kreide mit Radiergummi von SES Creative, das ideale Kunstspielzeug, um die Kreativit\u00e4t und Fantasie von Kindern ab 2 Jahren anzuregen. Dieses Komplettset enth\u00e4lt 12 Kreiden in leuchtenden Farben und einen Radierer, mit denen kleine K\u00fcnstler kreieren, l\u00f6schen und neu beginnen k\u00f6nnen &#8211; f\u00fcr stundenlangen interaktiven und spielerischen Spielspa\u00df. Die Kreiden [&hellip;]","og_url":"https:\/\/ses-creative.com\/de\/produkt\/bunte-kreide-mit-schwamm\/","og_site_name":"SES Creative","article_modified_time":"2026-02-06T09:51:09+00:00","twitter_card":"summary_large_image","twitter_misc":{"Gesch\u00e4tzte Lesezeit":"1\u00a0Minute"},"schema":{"@context":"https:\/\/schema.org","@graph":[{"@type":"WebPage","@id":"https:\/\/ses-creative.com\/de\/produkt\/bunte-kreide-mit-schwamm\/","url":"https:\/\/ses-creative.com\/de\/produkt\/bunte-kreide-mit-schwamm\/","name":"Bunte Kreide mit Schwamm - SES Creative","isPartOf":{"@id":"https:\/\/ses-creative.com\/#website"},"primaryImageOfPage":{"@id":"https:\/\/ses-creative.com\/de\/produkt\/bunte-kreide-mit-schwamm\/#primaryimage"},"image":{"@id":"https:\/\/ses-creative.com\/de\/produkt\/bunte-kreide-mit-schwamm\/#primaryimage"},"thumbnailUrl":"https:\/\/ses-creative.com\/wp-content\/uploads\/2026\/01\/002081.jpg","datePublished":"2026-02-05T13:52:00+00:00","dateModified":"2026-02-06T09:51:09+00:00","breadcrumb":{"@id":"https:\/\/ses-creative.com\/de\/produkt\/bunte-kreide-mit-schwamm\/#breadcrumb"},"inLanguage":"de","potentialAction":[{"@type":"ReadAction","target":["https:\/\/ses-creative.com\/de\/produkt\/bunte-kreide-mit-schwamm\/"]}]},{"@type":"ImageObject","inLanguage":"de","@id":"https:\/\/ses-creative.com\/de\/produkt\/bunte-kreide-mit-schwamm\/#primaryimage","url":"https:\/\/ses-creative.com\/wp-content\/uploads\/2026\/01\/002081.jpg","contentUrl":"https:\/\/ses-creative.com\/wp-content\/uploads\/2026\/01\/002081.jpg","width":1000,"height":1000},{"@type":"BreadcrumbList","@id":"https:\/\/ses-creative.com\/de\/produkt\/bunte-kreide-mit-schwamm\/#breadcrumb","itemListElement":[{"@type":"ListItem","position":1,"name":"Shop","item":"https:\/\/ses-creative.com\/de\/shop\/"},{"@type":"ListItem","position":2,"name":"Basteln","item":"https:\/\/ses-creative.com\/de\/product-categorie\/basteln\/"},{"@type":"ListItem","position":3,"name":"Bunte Kreide mit Schwamm"}]},{"@type":"WebSite","@id":"https:\/\/ses-creative.com\/#website","url":"https:\/\/ses-creative.com\/","name":"SES Creative","description":"","publisher":{"@id":"https:\/\/ses-creative.com\/#organization"},"potentialAction":[{"@type":"SearchAction","target":{"@type":"EntryPoint","urlTemplate":"https:\/\/ses-creative.com\/?s={search_term_string}"},"query-input":{"@type":"PropertyValueSpecification","valueRequired":true,"valueName":"search_term_string"}}],"inLanguage":"de"},{"@type":"Organization","@id":"https:\/\/ses-creative.com\/#organization","name":"SES Creative","url":"https:\/\/ses-creative.com\/","logo":{"@type":"ImageObject","inLanguage":"de","@id":"https:\/\/ses-creative.com\/#\/schema\/logo\/image\/","url":"https:\/\/ses-creative.com\/wp-content\/uploads\/2025\/10\/ses-creative-logo.jpg","contentUrl":"https:\/\/ses-creative.com\/wp-content\/uploads\/2025\/10\/ses-creative-logo.jpg","width":2037,"height":2037,"caption":"SES Creative"},"image":{"@id":"https:\/\/ses-creative.com\/#\/schema\/logo\/image\/"}}]}},"_links":{"self":[{"href":"https:\/\/ses-creative.com\/de\/wp-json\/wp\/v2\/product\/114341","targetHints":{"allow":["GET"]}}],"collection":[{"href":"https:\/\/ses-creative.com\/de\/wp-json\/wp\/v2\/product"}],"about":[{"href":"https:\/\/ses-creative.com\/de\/wp-json\/wp\/v2\/types\/product"}],"replies":[{"embeddable":true,"href":"https:\/\/ses-creative.com\/de\/wp-json\/wp\/v2\/comments?post=114341"}],"wp:featuredmedia":[{"embeddable":true,"href":"https:\/\/ses-creative.com\/de\/wp-json\/wp\/v2\/media\/96068"}],"wp:attachment":[{"href":"https:\/\/ses-creative.com\/de\/wp-json\/wp\/v2\/media?parent=114341"}],"wp:term":[{"taxonomy":"product_brand","embeddable":true,"href":"https:\/\/ses-creative.com\/de\/wp-json\/wp\/v2\/product_brand?post=114341"},{"taxonomy":"product_cat","embeddable":true,"href":"https:\/\/ses-creative.com\/de\/wp-json\/wp\/v2\/product_cat?post=114341"},{"taxonomy":"product_tag","embeddable":true,"href":"https:\/\/ses-creative.com\/de\/wp-json\/wp\/v2\/product_tag?post=114341"}],"curies":[{"name":"wp","href":"https:\/\/api.w.org\/{rel}","templated":true}]}}