











{"id":114336,"date":"2026-02-05T13:51:59","date_gmt":"2026-02-05T13:51:59","guid":{"rendered":"https:\/\/ses-creative.com\/?post_type=product&#038;p=114336"},"modified":"2026-02-06T09:51:09","modified_gmt":"2026-02-06T09:51:09","slug":"malen-mit-wasser-malbuch-mit-wasserstift-safari","status":"publish","type":"product","link":"https:\/\/ses-creative.com\/de\/produkt\/malen-mit-wasser-malbuch-mit-wasserstift-safari\/","title":{"rendered":"Malen mit Wasser Malbuch mit Wasserstift &#8211; Safari"},"content":{"rendered":"<p>Begeben Sie sich mit dem Malbuch \u201eMalen mit Wasser\u201d auf ein farbenfrohes Safari-Abenteuer<br \/>\nDieses lustige und kleckerfreie Malbuch ist perfekt f\u00fcr kleine Entdecker, die Kreativit\u00e4t und Spa\u00df lieben. Malen mit Wasser, ohne zu kleckern! Das Set enth\u00e4lt 5 Malvorlagen zum Ausmalen mit Wasser und einen nachf\u00fcllbaren Wasserstift mit feiner Spitze, mit dem kleine H\u00e4nde ganz einfach die Magie der Safari entdecken k\u00f6nnen. F\u00fcllen Sie einfach den Wasserstift, malen Sie \u00fcber die Seiten und sehen Sie, wie farbenfrohe Bilder von L\u00f6wen, Elefanten, Zebras und anderen Safari-Tieren wie durch Zauberei erscheinen! Sobald die Seiten trocknen, verblassen die Farben und die Kinder k\u00f6nnen das Abenteuer von vorne beginnen.<br \/>\nWas dieses Set so toll macht<br \/>\n&#8211;    Keine Verschmutzungen \u2013 Sie ben\u00f6tigen nur Wasser<br \/>\n&#8211;    Sicher und f\u00fcr Kinder ab 3 Jahren geeignet<br \/>\n&#8211;    F\u00f6rdert Kreativit\u00e4t und Feinmotorik<br \/>\n&#8211;    Die Karten sind wiederverwendbar. Nach dem Trocknen k\u00f6nnen Sie sie immer wieder verwenden<br \/>\n&#8211;    Praktisches B\u00fcchlein, leicht mitzunehmen, mit Wasserstift ideal f\u00fcr unterwegs<br \/>\nKleckerfreier Spa\u00df, wo immer Sie sind<br \/>\nDiese kleckerfreie Malaktivit\u00e4t ist ideal f\u00fcr Spa\u00df zu Hause und unterwegs. Dank des Wasserstifts sind keine zus\u00e4tzlichen Materialien erforderlich, was es zu einer praktischen Wahl f\u00fcr Eltern macht. Dar\u00fcber hinaus sorgt die Wiederverwendbarkeit des Buches f\u00fcr endlosen kreativen Spa\u00df ohne Verschwendung.<br \/>\nDas Malbuch \u201eMalen mit Wasser\u201d ist nicht nur unterhaltsam, sondern f\u00f6rdert auch die Entwicklung der Feinmotorik, der Hand-Augen-Koordination und der Fantasie. Junge K\u00fcnstler k\u00f6nnen die Wunder der Safari entdecken und dabei auf unterhaltsame und interaktive Weise wichtige F\u00e4higkeiten und Selbstvertrauen aufbauen.<br \/>\nInhalt des Sets<br \/>\n&#8211;    Wasserfarben-Malbuch mit verschiedenen Seiten zum Thema Safari<br \/>\n&#8211;    Wasserstift<br \/>\nWarum SES Creative w\u00e4hlen?<br \/>\nBei SES Creative legen wir gro\u00dfen Wert auf Sicherheit. Deshalb werden die Produkte in der Fabrik in den Niederlanden nach den strengsten europ\u00e4ischen Sicherheitsstandards hergestellt und getestet. Spielzeug von SES Creative sorgt f\u00fcr Spa\u00df und soll Kindern erm\u00f6glichen, stolz auf ihre Arbeit zu sein, was ihre Kreativit\u00e4t und Entwicklung f\u00f6rdert.<br \/>\nMalen Sie los mit den Malb\u00fcchern von SES Creative<br \/>\nOb an einem regnerischen Tag zu Hause oder auf einer Abenteuerreise im Auto \u2013 das Malbuch \u201eMalen mit Wasser\u201d regt die Kreativit\u00e4t an und zaubert ein L\u00e4cheln auf das Gesicht Ihres Kindes.\u2003<\/p>\n","protected":false},"excerpt":{"rendered":"<p>Begeben Sie sich mit dem Malbuch \u201eMalen mit Wasser\u201d auf ein farbenfrohes Safari-Abenteuer Dieses lustige und kleckerfreie Malbuch ist perfekt f\u00fcr kleine Entdecker, die Kreativit\u00e4t und Spa\u00df lieben. Malen mit Wasser, ohne zu kleckern! Das Set enth\u00e4lt 5 Malvorlagen zum Ausmalen mit Wasser und einen nachf\u00fcllbaren Wasserstift mit feiner Spitze, mit dem kleine H\u00e4nde ganz [&hellip;]<\/p>\n","protected":false},"featured_media":95768,"comment_status":"closed","ping_status":"closed","template":"","meta":{"_acf_changed":false},"product_brand":[],"product_cat":[115],"product_tag":[],"class_list":{"0":"post-114336","1":"product","2":"type-product","3":"status-publish","4":"has-post-thumbnail","6":"product_cat-basteln","7":"pa_leeftijd-filter-3-4-jahre","8":"pa_meest-populair-bij-jungen-maedchen","10":"first","11":"instock","12":"shipping-taxable","13":"product-type-simple"},"acf":[],"yoast_head":"<!-- This site is optimized with the Yoast SEO plugin v27.2 - https:\/\/yoast.com\/product\/yoast-seo-wordpress\/ -->\n<title>Malen mit Wasser Malbuch mit Wasserstift - Safari - SES Creative<\/title>\n<meta name=\"robots\" content=\"index, follow, max-snippet:-1, max-image-preview:large, max-video-preview:-1\" \/>\n<link rel=\"canonical\" href=\"https:\/\/ses-creative.com\/de\/produkt\/malen-mit-wasser-malbuch-mit-wasserstift-safari\/\" \/>\n<meta property=\"og:locale\" content=\"de_DE\" \/>\n<meta property=\"og:type\" content=\"article\" \/>\n<meta property=\"og:title\" content=\"Malen mit Wasser Malbuch mit Wasserstift - Safari - SES Creative\" \/>\n<meta property=\"og:description\" content=\"Begeben Sie sich mit dem Malbuch \u201eMalen mit Wasser\u201d auf ein farbenfrohes Safari-Abenteuer Dieses lustige und kleckerfreie Malbuch ist perfekt f\u00fcr kleine Entdecker, die Kreativit\u00e4t und Spa\u00df lieben. Malen mit Wasser, ohne zu kleckern! Das Set enth\u00e4lt 5 Malvorlagen zum Ausmalen mit Wasser und einen nachf\u00fcllbaren Wasserstift mit feiner Spitze, mit dem kleine H\u00e4nde ganz [&hellip;]\" \/>\n<meta property=\"og:url\" content=\"https:\/\/ses-creative.com\/de\/produkt\/malen-mit-wasser-malbuch-mit-wasserstift-safari\/\" \/>\n<meta property=\"og:site_name\" content=\"SES Creative\" \/>\n<meta property=\"article:modified_time\" content=\"2026-02-06T09:51:09+00:00\" \/>\n<meta name=\"twitter:card\" content=\"summary_large_image\" \/>\n<meta name=\"twitter:label1\" content=\"Gesch\u00e4tzte Lesezeit\" \/>\n\t<meta name=\"twitter:data1\" content=\"2\u00a0Minuten\" \/>\n<script type=\"application\/ld+json\" class=\"yoast-schema-graph\">{\"@context\":\"https:\/\/schema.org\",\"@graph\":[{\"@type\":\"WebPage\",\"@id\":\"https:\/\/ses-creative.com\/de\/produkt\/malen-mit-wasser-malbuch-mit-wasserstift-safari\/\",\"url\":\"https:\/\/ses-creative.com\/de\/produkt\/malen-mit-wasser-malbuch-mit-wasserstift-safari\/\",\"name\":\"Malen mit Wasser Malbuch mit Wasserstift - Safari - SES Creative\",\"isPartOf\":{\"@id\":\"https:\/\/ses-creative.com\/#website\"},\"primaryImageOfPage\":{\"@id\":\"https:\/\/ses-creative.com\/de\/produkt\/malen-mit-wasser-malbuch-mit-wasserstift-safari\/#primaryimage\"},\"image\":{\"@id\":\"https:\/\/ses-creative.com\/de\/produkt\/malen-mit-wasser-malbuch-mit-wasserstift-safari\/#primaryimage\"},\"thumbnailUrl\":\"https:\/\/ses-creative.com\/wp-content\/uploads\/2026\/01\/001311.jpg\",\"datePublished\":\"2026-02-05T13:51:59+00:00\",\"dateModified\":\"2026-02-06T09:51:09+00:00\",\"breadcrumb\":{\"@id\":\"https:\/\/ses-creative.com\/de\/produkt\/malen-mit-wasser-malbuch-mit-wasserstift-safari\/#breadcrumb\"},\"inLanguage\":\"de\",\"potentialAction\":[{\"@type\":\"ReadAction\",\"target\":[\"https:\/\/ses-creative.com\/de\/produkt\/malen-mit-wasser-malbuch-mit-wasserstift-safari\/\"]}]},{\"@type\":\"ImageObject\",\"inLanguage\":\"de\",\"@id\":\"https:\/\/ses-creative.com\/de\/produkt\/malen-mit-wasser-malbuch-mit-wasserstift-safari\/#primaryimage\",\"url\":\"https:\/\/ses-creative.com\/wp-content\/uploads\/2026\/01\/001311.jpg\",\"contentUrl\":\"https:\/\/ses-creative.com\/wp-content\/uploads\/2026\/01\/001311.jpg\",\"width\":1000,\"height\":1000},{\"@type\":\"BreadcrumbList\",\"@id\":\"https:\/\/ses-creative.com\/de\/produkt\/malen-mit-wasser-malbuch-mit-wasserstift-safari\/#breadcrumb\",\"itemListElement\":[{\"@type\":\"ListItem\",\"position\":1,\"name\":\"Shop\",\"item\":\"https:\/\/ses-creative.com\/de\/shop\/\"},{\"@type\":\"ListItem\",\"position\":2,\"name\":\"Basteln\",\"item\":\"https:\/\/ses-creative.com\/de\/product-categorie\/basteln\/\"},{\"@type\":\"ListItem\",\"position\":3,\"name\":\"Malen mit Wasser Malbuch mit Wasserstift &#8211; Safari\"}]},{\"@type\":\"WebSite\",\"@id\":\"https:\/\/ses-creative.com\/#website\",\"url\":\"https:\/\/ses-creative.com\/\",\"name\":\"SES Creative\",\"description\":\"\",\"publisher\":{\"@id\":\"https:\/\/ses-creative.com\/#organization\"},\"potentialAction\":[{\"@type\":\"SearchAction\",\"target\":{\"@type\":\"EntryPoint\",\"urlTemplate\":\"https:\/\/ses-creative.com\/?s={search_term_string}\"},\"query-input\":{\"@type\":\"PropertyValueSpecification\",\"valueRequired\":true,\"valueName\":\"search_term_string\"}}],\"inLanguage\":\"de\"},{\"@type\":\"Organization\",\"@id\":\"https:\/\/ses-creative.com\/#organization\",\"name\":\"SES Creative\",\"url\":\"https:\/\/ses-creative.com\/\",\"logo\":{\"@type\":\"ImageObject\",\"inLanguage\":\"de\",\"@id\":\"https:\/\/ses-creative.com\/#\/schema\/logo\/image\/\",\"url\":\"https:\/\/ses-creative.com\/wp-content\/uploads\/2025\/10\/ses-creative-logo.jpg\",\"contentUrl\":\"https:\/\/ses-creative.com\/wp-content\/uploads\/2025\/10\/ses-creative-logo.jpg\",\"width\":2037,\"height\":2037,\"caption\":\"SES Creative\"},\"image\":{\"@id\":\"https:\/\/ses-creative.com\/#\/schema\/logo\/image\/\"}}]}<\/script>\n<!-- \/ Yoast SEO plugin. -->","yoast_head_json":{"title":"Malen mit Wasser Malbuch mit Wasserstift - Safari - SES Creative","robots":{"index":"index","follow":"follow","max-snippet":"max-snippet:-1","max-image-preview":"max-image-preview:large","max-video-preview":"max-video-preview:-1"},"canonical":"https:\/\/ses-creative.com\/de\/produkt\/malen-mit-wasser-malbuch-mit-wasserstift-safari\/","og_locale":"de_DE","og_type":"article","og_title":"Malen mit Wasser Malbuch mit Wasserstift - Safari - SES Creative","og_description":"Begeben Sie sich mit dem Malbuch \u201eMalen mit Wasser\u201d auf ein farbenfrohes Safari-Abenteuer Dieses lustige und kleckerfreie Malbuch ist perfekt f\u00fcr kleine Entdecker, die Kreativit\u00e4t und Spa\u00df lieben. Malen mit Wasser, ohne zu kleckern! Das Set enth\u00e4lt 5 Malvorlagen zum Ausmalen mit Wasser und einen nachf\u00fcllbaren Wasserstift mit feiner Spitze, mit dem kleine H\u00e4nde ganz [&hellip;]","og_url":"https:\/\/ses-creative.com\/de\/produkt\/malen-mit-wasser-malbuch-mit-wasserstift-safari\/","og_site_name":"SES Creative","article_modified_time":"2026-02-06T09:51:09+00:00","twitter_card":"summary_large_image","twitter_misc":{"Gesch\u00e4tzte Lesezeit":"2\u00a0Minuten"},"schema":{"@context":"https:\/\/schema.org","@graph":[{"@type":"WebPage","@id":"https:\/\/ses-creative.com\/de\/produkt\/malen-mit-wasser-malbuch-mit-wasserstift-safari\/","url":"https:\/\/ses-creative.com\/de\/produkt\/malen-mit-wasser-malbuch-mit-wasserstift-safari\/","name":"Malen mit Wasser Malbuch mit Wasserstift - Safari - SES Creative","isPartOf":{"@id":"https:\/\/ses-creative.com\/#website"},"primaryImageOfPage":{"@id":"https:\/\/ses-creative.com\/de\/produkt\/malen-mit-wasser-malbuch-mit-wasserstift-safari\/#primaryimage"},"image":{"@id":"https:\/\/ses-creative.com\/de\/produkt\/malen-mit-wasser-malbuch-mit-wasserstift-safari\/#primaryimage"},"thumbnailUrl":"https:\/\/ses-creative.com\/wp-content\/uploads\/2026\/01\/001311.jpg","datePublished":"2026-02-05T13:51:59+00:00","dateModified":"2026-02-06T09:51:09+00:00","breadcrumb":{"@id":"https:\/\/ses-creative.com\/de\/produkt\/malen-mit-wasser-malbuch-mit-wasserstift-safari\/#breadcrumb"},"inLanguage":"de","potentialAction":[{"@type":"ReadAction","target":["https:\/\/ses-creative.com\/de\/produkt\/malen-mit-wasser-malbuch-mit-wasserstift-safari\/"]}]},{"@type":"ImageObject","inLanguage":"de","@id":"https:\/\/ses-creative.com\/de\/produkt\/malen-mit-wasser-malbuch-mit-wasserstift-safari\/#primaryimage","url":"https:\/\/ses-creative.com\/wp-content\/uploads\/2026\/01\/001311.jpg","contentUrl":"https:\/\/ses-creative.com\/wp-content\/uploads\/2026\/01\/001311.jpg","width":1000,"height":1000},{"@type":"BreadcrumbList","@id":"https:\/\/ses-creative.com\/de\/produkt\/malen-mit-wasser-malbuch-mit-wasserstift-safari\/#breadcrumb","itemListElement":[{"@type":"ListItem","position":1,"name":"Shop","item":"https:\/\/ses-creative.com\/de\/shop\/"},{"@type":"ListItem","position":2,"name":"Basteln","item":"https:\/\/ses-creative.com\/de\/product-categorie\/basteln\/"},{"@type":"ListItem","position":3,"name":"Malen mit Wasser Malbuch mit Wasserstift &#8211; Safari"}]},{"@type":"WebSite","@id":"https:\/\/ses-creative.com\/#website","url":"https:\/\/ses-creative.com\/","name":"SES Creative","description":"","publisher":{"@id":"https:\/\/ses-creative.com\/#organization"},"potentialAction":[{"@type":"SearchAction","target":{"@type":"EntryPoint","urlTemplate":"https:\/\/ses-creative.com\/?s={search_term_string}"},"query-input":{"@type":"PropertyValueSpecification","valueRequired":true,"valueName":"search_term_string"}}],"inLanguage":"de"},{"@type":"Organization","@id":"https:\/\/ses-creative.com\/#organization","name":"SES Creative","url":"https:\/\/ses-creative.com\/","logo":{"@type":"ImageObject","inLanguage":"de","@id":"https:\/\/ses-creative.com\/#\/schema\/logo\/image\/","url":"https:\/\/ses-creative.com\/wp-content\/uploads\/2025\/10\/ses-creative-logo.jpg","contentUrl":"https:\/\/ses-creative.com\/wp-content\/uploads\/2025\/10\/ses-creative-logo.jpg","width":2037,"height":2037,"caption":"SES Creative"},"image":{"@id":"https:\/\/ses-creative.com\/#\/schema\/logo\/image\/"}}]}},"_links":{"self":[{"href":"https:\/\/ses-creative.com\/de\/wp-json\/wp\/v2\/product\/114336","targetHints":{"allow":["GET"]}}],"collection":[{"href":"https:\/\/ses-creative.com\/de\/wp-json\/wp\/v2\/product"}],"about":[{"href":"https:\/\/ses-creative.com\/de\/wp-json\/wp\/v2\/types\/product"}],"replies":[{"embeddable":true,"href":"https:\/\/ses-creative.com\/de\/wp-json\/wp\/v2\/comments?post=114336"}],"wp:featuredmedia":[{"embeddable":true,"href":"https:\/\/ses-creative.com\/de\/wp-json\/wp\/v2\/media\/95768"}],"wp:attachment":[{"href":"https:\/\/ses-creative.com\/de\/wp-json\/wp\/v2\/media?parent=114336"}],"wp:term":[{"taxonomy":"product_brand","embeddable":true,"href":"https:\/\/ses-creative.com\/de\/wp-json\/wp\/v2\/product_brand?post=114336"},{"taxonomy":"product_cat","embeddable":true,"href":"https:\/\/ses-creative.com\/de\/wp-json\/wp\/v2\/product_cat?post=114336"},{"taxonomy":"product_tag","embeddable":true,"href":"https:\/\/ses-creative.com\/de\/wp-json\/wp\/v2\/product_tag?post=114336"}],"curies":[{"name":"wp","href":"https:\/\/api.w.org\/{rel}","templated":true}]}}