











{"id":114334,"date":"2026-02-05T13:51:59","date_gmt":"2026-02-05T13:51:59","guid":{"rendered":"https:\/\/ses-creative.com\/?post_type=product&#038;p=114334"},"modified":"2026-02-06T09:51:09","modified_gmt":"2026-02-06T09:51:09","slug":"activity-malbuch-glitzer-3-in-1","status":"publish","type":"product","link":"https:\/\/ses-creative.com\/de\/produkt\/activity-malbuch-glitzer-3-in-1\/","title":{"rendered":"Activity Malbuch Glitzer 3 in 1"},"content":{"rendered":"<p>Doe Malbuch Glitter 3-in-1: Magischer Malspa\u00df!<br \/>\nDas Malbuch Glitter 3-in-1 von SES Creative bietet Kindern die M\u00f6glichkeit, auf drei verschiedene Arten zu malen und zu dekorieren. Hol deine Stifte heraus und fang an zu malen. M\u00f6chtest du etwas mehr Magie? Dann kratze vorsichtig die Glitter-Kratzkarten ab, um versteckte Bilder freizulegen. F\u00fcge zum Schluss die selbstklebenden Perlen hinzu, um dem Ganzen einen funkelnden Touch zu verleihen!<br \/>\nMit Glitzer, Perlen und bunten Bildern ist dieses Malbuch perfekt f\u00fcr kreative Kinder ab 3 Jahren, die beim Basteln ein bisschen zus\u00e4tzlichen Glanz lieben!<br \/>\nWas dieses Set so toll macht<br \/>\n&#8211;    3 verschiedene Aktivit\u00e4ten in 1<br \/>\n&#8211;    Fr\u00f6hliches Glitzer-Einhorn-Motiv (auch Meerjungfrau, Delfin, K\u00e4tzchen)<br \/>\n&#8211;    Das Buch ist leicht zu transportieren und die Malvorlagen bleiben durch das Buch gut zusammen<br \/>\n&#8211;    Ausmalen f\u00f6rdert die Kreativit\u00e4t und Motorik<br \/>\n&#8211;    Mit Perlen f\u00fcr Diamond Painting<br \/>\n3 Aktivit\u00e4ten in 1!<br \/>\nDas Doe-Malbuch Glitter 3-in-1 bietet eine einzigartige Kombination aus Malen, Dekorieren und Entdecken. Die Glitzeraufkleber und Perlen verleihen jedem Kunstwerk einen funkelnden Touch, und die verschiedenen Aktivit\u00e4ten sorgen daf\u00fcr, dass Kinder immer etwas Neues zu tun haben. Dieses Malbuch f\u00f6rdert die Entwicklung von Kreativit\u00e4t, Feinmotorik und Geduld.<br \/>\nInhalt des Sets<br \/>\n&#8211;    Selbstklebende Perlen in Rosa und Wei\u00df<br \/>\n&#8211;    Glitzer-Rubbelkarten<br \/>\n&#8211;    Malvorlagen<br \/>\n&#8211;    Kratzstift<br \/>\n&#8211;    Glitzer-Aufkleber<br \/>\nWarum SES Creative w\u00e4hlen?<br \/>\nBei SES Creative legen wir gro\u00dfen Wert auf Sicherheit. Deshalb werden die Produkte in unserer Fabrik in den Niederlanden nach den strengsten europ\u00e4ischen Sicherheitsnormen hergestellt und getestet. Spielzeug von SES Creative sorgt f\u00fcr Spa\u00df und soll Kindern ein Gef\u00fchl des Stolzes auf ihre Arbeit vermitteln, was ihre Kreativit\u00e4t und Entwicklung f\u00f6rdert.<br \/>\nBereit zum Ausmalen und Verzieren?<br \/>\nHolen Sie sich das 3-in-1-Glitzer-Malbuch von SES Creative und beginnen Sie noch heute mit magischem Malvergn\u00fcgen. Lassen Sie Ihrer Kreativit\u00e4t mit Glitzer, Perlen und wundersch\u00f6nen Malvorlagen freien Lauf. Worauf warten Sie noch? Schaffen Sie Ihr eigenes Meisterwerk voller Glitzer!<\/p>\n","protected":false},"excerpt":{"rendered":"<p>Doe Malbuch Glitter 3-in-1: Magischer Malspa\u00df! Das Malbuch Glitter 3-in-1 von SES Creative bietet Kindern die M\u00f6glichkeit, auf drei verschiedene Arten zu malen und zu dekorieren. Hol deine Stifte heraus und fang an zu malen. M\u00f6chtest du etwas mehr Magie? Dann kratze vorsichtig die Glitter-Kratzkarten ab, um versteckte Bilder freizulegen. F\u00fcge zum Schluss die selbstklebenden [&hellip;]<\/p>\n","protected":false},"featured_media":95708,"comment_status":"closed","ping_status":"closed","template":"","meta":{"_acf_changed":false},"product_brand":[],"product_cat":[115],"product_tag":[],"class_list":{"0":"post-114334","1":"product","2":"type-product","3":"status-publish","4":"has-post-thumbnail","6":"product_cat-basteln","7":"pa_leeftijd-filter-3-4-jahre","8":"pa_meest-populair-bij-jungen-maedchen","10":"first","11":"instock","12":"shipping-taxable","13":"product-type-simple"},"acf":[],"yoast_head":"<!-- This site is optimized with the Yoast SEO plugin v27.2 - https:\/\/yoast.com\/product\/yoast-seo-wordpress\/ -->\n<title>Activity Malbuch Glitzer 3 in 1 - SES Creative<\/title>\n<meta name=\"robots\" content=\"index, follow, max-snippet:-1, max-image-preview:large, max-video-preview:-1\" \/>\n<link rel=\"canonical\" href=\"https:\/\/ses-creative.com\/de\/produkt\/activity-malbuch-glitzer-3-in-1\/\" \/>\n<meta property=\"og:locale\" content=\"de_DE\" \/>\n<meta property=\"og:type\" content=\"article\" \/>\n<meta property=\"og:title\" content=\"Activity Malbuch Glitzer 3 in 1 - SES Creative\" \/>\n<meta property=\"og:description\" content=\"Doe Malbuch Glitter 3-in-1: Magischer Malspa\u00df! Das Malbuch Glitter 3-in-1 von SES Creative bietet Kindern die M\u00f6glichkeit, auf drei verschiedene Arten zu malen und zu dekorieren. Hol deine Stifte heraus und fang an zu malen. M\u00f6chtest du etwas mehr Magie? Dann kratze vorsichtig die Glitter-Kratzkarten ab, um versteckte Bilder freizulegen. F\u00fcge zum Schluss die selbstklebenden [&hellip;]\" \/>\n<meta property=\"og:url\" content=\"https:\/\/ses-creative.com\/de\/produkt\/activity-malbuch-glitzer-3-in-1\/\" \/>\n<meta property=\"og:site_name\" content=\"SES Creative\" \/>\n<meta property=\"article:modified_time\" content=\"2026-02-06T09:51:09+00:00\" \/>\n<meta name=\"twitter:card\" content=\"summary_large_image\" \/>\n<meta name=\"twitter:label1\" content=\"Gesch\u00e4tzte Lesezeit\" \/>\n\t<meta name=\"twitter:data1\" content=\"2\u00a0Minuten\" \/>\n<script type=\"application\/ld+json\" class=\"yoast-schema-graph\">{\"@context\":\"https:\/\/schema.org\",\"@graph\":[{\"@type\":\"WebPage\",\"@id\":\"https:\/\/ses-creative.com\/de\/produkt\/activity-malbuch-glitzer-3-in-1\/\",\"url\":\"https:\/\/ses-creative.com\/de\/produkt\/activity-malbuch-glitzer-3-in-1\/\",\"name\":\"Activity Malbuch Glitzer 3 in 1 - SES Creative\",\"isPartOf\":{\"@id\":\"https:\/\/ses-creative.com\/#website\"},\"primaryImageOfPage\":{\"@id\":\"https:\/\/ses-creative.com\/de\/produkt\/activity-malbuch-glitzer-3-in-1\/#primaryimage\"},\"image\":{\"@id\":\"https:\/\/ses-creative.com\/de\/produkt\/activity-malbuch-glitzer-3-in-1\/#primaryimage\"},\"thumbnailUrl\":\"https:\/\/ses-creative.com\/wp-content\/uploads\/2026\/01\/001171.jpg\",\"datePublished\":\"2026-02-05T13:51:59+00:00\",\"dateModified\":\"2026-02-06T09:51:09+00:00\",\"breadcrumb\":{\"@id\":\"https:\/\/ses-creative.com\/de\/produkt\/activity-malbuch-glitzer-3-in-1\/#breadcrumb\"},\"inLanguage\":\"de\",\"potentialAction\":[{\"@type\":\"ReadAction\",\"target\":[\"https:\/\/ses-creative.com\/de\/produkt\/activity-malbuch-glitzer-3-in-1\/\"]}]},{\"@type\":\"ImageObject\",\"inLanguage\":\"de\",\"@id\":\"https:\/\/ses-creative.com\/de\/produkt\/activity-malbuch-glitzer-3-in-1\/#primaryimage\",\"url\":\"https:\/\/ses-creative.com\/wp-content\/uploads\/2026\/01\/001171.jpg\",\"contentUrl\":\"https:\/\/ses-creative.com\/wp-content\/uploads\/2026\/01\/001171.jpg\",\"width\":1000,\"height\":1000},{\"@type\":\"BreadcrumbList\",\"@id\":\"https:\/\/ses-creative.com\/de\/produkt\/activity-malbuch-glitzer-3-in-1\/#breadcrumb\",\"itemListElement\":[{\"@type\":\"ListItem\",\"position\":1,\"name\":\"Shop\",\"item\":\"https:\/\/ses-creative.com\/de\/shop\/\"},{\"@type\":\"ListItem\",\"position\":2,\"name\":\"Basteln\",\"item\":\"https:\/\/ses-creative.com\/de\/product-categorie\/basteln\/\"},{\"@type\":\"ListItem\",\"position\":3,\"name\":\"Activity Malbuch Glitzer 3 in 1\"}]},{\"@type\":\"WebSite\",\"@id\":\"https:\/\/ses-creative.com\/#website\",\"url\":\"https:\/\/ses-creative.com\/\",\"name\":\"SES Creative\",\"description\":\"\",\"publisher\":{\"@id\":\"https:\/\/ses-creative.com\/#organization\"},\"potentialAction\":[{\"@type\":\"SearchAction\",\"target\":{\"@type\":\"EntryPoint\",\"urlTemplate\":\"https:\/\/ses-creative.com\/?s={search_term_string}\"},\"query-input\":{\"@type\":\"PropertyValueSpecification\",\"valueRequired\":true,\"valueName\":\"search_term_string\"}}],\"inLanguage\":\"de\"},{\"@type\":\"Organization\",\"@id\":\"https:\/\/ses-creative.com\/#organization\",\"name\":\"SES Creative\",\"url\":\"https:\/\/ses-creative.com\/\",\"logo\":{\"@type\":\"ImageObject\",\"inLanguage\":\"de\",\"@id\":\"https:\/\/ses-creative.com\/#\/schema\/logo\/image\/\",\"url\":\"https:\/\/ses-creative.com\/wp-content\/uploads\/2025\/10\/ses-creative-logo.jpg\",\"contentUrl\":\"https:\/\/ses-creative.com\/wp-content\/uploads\/2025\/10\/ses-creative-logo.jpg\",\"width\":2037,\"height\":2037,\"caption\":\"SES Creative\"},\"image\":{\"@id\":\"https:\/\/ses-creative.com\/#\/schema\/logo\/image\/\"}}]}<\/script>\n<!-- \/ Yoast SEO plugin. -->","yoast_head_json":{"title":"Activity Malbuch Glitzer 3 in 1 - SES Creative","robots":{"index":"index","follow":"follow","max-snippet":"max-snippet:-1","max-image-preview":"max-image-preview:large","max-video-preview":"max-video-preview:-1"},"canonical":"https:\/\/ses-creative.com\/de\/produkt\/activity-malbuch-glitzer-3-in-1\/","og_locale":"de_DE","og_type":"article","og_title":"Activity Malbuch Glitzer 3 in 1 - SES Creative","og_description":"Doe Malbuch Glitter 3-in-1: Magischer Malspa\u00df! Das Malbuch Glitter 3-in-1 von SES Creative bietet Kindern die M\u00f6glichkeit, auf drei verschiedene Arten zu malen und zu dekorieren. Hol deine Stifte heraus und fang an zu malen. M\u00f6chtest du etwas mehr Magie? Dann kratze vorsichtig die Glitter-Kratzkarten ab, um versteckte Bilder freizulegen. F\u00fcge zum Schluss die selbstklebenden [&hellip;]","og_url":"https:\/\/ses-creative.com\/de\/produkt\/activity-malbuch-glitzer-3-in-1\/","og_site_name":"SES Creative","article_modified_time":"2026-02-06T09:51:09+00:00","twitter_card":"summary_large_image","twitter_misc":{"Gesch\u00e4tzte Lesezeit":"2\u00a0Minuten"},"schema":{"@context":"https:\/\/schema.org","@graph":[{"@type":"WebPage","@id":"https:\/\/ses-creative.com\/de\/produkt\/activity-malbuch-glitzer-3-in-1\/","url":"https:\/\/ses-creative.com\/de\/produkt\/activity-malbuch-glitzer-3-in-1\/","name":"Activity Malbuch Glitzer 3 in 1 - SES Creative","isPartOf":{"@id":"https:\/\/ses-creative.com\/#website"},"primaryImageOfPage":{"@id":"https:\/\/ses-creative.com\/de\/produkt\/activity-malbuch-glitzer-3-in-1\/#primaryimage"},"image":{"@id":"https:\/\/ses-creative.com\/de\/produkt\/activity-malbuch-glitzer-3-in-1\/#primaryimage"},"thumbnailUrl":"https:\/\/ses-creative.com\/wp-content\/uploads\/2026\/01\/001171.jpg","datePublished":"2026-02-05T13:51:59+00:00","dateModified":"2026-02-06T09:51:09+00:00","breadcrumb":{"@id":"https:\/\/ses-creative.com\/de\/produkt\/activity-malbuch-glitzer-3-in-1\/#breadcrumb"},"inLanguage":"de","potentialAction":[{"@type":"ReadAction","target":["https:\/\/ses-creative.com\/de\/produkt\/activity-malbuch-glitzer-3-in-1\/"]}]},{"@type":"ImageObject","inLanguage":"de","@id":"https:\/\/ses-creative.com\/de\/produkt\/activity-malbuch-glitzer-3-in-1\/#primaryimage","url":"https:\/\/ses-creative.com\/wp-content\/uploads\/2026\/01\/001171.jpg","contentUrl":"https:\/\/ses-creative.com\/wp-content\/uploads\/2026\/01\/001171.jpg","width":1000,"height":1000},{"@type":"BreadcrumbList","@id":"https:\/\/ses-creative.com\/de\/produkt\/activity-malbuch-glitzer-3-in-1\/#breadcrumb","itemListElement":[{"@type":"ListItem","position":1,"name":"Shop","item":"https:\/\/ses-creative.com\/de\/shop\/"},{"@type":"ListItem","position":2,"name":"Basteln","item":"https:\/\/ses-creative.com\/de\/product-categorie\/basteln\/"},{"@type":"ListItem","position":3,"name":"Activity Malbuch Glitzer 3 in 1"}]},{"@type":"WebSite","@id":"https:\/\/ses-creative.com\/#website","url":"https:\/\/ses-creative.com\/","name":"SES Creative","description":"","publisher":{"@id":"https:\/\/ses-creative.com\/#organization"},"potentialAction":[{"@type":"SearchAction","target":{"@type":"EntryPoint","urlTemplate":"https:\/\/ses-creative.com\/?s={search_term_string}"},"query-input":{"@type":"PropertyValueSpecification","valueRequired":true,"valueName":"search_term_string"}}],"inLanguage":"de"},{"@type":"Organization","@id":"https:\/\/ses-creative.com\/#organization","name":"SES Creative","url":"https:\/\/ses-creative.com\/","logo":{"@type":"ImageObject","inLanguage":"de","@id":"https:\/\/ses-creative.com\/#\/schema\/logo\/image\/","url":"https:\/\/ses-creative.com\/wp-content\/uploads\/2025\/10\/ses-creative-logo.jpg","contentUrl":"https:\/\/ses-creative.com\/wp-content\/uploads\/2025\/10\/ses-creative-logo.jpg","width":2037,"height":2037,"caption":"SES Creative"},"image":{"@id":"https:\/\/ses-creative.com\/#\/schema\/logo\/image\/"}}]}},"_links":{"self":[{"href":"https:\/\/ses-creative.com\/de\/wp-json\/wp\/v2\/product\/114334","targetHints":{"allow":["GET"]}}],"collection":[{"href":"https:\/\/ses-creative.com\/de\/wp-json\/wp\/v2\/product"}],"about":[{"href":"https:\/\/ses-creative.com\/de\/wp-json\/wp\/v2\/types\/product"}],"replies":[{"embeddable":true,"href":"https:\/\/ses-creative.com\/de\/wp-json\/wp\/v2\/comments?post=114334"}],"wp:featuredmedia":[{"embeddable":true,"href":"https:\/\/ses-creative.com\/de\/wp-json\/wp\/v2\/media\/95708"}],"wp:attachment":[{"href":"https:\/\/ses-creative.com\/de\/wp-json\/wp\/v2\/media?parent=114334"}],"wp:term":[{"taxonomy":"product_brand","embeddable":true,"href":"https:\/\/ses-creative.com\/de\/wp-json\/wp\/v2\/product_brand?post=114334"},{"taxonomy":"product_cat","embeddable":true,"href":"https:\/\/ses-creative.com\/de\/wp-json\/wp\/v2\/product_cat?post=114334"},{"taxonomy":"product_tag","embeddable":true,"href":"https:\/\/ses-creative.com\/de\/wp-json\/wp\/v2\/product_tag?post=114334"}],"curies":[{"name":"wp","href":"https:\/\/api.w.org\/{rel}","templated":true}]}}