











{"id":114333,"date":"2026-02-05T13:51:59","date_gmt":"2026-02-05T13:51:59","guid":{"rendered":"https:\/\/ses-creative.com\/?post_type=product&#038;p=114333"},"modified":"2026-02-06T09:51:09","modified_gmt":"2026-02-06T09:51:09","slug":"activity-malbuch-metallic-3-in-1","status":"publish","type":"product","link":"https:\/\/ses-creative.com\/de\/produkt\/activity-malbuch-metallic-3-in-1\/","title":{"rendered":"Activity Malbuch Metallic 3 in 1"},"content":{"rendered":"<p>Doe Malbuch Metallic 3-in-1: F\u00fcr extra funkelnden Malspa\u00df!<br \/>\nDies ist nicht nur ein einfaches Malbuch! Mit dem Malbuch Metallic 3-in-1 von SES Creative kannst du malen, Mosaike legen und Sticker kleben, alles in einem Set. Verwende die Metallic-Mosaik-Sticker, um deinem Kunstwerk zus\u00e4tzlichen Glanz zu verleihen. Verzieren Sie Ihre Kreation weiter mit den Stickern und beeindrucken Sie alle mit Ihren wundersch\u00f6nen Kunstwerken! Perfekt f\u00fcr Kinder, die Malabenteuer lieben und ihre Kunstwerke noch sch\u00f6ner gestalten m\u00f6chten!<br \/>\nWas dieses Set so toll macht<br \/>\n&#8211;    3 verschiedene Aktivit\u00e4ten in 1: Malen, Mosaike legen und Aufkleber kleben<br \/>\n&#8211;    Metallic-Thema mit coolen Malvorlagen<br \/>\n&#8211;    Das Heft ist leicht zu transportieren und die Malvorlagen bleiben durch das Heft gut zusammen<br \/>\n&#8211;    Ausmalen f\u00f6rdert die Kreativit\u00e4t und Motorik<br \/>\nDrei Aktivit\u00e4ten in einem Set<br \/>\nDieses Set bietet drei verschiedene kreative Aktivit\u00e4ten: Ausmalen, Mosaike und Aufkleber kleben. Mit dem Doe-Malbuch Metallic 3-in-1 haben Kinder die M\u00f6glichkeit, ihre Kreativit\u00e4t auf verschiedene Weise auszudr\u00fccken. Die Kombination aus Ausmalen, Diamond Painting und Aufkleber kleben macht es besonders herausfordernd und unterhaltsam. Au\u00dferdem f\u00f6rdert es die Entwicklung der Feinmotorik und regt kreatives Denken an.<br \/>\nInhalt der Verpackung<br \/>\n&#8211;    Metallic-Mosaikaufkleber in Blau und Rot<br \/>\n&#8211;    Metallic-Malbuch<br \/>\n&#8211;    Stickerb\u00f6gen<br \/>\n&#8211;    Kratzstift<br \/>\nWarum SES Creative w\u00e4hlen?<br \/>\nBei SES Creative legen wir gro\u00dfen Wert auf Sicherheit. Deshalb werden die Produkte in unserer Fabrik in den Niederlanden nach den strengsten europ\u00e4ischen Sicherheitsnormen hergestellt und getestet. Spielzeug von SES Creative sorgt f\u00fcr Spa\u00df und soll Kindern ein Gef\u00fchl des Stolzes auf ihre Arbeit vermitteln, was ihre Kreativit\u00e4t und Entwicklung f\u00f6rdert.<br \/>\nBereit f\u00fcr ein funkelndes Abenteuer?<br \/>\nHolen Sie sich das 3-in-1-Malbuch Metallic von SES Creative und beginnen Sie ein kreatives Abenteuer voller Farben, Mosaike und Aufkleber. Lassen Sie Ihrer Kreativit\u00e4t freien Lauf und genie\u00dfen Sie endlosen Spa\u00df!<\/p>\n","protected":false},"excerpt":{"rendered":"<p>Doe Malbuch Metallic 3-in-1: F\u00fcr extra funkelnden Malspa\u00df! Dies ist nicht nur ein einfaches Malbuch! Mit dem Malbuch Metallic 3-in-1 von SES Creative kannst du malen, Mosaike legen und Sticker kleben, alles in einem Set. Verwende die Metallic-Mosaik-Sticker, um deinem Kunstwerk zus\u00e4tzlichen Glanz zu verleihen. Verzieren Sie Ihre Kreation weiter mit den Stickern und beeindrucken [&hellip;]<\/p>\n","protected":false},"featured_media":93532,"comment_status":"closed","ping_status":"closed","template":"","meta":{"_acf_changed":false},"product_brand":[],"product_cat":[115],"product_tag":[],"class_list":{"0":"post-114333","1":"product","2":"type-product","3":"status-publish","4":"has-post-thumbnail","6":"product_cat-basteln","7":"pa_leeftijd-filter-3-4-jahre","8":"pa_meest-populair-bij-jungen-maedchen","10":"first","11":"instock","12":"shipping-taxable","13":"product-type-simple"},"acf":[],"yoast_head":"<!-- This site is optimized with the Yoast SEO plugin v27.2 - https:\/\/yoast.com\/product\/yoast-seo-wordpress\/ -->\n<title>Activity Malbuch Metallic 3 in 1 - SES Creative<\/title>\n<meta name=\"robots\" content=\"index, follow, max-snippet:-1, max-image-preview:large, max-video-preview:-1\" \/>\n<link rel=\"canonical\" href=\"https:\/\/ses-creative.com\/de\/produkt\/activity-malbuch-metallic-3-in-1\/\" \/>\n<meta property=\"og:locale\" content=\"de_DE\" \/>\n<meta property=\"og:type\" content=\"article\" \/>\n<meta property=\"og:title\" content=\"Activity Malbuch Metallic 3 in 1 - SES Creative\" \/>\n<meta property=\"og:description\" content=\"Doe Malbuch Metallic 3-in-1: F\u00fcr extra funkelnden Malspa\u00df! Dies ist nicht nur ein einfaches Malbuch! Mit dem Malbuch Metallic 3-in-1 von SES Creative kannst du malen, Mosaike legen und Sticker kleben, alles in einem Set. Verwende die Metallic-Mosaik-Sticker, um deinem Kunstwerk zus\u00e4tzlichen Glanz zu verleihen. Verzieren Sie Ihre Kreation weiter mit den Stickern und beeindrucken [&hellip;]\" \/>\n<meta property=\"og:url\" content=\"https:\/\/ses-creative.com\/de\/produkt\/activity-malbuch-metallic-3-in-1\/\" \/>\n<meta property=\"og:site_name\" content=\"SES Creative\" \/>\n<meta property=\"article:modified_time\" content=\"2026-02-06T09:51:09+00:00\" \/>\n<meta name=\"twitter:card\" content=\"summary_large_image\" \/>\n<meta name=\"twitter:label1\" content=\"Gesch\u00e4tzte Lesezeit\" \/>\n\t<meta name=\"twitter:data1\" content=\"2\u00a0Minuten\" \/>\n<script type=\"application\/ld+json\" class=\"yoast-schema-graph\">{\"@context\":\"https:\/\/schema.org\",\"@graph\":[{\"@type\":\"WebPage\",\"@id\":\"https:\/\/ses-creative.com\/de\/produkt\/activity-malbuch-metallic-3-in-1\/\",\"url\":\"https:\/\/ses-creative.com\/de\/produkt\/activity-malbuch-metallic-3-in-1\/\",\"name\":\"Activity Malbuch Metallic 3 in 1 - SES Creative\",\"isPartOf\":{\"@id\":\"https:\/\/ses-creative.com\/#website\"},\"primaryImageOfPage\":{\"@id\":\"https:\/\/ses-creative.com\/de\/produkt\/activity-malbuch-metallic-3-in-1\/#primaryimage\"},\"image\":{\"@id\":\"https:\/\/ses-creative.com\/de\/produkt\/activity-malbuch-metallic-3-in-1\/#primaryimage\"},\"thumbnailUrl\":\"https:\/\/ses-creative.com\/wp-content\/uploads\/2026\/01\/001151.jpg\",\"datePublished\":\"2026-02-05T13:51:59+00:00\",\"dateModified\":\"2026-02-06T09:51:09+00:00\",\"breadcrumb\":{\"@id\":\"https:\/\/ses-creative.com\/de\/produkt\/activity-malbuch-metallic-3-in-1\/#breadcrumb\"},\"inLanguage\":\"de\",\"potentialAction\":[{\"@type\":\"ReadAction\",\"target\":[\"https:\/\/ses-creative.com\/de\/produkt\/activity-malbuch-metallic-3-in-1\/\"]}]},{\"@type\":\"ImageObject\",\"inLanguage\":\"de\",\"@id\":\"https:\/\/ses-creative.com\/de\/produkt\/activity-malbuch-metallic-3-in-1\/#primaryimage\",\"url\":\"https:\/\/ses-creative.com\/wp-content\/uploads\/2026\/01\/001151.jpg\",\"contentUrl\":\"https:\/\/ses-creative.com\/wp-content\/uploads\/2026\/01\/001151.jpg\",\"width\":1000,\"height\":1000},{\"@type\":\"BreadcrumbList\",\"@id\":\"https:\/\/ses-creative.com\/de\/produkt\/activity-malbuch-metallic-3-in-1\/#breadcrumb\",\"itemListElement\":[{\"@type\":\"ListItem\",\"position\":1,\"name\":\"Shop\",\"item\":\"https:\/\/ses-creative.com\/de\/shop\/\"},{\"@type\":\"ListItem\",\"position\":2,\"name\":\"Basteln\",\"item\":\"https:\/\/ses-creative.com\/de\/product-categorie\/basteln\/\"},{\"@type\":\"ListItem\",\"position\":3,\"name\":\"Activity Malbuch Metallic 3 in 1\"}]},{\"@type\":\"WebSite\",\"@id\":\"https:\/\/ses-creative.com\/#website\",\"url\":\"https:\/\/ses-creative.com\/\",\"name\":\"SES Creative\",\"description\":\"\",\"publisher\":{\"@id\":\"https:\/\/ses-creative.com\/#organization\"},\"potentialAction\":[{\"@type\":\"SearchAction\",\"target\":{\"@type\":\"EntryPoint\",\"urlTemplate\":\"https:\/\/ses-creative.com\/?s={search_term_string}\"},\"query-input\":{\"@type\":\"PropertyValueSpecification\",\"valueRequired\":true,\"valueName\":\"search_term_string\"}}],\"inLanguage\":\"de\"},{\"@type\":\"Organization\",\"@id\":\"https:\/\/ses-creative.com\/#organization\",\"name\":\"SES Creative\",\"url\":\"https:\/\/ses-creative.com\/\",\"logo\":{\"@type\":\"ImageObject\",\"inLanguage\":\"de\",\"@id\":\"https:\/\/ses-creative.com\/#\/schema\/logo\/image\/\",\"url\":\"https:\/\/ses-creative.com\/wp-content\/uploads\/2025\/10\/ses-creative-logo.jpg\",\"contentUrl\":\"https:\/\/ses-creative.com\/wp-content\/uploads\/2025\/10\/ses-creative-logo.jpg\",\"width\":2037,\"height\":2037,\"caption\":\"SES Creative\"},\"image\":{\"@id\":\"https:\/\/ses-creative.com\/#\/schema\/logo\/image\/\"}}]}<\/script>\n<!-- \/ Yoast SEO plugin. -->","yoast_head_json":{"title":"Activity Malbuch Metallic 3 in 1 - SES Creative","robots":{"index":"index","follow":"follow","max-snippet":"max-snippet:-1","max-image-preview":"max-image-preview:large","max-video-preview":"max-video-preview:-1"},"canonical":"https:\/\/ses-creative.com\/de\/produkt\/activity-malbuch-metallic-3-in-1\/","og_locale":"de_DE","og_type":"article","og_title":"Activity Malbuch Metallic 3 in 1 - SES Creative","og_description":"Doe Malbuch Metallic 3-in-1: F\u00fcr extra funkelnden Malspa\u00df! Dies ist nicht nur ein einfaches Malbuch! Mit dem Malbuch Metallic 3-in-1 von SES Creative kannst du malen, Mosaike legen und Sticker kleben, alles in einem Set. Verwende die Metallic-Mosaik-Sticker, um deinem Kunstwerk zus\u00e4tzlichen Glanz zu verleihen. Verzieren Sie Ihre Kreation weiter mit den Stickern und beeindrucken [&hellip;]","og_url":"https:\/\/ses-creative.com\/de\/produkt\/activity-malbuch-metallic-3-in-1\/","og_site_name":"SES Creative","article_modified_time":"2026-02-06T09:51:09+00:00","twitter_card":"summary_large_image","twitter_misc":{"Gesch\u00e4tzte Lesezeit":"2\u00a0Minuten"},"schema":{"@context":"https:\/\/schema.org","@graph":[{"@type":"WebPage","@id":"https:\/\/ses-creative.com\/de\/produkt\/activity-malbuch-metallic-3-in-1\/","url":"https:\/\/ses-creative.com\/de\/produkt\/activity-malbuch-metallic-3-in-1\/","name":"Activity Malbuch Metallic 3 in 1 - SES Creative","isPartOf":{"@id":"https:\/\/ses-creative.com\/#website"},"primaryImageOfPage":{"@id":"https:\/\/ses-creative.com\/de\/produkt\/activity-malbuch-metallic-3-in-1\/#primaryimage"},"image":{"@id":"https:\/\/ses-creative.com\/de\/produkt\/activity-malbuch-metallic-3-in-1\/#primaryimage"},"thumbnailUrl":"https:\/\/ses-creative.com\/wp-content\/uploads\/2026\/01\/001151.jpg","datePublished":"2026-02-05T13:51:59+00:00","dateModified":"2026-02-06T09:51:09+00:00","breadcrumb":{"@id":"https:\/\/ses-creative.com\/de\/produkt\/activity-malbuch-metallic-3-in-1\/#breadcrumb"},"inLanguage":"de","potentialAction":[{"@type":"ReadAction","target":["https:\/\/ses-creative.com\/de\/produkt\/activity-malbuch-metallic-3-in-1\/"]}]},{"@type":"ImageObject","inLanguage":"de","@id":"https:\/\/ses-creative.com\/de\/produkt\/activity-malbuch-metallic-3-in-1\/#primaryimage","url":"https:\/\/ses-creative.com\/wp-content\/uploads\/2026\/01\/001151.jpg","contentUrl":"https:\/\/ses-creative.com\/wp-content\/uploads\/2026\/01\/001151.jpg","width":1000,"height":1000},{"@type":"BreadcrumbList","@id":"https:\/\/ses-creative.com\/de\/produkt\/activity-malbuch-metallic-3-in-1\/#breadcrumb","itemListElement":[{"@type":"ListItem","position":1,"name":"Shop","item":"https:\/\/ses-creative.com\/de\/shop\/"},{"@type":"ListItem","position":2,"name":"Basteln","item":"https:\/\/ses-creative.com\/de\/product-categorie\/basteln\/"},{"@type":"ListItem","position":3,"name":"Activity Malbuch Metallic 3 in 1"}]},{"@type":"WebSite","@id":"https:\/\/ses-creative.com\/#website","url":"https:\/\/ses-creative.com\/","name":"SES Creative","description":"","publisher":{"@id":"https:\/\/ses-creative.com\/#organization"},"potentialAction":[{"@type":"SearchAction","target":{"@type":"EntryPoint","urlTemplate":"https:\/\/ses-creative.com\/?s={search_term_string}"},"query-input":{"@type":"PropertyValueSpecification","valueRequired":true,"valueName":"search_term_string"}}],"inLanguage":"de"},{"@type":"Organization","@id":"https:\/\/ses-creative.com\/#organization","name":"SES Creative","url":"https:\/\/ses-creative.com\/","logo":{"@type":"ImageObject","inLanguage":"de","@id":"https:\/\/ses-creative.com\/#\/schema\/logo\/image\/","url":"https:\/\/ses-creative.com\/wp-content\/uploads\/2025\/10\/ses-creative-logo.jpg","contentUrl":"https:\/\/ses-creative.com\/wp-content\/uploads\/2025\/10\/ses-creative-logo.jpg","width":2037,"height":2037,"caption":"SES Creative"},"image":{"@id":"https:\/\/ses-creative.com\/#\/schema\/logo\/image\/"}}]}},"_links":{"self":[{"href":"https:\/\/ses-creative.com\/de\/wp-json\/wp\/v2\/product\/114333","targetHints":{"allow":["GET"]}}],"collection":[{"href":"https:\/\/ses-creative.com\/de\/wp-json\/wp\/v2\/product"}],"about":[{"href":"https:\/\/ses-creative.com\/de\/wp-json\/wp\/v2\/types\/product"}],"replies":[{"embeddable":true,"href":"https:\/\/ses-creative.com\/de\/wp-json\/wp\/v2\/comments?post=114333"}],"wp:featuredmedia":[{"embeddable":true,"href":"https:\/\/ses-creative.com\/de\/wp-json\/wp\/v2\/media\/93532"}],"wp:attachment":[{"href":"https:\/\/ses-creative.com\/de\/wp-json\/wp\/v2\/media?parent=114333"}],"wp:term":[{"taxonomy":"product_brand","embeddable":true,"href":"https:\/\/ses-creative.com\/de\/wp-json\/wp\/v2\/product_brand?post=114333"},{"taxonomy":"product_cat","embeddable":true,"href":"https:\/\/ses-creative.com\/de\/wp-json\/wp\/v2\/product_cat?post=114333"},{"taxonomy":"product_tag","embeddable":true,"href":"https:\/\/ses-creative.com\/de\/wp-json\/wp\/v2\/product_tag?post=114333"}],"curies":[{"name":"wp","href":"https:\/\/api.w.org\/{rel}","templated":true}]}}