











{"id":114332,"date":"2026-02-05T13:51:59","date_gmt":"2026-02-05T13:51:59","guid":{"rendered":"https:\/\/ses-creative.com\/?post_type=product&#038;p=114332"},"modified":"2026-02-06T09:51:09","modified_gmt":"2026-02-06T09:51:09","slug":"einhorn-malbuch","status":"publish","type":"product","link":"https:\/\/ses-creative.com\/de\/produkt\/einhorn-malbuch\/","title":{"rendered":"Einhorn Malbuch"},"content":{"rendered":"<p>Tauchen Sie mit diesem einzigartigen Einhorn-Malbuch in eine Welt voller Magie ein!<br \/>\nMit 15 bezaubernden Malvorlagen von fr\u00f6hlichen Einh\u00f6rnern gibt es genug Platz, um deiner Kreativit\u00e4t freien Lauf zu lassen. Was dieses Malbuch so besonders macht, ist der farbenfrohe Regenbogen aus Schaumstoff und das Squizy-Horn, das auf jeder Seite zu sehen ist. Das verleiht deinen Kunstwerken eine zus\u00e4tzliche Dimension. Und als ob das noch nicht genug w\u00e4re, bekommst du 40 glitzernde Aufkleber dazu, um deine Zeichnungen noch mehr zum Strahlen zu bringen.<br \/>\nWas dieses Set so toll macht<br \/>\n&#8211;    Malbuch mit fr\u00f6hlichem Einhorn-Motiv<br \/>\n&#8211;    Das Buch ist leicht zu transportieren und die Malvorlagen bleiben durch das Buch gut zusammen<br \/>\n&#8211;    Das Squizy-Schaumstoffhorn taucht in jeder Zeichnung wieder auf und macht sie noch bunter<br \/>\n&#8211;    Mit den Stickern werden die Malvorlagen noch sch\u00f6ner<br \/>\n&#8211;    Malvorlagen mit dicken Linien, die auch den Kleinsten Spa\u00df beim Ausmalen bereiten<br \/>\nMalen und Gestalten mit Einh\u00f6rnern<br \/>\nNeben dem Spa\u00df am Malen und kreativen Gestalten werden auch die Feinmotorik und die Konzentration gef\u00f6rdert. Dar\u00fcber hinaus sorgt das Verzieren der Zeichnungen mit den passenden Aufklebern f\u00fcr zus\u00e4tzliche Zufriedenheit und ein wundersch\u00f6nes Endergebnis.<br \/>\nInhalt des Sets<br \/>\n&#8211;    15 verschiedene Einhorn-Malvorlagen<br \/>\n&#8211;    40 Einhorn-Sticker<br \/>\nWarum SES Creative w\u00e4hlen?<br \/>\nBei SES Creative legen wir gro\u00dfen Wert auf Sicherheit. Deshalb werden die Produkte in der Fabrik in den Niederlanden nach den strengsten europ\u00e4ischen Sicherheitsnormen hergestellt und getestet. Spielzeug von SES Creative sorgt f\u00fcr Spa\u00df und ist darauf ausgerichtet, dass Kinder stolz auf ihre Arbeit sein k\u00f6nnen, was ihre Kreativit\u00e4t und Entwicklung f\u00f6rdert.<br \/>\nHol deine Stifte heraus und fang noch heute mit dem Ausmalen an!<br \/>\nAlso, worauf wartest du noch? Hol deine Buntstifte, \u00f6ffne dein Malbuch und erwecke die magische Welt der Einh\u00f6rner unter deinen H\u00e4nden zum Leben!<\/p>\n","protected":false},"excerpt":{"rendered":"<p>Tauchen Sie mit diesem einzigartigen Einhorn-Malbuch in eine Welt voller Magie ein! Mit 15 bezaubernden Malvorlagen von fr\u00f6hlichen Einh\u00f6rnern gibt es genug Platz, um deiner Kreativit\u00e4t freien Lauf zu lassen. Was dieses Malbuch so besonders macht, ist der farbenfrohe Regenbogen aus Schaumstoff und das Squizy-Horn, das auf jeder Seite zu sehen ist. Das verleiht deinen [&hellip;]<\/p>\n","protected":false},"featured_media":95568,"comment_status":"closed","ping_status":"closed","template":"","meta":{"_acf_changed":false},"product_brand":[],"product_cat":[115],"product_tag":[],"class_list":{"0":"post-114332","1":"product","2":"type-product","3":"status-publish","4":"has-post-thumbnail","6":"product_cat-basteln","7":"pa_leeftijd-filter-3-4-jahre","8":"pa_meest-populair-bij-jungen-maedchen","10":"first","11":"instock","12":"shipping-taxable","13":"product-type-simple"},"acf":[],"yoast_head":"<!-- This site is optimized with the Yoast SEO plugin v27.2 - https:\/\/yoast.com\/product\/yoast-seo-wordpress\/ -->\n<title>Einhorn Malbuch - SES Creative<\/title>\n<meta name=\"robots\" content=\"index, follow, max-snippet:-1, max-image-preview:large, max-video-preview:-1\" \/>\n<link rel=\"canonical\" href=\"https:\/\/ses-creative.com\/de\/produkt\/einhorn-malbuch\/\" \/>\n<meta property=\"og:locale\" content=\"de_DE\" \/>\n<meta property=\"og:type\" content=\"article\" \/>\n<meta property=\"og:title\" content=\"Einhorn Malbuch - SES Creative\" \/>\n<meta property=\"og:description\" content=\"Tauchen Sie mit diesem einzigartigen Einhorn-Malbuch in eine Welt voller Magie ein! Mit 15 bezaubernden Malvorlagen von fr\u00f6hlichen Einh\u00f6rnern gibt es genug Platz, um deiner Kreativit\u00e4t freien Lauf zu lassen. Was dieses Malbuch so besonders macht, ist der farbenfrohe Regenbogen aus Schaumstoff und das Squizy-Horn, das auf jeder Seite zu sehen ist. Das verleiht deinen [&hellip;]\" \/>\n<meta property=\"og:url\" content=\"https:\/\/ses-creative.com\/de\/produkt\/einhorn-malbuch\/\" \/>\n<meta property=\"og:site_name\" content=\"SES Creative\" \/>\n<meta property=\"article:modified_time\" content=\"2026-02-06T09:51:09+00:00\" \/>\n<meta name=\"twitter:card\" content=\"summary_large_image\" \/>\n<meta name=\"twitter:label1\" content=\"Gesch\u00e4tzte Lesezeit\" \/>\n\t<meta name=\"twitter:data1\" content=\"2\u00a0Minuten\" \/>\n<script type=\"application\/ld+json\" class=\"yoast-schema-graph\">{\"@context\":\"https:\/\/schema.org\",\"@graph\":[{\"@type\":\"WebPage\",\"@id\":\"https:\/\/ses-creative.com\/de\/produkt\/einhorn-malbuch\/\",\"url\":\"https:\/\/ses-creative.com\/de\/produkt\/einhorn-malbuch\/\",\"name\":\"Einhorn Malbuch - SES Creative\",\"isPartOf\":{\"@id\":\"https:\/\/ses-creative.com\/#website\"},\"primaryImageOfPage\":{\"@id\":\"https:\/\/ses-creative.com\/de\/produkt\/einhorn-malbuch\/#primaryimage\"},\"image\":{\"@id\":\"https:\/\/ses-creative.com\/de\/produkt\/einhorn-malbuch\/#primaryimage\"},\"thumbnailUrl\":\"https:\/\/ses-creative.com\/wp-content\/uploads\/2026\/01\/001111.jpg\",\"datePublished\":\"2026-02-05T13:51:59+00:00\",\"dateModified\":\"2026-02-06T09:51:09+00:00\",\"breadcrumb\":{\"@id\":\"https:\/\/ses-creative.com\/de\/produkt\/einhorn-malbuch\/#breadcrumb\"},\"inLanguage\":\"de\",\"potentialAction\":[{\"@type\":\"ReadAction\",\"target\":[\"https:\/\/ses-creative.com\/de\/produkt\/einhorn-malbuch\/\"]}]},{\"@type\":\"ImageObject\",\"inLanguage\":\"de\",\"@id\":\"https:\/\/ses-creative.com\/de\/produkt\/einhorn-malbuch\/#primaryimage\",\"url\":\"https:\/\/ses-creative.com\/wp-content\/uploads\/2026\/01\/001111.jpg\",\"contentUrl\":\"https:\/\/ses-creative.com\/wp-content\/uploads\/2026\/01\/001111.jpg\",\"width\":1000,\"height\":1000},{\"@type\":\"BreadcrumbList\",\"@id\":\"https:\/\/ses-creative.com\/de\/produkt\/einhorn-malbuch\/#breadcrumb\",\"itemListElement\":[{\"@type\":\"ListItem\",\"position\":1,\"name\":\"Shop\",\"item\":\"https:\/\/ses-creative.com\/de\/shop\/\"},{\"@type\":\"ListItem\",\"position\":2,\"name\":\"Basteln\",\"item\":\"https:\/\/ses-creative.com\/de\/product-categorie\/basteln\/\"},{\"@type\":\"ListItem\",\"position\":3,\"name\":\"Einhorn Malbuch\"}]},{\"@type\":\"WebSite\",\"@id\":\"https:\/\/ses-creative.com\/#website\",\"url\":\"https:\/\/ses-creative.com\/\",\"name\":\"SES Creative\",\"description\":\"\",\"publisher\":{\"@id\":\"https:\/\/ses-creative.com\/#organization\"},\"potentialAction\":[{\"@type\":\"SearchAction\",\"target\":{\"@type\":\"EntryPoint\",\"urlTemplate\":\"https:\/\/ses-creative.com\/?s={search_term_string}\"},\"query-input\":{\"@type\":\"PropertyValueSpecification\",\"valueRequired\":true,\"valueName\":\"search_term_string\"}}],\"inLanguage\":\"de\"},{\"@type\":\"Organization\",\"@id\":\"https:\/\/ses-creative.com\/#organization\",\"name\":\"SES Creative\",\"url\":\"https:\/\/ses-creative.com\/\",\"logo\":{\"@type\":\"ImageObject\",\"inLanguage\":\"de\",\"@id\":\"https:\/\/ses-creative.com\/#\/schema\/logo\/image\/\",\"url\":\"https:\/\/ses-creative.com\/wp-content\/uploads\/2025\/10\/ses-creative-logo.jpg\",\"contentUrl\":\"https:\/\/ses-creative.com\/wp-content\/uploads\/2025\/10\/ses-creative-logo.jpg\",\"width\":2037,\"height\":2037,\"caption\":\"SES Creative\"},\"image\":{\"@id\":\"https:\/\/ses-creative.com\/#\/schema\/logo\/image\/\"}}]}<\/script>\n<!-- \/ Yoast SEO plugin. -->","yoast_head_json":{"title":"Einhorn Malbuch - SES Creative","robots":{"index":"index","follow":"follow","max-snippet":"max-snippet:-1","max-image-preview":"max-image-preview:large","max-video-preview":"max-video-preview:-1"},"canonical":"https:\/\/ses-creative.com\/de\/produkt\/einhorn-malbuch\/","og_locale":"de_DE","og_type":"article","og_title":"Einhorn Malbuch - SES Creative","og_description":"Tauchen Sie mit diesem einzigartigen Einhorn-Malbuch in eine Welt voller Magie ein! Mit 15 bezaubernden Malvorlagen von fr\u00f6hlichen Einh\u00f6rnern gibt es genug Platz, um deiner Kreativit\u00e4t freien Lauf zu lassen. Was dieses Malbuch so besonders macht, ist der farbenfrohe Regenbogen aus Schaumstoff und das Squizy-Horn, das auf jeder Seite zu sehen ist. Das verleiht deinen [&hellip;]","og_url":"https:\/\/ses-creative.com\/de\/produkt\/einhorn-malbuch\/","og_site_name":"SES Creative","article_modified_time":"2026-02-06T09:51:09+00:00","twitter_card":"summary_large_image","twitter_misc":{"Gesch\u00e4tzte Lesezeit":"2\u00a0Minuten"},"schema":{"@context":"https:\/\/schema.org","@graph":[{"@type":"WebPage","@id":"https:\/\/ses-creative.com\/de\/produkt\/einhorn-malbuch\/","url":"https:\/\/ses-creative.com\/de\/produkt\/einhorn-malbuch\/","name":"Einhorn Malbuch - SES Creative","isPartOf":{"@id":"https:\/\/ses-creative.com\/#website"},"primaryImageOfPage":{"@id":"https:\/\/ses-creative.com\/de\/produkt\/einhorn-malbuch\/#primaryimage"},"image":{"@id":"https:\/\/ses-creative.com\/de\/produkt\/einhorn-malbuch\/#primaryimage"},"thumbnailUrl":"https:\/\/ses-creative.com\/wp-content\/uploads\/2026\/01\/001111.jpg","datePublished":"2026-02-05T13:51:59+00:00","dateModified":"2026-02-06T09:51:09+00:00","breadcrumb":{"@id":"https:\/\/ses-creative.com\/de\/produkt\/einhorn-malbuch\/#breadcrumb"},"inLanguage":"de","potentialAction":[{"@type":"ReadAction","target":["https:\/\/ses-creative.com\/de\/produkt\/einhorn-malbuch\/"]}]},{"@type":"ImageObject","inLanguage":"de","@id":"https:\/\/ses-creative.com\/de\/produkt\/einhorn-malbuch\/#primaryimage","url":"https:\/\/ses-creative.com\/wp-content\/uploads\/2026\/01\/001111.jpg","contentUrl":"https:\/\/ses-creative.com\/wp-content\/uploads\/2026\/01\/001111.jpg","width":1000,"height":1000},{"@type":"BreadcrumbList","@id":"https:\/\/ses-creative.com\/de\/produkt\/einhorn-malbuch\/#breadcrumb","itemListElement":[{"@type":"ListItem","position":1,"name":"Shop","item":"https:\/\/ses-creative.com\/de\/shop\/"},{"@type":"ListItem","position":2,"name":"Basteln","item":"https:\/\/ses-creative.com\/de\/product-categorie\/basteln\/"},{"@type":"ListItem","position":3,"name":"Einhorn Malbuch"}]},{"@type":"WebSite","@id":"https:\/\/ses-creative.com\/#website","url":"https:\/\/ses-creative.com\/","name":"SES Creative","description":"","publisher":{"@id":"https:\/\/ses-creative.com\/#organization"},"potentialAction":[{"@type":"SearchAction","target":{"@type":"EntryPoint","urlTemplate":"https:\/\/ses-creative.com\/?s={search_term_string}"},"query-input":{"@type":"PropertyValueSpecification","valueRequired":true,"valueName":"search_term_string"}}],"inLanguage":"de"},{"@type":"Organization","@id":"https:\/\/ses-creative.com\/#organization","name":"SES Creative","url":"https:\/\/ses-creative.com\/","logo":{"@type":"ImageObject","inLanguage":"de","@id":"https:\/\/ses-creative.com\/#\/schema\/logo\/image\/","url":"https:\/\/ses-creative.com\/wp-content\/uploads\/2025\/10\/ses-creative-logo.jpg","contentUrl":"https:\/\/ses-creative.com\/wp-content\/uploads\/2025\/10\/ses-creative-logo.jpg","width":2037,"height":2037,"caption":"SES Creative"},"image":{"@id":"https:\/\/ses-creative.com\/#\/schema\/logo\/image\/"}}]}},"_links":{"self":[{"href":"https:\/\/ses-creative.com\/de\/wp-json\/wp\/v2\/product\/114332","targetHints":{"allow":["GET"]}}],"collection":[{"href":"https:\/\/ses-creative.com\/de\/wp-json\/wp\/v2\/product"}],"about":[{"href":"https:\/\/ses-creative.com\/de\/wp-json\/wp\/v2\/types\/product"}],"replies":[{"embeddable":true,"href":"https:\/\/ses-creative.com\/de\/wp-json\/wp\/v2\/comments?post=114332"}],"wp:featuredmedia":[{"embeddable":true,"href":"https:\/\/ses-creative.com\/de\/wp-json\/wp\/v2\/media\/95568"}],"wp:attachment":[{"href":"https:\/\/ses-creative.com\/de\/wp-json\/wp\/v2\/media?parent=114332"}],"wp:term":[{"taxonomy":"product_brand","embeddable":true,"href":"https:\/\/ses-creative.com\/de\/wp-json\/wp\/v2\/product_brand?post=114332"},{"taxonomy":"product_cat","embeddable":true,"href":"https:\/\/ses-creative.com\/de\/wp-json\/wp\/v2\/product_cat?post=114332"},{"taxonomy":"product_tag","embeddable":true,"href":"https:\/\/ses-creative.com\/de\/wp-json\/wp\/v2\/product_tag?post=114332"}],"curies":[{"name":"wp","href":"https:\/\/api.w.org\/{rel}","templated":true}]}}