











{"id":61180,"date":"2022-07-22T11:53:46","date_gmt":"2022-07-22T11:53:46","guid":{"rendered":"https:\/\/ses-creative.com\/?page_id=61180"},"modified":"2026-01-06T12:26:51","modified_gmt":"2026-01-06T12:26:51","slug":"feel-good-dough","status":"publish","type":"page","link":"https:\/\/ses-creative.com\/de\/feel-good-dough\/","title":{"rendered":"Feel good Knete"},"content":{"rendered":"\n\n\n\n\n<div class=\"wp-block-columns is-layout-flex wp-container-core-columns-is-layout-28f84493 wp-block-columns-is-layout-flex\">\n<div class=\"wp-block-column is-layout-flow wp-block-column-is-layout-flow\" style=\"flex-basis:33.33%\"><\/div>\n\n\n\n<div class=\"wp-block-column is-layout-flow wp-block-column-is-layout-flow\" style=\"flex-basis:66.66%\">\n<h2 class=\"wp-block-heading\">Soft &amp; safe<\/h2>\n<\/div>\n<\/div>\n\n\n\n<div class=\"wp-block-columns is-layout-flex wp-container-core-columns-is-layout-28f84493 wp-block-columns-is-layout-flex\">\n<div class=\"wp-block-column is-layout-flow wp-block-column-is-layout-flow\" style=\"flex-basis:33.33%\">\n<figure class=\"wp-block-image aligncenter size-full is-resized\"><img decoding=\"async\" src=\"https:\/\/ses-creative.com\/wp-content\/uploads\/2022\/09\/MicrosoftTeams-image-1.png\" alt=\"\" class=\"wp-image-59904\" width=\"187\" height=\"190\"\/><\/figure>\n<\/div>\n\n\n\n<div class=\"wp-block-column is-layout-flow wp-block-column-is-layout-flow\" style=\"flex-basis:66.66%\">\n<p>Unsere Knete ist weich, bunt und sogar f\u00fcr die Kleinsten ab dem vollendeten 1. Lebensjahr absolut sicher. Dies wird dadurch erm\u00f6glicht, dass wir unsere eigene Knete mit nat\u00fcrlichen Rohstoffen herstellen, welche alle strengen Sicherheitsma\u00dfnahmen f\u00fcr Spielzeug erf\u00fcllen. Da kleine Kinder st\u00e4ndig damit besch\u00e4ftigt sind, die Welt zu entdecken und alles auszuprobieren, sind wir uns bewusst, dass sie die Knete auch in den Mund nehmen werden. Indem wir unsere Knete sehr salzig im Geschmack machen, halten wir die Kinder davon ab, sie zu essen.<\/p>\n<\/div>\n<\/div>\n\n\n\n<div class=\"wp-block-columns is-layout-flex wp-container-core-columns-is-layout-28f84493 wp-block-columns-is-layout-flex\">\n<div class=\"wp-block-column is-layout-flow wp-block-column-is-layout-flow\" style=\"flex-basis:33.33%\"><\/div>\n\n\n\n<div class=\"wp-block-column is-layout-flow wp-block-column-is-layout-flow\" style=\"flex-basis:66.66%\">\n<h2 class=\"wp-block-heading\">Super washable<\/h2>\n<\/div>\n<\/div>\n\n\n\n<div class=\"wp-block-columns is-layout-flex wp-container-core-columns-is-layout-28f84493 wp-block-columns-is-layout-flex\">\n<div class=\"wp-block-column is-layout-flow wp-block-column-is-layout-flow\" style=\"flex-basis:33.33%\">\n<figure class=\"wp-block-image aligncenter size-full is-resized\"><img decoding=\"async\" src=\"https:\/\/ses-creative.com\/wp-content\/uploads\/2022\/09\/MicrosoftTeams-image-11.png\" alt=\"\" class=\"wp-image-59957\" width=\"187\" height=\"190\"\/><\/figure>\n<\/div>\n\n\n\n<div class=\"wp-block-column is-layout-flow wp-block-column-is-layout-flow\" style=\"flex-basis:66.66%\">\n<p>Als Eltern k\u00f6nnen Sie Ihre Kinder bedenkenlos mit unserer Knete spielen lassen. Kreativ sein, Spielen und Entdecken kann chaotisch werden. Dies haben wir bei der Entwicklung all unserer Knete ber\u00fccksichtigt! Unsere Knete ist leicht abwaschbar. Aus Kleidungsst\u00fccken oder anderen Stoffen, oder von M\u00f6beln. Nat\u00fcrlich lassen sich auch die schmutzigen kleinen H\u00e4nde nach dem Spielspa\u00df leicht reinigen.<\/p>\n<\/div>\n<\/div>\n\n\n\n<div class=\"wp-block-columns is-layout-flex wp-container-core-columns-is-layout-28f84493 wp-block-columns-is-layout-flex\">\n<div class=\"wp-block-column is-layout-flow wp-block-column-is-layout-flow\">\n<figure class=\"wp-block-image size-large\"><img decoding=\"async\" src=\"https:\/\/ses-creative.com\/wp-content\/uploads\/2022\/09\/posts-3-1024x1024.png\" alt=\"\" class=\"wp-image-60137\"\/><\/figure>\n<\/div>\n\n\n\n<div class=\"wp-block-column is-layout-flow wp-block-column-is-layout-flow\">\n<figure class=\"wp-block-image size-large\"><img decoding=\"async\" src=\"https:\/\/ses-creative.com\/wp-content\/uploads\/2022\/09\/Pastel-Hello-Feed-Instagram-Posts-5-1024x1024.png\" alt=\"\" class=\"wp-image-60077\"\/><\/figure>\n<\/div>\n\n\n\n<div class=\"wp-block-column is-layout-flow wp-block-column-is-layout-flow\">\n<figure class=\"wp-block-image size-large\"><img decoding=\"async\" src=\"https:\/\/ses-creative.com\/wp-content\/uploads\/2022\/09\/Pastel-Hello-Feed-Instagram-Posts-6-1024x1024.png\" alt=\"Girl playing with SES dough.\" class=\"wp-image-60082\"\/><\/figure>\n<\/div>\n<\/div>\n\n\n\n<div class=\"wp-block-columns is-layout-flex wp-container-core-columns-is-layout-28f84493 wp-block-columns-is-layout-flex\">\n<div class=\"wp-block-column is-layout-flow wp-block-column-is-layout-flow\" style=\"flex-basis:33.33%\"><\/div>\n\n\n\n<div class=\"wp-block-column is-layout-flow wp-block-column-is-layout-flow\" style=\"flex-basis:66.66%\">\n<h2 class=\"wp-block-heading\">Glutenfrei<\/h2>\n<\/div>\n<\/div>\n\n\n\n<div class=\"wp-block-columns is-layout-flex wp-container-core-columns-is-layout-28f84493 wp-block-columns-is-layout-flex\">\n<div class=\"wp-block-column is-layout-flow wp-block-column-is-layout-flow\" style=\"flex-basis:33.33%\">\n<figure class=\"wp-block-image aligncenter size-full is-resized\"><img decoding=\"async\" src=\"https:\/\/ses-creative.com\/wp-content\/uploads\/2022\/09\/MicrosoftTeams-image-10.png\" alt=\"\" class=\"wp-image-59942\" width=\"187\" height=\"190\"\/><\/figure>\n<\/div>\n\n\n\n<div class=\"wp-block-column is-layout-flow wp-block-column-is-layout-flow\" style=\"flex-basis:66.66%\">\n<p>Nicht jede herk\u00f6mmliche Knete ist glutenfrei! Da viele Kinder empfindlich oder allergisch auf Gluten reagieren, haben wir bei der Entwicklung unserer Knete besonders auf diesen Aspekt geachtet. Daher k\u00f6nnen alle Kinder ohne Probleme mit SES Knete spielen.<\/p>\n<\/div>\n<\/div>\n\n\n\n<div class=\"wp-block-columns is-layout-flex wp-container-core-columns-is-layout-28f84493 wp-block-columns-is-layout-flex\">\n<div class=\"wp-block-column is-layout-flow wp-block-column-is-layout-flow\" style=\"flex-basis:33.33%\"><\/div>\n\n\n\n<div class=\"wp-block-column is-layout-flow wp-block-column-is-layout-flow\" style=\"flex-basis:66.66%\">\n<h2 class=\"wp-block-heading\">Vegan<\/h2>\n<\/div>\n<\/div>\n\n\n\n<div class=\"wp-block-columns is-layout-flex wp-container-core-columns-is-layout-28f84493 wp-block-columns-is-layout-flex\">\n<div class=\"wp-block-column is-layout-flow wp-block-column-is-layout-flow\" style=\"flex-basis:33.33%\">\n<figure class=\"wp-block-image aligncenter size-full is-resized\"><img loading=\"lazy\" decoding=\"async\" src=\"https:\/\/ses-creative.com\/wp-content\/uploads\/2022\/09\/MicrosoftTeams-image-12.png\" alt=\"\" class=\"wp-image-59952\" width=\"187\" height=\"190\"\/><\/figure>\n<\/div>\n\n\n\n<div class=\"wp-block-column is-layout-flow wp-block-column-is-layout-flow\" style=\"flex-basis:66.66%\">\n<p>Unsere Knete ist zu 100 % vegan. Die Knete wurde in unserem eigenen Labor entwickelt und mit Sorgfalt hergestellt. Die Knete besteht aus pflanzlichen Materialien und jeder Produktionszyklus wird ausgiebig getestet, bevor er das Werk verl\u00e4sst.<\/p>\n<\/div>\n<\/div>\n\n\n\n<div class=\"wp-block-columns is-layout-flex wp-container-core-columns-is-layout-28f84493 wp-block-columns-is-layout-flex\">\n<div class=\"wp-block-column is-layout-flow wp-block-column-is-layout-flow\" style=\"flex-basis:33.33%\"><\/div>\n\n\n\n<div class=\"wp-block-column is-layout-flow wp-block-column-is-layout-flow\" style=\"flex-basis:66.66%\">\n<h2 class=\"wp-block-heading\">Re-use &amp; recycle<\/h2>\n<\/div>\n<\/div>\n\n\n\n<div class=\"wp-block-columns is-layout-flex wp-container-core-columns-is-layout-28f84493 wp-block-columns-is-layout-flex\">\n<div class=\"wp-block-column is-layout-flow wp-block-column-is-layout-flow\" style=\"flex-basis:33.33%\">\n<figure class=\"wp-block-image aligncenter size-full is-resized\"><img loading=\"lazy\" decoding=\"async\" src=\"https:\/\/ses-creative.com\/wp-content\/uploads\/2022\/09\/MicrosoftTeams-image-9.png\" alt=\"\" class=\"wp-image-59947\" width=\"187\" height=\"190\"\/><\/figure>\n<\/div>\n\n\n\n<div class=\"wp-block-column is-layout-flow wp-block-column-is-layout-flow\" style=\"flex-basis:66.66%\">\n<p>Wir streben nach Nachhaltigkeit und einer sicheren Zukunft f\u00fcr die kommenden Generationen. Neben den pflanzlichen Zutaten f\u00fcr unsere Knete widmen wir auch der Verpackung unsere volle Aufmerksamkeit. Die \u201eFeel good\u201c Wohlf\u00fchl-Knete wird in praktischen, luftdichten Vorratsbeh\u00e4ltern geliefert. Dadurch wird die Knete weich und geschmeidig gehalten. Fertig mit dem Spielen mit der Knete? Die Beh\u00e4lter sind auch sehr praktisch f\u00fcr andere Dinge! Die Beh\u00e4lter sind f\u00fcr den Kontakt mit Lebensmitteln geeignet, schlie\u00dfen perfekt und lassen sich sogar in der Sp\u00fclmaschine reinigen. Auf diese Weise k\u00f6nnen Sie die Beh\u00e4lter f\u00fcr die Aufbewahrung von Kr\u00e4utern oder unseren Beedz B\u00fcgelperlen wiederverwenden! Sie k\u00f6nnen auch Pflanzensamen einpflanzen oder Ihre Pinsel nach dem Malen mit Farbe von SES reinigen. Sollte der Beh\u00e4lter einmal im M\u00fcll landen, kann das Gef\u00e4\u00df aus PP-Kunststoff zu 100 % recycelt werden und ein neues Leben erhalten!<\/p>\n<\/div>\n<\/div>\n\n\n\n<div class=\"wp-block-columns is-layout-flex wp-container-core-columns-is-layout-28f84493 wp-block-columns-is-layout-flex\">\n<div class=\"wp-block-column is-layout-flow wp-block-column-is-layout-flow\">\n<figure class=\"wp-block-image size-large\"><img decoding=\"async\" src=\"https:\/\/ses-creative.com\/wp-content\/uploads\/2022\/09\/Kruidenpot-SES-1024x1024.png\" alt=\"\" class=\"wp-image-60022\"\/><\/figure>\n<\/div>\n\n\n\n<div class=\"wp-block-column is-layout-flow wp-block-column-is-layout-flow\">\n<figure class=\"wp-block-image size-large\"><img decoding=\"async\" src=\"https:\/\/ses-creative.com\/wp-content\/uploads\/2022\/09\/Foto-strijkkralen-1024x1024.png\" alt=\"\" class=\"wp-image-60027\"\/><\/figure>\n<\/div>\n\n\n\n<div class=\"wp-block-column is-layout-flow wp-block-column-is-layout-flow\">\n<figure class=\"wp-block-image size-large\"><img decoding=\"async\" src=\"https:\/\/ses-creative.com\/wp-content\/uploads\/2022\/09\/Foto-plant-pot-SES-1024x1024.png\" alt=\"\" class=\"wp-image-60017\"\/><\/figure>\n<\/div>\n<\/div>\n\n\n\n<div class=\"wp-block-columns is-layout-flex wp-container-core-columns-is-layout-28f84493 wp-block-columns-is-layout-flex\">\n<div class=\"wp-block-column is-layout-flow wp-block-column-is-layout-flow\" style=\"flex-basis:33.33%\"><\/div>\n\n\n\n<div class=\"wp-block-column is-layout-flow wp-block-column-is-layout-flow\" style=\"flex-basis:66.66%\">\n<h2 class=\"wp-block-heading\">CO2<\/h2>\n<\/div>\n<\/div>\n\n\n\n<div class=\"wp-block-columns is-layout-flex wp-container-core-columns-is-layout-28f84493 wp-block-columns-is-layout-flex\">\n<div class=\"wp-block-column is-layout-flow wp-block-column-is-layout-flow\" style=\"flex-basis:33.33%\">\n<figure class=\"wp-block-image size-full\"><img decoding=\"async\" src=\"https:\/\/ses-creative.com\/wp-content\/uploads\/2022\/09\/MicrosoftTeams-image-13-1.png\" alt=\"\" class=\"wp-image-59992\"\/><\/figure>\n<\/div>\n\n\n\n<div class=\"wp-block-column is-layout-flow wp-block-column-is-layout-flow\" style=\"flex-basis:66.66%\">\n<p>Bei der Herstellung unserer Knete wird CO2 erzeugt. Da wir uns um Nachhaltigkeit bem\u00fchen und unseren Co2-Aussto\u00df kompensieren wollen, haben wir unsere eigenen W\u00e4lder gekauft. M\u00f6chten Sie mehr dar\u00fcber erfahren, wie wir mit unseren Emissionen umgehen? Sehen Sie hier weiter. Wir k\u00f6nnen mit Stolz sagen, dass unsere Knete dank dieser Bem\u00fchungen zu 100 % CO2-neutral ist. Und das f\u00fchlt sich gut an!<\/p>\n<\/div>\n<\/div>\n\n\n\n<div class=\"wp-block-columns is-layout-flex wp-container-core-columns-is-layout-28f84493 wp-block-columns-is-layout-flex\">\n<div class=\"wp-block-column is-layout-flow wp-block-column-is-layout-flow\">\n<figure class=\"wp-block-image size-large\"><img decoding=\"async\" src=\"https:\/\/ses-creative.com\/wp-content\/uploads\/2022\/09\/Pastel-Hello-Feed-Instagram-Posts-9-1024x1024.png\" alt=\"\" class=\"wp-image-60087\"\/><\/figure>\n<\/div>\n\n\n\n<div class=\"wp-block-column is-layout-flow wp-block-column-is-layout-flow\">\n<figure class=\"wp-block-image size-large\"><img decoding=\"async\" src=\"https:\/\/ses-creative.com\/wp-content\/uploads\/2022\/09\/Pastel-Hello-Feed-Instagram-Posts-7-1024x1024.png\" alt=\"\" class=\"wp-image-60097\"\/><\/figure>\n<\/div>\n\n\n\n<div class=\"wp-block-column is-layout-flow wp-block-column-is-layout-flow\">\n<figure class=\"wp-block-image size-large\"><img decoding=\"async\" src=\"https:\/\/ses-creative.com\/wp-content\/uploads\/2022\/09\/Pastel-Hello-Feed-Instagram-Posts-8-1024x1024.png\" alt=\"\" class=\"wp-image-60092\"\/><\/figure>\n<\/div>\n<\/div>\n\n\n\n<div class=\"wp-block-columns is-layout-flex wp-container-core-columns-is-layout-28f84493 wp-block-columns-is-layout-flex\">\n<div class=\"wp-block-column is-layout-flow wp-block-column-is-layout-flow\" style=\"flex-basis:33.33%\"><\/div>\n\n\n\n<div class=\"wp-block-column is-layout-flow wp-block-column-is-layout-flow\" style=\"flex-basis:66.66%\">\n<h2 class=\"wp-block-heading\">Made in Holland<\/h2>\n<\/div>\n<\/div>\n\n\n\n<div class=\"wp-block-columns is-layout-flex wp-container-core-columns-is-layout-28f84493 wp-block-columns-is-layout-flex\">\n<div class=\"wp-block-column is-layout-flow wp-block-column-is-layout-flow\" style=\"flex-basis:33.33%\">\n<figure class=\"wp-block-image size-full is-resized\"><img loading=\"lazy\" decoding=\"async\" src=\"https:\/\/ses-creative.com\/wp-content\/uploads\/2022\/09\/MicrosoftTeams-image-3.png\" alt=\"\" class=\"wp-image-59919\" width=\"187\" height=\"190\"\/><\/figure>\n<\/div>\n\n\n\n<div class=\"wp-block-column is-layout-flow wp-block-column-is-layout-flow\" style=\"flex-basis:66.66%\">\n<p>Wie jedes Produkt von SES Creative wurde auch die \u201eFeel good\u201c Wohlf\u00fchl-Knete in unserem eigenen Labor entwickelt. In Zusammenarbeit mit unseren Designern haben wir die sch\u00f6nsten Farbkombinationen zu den Themen \u201ePure\u201c, \u201eHappy\u201c, \u201eNature\u201c und \u201eRelax\u201c zusammengestellt. Von leuchtenden T\u00f6nen bis hin zu sch\u00f6nen Pastellfarben, f\u00fcr optimalen Spielspa\u00df. Die Knete wird pro Farbe in unserem eigenen Werk hergestellt, getestet und dann von unseren Mitarbeitern in jeweils vier Beh\u00e4lter verpackt. In den Niederlanden hergestellt und f\u00fcr die ganze Welt bestimmt.<\/p>\n<\/div>\n<\/div>\n\n\n\n<div class=\"wp-block-columns is-layout-flex wp-container-core-columns-is-layout-28f84493 wp-block-columns-is-layout-flex\">\n<div class=\"wp-block-column is-layout-flow wp-block-column-is-layout-flow\">\n<figure class=\"wp-block-image size-large\"><img decoding=\"async\" src=\"https:\/\/ses-creative.com\/wp-content\/uploads\/2022\/09\/posts-2-1024x1024.png\" alt=\"\" class=\"wp-image-60112\"\/><\/figure>\n<\/div>\n\n\n\n<div class=\"wp-block-column is-layout-flow wp-block-column-is-layout-flow\">\n<figure class=\"wp-block-image size-large\"><img decoding=\"async\" src=\"https:\/\/ses-creative.com\/wp-content\/uploads\/2022\/09\/Pastel-Hello-Feed-Instagram-Posts-3-1024x1024.png\" alt=\"\" class=\"wp-image-60072\"\/><\/figure>\n<\/div>\n\n\n\n<div class=\"wp-block-column is-layout-flow wp-block-column-is-layout-flow\">\n<figure class=\"wp-block-image size-large\"><img decoding=\"async\" src=\"https:\/\/ses-creative.com\/wp-content\/uploads\/2022\/09\/posts-1-1024x1024.png\" alt=\"\" class=\"wp-image-60117\"\/><\/figure>\n<\/div>\n<\/div>\n\n\n\n<p><\/p>\n\n\n\n<p><\/p>\n","protected":false},"excerpt":{"rendered":"<p>Soft &amp; safe Unsere Knete ist weich, bunt und sogar f\u00fcr die Kleinsten ab dem vollendeten 1. Lebensjahr absolut sicher. Dies wird dadurch erm\u00f6glicht, dass wir unsere eigene Knete mit nat\u00fcrlichen Rohstoffen herstellen, welche alle strengen Sicherheitsma\u00dfnahmen f\u00fcr Spielzeug erf\u00fcllen. Da kleine Kinder st\u00e4ndig damit besch\u00e4ftigt sind, die Welt zu entdecken und alles auszuprobieren, sind [&hellip;]<\/p>\n","protected":false},"author":3,"featured_media":0,"parent":0,"menu_order":0,"comment_status":"closed","ping_status":"closed","template":"","meta":{"_acf_changed":false,"footnotes":""},"class_list":["post-61180","page","type-page","status-publish","hentry"],"acf":[],"yoast_head":"<!-- This site is optimized with the Yoast SEO plugin v27.4 - https:\/\/yoast.com\/product\/yoast-seo-wordpress\/ -->\n<title>Feel good Knete - SES Creative<\/title>\n<meta name=\"robots\" content=\"index, follow, max-snippet:-1, max-image-preview:large, max-video-preview:-1\" \/>\n<link rel=\"canonical\" href=\"https:\/\/ses-creative.com\/feel-good-dough\/\" \/>\n<meta property=\"og:locale\" content=\"de_DE\" \/>\n<meta property=\"og:type\" content=\"article\" \/>\n<meta property=\"og:title\" content=\"Feel good Knete - SES Creative\" \/>\n<meta property=\"og:description\" content=\"Soft &amp; safe Unsere Knete ist weich, bunt und sogar f\u00fcr die Kleinsten ab dem vollendeten 1. Lebensjahr absolut sicher. Dies wird dadurch erm\u00f6glicht, dass wir unsere eigene Knete mit nat\u00fcrlichen Rohstoffen herstellen, welche alle strengen Sicherheitsma\u00dfnahmen f\u00fcr Spielzeug erf\u00fcllen. Da kleine Kinder st\u00e4ndig damit besch\u00e4ftigt sind, die Welt zu entdecken und alles auszuprobieren, sind [&hellip;]\" \/>\n<meta property=\"og:url\" content=\"https:\/\/ses-creative.com\/feel-good-dough\/\" \/>\n<meta property=\"og:site_name\" content=\"SES Creative\" \/>\n<meta property=\"article:modified_time\" content=\"2026-01-06T12:26:51+00:00\" \/>\n<meta name=\"twitter:card\" content=\"summary_large_image\" \/>\n<meta name=\"twitter:label1\" content=\"Gesch\u00e4tzte Lesezeit\" \/>\n\t<meta name=\"twitter:data1\" content=\"7\u00a0Minuten\" \/>\n<script type=\"application\/ld+json\" class=\"yoast-schema-graph\">{\"@context\":\"https:\\\/\\\/schema.org\",\"@graph\":[{\"@type\":\"WebPage\",\"@id\":\"https:\\\/\\\/ses-creative.com\\\/feel-good-dough\\\/\",\"url\":\"https:\\\/\\\/ses-creative.com\\\/feel-good-dough\\\/\",\"name\":\"Feel good Knete - SES Creative\",\"isPartOf\":{\"@id\":\"https:\\\/\\\/ses-creative.com\\\/#website\"},\"primaryImageOfPage\":{\"@id\":\"https:\\\/\\\/ses-creative.com\\\/feel-good-dough\\\/#primaryimage\"},\"image\":{\"@id\":\"https:\\\/\\\/ses-creative.com\\\/feel-good-dough\\\/#primaryimage\"},\"thumbnailUrl\":\"https:\\\/\\\/ses-creative.com\\\/wp-content\\\/uploads\\\/2022\\\/09\\\/MicrosoftTeams-image-1.png\",\"datePublished\":\"2022-07-22T11:53:46+00:00\",\"dateModified\":\"2026-01-06T12:26:51+00:00\",\"inLanguage\":\"de\",\"potentialAction\":[{\"@type\":\"ReadAction\",\"target\":[\"https:\\\/\\\/ses-creative.com\\\/feel-good-dough\\\/\"]}]},{\"@type\":\"ImageObject\",\"inLanguage\":\"de\",\"@id\":\"https:\\\/\\\/ses-creative.com\\\/feel-good-dough\\\/#primaryimage\",\"url\":\"https:\\\/\\\/ses-creative.com\\\/wp-content\\\/uploads\\\/2022\\\/09\\\/MicrosoftTeams-image-1.png\",\"contentUrl\":\"https:\\\/\\\/ses-creative.com\\\/wp-content\\\/uploads\\\/2022\\\/09\\\/MicrosoftTeams-image-1.png\"},{\"@type\":\"WebSite\",\"@id\":\"https:\\\/\\\/ses-creative.com\\\/#website\",\"url\":\"https:\\\/\\\/ses-creative.com\\\/\",\"name\":\"SES Creative\",\"description\":\"\",\"publisher\":{\"@id\":\"https:\\\/\\\/ses-creative.com\\\/#organization\"},\"potentialAction\":[{\"@type\":\"SearchAction\",\"target\":{\"@type\":\"EntryPoint\",\"urlTemplate\":\"https:\\\/\\\/ses-creative.com\\\/?s={search_term_string}\"},\"query-input\":{\"@type\":\"PropertyValueSpecification\",\"valueRequired\":true,\"valueName\":\"search_term_string\"}}],\"inLanguage\":\"de\"},{\"@type\":\"Organization\",\"@id\":\"https:\\\/\\\/ses-creative.com\\\/#organization\",\"name\":\"SES Creative\",\"url\":\"https:\\\/\\\/ses-creative.com\\\/\",\"logo\":{\"@type\":\"ImageObject\",\"inLanguage\":\"de\",\"@id\":\"https:\\\/\\\/ses-creative.com\\\/#\\\/schema\\\/logo\\\/image\\\/\",\"url\":\"https:\\\/\\\/ses-creative.com\\\/wp-content\\\/uploads\\\/2025\\\/10\\\/ses-creative-logo.jpg\",\"contentUrl\":\"https:\\\/\\\/ses-creative.com\\\/wp-content\\\/uploads\\\/2025\\\/10\\\/ses-creative-logo.jpg\",\"width\":2037,\"height\":2037,\"caption\":\"SES Creative\"},\"image\":{\"@id\":\"https:\\\/\\\/ses-creative.com\\\/#\\\/schema\\\/logo\\\/image\\\/\"}}]}<\/script>\n<!-- \/ Yoast SEO plugin. -->","yoast_head_json":{"title":"Feel good Knete - SES Creative","robots":{"index":"index","follow":"follow","max-snippet":"max-snippet:-1","max-image-preview":"max-image-preview:large","max-video-preview":"max-video-preview:-1"},"canonical":"https:\/\/ses-creative.com\/feel-good-dough\/","og_locale":"de_DE","og_type":"article","og_title":"Feel good Knete - SES Creative","og_description":"Soft &amp; safe Unsere Knete ist weich, bunt und sogar f\u00fcr die Kleinsten ab dem vollendeten 1. Lebensjahr absolut sicher. Dies wird dadurch erm\u00f6glicht, dass wir unsere eigene Knete mit nat\u00fcrlichen Rohstoffen herstellen, welche alle strengen Sicherheitsma\u00dfnahmen f\u00fcr Spielzeug erf\u00fcllen. Da kleine Kinder st\u00e4ndig damit besch\u00e4ftigt sind, die Welt zu entdecken und alles auszuprobieren, sind [&hellip;]","og_url":"https:\/\/ses-creative.com\/feel-good-dough\/","og_site_name":"SES Creative","article_modified_time":"2026-01-06T12:26:51+00:00","twitter_card":"summary_large_image","twitter_misc":{"Gesch\u00e4tzte Lesezeit":"7\u00a0Minuten"},"schema":{"@context":"https:\/\/schema.org","@graph":[{"@type":"WebPage","@id":"https:\/\/ses-creative.com\/feel-good-dough\/","url":"https:\/\/ses-creative.com\/feel-good-dough\/","name":"Feel good Knete - SES Creative","isPartOf":{"@id":"https:\/\/ses-creative.com\/#website"},"primaryImageOfPage":{"@id":"https:\/\/ses-creative.com\/feel-good-dough\/#primaryimage"},"image":{"@id":"https:\/\/ses-creative.com\/feel-good-dough\/#primaryimage"},"thumbnailUrl":"https:\/\/ses-creative.com\/wp-content\/uploads\/2022\/09\/MicrosoftTeams-image-1.png","datePublished":"2022-07-22T11:53:46+00:00","dateModified":"2026-01-06T12:26:51+00:00","inLanguage":"de","potentialAction":[{"@type":"ReadAction","target":["https:\/\/ses-creative.com\/feel-good-dough\/"]}]},{"@type":"ImageObject","inLanguage":"de","@id":"https:\/\/ses-creative.com\/feel-good-dough\/#primaryimage","url":"https:\/\/ses-creative.com\/wp-content\/uploads\/2022\/09\/MicrosoftTeams-image-1.png","contentUrl":"https:\/\/ses-creative.com\/wp-content\/uploads\/2022\/09\/MicrosoftTeams-image-1.png"},{"@type":"WebSite","@id":"https:\/\/ses-creative.com\/#website","url":"https:\/\/ses-creative.com\/","name":"SES Creative","description":"","publisher":{"@id":"https:\/\/ses-creative.com\/#organization"},"potentialAction":[{"@type":"SearchAction","target":{"@type":"EntryPoint","urlTemplate":"https:\/\/ses-creative.com\/?s={search_term_string}"},"query-input":{"@type":"PropertyValueSpecification","valueRequired":true,"valueName":"search_term_string"}}],"inLanguage":"de"},{"@type":"Organization","@id":"https:\/\/ses-creative.com\/#organization","name":"SES Creative","url":"https:\/\/ses-creative.com\/","logo":{"@type":"ImageObject","inLanguage":"de","@id":"https:\/\/ses-creative.com\/#\/schema\/logo\/image\/","url":"https:\/\/ses-creative.com\/wp-content\/uploads\/2025\/10\/ses-creative-logo.jpg","contentUrl":"https:\/\/ses-creative.com\/wp-content\/uploads\/2025\/10\/ses-creative-logo.jpg","width":2037,"height":2037,"caption":"SES Creative"},"image":{"@id":"https:\/\/ses-creative.com\/#\/schema\/logo\/image\/"}}]}},"_links":{"self":[{"href":"https:\/\/ses-creative.com\/de\/wp-json\/wp\/v2\/pages\/61180","targetHints":{"allow":["GET"]}}],"collection":[{"href":"https:\/\/ses-creative.com\/de\/wp-json\/wp\/v2\/pages"}],"about":[{"href":"https:\/\/ses-creative.com\/de\/wp-json\/wp\/v2\/types\/page"}],"author":[{"embeddable":true,"href":"https:\/\/ses-creative.com\/de\/wp-json\/wp\/v2\/users\/3"}],"replies":[{"embeddable":true,"href":"https:\/\/ses-creative.com\/de\/wp-json\/wp\/v2\/comments?post=61180"}],"version-history":[{"count":1,"href":"https:\/\/ses-creative.com\/de\/wp-json\/wp\/v2\/pages\/61180\/revisions"}],"predecessor-version":[{"id":82977,"href":"https:\/\/ses-creative.com\/de\/wp-json\/wp\/v2\/pages\/61180\/revisions\/82977"}],"wp:attachment":[{"href":"https:\/\/ses-creative.com\/de\/wp-json\/wp\/v2\/media?parent=61180"}],"curies":[{"name":"wp","href":"https:\/\/api.w.org\/{rel}","templated":true}]}}