











{"id":59826,"date":"2022-07-22T10:54:24","date_gmt":"2022-07-22T10:54:24","guid":{"rendered":"https:\/\/ses-creative.com\/?page_id=59826"},"modified":"2026-01-06T12:26:52","modified_gmt":"2026-01-06T12:26:52","slug":"giessen-und-anmalen","status":"publish","type":"page","link":"https:\/\/ses-creative.com\/de\/giessen-und-anmalen\/","title":{"rendered":"How to &#8211; Gie\u00dfen und anmalen"},"content":{"rendered":"\n<p>Mit diesem Gips von SES Creative kannst du wundersch\u00f6ne Figuren basteln.<\/p>\n\n\n\n<p>Gie\u00dfe den Gips in die Gie\u00dfform und lasse ihn aush\u00e4rten. Nimm die mitgelieferte Farbe und male die Figuren an, wie es dir gef\u00e4llt. Das macht riesigen Spa\u00df mit tollen Ergebnissen! In den folgenden Videos kannst du die richtige Verh\u00e4ltnis zwischen Gips und Wasser finden.<\/p>\n\n\n\n<p><\/p>\n\n\n\n<h2 class=\"wp-block-heading\">Gie\u00dfen und anmalen &#8211; Gie\u00dfform<\/h2>\n\n\n\n<p><\/p>\n\n\n\n<figure class=\"wp-block-embed is-type-video is-provider-youtube wp-block-embed-youtube wp-embed-aspect-16-9 wp-has-aspect-ratio\"><div class=\"wp-block-embed__wrapper\">\n<iframe title=\"SES Creative - Instruction video - Casting &amp; Painting (Mould)\" width=\"800\" height=\"450\" src=\"https:\/\/www.youtube.com\/embed\/5wLwCVanuxk?feature=oembed\" frameborder=\"0\" allow=\"accelerometer; autoplay; clipboard-write; encrypted-media; gyroscope; picture-in-picture; web-share\" referrerpolicy=\"strict-origin-when-cross-origin\" allowfullscreen><\/iframe>\n<\/div><\/figure>\n\n\n\n<p><\/p>\n\n\n\n<h2 class=\"wp-block-heading\">Gie\u00dfen und anmalen &#8211; Latex Gie\u00dfform<\/h2>\n\n\n\n<figure class=\"wp-block-embed is-type-video is-provider-youtube wp-block-embed-youtube wp-embed-aspect-16-9 wp-has-aspect-ratio\"><div class=\"wp-block-embed__wrapper\">\n<iframe title=\"SES Creative - Instruction video - Casting &amp; Painting (Latex mould)\" width=\"800\" height=\"450\" src=\"https:\/\/www.youtube.com\/embed\/Kfi27S8IMRU?feature=oembed\" frameborder=\"0\" allow=\"accelerometer; autoplay; clipboard-write; encrypted-media; gyroscope; picture-in-picture; web-share\" referrerpolicy=\"strict-origin-when-cross-origin\" allowfullscreen><\/iframe>\n<\/div><\/figure>\n\n\n\n<p><\/p>\n\n\n\n<p><\/p>\n\n\n","protected":false},"excerpt":{"rendered":"<p>Mit diesem Gips von SES Creative kannst du wundersch\u00f6ne Figuren basteln. Gie\u00dfe den Gips in die Gie\u00dfform und lasse ihn aush\u00e4rten. Nimm die mitgelieferte Farbe und male die Figuren an, wie es dir gef\u00e4llt. Das macht riesigen Spa\u00df mit tollen Ergebnissen! In den folgenden Videos kannst du die richtige Verh\u00e4ltnis zwischen Gips und Wasser finden. [&hellip;]<\/p>\n","protected":false},"author":3,"featured_media":0,"parent":0,"menu_order":0,"comment_status":"closed","ping_status":"closed","template":"","meta":{"_acf_changed":false,"footnotes":""},"class_list":["post-59826","page","type-page","status-publish","hentry"],"acf":[],"yoast_head":"<!-- This site is optimized with the Yoast SEO plugin v27.2 - https:\/\/yoast.com\/product\/yoast-seo-wordpress\/ -->\n<title>How to - Gie\u00dfen und anmalen - SES Creative<\/title>\n<meta name=\"robots\" content=\"index, follow, max-snippet:-1, max-image-preview:large, max-video-preview:-1\" \/>\n<link rel=\"canonical\" href=\"https:\/\/ses-creative.com\/gips-gieten\/\" \/>\n<meta property=\"og:locale\" content=\"de_DE\" \/>\n<meta property=\"og:type\" content=\"article\" \/>\n<meta property=\"og:title\" content=\"How to - Gie\u00dfen und anmalen - SES Creative\" \/>\n<meta property=\"og:description\" content=\"Mit diesem Gips von SES Creative kannst du wundersch\u00f6ne Figuren basteln. Gie\u00dfe den Gips in die Gie\u00dfform und lasse ihn aush\u00e4rten. Nimm die mitgelieferte Farbe und male die Figuren an, wie es dir gef\u00e4llt. Das macht riesigen Spa\u00df mit tollen Ergebnissen! In den folgenden Videos kannst du die richtige Verh\u00e4ltnis zwischen Gips und Wasser finden. [&hellip;]\" \/>\n<meta property=\"og:url\" content=\"https:\/\/ses-creative.com\/gips-gieten\/\" \/>\n<meta property=\"og:site_name\" content=\"SES Creative\" \/>\n<meta property=\"article:modified_time\" content=\"2026-01-06T12:26:52+00:00\" \/>\n<meta name=\"twitter:card\" content=\"summary_large_image\" \/>\n<meta name=\"twitter:label1\" content=\"Gesch\u00e4tzte Lesezeit\" \/>\n\t<meta name=\"twitter:data1\" content=\"1\u00a0Minute\" \/>\n<script type=\"application\/ld+json\" class=\"yoast-schema-graph\">{\"@context\":\"https:\/\/schema.org\",\"@graph\":[{\"@type\":\"WebPage\",\"@id\":\"https:\/\/ses-creative.com\/gips-gieten\/\",\"url\":\"https:\/\/ses-creative.com\/gips-gieten\/\",\"name\":\"How to - Gie\u00dfen und anmalen - SES Creative\",\"isPartOf\":{\"@id\":\"https:\/\/ses-creative.com\/#website\"},\"datePublished\":\"2022-07-22T10:54:24+00:00\",\"dateModified\":\"2026-01-06T12:26:52+00:00\",\"inLanguage\":\"de\",\"potentialAction\":[{\"@type\":\"ReadAction\",\"target\":[\"https:\/\/ses-creative.com\/gips-gieten\/\"]}]},{\"@type\":\"WebSite\",\"@id\":\"https:\/\/ses-creative.com\/#website\",\"url\":\"https:\/\/ses-creative.com\/\",\"name\":\"SES Creative\",\"description\":\"\",\"publisher\":{\"@id\":\"https:\/\/ses-creative.com\/#organization\"},\"potentialAction\":[{\"@type\":\"SearchAction\",\"target\":{\"@type\":\"EntryPoint\",\"urlTemplate\":\"https:\/\/ses-creative.com\/?s={search_term_string}\"},\"query-input\":{\"@type\":\"PropertyValueSpecification\",\"valueRequired\":true,\"valueName\":\"search_term_string\"}}],\"inLanguage\":\"de\"},{\"@type\":\"Organization\",\"@id\":\"https:\/\/ses-creative.com\/#organization\",\"name\":\"SES Creative\",\"url\":\"https:\/\/ses-creative.com\/\",\"logo\":{\"@type\":\"ImageObject\",\"inLanguage\":\"de\",\"@id\":\"https:\/\/ses-creative.com\/#\/schema\/logo\/image\/\",\"url\":\"https:\/\/ses-creative.com\/wp-content\/uploads\/2025\/10\/ses-creative-logo.jpg\",\"contentUrl\":\"https:\/\/ses-creative.com\/wp-content\/uploads\/2025\/10\/ses-creative-logo.jpg\",\"width\":2037,\"height\":2037,\"caption\":\"SES Creative\"},\"image\":{\"@id\":\"https:\/\/ses-creative.com\/#\/schema\/logo\/image\/\"}}]}<\/script>\n<!-- \/ Yoast SEO plugin. -->","yoast_head_json":{"title":"How to - Gie\u00dfen und anmalen - SES Creative","robots":{"index":"index","follow":"follow","max-snippet":"max-snippet:-1","max-image-preview":"max-image-preview:large","max-video-preview":"max-video-preview:-1"},"canonical":"https:\/\/ses-creative.com\/gips-gieten\/","og_locale":"de_DE","og_type":"article","og_title":"How to - Gie\u00dfen und anmalen - SES Creative","og_description":"Mit diesem Gips von SES Creative kannst du wundersch\u00f6ne Figuren basteln. Gie\u00dfe den Gips in die Gie\u00dfform und lasse ihn aush\u00e4rten. Nimm die mitgelieferte Farbe und male die Figuren an, wie es dir gef\u00e4llt. Das macht riesigen Spa\u00df mit tollen Ergebnissen! In den folgenden Videos kannst du die richtige Verh\u00e4ltnis zwischen Gips und Wasser finden. [&hellip;]","og_url":"https:\/\/ses-creative.com\/gips-gieten\/","og_site_name":"SES Creative","article_modified_time":"2026-01-06T12:26:52+00:00","twitter_card":"summary_large_image","twitter_misc":{"Gesch\u00e4tzte Lesezeit":"1\u00a0Minute"},"schema":{"@context":"https:\/\/schema.org","@graph":[{"@type":"WebPage","@id":"https:\/\/ses-creative.com\/gips-gieten\/","url":"https:\/\/ses-creative.com\/gips-gieten\/","name":"How to - Gie\u00dfen und anmalen - SES Creative","isPartOf":{"@id":"https:\/\/ses-creative.com\/#website"},"datePublished":"2022-07-22T10:54:24+00:00","dateModified":"2026-01-06T12:26:52+00:00","inLanguage":"de","potentialAction":[{"@type":"ReadAction","target":["https:\/\/ses-creative.com\/gips-gieten\/"]}]},{"@type":"WebSite","@id":"https:\/\/ses-creative.com\/#website","url":"https:\/\/ses-creative.com\/","name":"SES Creative","description":"","publisher":{"@id":"https:\/\/ses-creative.com\/#organization"},"potentialAction":[{"@type":"SearchAction","target":{"@type":"EntryPoint","urlTemplate":"https:\/\/ses-creative.com\/?s={search_term_string}"},"query-input":{"@type":"PropertyValueSpecification","valueRequired":true,"valueName":"search_term_string"}}],"inLanguage":"de"},{"@type":"Organization","@id":"https:\/\/ses-creative.com\/#organization","name":"SES Creative","url":"https:\/\/ses-creative.com\/","logo":{"@type":"ImageObject","inLanguage":"de","@id":"https:\/\/ses-creative.com\/#\/schema\/logo\/image\/","url":"https:\/\/ses-creative.com\/wp-content\/uploads\/2025\/10\/ses-creative-logo.jpg","contentUrl":"https:\/\/ses-creative.com\/wp-content\/uploads\/2025\/10\/ses-creative-logo.jpg","width":2037,"height":2037,"caption":"SES Creative"},"image":{"@id":"https:\/\/ses-creative.com\/#\/schema\/logo\/image\/"}}]}},"_links":{"self":[{"href":"https:\/\/ses-creative.com\/de\/wp-json\/wp\/v2\/pages\/59826","targetHints":{"allow":["GET"]}}],"collection":[{"href":"https:\/\/ses-creative.com\/de\/wp-json\/wp\/v2\/pages"}],"about":[{"href":"https:\/\/ses-creative.com\/de\/wp-json\/wp\/v2\/types\/page"}],"author":[{"embeddable":true,"href":"https:\/\/ses-creative.com\/de\/wp-json\/wp\/v2\/users\/3"}],"replies":[{"embeddable":true,"href":"https:\/\/ses-creative.com\/de\/wp-json\/wp\/v2\/comments?post=59826"}],"version-history":[{"count":1,"href":"https:\/\/ses-creative.com\/de\/wp-json\/wp\/v2\/pages\/59826\/revisions"}],"predecessor-version":[{"id":82971,"href":"https:\/\/ses-creative.com\/de\/wp-json\/wp\/v2\/pages\/59826\/revisions\/82971"}],"wp:attachment":[{"href":"https:\/\/ses-creative.com\/de\/wp-json\/wp\/v2\/media?parent=59826"}],"curies":[{"name":"wp","href":"https:\/\/api.w.org\/{rel}","templated":true}]}}