











{"id":31185,"date":"2020-11-03T12:24:00","date_gmt":"2020-11-03T12:24:00","guid":{"rendered":"https:\/\/ses-creative.com\/?page_id=31185"},"modified":"2026-01-06T12:26:46","modified_gmt":"2026-01-06T12:26:46","slug":"beedz-art","status":"publish","type":"page","link":"https:\/\/ses-creative.com\/de\/beedz-art\/","title":{"rendered":"Beedz Art"},"content":{"rendered":"\n\n\n<h3 class=\"has-text-color wp-block-heading\" style=\"color:#009848\">Funktionweise:<\/h3>\n\n\n\n\n\n<h3 class=\"has-text-color wp-block-heading\" style=\"color:#009848\">Tipps:<\/h3>\n\n\n\n<p><strong>Tipps zum Aufsetzen von B\u00fcgelperlen:<\/strong><\/p>\n\n\n\n<ul class=\"wp-block-list\"><li>Legen Sie die Vorlagen auf eine flache Oberfl\u00e4che, damit Sie sie bei Bedarf verschieben k\u00f6nnen. &#8211; F\u00fcgen Sie sie dann einfach zusammen.<\/li><li>Die roten Linien in der Anleitung stimmen mit den auf den Vorlagen \u00fcberein.<\/li><li>Verwenden Sie auf dem Beispiel ein Lineal oder ein Blatt Papier, um den \u00dcberblick \u00fcber Ihre aktuelle Position zu behalten; die Punkte an der Seite eignen sich hierf\u00fcr hervorragend.<\/li><li>Lassen Sie jeweils die erste Reihe auf allen Seiten frei, da Sie auf diese Weise ein sch\u00f6neres B\u00fcgelergebnis erhalten.<\/li><li>Sie wissen nicht, welche Farbe Sie verwenden sollen? Als Hilfestellung sind auf dem Beispiel unten alle Farben der mitgelieferten B\u00fcgelperlen aufgef\u00fchrt.<\/li><\/ul>\n\n\n\n<p><strong>Tipps f\u00fcr B\u00fcgelperlen<\/strong>:<\/p>\n\n\n\n<ul class=\"wp-block-list\"><li>Halten Sie einen schweren Gegenstand griffbereit, den Sie auf die geb\u00fcgelten Perlen legen k\u00f6nnen, damit sie sich nicht verziehen. Ein schweres Buch oder ein Brotschneidebrett eignen sich wunderbar.<\/li><li>B\u00fcgeln Sie von links nach rechts. Beginnen Sie mit dem B\u00fcgeln auf einer Seite und arbeiten Sie sich langsam zur anderen Seite vor.<\/li><li>Bewegen Sie das B\u00fcgeleisen nicht, sondern halten Sie es ca. 10 bis 15 Sekunden lang an derselben Stelle. \u00dcben Sie keinen Druck auf das B\u00fcgeleisen aus.<\/li><li>Lassen Sie die Perlen nach dem B\u00fcgeln gut abk\u00fchlen, w\u00e4hrend ein schwerer Gegenstand auf ihnen liegt.<\/li><li>Nach etwa 15 bis 20 Minuten kann Ihr Kunstwerk in einen Bilderrahmen gelegt werden, damit es sich nicht verzieht. Jetzt kann Ihr Kunstwerk aufgeh\u00e4ngt werden!<\/li><\/ul>\n\n\n\n<div style=\"height:29px\" aria-hidden=\"true\" class=\"wp-block-spacer\"><\/div>\n\n\n\n<div style=\"height:20px\" aria-hidden=\"true\" class=\"wp-block-spacer\"><\/div>\n\n\n","protected":false},"excerpt":{"rendered":"<p>Funktionweise: Tipps: Tipps zum Aufsetzen von B\u00fcgelperlen: Legen Sie die Vorlagen auf eine flache Oberfl\u00e4che, damit Sie sie bei Bedarf verschieben k\u00f6nnen. &#8211; F\u00fcgen Sie sie dann einfach zusammen. Die roten Linien in der Anleitung stimmen mit den auf den Vorlagen \u00fcberein. Verwenden Sie auf dem Beispiel ein Lineal oder ein Blatt Papier, um den [&hellip;]<\/p>\n","protected":false},"author":3,"featured_media":0,"parent":0,"menu_order":0,"comment_status":"closed","ping_status":"closed","template":"","meta":{"_acf_changed":false,"footnotes":""},"class_list":["post-31185","page","type-page","status-publish","hentry"],"acf":[],"yoast_head":"<!-- This site is optimized with the Yoast SEO plugin v27.4 - https:\/\/yoast.com\/product\/yoast-seo-wordpress\/ -->\n<title>Beedz Art - SES Creative<\/title>\n<meta name=\"robots\" content=\"index, follow, max-snippet:-1, max-image-preview:large, max-video-preview:-1\" \/>\n<link rel=\"canonical\" href=\"https:\/\/ses-creative.com\/beedzart\/\" \/>\n<meta property=\"og:locale\" content=\"de_DE\" \/>\n<meta property=\"og:type\" content=\"article\" \/>\n<meta property=\"og:title\" content=\"Beedz Art - SES Creative\" \/>\n<meta property=\"og:description\" content=\"Funktionweise: Tipps: Tipps zum Aufsetzen von B\u00fcgelperlen: Legen Sie die Vorlagen auf eine flache Oberfl\u00e4che, damit Sie sie bei Bedarf verschieben k\u00f6nnen. &#8211; F\u00fcgen Sie sie dann einfach zusammen. Die roten Linien in der Anleitung stimmen mit den auf den Vorlagen \u00fcberein. Verwenden Sie auf dem Beispiel ein Lineal oder ein Blatt Papier, um den [&hellip;]\" \/>\n<meta property=\"og:url\" content=\"https:\/\/ses-creative.com\/beedzart\/\" \/>\n<meta property=\"og:site_name\" content=\"SES Creative\" \/>\n<meta property=\"article:modified_time\" content=\"2026-01-06T12:26:46+00:00\" \/>\n<meta name=\"twitter:card\" content=\"summary_large_image\" \/>\n<meta name=\"twitter:label1\" content=\"Gesch\u00e4tzte Lesezeit\" \/>\n\t<meta name=\"twitter:data1\" content=\"1\u00a0Minute\" \/>\n<script type=\"application\/ld+json\" class=\"yoast-schema-graph\">{\"@context\":\"https:\\\/\\\/schema.org\",\"@graph\":[{\"@type\":\"WebPage\",\"@id\":\"https:\\\/\\\/ses-creative.com\\\/beedzart\\\/\",\"url\":\"https:\\\/\\\/ses-creative.com\\\/beedzart\\\/\",\"name\":\"Beedz Art - SES Creative\",\"isPartOf\":{\"@id\":\"https:\\\/\\\/ses-creative.com\\\/#website\"},\"datePublished\":\"2020-11-03T12:24:00+00:00\",\"dateModified\":\"2026-01-06T12:26:46+00:00\",\"inLanguage\":\"de\",\"potentialAction\":[{\"@type\":\"ReadAction\",\"target\":[\"https:\\\/\\\/ses-creative.com\\\/beedzart\\\/\"]}]},{\"@type\":\"WebSite\",\"@id\":\"https:\\\/\\\/ses-creative.com\\\/#website\",\"url\":\"https:\\\/\\\/ses-creative.com\\\/\",\"name\":\"SES Creative\",\"description\":\"\",\"publisher\":{\"@id\":\"https:\\\/\\\/ses-creative.com\\\/#organization\"},\"potentialAction\":[{\"@type\":\"SearchAction\",\"target\":{\"@type\":\"EntryPoint\",\"urlTemplate\":\"https:\\\/\\\/ses-creative.com\\\/?s={search_term_string}\"},\"query-input\":{\"@type\":\"PropertyValueSpecification\",\"valueRequired\":true,\"valueName\":\"search_term_string\"}}],\"inLanguage\":\"de\"},{\"@type\":\"Organization\",\"@id\":\"https:\\\/\\\/ses-creative.com\\\/#organization\",\"name\":\"SES Creative\",\"url\":\"https:\\\/\\\/ses-creative.com\\\/\",\"logo\":{\"@type\":\"ImageObject\",\"inLanguage\":\"de\",\"@id\":\"https:\\\/\\\/ses-creative.com\\\/#\\\/schema\\\/logo\\\/image\\\/\",\"url\":\"https:\\\/\\\/ses-creative.com\\\/wp-content\\\/uploads\\\/2025\\\/10\\\/ses-creative-logo.jpg\",\"contentUrl\":\"https:\\\/\\\/ses-creative.com\\\/wp-content\\\/uploads\\\/2025\\\/10\\\/ses-creative-logo.jpg\",\"width\":2037,\"height\":2037,\"caption\":\"SES Creative\"},\"image\":{\"@id\":\"https:\\\/\\\/ses-creative.com\\\/#\\\/schema\\\/logo\\\/image\\\/\"}}]}<\/script>\n<!-- \/ Yoast SEO plugin. -->","yoast_head_json":{"title":"Beedz Art - SES Creative","robots":{"index":"index","follow":"follow","max-snippet":"max-snippet:-1","max-image-preview":"max-image-preview:large","max-video-preview":"max-video-preview:-1"},"canonical":"https:\/\/ses-creative.com\/beedzart\/","og_locale":"de_DE","og_type":"article","og_title":"Beedz Art - SES Creative","og_description":"Funktionweise: Tipps: Tipps zum Aufsetzen von B\u00fcgelperlen: Legen Sie die Vorlagen auf eine flache Oberfl\u00e4che, damit Sie sie bei Bedarf verschieben k\u00f6nnen. &#8211; F\u00fcgen Sie sie dann einfach zusammen. Die roten Linien in der Anleitung stimmen mit den auf den Vorlagen \u00fcberein. Verwenden Sie auf dem Beispiel ein Lineal oder ein Blatt Papier, um den [&hellip;]","og_url":"https:\/\/ses-creative.com\/beedzart\/","og_site_name":"SES Creative","article_modified_time":"2026-01-06T12:26:46+00:00","twitter_card":"summary_large_image","twitter_misc":{"Gesch\u00e4tzte Lesezeit":"1\u00a0Minute"},"schema":{"@context":"https:\/\/schema.org","@graph":[{"@type":"WebPage","@id":"https:\/\/ses-creative.com\/beedzart\/","url":"https:\/\/ses-creative.com\/beedzart\/","name":"Beedz Art - SES Creative","isPartOf":{"@id":"https:\/\/ses-creative.com\/#website"},"datePublished":"2020-11-03T12:24:00+00:00","dateModified":"2026-01-06T12:26:46+00:00","inLanguage":"de","potentialAction":[{"@type":"ReadAction","target":["https:\/\/ses-creative.com\/beedzart\/"]}]},{"@type":"WebSite","@id":"https:\/\/ses-creative.com\/#website","url":"https:\/\/ses-creative.com\/","name":"SES Creative","description":"","publisher":{"@id":"https:\/\/ses-creative.com\/#organization"},"potentialAction":[{"@type":"SearchAction","target":{"@type":"EntryPoint","urlTemplate":"https:\/\/ses-creative.com\/?s={search_term_string}"},"query-input":{"@type":"PropertyValueSpecification","valueRequired":true,"valueName":"search_term_string"}}],"inLanguage":"de"},{"@type":"Organization","@id":"https:\/\/ses-creative.com\/#organization","name":"SES Creative","url":"https:\/\/ses-creative.com\/","logo":{"@type":"ImageObject","inLanguage":"de","@id":"https:\/\/ses-creative.com\/#\/schema\/logo\/image\/","url":"https:\/\/ses-creative.com\/wp-content\/uploads\/2025\/10\/ses-creative-logo.jpg","contentUrl":"https:\/\/ses-creative.com\/wp-content\/uploads\/2025\/10\/ses-creative-logo.jpg","width":2037,"height":2037,"caption":"SES Creative"},"image":{"@id":"https:\/\/ses-creative.com\/#\/schema\/logo\/image\/"}}]}},"_links":{"self":[{"href":"https:\/\/ses-creative.com\/de\/wp-json\/wp\/v2\/pages\/31185","targetHints":{"allow":["GET"]}}],"collection":[{"href":"https:\/\/ses-creative.com\/de\/wp-json\/wp\/v2\/pages"}],"about":[{"href":"https:\/\/ses-creative.com\/de\/wp-json\/wp\/v2\/types\/page"}],"author":[{"embeddable":true,"href":"https:\/\/ses-creative.com\/de\/wp-json\/wp\/v2\/users\/3"}],"replies":[{"embeddable":true,"href":"https:\/\/ses-creative.com\/de\/wp-json\/wp\/v2\/comments?post=31185"}],"version-history":[{"count":1,"href":"https:\/\/ses-creative.com\/de\/wp-json\/wp\/v2\/pages\/31185\/revisions"}],"predecessor-version":[{"id":82961,"href":"https:\/\/ses-creative.com\/de\/wp-json\/wp\/v2\/pages\/31185\/revisions\/82961"}],"wp:attachment":[{"href":"https:\/\/ses-creative.com\/de\/wp-json\/wp\/v2\/media?parent=31185"}],"curies":[{"name":"wp","href":"https:\/\/api.w.org\/{rel}","templated":true}]}}