











{"id":28543,"date":"2020-10-20T11:15:07","date_gmt":"2020-10-20T11:15:07","guid":{"rendered":"https:\/\/ses-creative.com\/?page_id=28543"},"modified":"2026-01-06T12:26:46","modified_gmt":"2026-01-06T12:26:46","slug":"tanzbaender","status":"publish","type":"page","link":"https:\/\/ses-creative.com\/de\/tanzbaender\/","title":{"rendered":"Tanzb\u00e4nder"},"content":{"rendered":"\n<p>Willkommen auf der Tutorial-Seite zu den SES Tanzb\u00e4ndern.<\/p>\n\n\n\n<p>Tanzen wie eine Profit\u00e4nzerin! Ob Klein oder Gro\u00df \u2013 diese wundersch\u00f6nen Tanzb\u00e4nder von SES Creative garantieren aktiven Spiel-, Bewegungs- und Tanzspa\u00df f\u00fcr alle. Mit dem langen Tanzband in bunten Regenbogen-Farben k\u00f6nnen verschiedene Figuren, wie Spiralen oder Kreise geschwungen werden. <\/p>\n\n\n\n<p>Hierzu das Band einfach mit dem Stab hin und her wedeln und schon entstehen fantastische Choreografien. Die zwei Tanzringe mit h\u00fcbschen, farbigen B\u00e4ndern haben praktische Griffe \u2013 so liegen sie gut in der Hand und k\u00f6nnen ebenfalls nach Lust und Laune herumgewirbelt werden. Egal ob drinnen oder drau\u00dfen \u2013 das Tanzen mit den B\u00e4ndern macht unglaublichen Spa\u00df und sorgt ganz nebenbei spielerisch f\u00fcr Bewegung.<\/p>\n\n\n\n<div style=\"height:25px\" aria-hidden=\"true\" class=\"wp-block-spacer\"><\/div>\n\n\n\n<p><strong>Tutorial 1<\/strong><\/p>\n\n\n\n<figure class=\"wp-block-embed-youtube wp-block-embed is-type-rich is-provider-handler-einbetten wp-embed-aspect-16-9 wp-has-aspect-ratio\"><div class=\"wp-block-embed__wrapper\">\n<iframe title=\"SES Creative Tanzb\u00e4nder - Tutorial 1\" width=\"800\" height=\"450\" src=\"https:\/\/www.youtube.com\/embed\/BPP8qOFHZ1A?feature=oembed\" frameborder=\"0\" allow=\"accelerometer; autoplay; clipboard-write; encrypted-media; gyroscope; picture-in-picture; web-share\" referrerpolicy=\"strict-origin-when-cross-origin\" allowfullscreen><\/iframe>\n<\/div><\/figure>\n\n\n\n<p><strong>Tutorial 2<\/strong><\/p>\n\n\n\n<figure class=\"wp-block-embed-youtube wp-block-embed is-type-rich is-provider-handler-einbetten wp-embed-aspect-16-9 wp-has-aspect-ratio\"><div class=\"wp-block-embed__wrapper\">\n<iframe title=\"SES Creative Tanzb\u00e4nder - Tutorial 2\" width=\"800\" height=\"450\" src=\"https:\/\/www.youtube.com\/embed\/r_hkYV2-LO0?feature=oembed\" frameborder=\"0\" allow=\"accelerometer; autoplay; clipboard-write; encrypted-media; gyroscope; picture-in-picture; web-share\" referrerpolicy=\"strict-origin-when-cross-origin\" allowfullscreen><\/iframe>\n<\/div><\/figure>\n\n\n\n<p><strong>Tutorial 3<\/strong><\/p>\n\n\n\n<figure class=\"wp-block-embed-youtube wp-block-embed is-type-rich is-provider-handler-einbetten wp-embed-aspect-16-9 wp-has-aspect-ratio\"><div class=\"wp-block-embed__wrapper\">\n<iframe title=\"SES Creative Tanzb\u00e4nder - Tutorial 3\" width=\"800\" height=\"450\" src=\"https:\/\/www.youtube.com\/embed\/zQMtQ2uzlXU?feature=oembed\" frameborder=\"0\" allow=\"accelerometer; autoplay; clipboard-write; encrypted-media; gyroscope; picture-in-picture; web-share\" referrerpolicy=\"strict-origin-when-cross-origin\" allowfullscreen><\/iframe>\n<\/div><\/figure>\n","protected":false},"excerpt":{"rendered":"<p>Willkommen auf der Tutorial-Seite zu den SES Tanzb\u00e4ndern. Tanzen wie eine Profit\u00e4nzerin! Ob Klein oder Gro\u00df \u2013 diese wundersch\u00f6nen Tanzb\u00e4nder von SES Creative garantieren aktiven Spiel-, Bewegungs- und Tanzspa\u00df f\u00fcr alle. Mit dem langen Tanzband in bunten Regenbogen-Farben k\u00f6nnen verschiedene Figuren, wie Spiralen oder Kreise geschwungen werden. Hierzu das Band einfach mit dem Stab hin [&hellip;]<\/p>\n","protected":false},"author":3,"featured_media":0,"parent":0,"menu_order":0,"comment_status":"closed","ping_status":"closed","template":"","meta":{"_acf_changed":false,"footnotes":""},"class_list":["post-28543","page","type-page","status-publish","hentry"],"acf":[],"yoast_head":"<!-- This site is optimized with the Yoast SEO plugin v27.2 - https:\/\/yoast.com\/product\/yoast-seo-wordpress\/ -->\n<title>Tanzb\u00e4nder - SES Creative<\/title>\n<meta name=\"robots\" content=\"index, follow, max-snippet:-1, max-image-preview:large, max-video-preview:-1\" \/>\n<link rel=\"canonical\" href=\"https:\/\/ses-creative.com\/danceribbons\/\" \/>\n<meta property=\"og:locale\" content=\"de_DE\" \/>\n<meta property=\"og:type\" content=\"article\" \/>\n<meta property=\"og:title\" content=\"Tanzb\u00e4nder - SES Creative\" \/>\n<meta property=\"og:description\" content=\"Willkommen auf der Tutorial-Seite zu den SES Tanzb\u00e4ndern. Tanzen wie eine Profit\u00e4nzerin! Ob Klein oder Gro\u00df \u2013 diese wundersch\u00f6nen Tanzb\u00e4nder von SES Creative garantieren aktiven Spiel-, Bewegungs- und Tanzspa\u00df f\u00fcr alle. Mit dem langen Tanzband in bunten Regenbogen-Farben k\u00f6nnen verschiedene Figuren, wie Spiralen oder Kreise geschwungen werden. Hierzu das Band einfach mit dem Stab hin [&hellip;]\" \/>\n<meta property=\"og:url\" content=\"https:\/\/ses-creative.com\/danceribbons\/\" \/>\n<meta property=\"og:site_name\" content=\"SES Creative\" \/>\n<meta property=\"article:modified_time\" content=\"2026-01-06T12:26:46+00:00\" \/>\n<meta name=\"twitter:card\" content=\"summary_large_image\" \/>\n<meta name=\"twitter:label1\" content=\"Gesch\u00e4tzte Lesezeit\" \/>\n\t<meta name=\"twitter:data1\" content=\"1\u00a0Minute\" \/>\n<script type=\"application\/ld+json\" class=\"yoast-schema-graph\">{\"@context\":\"https:\/\/schema.org\",\"@graph\":[{\"@type\":\"WebPage\",\"@id\":\"https:\/\/ses-creative.com\/danceribbons\/\",\"url\":\"https:\/\/ses-creative.com\/danceribbons\/\",\"name\":\"Tanzb\u00e4nder - SES Creative\",\"isPartOf\":{\"@id\":\"https:\/\/ses-creative.com\/#website\"},\"datePublished\":\"2020-10-20T11:15:07+00:00\",\"dateModified\":\"2026-01-06T12:26:46+00:00\",\"inLanguage\":\"de\",\"potentialAction\":[{\"@type\":\"ReadAction\",\"target\":[\"https:\/\/ses-creative.com\/danceribbons\/\"]}]},{\"@type\":\"WebSite\",\"@id\":\"https:\/\/ses-creative.com\/#website\",\"url\":\"https:\/\/ses-creative.com\/\",\"name\":\"SES Creative\",\"description\":\"\",\"publisher\":{\"@id\":\"https:\/\/ses-creative.com\/#organization\"},\"potentialAction\":[{\"@type\":\"SearchAction\",\"target\":{\"@type\":\"EntryPoint\",\"urlTemplate\":\"https:\/\/ses-creative.com\/?s={search_term_string}\"},\"query-input\":{\"@type\":\"PropertyValueSpecification\",\"valueRequired\":true,\"valueName\":\"search_term_string\"}}],\"inLanguage\":\"de\"},{\"@type\":\"Organization\",\"@id\":\"https:\/\/ses-creative.com\/#organization\",\"name\":\"SES Creative\",\"url\":\"https:\/\/ses-creative.com\/\",\"logo\":{\"@type\":\"ImageObject\",\"inLanguage\":\"de\",\"@id\":\"https:\/\/ses-creative.com\/#\/schema\/logo\/image\/\",\"url\":\"https:\/\/ses-creative.com\/wp-content\/uploads\/2025\/10\/ses-creative-logo.jpg\",\"contentUrl\":\"https:\/\/ses-creative.com\/wp-content\/uploads\/2025\/10\/ses-creative-logo.jpg\",\"width\":2037,\"height\":2037,\"caption\":\"SES Creative\"},\"image\":{\"@id\":\"https:\/\/ses-creative.com\/#\/schema\/logo\/image\/\"}}]}<\/script>\n<!-- \/ Yoast SEO plugin. -->","yoast_head_json":{"title":"Tanzb\u00e4nder - SES Creative","robots":{"index":"index","follow":"follow","max-snippet":"max-snippet:-1","max-image-preview":"max-image-preview:large","max-video-preview":"max-video-preview:-1"},"canonical":"https:\/\/ses-creative.com\/danceribbons\/","og_locale":"de_DE","og_type":"article","og_title":"Tanzb\u00e4nder - SES Creative","og_description":"Willkommen auf der Tutorial-Seite zu den SES Tanzb\u00e4ndern. Tanzen wie eine Profit\u00e4nzerin! Ob Klein oder Gro\u00df \u2013 diese wundersch\u00f6nen Tanzb\u00e4nder von SES Creative garantieren aktiven Spiel-, Bewegungs- und Tanzspa\u00df f\u00fcr alle. Mit dem langen Tanzband in bunten Regenbogen-Farben k\u00f6nnen verschiedene Figuren, wie Spiralen oder Kreise geschwungen werden. Hierzu das Band einfach mit dem Stab hin [&hellip;]","og_url":"https:\/\/ses-creative.com\/danceribbons\/","og_site_name":"SES Creative","article_modified_time":"2026-01-06T12:26:46+00:00","twitter_card":"summary_large_image","twitter_misc":{"Gesch\u00e4tzte Lesezeit":"1\u00a0Minute"},"schema":{"@context":"https:\/\/schema.org","@graph":[{"@type":"WebPage","@id":"https:\/\/ses-creative.com\/danceribbons\/","url":"https:\/\/ses-creative.com\/danceribbons\/","name":"Tanzb\u00e4nder - SES Creative","isPartOf":{"@id":"https:\/\/ses-creative.com\/#website"},"datePublished":"2020-10-20T11:15:07+00:00","dateModified":"2026-01-06T12:26:46+00:00","inLanguage":"de","potentialAction":[{"@type":"ReadAction","target":["https:\/\/ses-creative.com\/danceribbons\/"]}]},{"@type":"WebSite","@id":"https:\/\/ses-creative.com\/#website","url":"https:\/\/ses-creative.com\/","name":"SES Creative","description":"","publisher":{"@id":"https:\/\/ses-creative.com\/#organization"},"potentialAction":[{"@type":"SearchAction","target":{"@type":"EntryPoint","urlTemplate":"https:\/\/ses-creative.com\/?s={search_term_string}"},"query-input":{"@type":"PropertyValueSpecification","valueRequired":true,"valueName":"search_term_string"}}],"inLanguage":"de"},{"@type":"Organization","@id":"https:\/\/ses-creative.com\/#organization","name":"SES Creative","url":"https:\/\/ses-creative.com\/","logo":{"@type":"ImageObject","inLanguage":"de","@id":"https:\/\/ses-creative.com\/#\/schema\/logo\/image\/","url":"https:\/\/ses-creative.com\/wp-content\/uploads\/2025\/10\/ses-creative-logo.jpg","contentUrl":"https:\/\/ses-creative.com\/wp-content\/uploads\/2025\/10\/ses-creative-logo.jpg","width":2037,"height":2037,"caption":"SES Creative"},"image":{"@id":"https:\/\/ses-creative.com\/#\/schema\/logo\/image\/"}}]}},"_links":{"self":[{"href":"https:\/\/ses-creative.com\/de\/wp-json\/wp\/v2\/pages\/28543","targetHints":{"allow":["GET"]}}],"collection":[{"href":"https:\/\/ses-creative.com\/de\/wp-json\/wp\/v2\/pages"}],"about":[{"href":"https:\/\/ses-creative.com\/de\/wp-json\/wp\/v2\/types\/page"}],"author":[{"embeddable":true,"href":"https:\/\/ses-creative.com\/de\/wp-json\/wp\/v2\/users\/3"}],"replies":[{"embeddable":true,"href":"https:\/\/ses-creative.com\/de\/wp-json\/wp\/v2\/comments?post=28543"}],"version-history":[{"count":1,"href":"https:\/\/ses-creative.com\/de\/wp-json\/wp\/v2\/pages\/28543\/revisions"}],"predecessor-version":[{"id":82951,"href":"https:\/\/ses-creative.com\/de\/wp-json\/wp\/v2\/pages\/28543\/revisions\/82951"}],"wp:attachment":[{"href":"https:\/\/ses-creative.com\/de\/wp-json\/wp\/v2\/media?parent=28543"}],"curies":[{"name":"wp","href":"https:\/\/api.w.org\/{rel}","templated":true}]}}