











{"id":28449,"date":"2020-09-03T09:09:54","date_gmt":"2020-09-03T09:09:54","guid":{"rendered":"https:\/\/ses-creative.com\/?page_id=28449"},"modified":"2026-01-06T12:26:39","modified_gmt":"2026-01-06T12:26:39","slug":"explore","status":"publish","type":"page","link":"https:\/\/ses-creative.com\/de\/spielwelten\/explore\/","title":{"rendered":"Explore"},"content":{"rendered":"\n\n\n\n\n<p class=\"has-text-color\" style=\"font-size:32px;color:#009848\"><strong><strong>M\u00f6chtest du Arch\u00e4ologe werden?<\/strong><\/strong><\/p>\n\n\n\n<p>Vielleicht m\u00f6chtest Arch\u00e4ologe werden, wenn du gro\u00df bist, und in alten H\u00f6hlen erstaunliche Entdeckungen machen und Sch\u00e4tze wie alte Skelette, Juwelen, Fossilien und andere wunderbare Dinge finden. Erschaffe mit dem Set Leuchtende Fossilien deine eigenen Fossilien!<\/p>\n\n\n\n<div style=\"height:25px\" aria-hidden=\"true\" class=\"wp-block-spacer\"><\/div>\n\n\n\n\n\n<div style=\"height:25px\" aria-hidden=\"true\" class=\"wp-block-spacer\"><\/div>\n\n\n\n\n\n<div style=\"height:25px\" aria-hidden=\"true\" class=\"wp-block-spacer\"><\/div>\n\n\n\n<p><\/p>\n\n\n\n<p><\/p>\n","protected":false},"excerpt":{"rendered":"<p>M\u00f6chtest du Arch\u00e4ologe werden? Vielleicht m\u00f6chtest Arch\u00e4ologe werden, wenn du gro\u00df bist, und in alten H\u00f6hlen erstaunliche Entdeckungen machen und Sch\u00e4tze wie alte Skelette, Juwelen, Fossilien und andere wunderbare Dinge finden. Erschaffe mit dem Set Leuchtende Fossilien deine eigenen Fossilien!<\/p>\n","protected":false},"author":3,"featured_media":0,"parent":28455,"menu_order":0,"comment_status":"closed","ping_status":"closed","template":"","meta":{"_acf_changed":false,"footnotes":""},"class_list":["post-28449","page","type-page","status-publish","hentry"],"acf":[],"yoast_head":"<!-- This site is optimized with the Yoast SEO plugin v27.4 - https:\/\/yoast.com\/product\/yoast-seo-wordpress\/ -->\n<title>Explore - SES Creative<\/title>\n<meta name=\"robots\" content=\"index, follow, max-snippet:-1, max-image-preview:large, max-video-preview:-1\" \/>\n<link rel=\"canonical\" href=\"https:\/\/ses-creative.com\/speelwerelden\/explore\/\" \/>\n<meta property=\"og:locale\" content=\"de_DE\" \/>\n<meta property=\"og:type\" content=\"article\" \/>\n<meta property=\"og:title\" content=\"Explore - SES Creative\" \/>\n<meta property=\"og:description\" content=\"M\u00f6chtest du Arch\u00e4ologe werden? Vielleicht m\u00f6chtest Arch\u00e4ologe werden, wenn du gro\u00df bist, und in alten H\u00f6hlen erstaunliche Entdeckungen machen und Sch\u00e4tze wie alte Skelette, Juwelen, Fossilien und andere wunderbare Dinge finden. Erschaffe mit dem Set Leuchtende Fossilien deine eigenen Fossilien!\" \/>\n<meta property=\"og:url\" content=\"https:\/\/ses-creative.com\/speelwerelden\/explore\/\" \/>\n<meta property=\"og:site_name\" content=\"SES Creative\" \/>\n<meta property=\"article:modified_time\" content=\"2026-01-06T12:26:39+00:00\" \/>\n<meta name=\"twitter:card\" content=\"summary_large_image\" \/>\n<script type=\"application\/ld+json\" class=\"yoast-schema-graph\">{\"@context\":\"https:\\\/\\\/schema.org\",\"@graph\":[{\"@type\":\"WebPage\",\"@id\":\"https:\\\/\\\/ses-creative.com\\\/speelwerelden\\\/explore\\\/\",\"url\":\"https:\\\/\\\/ses-creative.com\\\/speelwerelden\\\/explore\\\/\",\"name\":\"Explore - SES Creative\",\"isPartOf\":{\"@id\":\"https:\\\/\\\/ses-creative.com\\\/#website\"},\"datePublished\":\"2020-09-03T09:09:54+00:00\",\"dateModified\":\"2026-01-06T12:26:39+00:00\",\"breadcrumb\":{\"@id\":\"https:\\\/\\\/ses-creative.com\\\/speelwerelden\\\/explore\\\/#breadcrumb\"},\"inLanguage\":\"de\",\"potentialAction\":[{\"@type\":\"ReadAction\",\"target\":[\"https:\\\/\\\/ses-creative.com\\\/speelwerelden\\\/explore\\\/\"]}]},{\"@type\":\"BreadcrumbList\",\"@id\":\"https:\\\/\\\/ses-creative.com\\\/speelwerelden\\\/explore\\\/#breadcrumb\",\"itemListElement\":[{\"@type\":\"ListItem\",\"position\":1,\"name\":\"Spielwelten\",\"item\":\"https:\\\/\\\/ses-creative.com\\\/speelwerelden\\\/\"},{\"@type\":\"ListItem\",\"position\":2,\"name\":\"Explore\"}]},{\"@type\":\"WebSite\",\"@id\":\"https:\\\/\\\/ses-creative.com\\\/#website\",\"url\":\"https:\\\/\\\/ses-creative.com\\\/\",\"name\":\"SES Creative\",\"description\":\"\",\"publisher\":{\"@id\":\"https:\\\/\\\/ses-creative.com\\\/#organization\"},\"potentialAction\":[{\"@type\":\"SearchAction\",\"target\":{\"@type\":\"EntryPoint\",\"urlTemplate\":\"https:\\\/\\\/ses-creative.com\\\/?s={search_term_string}\"},\"query-input\":{\"@type\":\"PropertyValueSpecification\",\"valueRequired\":true,\"valueName\":\"search_term_string\"}}],\"inLanguage\":\"de\"},{\"@type\":\"Organization\",\"@id\":\"https:\\\/\\\/ses-creative.com\\\/#organization\",\"name\":\"SES Creative\",\"url\":\"https:\\\/\\\/ses-creative.com\\\/\",\"logo\":{\"@type\":\"ImageObject\",\"inLanguage\":\"de\",\"@id\":\"https:\\\/\\\/ses-creative.com\\\/#\\\/schema\\\/logo\\\/image\\\/\",\"url\":\"https:\\\/\\\/ses-creative.com\\\/wp-content\\\/uploads\\\/2025\\\/10\\\/ses-creative-logo.jpg\",\"contentUrl\":\"https:\\\/\\\/ses-creative.com\\\/wp-content\\\/uploads\\\/2025\\\/10\\\/ses-creative-logo.jpg\",\"width\":2037,\"height\":2037,\"caption\":\"SES Creative\"},\"image\":{\"@id\":\"https:\\\/\\\/ses-creative.com\\\/#\\\/schema\\\/logo\\\/image\\\/\"}}]}<\/script>\n<!-- \/ Yoast SEO plugin. -->","yoast_head_json":{"title":"Explore - SES Creative","robots":{"index":"index","follow":"follow","max-snippet":"max-snippet:-1","max-image-preview":"max-image-preview:large","max-video-preview":"max-video-preview:-1"},"canonical":"https:\/\/ses-creative.com\/speelwerelden\/explore\/","og_locale":"de_DE","og_type":"article","og_title":"Explore - SES Creative","og_description":"M\u00f6chtest du Arch\u00e4ologe werden? Vielleicht m\u00f6chtest Arch\u00e4ologe werden, wenn du gro\u00df bist, und in alten H\u00f6hlen erstaunliche Entdeckungen machen und Sch\u00e4tze wie alte Skelette, Juwelen, Fossilien und andere wunderbare Dinge finden. Erschaffe mit dem Set Leuchtende Fossilien deine eigenen Fossilien!","og_url":"https:\/\/ses-creative.com\/speelwerelden\/explore\/","og_site_name":"SES Creative","article_modified_time":"2026-01-06T12:26:39+00:00","twitter_card":"summary_large_image","schema":{"@context":"https:\/\/schema.org","@graph":[{"@type":"WebPage","@id":"https:\/\/ses-creative.com\/speelwerelden\/explore\/","url":"https:\/\/ses-creative.com\/speelwerelden\/explore\/","name":"Explore - SES Creative","isPartOf":{"@id":"https:\/\/ses-creative.com\/#website"},"datePublished":"2020-09-03T09:09:54+00:00","dateModified":"2026-01-06T12:26:39+00:00","breadcrumb":{"@id":"https:\/\/ses-creative.com\/speelwerelden\/explore\/#breadcrumb"},"inLanguage":"de","potentialAction":[{"@type":"ReadAction","target":["https:\/\/ses-creative.com\/speelwerelden\/explore\/"]}]},{"@type":"BreadcrumbList","@id":"https:\/\/ses-creative.com\/speelwerelden\/explore\/#breadcrumb","itemListElement":[{"@type":"ListItem","position":1,"name":"Spielwelten","item":"https:\/\/ses-creative.com\/speelwerelden\/"},{"@type":"ListItem","position":2,"name":"Explore"}]},{"@type":"WebSite","@id":"https:\/\/ses-creative.com\/#website","url":"https:\/\/ses-creative.com\/","name":"SES Creative","description":"","publisher":{"@id":"https:\/\/ses-creative.com\/#organization"},"potentialAction":[{"@type":"SearchAction","target":{"@type":"EntryPoint","urlTemplate":"https:\/\/ses-creative.com\/?s={search_term_string}"},"query-input":{"@type":"PropertyValueSpecification","valueRequired":true,"valueName":"search_term_string"}}],"inLanguage":"de"},{"@type":"Organization","@id":"https:\/\/ses-creative.com\/#organization","name":"SES Creative","url":"https:\/\/ses-creative.com\/","logo":{"@type":"ImageObject","inLanguage":"de","@id":"https:\/\/ses-creative.com\/#\/schema\/logo\/image\/","url":"https:\/\/ses-creative.com\/wp-content\/uploads\/2025\/10\/ses-creative-logo.jpg","contentUrl":"https:\/\/ses-creative.com\/wp-content\/uploads\/2025\/10\/ses-creative-logo.jpg","width":2037,"height":2037,"caption":"SES Creative"},"image":{"@id":"https:\/\/ses-creative.com\/#\/schema\/logo\/image\/"}}]}},"_links":{"self":[{"href":"https:\/\/ses-creative.com\/de\/wp-json\/wp\/v2\/pages\/28449","targetHints":{"allow":["GET"]}}],"collection":[{"href":"https:\/\/ses-creative.com\/de\/wp-json\/wp\/v2\/pages"}],"about":[{"href":"https:\/\/ses-creative.com\/de\/wp-json\/wp\/v2\/types\/page"}],"author":[{"embeddable":true,"href":"https:\/\/ses-creative.com\/de\/wp-json\/wp\/v2\/users\/3"}],"replies":[{"embeddable":true,"href":"https:\/\/ses-creative.com\/de\/wp-json\/wp\/v2\/comments?post=28449"}],"version-history":[{"count":1,"href":"https:\/\/ses-creative.com\/de\/wp-json\/wp\/v2\/pages\/28449\/revisions"}],"predecessor-version":[{"id":82940,"href":"https:\/\/ses-creative.com\/de\/wp-json\/wp\/v2\/pages\/28449\/revisions\/82940"}],"up":[{"embeddable":true,"href":"https:\/\/ses-creative.com\/de\/wp-json\/wp\/v2\/pages\/28455"}],"wp:attachment":[{"href":"https:\/\/ses-creative.com\/de\/wp-json\/wp\/v2\/media?parent=28449"}],"curies":[{"name":"wp","href":"https:\/\/api.w.org\/{rel}","templated":true}]}}