











{"id":28446,"date":"2020-09-03T09:09:40","date_gmt":"2020-09-03T09:09:40","guid":{"rendered":"https:\/\/ses-creative.com\/?page_id=28446"},"modified":"2026-01-06T12:26:38","modified_gmt":"2026-01-06T12:26:38","slug":"outdoor","status":"publish","type":"page","link":"https:\/\/ses-creative.com\/de\/spielwelten\/outdoor\/","title":{"rendered":"Outdoor"},"content":{"rendered":"\n\n\n\n\n<h2 class=\"wp-block-heading\">Der beste Ort zum Spielen und Lernen<\/h2>\n\n\n\n<p>Drau\u00dfen spielen ist gesund und wichtig f\u00fcr die kindliche Entwicklung. Die Outdoor-Produkte von SES Creative fordern die Bewegung heraus, f\u00f6rdern die Motorik und sind gut f\u00fcr die Kreativit\u00e4t! Aber das Wichtigste ist nat\u00fcrlich das Spielen und Spa\u00df haben im Freien. Von unseren bekannten Mega Bubbles, Spielmatten bis hin zu einer gro\u00dfen Auswahl an Kreide ist f\u00fcr jedes Kind und jeden Ort etwas dabei.<\/p>\n\n\n\n<div class=\"wp-block-columns is-layout-flex wp-container-core-columns-is-layout-28f84493 wp-block-columns-is-layout-flex\">\n<div class=\"wp-block-column is-layout-flow wp-block-column-is-layout-flow\">\n<figure class=\"wp-block-image size-large\"><img decoding=\"async\" src=\"https:\/\/ses-creative.com\/wp-content\/uploads\/2023\/04\/02236-Wrap-go-Fav.1O0A9607-1024x1024.jpg\" alt=\"\" class=\"wp-image-70196\"\/><\/figure>\n<\/div>\n\n\n\n<div class=\"wp-block-column is-layout-flow wp-block-column-is-layout-flow\">\n<figure class=\"wp-block-image size-large\"><img decoding=\"async\" src=\"https:\/\/ses-creative.com\/wp-content\/uploads\/2022\/11\/022485-1024x1024.jpeg\" alt=\"\" class=\"wp-image-62868\"\/><\/figure>\n<\/div>\n\n\n\n<div class=\"wp-block-column is-layout-flow wp-block-column-is-layout-flow\">\n<figure class=\"wp-block-image size-large\"><img decoding=\"async\" src=\"https:\/\/ses-creative.com\/wp-content\/uploads\/2023\/04\/Website_02229-2-1024x1024.png\" alt=\"\" class=\"wp-image-70201\"\/><\/figure>\n<\/div>\n<\/div>\n\n\n\n<h2 class=\"wp-block-heading\">Neu in Outdoor<\/h2>\n\n\n\n<p>Die neue Outdoor-Kollektion ist ab sofort erh\u00e4ltlich und besteht aus unz\u00e4hligen lustigen Outdoor-Spielen, kreativen Kreide oder Reisespielen. Unterwegs, zu Hause oder irgendwo auf dem Campingplatz gibt es f\u00fcr jede Familie das passende Spiel, um sch\u00f6ne Stunden mit der Familie zu verbringen! Wie zum Beispiel das brandneue Reise-Fenstersticker-Bingo f\u00fcr unterwegs oder das kompakte Wrap &amp; Go, das \u00fcberall f\u00fcr endlosen Spielspa\u00df sorgt.<\/p>\n\n\n\n<div style=\"height:25px\" aria-hidden=\"true\" class=\"wp-block-spacer\"><\/div>\n\n\n\n<figure class=\"wp-block-embed is-type-video is-provider-youtube wp-block-embed-youtube wp-embed-aspect-16-9 wp-has-aspect-ratio\"><div class=\"wp-block-embed__wrapper\">\n<iframe title=\"SES Creative - First to find (OUTDOOR)\" width=\"800\" height=\"450\" src=\"https:\/\/www.youtube.com\/embed\/ZGHZd7u2Upk?feature=oembed\" frameborder=\"0\" allow=\"accelerometer; autoplay; clipboard-write; encrypted-media; gyroscope; picture-in-picture; web-share\" referrerpolicy=\"strict-origin-when-cross-origin\" allowfullscreen><\/iframe>\n<\/div><\/figure>\n","protected":false},"excerpt":{"rendered":"<p>Der beste Ort zum Spielen und Lernen Drau\u00dfen spielen ist gesund und wichtig f\u00fcr die kindliche Entwicklung. Die Outdoor-Produkte von SES Creative fordern die Bewegung heraus, f\u00f6rdern die Motorik und sind gut f\u00fcr die Kreativit\u00e4t! Aber das Wichtigste ist nat\u00fcrlich das Spielen und Spa\u00df haben im Freien. Von unseren bekannten Mega Bubbles, Spielmatten bis hin [&hellip;]<\/p>\n","protected":false},"author":3,"featured_media":0,"parent":28455,"menu_order":0,"comment_status":"closed","ping_status":"closed","template":"","meta":{"_acf_changed":false,"footnotes":""},"class_list":["post-28446","page","type-page","status-publish","hentry"],"acf":[],"yoast_head":"<!-- This site is optimized with the Yoast SEO plugin v27.4 - https:\/\/yoast.com\/product\/yoast-seo-wordpress\/ -->\n<title>Outdoor - SES Creative<\/title>\n<meta name=\"robots\" content=\"index, follow, max-snippet:-1, max-image-preview:large, max-video-preview:-1\" \/>\n<link rel=\"canonical\" href=\"https:\/\/ses-creative.com\/speelwerelden\/outdoor\/\" \/>\n<meta property=\"og:locale\" content=\"de_DE\" \/>\n<meta property=\"og:type\" content=\"article\" \/>\n<meta property=\"og:title\" content=\"Outdoor - SES Creative\" \/>\n<meta property=\"og:description\" content=\"Der beste Ort zum Spielen und Lernen Drau\u00dfen spielen ist gesund und wichtig f\u00fcr die kindliche Entwicklung. Die Outdoor-Produkte von SES Creative fordern die Bewegung heraus, f\u00f6rdern die Motorik und sind gut f\u00fcr die Kreativit\u00e4t! Aber das Wichtigste ist nat\u00fcrlich das Spielen und Spa\u00df haben im Freien. Von unseren bekannten Mega Bubbles, Spielmatten bis hin [&hellip;]\" \/>\n<meta property=\"og:url\" content=\"https:\/\/ses-creative.com\/speelwerelden\/outdoor\/\" \/>\n<meta property=\"og:site_name\" content=\"SES Creative\" \/>\n<meta property=\"article:modified_time\" content=\"2026-01-06T12:26:38+00:00\" \/>\n<meta name=\"twitter:card\" content=\"summary_large_image\" \/>\n<meta name=\"twitter:label1\" content=\"Gesch\u00e4tzte Lesezeit\" \/>\n\t<meta name=\"twitter:data1\" content=\"2\u00a0Minuten\" \/>\n<script type=\"application\/ld+json\" class=\"yoast-schema-graph\">{\"@context\":\"https:\\\/\\\/schema.org\",\"@graph\":[{\"@type\":\"WebPage\",\"@id\":\"https:\\\/\\\/ses-creative.com\\\/speelwerelden\\\/outdoor\\\/\",\"url\":\"https:\\\/\\\/ses-creative.com\\\/speelwerelden\\\/outdoor\\\/\",\"name\":\"Outdoor - SES Creative\",\"isPartOf\":{\"@id\":\"https:\\\/\\\/ses-creative.com\\\/#website\"},\"primaryImageOfPage\":{\"@id\":\"https:\\\/\\\/ses-creative.com\\\/speelwerelden\\\/outdoor\\\/#primaryimage\"},\"image\":{\"@id\":\"https:\\\/\\\/ses-creative.com\\\/speelwerelden\\\/outdoor\\\/#primaryimage\"},\"thumbnailUrl\":\"https:\\\/\\\/ses-creative.com\\\/wp-content\\\/uploads\\\/2023\\\/04\\\/02236-Wrap-go-Fav.1O0A9607-1024x1024.jpg\",\"datePublished\":\"2020-09-03T09:09:40+00:00\",\"dateModified\":\"2026-01-06T12:26:38+00:00\",\"breadcrumb\":{\"@id\":\"https:\\\/\\\/ses-creative.com\\\/speelwerelden\\\/outdoor\\\/#breadcrumb\"},\"inLanguage\":\"de\",\"potentialAction\":[{\"@type\":\"ReadAction\",\"target\":[\"https:\\\/\\\/ses-creative.com\\\/speelwerelden\\\/outdoor\\\/\"]}]},{\"@type\":\"ImageObject\",\"inLanguage\":\"de\",\"@id\":\"https:\\\/\\\/ses-creative.com\\\/speelwerelden\\\/outdoor\\\/#primaryimage\",\"url\":\"https:\\\/\\\/ses-creative.com\\\/wp-content\\\/uploads\\\/2023\\\/04\\\/02236-Wrap-go-Fav.1O0A9607-1024x1024.jpg\",\"contentUrl\":\"https:\\\/\\\/ses-creative.com\\\/wp-content\\\/uploads\\\/2023\\\/04\\\/02236-Wrap-go-Fav.1O0A9607-1024x1024.jpg\"},{\"@type\":\"BreadcrumbList\",\"@id\":\"https:\\\/\\\/ses-creative.com\\\/speelwerelden\\\/outdoor\\\/#breadcrumb\",\"itemListElement\":[{\"@type\":\"ListItem\",\"position\":1,\"name\":\"Spielwelten\",\"item\":\"https:\\\/\\\/ses-creative.com\\\/speelwerelden\\\/\"},{\"@type\":\"ListItem\",\"position\":2,\"name\":\"Outdoor\"}]},{\"@type\":\"WebSite\",\"@id\":\"https:\\\/\\\/ses-creative.com\\\/#website\",\"url\":\"https:\\\/\\\/ses-creative.com\\\/\",\"name\":\"SES Creative\",\"description\":\"\",\"publisher\":{\"@id\":\"https:\\\/\\\/ses-creative.com\\\/#organization\"},\"potentialAction\":[{\"@type\":\"SearchAction\",\"target\":{\"@type\":\"EntryPoint\",\"urlTemplate\":\"https:\\\/\\\/ses-creative.com\\\/?s={search_term_string}\"},\"query-input\":{\"@type\":\"PropertyValueSpecification\",\"valueRequired\":true,\"valueName\":\"search_term_string\"}}],\"inLanguage\":\"de\"},{\"@type\":\"Organization\",\"@id\":\"https:\\\/\\\/ses-creative.com\\\/#organization\",\"name\":\"SES Creative\",\"url\":\"https:\\\/\\\/ses-creative.com\\\/\",\"logo\":{\"@type\":\"ImageObject\",\"inLanguage\":\"de\",\"@id\":\"https:\\\/\\\/ses-creative.com\\\/#\\\/schema\\\/logo\\\/image\\\/\",\"url\":\"https:\\\/\\\/ses-creative.com\\\/wp-content\\\/uploads\\\/2025\\\/10\\\/ses-creative-logo.jpg\",\"contentUrl\":\"https:\\\/\\\/ses-creative.com\\\/wp-content\\\/uploads\\\/2025\\\/10\\\/ses-creative-logo.jpg\",\"width\":2037,\"height\":2037,\"caption\":\"SES Creative\"},\"image\":{\"@id\":\"https:\\\/\\\/ses-creative.com\\\/#\\\/schema\\\/logo\\\/image\\\/\"}}]}<\/script>\n<!-- \/ Yoast SEO plugin. -->","yoast_head_json":{"title":"Outdoor - SES Creative","robots":{"index":"index","follow":"follow","max-snippet":"max-snippet:-1","max-image-preview":"max-image-preview:large","max-video-preview":"max-video-preview:-1"},"canonical":"https:\/\/ses-creative.com\/speelwerelden\/outdoor\/","og_locale":"de_DE","og_type":"article","og_title":"Outdoor - SES Creative","og_description":"Der beste Ort zum Spielen und Lernen Drau\u00dfen spielen ist gesund und wichtig f\u00fcr die kindliche Entwicklung. Die Outdoor-Produkte von SES Creative fordern die Bewegung heraus, f\u00f6rdern die Motorik und sind gut f\u00fcr die Kreativit\u00e4t! Aber das Wichtigste ist nat\u00fcrlich das Spielen und Spa\u00df haben im Freien. Von unseren bekannten Mega Bubbles, Spielmatten bis hin [&hellip;]","og_url":"https:\/\/ses-creative.com\/speelwerelden\/outdoor\/","og_site_name":"SES Creative","article_modified_time":"2026-01-06T12:26:38+00:00","twitter_card":"summary_large_image","twitter_misc":{"Gesch\u00e4tzte Lesezeit":"2\u00a0Minuten"},"schema":{"@context":"https:\/\/schema.org","@graph":[{"@type":"WebPage","@id":"https:\/\/ses-creative.com\/speelwerelden\/outdoor\/","url":"https:\/\/ses-creative.com\/speelwerelden\/outdoor\/","name":"Outdoor - SES Creative","isPartOf":{"@id":"https:\/\/ses-creative.com\/#website"},"primaryImageOfPage":{"@id":"https:\/\/ses-creative.com\/speelwerelden\/outdoor\/#primaryimage"},"image":{"@id":"https:\/\/ses-creative.com\/speelwerelden\/outdoor\/#primaryimage"},"thumbnailUrl":"https:\/\/ses-creative.com\/wp-content\/uploads\/2023\/04\/02236-Wrap-go-Fav.1O0A9607-1024x1024.jpg","datePublished":"2020-09-03T09:09:40+00:00","dateModified":"2026-01-06T12:26:38+00:00","breadcrumb":{"@id":"https:\/\/ses-creative.com\/speelwerelden\/outdoor\/#breadcrumb"},"inLanguage":"de","potentialAction":[{"@type":"ReadAction","target":["https:\/\/ses-creative.com\/speelwerelden\/outdoor\/"]}]},{"@type":"ImageObject","inLanguage":"de","@id":"https:\/\/ses-creative.com\/speelwerelden\/outdoor\/#primaryimage","url":"https:\/\/ses-creative.com\/wp-content\/uploads\/2023\/04\/02236-Wrap-go-Fav.1O0A9607-1024x1024.jpg","contentUrl":"https:\/\/ses-creative.com\/wp-content\/uploads\/2023\/04\/02236-Wrap-go-Fav.1O0A9607-1024x1024.jpg"},{"@type":"BreadcrumbList","@id":"https:\/\/ses-creative.com\/speelwerelden\/outdoor\/#breadcrumb","itemListElement":[{"@type":"ListItem","position":1,"name":"Spielwelten","item":"https:\/\/ses-creative.com\/speelwerelden\/"},{"@type":"ListItem","position":2,"name":"Outdoor"}]},{"@type":"WebSite","@id":"https:\/\/ses-creative.com\/#website","url":"https:\/\/ses-creative.com\/","name":"SES Creative","description":"","publisher":{"@id":"https:\/\/ses-creative.com\/#organization"},"potentialAction":[{"@type":"SearchAction","target":{"@type":"EntryPoint","urlTemplate":"https:\/\/ses-creative.com\/?s={search_term_string}"},"query-input":{"@type":"PropertyValueSpecification","valueRequired":true,"valueName":"search_term_string"}}],"inLanguage":"de"},{"@type":"Organization","@id":"https:\/\/ses-creative.com\/#organization","name":"SES Creative","url":"https:\/\/ses-creative.com\/","logo":{"@type":"ImageObject","inLanguage":"de","@id":"https:\/\/ses-creative.com\/#\/schema\/logo\/image\/","url":"https:\/\/ses-creative.com\/wp-content\/uploads\/2025\/10\/ses-creative-logo.jpg","contentUrl":"https:\/\/ses-creative.com\/wp-content\/uploads\/2025\/10\/ses-creative-logo.jpg","width":2037,"height":2037,"caption":"SES Creative"},"image":{"@id":"https:\/\/ses-creative.com\/#\/schema\/logo\/image\/"}}]}},"_links":{"self":[{"href":"https:\/\/ses-creative.com\/de\/wp-json\/wp\/v2\/pages\/28446","targetHints":{"allow":["GET"]}}],"collection":[{"href":"https:\/\/ses-creative.com\/de\/wp-json\/wp\/v2\/pages"}],"about":[{"href":"https:\/\/ses-creative.com\/de\/wp-json\/wp\/v2\/types\/page"}],"author":[{"embeddable":true,"href":"https:\/\/ses-creative.com\/de\/wp-json\/wp\/v2\/users\/3"}],"replies":[{"embeddable":true,"href":"https:\/\/ses-creative.com\/de\/wp-json\/wp\/v2\/comments?post=28446"}],"version-history":[{"count":1,"href":"https:\/\/ses-creative.com\/de\/wp-json\/wp\/v2\/pages\/28446\/revisions"}],"predecessor-version":[{"id":82932,"href":"https:\/\/ses-creative.com\/de\/wp-json\/wp\/v2\/pages\/28446\/revisions\/82932"}],"up":[{"embeddable":true,"href":"https:\/\/ses-creative.com\/de\/wp-json\/wp\/v2\/pages\/28455"}],"wp:attachment":[{"href":"https:\/\/ses-creative.com\/de\/wp-json\/wp\/v2\/media?parent=28446"}],"curies":[{"name":"wp","href":"https:\/\/api.w.org\/{rel}","templated":true}]}}