











{"id":28441,"date":"2020-09-03T09:09:20","date_gmt":"2020-09-03T09:09:20","guid":{"rendered":"https:\/\/ses-creative.com\/?page_id=28441"},"modified":"2026-01-06T12:26:37","modified_gmt":"2026-01-06T12:26:37","slug":"tiny-talents","status":"publish","type":"page","link":"https:\/\/ses-creative.com\/de\/spielwelten\/tiny-talents\/","title":{"rendered":"Tiny talents"},"content":{"rendered":"\n\n\n\n\n<h2 class=\"wp-block-heading\">F\u00fcr die Kleinen<\/h2>\n\n\n\n<p>Unsere Tiny Talents Kollektion besteht aus modernem, kinderfreundlichem und sicherem Spielzeug f\u00fcr die Kleinsten. Unsere Produkte konzentrieren sich auf die Entwicklung wichtiger F\u00e4higkeiten, die in den fr\u00fchen Lebensphasen entstehen. Dazu geh\u00f6rt die Feinmotorik, die Hand-Auge-Koordination und das Erkennen von Formen und Gegenst\u00e4nden.<\/p>\n\n\n\n<div class=\"wp-block-columns is-layout-flex wp-container-core-columns-is-layout-28f84493 wp-block-columns-is-layout-flex\">\n<div class=\"wp-block-column is-layout-flow wp-block-column-is-layout-flow\">\n<figure class=\"wp-block-image size-large\"><img decoding=\"async\" src=\"https:\/\/ses-creative.com\/wp-content\/uploads\/2023\/06\/TT_LP_1-1024x1024.png\" alt=\"\" class=\"wp-image-70815\"\/><\/figure>\n<\/div>\n\n\n\n<div class=\"wp-block-column is-layout-flow wp-block-column-is-layout-flow\">\n<figure class=\"wp-block-image size-large\"><img decoding=\"async\" src=\"https:\/\/ses-creative.com\/wp-content\/uploads\/2023\/06\/TT_LP_2-1024x1024.png\" alt=\"\" class=\"wp-image-70820\"\/><\/figure>\n<\/div>\n\n\n\n<div class=\"wp-block-column is-layout-flow wp-block-column-is-layout-flow\">\n<figure class=\"wp-block-image size-large\"><img decoding=\"async\" src=\"https:\/\/ses-creative.com\/wp-content\/uploads\/2023\/06\/TT_LP_3-1024x1024.png\" alt=\"\" class=\"wp-image-70810\"\/><\/figure>\n<\/div>\n<\/div>\n\n\n\n<h2 class=\"wp-block-heading\">Eine Party in der Badewanne<\/h2>\n\n\n\n<p>In der Tiny Talents Kollektion findest du Produkte wie Olfi und Sally, unsere Kuscheltiere. Weitere Artikel wie unser Stapelw\u00fcrfel mit Tierfiguren und Holzbausteine zum Stapeln bieten endloses Spielen.<\/p>\n\n\n\n<p>Um die Badezeit so einfach wie m\u00f6glich zu gestalten, bieten wir eine Vielzahl von lustigen Tiny Talents Spielzeugen an, die das Baden zu einer gro\u00dfen Party machen. Entdecke unsere Autow\u00e4sche, Badewannen-Malstifte oder das Bade-Buch &#8211; Malen mit Wasser!  <\/p>\n\n\n\n<div class=\"wp-block-columns is-layout-flex wp-container-core-columns-is-layout-28f84493 wp-block-columns-is-layout-flex\">\n<div class=\"wp-block-column is-layout-flow wp-block-column-is-layout-flow\">\n<figure class=\"wp-block-image size-large\"><img decoding=\"async\" src=\"https:\/\/ses-creative.com\/wp-content\/uploads\/2023\/06\/TT_LP_4-1024x1024.png\" alt=\"\" class=\"wp-image-70835\"\/><\/figure>\n<\/div>\n\n\n\n<div class=\"wp-block-column is-layout-flow wp-block-column-is-layout-flow\">\n<figure class=\"wp-block-image size-large\"><img decoding=\"async\" src=\"https:\/\/ses-creative.com\/wp-content\/uploads\/2023\/06\/TT_LP_5-1024x1024.png\" alt=\"\" class=\"wp-image-70830\"\/><\/figure>\n<\/div>\n\n\n\n<div class=\"wp-block-column is-layout-flow wp-block-column-is-layout-flow\">\n<figure class=\"wp-block-image size-large\"><img decoding=\"async\" src=\"https:\/\/ses-creative.com\/wp-content\/uploads\/2023\/06\/TT_LP_6-1024x1024.png\" alt=\"\" class=\"wp-image-70825\"\/><\/figure>\n<\/div>\n<\/div>\n\n\n\n<figure class=\"wp-block-embed is-type-video is-provider-youtube wp-block-embed-youtube wp-embed-aspect-16-9 wp-has-aspect-ratio\"><div class=\"wp-block-embed__wrapper\">\n<iframe title=\"SES Creative - Colour changing bath fish (Tiny Talents)\" width=\"800\" height=\"450\" src=\"https:\/\/www.youtube.com\/embed\/4USBU1DXUj4?feature=oembed\" frameborder=\"0\" allow=\"accelerometer; autoplay; clipboard-write; encrypted-media; gyroscope; picture-in-picture; web-share\" referrerpolicy=\"strict-origin-when-cross-origin\" allowfullscreen><\/iframe>\n<\/div><\/figure>\n","protected":false},"excerpt":{"rendered":"<p>F\u00fcr die Kleinen Unsere Tiny Talents Kollektion besteht aus modernem, kinderfreundlichem und sicherem Spielzeug f\u00fcr die Kleinsten. Unsere Produkte konzentrieren sich auf die Entwicklung wichtiger F\u00e4higkeiten, die in den fr\u00fchen Lebensphasen entstehen. Dazu geh\u00f6rt die Feinmotorik, die Hand-Auge-Koordination und das Erkennen von Formen und Gegenst\u00e4nden. Eine Party in der Badewanne In der Tiny Talents Kollektion [&hellip;]<\/p>\n","protected":false},"author":3,"featured_media":0,"parent":28455,"menu_order":0,"comment_status":"closed","ping_status":"closed","template":"","meta":{"_acf_changed":false,"footnotes":""},"class_list":["post-28441","page","type-page","status-publish","hentry"],"acf":[],"yoast_head":"<!-- This site is optimized with the Yoast SEO plugin v27.4 - https:\/\/yoast.com\/product\/yoast-seo-wordpress\/ -->\n<title>Tiny talents - SES Creative<\/title>\n<meta name=\"robots\" content=\"index, follow, max-snippet:-1, max-image-preview:large, max-video-preview:-1\" \/>\n<link rel=\"canonical\" href=\"https:\/\/ses-creative.com\/speelwerelden\/tiny-talents\/\" \/>\n<meta property=\"og:locale\" content=\"de_DE\" \/>\n<meta property=\"og:type\" content=\"article\" \/>\n<meta property=\"og:title\" content=\"Tiny talents - SES Creative\" \/>\n<meta property=\"og:description\" content=\"F\u00fcr die Kleinen Unsere Tiny Talents Kollektion besteht aus modernem, kinderfreundlichem und sicherem Spielzeug f\u00fcr die Kleinsten. Unsere Produkte konzentrieren sich auf die Entwicklung wichtiger F\u00e4higkeiten, die in den fr\u00fchen Lebensphasen entstehen. Dazu geh\u00f6rt die Feinmotorik, die Hand-Auge-Koordination und das Erkennen von Formen und Gegenst\u00e4nden. Eine Party in der Badewanne In der Tiny Talents Kollektion [&hellip;]\" \/>\n<meta property=\"og:url\" content=\"https:\/\/ses-creative.com\/speelwerelden\/tiny-talents\/\" \/>\n<meta property=\"og:site_name\" content=\"SES Creative\" \/>\n<meta property=\"article:modified_time\" content=\"2026-01-06T12:26:37+00:00\" \/>\n<meta name=\"twitter:card\" content=\"summary_large_image\" \/>\n<meta name=\"twitter:label1\" content=\"Gesch\u00e4tzte Lesezeit\" \/>\n\t<meta name=\"twitter:data1\" content=\"2\u00a0Minuten\" \/>\n<script type=\"application\/ld+json\" class=\"yoast-schema-graph\">{\"@context\":\"https:\\\/\\\/schema.org\",\"@graph\":[{\"@type\":\"WebPage\",\"@id\":\"https:\\\/\\\/ses-creative.com\\\/speelwerelden\\\/tiny-talents\\\/\",\"url\":\"https:\\\/\\\/ses-creative.com\\\/speelwerelden\\\/tiny-talents\\\/\",\"name\":\"Tiny talents - SES Creative\",\"isPartOf\":{\"@id\":\"https:\\\/\\\/ses-creative.com\\\/#website\"},\"primaryImageOfPage\":{\"@id\":\"https:\\\/\\\/ses-creative.com\\\/speelwerelden\\\/tiny-talents\\\/#primaryimage\"},\"image\":{\"@id\":\"https:\\\/\\\/ses-creative.com\\\/speelwerelden\\\/tiny-talents\\\/#primaryimage\"},\"thumbnailUrl\":\"https:\\\/\\\/ses-creative.com\\\/wp-content\\\/uploads\\\/2023\\\/06\\\/TT_LP_1-1024x1024.png\",\"datePublished\":\"2020-09-03T09:09:20+00:00\",\"dateModified\":\"2026-01-06T12:26:37+00:00\",\"breadcrumb\":{\"@id\":\"https:\\\/\\\/ses-creative.com\\\/speelwerelden\\\/tiny-talents\\\/#breadcrumb\"},\"inLanguage\":\"de\",\"potentialAction\":[{\"@type\":\"ReadAction\",\"target\":[\"https:\\\/\\\/ses-creative.com\\\/speelwerelden\\\/tiny-talents\\\/\"]}]},{\"@type\":\"ImageObject\",\"inLanguage\":\"de\",\"@id\":\"https:\\\/\\\/ses-creative.com\\\/speelwerelden\\\/tiny-talents\\\/#primaryimage\",\"url\":\"https:\\\/\\\/ses-creative.com\\\/wp-content\\\/uploads\\\/2023\\\/06\\\/TT_LP_1-1024x1024.png\",\"contentUrl\":\"https:\\\/\\\/ses-creative.com\\\/wp-content\\\/uploads\\\/2023\\\/06\\\/TT_LP_1-1024x1024.png\"},{\"@type\":\"BreadcrumbList\",\"@id\":\"https:\\\/\\\/ses-creative.com\\\/speelwerelden\\\/tiny-talents\\\/#breadcrumb\",\"itemListElement\":[{\"@type\":\"ListItem\",\"position\":1,\"name\":\"Spielwelten\",\"item\":\"https:\\\/\\\/ses-creative.com\\\/speelwerelden\\\/\"},{\"@type\":\"ListItem\",\"position\":2,\"name\":\"Tiny talents\"}]},{\"@type\":\"WebSite\",\"@id\":\"https:\\\/\\\/ses-creative.com\\\/#website\",\"url\":\"https:\\\/\\\/ses-creative.com\\\/\",\"name\":\"SES Creative\",\"description\":\"\",\"publisher\":{\"@id\":\"https:\\\/\\\/ses-creative.com\\\/#organization\"},\"potentialAction\":[{\"@type\":\"SearchAction\",\"target\":{\"@type\":\"EntryPoint\",\"urlTemplate\":\"https:\\\/\\\/ses-creative.com\\\/?s={search_term_string}\"},\"query-input\":{\"@type\":\"PropertyValueSpecification\",\"valueRequired\":true,\"valueName\":\"search_term_string\"}}],\"inLanguage\":\"de\"},{\"@type\":\"Organization\",\"@id\":\"https:\\\/\\\/ses-creative.com\\\/#organization\",\"name\":\"SES Creative\",\"url\":\"https:\\\/\\\/ses-creative.com\\\/\",\"logo\":{\"@type\":\"ImageObject\",\"inLanguage\":\"de\",\"@id\":\"https:\\\/\\\/ses-creative.com\\\/#\\\/schema\\\/logo\\\/image\\\/\",\"url\":\"https:\\\/\\\/ses-creative.com\\\/wp-content\\\/uploads\\\/2025\\\/10\\\/ses-creative-logo.jpg\",\"contentUrl\":\"https:\\\/\\\/ses-creative.com\\\/wp-content\\\/uploads\\\/2025\\\/10\\\/ses-creative-logo.jpg\",\"width\":2037,\"height\":2037,\"caption\":\"SES Creative\"},\"image\":{\"@id\":\"https:\\\/\\\/ses-creative.com\\\/#\\\/schema\\\/logo\\\/image\\\/\"}}]}<\/script>\n<!-- \/ Yoast SEO plugin. -->","yoast_head_json":{"title":"Tiny talents - SES Creative","robots":{"index":"index","follow":"follow","max-snippet":"max-snippet:-1","max-image-preview":"max-image-preview:large","max-video-preview":"max-video-preview:-1"},"canonical":"https:\/\/ses-creative.com\/speelwerelden\/tiny-talents\/","og_locale":"de_DE","og_type":"article","og_title":"Tiny talents - SES Creative","og_description":"F\u00fcr die Kleinen Unsere Tiny Talents Kollektion besteht aus modernem, kinderfreundlichem und sicherem Spielzeug f\u00fcr die Kleinsten. Unsere Produkte konzentrieren sich auf die Entwicklung wichtiger F\u00e4higkeiten, die in den fr\u00fchen Lebensphasen entstehen. Dazu geh\u00f6rt die Feinmotorik, die Hand-Auge-Koordination und das Erkennen von Formen und Gegenst\u00e4nden. Eine Party in der Badewanne In der Tiny Talents Kollektion [&hellip;]","og_url":"https:\/\/ses-creative.com\/speelwerelden\/tiny-talents\/","og_site_name":"SES Creative","article_modified_time":"2026-01-06T12:26:37+00:00","twitter_card":"summary_large_image","twitter_misc":{"Gesch\u00e4tzte Lesezeit":"2\u00a0Minuten"},"schema":{"@context":"https:\/\/schema.org","@graph":[{"@type":"WebPage","@id":"https:\/\/ses-creative.com\/speelwerelden\/tiny-talents\/","url":"https:\/\/ses-creative.com\/speelwerelden\/tiny-talents\/","name":"Tiny talents - SES Creative","isPartOf":{"@id":"https:\/\/ses-creative.com\/#website"},"primaryImageOfPage":{"@id":"https:\/\/ses-creative.com\/speelwerelden\/tiny-talents\/#primaryimage"},"image":{"@id":"https:\/\/ses-creative.com\/speelwerelden\/tiny-talents\/#primaryimage"},"thumbnailUrl":"https:\/\/ses-creative.com\/wp-content\/uploads\/2023\/06\/TT_LP_1-1024x1024.png","datePublished":"2020-09-03T09:09:20+00:00","dateModified":"2026-01-06T12:26:37+00:00","breadcrumb":{"@id":"https:\/\/ses-creative.com\/speelwerelden\/tiny-talents\/#breadcrumb"},"inLanguage":"de","potentialAction":[{"@type":"ReadAction","target":["https:\/\/ses-creative.com\/speelwerelden\/tiny-talents\/"]}]},{"@type":"ImageObject","inLanguage":"de","@id":"https:\/\/ses-creative.com\/speelwerelden\/tiny-talents\/#primaryimage","url":"https:\/\/ses-creative.com\/wp-content\/uploads\/2023\/06\/TT_LP_1-1024x1024.png","contentUrl":"https:\/\/ses-creative.com\/wp-content\/uploads\/2023\/06\/TT_LP_1-1024x1024.png"},{"@type":"BreadcrumbList","@id":"https:\/\/ses-creative.com\/speelwerelden\/tiny-talents\/#breadcrumb","itemListElement":[{"@type":"ListItem","position":1,"name":"Spielwelten","item":"https:\/\/ses-creative.com\/speelwerelden\/"},{"@type":"ListItem","position":2,"name":"Tiny talents"}]},{"@type":"WebSite","@id":"https:\/\/ses-creative.com\/#website","url":"https:\/\/ses-creative.com\/","name":"SES Creative","description":"","publisher":{"@id":"https:\/\/ses-creative.com\/#organization"},"potentialAction":[{"@type":"SearchAction","target":{"@type":"EntryPoint","urlTemplate":"https:\/\/ses-creative.com\/?s={search_term_string}"},"query-input":{"@type":"PropertyValueSpecification","valueRequired":true,"valueName":"search_term_string"}}],"inLanguage":"de"},{"@type":"Organization","@id":"https:\/\/ses-creative.com\/#organization","name":"SES Creative","url":"https:\/\/ses-creative.com\/","logo":{"@type":"ImageObject","inLanguage":"de","@id":"https:\/\/ses-creative.com\/#\/schema\/logo\/image\/","url":"https:\/\/ses-creative.com\/wp-content\/uploads\/2025\/10\/ses-creative-logo.jpg","contentUrl":"https:\/\/ses-creative.com\/wp-content\/uploads\/2025\/10\/ses-creative-logo.jpg","width":2037,"height":2037,"caption":"SES Creative"},"image":{"@id":"https:\/\/ses-creative.com\/#\/schema\/logo\/image\/"}}]}},"_links":{"self":[{"href":"https:\/\/ses-creative.com\/de\/wp-json\/wp\/v2\/pages\/28441","targetHints":{"allow":["GET"]}}],"collection":[{"href":"https:\/\/ses-creative.com\/de\/wp-json\/wp\/v2\/pages"}],"about":[{"href":"https:\/\/ses-creative.com\/de\/wp-json\/wp\/v2\/types\/page"}],"author":[{"embeddable":true,"href":"https:\/\/ses-creative.com\/de\/wp-json\/wp\/v2\/users\/3"}],"replies":[{"embeddable":true,"href":"https:\/\/ses-creative.com\/de\/wp-json\/wp\/v2\/comments?post=28441"}],"version-history":[{"count":1,"href":"https:\/\/ses-creative.com\/de\/wp-json\/wp\/v2\/pages\/28441\/revisions"}],"predecessor-version":[{"id":82912,"href":"https:\/\/ses-creative.com\/de\/wp-json\/wp\/v2\/pages\/28441\/revisions\/82912"}],"up":[{"embeddable":true,"href":"https:\/\/ses-creative.com\/de\/wp-json\/wp\/v2\/pages\/28455"}],"wp:attachment":[{"href":"https:\/\/ses-creative.com\/de\/wp-json\/wp\/v2\/media?parent=28441"}],"curies":[{"name":"wp","href":"https:\/\/api.w.org\/{rel}","templated":true}]}}