











{"id":28435,"date":"2020-09-03T09:08:50","date_gmt":"2020-09-03T09:08:50","guid":{"rendered":"https:\/\/ses-creative.com\/?page_id=28435"},"modified":"2026-01-06T12:26:35","modified_gmt":"2026-01-06T12:26:35","slug":"ses-creative-basteln","status":"publish","type":"page","link":"https:\/\/ses-creative.com\/de\/spielwelten\/ses-creative-basteln\/","title":{"rendered":"Basteln"},"content":{"rendered":"\n\n\n\n\n<h2 class=\"wp-block-heading\">Basteln ohne Ende mit SES Creative<\/h2>\n\n\n\n<p>Wir haben eine breite Palette von Produkten, die es Kindern erm\u00f6glichen, ihre Fantasie zu nutzen. SES Creative bietet verschiedene Arten von Farben f\u00fcr alle Altersgruppen an, neben unseren Malb\u00fcchern und Knete. Unsere Produkte sind immer eine gro\u00dfartige Idee, um Kreativit\u00e4t anzuregen und neue F\u00e4higkeiten bei Kindern zu entwickeln.<\/p>\n\n\n\n<h2 class=\"wp-block-heading\">Made in Holland<\/h2>\n\n\n\n<p>All unsere Bastelsets und Materialien werden in unserer eigenen Fabrik in den Niederlanden hergestellt. Auf diese Weise gew\u00e4hrleisten wir die Sicherheit unserer Produkte, und Eltern m\u00fcssen sich keine Sorgen um die Verwendung unserer Marker, Knete oder Farben machen! Macht es schmutzig? Das geh\u00f6rt zum Basteln dazu. Aber keine Sorge, unsere Produkte sind abwaschbar.<\/p>\n\n\n\n<h2 class=\"wp-block-heading\">F\u00fcr jedes Kind<\/h2>\n\n\n\n<p>Wir glauben daran, dass jedes Kind mit seinen eigenen Interessen in einem unserer Produkte seine Talente entdecken kann. Ob das Schmuckherstellung, das Ausgraben von Fossilien oder das Gie\u00dfen und Anmalen verschiedener Tiere ist, wir bieten f\u00fcr jedes Alter und jede F\u00e4higkeit etwas an!<\/p>\n\n\n\n<div class=\"wp-block-columns is-layout-flex wp-container-core-columns-is-layout-28f84493 wp-block-columns-is-layout-flex\">\n<div class=\"wp-block-column is-layout-flow wp-block-column-is-layout-flow\">\n<figure class=\"wp-block-image size-large\"><img decoding=\"async\" src=\"https:\/\/ses-creative.com\/wp-content\/uploads\/2023\/06\/Hobby_LP_1-1024x1024.png\" alt=\"\" class=\"wp-image-70732\"\/><\/figure>\n<\/div>\n\n\n\n<div class=\"wp-block-column is-layout-flow wp-block-column-is-layout-flow\">\n<figure class=\"wp-block-image size-large\"><img decoding=\"async\" src=\"https:\/\/ses-creative.com\/wp-content\/uploads\/2023\/06\/Hobby_LP_2-1-1024x1024.png\" alt=\"\" class=\"wp-image-70742\"\/><\/figure>\n<\/div>\n\n\n\n<div class=\"wp-block-column is-layout-flow wp-block-column-is-layout-flow\">\n<figure class=\"wp-block-image size-large\"><img decoding=\"async\" src=\"https:\/\/ses-creative.com\/wp-content\/uploads\/2023\/06\/Hobby_LP_3-1024x1024.png\" alt=\"\" class=\"wp-image-70747\"\/><\/figure>\n<\/div>\n<\/div>\n\n\n\n<div style=\"height:20px\" aria-hidden=\"true\" class=\"wp-block-spacer\"><\/div>\n\n\n\n<figure class=\"wp-block-embed is-type-video is-provider-youtube wp-block-embed-youtube wp-embed-aspect-16-9 wp-has-aspect-ratio\"><div class=\"wp-block-embed__wrapper\">\n<iframe title=\"SES Creative - Casting and painting - Unicorns (Unboxing &amp; How to)\" width=\"800\" height=\"450\" src=\"https:\/\/www.youtube.com\/embed\/Pj-BlBB8vJQ?start=2&#038;feature=oembed\" frameborder=\"0\" allow=\"accelerometer; autoplay; clipboard-write; encrypted-media; gyroscope; picture-in-picture; web-share\" referrerpolicy=\"strict-origin-when-cross-origin\" allowfullscreen><\/iframe>\n<\/div><\/figure>\n","protected":false},"excerpt":{"rendered":"<p>Basteln ohne Ende mit SES Creative Wir haben eine breite Palette von Produkten, die es Kindern erm\u00f6glichen, ihre Fantasie zu nutzen. SES Creative bietet verschiedene Arten von Farben f\u00fcr alle Altersgruppen an, neben unseren Malb\u00fcchern und Knete. Unsere Produkte sind immer eine gro\u00dfartige Idee, um Kreativit\u00e4t anzuregen und neue F\u00e4higkeiten bei Kindern zu entwickeln. Made [&hellip;]<\/p>\n","protected":false},"author":3,"featured_media":0,"parent":28455,"menu_order":0,"comment_status":"closed","ping_status":"closed","template":"","meta":{"_acf_changed":false,"footnotes":""},"class_list":["post-28435","page","type-page","status-publish","hentry"],"acf":[],"yoast_head":"<!-- This site is optimized with the Yoast SEO plugin v27.4 - https:\/\/yoast.com\/product\/yoast-seo-wordpress\/ -->\n<title>Basteln - SES Creative<\/title>\n<meta name=\"robots\" content=\"index, follow, max-snippet:-1, max-image-preview:large, max-video-preview:-1\" \/>\n<link rel=\"canonical\" href=\"https:\/\/ses-creative.com\/speelwerelden\/ses-creative-knutselen\/\" \/>\n<meta property=\"og:locale\" content=\"de_DE\" \/>\n<meta property=\"og:type\" content=\"article\" \/>\n<meta property=\"og:title\" content=\"Basteln - SES Creative\" \/>\n<meta property=\"og:description\" content=\"Basteln ohne Ende mit SES Creative Wir haben eine breite Palette von Produkten, die es Kindern erm\u00f6glichen, ihre Fantasie zu nutzen. SES Creative bietet verschiedene Arten von Farben f\u00fcr alle Altersgruppen an, neben unseren Malb\u00fcchern und Knete. Unsere Produkte sind immer eine gro\u00dfartige Idee, um Kreativit\u00e4t anzuregen und neue F\u00e4higkeiten bei Kindern zu entwickeln. Made [&hellip;]\" \/>\n<meta property=\"og:url\" content=\"https:\/\/ses-creative.com\/speelwerelden\/ses-creative-knutselen\/\" \/>\n<meta property=\"og:site_name\" content=\"SES Creative\" \/>\n<meta property=\"article:modified_time\" content=\"2026-01-06T12:26:35+00:00\" \/>\n<meta name=\"twitter:card\" content=\"summary_large_image\" \/>\n<meta name=\"twitter:label1\" content=\"Gesch\u00e4tzte Lesezeit\" \/>\n\t<meta name=\"twitter:data1\" content=\"2\u00a0Minuten\" \/>\n<script type=\"application\/ld+json\" class=\"yoast-schema-graph\">{\"@context\":\"https:\\\/\\\/schema.org\",\"@graph\":[{\"@type\":\"WebPage\",\"@id\":\"https:\\\/\\\/ses-creative.com\\\/speelwerelden\\\/ses-creative-knutselen\\\/\",\"url\":\"https:\\\/\\\/ses-creative.com\\\/speelwerelden\\\/ses-creative-knutselen\\\/\",\"name\":\"Basteln - SES Creative\",\"isPartOf\":{\"@id\":\"https:\\\/\\\/ses-creative.com\\\/#website\"},\"primaryImageOfPage\":{\"@id\":\"https:\\\/\\\/ses-creative.com\\\/speelwerelden\\\/ses-creative-knutselen\\\/#primaryimage\"},\"image\":{\"@id\":\"https:\\\/\\\/ses-creative.com\\\/speelwerelden\\\/ses-creative-knutselen\\\/#primaryimage\"},\"thumbnailUrl\":\"https:\\\/\\\/ses-creative.com\\\/wp-content\\\/uploads\\\/2023\\\/06\\\/Hobby_LP_1-1024x1024.png\",\"datePublished\":\"2020-09-03T09:08:50+00:00\",\"dateModified\":\"2026-01-06T12:26:35+00:00\",\"breadcrumb\":{\"@id\":\"https:\\\/\\\/ses-creative.com\\\/speelwerelden\\\/ses-creative-knutselen\\\/#breadcrumb\"},\"inLanguage\":\"de\",\"potentialAction\":[{\"@type\":\"ReadAction\",\"target\":[\"https:\\\/\\\/ses-creative.com\\\/speelwerelden\\\/ses-creative-knutselen\\\/\"]}]},{\"@type\":\"ImageObject\",\"inLanguage\":\"de\",\"@id\":\"https:\\\/\\\/ses-creative.com\\\/speelwerelden\\\/ses-creative-knutselen\\\/#primaryimage\",\"url\":\"https:\\\/\\\/ses-creative.com\\\/wp-content\\\/uploads\\\/2023\\\/06\\\/Hobby_LP_1-1024x1024.png\",\"contentUrl\":\"https:\\\/\\\/ses-creative.com\\\/wp-content\\\/uploads\\\/2023\\\/06\\\/Hobby_LP_1-1024x1024.png\"},{\"@type\":\"BreadcrumbList\",\"@id\":\"https:\\\/\\\/ses-creative.com\\\/speelwerelden\\\/ses-creative-knutselen\\\/#breadcrumb\",\"itemListElement\":[{\"@type\":\"ListItem\",\"position\":1,\"name\":\"Spielwelten\",\"item\":\"https:\\\/\\\/ses-creative.com\\\/speelwerelden\\\/\"},{\"@type\":\"ListItem\",\"position\":2,\"name\":\"Basteln\"}]},{\"@type\":\"WebSite\",\"@id\":\"https:\\\/\\\/ses-creative.com\\\/#website\",\"url\":\"https:\\\/\\\/ses-creative.com\\\/\",\"name\":\"SES Creative\",\"description\":\"\",\"publisher\":{\"@id\":\"https:\\\/\\\/ses-creative.com\\\/#organization\"},\"potentialAction\":[{\"@type\":\"SearchAction\",\"target\":{\"@type\":\"EntryPoint\",\"urlTemplate\":\"https:\\\/\\\/ses-creative.com\\\/?s={search_term_string}\"},\"query-input\":{\"@type\":\"PropertyValueSpecification\",\"valueRequired\":true,\"valueName\":\"search_term_string\"}}],\"inLanguage\":\"de\"},{\"@type\":\"Organization\",\"@id\":\"https:\\\/\\\/ses-creative.com\\\/#organization\",\"name\":\"SES Creative\",\"url\":\"https:\\\/\\\/ses-creative.com\\\/\",\"logo\":{\"@type\":\"ImageObject\",\"inLanguage\":\"de\",\"@id\":\"https:\\\/\\\/ses-creative.com\\\/#\\\/schema\\\/logo\\\/image\\\/\",\"url\":\"https:\\\/\\\/ses-creative.com\\\/wp-content\\\/uploads\\\/2025\\\/10\\\/ses-creative-logo.jpg\",\"contentUrl\":\"https:\\\/\\\/ses-creative.com\\\/wp-content\\\/uploads\\\/2025\\\/10\\\/ses-creative-logo.jpg\",\"width\":2037,\"height\":2037,\"caption\":\"SES Creative\"},\"image\":{\"@id\":\"https:\\\/\\\/ses-creative.com\\\/#\\\/schema\\\/logo\\\/image\\\/\"}}]}<\/script>\n<!-- \/ Yoast SEO plugin. -->","yoast_head_json":{"title":"Basteln - SES Creative","robots":{"index":"index","follow":"follow","max-snippet":"max-snippet:-1","max-image-preview":"max-image-preview:large","max-video-preview":"max-video-preview:-1"},"canonical":"https:\/\/ses-creative.com\/speelwerelden\/ses-creative-knutselen\/","og_locale":"de_DE","og_type":"article","og_title":"Basteln - SES Creative","og_description":"Basteln ohne Ende mit SES Creative Wir haben eine breite Palette von Produkten, die es Kindern erm\u00f6glichen, ihre Fantasie zu nutzen. SES Creative bietet verschiedene Arten von Farben f\u00fcr alle Altersgruppen an, neben unseren Malb\u00fcchern und Knete. Unsere Produkte sind immer eine gro\u00dfartige Idee, um Kreativit\u00e4t anzuregen und neue F\u00e4higkeiten bei Kindern zu entwickeln. Made [&hellip;]","og_url":"https:\/\/ses-creative.com\/speelwerelden\/ses-creative-knutselen\/","og_site_name":"SES Creative","article_modified_time":"2026-01-06T12:26:35+00:00","twitter_card":"summary_large_image","twitter_misc":{"Gesch\u00e4tzte Lesezeit":"2\u00a0Minuten"},"schema":{"@context":"https:\/\/schema.org","@graph":[{"@type":"WebPage","@id":"https:\/\/ses-creative.com\/speelwerelden\/ses-creative-knutselen\/","url":"https:\/\/ses-creative.com\/speelwerelden\/ses-creative-knutselen\/","name":"Basteln - SES Creative","isPartOf":{"@id":"https:\/\/ses-creative.com\/#website"},"primaryImageOfPage":{"@id":"https:\/\/ses-creative.com\/speelwerelden\/ses-creative-knutselen\/#primaryimage"},"image":{"@id":"https:\/\/ses-creative.com\/speelwerelden\/ses-creative-knutselen\/#primaryimage"},"thumbnailUrl":"https:\/\/ses-creative.com\/wp-content\/uploads\/2023\/06\/Hobby_LP_1-1024x1024.png","datePublished":"2020-09-03T09:08:50+00:00","dateModified":"2026-01-06T12:26:35+00:00","breadcrumb":{"@id":"https:\/\/ses-creative.com\/speelwerelden\/ses-creative-knutselen\/#breadcrumb"},"inLanguage":"de","potentialAction":[{"@type":"ReadAction","target":["https:\/\/ses-creative.com\/speelwerelden\/ses-creative-knutselen\/"]}]},{"@type":"ImageObject","inLanguage":"de","@id":"https:\/\/ses-creative.com\/speelwerelden\/ses-creative-knutselen\/#primaryimage","url":"https:\/\/ses-creative.com\/wp-content\/uploads\/2023\/06\/Hobby_LP_1-1024x1024.png","contentUrl":"https:\/\/ses-creative.com\/wp-content\/uploads\/2023\/06\/Hobby_LP_1-1024x1024.png"},{"@type":"BreadcrumbList","@id":"https:\/\/ses-creative.com\/speelwerelden\/ses-creative-knutselen\/#breadcrumb","itemListElement":[{"@type":"ListItem","position":1,"name":"Spielwelten","item":"https:\/\/ses-creative.com\/speelwerelden\/"},{"@type":"ListItem","position":2,"name":"Basteln"}]},{"@type":"WebSite","@id":"https:\/\/ses-creative.com\/#website","url":"https:\/\/ses-creative.com\/","name":"SES Creative","description":"","publisher":{"@id":"https:\/\/ses-creative.com\/#organization"},"potentialAction":[{"@type":"SearchAction","target":{"@type":"EntryPoint","urlTemplate":"https:\/\/ses-creative.com\/?s={search_term_string}"},"query-input":{"@type":"PropertyValueSpecification","valueRequired":true,"valueName":"search_term_string"}}],"inLanguage":"de"},{"@type":"Organization","@id":"https:\/\/ses-creative.com\/#organization","name":"SES Creative","url":"https:\/\/ses-creative.com\/","logo":{"@type":"ImageObject","inLanguage":"de","@id":"https:\/\/ses-creative.com\/#\/schema\/logo\/image\/","url":"https:\/\/ses-creative.com\/wp-content\/uploads\/2025\/10\/ses-creative-logo.jpg","contentUrl":"https:\/\/ses-creative.com\/wp-content\/uploads\/2025\/10\/ses-creative-logo.jpg","width":2037,"height":2037,"caption":"SES Creative"},"image":{"@id":"https:\/\/ses-creative.com\/#\/schema\/logo\/image\/"}}]}},"_links":{"self":[{"href":"https:\/\/ses-creative.com\/de\/wp-json\/wp\/v2\/pages\/28435","targetHints":{"allow":["GET"]}}],"collection":[{"href":"https:\/\/ses-creative.com\/de\/wp-json\/wp\/v2\/pages"}],"about":[{"href":"https:\/\/ses-creative.com\/de\/wp-json\/wp\/v2\/types\/page"}],"author":[{"embeddable":true,"href":"https:\/\/ses-creative.com\/de\/wp-json\/wp\/v2\/users\/3"}],"replies":[{"embeddable":true,"href":"https:\/\/ses-creative.com\/de\/wp-json\/wp\/v2\/comments?post=28435"}],"version-history":[{"count":1,"href":"https:\/\/ses-creative.com\/de\/wp-json\/wp\/v2\/pages\/28435\/revisions"}],"predecessor-version":[{"id":82867,"href":"https:\/\/ses-creative.com\/de\/wp-json\/wp\/v2\/pages\/28435\/revisions\/82867"}],"up":[{"embeddable":true,"href":"https:\/\/ses-creative.com\/de\/wp-json\/wp\/v2\/pages\/28455"}],"wp:attachment":[{"href":"https:\/\/ses-creative.com\/de\/wp-json\/wp\/v2\/media?parent=28435"}],"curies":[{"name":"wp","href":"https:\/\/api.w.org\/{rel}","templated":true}]}}