











{"id":28407,"date":"2020-09-03T09:01:39","date_gmt":"2020-09-03T09:01:39","guid":{"rendered":"https:\/\/ses-creative.com\/?page_id=28407"},"modified":"2026-01-06T12:26:34","modified_gmt":"2026-01-06T12:26:34","slug":"haeufig-gestellte-fragen","status":"publish","type":"page","link":"https:\/\/ses-creative.com\/de\/haeufig-gestellte-fragen\/","title":{"rendered":"H\u00e4ufig gestellte Fragen"},"content":{"rendered":"\n<p>Haben Sie eine Frage oder m\u00f6chten Sie weitere Informationen erhalten? Wir helfen Ihnen gerne weiter. Nachfolgend finden Sie eine Liste der Antworten zu den am h\u00e4ufigsten gestellten Fragen. Wenn Sie die Antwort auf Ihre Frage hier nicht finden oder Sie mehr erfahren m\u00f6chten, kontaktieren Sie uns bitte. F\u00fcr unsere Kontaktdetails klicken Sie bitte <a href=\"https:\/\/ses-creative.com\/de\/kontakt\/\">hier<\/a>.<\/p>\n","protected":false},"excerpt":{"rendered":"<p>Haben Sie eine Frage oder m\u00f6chten Sie weitere Informationen erhalten? Wir helfen Ihnen gerne weiter. Nachfolgend finden Sie eine Liste der Antworten zu den am h\u00e4ufigsten gestellten Fragen. Wenn Sie die Antwort auf Ihre Frage hier nicht finden oder Sie mehr erfahren m\u00f6chten, kontaktieren Sie uns bitte. F\u00fcr unsere Kontaktdetails klicken Sie bitte hier.<\/p>\n","protected":false},"author":3,"featured_media":0,"parent":0,"menu_order":0,"comment_status":"closed","ping_status":"closed","template":"","meta":{"_acf_changed":false,"footnotes":""},"class_list":["post-28407","page","type-page","status-publish","hentry"],"acf":[],"yoast_head":"<!-- This site is optimized with the Yoast SEO plugin v27.4 - https:\/\/yoast.com\/product\/yoast-seo-wordpress\/ -->\n<title>H\u00e4ufig gestellte Fragen - SES Creative<\/title>\n<meta name=\"robots\" content=\"index, follow, max-snippet:-1, max-image-preview:large, max-video-preview:-1\" \/>\n<link rel=\"canonical\" href=\"https:\/\/ses-creative.com\/veelgestelde-vragen\/\" \/>\n<meta property=\"og:locale\" content=\"de_DE\" \/>\n<meta property=\"og:type\" content=\"article\" \/>\n<meta property=\"og:title\" content=\"H\u00e4ufig gestellte Fragen - SES Creative\" \/>\n<meta property=\"og:description\" content=\"Haben Sie eine Frage oder m\u00f6chten Sie weitere Informationen erhalten? Wir helfen Ihnen gerne weiter. Nachfolgend finden Sie eine Liste der Antworten zu den am h\u00e4ufigsten gestellten Fragen. Wenn Sie die Antwort auf Ihre Frage hier nicht finden oder Sie mehr erfahren m\u00f6chten, kontaktieren Sie uns bitte. F\u00fcr unsere Kontaktdetails klicken Sie bitte hier.\" \/>\n<meta property=\"og:url\" content=\"https:\/\/ses-creative.com\/veelgestelde-vragen\/\" \/>\n<meta property=\"og:site_name\" content=\"SES Creative\" \/>\n<meta property=\"article:modified_time\" content=\"2026-01-06T12:26:34+00:00\" \/>\n<meta name=\"twitter:card\" content=\"summary_large_image\" \/>\n<script type=\"application\/ld+json\" class=\"yoast-schema-graph\">{\"@context\":\"https:\\\/\\\/schema.org\",\"@graph\":[{\"@type\":\"WebPage\",\"@id\":\"https:\\\/\\\/ses-creative.com\\\/veelgestelde-vragen\\\/\",\"url\":\"https:\\\/\\\/ses-creative.com\\\/veelgestelde-vragen\\\/\",\"name\":\"H\u00e4ufig gestellte Fragen - SES Creative\",\"isPartOf\":{\"@id\":\"https:\\\/\\\/ses-creative.com\\\/#website\"},\"datePublished\":\"2020-09-03T09:01:39+00:00\",\"dateModified\":\"2026-01-06T12:26:34+00:00\",\"inLanguage\":\"de\",\"potentialAction\":[{\"@type\":\"ReadAction\",\"target\":[\"https:\\\/\\\/ses-creative.com\\\/veelgestelde-vragen\\\/\"]}]},{\"@type\":\"WebSite\",\"@id\":\"https:\\\/\\\/ses-creative.com\\\/#website\",\"url\":\"https:\\\/\\\/ses-creative.com\\\/\",\"name\":\"SES Creative\",\"description\":\"\",\"publisher\":{\"@id\":\"https:\\\/\\\/ses-creative.com\\\/#organization\"},\"potentialAction\":[{\"@type\":\"SearchAction\",\"target\":{\"@type\":\"EntryPoint\",\"urlTemplate\":\"https:\\\/\\\/ses-creative.com\\\/?s={search_term_string}\"},\"query-input\":{\"@type\":\"PropertyValueSpecification\",\"valueRequired\":true,\"valueName\":\"search_term_string\"}}],\"inLanguage\":\"de\"},{\"@type\":\"Organization\",\"@id\":\"https:\\\/\\\/ses-creative.com\\\/#organization\",\"name\":\"SES Creative\",\"url\":\"https:\\\/\\\/ses-creative.com\\\/\",\"logo\":{\"@type\":\"ImageObject\",\"inLanguage\":\"de\",\"@id\":\"https:\\\/\\\/ses-creative.com\\\/#\\\/schema\\\/logo\\\/image\\\/\",\"url\":\"https:\\\/\\\/ses-creative.com\\\/wp-content\\\/uploads\\\/2025\\\/10\\\/ses-creative-logo.jpg\",\"contentUrl\":\"https:\\\/\\\/ses-creative.com\\\/wp-content\\\/uploads\\\/2025\\\/10\\\/ses-creative-logo.jpg\",\"width\":2037,\"height\":2037,\"caption\":\"SES Creative\"},\"image\":{\"@id\":\"https:\\\/\\\/ses-creative.com\\\/#\\\/schema\\\/logo\\\/image\\\/\"}}]}<\/script>\n<!-- \/ Yoast SEO plugin. -->","yoast_head_json":{"title":"H\u00e4ufig gestellte Fragen - SES Creative","robots":{"index":"index","follow":"follow","max-snippet":"max-snippet:-1","max-image-preview":"max-image-preview:large","max-video-preview":"max-video-preview:-1"},"canonical":"https:\/\/ses-creative.com\/veelgestelde-vragen\/","og_locale":"de_DE","og_type":"article","og_title":"H\u00e4ufig gestellte Fragen - SES Creative","og_description":"Haben Sie eine Frage oder m\u00f6chten Sie weitere Informationen erhalten? Wir helfen Ihnen gerne weiter. Nachfolgend finden Sie eine Liste der Antworten zu den am h\u00e4ufigsten gestellten Fragen. Wenn Sie die Antwort auf Ihre Frage hier nicht finden oder Sie mehr erfahren m\u00f6chten, kontaktieren Sie uns bitte. F\u00fcr unsere Kontaktdetails klicken Sie bitte hier.","og_url":"https:\/\/ses-creative.com\/veelgestelde-vragen\/","og_site_name":"SES Creative","article_modified_time":"2026-01-06T12:26:34+00:00","twitter_card":"summary_large_image","schema":{"@context":"https:\/\/schema.org","@graph":[{"@type":"WebPage","@id":"https:\/\/ses-creative.com\/veelgestelde-vragen\/","url":"https:\/\/ses-creative.com\/veelgestelde-vragen\/","name":"H\u00e4ufig gestellte Fragen - SES Creative","isPartOf":{"@id":"https:\/\/ses-creative.com\/#website"},"datePublished":"2020-09-03T09:01:39+00:00","dateModified":"2026-01-06T12:26:34+00:00","inLanguage":"de","potentialAction":[{"@type":"ReadAction","target":["https:\/\/ses-creative.com\/veelgestelde-vragen\/"]}]},{"@type":"WebSite","@id":"https:\/\/ses-creative.com\/#website","url":"https:\/\/ses-creative.com\/","name":"SES Creative","description":"","publisher":{"@id":"https:\/\/ses-creative.com\/#organization"},"potentialAction":[{"@type":"SearchAction","target":{"@type":"EntryPoint","urlTemplate":"https:\/\/ses-creative.com\/?s={search_term_string}"},"query-input":{"@type":"PropertyValueSpecification","valueRequired":true,"valueName":"search_term_string"}}],"inLanguage":"de"},{"@type":"Organization","@id":"https:\/\/ses-creative.com\/#organization","name":"SES Creative","url":"https:\/\/ses-creative.com\/","logo":{"@type":"ImageObject","inLanguage":"de","@id":"https:\/\/ses-creative.com\/#\/schema\/logo\/image\/","url":"https:\/\/ses-creative.com\/wp-content\/uploads\/2025\/10\/ses-creative-logo.jpg","contentUrl":"https:\/\/ses-creative.com\/wp-content\/uploads\/2025\/10\/ses-creative-logo.jpg","width":2037,"height":2037,"caption":"SES Creative"},"image":{"@id":"https:\/\/ses-creative.com\/#\/schema\/logo\/image\/"}}]}},"_links":{"self":[{"href":"https:\/\/ses-creative.com\/de\/wp-json\/wp\/v2\/pages\/28407","targetHints":{"allow":["GET"]}}],"collection":[{"href":"https:\/\/ses-creative.com\/de\/wp-json\/wp\/v2\/pages"}],"about":[{"href":"https:\/\/ses-creative.com\/de\/wp-json\/wp\/v2\/types\/page"}],"author":[{"embeddable":true,"href":"https:\/\/ses-creative.com\/de\/wp-json\/wp\/v2\/users\/3"}],"replies":[{"embeddable":true,"href":"https:\/\/ses-creative.com\/de\/wp-json\/wp\/v2\/comments?post=28407"}],"version-history":[{"count":1,"href":"https:\/\/ses-creative.com\/de\/wp-json\/wp\/v2\/pages\/28407\/revisions"}],"predecessor-version":[{"id":82822,"href":"https:\/\/ses-creative.com\/de\/wp-json\/wp\/v2\/pages\/28407\/revisions\/82822"}],"wp:attachment":[{"href":"https:\/\/ses-creative.com\/de\/wp-json\/wp\/v2\/media?parent=28407"}],"curies":[{"name":"wp","href":"https:\/\/api.w.org\/{rel}","templated":true}]}}