











{"id":106785,"date":"2025-10-28T08:58:39","date_gmt":"2025-10-28T08:58:39","guid":{"rendered":"https:\/\/ses-creative.com\/kontakt-2\/"},"modified":"2026-02-06T13:56:08","modified_gmt":"2026-02-06T13:56:08","slug":"kontakt","status":"publish","type":"page","link":"https:\/\/ses-creative.com\/de\/kontakt\/","title":{"rendered":"Kontakt"},"content":{"rendered":"\t\t<div data-elementor-type=\"wp-page\" data-elementor-id=\"106785\" class=\"elementor elementor-106785 elementor-59\" data-elementor-post-type=\"page\">\n\t\t\t\t<div class=\"elementor-element elementor-element-4a7619f e-flex e-con-boxed e-con e-parent\" data-id=\"4a7619f\" data-element_type=\"container\" data-e-type=\"container\">\n\t\t\t\t\t<div class=\"e-con-inner\">\n\t\t<div class=\"elementor-element elementor-element-d5e8283 e-con-full e-flex e-con e-child\" data-id=\"d5e8283\" data-element_type=\"container\" data-e-type=\"container\">\n\t\t\t\t<div class=\"elementor-element elementor-element-820c053 elementor-widget elementor-widget-heading\" data-id=\"820c053\" data-element_type=\"widget\" data-e-type=\"widget\" data-widget_type=\"heading.default\">\n\t\t\t\t\t<h1 class=\"elementor-heading-title elementor-size-default\">Kontakt aufnehmen<\/h1>\t\t\t\t<\/div>\n\t\t\t\t<div class=\"elementor-element elementor-element-4e45f68 elementor-widget elementor-widget-text-editor\" data-id=\"4e45f68\" data-element_type=\"widget\" data-e-type=\"widget\" data-widget_type=\"text-editor.default\">\n\t\t\t\t\t\t\t\t\t<p>Haben Sie eine Frage, eine Beschwerde oder suchen Sie eine bestimmte Information? Wir helfen Ihnen gerne weiter. <\/p><p> <\/p><p>Auf der Seite <span style=\"color: #009848;\"><strong>h\u00e4ufig gestellten Fragen<\/strong><\/span> finden Sie vielleicht die Antwort, nach der Sie suchen. Wenn die Antwort auf Ihre Frage nicht aufgef\u00fchrt ist oder Sie mehr wissen m\u00f6chten, kontaktieren Sie uns bitte. <\/p><p> <\/p><p>Manchmal sind wir ein bisschen mehr besch\u00e4ftigt als sonst und brauchen etwas l\u00e4nger, um Anrufe und E-Mails zu beantworten.<\/p>\t\t\t\t\t\t\t\t<\/div>\n\t\t<div class=\"elementor-element elementor-element-6e59e81 e-con-full e-flex e-con e-child\" data-id=\"6e59e81\" data-element_type=\"container\" data-e-type=\"container\">\n\t\t\t\t<div class=\"elementor-element elementor-element-62aefc7 elementor-widget elementor-widget-text-editor\" data-id=\"62aefc7\" data-element_type=\"widget\" data-e-type=\"widget\" data-widget_type=\"text-editor.default\">\n\t\t\t\t\t\t\t\t\t<p><strong>SES Creative<\/strong><br>Marssteden 46<br>7547 TC Enschede<br>Die Niederlande<\/p>\t\t\t\t\t\t\t\t<\/div>\n\t\t\t\t<div class=\"elementor-element elementor-element-d018b3d elementor-icon-list--layout-traditional elementor-list-item-link-full_width elementor-widget elementor-widget-icon-list\" data-id=\"d018b3d\" data-element_type=\"widget\" data-e-type=\"widget\" data-widget_type=\"icon-list.default\">\n\t\t\t\t\t\t\t<ul class=\"elementor-icon-list-items\">\n\t\t\t\t\t\t\t<li class=\"elementor-icon-list-item\">\n\t\t\t\t\t\t\t\t\t\t\t<span class=\"elementor-icon-list-icon\">\n\t\t\t\t\t\t\t<svg xmlns=\"http:\/\/www.w3.org\/2000\/svg\" width=\"20\" height=\"16\" viewBox=\"0 0 20 16\" fill=\"none\"><path d=\"M2 16C1.45 16 0.979333 15.8043 0.588 15.413C0.196667 15.0217 0.000666667 14.5507 0 14V2C0 1.45 0.196 0.979333 0.588 0.588C0.98 0.196666 1.45067 0.000666667 2 0H18C18.55 0 19.021 0.196 19.413 0.588C19.805 0.98 20.0007 1.45067 20 2V14C20 14.55 19.8043 15.021 19.413 15.413C19.0217 15.805 18.5507 16.0007 18 16H2ZM18 4L10.525 8.675C10.4417 8.725 10.3543 8.76267 10.263 8.788C10.1717 8.81333 10.084 8.82567 10 8.825C9.916 8.82433 9.82867 8.812 9.738 8.788C9.64733 8.764 9.55967 8.72633 9.475 8.675L2 4V14H18V4ZM10 7L18 2H2L10 7ZM2 4.25V2.775V2.8V2.788V4.25Z\" fill=\"#009848\"><\/path><\/svg>\t\t\t\t\t\t<\/span>\n\t\t\t\t\t\t\t\t\t\t<span class=\"elementor-icon-list-text\">info@ses.nl<\/span>\n\t\t\t\t\t\t\t\t\t<\/li>\n\t\t\t\t\t\t\t\t<li class=\"elementor-icon-list-item\">\n\t\t\t\t\t\t\t\t\t\t\t<span class=\"elementor-icon-list-icon\">\n\t\t\t\t\t\t\t<svg xmlns=\"http:\/\/www.w3.org\/2000\/svg\" width=\"23\" height=\"22\" viewBox=\"0 0 23 22\" fill=\"none\"><path fill-rule=\"evenodd\" clip-rule=\"evenodd\" d=\"M2.92845 0.943362C4.36376 -0.49553 6.72725 -0.239859 7.92904 1.37979L9.41742 3.38234C10.3963 4.69994 10.309 6.54077 9.14734 7.70497L8.86665 7.98799C8.83482 8.1068 8.83159 8.23155 8.85722 8.35187C8.93152 8.83705 9.33369 9.86449 11.0178 11.5531C12.702 13.2417 13.7281 13.646 14.2163 13.7222C14.3394 13.7471 14.4664 13.7434 14.5878 13.7114L15.069 13.2286C16.1022 12.1941 17.6873 12.0002 18.9657 12.7007L21.2184 13.9374C23.149 14.9934 23.6361 17.6381 22.0557 19.2232L20.3798 20.9023C19.8514 21.4315 19.1415 21.8727 18.2758 21.9548C16.1411 22.1557 11.1676 21.8989 5.93942 16.6582C1.0603 11.766 0.123867 7.49924 0.00474939 5.39679C-0.0542199 4.33368 0.443481 3.43467 1.07799 2.79965L2.92845 0.943362ZM6.51378 2.44885C5.91583 1.64378 4.80249 1.57957 4.17506 2.20864L2.32342 4.06374C1.93422 4.45378 1.74788 4.88426 1.77147 5.29571C1.86582 6.96649 2.62063 10.8158 7.18721 15.3941C11.9779 20.196 16.4017 20.3399 18.1119 20.1781C18.461 20.146 18.8077 19.9629 19.132 19.6383L20.8067 17.958C21.4884 17.2754 21.3386 16.0315 20.3739 15.5035L18.1213 14.268C17.4986 13.9279 16.7697 14.0397 16.3168 14.4939L15.7802 15.0326L15.1551 14.4C15.7802 15.0326 15.779 15.0338 15.7778 15.0338L15.7767 15.0362L15.7731 15.0398L15.7649 15.0469L15.7472 15.0635C15.6974 15.1101 15.6438 15.1523 15.5868 15.1896C15.4924 15.2526 15.3674 15.3228 15.2106 15.381C14.8921 15.5011 14.4699 15.5654 13.9486 15.4845C12.9261 15.3263 11.571 14.6235 9.77006 12.8184C7.97032 11.0132 7.2674 9.6552 7.10937 8.62538C7.02799 8.09977 7.09286 7.67405 7.21315 7.35297C7.27936 7.1723 7.37415 7.00363 7.49385 6.85352L7.53159 6.8119L7.5481 6.79406L7.55517 6.78693L7.55871 6.78336L7.56107 6.78098L7.90073 6.44088C8.40551 5.93311 8.47627 5.09237 8.00098 4.45141L6.51378 2.44885Z\" fill=\"#009848\"><\/path><\/svg>\t\t\t\t\t\t<\/span>\n\t\t\t\t\t\t\t\t\t\t<span class=\"elementor-icon-list-text\">+31(0)53 - 428 96 66<\/span>\n\t\t\t\t\t\t\t\t\t<\/li>\n\t\t\t\t\t\t<\/ul>\n\t\t\t\t\t\t<\/div>\n\t\t\t\t<\/div>\n\t\t\t\t<div class=\"elementor-element elementor-element-5ca5a31 elementor-hidden-mobile elementor-widget elementor-widget-image\" data-id=\"5ca5a31\" data-element_type=\"widget\" data-e-type=\"widget\" data-widget_type=\"image.default\">\n\t\t\t\t\t\t\t\t\t\t\t\t\t\t\t<img decoding=\"async\" width=\"132\" height=\"141\" src=\"https:\/\/ses-creative.com\/wp-content\/uploads\/2025\/10\/blauwe-ster.png\" class=\"attachment-full size-full wp-image-85991\" alt=\"\" \/>\t\t\t\t\t\t\t\t\t\t\t\t\t\t\t<\/div>\n\t\t\t\t<\/div>\n\t\t<div class=\"elementor-element elementor-element-1f5c750 e-con-full border e-flex e-con e-child\" data-id=\"1f5c750\" data-element_type=\"container\" data-e-type=\"container\" data-settings=\"{&quot;background_background&quot;:&quot;classic&quot;}\">\n\t\t\t\t<div class=\"elementor-element elementor-element-3c97447 elementor-button-align-end elementor-mobile-button-align-stretch form elementor-widget elementor-widget-form\" data-id=\"3c97447\" data-element_type=\"widget\" data-e-type=\"widget\" data-settings=\"{&quot;step_next_label&quot;:&quot;N\\u00e4chste&quot;,&quot;step_previous_label&quot;:&quot;Vorherige&quot;,&quot;button_width&quot;:&quot;100&quot;,&quot;step_type&quot;:&quot;number_text&quot;,&quot;step_icon_shape&quot;:&quot;circle&quot;}\" data-widget_type=\"form.default\">\n\t\t\t\t\t<div class=\"dce-conditions-js-error-notice elementor-message elementor-message-danger\" style=\"display: none;\">A problem was detected in the following Form. Submitting it could result in errors. Please contact the site administrator.<\/div>\t\t\t<script>\n\t\t\tsetTimeout(function() {\n\t\t\t\tlet el = document.querySelector(\".dce-conditions-js-error-notice\");\n\t\t\t\tif (el)\n\t\t\t\t\tel.style.display = \"block\";\n\t\t\t}, 6000);\n\t\t\t<\/script>\t\t<form class=\"elementor-form\" method=\"post\" name=\"Kontakt-Formular\" aria-label=\"Kontakt-Formular\">\n\t\t\t<input type=\"hidden\" name=\"post_id\" value=\"106785\"\/>\n\t\t\t<input type=\"hidden\" name=\"form_id\" value=\"3c97447\"\/>\n\t\t\t<input type=\"hidden\" name=\"referer_title\" value=\"SES Creative\" \/>\n\n\t\t\t\n\t\t\t<div data-field-conditions=\"[{&quot;id&quot;:&quot;vraagparticulier&quot;,&quot;condition&quot;:&quot;(field_03d797e == \\&quot;Privat\\&quot;)&quot;,&quot;mode&quot;:&quot;show&quot;,&quot;disableOnly&quot;:false},{&quot;id&quot;:&quot;vraagzakelijk&quot;,&quot;condition&quot;:&quot;(field_03d797e == \\&quot;Gesch\\u00e4ftlich\\&quot;)&quot;,&quot;mode&quot;:&quot;show&quot;,&quot;disableOnly&quot;:false},{&quot;id&quot;:&quot;field_9fbc6c8&quot;,&quot;condition&quot;:&quot;(field_03d797e == \\&quot;Privat\\&quot;)&quot;,&quot;mode&quot;:&quot;show&quot;,&quot;disableOnly&quot;:false}]\" data-field-ids=\"[&quot;field_03d797e&quot;,&quot;name&quot;,&quot;lastname&quot;,&quot;email&quot;,&quot;vraagparticulier&quot;,&quot;vraagzakelijk&quot;,&quot;field_a27131b&quot;,&quot;field_9fbc6c8&quot;,&quot;field_5023ac1&quot;]\" class=\"elementor-form-fields-wrapper elementor-labels-above\">\n\t\t\t\t\t\t\t\t<div class=\"elementor-field-type-radio elementor-field-group elementor-column elementor-field-group-field_03d797e elementor-col-100 elementor-field-required\">\n\t\t\t\t\t\t\t\t\t\t\t\t<label for=\"form-field-field_03d797e\" class=\"elementor-field-label\">\n\t\t\t\t\t\t\t\tIst Ihre Frage privat oder gesch\u00e4ftlich?\t\t\t\t\t\t\t<\/label>\n\t\t\t\t\t\t<div class=\"elementor-field-subgroup  elementor-subgroup-inline\"><span class=\"elementor-field-option\"><input type=\"radio\" value=\"Privat\" id=\"form-field-field_03d797e-0\" name=\"form_fields[field_03d797e]\" required=\"required\"> <label for=\"form-field-field_03d797e-0\">Privat<\/label><\/span><span class=\"elementor-field-option\"><input type=\"radio\" value=\"Gesch\u00e4ftlich\" id=\"form-field-field_03d797e-1\" name=\"form_fields[field_03d797e]\" required=\"required\"> <label for=\"form-field-field_03d797e-1\">Gesch\u00e4ftlich<\/label><\/span><\/div>\t\t\t\t<\/div>\n\t\t\t\t\t\t\t\t<div class=\"elementor-field-type-text elementor-field-group elementor-column elementor-field-group-name elementor-col-50 elementor-field-required\">\n\t\t\t\t\t\t\t\t\t\t\t\t<label for=\"form-field-name\" class=\"elementor-field-label\">\n\t\t\t\t\t\t\t\tVorname\t\t\t\t\t\t\t<\/label>\n\t\t\t\t\t\t\t\t\t\t\t\t\t\t<input size=\"1\" type=\"text\" name=\"form_fields[name]\" id=\"form-field-name\" class=\"elementor-field elementor-size-sm  elementor-field-textual\" placeholder=\"Jan\" required=\"required\">\n\t\t\t\t\t\t\t\t\t\t\t<\/div>\n\t\t\t\t\t\t\t\t<div class=\"elementor-field-type-text elementor-field-group elementor-column elementor-field-group-lastname elementor-col-50 elementor-field-required\">\n\t\t\t\t\t\t\t\t\t\t\t\t<label for=\"form-field-lastname\" class=\"elementor-field-label\">\n\t\t\t\t\t\t\t\tNachname\t\t\t\t\t\t\t<\/label>\n\t\t\t\t\t\t\t\t\t\t\t\t\t\t<input size=\"1\" type=\"text\" name=\"form_fields[lastname]\" id=\"form-field-lastname\" class=\"elementor-field elementor-size-sm  elementor-field-textual\" placeholder=\"Janssen\" required=\"required\">\n\t\t\t\t\t\t\t\t\t\t\t<\/div>\n\t\t\t\t\t\t\t\t<div class=\"elementor-field-type-email elementor-field-group elementor-column elementor-field-group-email elementor-col-100\">\n\t\t\t\t\t\t\t\t\t\t\t\t<label for=\"form-field-email\" class=\"elementor-field-label\">\n\t\t\t\t\t\t\t\tEmailadres\t\t\t\t\t\t\t<\/label>\n\t\t\t\t\t\t\t\t\t\t\t\t\t\t<input size=\"1\" type=\"email\" name=\"form_fields[email]\" id=\"form-field-email\" class=\"elementor-field elementor-size-sm  elementor-field-textual\" placeholder=\"Jan@janssen.nl\">\n\t\t\t\t\t\t\t\t\t\t\t<\/div>\n\t\t\t\t\t\t\t\t<div class=\"elementor-field-type-select elementor-field-group elementor-column elementor-field-group-vraagparticulier elementor-col-100 elementor-field-required\">\n\t\t\t\t\t\t\t\t\t\t\t\t<label for=\"form-field-vraagparticulier\" class=\"elementor-field-label\">\n\t\t\t\t\t\t\t\tWorum geht es in Ihrer Frage?\t\t\t\t\t\t\t<\/label>\n\t\t\t\t\t\t\t\t<div class=\"elementor-field elementor-select-wrapper remove-before \">\n\t\t\t<div class=\"select-caret-down-wrapper\">\n\t\t\t\t<svg aria-hidden=\"true\" class=\"e-font-icon-svg e-eicon-caret-down\" viewBox=\"0 0 571.4 571.4\" xmlns=\"http:\/\/www.w3.org\/2000\/svg\"><path d=\"M571 393Q571 407 561 418L311 668Q300 679 286 679T261 668L11 418Q0 407 0 393T11 368 36 357H536Q550 357 561 368T571 393Z\"><\/path><\/svg>\t\t\t<\/div>\n\t\t\t<select name=\"form_fields[vraagparticulier]\" id=\"form-field-vraagparticulier\" class=\"elementor-field-textual elementor-size-sm\" required=\"required\">\n\t\t\t\t\t\t\t\t\t<option value=\"customerservice@ses.nl \">Frage oder Beschwerde<\/option>\n\t\t\t\t\t\t\t\t\t<option value=\"vacatures@ses.nl\">Stellenangebote<\/option>\n\t\t\t\t\t\t\t\t\t<option value=\"info@ses.nl\">Sonstiges<\/option>\n\t\t\t\t\t\t\t<\/select>\n\t\t<\/div>\n\t\t\t\t\t\t<\/div>\n\t\t\t\t\t\t\t\t<div class=\"elementor-field-type-select elementor-field-group elementor-column elementor-field-group-vraagzakelijk elementor-col-100 elementor-field-required\">\n\t\t\t\t\t\t\t\t\t\t\t\t<label for=\"form-field-vraagzakelijk\" class=\"elementor-field-label\">\n\t\t\t\t\t\t\t\tWorum geht es in Ihrer Frage?\t\t\t\t\t\t\t<\/label>\n\t\t\t\t\t\t\t\t<div class=\"elementor-field elementor-select-wrapper remove-before \">\n\t\t\t<div class=\"select-caret-down-wrapper\">\n\t\t\t\t<svg aria-hidden=\"true\" class=\"e-font-icon-svg e-eicon-caret-down\" viewBox=\"0 0 571.4 571.4\" xmlns=\"http:\/\/www.w3.org\/2000\/svg\"><path d=\"M571 393Q571 407 561 418L311 668Q300 679 286 679T261 668L11 418Q0 407 0 393T11 368 36 357H536Q550 357 561 368T571 393Z\"><\/path><\/svg>\t\t\t<\/div>\n\t\t\t<select name=\"form_fields[vraagzakelijk]\" id=\"form-field-vraagzakelijk\" class=\"elementor-field-textual elementor-size-sm\" required=\"required\">\n\t\t\t\t\t\t\t\t\t<option value=\"salessupport@ses.nl\">Kunde werden<\/option>\n\t\t\t\t\t\t\t\t\t<option value=\"finance@ses.nl\">Rechnungsstellung<\/option>\n\t\t\t\t\t\t\t\t\t<option value=\"info@ses.nl\">Sonstiges<\/option>\n\t\t\t\t\t\t\t<\/select>\n\t\t<\/div>\n\t\t\t\t\t\t<\/div>\n\t\t\t\t\t\t\t\t<div class=\"elementor-field-type-textarea elementor-field-group elementor-column elementor-field-group-field_a27131b elementor-col-100 elementor-field-required\">\n\t\t\t\t\t\t\t\t\t\t\t\t<label for=\"form-field-field_a27131b\" class=\"elementor-field-label\">\n\t\t\t\t\t\t\t\tIhre Nachricht oder Frage\t\t\t\t\t\t\t<\/label>\n\t\t\t\t\t\t<textarea class=\"elementor-field-textual elementor-field  elementor-size-sm\" name=\"form_fields[field_a27131b]\" id=\"form-field-field_a27131b\" rows=\"4\" placeholder=\"Geben Sie Ihre Nachricht oder Frage hier ein\" required=\"required\"><\/textarea>\t\t\t\t<\/div>\n\t\t\t\t\t\t\t\t<div class=\"elementor-field-type-upload elementor-field-group elementor-column elementor-field-group-field_9fbc6c8 elementor-col-100\">\n\t\t\t\t\t\t\t\t\t\t\t\t<label for=\"form-field-field_9fbc6c8\" class=\"elementor-field-label\">\n\t\t\t\t\t\t\t\tDatei hinzuf\u00fcgen\t\t\t\t\t\t\t<\/label>\n\t\t\t\t\t\t\t\t<input type=\"file\" name=\"form_fields[field_9fbc6c8][]\" id=\"form-field-field_9fbc6c8\" class=\"elementor-field elementor-size-sm  elementor-upload-field\" multiple=\"multiple\" data-maxsize=\"10\" data-maxsize-message=\"Diese Datei \u00fcbersteigt die maximale Dateigr\u00f6\u00dfe.\">\n\n\t\t\t\t\t\t<\/div>\n\t\t\t\t\t\t\t\t<div class=\"elementor-field-type-recaptcha_v3 elementor-field-group elementor-column elementor-field-group-field_5023ac1 elementor-col-100 recaptcha_v3-bottomright\">\n\t\t\t\t\t<div class=\"elementor-field\" id=\"form-field-field_5023ac1\"><div class=\"elementor-g-recaptcha\" data-sitekey=\"6LeWCUUsAAAAABiBoaGJ-fiSK4bdkzAJA_LxmhXB\" data-type=\"v3\" data-action=\"Form\" data-badge=\"bottomright\" data-size=\"invisible\"><\/div><\/div>\t\t\t\t<\/div>\n\t\t\t\t\t\t\t\t<div class=\"elementor-field-group elementor-column elementor-field-type-submit elementor-col-100 e-form__buttons\">\n\t\t\t\t\t<button class=\"elementor-button elementor-size-sm\" type=\"submit\">\n\t\t\t\t\t\t<span class=\"elementor-button-content-wrapper\">\n\t\t\t\t\t\t\t\t\t\t\t\t\t\t\t<span class=\"elementor-button-icon\">\n\t\t\t\t\t\t\t\t\t<svg xmlns=\"http:\/\/www.w3.org\/2000\/svg\" width=\"18\" height=\"14\" viewBox=\"0 0 18 14\"><path d=\"M17.3644 7.37629C17.5519 7.18876 17.6572 6.93445 17.6572 6.66929C17.6572 6.40412 17.5519 6.14982 17.3644 5.96229L11.7074 0.305288C11.6152 0.209778 11.5048 0.133596 11.3828 0.0811866C11.2608 0.0287776 11.1296 0.00119129 10.9968 3.74652e-05C10.8641 -0.00111636 10.7324 0.0241856 10.6095 0.0744665C10.4866 0.124747 10.3749 0.199 10.281 0.292893C10.1872 0.386786 10.1129 0.498437 10.0626 0.621334C10.0123 0.74423 9.98704 0.87591 9.98819 1.00869C9.98934 1.14147 10.0169 1.27269 10.0693 1.39469C10.1217 1.5167 10.1979 1.62704 10.2934 1.71929L14.2434 5.66929L1.00044 5.66929C0.735224 5.66929 0.480869 5.77464 0.293333 5.96218C0.105797 6.14972 0.000440318 6.40407 0.000440306 6.66929C0.000440294 6.9345 0.105796 7.18886 0.293333 7.37639C0.480869 7.56393 0.735223 7.66929 1.00044 7.66929L14.2434 7.66929L10.2934 11.6193C10.1113 11.8079 10.0105 12.0605 10.0128 12.3227C10.015 12.5849 10.1202 12.8357 10.3056 13.0211C10.491 13.2065 10.7418 13.3117 11.004 13.314C11.2662 13.3162 11.5188 13.2154 11.7074 13.0333L17.3644 7.37629Z\"><\/path><\/svg>\t\t\t\t\t\t\t\t\t\t\t\t\t\t\t\t\t<\/span>\n\t\t\t\t\t\t\t\t\t\t\t\t\t\t\t\t\t\t\t\t\t\t<span class=\"elementor-button-text\">Nachricht senden<\/span>\n\t\t\t\t\t\t\t\t\t\t\t\t\t<\/span>\n\t\t\t\t\t<\/button>\n\t\t\t\t<\/div>\n\t\t\t<\/div>\n\t\t<\/form>\n\t\t\t\t\t\t<\/div>\n\t\t\t\t<\/div>\n\t\t\t\t\t<\/div>\n\t\t\t\t<\/div>\n\t\t\t\t<\/div>\n\t\t","protected":false},"excerpt":{"rendered":"<p>Kontakt aufnehmen Haben Sie eine Frage, eine Beschwerde oder suchen Sie eine bestimmte Information? Wir helfen Ihnen gerne weiter. Auf der Seite h\u00e4ufig gestellten Fragen finden Sie vielleicht die Antwort, nach der Sie suchen. Wenn die Antwort auf Ihre Frage nicht aufgef\u00fchrt ist oder Sie mehr wissen m\u00f6chten, kontaktieren Sie uns bitte. Manchmal sind wir [&hellip;]<\/p>\n","protected":false},"author":1,"featured_media":0,"parent":0,"menu_order":0,"comment_status":"closed","ping_status":"closed","template":"","meta":{"_acf_changed":false,"footnotes":""},"class_list":["post-106785","page","type-page","status-publish","hentry"],"acf":[],"yoast_head":"<!-- This site is optimized with the Yoast SEO plugin v27.2 - https:\/\/yoast.com\/product\/yoast-seo-wordpress\/ -->\n<title>Kontakt - SES Creative<\/title>\n<meta name=\"robots\" content=\"index, follow, max-snippet:-1, max-image-preview:large, max-video-preview:-1\" \/>\n<link rel=\"canonical\" href=\"https:\/\/ses-creative.com\/de\/kontakt\/\" \/>\n<meta property=\"og:locale\" content=\"de_DE\" \/>\n<meta property=\"og:type\" content=\"article\" \/>\n<meta property=\"og:title\" content=\"Kontakt - SES Creative\" \/>\n<meta property=\"og:description\" content=\"Kontakt aufnehmen Haben Sie eine Frage, eine Beschwerde oder suchen Sie eine bestimmte Information? Wir helfen Ihnen gerne weiter. Auf der Seite h\u00e4ufig gestellten Fragen finden Sie vielleicht die Antwort, nach der Sie suchen. Wenn die Antwort auf Ihre Frage nicht aufgef\u00fchrt ist oder Sie mehr wissen m\u00f6chten, kontaktieren Sie uns bitte. Manchmal sind wir [&hellip;]\" \/>\n<meta property=\"og:url\" content=\"https:\/\/ses-creative.com\/de\/kontakt\/\" \/>\n<meta property=\"og:site_name\" content=\"SES Creative\" \/>\n<meta property=\"article:modified_time\" content=\"2026-02-06T13:56:08+00:00\" \/>\n<meta property=\"og:image\" content=\"https:\/\/ses-creative.com\/wp-content\/uploads\/2025\/10\/blauwe-ster.png\" \/>\n\t<meta property=\"og:image:width\" content=\"132\" \/>\n\t<meta property=\"og:image:height\" content=\"141\" \/>\n\t<meta property=\"og:image:type\" content=\"image\/png\" \/>\n<meta name=\"twitter:card\" content=\"summary_large_image\" \/>\n<meta name=\"twitter:label1\" content=\"Gesch\u00e4tzte Lesezeit\" \/>\n\t<meta name=\"twitter:data1\" content=\"1\u00a0Minute\" \/>\n<script type=\"application\/ld+json\" class=\"yoast-schema-graph\">{\"@context\":\"https:\/\/schema.org\",\"@graph\":[{\"@type\":\"WebPage\",\"@id\":\"https:\/\/ses-creative.com\/de\/kontakt\/\",\"url\":\"https:\/\/ses-creative.com\/de\/kontakt\/\",\"name\":\"Kontakt - SES Creative\",\"isPartOf\":{\"@id\":\"https:\/\/ses-creative.com\/#website\"},\"primaryImageOfPage\":{\"@id\":\"https:\/\/ses-creative.com\/de\/kontakt\/#primaryimage\"},\"image\":{\"@id\":\"https:\/\/ses-creative.com\/de\/kontakt\/#primaryimage\"},\"thumbnailUrl\":\"https:\/\/ses-creative.com\/wp-content\/uploads\/2025\/10\/blauwe-ster.png\",\"datePublished\":\"2025-10-28T08:58:39+00:00\",\"dateModified\":\"2026-02-06T13:56:08+00:00\",\"inLanguage\":\"de\",\"potentialAction\":[{\"@type\":\"ReadAction\",\"target\":[\"https:\/\/ses-creative.com\/de\/kontakt\/\"]}]},{\"@type\":\"ImageObject\",\"inLanguage\":\"de\",\"@id\":\"https:\/\/ses-creative.com\/de\/kontakt\/#primaryimage\",\"url\":\"https:\/\/ses-creative.com\/wp-content\/uploads\/2025\/10\/blauwe-ster.png\",\"contentUrl\":\"https:\/\/ses-creative.com\/wp-content\/uploads\/2025\/10\/blauwe-ster.png\"},{\"@type\":\"WebSite\",\"@id\":\"https:\/\/ses-creative.com\/#website\",\"url\":\"https:\/\/ses-creative.com\/\",\"name\":\"SES Creative\",\"description\":\"\",\"publisher\":{\"@id\":\"https:\/\/ses-creative.com\/#organization\"},\"potentialAction\":[{\"@type\":\"SearchAction\",\"target\":{\"@type\":\"EntryPoint\",\"urlTemplate\":\"https:\/\/ses-creative.com\/?s={search_term_string}\"},\"query-input\":{\"@type\":\"PropertyValueSpecification\",\"valueRequired\":true,\"valueName\":\"search_term_string\"}}],\"inLanguage\":\"de\"},{\"@type\":\"Organization\",\"@id\":\"https:\/\/ses-creative.com\/#organization\",\"name\":\"SES Creative\",\"url\":\"https:\/\/ses-creative.com\/\",\"logo\":{\"@type\":\"ImageObject\",\"inLanguage\":\"de\",\"@id\":\"https:\/\/ses-creative.com\/#\/schema\/logo\/image\/\",\"url\":\"https:\/\/ses-creative.com\/wp-content\/uploads\/2025\/10\/ses-creative-logo.jpg\",\"contentUrl\":\"https:\/\/ses-creative.com\/wp-content\/uploads\/2025\/10\/ses-creative-logo.jpg\",\"width\":2037,\"height\":2037,\"caption\":\"SES Creative\"},\"image\":{\"@id\":\"https:\/\/ses-creative.com\/#\/schema\/logo\/image\/\"}}]}<\/script>\n<!-- \/ Yoast SEO plugin. -->","yoast_head_json":{"title":"Kontakt - SES Creative","robots":{"index":"index","follow":"follow","max-snippet":"max-snippet:-1","max-image-preview":"max-image-preview:large","max-video-preview":"max-video-preview:-1"},"canonical":"https:\/\/ses-creative.com\/de\/kontakt\/","og_locale":"de_DE","og_type":"article","og_title":"Kontakt - SES Creative","og_description":"Kontakt aufnehmen Haben Sie eine Frage, eine Beschwerde oder suchen Sie eine bestimmte Information? Wir helfen Ihnen gerne weiter. Auf der Seite h\u00e4ufig gestellten Fragen finden Sie vielleicht die Antwort, nach der Sie suchen. Wenn die Antwort auf Ihre Frage nicht aufgef\u00fchrt ist oder Sie mehr wissen m\u00f6chten, kontaktieren Sie uns bitte. Manchmal sind wir [&hellip;]","og_url":"https:\/\/ses-creative.com\/de\/kontakt\/","og_site_name":"SES Creative","article_modified_time":"2026-02-06T13:56:08+00:00","og_image":[{"width":132,"height":141,"url":"https:\/\/ses-creative.com\/wp-content\/uploads\/2025\/10\/blauwe-ster.png","type":"image\/png"}],"twitter_card":"summary_large_image","twitter_misc":{"Gesch\u00e4tzte Lesezeit":"1\u00a0Minute"},"schema":{"@context":"https:\/\/schema.org","@graph":[{"@type":"WebPage","@id":"https:\/\/ses-creative.com\/de\/kontakt\/","url":"https:\/\/ses-creative.com\/de\/kontakt\/","name":"Kontakt - SES Creative","isPartOf":{"@id":"https:\/\/ses-creative.com\/#website"},"primaryImageOfPage":{"@id":"https:\/\/ses-creative.com\/de\/kontakt\/#primaryimage"},"image":{"@id":"https:\/\/ses-creative.com\/de\/kontakt\/#primaryimage"},"thumbnailUrl":"https:\/\/ses-creative.com\/wp-content\/uploads\/2025\/10\/blauwe-ster.png","datePublished":"2025-10-28T08:58:39+00:00","dateModified":"2026-02-06T13:56:08+00:00","inLanguage":"de","potentialAction":[{"@type":"ReadAction","target":["https:\/\/ses-creative.com\/de\/kontakt\/"]}]},{"@type":"ImageObject","inLanguage":"de","@id":"https:\/\/ses-creative.com\/de\/kontakt\/#primaryimage","url":"https:\/\/ses-creative.com\/wp-content\/uploads\/2025\/10\/blauwe-ster.png","contentUrl":"https:\/\/ses-creative.com\/wp-content\/uploads\/2025\/10\/blauwe-ster.png"},{"@type":"WebSite","@id":"https:\/\/ses-creative.com\/#website","url":"https:\/\/ses-creative.com\/","name":"SES Creative","description":"","publisher":{"@id":"https:\/\/ses-creative.com\/#organization"},"potentialAction":[{"@type":"SearchAction","target":{"@type":"EntryPoint","urlTemplate":"https:\/\/ses-creative.com\/?s={search_term_string}"},"query-input":{"@type":"PropertyValueSpecification","valueRequired":true,"valueName":"search_term_string"}}],"inLanguage":"de"},{"@type":"Organization","@id":"https:\/\/ses-creative.com\/#organization","name":"SES Creative","url":"https:\/\/ses-creative.com\/","logo":{"@type":"ImageObject","inLanguage":"de","@id":"https:\/\/ses-creative.com\/#\/schema\/logo\/image\/","url":"https:\/\/ses-creative.com\/wp-content\/uploads\/2025\/10\/ses-creative-logo.jpg","contentUrl":"https:\/\/ses-creative.com\/wp-content\/uploads\/2025\/10\/ses-creative-logo.jpg","width":2037,"height":2037,"caption":"SES Creative"},"image":{"@id":"https:\/\/ses-creative.com\/#\/schema\/logo\/image\/"}}]}},"_links":{"self":[{"href":"https:\/\/ses-creative.com\/de\/wp-json\/wp\/v2\/pages\/106785","targetHints":{"allow":["GET"]}}],"collection":[{"href":"https:\/\/ses-creative.com\/de\/wp-json\/wp\/v2\/pages"}],"about":[{"href":"https:\/\/ses-creative.com\/de\/wp-json\/wp\/v2\/types\/page"}],"author":[{"embeddable":true,"href":"https:\/\/ses-creative.com\/de\/wp-json\/wp\/v2\/users\/1"}],"replies":[{"embeddable":true,"href":"https:\/\/ses-creative.com\/de\/wp-json\/wp\/v2\/comments?post=106785"}],"version-history":[{"count":13,"href":"https:\/\/ses-creative.com\/de\/wp-json\/wp\/v2\/pages\/106785\/revisions"}],"predecessor-version":[{"id":114229,"href":"https:\/\/ses-creative.com\/de\/wp-json\/wp\/v2\/pages\/106785\/revisions\/114229"}],"wp:attachment":[{"href":"https:\/\/ses-creative.com\/de\/wp-json\/wp\/v2\/media?parent=106785"}],"curies":[{"name":"wp","href":"https:\/\/api.w.org\/{rel}","templated":true}]}}